{"id":12142,"date":"2021-11-23T15:04:09","date_gmt":"2021-11-23T13:04:09","guid":{"rendered":"https:\/\/www.skaala.com\/?page_id=12142"},"modified":"2024-10-31T12:21:27","modified_gmt":"2024-10-31T10:21:27","slug":"skaala-warranty","status":"publish","type":"page","link":"https:\/\/www.skaala.com\/en\/about-us\/skaala-warranty\/","title":{"rendered":"Skaala warranty"},"content":{"rendered":"\n\t<header class=\"featured-hero has-dark-gray-background-color\" role=\"banner\">\n\t\t\t<h1>Skaala warranty<\/h1>\n\t<\/header>\n\t\n\n\n<div class=\"wp-block-custom-content-area custom-wrapper alignleft has-light-blue-background-color\"><div class=\"outer-wrap\">\t\n\t<div id=\"heading-block-block_9173be028cdc47756d31772af18bd764\" class=\"heading-block\">\n\t\t<h2 ><span>WARRANTY FOR THE SKAALA PRODUCTS <\/span><\/h2>\t<\/div>\n\n\n\n<div id=\"text-block-block_62eb0cc78ec122f1c18524e815faed28\" class=\"text-block\">\n\t\t\t<p>The warranty period begins when the product is delivered to the customer. If the product is replaced by a new part the warranty contains:<\/p>\n<p>A. delivery of the new part in a product purchase<br \/>\nB. delivery and installation of the new part in an installation agreement<\/p>\n<p><strong>10-YEAR WARRANTY<\/strong><br \/>\nSkaala grants a 10-year warranty for functionality of the products. The warranty is valid only if products have been installed and maintained according to the instructions and have not been damaged by water or the sun *<br \/>\nSkaala grants a 10-year warranty for that its doors resist warping. The door does not warp permanently more than 5 mm. The warranty is valid only if products have been installed and maintained according to the instructions and have not been damaged by water or the sun.<\/p>\n<p><strong>5-YEAR WARRANTY<\/strong><br \/>\nAll insulating glass units in Skaala products come with a 5-year seal warranty.<br \/>\n<strong>Note! The warranty does not cover breakage due to thermal shock.<\/strong> The use of dark blinds or other dark shading devices in close proximity to the insulating glass units increases the risk of thermal shock caused by a significant rise in temperature. Thermal shock can break the glass unit. Read more about thermal shock\u00a0<a title=\"here.\" href=\"https:\/\/www.skaala.com\/en\/ukk\/#faq-22847\">here.<\/a><\/p>\n<pre id=\"tw-target-text\" class=\"tw-data-text tw-text-large tw-ta\" dir=\"ltr\" data-placeholder=\"K\u00e4\u00e4nn\u00f6s\" data-ved=\"2ahUKEwj5wPXlsbiJAxXfCBAIHRnnJ1MQ3ewLegQICRAU\" aria-label=\"K\u00e4\u00e4nnetty teksti: Read more about thermal shock here.\"><\/pre>\n<p><strong>2-YEAR WARRANTY<\/strong><br \/>\nSkaala grants a 2-year warranty for the construction of the windows and doors and their installation carried out by Skaala.. The warranty applies to the constructions of the doors and windows, the materials and additional equipment listed in the order confirmation. If the installation is not done by Skaala IFN Oy, the installation warranty is granted by the company responsible for the installation.<\/p>\n<p>The warranty is valid only if the products have been installed and maintained according to the instructions and have not been damaged by water or the sun. Any modifications made to the construction of the products without Skaala\u2019s approval in writing are forbidden and make the warranty invalid.<\/p>\n<p>&nbsp;<\/p>\n<p><strong>WARRANTIES \/ EXTRACT<\/strong><br \/>\nThe full wording of our warranty conditions, the exact preconditions for the application of the warranty, and what you should do in the event of a claim, can all be found in the Skaala&#8217;s Owners Manual. You will receive this booklet when your Skaala products are delivered.<\/p>\n<p><a href=\"https:\/\/www.skaala.com\/wp-content\/uploads\/2022\/07\/Skaala-Owners-Manual-EN-06-22.pdf\" target=\"_blank\" rel=\"noopener\">&gt;&gt; Upload Owners Manual here &lt;&lt;<\/a><\/p>\n<p>*The warranty only applies if the products have been installed and maintained in accordance with the specified instructions and have not been damaged by water or sun. The effect of water\u00a0 means that the building does not have a proper foundation, or roofing outside to prevent rainwater from spilling onto the surface of the door, or inside (e.g. in bathrooms) it is not prevented that the door is exposed to higher humidity than normal. With regard to the effect of the sun, the warranty is not valid if the maintenance of the door has not been carried out in accordance with Skaala&#8217;s instructions.<\/p>\n\t<\/div>\n\n<\/div><\/div>\n\n\n<div class=\"featured-items-block block\">\n\t<div class=\"featured-item\">\n\t\t<div class=\"content-half has-dark-gray-background-color\">\n\t\t\t<div class=\"featured-item--content grid-item\">\n\t\t\t\t\t\t<a class=\"button button-large\" href=\"https:\/\/www.skaala.com\/en\/send-feedback\/\">Send feedback<\/a>\n\t\t\t\t\t\t<\/div>\n\t\t<\/div>\n\t\t\t\t<div class=\"featured-item--image grid-item\"\n\t\t\t\t\tdata-interchange=\"\n\t\t\t\t\t[https:\/\/www.skaala.com\/wp-content\/uploads\/2023\/08\/TEKauto0008-1024x683.jpg, small], \n\t\t\t\t\t[https:\/\/www.skaala.com\/wp-content\/uploads\/2023\/08\/TEKauto0008-1024x683.jpg, medium], \n\t\t\t\t\t[https:\/\/www.skaala.com\/wp-content\/uploads\/2023\/08\/TEKauto0008-1200x800.jpg, large], \n\t\t\t\t\t[https:\/\/www.skaala.com\/wp-content\/uploads\/2023\/08\/TEKauto0008-1536x1024.jpg, xlarge]\"\n\t\t\t\t\t>\n\t\t<\/div>\n\t\t\t<\/div>\n\t\t<div class=\"featured-item\">\n\t\t<div class=\"content-half has-dark-gray-background-color\">\n\t\t\t<div class=\"featured-item--content grid-item\">\n\t\t\t\t\t\t<a class=\"button button-large\" href=\"https:\/\/www.skaala.com\/en\/doors\/door-maintenance\/\">Door maintenance<\/a>\n\t\t\t\t\t\t<\/div>\n\t\t<\/div>\n\t\t\t\t<div class=\"featured-item--image grid-item\"\n\t\t\t\t\tdata-interchange=\"\n\t\t\t\t\t[https:\/\/www.skaala.com\/wp-content\/uploads\/2020\/05\/Skaalan-asennuspavelu-rajattu-1024x1180.jpg, small], \n\t\t\t\t\t[https:\/\/www.skaala.com\/wp-content\/uploads\/2020\/05\/Skaalan-asennuspavelu-rajattu-1024x1180.jpg, medium], \n\t\t\t\t\t[https:\/\/www.skaala.com\/wp-content\/uploads\/2020\/05\/Skaalan-asennuspavelu-rajattu-1200x1383.jpg, large], \n\t\t\t\t\t[https:\/\/www.skaala.com\/wp-content\/uploads\/2020\/05\/Skaalan-asennuspavelu-rajattu-1333x1536.jpg, xlarge]\"\n\t\t\t\t\t>\n\t\t<\/div>\n\t\t\t<\/div>\n\t\t<div class=\"featured-item\">\n\t\t<div class=\"content-half has-dark-gray-background-color\">\n\t\t\t<div class=\"featured-item--content grid-item\">\n\t\t\t\t\t\t<a class=\"button button-large\" href=\"https:\/\/www.skaala.com\/en\/doors\/sliding-doors\/maintenance-of-glass-sliding-doors\/\">Maintenance of glass sliding doors<\/a>\n\t\t\t\t\t\t<\/div>\n\t\t<\/div>\n\t\t\t\t<div class=\"featured-item--image grid-item\"\n\t\t\t\t\tdata-interchange=\"\n\t\t\t\t\t[https:\/\/www.skaala.com\/wp-content\/uploads\/2023\/05\/skaalaauto08-1024x683.jpg, small], \n\t\t\t\t\t[https:\/\/www.skaala.com\/wp-content\/uploads\/2023\/05\/skaalaauto08-1024x683.jpg, medium], \n\t\t\t\t\t[https:\/\/www.skaala.com\/wp-content\/uploads\/2023\/05\/skaalaauto08-1200x800.jpg, large], \n\t\t\t\t\t[https:\/\/www.skaala.com\/wp-content\/uploads\/2023\/05\/skaalaauto08-1536x1024.jpg, xlarge]\"\n\t\t\t\t\t>\n\t\t<\/div>\n\t\t\t<\/div>\n\t\t<div class=\"featured-item\">\n\t\t<div class=\"content-half has-dark-gray-background-color\">\n\t\t\t<div class=\"featured-item--content grid-item\">\n\t\t\t\t\t\t<a class=\"button button-large\" href=\"https:\/\/www.skaala.com\/en\/windows\/window-maintenace\/\">Window maintenace<\/a>\n\t\t\t\t\t\t<\/div>\n\t\t<\/div>\n\t\t\t\t<div class=\"featured-item--image grid-item\"\n\t\t\t\t\tdata-interchange=\"\n\t\t\t\t\t[https:\/\/www.skaala.com\/wp-content\/uploads\/2020\/05\/Pesee-ikkunaa-1024x684.jpg, small], \n\t\t\t\t\t[https:\/\/www.skaala.com\/wp-content\/uploads\/2020\/05\/Pesee-ikkunaa-1024x684.jpg, medium], \n\t\t\t\t\t[https:\/\/www.skaala.com\/wp-content\/uploads\/2020\/05\/Pesee-ikkunaa-1200x801.jpg, large], \n\t\t\t\t\t[https:\/\/www.skaala.com\/wp-content\/uploads\/2020\/05\/Pesee-ikkunaa-1536x1025.jpg, xlarge]\"\n\t\t\t\t\t>\n\t\t<\/div>\n\t\t\t<\/div>\n\t<\/div>\n","protected":false},"excerpt":{"rendered":"","protected":false},"author":5,"featured_media":27061,"parent":3308,"menu_order":0,"comment_status":"closed","ping_status":"closed","template":"","meta":{"_acf_changed":false,"inline_featured_image":false,"footnotes":""},"class_list":["post-12142","page","type-page","status-publish","has-post-thumbnail","hentry"],"acf":[],"_links":{"self":[{"href":"https:\/\/www.skaala.com\/en\/wp-json\/wp\/v2\/pages\/12142","targetHints":{"allow":["GET"]}}],"collection":[{"href":"https:\/\/www.skaala.com\/en\/wp-json\/wp\/v2\/pages"}],"about":[{"href":"https:\/\/www.skaala.com\/en\/wp-json\/wp\/v2\/types\/page"}],"author":[{"embeddable":true,"href":"https:\/\/www.skaala.com\/en\/wp-json\/wp\/v2\/users\/5"}],"replies":[{"embeddable":true,"href":"https:\/\/www.skaala.com\/en\/wp-json\/wp\/v2\/comments?post=12142"}],"version-history":[{"count":20,"href":"https:\/\/www.skaala.com\/en\/wp-json\/wp\/v2\/pages\/12142\/revisions"}],"predecessor-version":[{"id":22878,"href":"https:\/\/www.skaala.com\/en\/wp-json\/wp\/v2\/pages\/12142\/revisions\/22878"}],"up":[{"embeddable":true,"href":"https:\/\/www.skaala.com\/en\/wp-json\/wp\/v2\/pages\/3308"}],"wp:featuredmedia":[{"embeddable":true,"href":"https:\/\/www.skaala.com\/en\/wp-json\/wp\/v2\/media\/27061"}],"wp:attachment":[{"href":"https:\/\/www.skaala.com\/en\/wp-json\/wp\/v2\/media?parent=12142"}],"curies":[{"name":"wp","href":"https:\/\/api.w.org\/{rel}","templated":true}]}}