{"id":14894,"date":"2022-11-18T14:10:21","date_gmt":"2022-11-18T12:10:21","guid":{"rendered":"https:\/\/www.skaala.com\/kestava-kehitys-ja-vastuullisuus\/"},"modified":"2025-07-11T15:58:38","modified_gmt":"2025-07-11T12:58:38","slug":"sustainable-development-skaala","status":"publish","type":"page","link":"https:\/\/www.skaala.com\/en\/sustainable-development-skaala\/","title":{"rendered":"Sustainable development"},"content":{"rendered":"\n\t\t<header class=\"featured-hero article\" role=\"banner\" data-interchange=\"[https:\/\/www.skaala.com\/wp-content\/uploads\/2022\/11\/Seglingeautokallioltaautowww-640x200.jpg, small], [https:\/\/www.skaala.com\/wp-content\/uploads\/2022\/11\/Seglingeautokallioltaautowww-1280x400.jpg, medium], [https:\/\/www.skaala.com\/wp-content\/uploads\/2022\/11\/Seglingeautokallioltaautowww-1440x400.jpg, large], [https:\/\/www.skaala.com\/wp-content\/uploads\/2022\/11\/Seglingeautokallioltaautowww-1920x400.jpg, xlarge]\">\n\t\t\t\t\t<h1>Sustainable development<\/h1>\n\t\t<\/header>\n\t\t\n\n\n<div class=\"wp-block-custom-content-area custom-wrapper alignleft has-light-blue-background-color\"><div class=\"outer-wrap\">\t\n\t<div id=\"heading-block-block_89a22acc2e90f598fecb3a416770ccbe\" class=\"heading-block\">\n\t\t<h2 ><span>Respecting our northern nature<\/span><\/h2>\t<\/div>\n\n\n\n<div id=\"text-block-block_508744fd1696f1631ef71d20458bc2b3\" class=\"text-block\">\n\t\t\t<p>Suhtaudumme vastuullisesti tulevaisuuteen \u2013 olemme aina kaksi askelta edell\u00e4 ja siksi luotettavin ikkuna- ja ovikumppanisi.<\/p>\n\t<\/div>\n\n\n\n\n<div class=\"wp-block-custom-inner-columns has-two-columns custom-columns\"><div class=\"outer-wrap\">\n<div class=\"wp-block-custom-custom-column custom-column\"><div class=\"inner-wrap\">\t\n\t<div id=\"heading-block-block_52d0994399150967de8a528d52089149\" class=\"heading-block\">\n\t\t<h3 ><span>Kest\u00e4v\u00e4t ratkaisut pohjoisiin oloihin<\/span><\/h3>\t<\/div>\n\n\n\n<div id=\"text-block-block_dced7639058be4d2d1fe7a03dc493065\" class=\"text-block\">\n\t\t\t<p>Skaala on suomalainen perheyritys ja Suomen johtava ikkuna- ja ovibr\u00e4ndi. Olemme valmistaneet kotimaisia ikkunoita ja ovia pohjoisiin oloihin omilla tehtaillamme Etel\u00e4-Pohjanmaalla jo vuodesta 1956. Kaikilla tuotteillamme on Avainlippu. Kunnioitamme pohjoisen luonnon voimaa ja haluamme jokaisen nauttivan siit\u00e4 nyt ja tulevaisuudessa.<\/p>\n<p>Lasin ominaisuuksilla voidaan tehd\u00e4 paljon asuinmukavuuden ja kest\u00e4v\u00e4n, energiatehokkaan asumisen lis\u00e4\u00e4miseksi. Pitk\u00e4t perinteet lasinjalostuksessa sek\u00e4 laaja valikoima laadukkaita, standardoituja tuotteita takaavat r\u00e4\u00e4t\u00e4l\u00f6idyt lasiratkaisuja niin korjaus- ja uudisrakentamiseen kuin rakennusalan ammattilaisille.<\/p>\n\t<\/div>\n\n\n\n\n<div id=\"image-block_4f2d837c9f66a16289ba1cd98ea98ed5\" class=\"image-block\">\n\t\t\t\t<div class=\"image-container\" style=\"width: px; height: \n\t\tauto;\">\n\t\t\t<img decoding=\"async\" src=\"https:\/\/www.skaala.com\/wp-content\/uploads\/2022\/10\/tyohuoneautomaisemaikkunat-e1668768010685.jpg\" alt=\"\">\n\t\t<\/div>\n\t \n\n\t<\/div>\n\n<\/div><\/div>\n\n\n\n<div class=\"wp-block-custom-custom-column custom-column\"><div class=\"inner-wrap\">\t\n\t<div id=\"heading-block-block_3a3f2ad25f41f9556c1692ec133b68f6\" class=\"heading-block\">\n\t\t<h3 ><span>Lasiantuntija hoitaa <\/span><\/h3>\t<\/div>\n\n\n\n<div id=\"text-block-block_ed113cb0e38c5c679f1486a4314d8f9d\" class=\"text-block\">\n\t\t\t<p>Olemme suomalaisen lasinvalmistuksen pioneereja ja lasin asiantuntijoita eli <em>lasiantuntijoita<\/em> sanan joka merkityksess\u00e4: ammattilaisemme, tuotteemme ja palvelumme ovat laadukkaita ja kest\u00e4vi\u00e4. Olemme palkittuja alan innovaatioista. Voit k\u00e4\u00e4nty\u00e4 puoleemme miss\u00e4 tahansa lasiin, ikkunoihin tai oviin liittyviss\u00e4 kysymyksiss\u00e4. Autamme l\u00f6yt\u00e4m\u00e4\u00e4n parhaat ja kest\u00e4v\u00e4t lasiratkaisut juuri sinun uuteen tai remontoitavaan kotiisi.<\/p>\n<p>Hoidamme remonttisi vaivattomasti ja vastuullisesti. Saat laadukkaat ikkuna- ja oviratkaisut yhdelt\u00e4 toimijalta suoraan kotiisi asennettuina helposti ja nopeasti. Skaalan ikkunoiden ja ovien kanssa asut mukavammin ja energiatehokkaammin \u2013 nyt ja tulevaisuudessa!<\/p>\n\t<\/div>\n\n\n\n\n<div id=\"image-block_b3d1ad313e034ffe833fba9d8b425da8\" class=\"image-block\">\n\t\t\t\t<div class=\"image-container\" style=\"width: px; height: \n\t\tauto;\">\n\t\t\t<img decoding=\"async\" src=\"https:\/\/www.skaala.com\/wp-content\/uploads\/2022\/08\/SamiautojaautoJuha.png\" alt=\"Tervetuloa Skaalalle\">\n\t\t<\/div>\n\t \n\n\t<\/div>\n\n<\/div><\/div>\n<\/div><\/div>\n\n\n\t\n\t<div id=\"heading-block-block_8a249865f2e7d42cfb7613ffc9bca661\" class=\"heading-block\">\n\t\t<h3 ><span>Pohjoisen luontoa kunnioittaen tarkoittaa sit\u00e4, ett\u00e4 <\/span><\/h3>\t<\/div>\n\n\n<div id=\"cards-block_70e7a268b917700b5791469088c3701c\" class=\"cards-block count-4\">\n<div id=\"cards-block_70e7a268b917700b5791469088c3701c\" class=\"cards-block--card\">\n\t\t\t<div class=\"icon-block\" style=\"background-image: url('https:\/\/www.skaala.com\/wp-content\/themes\/skaala-2023\/dist\/assets\/images\/icons\/thumbs-up-gray.svg);\">\n\t\t<\/div>\n\t\t\t\t<h4>Yrityksen\u00e4<\/h4>\n\t\t\t\t<p>edist\u00e4mme pohjoisen luonnon kest\u00e4v\u00e4\u00e4 kehityst\u00e4. <\/p>\n\t\t\t<\/div>\n\t<div id=\"cards-block_70e7a268b917700b5791469088c3701c\" class=\"cards-block--card\">\n\t\t\t<div class=\"icon-block\" style=\"background-image: url('https:\/\/www.skaala.com\/wp-content\/themes\/skaala-2023\/dist\/assets\/images\/icons\/thumbs-up-gray.svg);\">\n\t\t<\/div>\n\t\t\t\t<h4>Ty\u00f6nantajana <\/h4>\n\t\t\t\t<p>sitoudumme pit\u00e4m\u00e4\u00e4n huolta ty\u00f6ntekij\u00f6ist\u00e4mme. <\/p>\n\t\t\t<\/div>\n\t<div id=\"cards-block_70e7a268b917700b5791469088c3701c\" class=\"cards-block--card\">\n\t\t\t<div class=\"icon-block\" style=\"background-image: url('https:\/\/www.skaala.com\/wp-content\/themes\/skaala-2023\/dist\/assets\/images\/icons\/thumbs-up-gray.svg);\">\n\t\t<\/div>\n\t\t\t\t<h4>Lasiantuntijana <\/h4>\n\t\t\t\t<p>tuotamme energiatehokkaat, pitk\u00e4ik\u00e4iset ja korkealaatuiset ratkaisut pohjoisiin oloihin.<\/p>\n\t\t\t<\/div>\n\t<div id=\"cards-block_70e7a268b917700b5791469088c3701c\" class=\"cards-block--card\">\n\t\t\t<div class=\"icon-block\" style=\"background-image: url('https:\/\/www.skaala.com\/wp-content\/themes\/skaala-2023\/dist\/assets\/images\/icons\/thumbs-up-gray.svg);\">\n\t\t<\/div>\n\t\t\t\t<h4>Kumppanina<\/h4>\n\t\t\t\t<p>palvelemme asiakkaitamme asiantuntemuksella ja pitki\u00e4 asiakassuhteita ja kumppanuuksia vaalien.<\/p>\n\t\t\t<\/div>\n\t<\/div>\n\n\n\t\n\t<div id=\"heading-block-block_dfa307eb38c699debba214d22a74dbd8\" class=\"heading-block\">\n\t\t<h2 ><span>Toimintaamme ohjaa kest\u00e4v\u00e4 kehitys ja vastuullinen liiketoiminta<\/span><\/h2>\t<\/div>\n\n\n\n<div id=\"text-block-block_ddbc6717051aea66ab2f6b5f3d0fed2f\" class=\"text-block\">\n\t\t\t<p><strong>Visiomme<\/strong> on olla halutuin ja huolehtivin kumppani, joka takaa mielenrauhan kaikille, jotka haluavat kest\u00e4vi\u00e4 ikkuna- ja oviratkaisuja.<\/p>\n<p><strong>Missiomme<\/strong> on edist\u00e4\u00e4 lasiantuntemuksellamme asuinmukavuutta ja energiatehokkuutta kest\u00e4vin ikkuna- ja oviratkaisuin, jotta voimme nauttia pohjoisen luonnon voimasta tulevaisuudessa.<\/p>\n\t<\/div>\n\n\n\n\t\n\t<div id=\"heading-block-block_45ed302dc61a42ced6c8f3f4fec8d8c1\" class=\"heading-block\">\n\t\t<h2 ><span>Laatupolitiikka ja ymp\u00e4rist\u00f6politiikka<\/span><\/h2>\t<\/div>\n\n\n\n<div id=\"text-block-block_6805005ca9a6b2d2df426be4a51a725d\" class=\"text-block\">\n\t\t\t<p class=\"noSpacingAbove spacingBelow\" data-text-type=\"withSpacing\"><span dir=\"ltr\" lang=\"EN-US\">Skaala IFN Oy is a Finnish manufacturer of windows and doors, known for its energy-efficient products.<\/span><\/p>\n<p><span dir=\"ltr\" lang=\"EN-US\">We are committed to acting responsibly by considering the environment, the economy, and social well-being. As a company, we adhere to good governance and value long-term partnerships and customer relationships. As an employer, we take care of the well-being and safety of our employees.<\/span><\/p>\n<p><span dir=\"ltr\" lang=\"EN-US\">Our strategy is to be the most desired window and door brand on the market. Our goal is to achieve high customer satisfaction by exceeding customer expectations with quality products and smooth service.<\/span><\/p>\n<p><span dir=\"ltr\" lang=\"EN-US\">We are committed to continuous improvement. Each year, we set goals to improve our quality, environmental aspects, and safety, plan and implement improvement measures, and assess their effects as part of our continuous development. Skaala&#8217;s quality management system and environmental management system are followed in all operations.<\/span><\/p>\n<p><span dir=\"ltr\" lang=\"EN-US\">We offer products and services that meet customer needs cost-effectively and\u00a0develop our processes based on the feedback we receive, taking into account sustainable development, industry standards, and other requirements. We comply with all statutory requirements and regulations. We also expect our suppliers and other partners to act according to the same principles.<\/span><\/p>\n<p><span dir=\"ltr\" lang=\"EN-US\">Our environmental policy promotes the sustainable development of our operations and aims to reduce the environmental impact of our activities. Key factors in reducing our carbon footprint include minimizing energy use and ensuring its environmental friendliness, as well as the origin, optimization, and recycling of the raw materials we use.<\/span><\/p>\n\t<\/div>\n\n<\/div><\/div>\n\n\n\n<div class=\"wp-block-custom-divider-image has-none-overlay divider-image-medium has-background-image\" style=\"background-image:url(https:\/\/www.skaala.com\/wp-content\/uploads\/2022\/10\/kokolasinenautoparioviautokeittiossa.jpg)\"><\/div>\n\n\n\n<div class=\"wp-block-custom-content-area custom-wrapper alignleft has-light-blue-background-color\"><div class=\"outer-wrap\">\t\n\t<div id=\"heading-block-block_264c6366a3f81061657df7b4f8a9604a\" class=\"heading-block\">\n\t\t<h2 ><span>Ymp\u00e4rist\u00f6yst\u00e4v\u00e4llisi\u00e4 &#8211; sertifioidusti<\/span><\/h2>\t<\/div>\n\n\n\n<div id=\"image-block_d9076eef2d6c3f95f4aeb745c1b65cda\" class=\"image-block\">\n\t\t\t\t<div class=\"image-container\" style=\"width: px; height: \n\t\tauto;\">\n\t\t\t<img decoding=\"async\" src=\"https:\/\/www.skaala.com\/wp-content\/uploads\/2024\/05\/ISO9001-ISO14001-PEFC-EPD-2024.png\" alt=\"\">\n\t\t<\/div>\n\t \n\n\t<\/div>\n\n\n\n\n<div id=\"text-block-block_eb8b850f8ecd54d50239908cebfb7b70\" class=\"text-block\">\n\t\t\t<p>Tuotteemme tekev\u00e4t rakennuksista energiatehokkaampia, lis\u00e4\u00e4v\u00e4t asumismukavuutta ja niiden elinkaari on pitk\u00e4. Tuotekehityksess\u00e4 otamme huomioon tuotteen koko elinkaaren, aina tuotteen elinkaaren alussa k\u00e4ytetyist\u00e4 raaka-aineista ja kest\u00e4vist\u00e4 tuotantomenetelmist\u00e4 siihen, ett\u00e4 tuote palautetaan kierr\u00e4tett\u00e4v\u00e4ksi asiakkaan monen vuoden k\u00e4yt\u00f6n kautta. Tuotteidemme ymp\u00e4rist\u00f6vaikutuksista on laadittu EPD-ymp\u00e4rist\u00f6tuoteseloste.<\/p>\n<p>K\u00e4yt\u00e4mme vastuullisesti kasvatettua PEFC-sertifioitua puuta &#8211; mahdollisuuksien mukaan m\u00e4\u00e4r\u00e4mittaisena &#8211; ja valmistamme siit\u00e4 ensiluokkaisen energiatehokkaita tuotteita, joilla on pitk\u00e4 elinkaari. Minimoimme syntyv\u00e4n j\u00e4tteen m\u00e4\u00e4r\u00e4n ja teemme kehitt\u00e4mistoimia niiden pienent\u00e4miseksi edelleen. K\u00e4yt\u00e4mme tehtaidemme l\u00e4mmityksess\u00e4 tuotannon ylij\u00e4\u00e4m\u00e4puusta puristettuja brikettej\u00e4. \u00c4lyohjattu <span style=\"font-size: inherit;\">eristyslasitehtaamme minimoi lasihukan, lis\u00e4ksi lajittelemme ja kierr\u00e4t\u00e4mme lasij\u00e4tteen. A<\/span><span style=\"font-size: inherit;\">lumiinihukan kierr\u00e4t\u00e4mme takaisin toimittajalle.<\/span><\/p>\n<p><span style=\"font-size: inherit;\">Teht<\/span><span style=\"font-size: inherit;\">aiden l\u00e4heinen sijainti pienent\u00e4\u00e4 logistiikkakustannuksia ja <\/span><span style=\"font-size: inherit;\">LED-valot s\u00e4\u00e4st\u00e4v\u00e4t energiaa ja lis\u00e4\u00e4v\u00e4t ty\u00f6hyvinvointia. Se, ett\u00e4 meill\u00e4 on koko Suomen kattava myyj\u00e4verkosto, lyhent\u00e4\u00e4 v\u00e4limatkaa asiakkaidemme kanssa ja on osaltaan ilmastoteko. Suosimme autohankinnoissa joko hybridi- tai t\u00e4yss\u00e4hk\u00f6autoja.<\/span><\/p>\n<p>Sis\u00e4logistiikkaa hoitaa s\u00e4hk\u00f6trukit. Trukeissa k\u00e4ytet\u00e4\u00e4n biodieseli\u00e4. Optimoimme tavarankuljetukset siten, ett\u00e4 tehtaalta l\u00e4htee samaan suuntaan aina mahdollisimman t\u00e4ysi\u00e4 kuljetuksia, kumppanista riippuen mahdollisesti s\u00e4hk\u00f6rekoilla.<\/p>\n<p>Olemme m\u00e4\u00e4ritelleet kriteerit kumppanuuksille. Suosimme paikallisia alihankkijoita ja kumppaneita tavoitteenamme pitk\u00e4aikaset yhteisty\u00f6suhteet. Konsernitasolla m\u00e4\u00e4ritellyt eettiset ohjeet takaavat sen, ett\u00e4 ty\u00f6ntekij\u00f6it\u00e4 ja kumppaneita kohdellaan reilusti, tasapuolisesti ja kaikenlaista syrjint\u00e4\u00e4 v\u00e4ltt\u00e4en.<\/p>\n\t<\/div>\n\n\n\n\t\n\t<div id=\"heading-block-block_981a85e660b93db653cbe14eaf6cac86\" class=\"heading-block\">\n\t\t<h3 ><span>Live and let live &#8211; El\u00e4 ja anna el\u00e4\u00e4<\/span><\/h3>\t<\/div>\n\n\n\n<div id=\"text-block-block_8e4a430ce31300e4fddcf050ad735f55\" class=\"text-block\">\n\t\t\t<p>T\u00e4m\u00e4 ytimek\u00e4s lause m\u00e4\u00e4rittelee sen kest\u00e4v\u00e4n kehityksen strategian, jota emoyhti\u00f6mme <a href=\"https:\/\/www.ifn-holding.com\/en\/u51.html\" target=\"_blank\" rel=\"noopener\">IFN<\/a> on noudattanut perustamisestaan l\u00e4htien.<\/p>\n<p>&#8220;Live and let live&#8221; oli IFN:n perustajan motto ja el\u00e4m\u00e4nfilosofia, josta on muodostunut IFN:n yritysarvojen kulmakivi:<\/p>\n<blockquote><p>Kest\u00e4v\u00e4 kehitys merkitsee meille paljon muutakin kuin vain ymp\u00e4rist\u00f6vastuullisuutta. Yhteisen\u00e4 tavoitteenamme on kehitt\u00e4\u00e4 perheyrityst\u00e4 sukupolvelta toiselle kest\u00e4v\u00e4ll\u00e4 tavalla.<\/p><\/blockquote>\n<p>T\u00e4m\u00e4 pitk\u00e4n aikav\u00e4lin n\u00e4k\u00f6kulma kannustaa meit\u00e4 Skaalallakin vastuuseen ihmisist\u00e4, yrityksist\u00e4 ja ymp\u00e4rist\u00f6st\u00e4.<\/p>\n<p>&nbsp;<\/p>\n\t<\/div>\n\n\n\n\n<a href=\"https:\/\/www.skaala.com\/fi\/ota-yhteytta\/pyyda-yhteydenottoa\/\" id=\"button-block-block_7b68fb05ae980d96dbe682680782e8cb\" class=\"button-block button\" target=\"\">Pyyd\u00e4 yhteydenottoa<\/a>\n\n<\/div><\/div>\n\n\n\n<div class=\"wp-block-custom-divider-image has-none-overlay divider-image-medium has-background-image\" style=\"background-image:url(https:\/\/www.skaala.com\/wp-content\/uploads\/2024\/06\/Lasiliukuovet-modernissa-puutalossa.jpg)\"><\/div>\n\n\n\n<div class=\"wp-block-custom-content-area custom-wrapper alignleft has-light-blue-background-color\"><div class=\"outer-wrap\">\t\n\t<div id=\"heading-block-block_088124cc4f7a079c4b26f1bfeea88532\" class=\"heading-block\">\n\t\t<h3 ><span>Energiatehokkaat tuotteet s\u00e4\u00e4st\u00e4v\u00e4t energiankulutusta<\/span><\/h3>\t<\/div>\n\n\n\n<div id=\"text-block-block_562c55829d3297232ba9ce0d26a448c8\" class=\"text-block\">\n\t\t\t<p>Ikkunaremontin tuoma energians\u00e4\u00e4st\u00f6 perustuu uusien ikkunoiden parempaan energiatehokkuuteen. Uudet, nykyisten rakentamism\u00e4\u00e4r\u00e4ysten mukaiset ikkunat eiv\u00e4t hukkaa l\u00e4mp\u00f6\u00e4 yht\u00e4 paljon kuin vanhat, joten ne auttavat pienent\u00e4m\u00e4\u00e4n energiankulutusta ja s\u00e4\u00e4st\u00e4m\u00e4\u00e4n kodin l\u00e4mmityskustannuksissa.<\/p>\n<p>Ikkunoiden energiatehokkuus on parantunut merkitt\u00e4v\u00e4sti ja laadukkaasti asennetuilla energiatehokkailla ikkunoilla onkin mahdollista saavuttaa merkitt\u00e4vi\u00e4 energians\u00e4\u00e4st\u00f6j\u00e4. Esimerkkin\u00e4 Skaalan nelilasinen matalaenergiaikkuna on puolet energiatehokkaampi kuin yleisimmin k\u00e4ytetty kolmilasinen ikkuna. Ja vanhoihin (1960-1970-luvun alkuper\u00e4iskuntoisiin) ikkunoihin verrattuna ero on parhaimmillaan jopa yli kolminkertainen.<\/p>\n<p>Energians\u00e4\u00e4st\u00f6potentiaalin voi laskea k\u00e4tev\u00e4sti energians\u00e4\u00e4st\u00f6laskurilla.<\/p>\n\t<\/div>\n\n\n\n\n<a href=\"https:\/\/www.skaala.com\/fi\/energiansaastolaskuri\/\" id=\"button-block-block_d64dd740b5c3307d0246fc1d2489d110\" class=\"button-block button\" target=\"_blank\">Energians\u00e4\u00e4st\u00f6laskuriin t\u00e4st\u00e4<\/a>\n\n<\/div><\/div>\n","protected":false},"excerpt":{"rendered":"","protected":false},"author":5,"featured_media":14105,"parent":0,"menu_order":0,"comment_status":"closed","ping_status":"closed","template":"","meta":{"_acf_changed":false,"inline_featured_image":false,"footnotes":""},"class_list":["post-14894","page","type-page","status-publish","has-post-thumbnail","hentry"],"acf":[],"_links":{"self":[{"href":"https:\/\/www.skaala.com\/en\/wp-json\/wp\/v2\/pages\/14894","targetHints":{"allow":["GET"]}}],"collection":[{"href":"https:\/\/www.skaala.com\/en\/wp-json\/wp\/v2\/pages"}],"about":[{"href":"https:\/\/www.skaala.com\/en\/wp-json\/wp\/v2\/types\/page"}],"author":[{"embeddable":true,"href":"https:\/\/www.skaala.com\/en\/wp-json\/wp\/v2\/users\/5"}],"replies":[{"embeddable":true,"href":"https:\/\/www.skaala.com\/en\/wp-json\/wp\/v2\/comments?post=14894"}],"version-history":[{"count":18,"href":"https:\/\/www.skaala.com\/en\/wp-json\/wp\/v2\/pages\/14894\/revisions"}],"predecessor-version":[{"id":22040,"href":"https:\/\/www.skaala.com\/en\/wp-json\/wp\/v2\/pages\/14894\/revisions\/22040"}],"wp:featuredmedia":[{"embeddable":true,"href":"https:\/\/www.skaala.com\/en\/wp-json\/wp\/v2\/media\/14105"}],"wp:attachment":[{"href":"https:\/\/www.skaala.com\/en\/wp-json\/wp\/v2\/media?parent=14894"}],"curies":[{"name":"wp","href":"https:\/\/api.w.org\/{rel}","templated":true}]}}