{"id":3210,"date":"2020-05-13T16:56:18","date_gmt":"2020-05-13T13:56:18","guid":{"rendered":"https:\/\/www.skaala.com\/?page_id=3210"},"modified":"2025-08-20T09:55:40","modified_gmt":"2025-08-20T06:55:40","slug":"window-maintenace","status":"publish","type":"page","link":"https:\/\/www.skaala.com\/en\/windows\/window-maintenace\/","title":{"rendered":"Window maintenace"},"content":{"rendered":"\n\t<header class=\"featured-hero has-dark-gray-background-color\" role=\"banner\">\n\t\t\t<h1>Window maintenace<\/h1>\n\t<\/header>\n\t\n\n\n<div class=\"wp-block-custom-content-area custom-wrapper aligncenter has-light-blue-background-color\"><div class=\"outer-wrap\">\t\n\t<div id=\"heading-block-block_cbfde60cf87c3985eaca65506c947787\" class=\"heading-block\">\n\t\t<h2 ><span>Regular maintenance helps to keep the products in good working order<\/span><\/h2>\t<\/div>\n\n\n\n<div id=\"text-block-block_49d5cd632d0b0c8760d61bb3196b9622\" class=\"text-block\">\n\t\t\t<p>Skaala products are designed for minimal maintenance. The maintenance need depends on the local climate and other local and structural factors. We recommend that windows be checked at least once a year. Regular maintenance helps to keep the products in good working order. The warranty is valid only if the product has been installed and maintained according to Skaala manuals.<\/p>\n\t<\/div>\n\n<\/div><\/div>\n\n\n\n<div class=\"wp-block-custom-content-area custom-wrapper alignleft has-dark-gray-background-color\"><div class=\"outer-wrap\">\t\n\t<div id=\"heading-block-block_b26897ab47e2852c3d308933d3521288\" class=\"heading-block\">\n\t\t<h2 ><span>Window maintenance<\/span><\/h2>\t<\/div>\n\n\n\n<div id=\"text-block-block_4df25b08e1e475be40e5be1b0592e748\" class=\"text-block\">\n\t\t\t<p>\u2022 The painted surfaces and seals should also be washed when cleaning windows, and at least once a year<br \/>\n\u2022 Loose and damaged seals should be replaced<br \/>\n\u2022 Fittings (hinges and locks) should be oiled when windows are cleaned<br \/>\n\u2022 Adjust the frames if necessary<br \/>\n\u2022 Painted products should first be wiped with a damp cloth. Use alkaline detergents.<br \/>\n\u2022 Avoid using strong solvents or excessive detergent, as they can dull the painted surface.<br \/>\n\u2022 If using anti-fungal detergents, check with the detergent manufacturer whether the surface should be repainted after treatment. Some anti-fungal detergents may destroy the anti-fungal properties of the paint.<br \/>\n\u2022 External aluminium surfaces do not require maintenance, but they should be washed regularly, at least once a year. The water holes on the bottom frames should also be cleaned at least once a year.<br \/>\n\u2022 Windows that are over 150cm wide must be braced when fully opened<\/p>\n\t<\/div>\n\n\n\n\t\n\t<div id=\"heading-block-block_040bf3b0c060ba3f707aa2ded887a024\" class=\"heading-block\">\n\t\t<h2 ><span>Glass maintenance<\/span><\/h2>\t<\/div>\n\n\n\n<div id=\"text-block-block_15bc22ab534ecd462115bbf1277743d9\" class=\"text-block\">\n\t\t\t<div class=\"fusion-text\">\n<p>\u2022 Use mild detergents.<br \/>\n\u2022 Persistent stains that are difficult to remove with regular cleaning products should be removed carefully with a glass scraper.<br \/>\n\u2022 Stains such as glue and paint are best removed with xylene, which is available from paint stores and large retail stores. Acetone (e.g. nail polish remover) is slightly stronger and more effective for removing paint stains.<br \/>\n\u2022 These solvents should not be used on wood or aluminium parts \u2013 do not let the solvent run over these surfaces when using it on glass.<br \/>\n\u2022 If solvents are used, the window must be washed again immediately with water.<br \/>\n\u2022 During construction, any rendering material or concrete must be removed from the glass without delay. Use plenty of water, a mild alkaline detergent solution or xylene.<\/p>\n<blockquote><p>Do not rub stains or attempt to remove them dry.<\/p><\/blockquote>\n<p>Cleaning and maintenance of coated glass<br \/>\nApplies to the following products: self-cleaning Activ glass, K glass (selective) and FrostFree glass<br \/>\n\u2022 Avoid using hard abrasive tools (e.g. scrapers, steel wool). Mechanical abrasion can damage the surface beyond repair.<br \/>\n\u2022 Avoid touching the glass with any kind of metal<br \/>\n\u2022 Avoid using chemicals that may damage the coating permanently<br \/>\n\u2022 Use of strong acidic or alkaline products is prohibited<br \/>\n\u2022 Avoid washing the glass in direct sunlight<\/p>\n<\/div>\n<div id=\"Lis\u00e4varusteiden k\u00e4ytt\u00f6 ja hoito\" class=\"fusion-menu-anchor\"><\/div>\n<div class=\"fusion-text\">\n<p><strong>The following points should be taken into account in the maintenance of fire-rated windows<\/strong> (compartmentalising windows EI30 and EI15 \/ E30): If the expandable fire seals of the frame or the insulation glass become damaged, they must be replaced with equivalent products. It is best to check this with the manufacturer. Seals should be left in situ when washing windows or touching up the paintwork. Large (over 1m\u00b2) fire-rated windows must be braced when opened for cleaning. In fire-rated windows the glass is much heavier, which is why relatively smaller windows must also be braced.<\/p>\n<\/div>\n\t<\/div>\n\n<\/div><\/div>\n\n\n\n<div class=\"wp-block-custom-content-area custom-wrapper alignleft has-light-blue-background-color\"><div class=\"outer-wrap\">\t\n\t<div id=\"heading-block-block_2bfb3c6c4da43e0315ab9df7e1bd93a5\" class=\"heading-block\">\n\t\t<h2 ><span>Accessories and their maintenance<\/span><\/h2>\t<\/div>\n\n\n\t\n\t<div id=\"heading-block-block_59b82644b72eb2661f9f9cab1c27e1d7\" class=\"heading-block\">\n\t\t<h4 ><span>Remove decorative bars when cleaning windows<\/span><\/h4>\t<\/div>\n\n\n\n<div id=\"text-block-block_ecec403d4a147937602fa8f839930448\" class=\"text-block\">\n\t\t\t<ul>\n<li>Wipe the bars with a damp cloth. Use alkaline detergents<\/li>\n<\/ul>\n\t<\/div>\n\n\n\n\t\n\t<div id=\"heading-block-block_49a6f53435d9766ac2eba2ae55643c69\" class=\"heading-block\">\n\t\t<h4 ><span>Insect screens should be cleaned regularly<\/span><\/h4>\t<\/div>\n\n\n\n<div id=\"text-block-block_c60c3574302d176548448b827256db87\" class=\"text-block\">\n\t\t\t<ul>\n<li>Insect frames and screens should be removed for winter to prevent them being damaged by water, ice and birds. <strong>Important: the screen mesh should be washed before winter.<\/strong> Please note that the Skaala warranty does not cover damage caused by external factors (e.g. water\/ice, birds).<\/li>\n<\/ul>\n\t<\/div>\n\n\n\n\t\n\t<div id=\"heading-block-block_936045c89592d4445e4ecf0556de31cb\" class=\"heading-block\">\n\t\t<h4 ><span>Air vent filters should be washed at least twice a year.<\/span><\/h4>\t<\/div>\n\n\n\n<div id=\"text-block-block_e9abfb34c48b78a7bc6f32410b7395f1\" class=\"text-block\">\n\t\t\t<ul>\n<li>Open the screws which are fixed to the frame to remove the vent and filter unit. The cellular plastic filter inside the casing can be washed with soapy water.<\/li>\n<li>Clean the air duct of the dampener with a vacuum cleaner; take care not to damage the coating of the dampener material.<\/li>\n<\/ul>\n\t<\/div>\n\n\n\n\t\n\t<div id=\"heading-block-block_1470d42c65af1ca06c4003f8ab09e983\" class=\"heading-block\">\n\t\t<h4 ><span>Biobe ThermoPlus -fresh air window<\/span><\/h4>\t<\/div>\n\n\n\n<div id=\"text-block-block_3020a48ed9fefde3dae1282d0c70575b\" class=\"text-block\">\n\t\t\t<div class=\"fusion-text\">\n<p>\u2022 Adjusting the summer\/closed\/winter setting<br \/>\n\u2022 The setting can be adjusted from the handle at the end of the vent. The left position is for summer, the middle is closed, and the right position is for winter.<\/p>\n<p>\u2022 Replacing the filter between the vent and the air space<br \/>\n\u2022 We recommend changing the filter twice a year<br \/>\n\u2022 The air dampener does not need to be removed during cleaning.<br \/>\n\u2022 The air channels inside the dampener can be cleaned with e.g. a vacuum cleaner.<br \/>\n\u2022 The filter material is not washable.<br \/>\n\u2022 Other plastic and aluminium surfaces should be wiped with a damp cloth soaked in mild detergent solution.<br \/>\n\u2022 Do not use solvents.<\/p>\n<\/div>\n\t<\/div>\n\n\n\n\t\n\t<div id=\"heading-block-block_22c86b162802e22f9cc69945b0ba3e44\" class=\"heading-block\">\n\t\t<h4 ><span>Blinds<\/span><\/h4>\t<\/div>\n\n\n\n<div id=\"text-block-block_3b9895ad830ef6612d8652083493f406\" class=\"text-block\">\n\t\t\t<p>\u2022 Blinds fitted between the window panes do not require special care or maintenance. Regular cleaning with a vacuum cleaner or a damp cloth (without detergent) is sufficient.<br \/>\n\u2022 In blinds fitted over the glass, the turning mechanism should be treated with 100% silicone approximately every two years.<\/p>\n<div class=\"fusion-layout-column fusion_builder_column fusion_builder_column_1_1 fusion-builder-column-5 fusion-one-full fusion-column-first fusion-column-last 1_1\">\n<div class=\"fusion-column-wrapper\" data-bg-url=\"\">\n<div class=\"fusion-text\">\n<blockquote><p>The external surface treatment of wood and panel components should be checked yearly. Any knocks or cracks should be repaired immediately.<\/p><\/blockquote>\n<\/div>\n<div class=\"fusion-clearfix\"><\/div>\n<\/div>\n<\/div>\n\t<\/div>\n\n\n\n\t\n\t<div id=\"heading-block-block_8ec7fb8dbb4583af280c7d0bd4404ee7\" class=\"heading-block\">\n\t\t<h3 ><span>Maintenance instructions can be downloaded from here<\/span><\/h3>\t<\/div>\n\n\n<div id=\"file-block-block_a2ae3e6233f0eff5286785c7ba0f5bd5\" class=\"file-block\">\n\t<div class=\"grid-container\">\n\t\t\t\t\t<div class=\"files\">\n\t\t\t\t\t\t\t\t<div class=\"file\">\n\t\t\t\t\t\t<a href=\"https:\/\/www.skaala.com\/wp-content\/uploads\/2022\/07\/Skaala-Owners-Manual-EN-06-22.pdf\" target=\"_blank\" aria-label=\"Avaa tiedosto: Maintenance instructions\" class=\"button\">Maintenance instructions<\/a>\n\t\t\t\t\t<\/div>\n\n\t\t\t\t\t\t\t<\/div>\n\t\t\t<\/div>\n<\/div>\n\n<\/div><\/div>\n\n\n<div class=\"featured-items-block block\">\n\t<div class=\"featured-item\">\n\t\t<div class=\"content-half has-dark-gray-background-color\">\n\t\t\t<div class=\"featured-item--content grid-item\">\n\t\t\t\t\t\t<a class=\"button button-large\" href=\"https:\/\/www.skaala.com\/en\/contact-us\/\">Contact information<\/a>\n\t\t\t\t\t\t<\/div>\n\t\t<\/div>\n\t\t\t\t<div class=\"featured-item--image grid-item\"\n\t\t\t\t\tdata-interchange=\"\n\t\t\t\t\t[https:\/\/www.skaala.com\/wp-content\/uploads\/2023\/08\/Skaalaautoisotautoikkunat-1024x682.jpg, small], \n\t\t\t\t\t[https:\/\/www.skaala.com\/wp-content\/uploads\/2023\/08\/Skaalaautoisotautoikkunat-1024x682.jpg, medium], \n\t\t\t\t\t[https:\/\/www.skaala.com\/wp-content\/uploads\/2023\/08\/Skaalaautoisotautoikkunat-1200x800.jpg, large], \n\t\t\t\t\t[https:\/\/www.skaala.com\/wp-content\/uploads\/2023\/08\/Skaalaautoisotautoikkunat-1536x1024.jpg, xlarge]\"\n\t\t\t\t\t>\n\t\t<\/div>\n\t\t\t<\/div>\n\t\t<div class=\"featured-item\">\n\t\t<div class=\"content-half has-dark-gray-background-color\">\n\t\t\t<div class=\"featured-item--content grid-item\">\n\t\t\t\t\t\t<a class=\"button button-large\" href=\"https:\/\/www.skaala.com\/en\/about-us\/\">About us<\/a>\n\t\t\t\t\t\t<\/div>\n\t\t<\/div>\n\t\t\t\t<div class=\"featured-item--image grid-item\"\n\t\t\t\t\tdata-interchange=\"\n\t\t\t\t\t[https:\/\/www.skaala.com\/wp-content\/uploads\/2025\/04\/Yliharman-tehdas-1024x576.jpg, small], \n\t\t\t\t\t[https:\/\/www.skaala.com\/wp-content\/uploads\/2025\/04\/Yliharman-tehdas-1024x576.jpg, medium], \n\t\t\t\t\t[https:\/\/www.skaala.com\/wp-content\/uploads\/2025\/04\/Yliharman-tehdas-1200x675.jpg, large], \n\t\t\t\t\t[https:\/\/www.skaala.com\/wp-content\/uploads\/2025\/04\/Yliharman-tehdas-1536x864.jpg, xlarge]\"\n\t\t\t\t\t>\n\t\t<\/div>\n\t\t\t<\/div>\n\t<\/div>\n","protected":false},"excerpt":{"rendered":"","protected":false},"author":5,"featured_media":2987,"parent":3178,"menu_order":0,"comment_status":"closed","ping_status":"closed","template":"","meta":{"_acf_changed":false,"inline_featured_image":false,"footnotes":""},"class_list":["post-3210","page","type-page","status-publish","has-post-thumbnail","hentry"],"acf":[],"_links":{"self":[{"href":"https:\/\/www.skaala.com\/en\/wp-json\/wp\/v2\/pages\/3210","targetHints":{"allow":["GET"]}}],"collection":[{"href":"https:\/\/www.skaala.com\/en\/wp-json\/wp\/v2\/pages"}],"about":[{"href":"https:\/\/www.skaala.com\/en\/wp-json\/wp\/v2\/types\/page"}],"author":[{"embeddable":true,"href":"https:\/\/www.skaala.com\/en\/wp-json\/wp\/v2\/users\/5"}],"replies":[{"embeddable":true,"href":"https:\/\/www.skaala.com\/en\/wp-json\/wp\/v2\/comments?post=3210"}],"version-history":[{"count":7,"href":"https:\/\/www.skaala.com\/en\/wp-json\/wp\/v2\/pages\/3210\/revisions"}],"predecessor-version":[{"id":25190,"href":"https:\/\/www.skaala.com\/en\/wp-json\/wp\/v2\/pages\/3210\/revisions\/25190"}],"up":[{"embeddable":true,"href":"https:\/\/www.skaala.com\/en\/wp-json\/wp\/v2\/pages\/3178"}],"wp:featuredmedia":[{"embeddable":true,"href":"https:\/\/www.skaala.com\/en\/wp-json\/wp\/v2\/media\/2987"}],"wp:attachment":[{"href":"https:\/\/www.skaala.com\/en\/wp-json\/wp\/v2\/media?parent=3210"}],"curies":[{"name":"wp","href":"https:\/\/api.w.org\/{rel}","templated":true}]}}