{"id":3237,"date":"2020-05-13T17:24:24","date_gmt":"2020-05-13T14:24:24","guid":{"rendered":"https:\/\/www.skaala.com\/?page_id=3237"},"modified":"2020-05-21T12:47:57","modified_gmt":"2020-05-21T09:47:57","slug":"classified-doors-db-and-fire-proof-doors","status":"publish","type":"page","link":"https:\/\/www.skaala.com\/en\/doors\/doors-for-public-spaces\/classified-doors-db-and-fire-proof-doors\/","title":{"rendered":"Classified doors \u2013 dB and fire-proof doors"},"content":{"rendered":"\n<div class=\"wp-block-custom-content-area custom-wrapper aligncenter has-light-blue-background-color\"><div class=\"outer-wrap\">\t\n\t<div id=\"heading-block-block_5ebb92d81756d\" class=\"heading-block\">\n\t\t<h1 ><span>Where sound- and fireproof is needed<\/span><\/h1>\t<\/div>\n\n\n\n<div id=\"text-block-block_5ebb92de1756e\" class=\"text-block\">\n\t\t\t<p>Classified doors are used for sites requiring soundproofing and resistance, such as nurseries, schools, hospitals and office buildings. Skaala\u2019s classified doors are well suited to sites where the soundproofing requirement is 25 dB, 30 dB or 35 dB and\/or the fire categories requirement is EI15 or EI30.<\/p>\n<p>Skaala\u2019s high-quality dB and fire-proof doors are made to measure in Finland. You can select your desired paint tone or veneered surface for the door. Knotless wooden high-quality frames are supplied with the doors, and hardwood frames to match the veneer finish are also available. Skaala will also provide a measuring and installation service for windows.<\/p>\n\t<\/div>\n\n<\/div><\/div>\n\n\n\n<div class=\"wp-block-custom-content-area custom-wrapper aligncenter has-dark-gray-background-color\"><div class=\"outer-wrap\">\t\n\t<div id=\"heading-block-block_5eaa92e15886e\" class=\"heading-block\">\n\t\t<h2 ><span>Products<\/span><\/h2>\t<\/div>\n\n\n\n<div class=\"wp-block-custom-inner-columns has-two-columns custom-columns\"><div class=\"outer-wrap\">\n<div class=\"wp-block-custom-custom-column custom-column\"><div class=\"inner-wrap\">\t\n\t<div id=\"heading-block-block_5eb94cf14ac92\" class=\"heading-block\">\n\t\t<h4 ><span> Structure<\/span><\/h4>\t<\/div>\n\n\n\n<div id=\"text-block-block_5eb94cfa4ac93\" class=\"text-block\">\n\t\t\t<div class=\"fusion-panel panel-default fusion-toggle-no-divider\">\n<div id=\"6a4a2dcefb3a1a442\" class=\"panel-collapse collapse in\">\n<div class=\"panel-body toggle-content fusion-clearfix\">\n<p>Strong 6 mm circular structure with an MDF sheet surface. Massive wooden edge as a standard feature. Depending on the soundproofing qualities, the thickness of the door leaf is 40 or 68 mm.<\/p>\n<\/div>\n<\/div>\n<\/div>\n\t<\/div>\n\n\n\n\t\n\t<div id=\"heading-block-block_5eb94d424ac98\" class=\"heading-block\">\n\t\t<h4 ><span>Glass<\/span><\/h4>\t<\/div>\n\n\n\n<div id=\"text-block-block_5eb94d514ac99\" class=\"text-block\">\n\t\t\t<div class=\"fusion-panel panel-default fusion-toggle-no-divider\">\n<div id=\"c29955cf87afa39af\" class=\"panel-collapse collapse in\">\n<div class=\"panel-body toggle-content fusion-clearfix\">\n<p>Depending on the fire category, El15 or El30 fire-proof glass.<\/p>\n<\/div>\n<\/div>\n<\/div>\n<div class=\"fusion-panel panel-default fusion-toggle-no-divider\">\n<div class=\"panel-heading\">\n<div class=\"fusion-toggle-icon-wrapper\"><\/div>\n<h4 class=\"panel-title toggle\" data-fontsize=\"24\" data-lineheight=\"30\"><\/h4>\n<\/div>\n<\/div>\n\t<\/div>\n\n\n\n\t\n\t<div id=\"heading-block-block_5eb94d8d4ac9e\" class=\"heading-block\">\n\t\t<h4 ><span>Frame<\/span><\/h4>\t<\/div>\n\n\n\n<div id=\"text-block-block_5eb94d9c4ac9f\" class=\"text-block\">\n\t\t\t<div class=\"accordian fusion-accordian\">\n<div id=\"accordion-5883-2\" class=\"panel-group\">\n<div class=\"fusion-panel panel-default fusion-toggle-no-divider\">\n<div id=\"8bb00a72239806228\" class=\"panel-collapse collapse in\">\n<div class=\"panel-body toggle-content fusion-clearfix\">\n<p>The doors have as standard a painted high-quality wood frame; hardwood frames are available on order. The standard frame depth is 92 mm; other frame depths available on order.<\/p>\n<\/div>\n<\/div>\n<\/div>\n<\/div>\n<\/div>\n\t<\/div>\n\n\n\n\t\n\t<div id=\"heading-block-block_5eb94ddc4aca4\" class=\"heading-block\">\n\t\t<h4 ><span>Seal<\/span><\/h4>\t<\/div>\n\n\n\n<div id=\"text-block-block_5eb94dec4aca5\" class=\"text-block\">\n\t\t\t<div class=\"fusion-panel panel-default fusion-toggle-no-divider\">\n<div id=\"633c2a56e4c52bb0b\" class=\"panel-collapse collapse in\">\n<div class=\"panel-body toggle-content fusion-clearfix\">\n<p>The frame has a single seal. 30-35 dB doors have a double seal.<\/p>\n<\/div>\n<\/div>\n<\/div>\n<div class=\"fusion-panel panel-default fusion-toggle-no-divider\">\n<div class=\"panel-heading\">\n<div class=\"fusion-toggle-icon-wrapper\"><\/div>\n<h4 class=\"panel-title toggle\" data-fontsize=\"24\" data-lineheight=\"30\"><\/h4>\n<\/div>\n<\/div>\n\t<\/div>\n\n\n\n\t\n\t<div id=\"heading-block-block_5ebc02c084ac6\" class=\"heading-block\">\n\t\t<h4 ><span>Equipment<\/span><\/h4>\t<\/div>\n\n\n\n<div id=\"text-block-block_5ebc02d284ac8\" class=\"text-block\">\n\t\t\t<div class=\"fusion-panel panel-default fusion-toggle-no-divider\">\n<div id=\"20c2602a6cac37191\" class=\"panel-collapse collapse in\">\n<div class=\"panel-body toggle-content fusion-clearfix\">\n<p>Ask your dealer for more information on standard and optional accessories for Skaala dB and fire-proof doors.<\/p>\n<\/div>\n<\/div>\n<\/div>\n\t<\/div>\n\n<\/div><\/div>\n\n\n\n<div class=\"wp-block-custom-custom-column custom-column\"><div class=\"inner-wrap\">\t\n\t<div id=\"heading-block-block_5eb94d054ac94\" class=\"heading-block\">\n\t\t<h4 ><span>Surface<\/span><\/h4>\t<\/div>\n\n\n\n<div id=\"text-block-block_5eb94d164ac95\" class=\"text-block\">\n\t\t\t<div class=\"fusion-panel panel-default fusion-toggle-no-divider\">\n<div id=\"24169a39a9e1f76da\" class=\"panel-collapse collapse in\">\n<div class=\"panel-body toggle-content fusion-clearfix\">\n<p>Painted MDF sheet, and veneer coating for varnished and glazed doors. Standard colour: white (NCS S 0502-Y). Other colours can be ordered. For glazed doors, the surfaces of the door leafs have been varnished. The groove patterns and linings are on both sides of the door leaf.<\/p>\n<\/div>\n<\/div>\n<\/div>\n\t<\/div>\n\n\n\n\t\n\t<div id=\"heading-block-block_5eb94d5f4ac9a\" class=\"heading-block\">\n\t\t<h4 ><span>Fittings<\/span><\/h4>\t<\/div>\n\n\n\n<div id=\"text-block-block_5eb94d6d4ac9b\" class=\"text-block\">\n\t\t\t<div class=\"fusion-panel panel-default fusion-toggle-no-divider\">\n<div id=\"3de2bf182931dccd2\" class=\"panel-collapse collapse in\">\n<div class=\"panel-body toggle-content fusion-clearfix\">\n<p>LC190 or 4190 SYM lock case and height-adjustable hinges 110\u00d730 as standard.<\/p>\n<\/div>\n<\/div>\n<\/div>\n<div class=\"fusion-panel panel-default fusion-toggle-no-divider\">\n<div class=\"panel-heading\">\n<div class=\"fusion-toggle-icon-wrapper\"><\/div>\n<h4 class=\"panel-title toggle\" data-fontsize=\"24\" data-lineheight=\"30\"><\/h4>\n<\/div>\n<\/div>\n\t<\/div>\n\n\n\n\t\n\t<div id=\"heading-block-block_5eb94da34aca0\" class=\"heading-block\">\n\t\t<h4 ><span>Threshold<\/span><\/h4>\t<\/div>\n\n\n\n<div id=\"text-block-block_5eb94db84aca1\" class=\"text-block\">\n\t\t\t<div class=\"fusion-panel panel-default fusion-toggle-no-divider\">\n<div id=\"0a5dd62ecc5b70b0b\" class=\"panel-collapse collapse in\">\n<div class=\"panel-body toggle-content fusion-clearfix\">\n<p>Hardwood threshold.<\/p>\n<\/div>\n<\/div>\n<\/div>\n\t<\/div>\n\n\n\n\t\n\t<div id=\"heading-block-block_5ebc02a284ac4\" class=\"heading-block\">\n\t\t<h4 ><span>Thermal insulation<\/span><\/h4>\t<\/div>\n\n\n\n<div id=\"text-block-block_5ebc02a884ac5\" class=\"text-block\">\n\t\t\t<div class=\"fusion-panel panel-default fusion-toggle-no-divider\">\n<div id=\"11ee8c25565fc43df\" class=\"panel-collapse collapse in\">\n<div class=\"panel-body toggle-content fusion-clearfix\">\n<p>There is dB insulation and fire insulation reinforcing the door structure.<\/p>\n<\/div>\n<\/div>\n<\/div>\n<div class=\"fusion-panel panel-default fusion-toggle-no-divider\">\n<div class=\"panel-heading\">\n<div class=\"fusion-toggle-icon-wrapper\"><\/div>\n<h4 class=\"panel-title toggle\" data-fontsize=\"24\" data-lineheight=\"30\"><\/h4>\n<\/div>\n<\/div>\n\t<\/div>\n\n\n\n\t\n\t<div id=\"heading-block-block_5ebc02c384ac7\" class=\"heading-block\">\n\t\t<h4 ><span>Warranty<\/span><\/h4>\t<\/div>\n\n\n\n<div id=\"text-block-block_5ebc02e184ac9\" class=\"text-block\">\n\t\t\t<div class=\"accordian fusion-accordian\">\n<div id=\"accordion-5883-3\" class=\"panel-group\">\n<div class=\"fusion-panel panel-default fusion-toggle-no-divider\">\n<div id=\"b933bd8f250d5f2e6\" class=\"panel-collapse collapse in\">\n<div class=\"panel-body toggle-content fusion-clearfix\">\n<p>Skaala grants a two-year warranty on the construction for dB and fire-proof doors.<\/p>\n<\/div>\n<\/div>\n<\/div>\n<\/div>\n<\/div>\n\t<\/div>\n\n<\/div><\/div>\n<\/div><\/div>\n<\/div><\/div>\n\n\n\n<div class=\"wp-block-custom-content-area custom-wrapper aligncenter has-light-blue-background-color\"><div class=\"outer-wrap\">\t\n\t<div id=\"heading-block-block_5ebbf84fe313e\" class=\"heading-block\">\n\t\t<h2 ><span>Why Skaala?<\/span><\/h2>\t<\/div>\n\n\n<div id=\"cards-block_5ebbf869e313f\" class=\"cards-block count-3\">\n<div id=\"cards-block_5ebbf869e313f\" class=\"cards-block--card\">\n\t\t\t<div class=\"icon-block\" style=\"background-image: url('https:\/\/www.skaala.com\/wp-content\/themes\/skaala-2023\/dist\/assets\/images\/icons\/tool-red.svg);\">\n\t\t<\/div>\n\t\t\t\t<h4>Maintenance service<\/h4>\n\t\t\t\t<\/div>\n\t<div id=\"cards-block_5ebbf869e313f\" class=\"cards-block--card\">\n\t\t\t<div class=\"icon-block\" style=\"background-image: url('https:\/\/www.skaala.com\/wp-content\/themes\/skaala-2023\/dist\/assets\/images\/icons\/user-red.svg);\">\n\t\t<\/div>\n\t\t\t\t<h4>Installation service<\/h4>\n\t\t\t\t<\/div>\n\t<div id=\"cards-block_5ebbf869e313f\" class=\"cards-block--card\">\n\t\t\t<div class=\"icon-block\" style=\"background-image: url('https:\/\/www.skaala.com\/wp-content\/themes\/skaala-2023\/dist\/assets\/images\/icons\/pen-tool-red.svg);\">\n\t\t<\/div>\n\t\t\t\t<h4>Design and measuring service<\/h4>\n\t\t\t\t<\/div>\n\t<\/div>\n<\/div><\/div>\n\n\n<div class=\"featured-items-block block\">\n\t<div class=\"featured-item\">\n\t\t<div class=\"content-half has-dark-gray-background-color\">\n\t\t\t<div class=\"featured-item--content grid-item\">\n\t\t\t\t\t\t<a class=\"button button-large\" href=\"https:\/\/www.skaala.com\/en\/doors\/door-features\/\">Door features<\/a>\n\t\t\t\t\t\t<\/div>\n\t\t<\/div>\n\t\t\t\t<div class=\"featured-item--image grid-item\"\n\t\t\t\t\tdata-interchange=\"\n\t\t\t\t\t[https:\/\/www.skaala.com\/wp-content\/uploads\/2023\/10\/Skaala-Vantaa-showroom-1024x684.jpg, small], \n\t\t\t\t\t[https:\/\/www.skaala.com\/wp-content\/uploads\/2023\/10\/Skaala-Vantaa-showroom-1024x684.jpg, medium], \n\t\t\t\t\t[https:\/\/www.skaala.com\/wp-content\/uploads\/2023\/10\/Skaala-Vantaa-showroom-1200x802.jpg, large], \n\t\t\t\t\t[https:\/\/www.skaala.com\/wp-content\/uploads\/2023\/10\/Skaala-Vantaa-showroom-1536x1026.jpg, xlarge]\"\n\t\t\t\t\t>\n\t\t<\/div>\n\t\t\t<\/div>\n\t\t<div class=\"featured-item\">\n\t\t<div class=\"content-half has-dark-gray-background-color\">\n\t\t\t<div class=\"featured-item--content grid-item\">\n\t\t\t\t\t\t<a class=\"button button-large\" href=\"https:\/\/www.skaala.com\/en\/doors\/door-maintenance\/\">Door maintenance<\/a>\n\t\t\t\t\t\t<\/div>\n\t\t<\/div>\n\t\t\t\t<div class=\"featured-item--image grid-item\"\n\t\t\t\t\tdata-interchange=\"\n\t\t\t\t\t[https:\/\/www.skaala.com\/wp-content\/uploads\/2020\/05\/Skaalan-asennuspavelu-rajattu-1024x1180.jpg, small], \n\t\t\t\t\t[https:\/\/www.skaala.com\/wp-content\/uploads\/2020\/05\/Skaalan-asennuspavelu-rajattu-1024x1180.jpg, medium], \n\t\t\t\t\t[https:\/\/www.skaala.com\/wp-content\/uploads\/2020\/05\/Skaalan-asennuspavelu-rajattu-1200x1383.jpg, large], \n\t\t\t\t\t[https:\/\/www.skaala.com\/wp-content\/uploads\/2020\/05\/Skaalan-asennuspavelu-rajattu-1333x1536.jpg, xlarge]\"\n\t\t\t\t\t>\n\t\t<\/div>\n\t\t\t<\/div>\n\t\t<div class=\"featured-item\">\n\t\t<div class=\"content-half has-dark-gray-background-color\">\n\t\t\t<div class=\"featured-item--content grid-item\">\n\t\t\t\t\t\t<a class=\"button button-large\" href=\"https:\/\/www.skaala.com\/fi\/ota-yhteytta\/yhteystiedot\/\">Yhteystiedot &#8211; Etsitk\u00f6 myyj\u00e4\u00e4 alueellasi tai oikeaa yhteyshenkil\u00f6\u00e4 toimistolta?\u00a0<\/a>\n\t\t\t\t\t\t<\/div>\n\t\t<\/div>\n\t\t\t\t<div class=\"featured-item--image grid-item\"\n\t\t\t\t\tdata-interchange=\"\n\t\t\t\t\t[https:\/\/www.skaala.com\/wp-content\/uploads\/2023\/08\/Olohuoneenautoikkunat-1024x1536.jpg, small], \n\t\t\t\t\t[https:\/\/www.skaala.com\/wp-content\/uploads\/2023\/08\/Olohuoneenautoikkunat-1024x1536.jpg, medium], \n\t\t\t\t\t[https:\/\/www.skaala.com\/wp-content\/uploads\/2023\/08\/Olohuoneenautoikkunat-1200x1800.jpg, large], \n\t\t\t\t\t[https:\/\/www.skaala.com\/wp-content\/uploads\/2023\/08\/Olohuoneenautoikkunat-1024x1536.jpg, xlarge]\"\n\t\t\t\t\t>\n\t\t<\/div>\n\t\t\t<\/div>\n\t<\/div>\n","protected":false},"excerpt":{"rendered":"","protected":false},"author":5,"featured_media":2947,"parent":3234,"menu_order":0,"comment_status":"closed","ping_status":"closed","template":"","meta":{"_acf_changed":false,"inline_featured_image":false,"footnotes":""},"class_list":["post-3237","page","type-page","status-publish","has-post-thumbnail","hentry"],"acf":[],"_links":{"self":[{"href":"https:\/\/www.skaala.com\/en\/wp-json\/wp\/v2\/pages\/3237","targetHints":{"allow":["GET"]}}],"collection":[{"href":"https:\/\/www.skaala.com\/en\/wp-json\/wp\/v2\/pages"}],"about":[{"href":"https:\/\/www.skaala.com\/en\/wp-json\/wp\/v2\/types\/page"}],"author":[{"embeddable":true,"href":"https:\/\/www.skaala.com\/en\/wp-json\/wp\/v2\/users\/5"}],"replies":[{"embeddable":true,"href":"https:\/\/www.skaala.com\/en\/wp-json\/wp\/v2\/comments?post=3237"}],"version-history":[{"count":9,"href":"https:\/\/www.skaala.com\/en\/wp-json\/wp\/v2\/pages\/3237\/revisions"}],"predecessor-version":[{"id":5113,"href":"https:\/\/www.skaala.com\/en\/wp-json\/wp\/v2\/pages\/3237\/revisions\/5113"}],"up":[{"embeddable":true,"href":"https:\/\/www.skaala.com\/en\/wp-json\/wp\/v2\/pages\/3234"}],"wp:featuredmedia":[{"embeddable":true,"href":"https:\/\/www.skaala.com\/en\/wp-json\/wp\/v2\/media\/2947"}],"wp:attachment":[{"href":"https:\/\/www.skaala.com\/en\/wp-json\/wp\/v2\/media?parent=3237"}],"curies":[{"name":"wp","href":"https:\/\/api.w.org\/{rel}","templated":true}]}}