{"id":3242,"date":"2020-05-13T17:31:48","date_gmt":"2020-05-13T14:31:48","guid":{"rendered":"https:\/\/www.skaala.com\/?page_id=3242"},"modified":"2020-05-21T12:50:13","modified_gmt":"2020-05-21T09:50:13","slug":"unclassified-doors","status":"publish","type":"page","link":"https:\/\/www.skaala.com\/en\/doors\/doors-for-public-spaces\/unclassified-doors\/","title":{"rendered":"Unclassified doors"},"content":{"rendered":"\n<div class=\"wp-block-custom-content-area custom-wrapper aligncenter has-light-blue-background-color\"><div class=\"outer-wrap\">\t\n\t<div id=\"heading-block-block_5ebb954db2e88\" class=\"heading-block\">\n\t\t<h1 ><span>Durable indoors for public places<\/span><\/h1>\t<\/div>\n\n\n\n<div id=\"text-block-block_5ebb9552b2e89\" class=\"text-block\">\n\t\t\t<p>Unclassified doors are used for sites requiring resistance which have no soundproofing or fire safety requirement. These shock-resistant doors are used, for instance, in nurseries, schools, hospitals and office buildings.<\/p>\n<p>Skaala\u2019s high-quality unclassified doors are made to measure in Finland. You can select your desired paint tone or veneered surface for the door. Knotless wooden high-quality frames are supplied with the doors, and hardwood frames to match the veneer finish are also available. Skaala will also provide a measuring and installation service for windows.<\/p>\n\t<\/div>\n\n<\/div><\/div>\n\n\n\n<div class=\"wp-block-custom-content-area custom-wrapper aligncenter has-dark-gray-background-color\"><div class=\"outer-wrap\">\t\n\t<div id=\"heading-block-block_5eaa928d3bb9c\" class=\"heading-block\">\n\t\t<h2 ><span>Products<\/span><\/h2>\t<\/div>\n\n\n\n<div class=\"wp-block-custom-inner-columns has-two-columns custom-columns\"><div class=\"outer-wrap\">\n<div class=\"wp-block-custom-custom-column custom-column\"><div class=\"inner-wrap\">\t\n\t<div id=\"heading-block-block_5eb94a16c755e\" class=\"heading-block\">\n\t\t<h4 ><span>Structure<\/span><\/h4>\t<\/div>\n\n\n\n<div id=\"text-block-block_5eb94a27c755f\" class=\"text-block\">\n\t\t\t<p>Strong 6 mm circular structure with an MDF sheet surface. Massive wooden edge as a standard feature. Thickness of the door leaf is 40 mm.<\/p>\n\t<\/div>\n\n\n\n\t\n\t<div id=\"heading-block-block_5eb94b19c7569\" class=\"heading-block\">\n\t\t<h4 ><span>Glazing<\/span><\/h4>\t<\/div>\n\n\n\n<div id=\"image-block_5ebc03e97f74a\" class=\"image-block\">\n\t\t \n\n\t<\/div>\n\n\n\n\n<div id=\"image-block_5ebc03ed7f74b\" class=\"image-block\">\n\t\t \n\n\t<\/div>\n\n\n\n\n<div id=\"image-block_5ebc03f17f74c\" class=\"image-block\">\n\t\t \n\n\t<\/div>\n\n\n\n\n<div id=\"text-block-block_5eb94b28c756a\" class=\"text-block\">\n\t\t\t<figure><figcaption>Etched glass<br \/>\nSatinbel<\/p>\n<div class=\"fusion-panel panel-default fusion-toggle-no-divider\">\n<div id=\"5f25b9663908e62e4\" class=\"panel-collapse collapse in\">\n<div class=\"panel-body toggle-content fusion-clearfix\">\n<figure><figcaption>Cotswold<\/figcaption><\/figure>\n<\/div>\n<\/div>\n<\/div>\n<div class=\"fusion-panel panel-default fusion-toggle-no-divider\">\n<div class=\"panel-heading\">\n<div class=\"fusion-toggle-icon-wrapper\"><\/div>\n<h4 class=\"panel-title toggle\" data-fontsize=\"24\" data-lineheight=\"30\"><\/h4>\n<\/div>\n<\/div>\n<\/figcaption><\/figure>\n\t<\/div>\n\n\n\n\t\n\t<div id=\"heading-block-block_5eb94b78c756f\" class=\"heading-block\">\n\t\t<h4 ><span>Fittings<\/span><\/h4>\t<\/div>\n\n\n\n<div id=\"text-block-block_5eb94b80c7570\" class=\"text-block\">\n\t\t\t<div class=\"fusion-panel panel-default fusion-toggle-no-divider\">\n<div id=\"c49502770a17894df\" class=\"panel-collapse collapse in\">\n<div class=\"panel-body toggle-content fusion-clearfix\">\n<p>The standard fittings include 2014 or LC190 lock case, height-adjustable hinges 110\u00d730 or height-adjustable symmetrical detachable flap hinges.<\/p>\n<\/div>\n<\/div>\n<\/div>\n<div class=\"fusion-panel panel-default fusion-toggle-no-divider\">\n<div class=\"panel-heading\">\n<div class=\"fusion-toggle-icon-wrapper\"><\/div>\n<h4 class=\"panel-title toggle\" data-fontsize=\"24\" data-lineheight=\"30\"><\/h4>\n<\/div>\n<\/div>\n\t<\/div>\n\n\n\n\t\n\t<div id=\"heading-block-block_5eb94ba3c7573\" class=\"heading-block\">\n\t\t<h4 ><span>Equipment<\/span><\/h4>\t<\/div>\n\n\n\n<div id=\"text-block-block_5eb94bafc7574\" class=\"text-block\">\n\t\t\t<div class=\"fusion-panel panel-default fusion-toggle-no-divider\">\n<div id=\"8d8c495d288ec5dc1\" class=\"panel-collapse collapse in\">\n<div class=\"panel-body toggle-content fusion-clearfix\">\n<p>Ask your dealer for more information on standard and optional accessories for Skaala doors.<\/p>\n<\/div>\n<\/div>\n<\/div>\n\t<\/div>\n\n<\/div><\/div>\n\n\n\n<div class=\"wp-block-custom-custom-column custom-column\"><div class=\"inner-wrap\">\t\n\t<div id=\"heading-block-block_5eb94a2dc7560\" class=\"heading-block\">\n\t\t<h4 ><span>Surface<\/span><\/h4>\t<\/div>\n\n\n\n<div id=\"text-block-block_5eb94a3cc7561\" class=\"text-block\">\n\t\t\t<div class=\"fusion-panel panel-default fusion-toggle-no-divider\">\n<div id=\"575796ab6fc965114\" class=\"panel-collapse collapse in\">\n<div class=\"panel-body toggle-content fusion-clearfix\">\n<p>Painted MDF sheet, and veneer coating for varnished and glazed doors. Standard colour: white (NCS S 0502-Y). Other colours can be ordered. For glazed doors, the surfaces of the door leafs have been varnished. The groove patterns and linings are on both sides of the door leaf.<\/p>\n<\/div>\n<\/div>\n<\/div>\n\t<\/div>\n\n\n\n\t\n\t<div id=\"heading-block-block_5eb94b35c756b\" class=\"heading-block\">\n\t\t<h4 ><span>Frame<\/span><\/h4>\t<\/div>\n\n\n\n<div id=\"text-block-block_5eb94b3cc756c\" class=\"text-block\">\n\t\t\t<div class=\"accordian fusion-accordian\">\n<div id=\"accordion-5472-2\" class=\"panel-group\">\n<div class=\"fusion-panel panel-default fusion-toggle-no-divider\">\n<div id=\"2316eef5b516958f1\" class=\"panel-collapse collapse in\">\n<div class=\"panel-body toggle-content fusion-clearfix\">\n<p>The doors have as standard a painted high-quality wood frame; hardwood frames are available on order. The standard frame depth is 92 mm; other frame depths available on order.<\/p>\n<\/div>\n<\/div>\n<\/div>\n<\/div>\n<\/div>\n\t<\/div>\n\n\n\n\t\n\t<div id=\"heading-block-block_5eb94b8ac7571\" class=\"heading-block\">\n\t\t<h4 ><span>Threshold<\/span><\/h4>\t<\/div>\n\n\n\n<div id=\"text-block-block_5eb94b9bc7572\" class=\"text-block\">\n\t\t\t<p>Hardwood threshold. There is no threshold in interior doors<\/p>\n\t<\/div>\n\n\n\n\t\n\t<div id=\"heading-block-block_5eb94bb5c7575\" class=\"heading-block\">\n\t\t<h4 ><span>Seal<\/span><\/h4>\t<\/div>\n\n\n\n<div id=\"text-block-block_5eb94bbbc7576\" class=\"text-block\">\n\t\t\t<div class=\"fusion-panel panel-default fusion-toggle-no-divider\">\n<div id=\"4defce0c93410ae48\" class=\"panel-collapse collapse in\">\n<div class=\"panel-body toggle-content fusion-clearfix\">\n<p>The frame has a single seal.<\/p>\n<\/div>\n<\/div>\n<\/div>\n\t<\/div>\n\n\n\n\t\n\t<div id=\"heading-block-block_5ebc046f7f74d\" class=\"heading-block\">\n\t\t<h4 ><span>Thermal insulation<\/span><\/h4>\t<\/div>\n\n\n\n<div id=\"text-block-block_5ebc04787f74e\" class=\"text-block\">\n\t\t\t<div class=\"fusion-panel panel-default fusion-toggle-no-divider\">\n<div id=\"526ac5cd74b680366\" class=\"panel-collapse collapse in\">\n<div class=\"panel-body toggle-content fusion-clearfix\">\n<p>There is polystyrene insulation reinforcing the door structure.<\/p>\n<\/div>\n<\/div>\n<\/div>\n<div class=\"fusion-panel panel-default fusion-toggle-no-divider\">\n<div class=\"panel-heading\">\n<div class=\"fusion-toggle-icon-wrapper\"><\/div>\n<h4 class=\"panel-title toggle\" data-fontsize=\"24\" data-lineheight=\"30\"><\/h4>\n<\/div>\n<\/div>\n\t<\/div>\n\n\n\n\t\n\t<div id=\"heading-block-block_5ebc04927f74f\" class=\"heading-block\">\n\t\t<h4 ><span>Warranty<\/span><\/h4>\t<\/div>\n\n\n\n<div id=\"text-block-block_5ebc04997f750\" class=\"text-block\">\n\t\t\t<div class=\"accordian fusion-accordian\">\n<div id=\"accordion-5472-3\" class=\"panel-group\">\n<div class=\"fusion-panel panel-default fusion-toggle-no-divider\">\n<div id=\"d1733f9030e2c208c\" class=\"panel-collapse collapse in\">\n<div class=\"panel-body toggle-content fusion-clearfix\">\n<p>Skaala grants a two-year warranty on the construction for unclassified doors.<\/p>\n<\/div>\n<\/div>\n<\/div>\n<\/div>\n<\/div>\n\t<\/div>\n\n<\/div><\/div>\n<\/div><\/div>\n<\/div><\/div>\n\n\n\n<div class=\"wp-block-custom-content-area custom-wrapper aligncenter has-light-blue-background-color\"><div class=\"outer-wrap\">\t\n\t<div id=\"heading-block-block_5ebbf84fe313e\" class=\"heading-block\">\n\t\t<h2 ><span>Why Skaala?<\/span><\/h2>\t<\/div>\n\n\n<div id=\"cards-block_5ebbf869e313f\" class=\"cards-block count-3\">\n<div id=\"cards-block_5ebbf869e313f\" class=\"cards-block--card\">\n\t\t\t<div class=\"icon-block\" style=\"background-image: url('https:\/\/www.skaala.com\/wp-content\/themes\/skaala-2023\/dist\/assets\/images\/icons\/tool-red.svg);\">\n\t\t<\/div>\n\t\t\t\t<h4>Maintenance service<\/h4>\n\t\t\t\t<\/div>\n\t<div id=\"cards-block_5ebbf869e313f\" class=\"cards-block--card\">\n\t\t\t<div class=\"icon-block\" style=\"background-image: url('https:\/\/www.skaala.com\/wp-content\/themes\/skaala-2023\/dist\/assets\/images\/icons\/user-red.svg);\">\n\t\t<\/div>\n\t\t\t\t<h4>Installation service<\/h4>\n\t\t\t\t<\/div>\n\t<div id=\"cards-block_5ebbf869e313f\" class=\"cards-block--card\">\n\t\t\t<div class=\"icon-block\" style=\"background-image: url('https:\/\/www.skaala.com\/wp-content\/themes\/skaala-2023\/dist\/assets\/images\/icons\/pen-tool-red.svg);\">\n\t\t<\/div>\n\t\t\t\t<h4>Design and measuring service<\/h4>\n\t\t\t\t<\/div>\n\t<\/div>\n<\/div><\/div>\n\n\n<div class=\"featured-items-block block\">\n\t<div class=\"featured-item\">\n\t\t<div class=\"content-half has-dark-gray-background-color\">\n\t\t\t<div class=\"featured-item--content grid-item\">\n\t\t\t\t\t\t<a class=\"button button-large\" href=\"https:\/\/www.skaala.com\/en\/doors\/door-features\/\">Door features<\/a>\n\t\t\t\t\t\t<\/div>\n\t\t<\/div>\n\t\t\t\t<div class=\"featured-item--image grid-item\"\n\t\t\t\t\tdata-interchange=\"\n\t\t\t\t\t[https:\/\/www.skaala.com\/wp-content\/uploads\/2023\/10\/Skaala-Vantaa-showroom-1024x684.jpg, small], \n\t\t\t\t\t[https:\/\/www.skaala.com\/wp-content\/uploads\/2023\/10\/Skaala-Vantaa-showroom-1024x684.jpg, medium], \n\t\t\t\t\t[https:\/\/www.skaala.com\/wp-content\/uploads\/2023\/10\/Skaala-Vantaa-showroom-1200x802.jpg, large], \n\t\t\t\t\t[https:\/\/www.skaala.com\/wp-content\/uploads\/2023\/10\/Skaala-Vantaa-showroom-1536x1026.jpg, xlarge]\"\n\t\t\t\t\t>\n\t\t<\/div>\n\t\t\t<\/div>\n\t\t<div class=\"featured-item\">\n\t\t<div class=\"content-half has-dark-gray-background-color\">\n\t\t\t<div class=\"featured-item--content grid-item\">\n\t\t\t\t\t\t<a class=\"button button-large\" href=\"https:\/\/www.skaala.com\/en\/doors\/door-maintenance\/\">Door maintenance<\/a>\n\t\t\t\t\t\t<\/div>\n\t\t<\/div>\n\t\t\t\t<div class=\"featured-item--image grid-item\"\n\t\t\t\t\tdata-interchange=\"\n\t\t\t\t\t[https:\/\/www.skaala.com\/wp-content\/uploads\/2020\/05\/Skaalan-asennuspavelu-rajattu-1024x1180.jpg, small], \n\t\t\t\t\t[https:\/\/www.skaala.com\/wp-content\/uploads\/2020\/05\/Skaalan-asennuspavelu-rajattu-1024x1180.jpg, medium], \n\t\t\t\t\t[https:\/\/www.skaala.com\/wp-content\/uploads\/2020\/05\/Skaalan-asennuspavelu-rajattu-1200x1383.jpg, large], \n\t\t\t\t\t[https:\/\/www.skaala.com\/wp-content\/uploads\/2020\/05\/Skaalan-asennuspavelu-rajattu-1333x1536.jpg, xlarge]\"\n\t\t\t\t\t>\n\t\t<\/div>\n\t\t\t<\/div>\n\t\t<div class=\"featured-item\">\n\t\t<div class=\"content-half has-dark-gray-background-color\">\n\t\t\t<div class=\"featured-item--content grid-item\">\n\t\t\t\t\t\t<a class=\"button button-large\" href=\"https:\/\/www.skaala.com\/fi\/ota-yhteytta\/yhteystiedot\/\">Yhteystiedot &#8211; Etsitk\u00f6 myyj\u00e4\u00e4 alueellasi tai oikeaa yhteyshenkil\u00f6\u00e4 toimistolta?\u00a0<\/a>\n\t\t\t\t\t\t<\/div>\n\t\t<\/div>\n\t\t\t\t<div class=\"featured-item--image grid-item\"\n\t\t\t\t\tdata-interchange=\"\n\t\t\t\t\t[https:\/\/www.skaala.com\/wp-content\/uploads\/2023\/08\/Olohuoneenautoikkunat-1024x1536.jpg, small], \n\t\t\t\t\t[https:\/\/www.skaala.com\/wp-content\/uploads\/2023\/08\/Olohuoneenautoikkunat-1024x1536.jpg, medium], \n\t\t\t\t\t[https:\/\/www.skaala.com\/wp-content\/uploads\/2023\/08\/Olohuoneenautoikkunat-1200x1800.jpg, large], \n\t\t\t\t\t[https:\/\/www.skaala.com\/wp-content\/uploads\/2023\/08\/Olohuoneenautoikkunat-1024x1536.jpg, xlarge]\"\n\t\t\t\t\t>\n\t\t<\/div>\n\t\t\t<\/div>\n\t<\/div>\n","protected":false},"excerpt":{"rendered":"","protected":false},"author":5,"featured_media":1542,"parent":3234,"menu_order":0,"comment_status":"closed","ping_status":"closed","template":"","meta":{"_acf_changed":false,"inline_featured_image":false,"footnotes":""},"class_list":["post-3242","page","type-page","status-publish","has-post-thumbnail","hentry"],"acf":[],"_links":{"self":[{"href":"https:\/\/www.skaala.com\/en\/wp-json\/wp\/v2\/pages\/3242","targetHints":{"allow":["GET"]}}],"collection":[{"href":"https:\/\/www.skaala.com\/en\/wp-json\/wp\/v2\/pages"}],"about":[{"href":"https:\/\/www.skaala.com\/en\/wp-json\/wp\/v2\/types\/page"}],"author":[{"embeddable":true,"href":"https:\/\/www.skaala.com\/en\/wp-json\/wp\/v2\/users\/5"}],"replies":[{"embeddable":true,"href":"https:\/\/www.skaala.com\/en\/wp-json\/wp\/v2\/comments?post=3242"}],"version-history":[{"count":6,"href":"https:\/\/www.skaala.com\/en\/wp-json\/wp\/v2\/pages\/3242\/revisions"}],"predecessor-version":[{"id":5117,"href":"https:\/\/www.skaala.com\/en\/wp-json\/wp\/v2\/pages\/3242\/revisions\/5117"}],"up":[{"embeddable":true,"href":"https:\/\/www.skaala.com\/en\/wp-json\/wp\/v2\/pages\/3234"}],"wp:featuredmedia":[{"embeddable":true,"href":"https:\/\/www.skaala.com\/en\/wp-json\/wp\/v2\/media\/1542"}],"wp:attachment":[{"href":"https:\/\/www.skaala.com\/en\/wp-json\/wp\/v2\/media?parent=3242"}],"curies":[{"name":"wp","href":"https:\/\/api.w.org\/{rel}","templated":true}]}}