{"id":3245,"date":"2020-05-13T17:34:33","date_gmt":"2020-05-13T14:34:33","guid":{"rendered":"https:\/\/www.skaala.com\/?page_id=3245"},"modified":"2020-05-21T12:45:38","modified_gmt":"2020-05-21T09:45:38","slug":"apartment-doors","status":"publish","type":"page","link":"https:\/\/www.skaala.com\/en\/doors\/apartment-doors\/","title":{"rendered":"Apartment doors"},"content":{"rendered":"\n<div class=\"wp-block-custom-content-area custom-wrapper aligncenter has-light-blue-background-color\"><div class=\"outer-wrap\">\t\n\t<div id=\"heading-block-block_5eaa97920f7de\" class=\"heading-block\">\n\t\t<h1 ><span>Skaala\u2019s high-quality apartment doors are made to measure<\/span><\/h1>\t<\/div>\n\n\n\n<div id=\"text-block-block_5eaa97960f7df\" class=\"text-block\">\n\t\t\t<p>Skaala\u2019s high-quality apartment doors are made to measure in Finland.<\/p>\n<p>You can select desired paint tone or veneered surface for the door. Knotless wooden high-quality frames are supplied with the doors, and hardwood frames to match the veneer finish are also available.<\/p>\n<p>Skaala also provides a measuring and installation service.<\/p>\n\t<\/div>\n\n<\/div><\/div>\n\n\n\n<div class=\"wp-block-custom-content-area custom-wrapper aligncenter has-light-blue-background-color\"><div class=\"outer-wrap\">\t\n\t<div id=\"heading-block-block_5ebbf84fe313e\" class=\"heading-block\">\n\t\t<h2 ><span>Why Skaala?<\/span><\/h2>\t<\/div>\n\n\n<div id=\"cards-block_5ebbf869e313f\" class=\"cards-block count-3\">\n<div id=\"cards-block_5ebbf869e313f\" class=\"cards-block--card\">\n\t\t\t<div class=\"icon-block\" style=\"background-image: url('https:\/\/www.skaala.com\/wp-content\/themes\/skaala-2023\/dist\/assets\/images\/icons\/tool-red.svg);\">\n\t\t<\/div>\n\t\t\t\t<h4>Maintenance service<\/h4>\n\t\t\t\t<\/div>\n\t<div id=\"cards-block_5ebbf869e313f\" class=\"cards-block--card\">\n\t\t\t<div class=\"icon-block\" style=\"background-image: url('https:\/\/www.skaala.com\/wp-content\/themes\/skaala-2023\/dist\/assets\/images\/icons\/user-red.svg);\">\n\t\t<\/div>\n\t\t\t\t<h4>Installation service<\/h4>\n\t\t\t\t<\/div>\n\t<div id=\"cards-block_5ebbf869e313f\" class=\"cards-block--card\">\n\t\t\t<div class=\"icon-block\" style=\"background-image: url('https:\/\/www.skaala.com\/wp-content\/themes\/skaala-2023\/dist\/assets\/images\/icons\/pen-tool-red.svg);\">\n\t\t<\/div>\n\t\t\t\t<h4>Design and measuring service<\/h4>\n\t\t\t\t<\/div>\n\t<\/div>\n<\/div><\/div>\n\n\n\n<div class=\"wp-block-custom-content-area custom-wrapper alignleft has-light-blue-background-color\"><div class=\"outer-wrap\">\t\n\t<div id=\"heading-block-block_5ebc06c67a490\" class=\"heading-block\">\n\t\t<h2 ><span>Products<\/span><\/h2>\t<\/div>\n\n\n\n<div class=\"wp-block-custom-inner-columns has-two-columns custom-columns\"><div class=\"outer-wrap\">\n<div class=\"wp-block-custom-custom-column custom-column\"><div class=\"inner-wrap\">\t\n\t<div id=\"heading-block-block_5ebc06da7a491\" class=\"heading-block\">\n\t\t<h4 ><span>Structure<\/span><\/h4>\t<\/div>\n\n\n\n<div id=\"text-block-block_5ebc06ec7a493\" class=\"text-block\">\n\t\t\t<div class=\"fusion-panel panel-default fusion-toggle-no-divider\">\n<div id=\"23a0f7dae65939b44\" class=\"panel-collapse collapse in\">\n<div class=\"panel-body toggle-content fusion-clearfix\">\n<p>Strong 6 mm circular structure with an MDF sheet surface. Massive wooden edge as a standard feature. Depending on the soundproofing qualities, the thickness of the door leaf is 40 or 68 mm.<\/p>\n<\/div>\n<\/div>\n<\/div>\n\t<\/div>\n\n\n\n\t\n\t<div id=\"heading-block-block_5ebc06fe7a495\" class=\"heading-block\">\n\t\t<h4 ><span>Fittings<\/span><\/h4>\t<\/div>\n\n\n\n<div id=\"text-block-block_5ebc07187a497\" class=\"text-block\">\n\t\t\t<div class=\"fusion-panel panel-default fusion-toggle-no-divider\">\n<div id=\"8a4c84d34053c51e3\" class=\"panel-collapse collapse in\">\n<div class=\"panel-body toggle-content fusion-clearfix\">\n<p>LC190 or 4190 SYM lock case and height-adjustable hinges 110\u00d730 as standard.<\/p>\n<\/div>\n<\/div>\n<\/div>\n\t<\/div>\n\n\n\n\t\n\t<div id=\"heading-block-block_5ebc072d7a499\" class=\"heading-block\">\n\t\t<h4 ><span>Threshold<\/span><\/h4>\t<\/div>\n\n\n\n<div id=\"text-block-block_5ebc07387a49a\" class=\"text-block\">\n\t\t\t<div class=\"fusion-panel panel-default\">\n<div id=\"7ac8a97f9a8ba68e8\" class=\"panel-collapse collapse in\">\n<div class=\"panel-body toggle-content fusion-clearfix\">\n<p>Hardwood threshold.<\/p>\n<\/div>\n<\/div>\n<\/div>\n\t<\/div>\n\n\n\n\t\n\t<div id=\"heading-block-block_5ebc07567a49d\" class=\"heading-block\">\n\t\t<h4 ><span>Thermal insulation<\/span><\/h4>\t<\/div>\n\n\n\n<div id=\"text-block-block_5ebc07617a49e\" class=\"text-block\">\n\t\t\t<div class=\"fusion-panel panel-default\">\n<div id=\"34a5c50f928898ea0\" class=\"panel-collapse collapse in\">\n<div class=\"panel-body toggle-content fusion-clearfix\">\n<p>There is dB insulation and fire insulation reinforcing the door structure.<\/p>\n<\/div>\n<\/div>\n<\/div>\n\t<\/div>\n\n<\/div><\/div>\n\n\n\n<div class=\"wp-block-custom-custom-column custom-column\"><div class=\"inner-wrap\">\t\n\t<div id=\"heading-block-block_5ebc06de7a492\" class=\"heading-block\">\n\t\t<h4 ><span>Surface<\/span><\/h4>\t<\/div>\n\n\n\n<div id=\"text-block-block_5ebc06f97a494\" class=\"text-block\">\n\t\t\t<div class=\"fusion-panel panel-default fusion-toggle-no-divider\">\n<div id=\"56318bd49ae490cde\" class=\"panel-collapse collapse in\">\n<div class=\"panel-body toggle-content fusion-clearfix\">\n<p>Painted MDF sheet, and veneer coating for varnished and glazed doors. Standard colour: white (NCS S 0502-Y). Other colours can be ordered. For glazed doors, the surfaces of the door leafs have been varnished. The groove patterns and linings are on both sides of the door leaf.<\/p>\n<\/div>\n<\/div>\n<\/div>\n<div class=\"fusion-panel panel-default fusion-toggle-no-divider\">\n<div class=\"panel-heading\">\n<div class=\"fusion-toggle-icon-wrapper\"><\/div>\n<h4 class=\"panel-title toggle\" data-fontsize=\"24\" data-lineheight=\"30\"><\/h4>\n<\/div>\n<\/div>\n\t<\/div>\n\n\n\n\t\n\t<div id=\"heading-block-block_5ebc07027a496\" class=\"heading-block\">\n\t\t<h4 ><span>Frame<\/span><\/h4>\t<\/div>\n\n\n\n<div id=\"text-block-block_5ebc07217a498\" class=\"text-block\">\n\t\t\t<div class=\"accordian fusion-accordian\">\n<div id=\"accordion-5476-2\" class=\"panel-group\">\n<div class=\"fusion-panel panel-default fusion-toggle-no-divider\">\n<div id=\"a956875e133c0d7e8\" class=\"panel-collapse collapse in\">\n<div class=\"panel-body toggle-content fusion-clearfix\">\n<p>The doors have as standard a painted high-quality wood frame; hardwood frames are available on order. The standard frame depth is 92 mm; other frame depths available on order.<\/p>\n<\/div>\n<\/div>\n<\/div>\n<\/div>\n<\/div>\n<div class=\"accordian fusion-accordian\">\n<div id=\"accordion-5476-3\" class=\"panel-group\">\n<div class=\"fusion-panel panel-default\">\n<div class=\"panel-heading\">\n<h4 class=\"panel-title toggle\" data-fontsize=\"24\" data-lineheight=\"30\"><\/h4>\n<\/div>\n<\/div>\n<\/div>\n<\/div>\n\t<\/div>\n\n\n\n\t\n\t<div id=\"heading-block-block_5ebc07427a49b\" class=\"heading-block\">\n\t\t<h4 ><span>Seal<\/span><\/h4>\t<\/div>\n\n\n\n<div id=\"text-block-block_5ebc074e7a49c\" class=\"text-block\">\n\t\t\t<div class=\"fusion-panel panel-default\">\n<div id=\"cfb4462047878d747\" class=\"panel-collapse collapse in\">\n<div class=\"panel-body toggle-content fusion-clearfix\">\n<p>The frame has a single seal.<\/p>\n<\/div>\n<\/div>\n<\/div>\n\t<\/div>\n\n\n\n\t\n\t<div id=\"heading-block-block_5ebc07687a49f\" class=\"heading-block\">\n\t\t<h4 ><span>Warranty<\/span><\/h4>\t<\/div>\n\n\n\n<div id=\"text-block-block_5ebc07777a4a0\" class=\"text-block\">\n\t\t\t<div class=\"accordian fusion-accordian\">\n<div id=\"accordion-5476-3\" class=\"panel-group\">\n<div class=\"fusion-panel panel-default\">\n<div id=\"889d9d6a8ea962e24\" class=\"panel-collapse collapse in\">\n<div class=\"panel-body toggle-content fusion-clearfix\">\n<p>Skaala grants a two-year warranty on the construction for dB and fire-proof doors.<\/p>\n<\/div>\n<\/div>\n<\/div>\n<\/div>\n<\/div>\n\t<\/div>\n\n<\/div><\/div>\n<\/div><\/div>\n<\/div><\/div>\n\n\n<div class=\"featured-items-block block\">\n\t<div class=\"featured-item\">\n\t\t<div class=\"content-half has-dark-gray-background-color\">\n\t\t\t<div class=\"featured-item--content grid-item\">\n\t\t\t\t\t\t<a class=\"button button-large\" href=\"https:\/\/www.skaala.com\/en\/doors\/door-features\/\">Door features<\/a>\n\t\t\t\t\t\t<\/div>\n\t\t<\/div>\n\t\t\t\t<div class=\"featured-item--image grid-item\"\n\t\t\t\t\tdata-interchange=\"\n\t\t\t\t\t[https:\/\/www.skaala.com\/wp-content\/uploads\/2023\/10\/Skaala-Vantaa-showroom-1024x684.jpg, small], \n\t\t\t\t\t[https:\/\/www.skaala.com\/wp-content\/uploads\/2023\/10\/Skaala-Vantaa-showroom-1024x684.jpg, medium], \n\t\t\t\t\t[https:\/\/www.skaala.com\/wp-content\/uploads\/2023\/10\/Skaala-Vantaa-showroom-1200x802.jpg, large], \n\t\t\t\t\t[https:\/\/www.skaala.com\/wp-content\/uploads\/2023\/10\/Skaala-Vantaa-showroom-1536x1026.jpg, xlarge]\"\n\t\t\t\t\t>\n\t\t<\/div>\n\t\t\t<\/div>\n\t\t<div class=\"featured-item\">\n\t\t<div class=\"content-half has-dark-gray-background-color\">\n\t\t\t<div class=\"featured-item--content grid-item\">\n\t\t\t\t\t\t<a class=\"button button-large\" href=\"https:\/\/www.skaala.com\/en\/doors\/door-maintenance\/\">Door maintenance<\/a>\n\t\t\t\t\t\t<\/div>\n\t\t<\/div>\n\t\t\t\t<div class=\"featured-item--image grid-item\"\n\t\t\t\t\tdata-interchange=\"\n\t\t\t\t\t[https:\/\/www.skaala.com\/wp-content\/uploads\/2020\/05\/Skaalan-asennuspavelu-rajattu-1024x1180.jpg, small], \n\t\t\t\t\t[https:\/\/www.skaala.com\/wp-content\/uploads\/2020\/05\/Skaalan-asennuspavelu-rajattu-1024x1180.jpg, medium], \n\t\t\t\t\t[https:\/\/www.skaala.com\/wp-content\/uploads\/2020\/05\/Skaalan-asennuspavelu-rajattu-1200x1383.jpg, large], \n\t\t\t\t\t[https:\/\/www.skaala.com\/wp-content\/uploads\/2020\/05\/Skaalan-asennuspavelu-rajattu-1333x1536.jpg, xlarge]\"\n\t\t\t\t\t>\n\t\t<\/div>\n\t\t\t<\/div>\n\t\t<div class=\"featured-item\">\n\t\t<div class=\"content-half has-dark-gray-background-color\">\n\t\t\t<div class=\"featured-item--content grid-item\">\n\t\t\t\t\t\t<a class=\"button button-large\" href=\"https:\/\/www.skaala.com\/fi\/ota-yhteytta\/yhteystiedot\/\">Yhteystiedot &#8211; Etsitk\u00f6 myyj\u00e4\u00e4 alueellasi tai oikeaa yhteyshenkil\u00f6\u00e4 toimistolta?\u00a0<\/a>\n\t\t\t\t\t\t<\/div>\n\t\t<\/div>\n\t\t\t\t<div class=\"featured-item--image grid-item\"\n\t\t\t\t\tdata-interchange=\"\n\t\t\t\t\t[https:\/\/www.skaala.com\/wp-content\/uploads\/2023\/08\/Olohuoneenautoikkunat-1024x1536.jpg, small], \n\t\t\t\t\t[https:\/\/www.skaala.com\/wp-content\/uploads\/2023\/08\/Olohuoneenautoikkunat-1024x1536.jpg, medium], \n\t\t\t\t\t[https:\/\/www.skaala.com\/wp-content\/uploads\/2023\/08\/Olohuoneenautoikkunat-1200x1800.jpg, large], \n\t\t\t\t\t[https:\/\/www.skaala.com\/wp-content\/uploads\/2023\/08\/Olohuoneenautoikkunat-1024x1536.jpg, xlarge]\"\n\t\t\t\t\t>\n\t\t<\/div>\n\t\t\t<\/div>\n\t<\/div>\n","protected":false},"excerpt":{"rendered":"","protected":false},"author":5,"featured_media":19523,"parent":3221,"menu_order":0,"comment_status":"closed","ping_status":"closed","template":"","meta":{"_acf_changed":false,"inline_featured_image":false,"footnotes":""},"class_list":["post-3245","page","type-page","status-publish","has-post-thumbnail","hentry"],"acf":[],"_links":{"self":[{"href":"https:\/\/www.skaala.com\/en\/wp-json\/wp\/v2\/pages\/3245","targetHints":{"allow":["GET"]}}],"collection":[{"href":"https:\/\/www.skaala.com\/en\/wp-json\/wp\/v2\/pages"}],"about":[{"href":"https:\/\/www.skaala.com\/en\/wp-json\/wp\/v2\/types\/page"}],"author":[{"embeddable":true,"href":"https:\/\/www.skaala.com\/en\/wp-json\/wp\/v2\/users\/5"}],"replies":[{"embeddable":true,"href":"https:\/\/www.skaala.com\/en\/wp-json\/wp\/v2\/comments?post=3245"}],"version-history":[{"count":9,"href":"https:\/\/www.skaala.com\/en\/wp-json\/wp\/v2\/pages\/3245\/revisions"}],"predecessor-version":[{"id":23633,"href":"https:\/\/www.skaala.com\/en\/wp-json\/wp\/v2\/pages\/3245\/revisions\/23633"}],"up":[{"embeddable":true,"href":"https:\/\/www.skaala.com\/en\/wp-json\/wp\/v2\/pages\/3221"}],"wp:featuredmedia":[{"embeddable":true,"href":"https:\/\/www.skaala.com\/en\/wp-json\/wp\/v2\/media\/19523"}],"wp:attachment":[{"href":"https:\/\/www.skaala.com\/en\/wp-json\/wp\/v2\/media?parent=3245"}],"curies":[{"name":"wp","href":"https:\/\/api.w.org\/{rel}","templated":true}]}}