{"id":3261,"date":"2020-05-13T18:01:57","date_gmt":"2020-05-13T15:01:57","guid":{"rendered":"https:\/\/www.skaala.com\/?page_id=3261"},"modified":"2025-08-20T09:46:39","modified_gmt":"2025-08-20T06:46:39","slug":"services","status":"publish","type":"page","link":"https:\/\/www.skaala.com\/en\/services\/","title":{"rendered":"Services"},"content":{"rendered":"\n<div class=\"animated-hero\">\n\t\t\t<div class=\"animated-hero--image image-0\" style=\"background-image: url(https:\/\/www.skaala.com\/wp-content\/uploads\/2020\/05\/Ryhma\u0308tyo\u0308-Mila-e1660221355290.jpg);\">\n\t\t<\/div>\n\t\t<div class=\"animated-hero--content\">\n\t\t\t\t\t<h1>Services<span class=\"red-dot\">.<\/span><\/h1>\n\t\t\t<\/div>\n\t\n<\/div>\n\n\t\n\n\n<div class=\"wp-block-custom-content-area custom-wrapper aligncenter has-light-blue-background-color\"><div class=\"outer-wrap\">\t\n\t<div id=\"heading-block-block_34fe6ec0f8142afc1d42d7802c3a1871\" class=\"heading-block\">\n\t\t<h2 ><span>We value our customers<\/span><\/h2>\t<\/div>\n\n\n\n<div id=\"text-block-block_296bf532c460a3e9ca6f4eff274b23dd\" class=\"text-block\">\n\t\t\t<p>Professional and reliable service. Professionals at Skaala are known for their adept and reliable service.<\/p>\n<p>Call and tell us how we can help you!<\/p>\n\t<\/div>\n\n<\/div><\/div>\n\n\n\n<div class=\"wp-block-custom-content-area custom-wrapper aligncenter has-dark-gray-background-color\"><div class=\"outer-wrap\">\t\n\t<div id=\"heading-block-block_ea3bd0b6a9135680965d9b30d0a67e7d\" class=\"heading-block\">\n\t\t<h2 ><span>Our services<\/span><\/h2>\t<\/div>\n\n\n\n<div id=\"text-block-block_6852d1f6ff6175db340a0844e370785f\" class=\"text-block\">\n\t\t\t<p>Professional installation is one of the cornerstones of our customer service. Skaala installation crews consist of service professionals who never compromise on the finished job. In renovation projects, we will make sure that the old product is recycled or disposed of appropriately.<\/p>\n<p>We design and measure free of charge. Skaala\u2019s service includes designing and measuring, which guarantees successful final result.<\/p>\n\t<\/div>\n\n\n\n<div class=\"featured-pages__grid featured-pages-block count-2\">\n\t\t<div class=\"featured-pages__grid--item\">\n\t\t<a href=\"https:\/\/www.skaala.com\/en\/services\/installation-service\/\">\n\t\t<div class=\"featured-image\" role=\"banner\" data-interchange=\"[https:\/\/www.skaala.com\/wp-content\/uploads\/2020\/05\/Skaalan-asennuspavelu-rajattu2-640x582.jpg, small], [https:\/\/www.skaala.com\/wp-content\/uploads\/2020\/05\/Skaalan-asennuspavelu-rajattu2-1024x932.jpg, medium], [https:\/\/www.skaala.com\/wp-content\/uploads\/2020\/05\/Skaalan-asennuspavelu-rajattu2-1200x1092.jpg, large], [https:\/\/www.skaala.com\/wp-content\/uploads\/2020\/05\/Skaalan-asennuspavelu-rajattu2-1536x1398.jpg, xlarge]\">\n\t\t\t<p class=\"button\">Installation service<\/p>\n\t\t<\/div>\n\t\t<\/a>\n\t<\/div>\n\t\t\t<div class=\"featured-pages__grid--item\">\n\t\t<a href=\"https:\/\/www.skaala.com\/fi\/palvelut\/mittaus-ja-suunnittelupalvelu\/\">\n\t\t<div class=\"featured-image\" role=\"banner\" data-interchange=\"[https:\/\/www.skaala.com\/wp-content\/uploads\/2020\/05\/Anne-Mari-seisoo-na\u0308kyma\u0308-640x427.jpg, small], [https:\/\/www.skaala.com\/wp-content\/uploads\/2020\/05\/Anne-Mari-seisoo-na\u0308kyma\u0308-1024x683.jpg, medium], [https:\/\/www.skaala.com\/wp-content\/uploads\/2020\/05\/Anne-Mari-seisoo-na\u0308kyma\u0308-1200x800.jpg, large], [https:\/\/www.skaala.com\/wp-content\/uploads\/2020\/05\/Anne-Mari-seisoo-na\u0308kyma\u0308-1536x1024.jpg, xlarge]\">\n\t\t\t<p class=\"button\">Skaalan ilmainen arviointik\u00e4ynti<\/p>\n\t\t<\/div>\n\t\t<\/a>\n\t<\/div>\n\t<\/div>\n<\/div><\/div>\n\n\n<div class=\"featured-items-block block\">\n\t<div class=\"featured-item\">\n\t\t<div class=\"content-half has-dark-gray-background-color\">\n\t\t\t<div class=\"featured-item--content grid-item\">\n\t\t\t\t\t\t<a class=\"button button-large\" href=\"https:\/\/www.skaala.com\/fi\/ota-yhteytta\/yhteystiedot\/\">Yhteystiedot &#8211; Etsitk\u00f6 myyj\u00e4\u00e4 alueellasi tai oikeaa yhteyshenkil\u00f6\u00e4 toimistolta?\u00a0<\/a>\n\t\t\t\t\t\t<\/div>\n\t\t<\/div>\n\t\t\t\t<div class=\"featured-item--image grid-item\"\n\t\t\t\t\tdata-interchange=\"\n\t\t\t\t\t[https:\/\/www.skaala.com\/wp-content\/uploads\/2023\/08\/Olohuoneenautoikkunat-1024x1536.jpg, small], \n\t\t\t\t\t[https:\/\/www.skaala.com\/wp-content\/uploads\/2023\/08\/Olohuoneenautoikkunat-1024x1536.jpg, medium], \n\t\t\t\t\t[https:\/\/www.skaala.com\/wp-content\/uploads\/2023\/08\/Olohuoneenautoikkunat-1200x1800.jpg, large], \n\t\t\t\t\t[https:\/\/www.skaala.com\/wp-content\/uploads\/2023\/08\/Olohuoneenautoikkunat-1024x1536.jpg, xlarge]\"\n\t\t\t\t\t>\n\t\t<\/div>\n\t\t\t<\/div>\n\t<\/div>\n","protected":false},"excerpt":{"rendered":"","protected":false},"author":5,"featured_media":1414,"parent":0,"menu_order":0,"comment_status":"closed","ping_status":"closed","template":"","meta":{"_acf_changed":false,"inline_featured_image":false,"footnotes":""},"class_list":["post-3261","page","type-page","status-publish","has-post-thumbnail","hentry"],"acf":[],"_links":{"self":[{"href":"https:\/\/www.skaala.com\/en\/wp-json\/wp\/v2\/pages\/3261","targetHints":{"allow":["GET"]}}],"collection":[{"href":"https:\/\/www.skaala.com\/en\/wp-json\/wp\/v2\/pages"}],"about":[{"href":"https:\/\/www.skaala.com\/en\/wp-json\/wp\/v2\/types\/page"}],"author":[{"embeddable":true,"href":"https:\/\/www.skaala.com\/en\/wp-json\/wp\/v2\/users\/5"}],"replies":[{"embeddable":true,"href":"https:\/\/www.skaala.com\/en\/wp-json\/wp\/v2\/comments?post=3261"}],"version-history":[{"count":7,"href":"https:\/\/www.skaala.com\/en\/wp-json\/wp\/v2\/pages\/3261\/revisions"}],"predecessor-version":[{"id":25185,"href":"https:\/\/www.skaala.com\/en\/wp-json\/wp\/v2\/pages\/3261\/revisions\/25185"}],"wp:featuredmedia":[{"embeddable":true,"href":"https:\/\/www.skaala.com\/en\/wp-json\/wp\/v2\/media\/1414"}],"wp:attachment":[{"href":"https:\/\/www.skaala.com\/en\/wp-json\/wp\/v2\/media?parent=3261"}],"curies":[{"name":"wp","href":"https:\/\/api.w.org\/{rel}","templated":true}]}}