{"id":3269,"date":"2020-05-13T18:20:12","date_gmt":"2020-05-13T15:20:12","guid":{"rendered":"https:\/\/www.skaala.com\/?page_id=3269"},"modified":"2020-05-21T13:28:59","modified_gmt":"2020-05-21T10:28:59","slug":"maintenance-service","status":"publish","type":"page","link":"https:\/\/www.skaala.com\/en\/services\/maintenance-service\/","title":{"rendered":"Maintenance service"},"content":{"rendered":"\n\t\t<header class=\"featured-hero article\" role=\"banner\" data-interchange=\"[https:\/\/www.skaala.com\/wp-content\/uploads\/2020\/05\/Pate-sorvaa-2-640x200.jpg, small], [https:\/\/www.skaala.com\/wp-content\/uploads\/2020\/05\/Pate-sorvaa-2-1280x400.jpg, medium], [https:\/\/www.skaala.com\/wp-content\/uploads\/2020\/05\/Pate-sorvaa-2-1440x400.jpg, large], [https:\/\/www.skaala.com\/wp-content\/uploads\/2020\/05\/Pate-sorvaa-2-1920x400.jpg, xlarge]\">\n\t\t\t\t\t<h1>Maintenance service<\/h1>\n\t\t<\/header>\n\t\t\n\n\n<div class=\"wp-block-custom-content-area custom-wrapper alignleft has-light-blue-background-color\"><div class=\"outer-wrap\">\t\n\t<div id=\"heading-block-block_5ea17dcbbf068\" class=\"heading-block\">\n\t\t<h2 ><span>Maintenance service operates in Finland<\/span><\/h2>\t<\/div>\n\n\n\n<div id=\"text-block-block_5ea17dd4bf069\" class=\"text-block\">\n\t\t\t<div class=\"fusion-layout-column fusion_builder_column fusion_builder_column_1_1 fusion-builder-column-1 fusion-one-full fusion-column-first fusion-column-last 1_1\">\n<div class=\"fusion-column-wrapper\" data-bg-url=\"\">\n<div class=\"fusion-text\">\n<h4 data-fontsize=\"24\" data-lineheight=\"30\">Scratched paintwork? Lost a window handle? Door no longer working properly? Seal coming off? Squeaky hinges? Cracked glass?<\/h4>\n<\/div>\n<div class=\"fusion-clearfix\"><\/div>\n<\/div>\n<\/div>\n<div class=\"fusion-layout-column fusion_builder_column fusion_builder_column_1_2 fusion-builder-column-2 fusion-one-half fusion-column-first 1_2\">\n<div class=\"fusion-column-wrapper\" data-bg-url=\"\">\n<div class=\"fusion-text\">\n<p>If you need repairs, spare parts or help with maintenance, get in touch with Skaala\u2019s maintenance service. We can fix your product quickly and without hassle.<\/p>\n<p>Regular maintenance and prompt repairs help protect your product and keep it in good working order. We carry out maintenance jobs of all sizes.<\/p>\n<p>For example:<\/p>\n<ul>\n<li>Periodic maintenance<\/li>\n<li>Product adjustments<\/li>\n<li>Replacement of wearing parts (e.g. seals and filters)<\/li>\n<li>Paintwork repairs<\/li>\n<li>Glass replacement<\/li>\n<\/ul>\n<p>Our experts will always give you a quote free of charge.<\/p>\n<\/div>\n<\/div>\n<\/div>\n\t<\/div>\n\n\n\n\n<div id=\"text-block-block_5ec657718fa15\" class=\"text-block\">\n\t\t\t<p>Order spareparts for Your Skaala products online<\/p>\n\t<\/div>\n\n\n\n\n<a href=\"https:\/\/skaala.omaverkkokauppa.fi\/\" id=\"button-block-block_5ec657868fa16\" class=\"button-block button\" target=\"\" rel=\"noopener\">Sparepart webshop (Finland and Sweden)<\/a>\n\n<\/div><\/div>\n\n\n<div class=\"featured-items-block block\">\n\t<div class=\"featured-item\">\n\t\t<div class=\"content-half has-dark-gray-background-color\">\n\t\t\t<div class=\"featured-item--content grid-item\">\n\t\t\t\t\t\t<a class=\"button button-large\" href=\"https:\/\/www.skaala.com\/fi\/ota-yhteytta\/yhteystiedot\/\">Yhteystiedot &#8211; Etsitk\u00f6 myyj\u00e4\u00e4 alueellasi tai oikeaa yhteyshenkil\u00f6\u00e4 toimistolta?\u00a0<\/a>\n\t\t\t\t\t\t<\/div>\n\t\t<\/div>\n\t\t\t\t<div class=\"featured-item--image grid-item\"\n\t\t\t\t\tdata-interchange=\"\n\t\t\t\t\t[https:\/\/www.skaala.com\/wp-content\/uploads\/2023\/08\/Olohuoneenautoikkunat-1024x1536.jpg, small], \n\t\t\t\t\t[https:\/\/www.skaala.com\/wp-content\/uploads\/2023\/08\/Olohuoneenautoikkunat-1024x1536.jpg, medium], \n\t\t\t\t\t[https:\/\/www.skaala.com\/wp-content\/uploads\/2023\/08\/Olohuoneenautoikkunat-1200x1800.jpg, large], \n\t\t\t\t\t[https:\/\/www.skaala.com\/wp-content\/uploads\/2023\/08\/Olohuoneenautoikkunat-1024x1536.jpg, xlarge]\"\n\t\t\t\t\t>\n\t\t<\/div>\n\t\t\t<\/div>\n\t\t<div class=\"featured-item\">\n\t\t<div class=\"content-half has-dark-gray-background-color\">\n\t\t\t<div class=\"featured-item--content grid-item\">\n\t\t\t\t\t\t<a class=\"button button-large\" href=\"https:\/\/www.skaala.com\/en\/services\/installation-service\/\">Installation service<\/a>\n\t\t\t\t\t\t<\/div>\n\t\t<\/div>\n\t\t\t\t<div class=\"featured-item--image grid-item\"\n\t\t\t\t\tdata-interchange=\"\n\t\t\t\t\t[https:\/\/www.skaala.com\/wp-content\/uploads\/2020\/05\/Skaalan-asennuspavelu-rajattu2-1024x932.jpg, small], \n\t\t\t\t\t[https:\/\/www.skaala.com\/wp-content\/uploads\/2020\/05\/Skaalan-asennuspavelu-rajattu2-1024x932.jpg, medium], \n\t\t\t\t\t[https:\/\/www.skaala.com\/wp-content\/uploads\/2020\/05\/Skaalan-asennuspavelu-rajattu2-1200x1092.jpg, large], \n\t\t\t\t\t[https:\/\/www.skaala.com\/wp-content\/uploads\/2020\/05\/Skaalan-asennuspavelu-rajattu2-1536x1398.jpg, xlarge]\"\n\t\t\t\t\t>\n\t\t<\/div>\n\t\t\t<\/div>\n\t<\/div>\n","protected":false},"excerpt":{"rendered":"","protected":false},"author":5,"featured_media":1410,"parent":3261,"menu_order":0,"comment_status":"closed","ping_status":"closed","template":"","meta":{"_acf_changed":false,"inline_featured_image":false,"footnotes":""},"class_list":["post-3269","page","type-page","status-publish","has-post-thumbnail","hentry"],"acf":[],"_links":{"self":[{"href":"https:\/\/www.skaala.com\/en\/wp-json\/wp\/v2\/pages\/3269","targetHints":{"allow":["GET"]}}],"collection":[{"href":"https:\/\/www.skaala.com\/en\/wp-json\/wp\/v2\/pages"}],"about":[{"href":"https:\/\/www.skaala.com\/en\/wp-json\/wp\/v2\/types\/page"}],"author":[{"embeddable":true,"href":"https:\/\/www.skaala.com\/en\/wp-json\/wp\/v2\/users\/5"}],"replies":[{"embeddable":true,"href":"https:\/\/www.skaala.com\/en\/wp-json\/wp\/v2\/comments?post=3269"}],"version-history":[{"count":8,"href":"https:\/\/www.skaala.com\/en\/wp-json\/wp\/v2\/pages\/3269\/revisions"}],"predecessor-version":[{"id":5164,"href":"https:\/\/www.skaala.com\/en\/wp-json\/wp\/v2\/pages\/3269\/revisions\/5164"}],"up":[{"embeddable":true,"href":"https:\/\/www.skaala.com\/en\/wp-json\/wp\/v2\/pages\/3261"}],"wp:featuredmedia":[{"embeddable":true,"href":"https:\/\/www.skaala.com\/en\/wp-json\/wp\/v2\/media\/1410"}],"wp:attachment":[{"href":"https:\/\/www.skaala.com\/en\/wp-json\/wp\/v2\/media?parent=3269"}],"curies":[{"name":"wp","href":"https:\/\/api.w.org\/{rel}","templated":true}]}}