{"id":3292,"date":"2020-05-13T18:45:06","date_gmt":"2020-05-13T15:45:06","guid":{"rendered":"https:\/\/www.skaala.com\/?page_id=3292"},"modified":"2025-08-20T09:45:58","modified_gmt":"2025-08-20T06:45:58","slug":"professionals","status":"publish","type":"page","link":"https:\/\/www.skaala.com\/en\/professionals\/","title":{"rendered":"Professionals"},"content":{"rendered":"\n<div class=\"animated-hero\">\n\t\t\t<div class=\"animated-hero--image image-0\" style=\"background-image: url(https:\/\/www.skaala.com\/wp-content\/uploads\/2020\/05\/AdobeStock_305978610.jpg);\">\n\t\t<\/div>\n\t\t<div class=\"animated-hero--content\">\n\t\t\t\t\t<h1>Professionals<span class=\"red-dot\">.<\/span><\/h1>\n\t\t\t<\/div>\n\t\n<\/div>\n\n\t\n\n\n<div class=\"wp-block-custom-content-area custom-wrapper aligncenter has-light-blue-background-color\"><div class=\"outer-wrap\">\t\n\t<div id=\"heading-block-block_20f8bf78788e2e439833295307740043\" class=\"heading-block\">\n\t\t<h2 ><span>Are you a professional? So are we!<\/span><\/h2>\t<\/div>\n\n\n\n<div id=\"text-block-block_8977ffdc224de575de7237a1fb020c1f\" class=\"text-block\">\n\t\t\t<p>Skaala\u2019s windows and door increase your comfort of living, improve the energy efficiency of your home and are nearly maintenance free.<\/p>\n<p>Skaala is a renowned pioneer regarding energy efficient door and window solutions, so that you can save energy and money. Our products are made in Finland with top-class features.<\/p>\n<p>Professionals at Skaala are known for their adept and reliable service. Our delivery accuracy is the best in the market.<\/p>\n<p>If you need repairs, spare parts or help with maintenance, get in touch with Skaala\u2019s maintenance service.<\/p>\n\t<\/div>\n\n<\/div><\/div>\n\n\n\n<div class=\"wp-block-custom-content-area custom-wrapper aligncenter has-dark-gray-background-color\"><div class=\"outer-wrap\">\n\n<div class=\"featured-pages__grid featured-pages-block count-4\">\n\t\t<div class=\"featured-pages__grid--item\">\n\t\t<a href=\"https:\/\/www.skaala.com\/en\/professionals\/construction-companies\/\">\n\t\t<div class=\"featured-image\" role=\"banner\" data-interchange=\"[https:\/\/www.skaala.com\/wp-content\/uploads\/2020\/05\/Daniel-logistiikka3-640x427.jpg, small], [https:\/\/www.skaala.com\/wp-content\/uploads\/2020\/05\/Daniel-logistiikka3-1024x683.jpg, medium], [https:\/\/www.skaala.com\/wp-content\/uploads\/2020\/05\/Daniel-logistiikka3-1200x800.jpg, large], [https:\/\/www.skaala.com\/wp-content\/uploads\/2020\/05\/Daniel-logistiikka3-1536x1024.jpg, xlarge]\">\n\t\t\t<p class=\"button\">Construction companies<\/p>\n\t\t<\/div>\n\t\t<\/a>\n\t<\/div>\n\t\t\t<div class=\"featured-pages__grid--item\">\n\t\t<a href=\"https:\/\/www.skaala.com\/en\/professionals\/house-factories\/\">\n\t\t<div class=\"featured-image\" role=\"banner\" data-interchange=\"[https:\/\/www.skaala.com\/wp-content\/uploads\/2022\/12\/TaloautoSensuautoliukuovinakymaautowww-640x426.jpg, small], [https:\/\/www.skaala.com\/wp-content\/uploads\/2022\/12\/TaloautoSensuautoliukuovinakymaautowww-1024x681.jpg, medium], [https:\/\/www.skaala.com\/wp-content\/uploads\/2022\/12\/TaloautoSensuautoliukuovinakymaautowww-1200x798.jpg, large], [https:\/\/www.skaala.com\/wp-content\/uploads\/2022\/12\/TaloautoSensuautoliukuovinakymaautowww-1536x1022.jpg, xlarge]\">\n\t\t\t<p class=\"button\">House factories<\/p>\n\t\t<\/div>\n\t\t<\/a>\n\t<\/div>\n\t\t\t<div class=\"featured-pages__grid--item\">\n\t\t<a href=\"https:\/\/www.skaala.com\/en\/professionals\/hardware-stores\/\">\n\t\t<div class=\"featured-image\" role=\"banner\" data-interchange=\"[https:\/\/www.skaala.com\/wp-content\/uploads\/2023\/08\/TEKauto0008-640x427.jpg, small], [https:\/\/www.skaala.com\/wp-content\/uploads\/2023\/08\/TEKauto0008-1024x683.jpg, medium], [https:\/\/www.skaala.com\/wp-content\/uploads\/2023\/08\/TEKauto0008-1200x800.jpg, large], [https:\/\/www.skaala.com\/wp-content\/uploads\/2023\/08\/TEKauto0008-1536x1024.jpg, xlarge]\">\n\t\t\t<p class=\"button\">Hardware stores<\/p>\n\t\t<\/div>\n\t\t<\/a>\n\t<\/div>\n\t\t\t<div class=\"featured-pages__grid--item\">\n\t\t<a href=\"https:\/\/www.skaala.com\/en\/professionals\/designers\/\">\n\t\t<div class=\"featured-image\" role=\"banner\" data-interchange=\"[https:\/\/www.skaala.com\/wp-content\/uploads\/2023\/08\/Skaalaautolasiliukuovi-640x427.jpg, small], [https:\/\/www.skaala.com\/wp-content\/uploads\/2023\/08\/Skaalaautolasiliukuovi-1024x682.jpg, medium], [https:\/\/www.skaala.com\/wp-content\/uploads\/2023\/08\/Skaalaautolasiliukuovi-1200x800.jpg, large], [https:\/\/www.skaala.com\/wp-content\/uploads\/2023\/08\/Skaalaautolasiliukuovi-1536x1024.jpg, xlarge]\">\n\t\t\t<p class=\"button\">Designers<\/p>\n\t\t<\/div>\n\t\t<\/a>\n\t<\/div>\n\t<\/div>\n<\/div><\/div>\n\n\n<div class=\"featured-items-block block\">\n\t<div class=\"featured-item\">\n\t\t<div class=\"content-half has-dark-gray-background-color\">\n\t\t\t<div class=\"featured-item--content grid-item\">\n\t\t\t\t\t\t<a class=\"button button-large\" href=\"https:\/\/www.skaala.com\/fi\/ota-yhteytta\/yhteystiedot\/\">Yhteystiedot &#8211; Etsitk\u00f6 myyj\u00e4\u00e4 alueellasi tai oikeaa yhteyshenkil\u00f6\u00e4 toimistolta?\u00a0<\/a>\n\t\t\t\t\t\t<\/div>\n\t\t<\/div>\n\t\t\t\t<div class=\"featured-item--image grid-item\"\n\t\t\t\t\tdata-interchange=\"\n\t\t\t\t\t[https:\/\/www.skaala.com\/wp-content\/uploads\/2023\/08\/Olohuoneenautoikkunat-1024x1536.jpg, small], \n\t\t\t\t\t[https:\/\/www.skaala.com\/wp-content\/uploads\/2023\/08\/Olohuoneenautoikkunat-1024x1536.jpg, medium], \n\t\t\t\t\t[https:\/\/www.skaala.com\/wp-content\/uploads\/2023\/08\/Olohuoneenautoikkunat-1200x1800.jpg, large], \n\t\t\t\t\t[https:\/\/www.skaala.com\/wp-content\/uploads\/2023\/08\/Olohuoneenautoikkunat-1024x1536.jpg, xlarge]\"\n\t\t\t\t\t>\n\t\t<\/div>\n\t\t\t<\/div>\n\t<\/div>\n","protected":false},"excerpt":{"rendered":"","protected":false},"author":5,"featured_media":17568,"parent":0,"menu_order":0,"comment_status":"closed","ping_status":"closed","template":"","meta":{"_acf_changed":false,"inline_featured_image":false,"footnotes":""},"class_list":["post-3292","page","type-page","status-publish","has-post-thumbnail","hentry"],"acf":[],"_links":{"self":[{"href":"https:\/\/www.skaala.com\/en\/wp-json\/wp\/v2\/pages\/3292","targetHints":{"allow":["GET"]}}],"collection":[{"href":"https:\/\/www.skaala.com\/en\/wp-json\/wp\/v2\/pages"}],"about":[{"href":"https:\/\/www.skaala.com\/en\/wp-json\/wp\/v2\/types\/page"}],"author":[{"embeddable":true,"href":"https:\/\/www.skaala.com\/en\/wp-json\/wp\/v2\/users\/5"}],"replies":[{"embeddable":true,"href":"https:\/\/www.skaala.com\/en\/wp-json\/wp\/v2\/comments?post=3292"}],"version-history":[{"count":5,"href":"https:\/\/www.skaala.com\/en\/wp-json\/wp\/v2\/pages\/3292\/revisions"}],"predecessor-version":[{"id":25184,"href":"https:\/\/www.skaala.com\/en\/wp-json\/wp\/v2\/pages\/3292\/revisions\/25184"}],"wp:featuredmedia":[{"embeddable":true,"href":"https:\/\/www.skaala.com\/en\/wp-json\/wp\/v2\/media\/17568"}],"wp:attachment":[{"href":"https:\/\/www.skaala.com\/en\/wp-json\/wp\/v2\/media?parent=3292"}],"curies":[{"name":"wp","href":"https:\/\/api.w.org\/{rel}","templated":true}]}}