{"id":3295,"date":"2020-05-13T18:46:55","date_gmt":"2020-05-13T15:46:55","guid":{"rendered":"https:\/\/www.skaala.com\/?page_id=3295"},"modified":"2020-05-21T13:19:52","modified_gmt":"2020-05-21T10:19:52","slug":"designers","status":"publish","type":"page","link":"https:\/\/www.skaala.com\/en\/professionals\/designers\/","title":{"rendered":"Designers"},"content":{"rendered":"\n\t<header class=\"featured-hero has-red-background-color\" role=\"banner\">\n\t\t\t<h1>Designers<\/h1>\n\t<\/header>\n\t\n\n\n<div class=\"wp-block-custom-content-area custom-wrapper aligncenter has-light-blue-background-color\"><div class=\"outer-wrap\">\t\n\t<div id=\"heading-block-block_5ea000f2854eb\" class=\"heading-block\">\n\t\t<h2 ><span>Energy efficient pioneer products<\/span><\/h2>\t<\/div>\n\n\n\n<div id=\"text-block-block_5ea000f5854ec\" class=\"text-block\">\n\t\t\t<p>Energy efficient pioneer products. Founded in 1956, Skaala is one of the largest suppliers of windows, doors and glazing solutions in the Nordic countries. Since 2017, Skaala has been part of the Austrian IFN group, Europe\u2019s leading window brand.<\/p>\n<p>At Skaala, we combine long-standing joinery traditions and skills with modern production methods and latest product solutions. We are renowned for our energy-efficient products and holistic service concept. In addition to our strong presence in Finland, Skaala products are also popular in Sweden, the UK and Russia. Our window manufacturing unit in St. Petersburg serves the Russian market.<\/p>\n<p>Skaala\u2019s main factory is in Kauhava in the South Ostrobothnia region of Finland. We are proud to have amassed multiple awards for product development, quality, energy-efficiency and sustainability.<\/p>\n<p>For architects and designers we offer the detailed information of our products in our Planner service.<\/p>\n\t<\/div>\n\n<\/div><\/div>\n\n\n\n<div class=\"wp-block-custom-content-area custom-wrapper aligncenter has-dark-gray-background-color\"><div class=\"outer-wrap\">\t\n\t<div id=\"heading-block-block_5ebb9c0898832\" class=\"heading-block\">\n\t\t<h2 ><span>Planner service<\/span><\/h2>\t<\/div>\n\n\n\n<div id=\"text-block-block_5ebb9c1498833\" class=\"text-block\">\n\t<\/div>\n\n\n\n\n\n<\/div><\/div>\n\n\n<div class=\"featured-items-block block\">\n\t<div class=\"featured-item\">\n\t\t<div class=\"content-half has-dark-gray-background-color\">\n\t\t\t<div class=\"featured-item--content grid-item\">\n\t\t\t\t\t\t<a class=\"button button-large\" href=\"https:\/\/www.skaala.com\/fi\/ota-yhteytta\/yhteystiedot\/\">Yhteystiedot &#8211; Etsitk\u00f6 myyj\u00e4\u00e4 alueellasi tai oikeaa yhteyshenkil\u00f6\u00e4 toimistolta?\u00a0<\/a>\n\t\t\t\t\t\t<\/div>\n\t\t<\/div>\n\t\t\t\t<div class=\"featured-item--image grid-item\"\n\t\t\t\t\tdata-interchange=\"\n\t\t\t\t\t[https:\/\/www.skaala.com\/wp-content\/uploads\/2023\/08\/Olohuoneenautoikkunat-1024x1536.jpg, small], \n\t\t\t\t\t[https:\/\/www.skaala.com\/wp-content\/uploads\/2023\/08\/Olohuoneenautoikkunat-1024x1536.jpg, medium], \n\t\t\t\t\t[https:\/\/www.skaala.com\/wp-content\/uploads\/2023\/08\/Olohuoneenautoikkunat-1200x1800.jpg, large], \n\t\t\t\t\t[https:\/\/www.skaala.com\/wp-content\/uploads\/2023\/08\/Olohuoneenautoikkunat-1024x1536.jpg, xlarge]\"\n\t\t\t\t\t>\n\t\t<\/div>\n\t\t\t<\/div>\n\t<\/div>\n","protected":false},"excerpt":{"rendered":"","protected":false},"author":5,"featured_media":16553,"parent":3292,"menu_order":0,"comment_status":"closed","ping_status":"closed","template":"","meta":{"_acf_changed":false,"inline_featured_image":false,"footnotes":""},"class_list":["post-3295","page","type-page","status-publish","has-post-thumbnail","hentry"],"acf":[],"_links":{"self":[{"href":"https:\/\/www.skaala.com\/en\/wp-json\/wp\/v2\/pages\/3295","targetHints":{"allow":["GET"]}}],"collection":[{"href":"https:\/\/www.skaala.com\/en\/wp-json\/wp\/v2\/pages"}],"about":[{"href":"https:\/\/www.skaala.com\/en\/wp-json\/wp\/v2\/types\/page"}],"author":[{"embeddable":true,"href":"https:\/\/www.skaala.com\/en\/wp-json\/wp\/v2\/users\/5"}],"replies":[{"embeddable":true,"href":"https:\/\/www.skaala.com\/en\/wp-json\/wp\/v2\/comments?post=3295"}],"version-history":[{"count":3,"href":"https:\/\/www.skaala.com\/en\/wp-json\/wp\/v2\/pages\/3295\/revisions"}],"predecessor-version":[{"id":5150,"href":"https:\/\/www.skaala.com\/en\/wp-json\/wp\/v2\/pages\/3295\/revisions\/5150"}],"up":[{"embeddable":true,"href":"https:\/\/www.skaala.com\/en\/wp-json\/wp\/v2\/pages\/3292"}],"wp:featuredmedia":[{"embeddable":true,"href":"https:\/\/www.skaala.com\/en\/wp-json\/wp\/v2\/media\/16553"}],"wp:attachment":[{"href":"https:\/\/www.skaala.com\/en\/wp-json\/wp\/v2\/media?parent=3295"}],"curies":[{"name":"wp","href":"https:\/\/api.w.org\/{rel}","templated":true}]}}