{"id":3298,"date":"2020-05-13T18:50:25","date_gmt":"2020-05-13T15:50:25","guid":{"rendered":"https:\/\/www.skaala.com\/?page_id=3298"},"modified":"2020-05-21T13:19:16","modified_gmt":"2020-05-21T10:19:16","slug":"construction-companies","status":"publish","type":"page","link":"https:\/\/www.skaala.com\/en\/professionals\/construction-companies\/","title":{"rendered":"Construction companies"},"content":{"rendered":"\n\t<header class=\"featured-hero has-red-background-color\" role=\"banner\">\n\t\t\t<h1>Construction companies<\/h1>\n\t<\/header>\n\t\n\n\n<div class=\"wp-block-custom-content-area custom-wrapper aligncenter has-light-blue-background-color\"><div class=\"outer-wrap\">\t\n\t<div id=\"heading-block-block_5ea000f2854eb\" class=\"heading-block\">\n\t\t<h2 ><span>Trustworthy and accurate service<\/span><\/h2>\t<\/div>\n\n\n\n<div id=\"text-block-block_5ea000f5854ec\" class=\"text-block\">\n\t\t\t<p><span style=\"font-size: inherit;\">As a partner, Skaala IFN Oy is big enough but still agile.\u00a0 <\/span><\/p>\n<p><span style=\"font-size: inherit;\">Our delivery accuracy is close to 100%. We will hold on to the agreed delivery times. Our roots are deep in Finnish soil and our co-operation with construction companies date back tens of years. We walk the talk from planning to production and from installation to after sales.\u00a0 <\/span><\/p>\n<p><span style=\"font-size: inherit;\">Our main factory in Southern Ostrobothnia runs in three shifts so no project is too big for us. Still, we are very agile to change plans and schedules if our customer wishes.\u00a0<\/span><\/p>\n<p><span style=\"font-size: inherit;\"> In 2017 we became part of the IFN Group. IFN Holding (Internationales Fenster Netzwerk) is Europe\u2019s market leader for integrated solutions for windows.\u00a0<\/span><\/p>\n\t<\/div>\n\n<\/div><\/div>\n\n\n<div class=\"featured-items-block block\">\n\t<div class=\"featured-item\">\n\t\t<div class=\"content-half has-dark-gray-background-color\">\n\t\t\t<div class=\"featured-item--content grid-item\">\n\t\t\t\t\t\t<a class=\"button button-large\" href=\"https:\/\/www.skaala.com\/fi\/ota-yhteytta\/yhteystiedot\/\">Yhteystiedot &#8211; Etsitk\u00f6 myyj\u00e4\u00e4 alueellasi tai oikeaa yhteyshenkil\u00f6\u00e4 toimistolta?\u00a0<\/a>\n\t\t\t\t\t\t<\/div>\n\t\t<\/div>\n\t\t\t\t<div class=\"featured-item--image grid-item\"\n\t\t\t\t\tdata-interchange=\"\n\t\t\t\t\t[https:\/\/www.skaala.com\/wp-content\/uploads\/2023\/08\/Olohuoneenautoikkunat-1024x1536.jpg, small], \n\t\t\t\t\t[https:\/\/www.skaala.com\/wp-content\/uploads\/2023\/08\/Olohuoneenautoikkunat-1024x1536.jpg, medium], \n\t\t\t\t\t[https:\/\/www.skaala.com\/wp-content\/uploads\/2023\/08\/Olohuoneenautoikkunat-1200x1800.jpg, large], \n\t\t\t\t\t[https:\/\/www.skaala.com\/wp-content\/uploads\/2023\/08\/Olohuoneenautoikkunat-1024x1536.jpg, xlarge]\"\n\t\t\t\t\t>\n\t\t<\/div>\n\t\t\t<\/div>\n\t<\/div>\n","protected":false},"excerpt":{"rendered":"","protected":false},"author":5,"featured_media":1422,"parent":3292,"menu_order":0,"comment_status":"closed","ping_status":"closed","template":"","meta":{"_acf_changed":false,"inline_featured_image":false,"footnotes":""},"class_list":["post-3298","page","type-page","status-publish","has-post-thumbnail","hentry"],"acf":[],"_links":{"self":[{"href":"https:\/\/www.skaala.com\/en\/wp-json\/wp\/v2\/pages\/3298","targetHints":{"allow":["GET"]}}],"collection":[{"href":"https:\/\/www.skaala.com\/en\/wp-json\/wp\/v2\/pages"}],"about":[{"href":"https:\/\/www.skaala.com\/en\/wp-json\/wp\/v2\/types\/page"}],"author":[{"embeddable":true,"href":"https:\/\/www.skaala.com\/en\/wp-json\/wp\/v2\/users\/5"}],"replies":[{"embeddable":true,"href":"https:\/\/www.skaala.com\/en\/wp-json\/wp\/v2\/comments?post=3298"}],"version-history":[{"count":3,"href":"https:\/\/www.skaala.com\/en\/wp-json\/wp\/v2\/pages\/3298\/revisions"}],"predecessor-version":[{"id":5149,"href":"https:\/\/www.skaala.com\/en\/wp-json\/wp\/v2\/pages\/3298\/revisions\/5149"}],"up":[{"embeddable":true,"href":"https:\/\/www.skaala.com\/en\/wp-json\/wp\/v2\/pages\/3292"}],"wp:featuredmedia":[{"embeddable":true,"href":"https:\/\/www.skaala.com\/en\/wp-json\/wp\/v2\/media\/1422"}],"wp:attachment":[{"href":"https:\/\/www.skaala.com\/en\/wp-json\/wp\/v2\/media?parent=3298"}],"curies":[{"name":"wp","href":"https:\/\/api.w.org\/{rel}","templated":true}]}}