{"id":1079,"date":"2020-04-30T12:06:26","date_gmt":"2020-04-30T09:06:26","guid":{"rendered":"https:\/\/www.skaala.com\/?page_id=1079"},"modified":"2026-04-15T13:17:39","modified_gmt":"2026-04-15T10:17:39","slug":"julkisten-tilojen-ovet","status":"publish","type":"page","link":"https:\/\/www.skaala.com\/fi\/ovet\/julkisten-tilojen-ovet\/","title":{"rendered":"Julkisten tilojen ovet"},"content":{"rendered":"\n\t<header class=\"featured-hero has-dark-gray-background-color\" role=\"banner\">\n\t\t\t<h1>Julkisten tilojen ovet<\/h1>\n\t<\/header>\n\t\n\n\n<div class=\"wp-block-custom-content-area custom-wrapper alignleft has-light-blue-background-color\"><div class=\"outer-wrap\"><\/div><\/div>\n\n\n\n\n<div id=\"text-image-block_7faac04273c47c7b9c5fdb0134a14ea1\" class=\"text-image-block\">\n\t<div class=\"text-image-wrapper\">\n\t\t<div class=\"grid-order-2 image-wrapper\" >\n\t\t\t<img decoding=\"async\" width=\"1000\" height=\"675\" src=\"https:\/\/www.skaala.com\/wp-content\/uploads\/2021\/02\/julkisten-tilojen-ovi-e1656402208644.jpg\" class=\"\" alt=\"Skaala julkisten tilojen ovi\" \/>\t\t<\/div>\n\t\t<div class=\"text-wrapper  grid-order-1  \">\n\t\t\t\t\t\t\t<h2>Skaalalta oikeat ovet kaikkiin tarpeisiin<\/h2>\n\t\t\t\t\t\t\t\t\t\t<div><p>&nbsp;<\/p>\n<p><strong>Skaala valmistaa rakennus- ja turvallisuusstandardien mukaisia julkisten tilojen sis\u00e4ovia mittatilauksena. Valikoimissamme on erilaisia luokiteltuja paloeristysovia ja \u00e4\u00e4nieristysovia, joita k\u00e4ytet\u00e4\u00e4n esimerkiksi virastorakennuksissa, sairaaloissa, kouluissa ja p\u00e4iv\u00e4kodeissa. Meilt\u00e4 saat my\u00f6s kest\u00e4v\u00e4t luokittelemattomat ovet.<\/strong><\/p>\n<p>Julkisten tilojen rakennusvaatimukset ovat erilaiset kuin yksityiskotien, siksi niihin tarvitaan my\u00f6s erikoisovia. Skaala valmistaa, toimittaa ja asentaa erilaisia ovimalleja lukuisiin julkisiin kohteisiin, joita ovat muun muassa virastorakennukset, sairaalat, koulut, p\u00e4iv\u00e4kodit, liikehuoneistot ja muut vastaavat kiinteist\u00f6t.<\/p>\n<p>Kaikki ovet valmistetaan Suomessa mittatilauksena asiakkaalle sopivaan kokoon ja haluttuun v\u00e4ris\u00e4vyyn. Ovia tehd\u00e4\u00e4n my\u00f6s puuviilupintaisina. Oven mukana toimitetaan oksattomat laatupuukarmit, ja saatavana on my\u00f6s oven viilupinnan mukaiset jalopuukarmit. Vahvat rakenteet takaavat oven toimivuuden pitk\u00e4lle tulevaisuuteen.<\/p>\n<p>Julkisten tilojen ovet voidaan jakaa kahteen ryhm\u00e4\u00e4n, luokiteltuihin ja luokittelemattomiin oviin.<\/p>\n<\/div>\n\t\t\t\t\t\t\t\t<\/div>\n\t<\/div>\n\n<\/div>\n\n\n\n\n\n<div class=\"wp-block-custom-content-area custom-wrapper alignleft has-light-blue-background-color\"><div class=\"outer-wrap\">\n<div class=\"wp-block-custom-inner-columns has-two-columns custom-columns\"><div class=\"outer-wrap\">\n<div class=\"wp-block-custom-custom-column custom-column\"><div class=\"inner-wrap\">\t\n\t<div id=\"heading-block-block_32543d6fbdacfeac8de5e7d6126bedee\" class=\"heading-block\">\n\t\t<h3 ><span>Luokitellut palo- ja \u00e4\u00e4nieristysovet<\/span><\/h3>\t<\/div>\n\n\n\n<div id=\"text-block-block_7d5da0e9c2ef1a4f97067917339c0f1d\" class=\"text-block\">\n\t\t\t<p>Skaalan luokitellut palo-ovet ja \u00e4\u00e4nieristysovet jakavat sis\u00e4tiloja ja t\u00e4ytt\u00e4v\u00e4t kaikki rakennusalan standardit. Ovia k\u00e4ytet\u00e4\u00e4n \u00e4\u00e4nieristyst\u00e4 ja kest\u00e4vyytt\u00e4 vaativissa kohteissa, kuten virastoissa, liiketiloissa, p\u00e4iv\u00e4kodeissa ja kouluissa.<\/p>\n\t<\/div>\n\n<\/div><\/div>\n\n\n\n<div class=\"wp-block-custom-custom-column custom-column\"><div class=\"inner-wrap\">\t\n\t<div id=\"heading-block-block_78568665f0b3251940a8f8584a59f7d4\" class=\"heading-block\">\n\t\t<h3 ><span>Luokittelemattomat ovet<\/span><\/h3>\t<\/div>\n\n\n\n<div id=\"text-block-block_38e83084b5e1ce3cfe0ca0cb991e3ef2\" class=\"text-block\">\n\t\t\t<p>Luokittelemattomat ovet ovat erikoisovia, jotka esimerkiksi erist\u00e4v\u00e4t \u00e4\u00e4nt\u00e4 ja joita k\u00e4ytet\u00e4\u00e4n muun muassa toimistoissa, sairaaloissa ja kouluissa. Mallistoon kuuluu my\u00f6s ovia erilaisiin lukitusvaatimuksiin.<\/p>\n\t<\/div>\n\n\n\n\n<a href=\"https:\/\/www.skaala.com\/fi\/ovet\/julkisten-tilojen-ovet\/luokittelemattomat-ovet\/\" \nid=\"button-block-block_90a1db7ca50172d943ae14e3f5be7ed9\" \nclass=\"button-block button\"\ntarget=\"\"\n>Lue lis\u00e4\u00e4<\/a>\n\n<\/div><\/div>\n<\/div><\/div>\n<\/div><\/div>\n\n\n<div class=\"featured-items-block block\">\n\t<div class=\"featured-item\">\n\t\t<div class=\"content-half has-dark-gray-background-color\">\n\t\t\t<div class=\"featured-item--content grid-item\">\n\t\t\t\t\t\t<a class=\"button button-large\" href=\"https:\/\/www.skaala.com\/fi\/ota-yhteytta\/\">Ota yhteytt\u00e4<\/a>\n\t\t\t\t\t\t<\/div>\n\t\t<\/div>\n\t\t\t\t<div class=\"featured-item--image grid-item\"\n\t\t\t\t\tdata-interchange=\"\n\t\t\t\t\t[https:\/\/www.skaala.com\/wp-content\/uploads\/2023\/08\/Skaalaautoisotautoikkunat-1024x682.jpg, small], \n\t\t\t\t\t[https:\/\/www.skaala.com\/wp-content\/uploads\/2023\/08\/Skaalaautoisotautoikkunat-1024x682.jpg, medium], \n\t\t\t\t\t[https:\/\/www.skaala.com\/wp-content\/uploads\/2023\/08\/Skaalaautoisotautoikkunat-1200x800.jpg, large], \n\t\t\t\t\t[https:\/\/www.skaala.com\/wp-content\/uploads\/2023\/08\/Skaalaautoisotautoikkunat-1536x1024.jpg, xlarge]\"\n\t\t\t\t\t>\n\t\t<\/div>\n\t\t\t<\/div>\n\t\t<div class=\"featured-item\">\n\t\t<div class=\"content-half has-dark-gray-background-color\">\n\t\t\t<div class=\"featured-item--content grid-item\">\n\t\t\t\t\t\t<a class=\"button button-large\" href=\"https:\/\/www.skaala.com\/fi\/ammattiasiakkaat\/suunnittelijat\/\">Suunnittelijat<\/a>\n\t\t\t\t\t\t<\/div>\n\t\t<\/div>\n\t\t\t\t<div class=\"featured-item--image grid-item\"\n\t\t\t\t\tdata-interchange=\"\n\t\t\t\t\t[https:\/\/www.skaala.com\/wp-content\/uploads\/2023\/08\/Skaalaautolasiliukuovi-1024x682.jpg, small], \n\t\t\t\t\t[https:\/\/www.skaala.com\/wp-content\/uploads\/2023\/08\/Skaalaautolasiliukuovi-1024x682.jpg, medium], \n\t\t\t\t\t[https:\/\/www.skaala.com\/wp-content\/uploads\/2023\/08\/Skaalaautolasiliukuovi-1200x800.jpg, large], \n\t\t\t\t\t[https:\/\/www.skaala.com\/wp-content\/uploads\/2023\/08\/Skaalaautolasiliukuovi-1536x1024.jpg, xlarge]\"\n\t\t\t\t\t>\n\t\t<\/div>\n\t\t\t<\/div>\n\t\t<div class=\"featured-item\">\n\t\t<div class=\"content-half has-dark-gray-background-color\">\n\t\t\t<div class=\"featured-item--content grid-item\">\n\t\t\t\t\t\t<a class=\"button button-large\" href=\"https:\/\/www.skaala.com\/fi\/ammattiasiakkaat\/pienet-ja-suuret-rakennusliikkeet\/\">Rakennusliikkeet &#8211; pienet ja suuret<\/a>\n\t\t\t\t\t\t<\/div>\n\t\t<\/div>\n\t\t\t\t<div class=\"featured-item--image grid-item\"\n\t\t\t\t\tdata-interchange=\"\n\t\t\t\t\t[https:\/\/www.skaala.com\/wp-content\/uploads\/2020\/05\/Daniel-logistiikka3-1024x683.jpg, small], \n\t\t\t\t\t[https:\/\/www.skaala.com\/wp-content\/uploads\/2020\/05\/Daniel-logistiikka3-1024x683.jpg, medium], \n\t\t\t\t\t[https:\/\/www.skaala.com\/wp-content\/uploads\/2020\/05\/Daniel-logistiikka3-1200x800.jpg, large], \n\t\t\t\t\t[https:\/\/www.skaala.com\/wp-content\/uploads\/2020\/05\/Daniel-logistiikka3-1536x1024.jpg, xlarge]\"\n\t\t\t\t\t>\n\t\t<\/div>\n\t\t\t<\/div>\n\t\t<div class=\"featured-item\">\n\t\t<div class=\"content-half has-dark-gray-background-color\">\n\t\t\t<div class=\"featured-item--content grid-item\">\n\t\t\t\t\t\t<a class=\"button button-large\" href=\"https:\/\/www.skaala.com\/fi\/ammattiasiakkaat\/ce-merkinnat\/\">CE-merkinn\u00e4t<\/a>\n\t\t\t\t\t\t<\/div>\n\t\t<\/div>\n\t\t\t\t<div class=\"featured-item--image grid-item\"\n\t\t\t\t\tdata-interchange=\"\n\t\t\t\t\t[https:\/\/www.skaala.com\/wp-content\/uploads\/2021\/03\/200px-Conformit\u00e9_Europ\u00e9enne_logo.svg_.png, small], \n\t\t\t\t\t[https:\/\/www.skaala.com\/wp-content\/uploads\/2021\/03\/200px-Conformit\u00e9_Europ\u00e9enne_logo.svg_.png, medium], \n\t\t\t\t\t[https:\/\/www.skaala.com\/wp-content\/uploads\/2021\/03\/200px-Conformit\u00e9_Europ\u00e9enne_logo.svg_.png, large], \n\t\t\t\t\t[https:\/\/www.skaala.com\/wp-content\/uploads\/2021\/03\/200px-Conformit\u00e9_Europ\u00e9enne_logo.svg_.png, xlarge]\"\n\t\t\t\t\t>\n\t\t<\/div>\n\t\t\t<\/div>\n\t\t<div class=\"featured-item\">\n\t\t<div class=\"content-half has-dark-gray-background-color\">\n\t\t\t<div class=\"featured-item--content grid-item\">\n\t\t\t\t\t\t<a class=\"button button-large\" href=\"https:\/\/www.skaala.com\/fi\/asiakaspalvelu\/\">Asiakaspalvelu<\/a>\n\t\t\t\t\t\t<\/div>\n\t\t<\/div>\n\t\t\t\t<div class=\"featured-item--image grid-item\"\n\t\t\t\t\tdata-interchange=\"\n\t\t\t\t\t[https:\/\/www.skaala.com\/wp-content\/uploads\/2025\/08\/Skaalan-asiakaspalvelu-1024x585.jpg, small], \n\t\t\t\t\t[https:\/\/www.skaala.com\/wp-content\/uploads\/2025\/08\/Skaalan-asiakaspalvelu-1024x585.jpg, medium], \n\t\t\t\t\t[https:\/\/www.skaala.com\/wp-content\/uploads\/2025\/08\/Skaalan-asiakaspalvelu-1200x686.jpg, large], \n\t\t\t\t\t[https:\/\/www.skaala.com\/wp-content\/uploads\/2025\/08\/Skaalan-asiakaspalvelu-1536x878.jpg, xlarge]\"\n\t\t\t\t\t>\n\t\t<\/div>\n\t\t\t<\/div>\n\t<\/div>\n","protected":false},"excerpt":{"rendered":"","protected":false},"author":5,"featured_media":9691,"parent":137,"menu_order":0,"comment_status":"closed","ping_status":"closed","template":"","meta":{"_acf_changed":false,"inline_featured_image":false,"footnotes":""},"class_list":["post-1079","page","type-page","status-publish","has-post-thumbnail","hentry"],"acf":[],"_links":{"self":[{"href":"https:\/\/www.skaala.com\/fi\/wp-json\/wp\/v2\/pages\/1079","targetHints":{"allow":["GET"]}}],"collection":[{"href":"https:\/\/www.skaala.com\/fi\/wp-json\/wp\/v2\/pages"}],"about":[{"href":"https:\/\/www.skaala.com\/fi\/wp-json\/wp\/v2\/types\/page"}],"author":[{"embeddable":true,"href":"https:\/\/www.skaala.com\/fi\/wp-json\/wp\/v2\/users\/5"}],"replies":[{"embeddable":true,"href":"https:\/\/www.skaala.com\/fi\/wp-json\/wp\/v2\/comments?post=1079"}],"version-history":[{"count":42,"href":"https:\/\/www.skaala.com\/fi\/wp-json\/wp\/v2\/pages\/1079\/revisions"}],"predecessor-version":[{"id":23875,"href":"https:\/\/www.skaala.com\/fi\/wp-json\/wp\/v2\/pages\/1079\/revisions\/23875"}],"up":[{"embeddable":true,"href":"https:\/\/www.skaala.com\/fi\/wp-json\/wp\/v2\/pages\/137"}],"wp:featuredmedia":[{"embeddable":true,"href":"https:\/\/www.skaala.com\/fi\/wp-json\/wp\/v2\/media\/9691"}],"wp:attachment":[{"href":"https:\/\/www.skaala.com\/fi\/wp-json\/wp\/v2\/media?parent=1079"}],"curies":[{"name":"wp","href":"https:\/\/api.w.org\/{rel}","templated":true}]}}