{"id":11081,"date":"2021-05-10T13:31:45","date_gmt":"2021-05-10T10:31:45","guid":{"rendered":"https:\/\/www.skaala.com\/?page_id=11081"},"modified":"2026-03-11T15:52:56","modified_gmt":"2026-03-11T13:52:56","slug":"ikkunaremontti-verkkokaupasta","status":"publish","type":"page","link":"https:\/\/www.skaala.com\/fi\/verkkokauppa\/ikkunaremontti-verkkokaupasta\/","title":{"rendered":"N\u00e4in tilaat ikkunat ja ovet verkkokaupasta"},"content":{"rendered":"\n\t\t<header class=\"featured-hero article\" role=\"banner\" data-interchange=\"[https:\/\/www.skaala.com\/wp-content\/uploads\/2025\/12\/Seglinge-keittion-ikkunat-640x200.jpg, small], [https:\/\/www.skaala.com\/wp-content\/uploads\/2025\/12\/Seglinge-keittion-ikkunat-1280x400.jpg, medium], [https:\/\/www.skaala.com\/wp-content\/uploads\/2025\/12\/Seglinge-keittion-ikkunat-1440x400.jpg, large], [https:\/\/www.skaala.com\/wp-content\/uploads\/2025\/12\/Seglinge-keittion-ikkunat-1920x400.jpg, xlarge]\">\n\t\t\t\t\t<h1>Tilaa ovi- ja ikkunaremontti verkkokaupasta<\/h1>\n\t\t<\/header>\n\t\t\n\n\n<div class=\"wp-block-custom-content-area custom-wrapper alignleft has-light-blue-background-color\"><div class=\"outer-wrap\">\t\n\t<div id=\"heading-block-block_76b6047ca1595343dd1ce822d8f854d8\" class=\"heading-block\">\n\t\t<h2 ><span>Ikkuna- ja oviremontin tilaaminen Skaala-verkkokaupasta on helppoa<\/span><\/h2>\t<\/div>\n\n\n\n<div id=\"text-block-block_10f538813bb7e32c34d9e1b4137a7c06\" class=\"text-block\">\n\t\t\t<blockquote><p><strong>Markkinoiden helpoin ikkunaremontti Skaalalta: tilaa tuotteet ja asennus verkkokaupasta. <\/strong>N\u00e4et hinnat heti ja voit aikatauluttaa remontin perheellesi sopivaksi. Skaalan asiantuntijoiden tekem\u00e4ll\u00e4 tarkistusmittauksella varmistetaan, ett\u00e4 tuotteiden mitoitus ja ominaisuudet ovat oikeat.<\/p>\n<p>Voiko ikkunoiden tai ovien vaihtaminen olla en\u00e4\u00e4 helpompaa?<\/p><\/blockquote>\n\t<\/div>\n\n\n\n\n<a href=\"https:\/\/skaala.ikkunaverkkokauppa.fi\/\" id=\"button-block-block_57f70532f9221637b730e2a5f74aadc5\" class=\"button-block button\" target=\"\" rel=\"noopener\">Siirry t\u00e4st\u00e4 verkkokauppaan<\/a>\n\n\n\n\n<div id=\"image-block_2fede171bff3a5dbe8eacae423f8ba3a\" class=\"image-block\">\n\t\t\t\t<div class=\"image-container\" style=\"width: px; height: \n\t\tauto;\">\n\t\t\t<img decoding=\"async\" src=\"https:\/\/www.skaala.com\/wp-content\/uploads\/2025\/05\/Verkkokauppaan-tutustumassa-1.jpg\" alt=\"\">\n\t\t<\/div>\n\t \n\n\t<\/div>\n\n\n\n\t\n\t<div id=\"heading-block-block_b0e1ba6625575c49bf42001cdc96fd0a\" class=\"heading-block\">\n\t\t<h3 ><span>N\u00e4in tilaat ikkuna- tai oviremontin Skaalan verkkokaupasta<\/span><\/h3>\t<\/div>\n\n\n\n<div id=\"text-block-block_4c2fb957f10d8b79b6d0f8fb5a007d24\" class=\"text-block\">\n\t\t\t<ol>\n<li><strong>Valitse tarvitsemasi tuotteet.<\/strong><\/li>\n<\/ol>\n<p>Tutustu tuotevalikoimaan Ikkunat, Ovet ja Liukuovet -valikoista.<\/p>\n<p>N\u00e4et tuotekuvan sivulla ja valittuasi tuotteen voit jatkaa tarkentamaan sen ominaisuudet ja lis\u00e4varusteet. Valitse malli, mitat, v\u00e4ritys sek\u00e4 varusteet. Tuotteen hinta p\u00e4ivittyy valintojesi my\u00f6t\u00e4, joten tied\u00e4t mist\u00e4 hinta muodostuu.<\/p>\n<ol start=\"2\">\n<li><strong>Tallenna tuotteet ostoskoriin<\/strong><\/li>\n<\/ol>\n<p>Kun olet viimeistellyt Skaala-tuotteesi, lis\u00e4\u00e4 tuote ostoskoriin ja toista sama muiden tarvitsemiesi tuotteiden osalta.<\/p>\n<p>Pari vinkki\u00e4: kun l\u00e4het\u00e4t ostoskorisi s\u00e4hk\u00f6postiisi jo tallentamasi tuotteet s\u00e4ilyv\u00e4t, vaikka joutuisit keskeytt\u00e4\u00e4 istunnon. Voit jatkaa ikkuna- ja ovitilaustasi my\u00f6hemmiin ja halutessasi my\u00f6s muokata jo ostoskorissa olevia tuotteita.<\/p>\n<p>Mik\u00e4li haluat keskustella valinnoista asiantuntijamme kanssa, voit j\u00e4tt\u00e4\u00e4 k\u00e4tev\u00e4sti yhteydenottopyynn\u00f6n verkkokaupassa.<\/p>\n<ol start=\"3\">\n<li><strong>Valitse toimitusaika<\/strong><\/li>\n<\/ol>\n<p>Kun olet lis\u00e4nnyt kaikki tarvitsemasi tuotteet ostoskoriin, voit siirty\u00e4 toimitusviikon m\u00e4\u00e4rittelyyn. Toimitusaika on keskim\u00e4\u00e4rin 5 viikkoa, ja seuraavan vapaan toimitusajankohta n\u00e4kyy ostoskorissa. Halutessasi voit muuttaa sit\u00e4 my\u00f6h\u00e4isemm\u00e4ksi.<\/p>\n<ol start=\"4\">\n<li><strong>Tilaa my\u00f6s asennuspalvelu<\/strong><\/li>\n<\/ol>\n<p>Helpottaaksemme remonttiasi entisest\u00e4\u00e4n olemme lis\u00e4nneet verkkokauppaamme my\u00f6s mahdollisuuden tilata asennuspalvelu suoraan verkkokaupasta. Tilaa asennus ostoskorin kautta.<\/p>\n<blockquote><p>Tilauksen vastaanottamisen j\u00e4lkeen teemme viel\u00e4 tarkistusmittauksen, jolloin varmistumme ja otamme vastuun siit\u00e4, ett\u00e4 tuotteiden mitoitus ja ominaisuudet ovat oikeat.<\/p><\/blockquote>\n<p>Asennus suoritetaan toimestamme kanssasi erikseen sovittuna ajankohtana (yleens\u00e4 1-2 viikkoa tuotetoimituksesta), ja sin\u00e4 voit olla huoletta. Halutessasi hoidamme my\u00f6s vanhojen tuotteiden kierr\u00e4tyksen puolestasi!<\/p>\n<ol start=\"5\">\n<li><strong>Maksaminen<\/strong><\/li>\n<\/ol>\n<p>Valitse maksutapa: luottokorttimaksu tai lasku toimituksen j\u00e4lkeen.<\/p>\n\t<\/div>\n\n\n\n\n<a href=\"https:\/\/skaala.ikkunaverkkokauppa.fi\/\" id=\"button-block-block_f2277d609fe2fbf1239589e0f2835840\" class=\"button-block button\" target=\"\" rel=\"noopener\">Tutustu Skaalan valikoimaan verkkokaupassa<\/a>\n\n<\/div><\/div>\n\n\n\n<div class=\"wp-block-custom-content-area custom-wrapper aligncenter has-light-blue-background-color\"><div class=\"outer-wrap\"><div id=\"cards-block_216c4ed4b14365326d9099d22ba419b5\" class=\"cards-block count-3\">\n<div id=\"cards-block_216c4ed4b14365326d9099d22ba419b5\" class=\"cards-block--card\">\n\t\t\t<div class=\"icon-block\" style=\"background-image: url('https:\/\/www.skaala.com\/wp-content\/themes\/skaala-2023\/dist\/assets\/images\/icons\/check-square-red.svg);\">\n\t\t<\/div>\n\t\t\t\t<h4>Nopea tilaus 24\/7<\/h4>\n\t\t\t\t<\/div>\n\t<div id=\"cards-block_216c4ed4b14365326d9099d22ba419b5\" class=\"cards-block--card\">\n\t\t\t<div class=\"icon-block\" style=\"background-image: url('https:\/\/www.skaala.com\/wp-content\/themes\/skaala-2023\/dist\/assets\/images\/icons\/check-square-red.svg);\">\n\t\t<\/div>\n\t\t\t\t<h4>Selke\u00e4 hinnoittelu<\/h4>\n\t\t\t\t<\/div>\n\t<div id=\"cards-block_216c4ed4b14365326d9099d22ba419b5\" class=\"cards-block--card\">\n\t\t\t<div class=\"icon-block\" style=\"background-image: url('https:\/\/www.skaala.com\/wp-content\/themes\/skaala-2023\/dist\/assets\/images\/icons\/check-square-red.svg);\">\n\t\t<\/div>\n\t\t\t\t<h4>Asiantuntija apuna tarvitaessa<\/h4>\n\t\t\t\t<\/div>\n\t<\/div>\n\n\n\n<a href=\"https:\/\/www.skaala.com\/fi\/ota-yhteytta\/pyyda-ilmainen-arvio-tai-kartoitus\/\" id=\"button-block-block_156d70600cabd66de027f0a044a931e4\" class=\"button-block button\" target=\"\">Pyyd\u00e4 ilmainen arvio<\/a>\n\n\n\n\n<a href=\"https:\/\/www.skaala.com\/fi\/ota-yhteytta\/pyyda-tarjous\/\" id=\"button-block-block_fe4cbfe2a7b694e31974e5d786b1f28b\" class=\"button-block button\" target=\"\">Pyyd\u00e4 tarjous<\/a>\n\n<\/div><\/div>\n\n\n<div class=\"featured-items-block block\">\n\t<div class=\"featured-item\">\n\t\t<div class=\"content-half has-dark-gray-background-color\">\n\t\t\t<div class=\"featured-item--content grid-item\">\n\t\t\t\t\t\t<a class=\"button button-large\" href=\"https:\/\/www.skaala.com\/fi\/ota-yhteytta\/yhteystiedot\/\">Yhteystiedot &#8211; Etsitk\u00f6 myyj\u00e4\u00e4 alueellasi tai oikeaa yhteyshenkil\u00f6\u00e4 toimistolta?\u00a0<\/a>\n\t\t\t\t\t\t<\/div>\n\t\t<\/div>\n\t\t\t\t<div class=\"featured-item--image grid-item\"\n\t\t\t\t\tdata-interchange=\"\n\t\t\t\t\t[https:\/\/www.skaala.com\/wp-content\/uploads\/2023\/08\/Olohuoneenautoikkunat-1024x1536.jpg, small], \n\t\t\t\t\t[https:\/\/www.skaala.com\/wp-content\/uploads\/2023\/08\/Olohuoneenautoikkunat-1024x1536.jpg, medium], \n\t\t\t\t\t[https:\/\/www.skaala.com\/wp-content\/uploads\/2023\/08\/Olohuoneenautoikkunat-1200x1800.jpg, large], \n\t\t\t\t\t[https:\/\/www.skaala.com\/wp-content\/uploads\/2023\/08\/Olohuoneenautoikkunat-1024x1536.jpg, xlarge]\"\n\t\t\t\t\t>\n\t\t<\/div>\n\t\t\t<\/div>\n\t\t<div class=\"featured-item\">\n\t\t<div class=\"content-half has-dark-gray-background-color\">\n\t\t\t<div class=\"featured-item--content grid-item\">\n\t\t\t\t\t\t<a class=\"button button-large\" href=\"https:\/\/www.skaala.com\/fi\/tietoa-skaalasta\/skaalan-tarina\/\">Skaalan tarina<\/a>\n\t\t\t\t\t\t<\/div>\n\t\t<\/div>\n\t\t\t\t<div class=\"featured-item--image grid-item\"\n\t\t\t\t\tdata-interchange=\"\n\t\t\t\t\t[https:\/\/www.skaala.com\/wp-content\/uploads\/2020\/05\/Ylih\u00e4rm\u00e4n-tehdas-ilmakuva-2018-1024x576.jpg, small], \n\t\t\t\t\t[https:\/\/www.skaala.com\/wp-content\/uploads\/2020\/05\/Ylih\u00e4rm\u00e4n-tehdas-ilmakuva-2018-1024x576.jpg, medium], \n\t\t\t\t\t[https:\/\/www.skaala.com\/wp-content\/uploads\/2020\/05\/Ylih\u00e4rm\u00e4n-tehdas-ilmakuva-2018-1200x675.jpg, large], \n\t\t\t\t\t[https:\/\/www.skaala.com\/wp-content\/uploads\/2020\/05\/Ylih\u00e4rm\u00e4n-tehdas-ilmakuva-2018-1536x864.jpg, xlarge]\"\n\t\t\t\t\t>\n\t\t<\/div>\n\t\t\t<\/div>\n\t<\/div>\n","protected":false},"excerpt":{"rendered":"","protected":false},"author":5,"featured_media":26757,"parent":8929,"menu_order":0,"comment_status":"closed","ping_status":"closed","template":"","meta":{"_acf_changed":false,"inline_featured_image":false,"footnotes":""},"class_list":["post-11081","page","type-page","status-publish","has-post-thumbnail","hentry"],"acf":[],"_links":{"self":[{"href":"https:\/\/www.skaala.com\/fi\/wp-json\/wp\/v2\/pages\/11081","targetHints":{"allow":["GET"]}}],"collection":[{"href":"https:\/\/www.skaala.com\/fi\/wp-json\/wp\/v2\/pages"}],"about":[{"href":"https:\/\/www.skaala.com\/fi\/wp-json\/wp\/v2\/types\/page"}],"author":[{"embeddable":true,"href":"https:\/\/www.skaala.com\/fi\/wp-json\/wp\/v2\/users\/5"}],"replies":[{"embeddable":true,"href":"https:\/\/www.skaala.com\/fi\/wp-json\/wp\/v2\/comments?post=11081"}],"version-history":[{"count":59,"href":"https:\/\/www.skaala.com\/fi\/wp-json\/wp\/v2\/pages\/11081\/revisions"}],"predecessor-version":[{"id":27703,"href":"https:\/\/www.skaala.com\/fi\/wp-json\/wp\/v2\/pages\/11081\/revisions\/27703"}],"up":[{"embeddable":true,"href":"https:\/\/www.skaala.com\/fi\/wp-json\/wp\/v2\/pages\/8929"}],"wp:featuredmedia":[{"embeddable":true,"href":"https:\/\/www.skaala.com\/fi\/wp-json\/wp\/v2\/media\/26757"}],"wp:attachment":[{"href":"https:\/\/www.skaala.com\/fi\/wp-json\/wp\/v2\/media?parent=11081"}],"curies":[{"name":"wp","href":"https:\/\/api.w.org\/{rel}","templated":true}]}}