{"id":118,"date":"2020-04-20T12:46:02","date_gmt":"2020-04-20T09:46:02","guid":{"rendered":"https:\/\/www.skaala.com\/?page_id=118"},"modified":"2025-07-17T14:03:17","modified_gmt":"2025-07-17T11:03:17","slug":"ammattiasiakkaat","status":"publish","type":"page","link":"https:\/\/www.skaala.com\/fi\/ammattiasiakkaat\/","title":{"rendered":"Ammattiasiakkaat"},"content":{"rendered":"\n\t\t<header class=\"featured-hero article\" role=\"banner\" data-interchange=\"[https:\/\/www.skaala.com\/wp-content\/uploads\/2023\/10\/Ulosaukeava-kolmilasinen-ikkuna-640x200.jpg, small], [https:\/\/www.skaala.com\/wp-content\/uploads\/2023\/10\/Ulosaukeava-kolmilasinen-ikkuna-1280x400.jpg, medium], [https:\/\/www.skaala.com\/wp-content\/uploads\/2023\/10\/Ulosaukeava-kolmilasinen-ikkuna-1440x400.jpg, large], [https:\/\/www.skaala.com\/wp-content\/uploads\/2023\/10\/Ulosaukeava-kolmilasinen-ikkuna-1920x400.jpg, xlarge]\">\n\t\t\t\t\t<h1>Ammattiasiakkaat<\/h1>\n\t\t<\/header>\n\t\t\n\n\n<div class=\"wp-block-custom-content-area custom-wrapper aligncenter has-light-blue-background-color\"><div class=\"outer-wrap\">\t\n\t<div id=\"heading-block-block_75e184ddf151d2fb2b688aab61353105\" class=\"heading-block\">\n\t\t<h2 ><span>Luotettavaa palvelua Skaalalta<\/span><\/h2>\t<\/div>\n\n\n\n<div id=\"text-block-block_67a7b8620a8a0511b018f695b7cc4861\" class=\"text-block\">\n\t\t\t<p><strong>Oletko ammattilainen? Niin mekin. Skaala tarjoaa rakennusalan ammattilaisille ikkuna- ja oviratkaisuissa laajan tuotevalikoiman, monipuolista palvelua ja nopeat toimitukset. Skaalassa yhdistyv\u00e4t kokemuksen tuoma osaaminen ja markkinan tuntemus.<\/strong><\/p>\n<p>Skaalan ikkunat ja ovet yhdist\u00e4v\u00e4t kodit ja maailmat. Kotien ja julkisten tilojen rakentamisen tulisi olla mahdollisimman sujuvaa. Skaala haluaa tarjota ketter\u00e4\u00e4 palvelua ja fiksuja ratkaisuja rakennusalan ammattilaisille \u2013 suunnittelijoille, rakennusliikkeille, rautakaupoille ja talotehtaille.<\/p>\n<p>Skaalan ikkunat ja ovet lis\u00e4\u00e4v\u00e4t asumismukavuutta, parantavat energiatehokkuutta ja ovat helppohoitoisia. Suomessa valmistetut Skaala-ikkunat ja -ovet t\u00e4ytt\u00e4v\u00e4t tiukimmatkin laatustandardit.\u00a0 Skaalalla on markkinoiden energiatehokkaimmat tuotteet, joissa on huippuluokan ominaisuudet. Skaalan toimitusvarmuus on markkinoiden paras.<\/p>\n<p>Skaalalaisten ammattitaito takaa sen, ett\u00e4 oikea tuote l\u00f6yt\u00e4\u00e4 oikeaan paikkaan \u2013 tekniset ja tyylilliset vaatimukset huomioiden. Palveluumme kuuluu tarvittaessa asennus sek\u00e4 after sales -palvelut, kuten reklamaatioiden hoito, huoltomyynti ja tyytyv\u00e4isyysseuranta.<\/p>\n\t<\/div>\n\n\n\n\n<a href=\"https:\/\/www.skaala.com\/fi\/ota-yhteytta\/pyyda-yhteydenottoa\/\" \nid=\"button-block-block_908bbd472aadd12b6835f4dd15394532\" \nclass=\"button-block button\"\ntarget=\"\"\n>Haluatko ett\u00e4 me otamme yhteytt\u00e4 sinuun? J\u00e4t\u00e4 t\u00e4st\u00e4 yhteydenottopyynt\u00f6<\/a>\n\n\n\n\n<div id=\"text-block-block_52c18bf7ae91039ba6a2a7d825766be9\" class=\"text-block\">\n\t\t\t<p><script src=\"https:\/\/widget.trustmary.com\/_QWKKwQFQ\"><\/script><\/p>\n\t<\/div>\n\n<\/div><\/div>\n\n\n\n<div class=\"wp-block-custom-content-area custom-wrapper aligncenter has-light-blue-background-color\"><div class=\"outer-wrap\">\t\n\t<div id=\"heading-block-block_ee78e3023b2d58dbfab6426b12028830\" class=\"heading-block\">\n\t\t<h3 ><span>Skaala-palvelut \u2013 tutustu ammattilaisten palveluihimme<\/span><\/h3>\t<\/div>\n\n\n<div id=\"cards-block_cc2e34ee20692d95ffe50d00d5669491\" class=\"cards-block count-4\">\n<div id=\"cards-block_cc2e34ee20692d95ffe50d00d5669491\" class=\"cards-block--card\">\n\t\t\t<div class=\"icon-block\" style=\"background-image: url('https:\/\/www.skaala.com\/wp-content\/themes\/skaala-2023\/dist\/assets\/images\/icons\/thumbs-up-gray.svg);\">\n\t\t<\/div>\n\t\t\t\t<h4>Rakennusliikkeet<\/h4>\n\t\t\t\t<p>Skaala tarjoaa rakennusliikkeille luotettavaa, ketter\u00e4\u00e4 ja takuuvarmaa kumppanuutta ikkuna- ja ovitoimituksissa. Meilt\u00e4 saat nopealla toimituksella esimerkiksi ikkunat ja parvekeovet samasta paikasta.<\/p>\n\t\t\t\t<a href=\"https:\/\/www.skaala.com\/fi\/ammattilaiset\/rakennusliikkeet\/\" class=\"button\" target=\"\">Rakennusliikkeet<\/a>\n\t\t<\/div>\n\t<div id=\"cards-block_cc2e34ee20692d95ffe50d00d5669491\" class=\"cards-block--card\">\n\t\t\t<div class=\"icon-block\" style=\"background-image: url('https:\/\/www.skaala.com\/wp-content\/themes\/skaala-2023\/dist\/assets\/images\/icons\/thumbs-up-gray.svg);\">\n\t\t<\/div>\n\t\t\t\t<h4>Rautakaupat<\/h4>\n\t\t\t\t<p>Skaalan ammattilaiskumppaneille on verkkokauppaamme omat tunnukset, joiden avulla tilausten hallinta ja laskeminen on helppoa ja nopeaa. Toimitamme tuotteet tarvittaessa suoraan asiakkaalle.<\/p>\n\t\t\t\t<a href=\"https:\/\/www.skaala.com\/fi\/ammattilaiset\/rautakaupat\/\" class=\"button\" target=\"\">Rautakaupat<\/a>\n\t\t<\/div>\n\t<div id=\"cards-block_cc2e34ee20692d95ffe50d00d5669491\" class=\"cards-block--card\">\n\t\t\t<div class=\"icon-block\" style=\"background-image: url('https:\/\/www.skaala.com\/wp-content\/themes\/skaala-2023\/dist\/assets\/images\/icons\/thumbs-up-gray.svg);\">\n\t\t<\/div>\n\t\t\t\t<h4>Talotehtaat<\/h4>\n\t\t\t\t<p>Skaalalta saat kaikki ikkunat ja ovet, kuten ulko-ovet, parvekeovet ja liukuovet samasta paikasta. Tarjoamme energiatehokkaat tuotteet, kilpailukykyiset hinnat ja nopean toimituksen.<\/p>\n\t\t\t\t<a href=\"https:\/\/www.skaala.com\/fi\/ammattilaiset\/talotehtaat\/\" class=\"button\" target=\"\">Talotehtaat<\/a>\n\t\t<\/div>\n\t<div id=\"cards-block_cc2e34ee20692d95ffe50d00d5669491\" class=\"cards-block--card\">\n\t\t\t<div class=\"icon-block\" style=\"background-image: url('https:\/\/www.skaala.com\/wp-content\/themes\/skaala-2023\/dist\/assets\/images\/icons\/thumbs-up-gray.svg);\">\n\t\t<\/div>\n\t\t\t\t<h4>Suunnittelijat<\/h4>\n\t\t\t\t<p>Skaalan tietopankki suunnittelijoille on tarkoitettu rakennussuunnittelun ja rakentamisen ammattilaisille, jotka tarvitsevat ty\u00f6ss\u00e4\u00e4n yksityiskohtaisia tietoja ovista ja ikkunoista.<\/p>\n\t\t\t\t<a href=\"https:\/\/www.skaala.com\/fi\/ammattilaiset\/suunnittelijoiden-materiaalipankki\/\" class=\"button\" target=\"\">Suunnittelijoiden materiaalipankki<\/a>\n\t\t<\/div>\n\t<\/div>\n<\/div><\/div>\n\n\n<div class=\"featured-items-block block\">\n\t<div class=\"featured-item\">\n\t\t<div class=\"content-half has-dark-gray-background-color\">\n\t\t\t<div class=\"featured-item--content grid-item\">\n\t\t\t\t\t\t<a class=\"button button-large\" href=\"https:\/\/www.skaala.com\/fi\/ota-yhteytta\/yhteystiedot\/\">Yhteystiedot &#8211; Etsitk\u00f6 myyj\u00e4\u00e4 alueellasi tai oikeaa yhteyshenkil\u00f6\u00e4 toimistolta?\u00a0<\/a>\n\t\t\t\t\t\t<\/div>\n\t\t<\/div>\n\t\t\t\t<div class=\"featured-item--image grid-item\"\n\t\t\t\t\tdata-interchange=\"\n\t\t\t\t\t[https:\/\/www.skaala.com\/wp-content\/uploads\/2023\/08\/Olohuoneenautoikkunat-1024x1536.jpg, small], \n\t\t\t\t\t[https:\/\/www.skaala.com\/wp-content\/uploads\/2023\/08\/Olohuoneenautoikkunat-1024x1536.jpg, medium], \n\t\t\t\t\t[https:\/\/www.skaala.com\/wp-content\/uploads\/2023\/08\/Olohuoneenautoikkunat-1200x1800.jpg, large], \n\t\t\t\t\t[https:\/\/www.skaala.com\/wp-content\/uploads\/2023\/08\/Olohuoneenautoikkunat-1024x1536.jpg, xlarge]\"\n\t\t\t\t\t>\n\t\t<\/div>\n\t\t\t<\/div>\n\t\t<div class=\"featured-item\">\n\t\t<div class=\"content-half has-dark-gray-background-color\">\n\t\t\t<div class=\"featured-item--content grid-item\">\n\t\t\t\t\t\t<a class=\"button button-large\" href=\"https:\/\/www.skaala.com\/fi\/kestava-kehitys-skaala\/\">Kest\u00e4v\u00e4 kehitys<\/a>\n\t\t\t\t\t\t<\/div>\n\t\t<\/div>\n\t\t\t\t<div class=\"featured-item--image grid-item\"\n\t\t\t\t\tdata-interchange=\"\n\t\t\t\t\t[https:\/\/www.skaala.com\/wp-content\/uploads\/2022\/11\/Seglingeautokallioltaautowww-e1668767520211-1024x499.jpg, small], \n\t\t\t\t\t[https:\/\/www.skaala.com\/wp-content\/uploads\/2022\/11\/Seglingeautokallioltaautowww-e1668767520211-1024x499.jpg, medium], \n\t\t\t\t\t[https:\/\/www.skaala.com\/wp-content\/uploads\/2022\/11\/Seglingeautokallioltaautowww-e1668767520211-1200x584.jpg, large], \n\t\t\t\t\t[https:\/\/www.skaala.com\/wp-content\/uploads\/2022\/11\/Seglingeautokallioltaautowww-e1668767520211-1536x748.jpg, xlarge]\"\n\t\t\t\t\t>\n\t\t<\/div>\n\t\t\t<\/div>\n\t\t<div class=\"featured-item\">\n\t\t<div class=\"content-half has-dark-gray-background-color\">\n\t\t\t<div class=\"featured-item--content grid-item\">\n\t\t\t\t\t\t<a class=\"button button-large\" href=\"https:\/\/www.skaala.com\/fi\/tietoa-skaalasta\/skaalan-tarina\/\">Skaalan tarina<\/a>\n\t\t\t\t\t\t<\/div>\n\t\t<\/div>\n\t\t\t\t<div class=\"featured-item--image grid-item\"\n\t\t\t\t\tdata-interchange=\"\n\t\t\t\t\t[https:\/\/www.skaala.com\/wp-content\/uploads\/2020\/05\/Ylih\u00e4rm\u00e4n-tehdas-ilmakuva-2018-1024x576.jpg, small], \n\t\t\t\t\t[https:\/\/www.skaala.com\/wp-content\/uploads\/2020\/05\/Ylih\u00e4rm\u00e4n-tehdas-ilmakuva-2018-1024x576.jpg, medium], \n\t\t\t\t\t[https:\/\/www.skaala.com\/wp-content\/uploads\/2020\/05\/Ylih\u00e4rm\u00e4n-tehdas-ilmakuva-2018-1200x675.jpg, large], \n\t\t\t\t\t[https:\/\/www.skaala.com\/wp-content\/uploads\/2020\/05\/Ylih\u00e4rm\u00e4n-tehdas-ilmakuva-2018-1536x864.jpg, xlarge]\"\n\t\t\t\t\t>\n\t\t<\/div>\n\t\t\t<\/div>\n\t<\/div>\n","protected":false},"excerpt":{"rendered":"","protected":false},"author":1,"featured_media":17567,"parent":0,"menu_order":0,"comment_status":"closed","ping_status":"closed","template":"","meta":{"_acf_changed":false,"inline_featured_image":false,"footnotes":""},"class_list":["post-118","page","type-page","status-publish","has-post-thumbnail","hentry"],"acf":[],"_links":{"self":[{"href":"https:\/\/www.skaala.com\/fi\/wp-json\/wp\/v2\/pages\/118","targetHints":{"allow":["GET"]}}],"collection":[{"href":"https:\/\/www.skaala.com\/fi\/wp-json\/wp\/v2\/pages"}],"about":[{"href":"https:\/\/www.skaala.com\/fi\/wp-json\/wp\/v2\/types\/page"}],"author":[{"embeddable":true,"href":"https:\/\/www.skaala.com\/fi\/wp-json\/wp\/v2\/users\/1"}],"replies":[{"embeddable":true,"href":"https:\/\/www.skaala.com\/fi\/wp-json\/wp\/v2\/comments?post=118"}],"version-history":[{"count":41,"href":"https:\/\/www.skaala.com\/fi\/wp-json\/wp\/v2\/pages\/118\/revisions"}],"predecessor-version":[{"id":25099,"href":"https:\/\/www.skaala.com\/fi\/wp-json\/wp\/v2\/pages\/118\/revisions\/25099"}],"wp:featuredmedia":[{"embeddable":true,"href":"https:\/\/www.skaala.com\/fi\/wp-json\/wp\/v2\/media\/17567"}],"wp:attachment":[{"href":"https:\/\/www.skaala.com\/fi\/wp-json\/wp\/v2\/media?parent=118"}],"curies":[{"name":"wp","href":"https:\/\/api.w.org\/{rel}","templated":true}]}}