{"id":13527,"date":"2022-10-20T10:01:48","date_gmt":"2022-10-20T07:01:48","guid":{"rendered":"https:\/\/www.skaala.com\/?page_id=13527"},"modified":"2026-04-13T08:15:46","modified_gmt":"2026-04-13T05:15:46","slug":"taloyhtiokampanja","status":"publish","type":"page","link":"https:\/\/www.skaala.com\/fi\/taloyhtiot-ja-julkiset-kohteet\/taloyhtiokampanja\/","title":{"rendered":"Taloyhti\u00f6kampanja"},"content":{"rendered":"\n\t\t<header class=\"featured-hero article\" role=\"banner\" data-interchange=\"[https:\/\/www.skaala.com\/wp-content\/uploads\/2024\/09\/Aanieristyslasi-640x200.jpg, small], [https:\/\/www.skaala.com\/wp-content\/uploads\/2024\/09\/Aanieristyslasi-1280x400.jpg, medium], [https:\/\/www.skaala.com\/wp-content\/uploads\/2024\/09\/Aanieristyslasi-1440x400.jpg, large], [https:\/\/www.skaala.com\/wp-content\/uploads\/2024\/09\/Aanieristyslasi-1920x400.jpg, xlarge]\">\n\t\t\t\t\t<h1>Taloyhti\u00f6p\u00e4\u00e4tt\u00e4j\u00e4: hy\u00f6dynn\u00e4 kampanjamme ja s\u00e4\u00e4st\u00e4<\/h1>\n\t\t<\/header>\n\t\t\n\n\n<div class=\"wp-block-custom-content-area custom-wrapper alignleft has-light-blue-background-color\"><div class=\"outer-wrap\">\t\n\t<div id=\"heading-block-block_9239c744aca9385bd0bc4f7404dfc880\" class=\"heading-block\">\n\t\t<h2 ><span>Vuoden raikkain tarjous: Suvi-raitisilmaventtiilit kaupan p\u00e4\u00e4lle taloyhti\u00f6ille<\/span><\/h2>\t<\/div>\n\n\n\n<div id=\"text-block-block_fffaf041c42c27b3852ae8a3a6530e12\" class=\"text-block\">\n\t\t\t<p>Hy\u00f6dynn\u00e4 kampanjamme:<\/p>\n<p><strong>Kun taloyhti\u00f6 tekee p\u00e4\u00e4t\u00f6ksen ikkuna- ja oviremontista 13.4. &#8211; 30.6.2026, tarjoamme Skaalan Suvi-raitisilmaventtiilit ikkunoihin ilmaiseksi.\u00a0<\/strong><\/p>\n<p>&nbsp;<\/p>\n<p>S\u00e4\u00e4st\u00e4t rahaa ja vaivaa teett\u00e4m\u00e4ll\u00e4 ikkunaremontin Skaalalla! Kun vaihdat kotisi ikkunat ja ovet uusiin, paranee kotisi asumismukavuus merkitt\u00e4v\u00e4sti.<\/p>\n\t<\/div>\n\n\n\n\t\n\t<div id=\"heading-block-block_39caf17c72c346f5ffbe4caa37c3616f\" class=\"heading-block\">\n\t\t<h3 ><span>Suvi-raitisilmaventtiili<\/span><\/h3>\t<\/div>\n\n\n\n<div id=\"image-block_be6fde2972e2dbf98ad65b5c7cc8915e\" class=\"image-block\">\n\t\t\t\t<div class=\"image-container\" style=\"width: px; height: \n\t\tauto;\">\n\t\t\t<img decoding=\"async\" src=\"https:\/\/www.skaala.com\/wp-content\/uploads\/2025\/03\/Suvi-venttiili.jpg\" alt=\"\">\n\t\t<\/div>\n\t \n\n\t<\/div>\n\n\n\n\n<div id=\"text-block-block_c03d7a3602a2aaa31342e93c76d567dc\" class=\"text-block\">\n\t\t\t<p><em>Skaalan innovatiivinen Suvi-raitisilmaventtiili ohjaa hallitusti puhdasta raitisilmaa asuntoon. Venttiilin rakenne on suunniteltu niin, ett\u00e4 ilma ohjautuu yl\u00f6sp\u00e4in v\u00e4hent\u00e4en vedontunnetta.\u00a0 Se on huomaamaton ja helppok\u00e4ytt\u00f6inen.<\/em><\/p>\n<p>&nbsp;<\/p>\n<p>Tyylikk\u00e4\u00e4ll\u00e4 designilla viimeistelty Suvi-raitisilmaventtiili on ratkaisu remonttikohteisiin, joissa korvausilma on suunniteltu otettavaksi ikkunoiden kautta. Venttiiliss\u00e4 on huomaamaton minimalistinen sis\u00e4profiili sek\u00e4 integroitu ilmanotto ulkopuolella karmissa. Venttiilin sijainti ikkunanrakenteessa mahdollistaa sen, ett\u00e4 ikkunoiden listoitus ei vaadi loveamista venttiilin kohdalta.<\/p>\n<p>&nbsp;<\/p>\n<p>Venttiilin rakenne varmistaa, ett\u00e4 sis\u00e4lle p\u00e4\u00e4see hallitusti juuri oikea m\u00e4\u00e4r\u00e4 raitista ilmaa. Suvi-raitisilmaventtiili ohjaa raitista ilmaa sis\u00e4lle huomaamattomasti: ulkoa tuleva ilma ohjautuu yl\u00f6sp\u00e4in, jolloin se sekoittuu huoneilmaan ilman vedontunnetta. Venttiiliss\u00e4 on vakiona vaihdettavat ja vesipest\u00e4v\u00e4t karkeasuodattimet.<\/p>\n<p>&nbsp;<\/p>\n<p>Tiesith\u00e4n, ett\u00e4 raitisilmaventtiili on t\u00e4rke\u00e4 osa rakennuksen ilmanvaihtoa ja sen saa sulkea vain h\u00e4t\u00e4tilanteissa pelastusviranomaisten kehotuksesta. Magneettikiinnityksens\u00e4 ansiosta Suvi-venttiili on helppo sulkea t\u00e4llaisissa tilanteissa magneettikiinnitteisen sis\u00e4osan ansiosta.<\/p>\n\t<\/div>\n\n\n\n\n<div id=\"text-block-block_76d369b917cca49a7b0a61b343e8722e\" class=\"text-block\">\n\t\t\t<div class=\"video-container\"><iframe title=\"Suvi-raitisilmaventtiili\" width=\"500\" height=\"281\" src=\"https:\/\/www.youtube.com\/embed\/3TW8XTf9e90?feature=oembed\" frameborder=\"0\" allow=\"accelerometer; autoplay; clipboard-write; encrypted-media; gyroscope; picture-in-picture; web-share\" referrerpolicy=\"strict-origin-when-cross-origin\" allowfullscreen><\/iframe><\/div>\n\t<\/div>\n\n\n\n\n<a href=\"https:\/\/www.skaala.com\/wp-content\/uploads\/2025\/03\/Suvi-raitisilmaventtiili-2025.pdf\" \nid=\"button-block-block_80266d50f3b7e09b175e3fcf8cb4ae3f\" \nclass=\"button-block button\"\ntarget=\"_blank\"\n>Tutustu Suvi-raitisilmaventtiiliin t\u00e4st\u00e4<\/a>\n\n<\/div><\/div>\n\n\n\n<div class=\"wp-block-custom-content-area custom-wrapper alignleft has-light-blue-background-color\"><div class=\"outer-wrap\">\t\n\t<div id=\"heading-block-block_568f69f54e5ae08faad3a394385d6139\" class=\"heading-block\">\n\t\t<h2 ><span>Markkinoiden mutkattomin ikkunaremontti Skaalalta<\/span><\/h2>\t<\/div>\n\n\n\n<div id=\"text-block-block_4f487109a5e10766855afd5d2b579168\" class=\"text-block\">\n\t\t\t<p><em>Ikkunaremontti ja oviremontti kannattavat, sill\u00e4 ne pienent\u00e4v\u00e4t rakennuksen energiankulutusta ja l\u00e4mmityskustannuksia sek\u00e4 nostavat asunnon arvoa.<\/em><\/p>\n<p>&nbsp;<\/p>\n<p>Skaala auttaa sinua remontissa suunnittelusta toteuttamiseen. Skaalta saat ilmaisen <a href=\"https:\/\/www.skaala.com\/fi\/palvelut\/mittaus-ja-suunnittelupalvelu\/\">mittaus- ja suunnittelupalvelun<\/a> sek\u00e4 laadukkaat kotimaiset ikkunat ja ovet valmiiksi asennettuna avaimet k\u00e4teen -palveluna.<\/p>\n<p>&nbsp;<\/p>\n<blockquote><p>Skaalan ikkunaremontti taloyhti\u00f6ille on vaivaton is\u00e4nn\u00f6itsij\u00e4lle, taloyhti\u00f6ille ja sen asukkaille.<\/p><\/blockquote>\n<p>&nbsp;<\/p>\n<p>Me Skaalalla pid\u00e4mme huolen, ett\u00e4 ikkunaremontti etenee turvallisesti, siististi ja sovitussa aikataulussa. Meill\u00e4 on vuosikymmenten kokemus ikkuna- ja oviremonteista taloyhti\u00f6iss\u00e4, joten remontti toteutuu joustavasti ja luotettavasti talon el\u00e4m\u00e4n huomioiden. Hoidamme luonnollisesti ikkunaremontista tiedottamisen asukkaiden suuntaan.<\/p>\n<p>&nbsp;<\/p>\n<p>Ikkunaremontti ja oviremontti kannattaa tehd\u00e4 heti kun sille on tarvetta. Modernit ikkunat ja ovet ovat kest\u00e4vi\u00e4 ja palvelevat useita vuosikymmeni\u00e4. Remontti voi tuntua suurelta investoinnilta, mutta pitk\u00e4ll\u00e4 aikav\u00e4lill\u00e4 se kannattaa my\u00f6s taloudellisesti. Ikkuna- ja oviremontti lis\u00e4\u00e4v\u00e4t paitsi asunnon arvoa my\u00f6s asuinmukavuutta merkitt\u00e4v\u00e4sti!<\/p>\n<p>&nbsp;<\/p>\n<p>Lis\u00e4ksi, kun valitset Skaalan matalaenergiaikkunat ja -ovet, saat markkinoiden energiatehokkaimmat ikkunat ja ovet:<\/p>\n<ul>\n<li>huurtumattomuus-k\u00e4sittely vakiona<\/li>\n<li>ei vedontunnetta talvella<\/li>\n<li>ei auringonpaahdetta kes\u00e4ll\u00e4<\/li>\n<li>pienenn\u00e4t asumisesi hiilijalanj\u00e4lke\u00e4<\/li>\n<\/ul>\n\t<\/div>\n\n\n\n\n<a href=\"https:\/\/www.skaala.com\/fi\/ikkunaremontti-taloyhtiossa\/\" \nid=\"button-block-block_9e43799a3e1a8e1ac556f39345af9581\" \nclass=\"button-block button\"\ntarget=\"_blank\"\n>Lue t\u00e4st\u00e4 taloyhti\u00f6n ikkunaremontista<\/a>\n\n\n\n\t\n\t<div id=\"heading-block-block_69ee80851acea09f5734c072ca87580e\" class=\"heading-block\">\n\t\t<h3 ><span>Miksi valita Skaala?<\/span><\/h3>\t<\/div>\n\n\n<div id=\"cards-block_b39c0f6ecae641923dd199a8ef4c5c3d\" class=\"cards-block count-4\">\n<div id=\"cards-block_b39c0f6ecae641923dd199a8ef4c5c3d\" class=\"cards-block--card\">\n\t\t\t<div class=\"icon-block\" style=\"background-image: url('https:\/\/www.skaala.com\/wp-content\/themes\/skaala-2023\/dist\/assets\/images\/icons\/check-red.svg);\">\n\t\t<\/div>\n\t\t\t\t<h4>Ilmainen mittaus- ja suunnittelupalvelu.<\/h4>\n\t\t\t\t<\/div>\n\t<div id=\"cards-block_b39c0f6ecae641923dd199a8ef4c5c3d\" class=\"cards-block--card\">\n\t\t\t<div class=\"icon-block\" style=\"background-image: url('https:\/\/www.skaala.com\/wp-content\/themes\/skaala-2023\/dist\/assets\/images\/icons\/check-red.svg);\">\n\t\t<\/div>\n\t\t\t\t<h4>Mittatilausty\u00f6n\u00e4 valmistetut avainlipputuotteet.<\/h4>\n\t\t\t\t<\/div>\n\t<div id=\"cards-block_b39c0f6ecae641923dd199a8ef4c5c3d\" class=\"cards-block--card\">\n\t\t\t<div class=\"icon-block\" style=\"background-image: url('https:\/\/www.skaala.com\/wp-content\/themes\/skaala-2023\/dist\/assets\/images\/icons\/check-red.svg);\">\n\t\t<\/div>\n\t\t\t\t<h4>Huoleton ja ripe\u00e4 ikkunaremontti ammattilaisten toimesta.<\/h4>\n\t\t\t\t<\/div>\n\t<div id=\"cards-block_b39c0f6ecae641923dd199a8ef4c5c3d\" class=\"cards-block--card\">\n\t\t\t<div class=\"icon-block\" style=\"background-image: url('https:\/\/www.skaala.com\/wp-content\/themes\/skaala-2023\/dist\/assets\/images\/icons\/check-red.svg);\">\n\t\t<\/div>\n\t\t\t\t<h4>Pitk\u00e4t takuuajat ja koko maan kattava huoltopalvelu.<\/h4>\n\t\t\t\t<\/div>\n\t<\/div>\n<\/div><\/div>\n\n\n\n<div class=\"wp-block-custom-content-area custom-wrapper alignleft has-dark-gray-background-color\"><div class=\"outer-wrap\">\n<div id=\"text-block-block_3f7253e9d8ebddc625fafddb1261f140\" class=\"text-block\">\n\t\t\t<p><strong>Kampanjaehdot:<\/strong><\/p>\n<p>&nbsp;<\/p>\n<p>Etu koskee taloyhti\u00f6asiakkaiden uusia kauppoja ajalla 13.4. &#8211; 30.6.2026. Hyvitys huomioidaan tilauksen loppusummassa.<\/p>\n<p>&nbsp;<\/p>\n<p>Kampanja-edun saa kampanja-aikana tehtyyn taloyhti\u00f6n ikkuna- tai oviremonttikauppaan, joka sis\u00e4lt\u00e4\u00e4 asennuksen.<\/p>\n<p>Etu koskee vain taloyhti\u00f6it\u00e4 ja uusia, em. aikana tehtyj\u00e4 tilauksia, ei yhdistett\u00e4viss\u00e4 muihin tarjouksiin tai aiemmin sovittuihin kauppoihin.<\/p>\n\t<\/div>\n\n<\/div><\/div>\n","protected":false},"excerpt":{"rendered":"","protected":false},"author":566,"featured_media":21936,"parent":143,"menu_order":0,"comment_status":"closed","ping_status":"closed","template":"","meta":{"_acf_changed":false,"inline_featured_image":false,"footnotes":""},"class_list":["post-13527","page","type-page","status-publish","has-post-thumbnail","hentry"],"acf":[],"_links":{"self":[{"href":"https:\/\/www.skaala.com\/fi\/wp-json\/wp\/v2\/pages\/13527","targetHints":{"allow":["GET"]}}],"collection":[{"href":"https:\/\/www.skaala.com\/fi\/wp-json\/wp\/v2\/pages"}],"about":[{"href":"https:\/\/www.skaala.com\/fi\/wp-json\/wp\/v2\/types\/page"}],"author":[{"embeddable":true,"href":"https:\/\/www.skaala.com\/fi\/wp-json\/wp\/v2\/users\/566"}],"replies":[{"embeddable":true,"href":"https:\/\/www.skaala.com\/fi\/wp-json\/wp\/v2\/comments?post=13527"}],"version-history":[{"count":48,"href":"https:\/\/www.skaala.com\/fi\/wp-json\/wp\/v2\/pages\/13527\/revisions"}],"predecessor-version":[{"id":28535,"href":"https:\/\/www.skaala.com\/fi\/wp-json\/wp\/v2\/pages\/13527\/revisions\/28535"}],"up":[{"embeddable":true,"href":"https:\/\/www.skaala.com\/fi\/wp-json\/wp\/v2\/pages\/143"}],"wp:featuredmedia":[{"embeddable":true,"href":"https:\/\/www.skaala.com\/fi\/wp-json\/wp\/v2\/media\/21936"}],"wp:attachment":[{"href":"https:\/\/www.skaala.com\/fi\/wp-json\/wp\/v2\/media?parent=13527"}],"curies":[{"name":"wp","href":"https:\/\/api.w.org\/{rel}","templated":true}]}}