{"id":137,"date":"2020-04-20T15:08:28","date_gmt":"2020-04-20T12:08:28","guid":{"rendered":"https:\/\/www.skaala.com\/?page_id=137"},"modified":"2026-04-07T15:44:56","modified_gmt":"2026-04-07T12:44:56","slug":"ovet","status":"publish","type":"page","link":"https:\/\/www.skaala.com\/fi\/ovet\/","title":{"rendered":"Ovet"},"content":{"rendered":"\n\t<header class=\"featured-hero custom\" role=\"banner\" data-interchange=\"\n\t\t[https:\/\/www.skaala.com\/wp-content\/uploads\/2025\/12\/Skaalan-ulko-ovet-1280x400.jpg, small],\n\t\t[https:\/\/www.skaala.com\/wp-content\/uploads\/2025\/12\/Skaalan-ulko-ovet-1280x400.jpg,medium],\n\t\t[https:\/\/www.skaala.com\/wp-content\/uploads\/2025\/12\/Skaalan-ulko-ovet-1440x400.jpg, large],\n\t\t[https:\/\/www.skaala.com\/wp-content\/uploads\/2025\/12\/Skaalan-ulko-ovet-1500x400.jpg, xlarge]\">\n\t\t\t<h1>Ovet <\/h1>\n\t<\/header>\n\t\n\n\n<div class=\"wp-block-custom-content-area custom-wrapper alignleft has-light-blue-background-color\"><div class=\"outer-wrap\">\t\n\t<div id=\"heading-block-block_1b557de8d8ae61342d5deb5b7fa033fa\" class=\"heading-block\">\n\t\t<h2 ><span>Kotimaiset mittatilausovet Skaalalta<\/span><\/h2>\t<\/div>\n\n\n\n<div id=\"text-block-block_3a1c69d6f26d1541314bb20b9c68d2ea\" class=\"text-block\">\n\t\t\t<p><strong>Skaalan valmistamat laadukkaat ovet koteihin ja julkisiin tiloihin. Laajaan valikoimaamme kuuluu esimerkiksi n\u00e4ytt\u00e4vi\u00e4 ulko-ovia, k\u00e4tevi\u00e4 parvekeovia ja lasisia liukuovia terassille. Ovi on portti kotiisi, siksi kannattaa valita turvallinen ja kest\u00e4v\u00e4 Suomessa tehty Skaala-ovi.<\/strong><\/p>\n<p><script type=\"text\/javascript\" async src=\"https:\/\/bot.leadoo.com\/bot\/inpage.js?code=4722270d#seamless\"><\/script><\/p>\n\t<\/div>\n\n<\/div><\/div>\n\n\n\n<div class=\"wp-block-custom-content-area custom-wrapper alignleft has-light-blue-background-color\"><div class=\"outer-wrap\">\t\n\t<div id=\"heading-block-block_1c94290457fe94b31f6436f1bf99f32d\" class=\"heading-block\">\n\t\t<h2 ><span>Ovet \u2013 laaja valikoima Skaalan erilaisia ovia<\/span><\/h2>\t<\/div>\n\n\n\n<div id=\"text-block-block_4500602bb326ccc5bf8cffd4da8ee8b9\" class=\"text-block\">\n\t\t\t<p>Uusi <a href=\"https:\/\/www.skaala.com\/fi\/ovet\/ulko-ovet\/\">ulko-ovi<\/a>, <a href=\"https:\/\/www.skaala.com\/ovet\/parvekeovet\/\">parvekeovi, terassiovi<\/a> tai <a href=\"https:\/\/www.skaala.com\/fi\/ovet\/liukuovet\/\">lasiliukuovi<\/a> \u2013 Skaalalta saat ovet koko kotiisi. Laadukas ja n\u00e4ytt\u00e4v\u00e4 ulko-ovi toivottaa tulijan tervetulleeksi. Rakennuksen tyyliin sopiva parvekeovi voidaan toteuttaa vaikka kokolasisena. Lasiliukuovella avaat esteett\u00f6m\u00e4n n\u00e4kym\u00e4n ja k\u00e4ynnin ulos.<\/p>\n<p>&nbsp;<\/p>\n<p>Skaalan ovet ovat muotoilultaan ajattomia, ne on suunniteltu kest\u00e4m\u00e4\u00e4n aikaa ja k\u00e4ytt\u00f6\u00e4. Turvallisuus on meille t\u00e4rke\u00e4\u00e4, siksi kaikki ovemme tehd\u00e4\u00e4n mittatilauksena kotiisi sopivaksi, nopealla toimitusajalla. Kaikki ovemme ovat energiatehokkaita ja t\u00e4ytt\u00e4v\u00e4t rakennusalan standardit. Ovet pit\u00e4v\u00e4t melun ulkona ja l\u00e4mm\u00f6n sis\u00e4ll\u00e4.<\/p>\n<p>&nbsp;<\/p>\n<p>Kun tarvitset apua uusien ovien suunnitteluun ja mittaamiseen, hy\u00f6dynn\u00e4 Skaalan maksuton <a href=\"https:\/\/www.skaala.com\/fi\/ota-yhteytta\/pyyda-ilmainen-arvio-tai-kartoitus\/\">arviointik\u00e4ynti<\/a>. Skaalan ammattilaiset auttavat sinua suunnittelemaan ja asemoimaan uudet tuotteet rakennukseen sopiviksi, olipa kyseess\u00e4 remontti tai uudiskohde. Ovien siistin ja vaivattoman asennuksen hoitaa<a href=\"https:\/\/www.skaala.com\/fi\/palvelut\/asennuspalvelu\/\"> asennuspalvelumme<\/a>.<\/p>\n\t<\/div>\n\n\n\n\n<a href=\"https:\/\/www.skaala.com\/fi\/ota-yhteytta\/pyyda-ilmainen-arvio-tai-kartoitus\/\" \nid=\"button-block-block_dbc05208d4b2915f6ab6e34f127deef4\" \nclass=\"button-block button\"\ntarget=\"\"\n>Pyyd\u00e4 ilmainen arvio<\/a>\n\n\n\n\n<a href=\"https:\/\/www.skaala.com\/fi\/ota-yhteytta\/pyyda-tarjous\/\" \nid=\"button-block-block_8325550a528efd8d91db54663bb53092\" \nclass=\"button-block button\"\ntarget=\"\"\n>Pyyd\u00e4 tarjous<\/a>\n\n\n\n\n<a href=\"https:\/\/bot.leadoo.com\/bot\/chat.html?code=cd553e35\" id=\"button-block-block_ffa4ffea286a9c1dee6cfe305696ccd9\" class=\"button-block button\" target=\"\" rel=\"noopener\">Keskustele chatissa<\/a>\n\n<\/div><\/div>\n\n\n\n<div class=\"wp-block-custom-content-area custom-wrapper alignleft has-light-blue-background-color\"><div class=\"outer-wrap\">\t\n\t<div id=\"heading-block-block_38e3a8d4b3aeb9cd45bc300dd99419fd\" class=\"heading-block\">\n\t\t<h2 ><span>Ovet \u2013 tutustu Skaalan ovivalikoimaan<\/span><\/h2>\t<\/div>\n\n\n\n<div class=\"wp-block-custom-inner-columns has-two-columns custom-columns\"><div class=\"outer-wrap\">\n<div class=\"wp-block-custom-custom-column custom-column\"><div class=\"inner-wrap\">\t\n\t<div id=\"heading-block-block_3f56bc2b12b00cacf5c4a76880c34647\" class=\"heading-block\">\n\t\t<h3 ><span>Ulko-ovet<\/span><\/h3>\t<\/div>\n\n\n\n<div id=\"text-block-block_548894cb351cf73ff0a9123845bd9703\" class=\"text-block\">\n\t\t\t<p>Skaalan valmistavat ulko-ovet sopivat sek\u00e4 perinteiseen ett\u00e4 moderniin rakennustyyliin. Ovemme ovat energiatehokkaita ja turvallisia. Tutustu Skaalan tehokkaasti l\u00e4mp\u00f6\u00e4 erist\u00e4viin kotimaisiin ulko-oviin.<\/p>\n\t<\/div>\n\n\n\n\n<a href=\"https:\/\/www.skaala.com\/ovet\/ulko-ovet\/\" id=\"button-block-block_3e58529f0a6b88b9352036de9d74faad\" class=\"button-block button\" target=\"\">Lue lis\u00e4\u00e4<\/a>\n\n<\/div><\/div>\n\n\n\n<div class=\"wp-block-custom-custom-column custom-column\"><div class=\"inner-wrap\">\n<div id=\"image-block_7933b4f37e8a6a560f95c4788837ce38\" class=\"image-block\">\n\t\t\t\t<div class=\"image-container\" style=\"width: px; height: \n\t\tauto;\">\n\t\t\t<img decoding=\"async\" src=\"https:\/\/www.skaala.com\/wp-content\/uploads\/2021\/01\/Skaala_Skandia_Cello_premium-scaled.jpg\" alt=\"\">\n\t\t<\/div>\n\t \n\n\t<\/div>\n\n<\/div><\/div>\n<\/div><\/div>\n\n\n\n<div class=\"wp-block-custom-inner-columns has-two-columns custom-columns\"><div class=\"outer-wrap\">\n<div class=\"wp-block-custom-custom-column custom-column\"><div class=\"inner-wrap\">\t\n\t<div id=\"heading-block-block_732d3e32067928cdd44bee41b6567ec8\" class=\"heading-block\">\n\t\t<h3 ><span>Parvekeovet<\/span><\/h3>\t<\/div>\n\n\n\n<div id=\"text-block-block_1214735d7f08daf585ae538c810b7988\" class=\"text-block\">\n\t\t\t<p>Parvekeovet ja terassiovet ovat laadukkaita huoltovapaita lasiovia, joihin on saatavana erilaisia ominaisuuksia turvalasista s\u00e4vylaseihin. Skaalan ovet ovat hyvin erist\u00e4vi\u00e4. Toimitamme sopivat ovet niin omakotitaloihin, vapaa-ajan asuntoihin kuin taloyhti\u00f6ihin.<\/p>\n\t<\/div>\n\n\n\n\n<a href=\"https:\/\/www.skaala.com\/ovet\/parvekeovet\/\" id=\"button-block-block_f2a03a17f70a0f92fe8b2b80b1e0a6ff\" class=\"button-block button\" target=\"\">Parvekeovet<\/a>\n\n<\/div><\/div>\n\n\n\n<div class=\"wp-block-custom-custom-column custom-column\"><div class=\"inner-wrap\">\n<div id=\"image-block_847b5f1f643fe2c317df68f38dbcb9e6\" class=\"image-block\">\n\t\t\t\t<div class=\"image-container\" style=\"width: px; height: \n\t\tauto;\">\n\t\t\t<img decoding=\"async\" src=\"https:\/\/www.skaala.com\/wp-content\/uploads\/2023\/05\/Parvekeoviautoulkoapain-scaled.jpg\" alt=\"\">\n\t\t<\/div>\n\t \n\n\t<\/div>\n\n<\/div><\/div>\n<\/div><\/div>\n\n\n\n<div class=\"wp-block-custom-inner-columns has-two-columns custom-columns\"><div class=\"outer-wrap\">\n<div class=\"wp-block-custom-custom-column custom-column\"><div class=\"inner-wrap\">\t\n\t<div id=\"heading-block-block_29d51fdcda2ab1ea4970be300332ce71\" class=\"heading-block\">\n\t\t<h3 ><span>Liukuovet<\/span><\/h3>\t<\/div>\n\n\n\n<div id=\"text-block-block_ab52619cfe4d93d472530b9e1a2592b7\" class=\"text-block\">\n\t\t\t<p>Skaalan lasiliukuovet ovat turvallisia ja kest\u00e4vi\u00e4 ovia, joissa on kolmilasinen eristyslasi. Comfort close -toiminto takaa ovien helpon ja kevyen liikuttelun. Yhdist\u00e4 kodin sis\u00e4- ja ulkotilat Skaalan laadukkailla lasiliukuovilla.<\/p>\n\t<\/div>\n\n\n\n\n<a href=\"https:\/\/www.skaala.com\/ovet\/liukuovet\/\" id=\"button-block-block_731edef310ed241a9ad903d97b02888e\" class=\"button-block button\" target=\"\">Liukuovet<\/a>\n\n<\/div><\/div>\n\n\n\n<div class=\"wp-block-custom-custom-column custom-column\"><div class=\"inner-wrap\">\n<div id=\"image-block_8b57451a9120ea1cfeb38fdc293e32ca\" class=\"image-block\">\n\t\t\t\t<div class=\"image-container\" style=\"width: px; height: \n\t\tauto;\">\n\t\t\t<img decoding=\"async\" src=\"https:\/\/www.skaala.com\/wp-content\/uploads\/2023\/08\/Skaalaautolasiliukuovi.jpg\" alt=\"\">\n\t\t<\/div>\n\t \n\n\t<\/div>\n\n<\/div><\/div>\n<\/div><\/div>\n\n\n\n<div class=\"wp-block-custom-inner-columns has-two-columns custom-columns\"><div class=\"outer-wrap\">\n<div class=\"wp-block-custom-custom-column custom-column\"><div class=\"inner-wrap\">\t\n\t<div id=\"heading-block-block_5b3bc1e06cbab95c4324f7a56514d9c7\" class=\"heading-block\">\n\t\t<h3 ><span>PALO-OVET<\/span><\/h3>\t<\/div>\n\n\n\n<div id=\"text-block-block_b7468de0340d42b5f14720c73301e6bb\" class=\"text-block\">\n\t\t\t<p>Skaalan tyylik\u00e4s mittatilausty\u00f6n\u00e4 valmistettu paloluokiteltu ulko-ovi n\u00e4ytt\u00e4\u00e4 perinteiselt\u00e4 ulko-ovelta mutta on CE-hyv\u00e4ksytty paloluokan EI30 ovi.<\/p>\n\t<\/div>\n\n\n\n\n<a href=\"https:\/\/www.skaala.com\/fi\/ovet\/palo-ovet\/\" id=\"button-block-block_4c08a9fbc9785c1c9838ee9ca8855d70\" class=\"button-block button\" target=\"\">Palo-ovet<\/a>\n\n<\/div><\/div>\n\n\n\n<div class=\"wp-block-custom-custom-column custom-column\"><div class=\"inner-wrap\">\n<div id=\"image-block_a1a19cc7209c1bfffff67325ed02c2ae\" class=\"image-block\">\n\t\t\t\t<div class=\"image-container\" style=\"width: px; height: \n\t\tauto;\">\n\t\t\t<img decoding=\"async\" src=\"https:\/\/www.skaala.com\/wp-content\/uploads\/2023\/03\/Skaalaautooviauki-e1683287442914.jpg\" alt=\"\">\n\t\t<\/div>\n\t \n\n\t<\/div>\n\n<\/div><\/div>\n<\/div><\/div>\n\n\n\n<div class=\"wp-block-custom-inner-columns has-two-columns custom-columns\"><div class=\"outer-wrap\">\n<div class=\"wp-block-custom-custom-column custom-column\"><div class=\"inner-wrap\">\t\n\t<div id=\"heading-block-block_787c88fdd7187d7eb6f7e644aa13e955\" class=\"heading-block\">\n\t\t<h3 ><span>Skaala \u00e4\u00e4nieristysovi <\/span><\/h3>\t<\/div>\n\n\n\n<div id=\"text-block-block_d502a9aa57adc74a79dd0f8e9df94833\" class=\"text-block\">\n\t\t\t<p>\u00c4\u00e4neneristysovet sopivat niille, jotka arvostat rauhaa ja hiljaisuutta, sill\u00e4 \u00e4\u00e4nieristysovet lis\u00e4\u00e4v\u00e4t kotien asumismukavuutta. Skaalan \u00e4\u00e4nieristysovi on markkinoiden hiljaisin, jopa 38 dB (Ctr+Rw).<\/p>\n\t<\/div>\n\n\n\n\n<a href=\"https:\/\/www.skaala.com\/fi\/ovet\/aanieristetty-ovi\/\" id=\"button-block-block_86a968b0a355baf8ad0cd35a81b6cc93\" class=\"button-block button\" target=\"\">\u00c4\u00e4nieristetty ovi<\/a>\n\n<\/div><\/div>\n\n\n\n<div class=\"wp-block-custom-custom-column custom-column\"><div class=\"inner-wrap\">\n<div id=\"image-block_80c8c125bc4be3cb0650d3d4c8495d8a\" class=\"image-block\">\n\t\t \n\n\t<\/div>\n\n<\/div><\/div>\n<\/div><\/div>\n\n\n\n<div class=\"wp-block-custom-inner-columns has-two-columns custom-columns\"><div class=\"outer-wrap\">\n<div class=\"wp-block-custom-custom-column custom-column\"><div class=\"inner-wrap\">\t\n\t<div id=\"heading-block-block_bdaf89957e324e798bbffa977211f015\" class=\"heading-block\">\n\t\t<h3 ><span>Julkisten tilojen ovet<\/span><\/h3>\t<\/div>\n\n\n\n<div id=\"text-block-block_53e5d7e2fa1bea9fa367584262f8a523\" class=\"text-block\">\n\t\t\t<p>Skaala valmistaa rakennusm\u00e4\u00e4r\u00e4yksiin ja vaativiin tarpeisiin sopivia julkisten tilojen sis\u00e4ovia. Valikoimissamme on erilaisia palo-ovia ja \u00e4\u00e4nieristysovia, joita k\u00e4ytet\u00e4\u00e4n esimerkiksi virastorakennuksissa, sairaaloissa, kouluissa ja p\u00e4iv\u00e4kodeissa.<\/p>\n\t<\/div>\n\n\n\n\n<a href=\"https:\/\/www.skaala.com\/ovet\/julkisten-tilojen-ovet\/\" id=\"button-block-block_dfa8f47cf26810513964bcb2bde3773e\" class=\"button-block button\" target=\"\">Julkisten tilojen ovet<\/a>\n\n<\/div><\/div>\n\n\n\n<div class=\"wp-block-custom-custom-column custom-column\"><div class=\"inner-wrap\">\n<div id=\"image-block_92413b80359ceec53987818ceb35006f\" class=\"image-block\">\n\t\t\t\t<div class=\"image-container\" style=\"width: px; height: \n\t\tauto;\">\n\t\t\t<img decoding=\"async\" src=\"https:\/\/www.skaala.com\/wp-content\/uploads\/2021\/02\/julkisten-tilojen-ovi-e1656402208644.jpg\" alt=\"Skaala julkisten tilojen ovi\">\n\t\t<\/div>\n\t \n\n\t<\/div>\n\n<\/div><\/div>\n<\/div><\/div>\n\n\n\n<div class=\"wp-block-custom-inner-columns has-two-columns custom-columns\"><div class=\"outer-wrap\">\n<div class=\"wp-block-custom-custom-column custom-column\"><div class=\"inner-wrap\">\t\n\t<div id=\"heading-block-block_d2eaba195aa37950c69c31c08ba82e30\" class=\"heading-block\">\n\t\t<h3 ><span>Suunnittele kotiisi uusi sis\u00e4\u00e4nk\u00e4ynti<\/span><\/h3>\t<\/div>\n\n\n\n<div id=\"text-block-block_ebe8e0847f6e66893871e6d4398bcab3\" class=\"text-block\">\n\t\t\t<p>Skaalan ikkunat ja ovet n\u00e4ht\u00e4vill\u00e4 Skaalan Showroomilla. Vierailu showroomilla on helppo tapa tutustua tuotteisiimme k\u00e4yt\u00e4nn\u00f6ss\u00e4 ja saada lis\u00e4tietoa tuotteiden ominaisuuksista ja lis\u00e4varusteista sek\u00e4 kysy\u00e4 apua ammattilaisilta. Tule inspiroitumaan ja jututtamaan lasiantuntijoitamme!<\/p>\n\t<\/div>\n\n\n\n\n<a href=\"https:\/\/www.skaala.com\/fi\/skaala-showroomit-tervetuloa\/\" id=\"button-block-block_e220fa9608709ed6e57fad3073757548\" class=\"button-block button\" target=\"\">Skaalan showroomit<\/a>\n\n<\/div><\/div>\n\n\n\n<div class=\"wp-block-custom-custom-column custom-column\"><div class=\"inner-wrap\">\n<div id=\"text-block-block_acf6df4d3c0b00aac00a0cdbcda241c7\" class=\"text-block\">\n\t\t\t<div class=\"video-container\"><iframe title=\"Ulko-oven valinta\" width=\"500\" height=\"281\" src=\"https:\/\/www.youtube.com\/embed\/_zRcA2e0ftM?feature=oembed\" frameborder=\"0\" allow=\"accelerometer; autoplay; clipboard-write; encrypted-media; gyroscope; picture-in-picture; web-share\" referrerpolicy=\"strict-origin-when-cross-origin\" allowfullscreen><\/iframe><\/div>\n\t<\/div>\n\n<\/div><\/div>\n<\/div><\/div>\n\n\n<div id=\"cards-block_99e26de9ed956b75d838a5e813a6d4db\" class=\"cards-block count-3\">\n<div id=\"cards-block_99e26de9ed956b75d838a5e813a6d4db\" class=\"cards-block--card\">\n\t\t\t<div class=\"icon-block\" style=\"background-image: url('https:\/\/www.skaala.com\/wp-content\/themes\/skaala-2023\/dist\/assets\/images\/icons\/phone-call-gray.svg);\">\n\t\t<\/div>\n\t\t\t\t<h4>Puhelimitse<\/h4>\n\t\t\t\t\t<a href=\"tel: +358 10 835 4700\" class=\"button\" target=\"\"> +358 10 835 4700<\/a>\n\t\t<\/div>\n\t<div id=\"cards-block_99e26de9ed956b75d838a5e813a6d4db\" class=\"cards-block--card\">\n\t\t\t<div class=\"icon-block\" style=\"background-image: url('https:\/\/www.skaala.com\/wp-content\/themes\/skaala-2023\/dist\/assets\/images\/icons\/users-gray.svg);\">\n\t\t<\/div>\n\t\t\t\t<h4>Chatissa<\/h4>\n\t\t\t\t<button id=\"injectbot\" onclick=\"DisplayBot()\" class=\"button\">Avaa chat<\/button>\n\t\t\t<\/div>\n\t<div id=\"cards-block_99e26de9ed956b75d838a5e813a6d4db\" class=\"cards-block--card\">\n\t\t\t<div class=\"icon-block\" style=\"background-image: url('https:\/\/www.skaala.com\/wp-content\/themes\/skaala-2023\/dist\/assets\/images\/icons\/mail-gray.svg);\">\n\t\t<\/div>\n\t\t\t\t<h4>S\u00e4hk\u00f6postilla<\/h4>\n\t\t\t\t\t<a href=\"mailto:info@skaala.com\" class=\"button\" target=\"\">info@skaala.com<\/a>\n\t\t<\/div>\n\t<\/div>\n<\/div><\/div>\n\n\n<div class=\"featured-items-block block\">\n\t<div class=\"featured-item\">\n\t\t<div class=\"content-half has-dark-gray-background-color\">\n\t\t\t<div class=\"featured-item--content grid-item\">\n\t\t\t\t\t\t<a class=\"button button-large\" href=\"https:\/\/www.skaala.com\/fi\/ovet\/ovien-varustelu-ja-ominaisuudet\/\">Ovien varustelu ja ominaisuudet<\/a>\n\t\t\t\t\t\t<\/div>\n\t\t<\/div>\n\t\t\t\t<div class=\"featured-item--image grid-item\"\n\t\t\t\t\tdata-interchange=\"\n\t\t\t\t\t[https:\/\/www.skaala.com\/wp-content\/uploads\/2023\/05\/Skaalaautolasiovi-1024x683.jpg, small], \n\t\t\t\t\t[https:\/\/www.skaala.com\/wp-content\/uploads\/2023\/05\/Skaalaautolasiovi-1024x683.jpg, medium], \n\t\t\t\t\t[https:\/\/www.skaala.com\/wp-content\/uploads\/2023\/05\/Skaalaautolasiovi-1200x800.jpg, large], \n\t\t\t\t\t[https:\/\/www.skaala.com\/wp-content\/uploads\/2023\/05\/Skaalaautolasiovi-1536x1024.jpg, xlarge]\"\n\t\t\t\t\t>\n\t\t<\/div>\n\t\t\t<\/div>\n\t\t<div class=\"featured-item\">\n\t\t<div class=\"content-half has-dark-gray-background-color\">\n\t\t\t<div class=\"featured-item--content grid-item\">\n\t\t\t\t\t\t<a class=\"button button-large\" href=\"https:\/\/www.skaala.com\/fi\/ovet\/ovien-hoito-ja-huolto\/\">Ovien hoito ja huolto<\/a>\n\t\t\t\t\t\t<\/div>\n\t\t<\/div>\n\t\t\t\t<div class=\"featured-item--image grid-item\"\n\t\t\t\t\tdata-interchange=\"\n\t\t\t\t\t[https:\/\/www.skaala.com\/wp-content\/uploads\/2020\/05\/Skaalan-asennuspavelu-rajattu-1024x1180.jpg, small], \n\t\t\t\t\t[https:\/\/www.skaala.com\/wp-content\/uploads\/2020\/05\/Skaalan-asennuspavelu-rajattu-1024x1180.jpg, medium], \n\t\t\t\t\t[https:\/\/www.skaala.com\/wp-content\/uploads\/2020\/05\/Skaalan-asennuspavelu-rajattu-1200x1383.jpg, large], \n\t\t\t\t\t[https:\/\/www.skaala.com\/wp-content\/uploads\/2020\/05\/Skaalan-asennuspavelu-rajattu-1333x1536.jpg, xlarge]\"\n\t\t\t\t\t>\n\t\t<\/div>\n\t\t\t<\/div>\n\t\t<div class=\"featured-item\">\n\t\t<div class=\"content-half has-dark-gray-background-color\">\n\t\t\t<div class=\"featured-item--content grid-item\">\n\t\t\t\t\t\t<a class=\"button button-large\" href=\"https:\/\/www.skaala.com\/fi\/ota-yhteytta\/yhteystiedot\/\">Yhteystiedot &#8211; Etsitk\u00f6 myyj\u00e4\u00e4 alueellasi tai oikeaa yhteyshenkil\u00f6\u00e4 toimistolta?\u00a0<\/a>\n\t\t\t\t\t\t<\/div>\n\t\t<\/div>\n\t\t\t\t<div class=\"featured-item--image grid-item\"\n\t\t\t\t\tdata-interchange=\"\n\t\t\t\t\t[https:\/\/www.skaala.com\/wp-content\/uploads\/2023\/08\/Olohuoneenautoikkunat-1024x1536.jpg, small], \n\t\t\t\t\t[https:\/\/www.skaala.com\/wp-content\/uploads\/2023\/08\/Olohuoneenautoikkunat-1024x1536.jpg, medium], \n\t\t\t\t\t[https:\/\/www.skaala.com\/wp-content\/uploads\/2023\/08\/Olohuoneenautoikkunat-1200x1800.jpg, large], \n\t\t\t\t\t[https:\/\/www.skaala.com\/wp-content\/uploads\/2023\/08\/Olohuoneenautoikkunat-1024x1536.jpg, xlarge]\"\n\t\t\t\t\t>\n\t\t<\/div>\n\t\t\t<\/div>\n\t<\/div>\n","protected":false},"excerpt":{"rendered":"","protected":false},"author":5,"featured_media":17736,"parent":0,"menu_order":0,"comment_status":"closed","ping_status":"closed","template":"","meta":{"_acf_changed":false,"inline_featured_image":false,"footnotes":""},"class_list":["post-137","page","type-page","status-publish","has-post-thumbnail","hentry"],"acf":[],"_links":{"self":[{"href":"https:\/\/www.skaala.com\/fi\/wp-json\/wp\/v2\/pages\/137","targetHints":{"allow":["GET"]}}],"collection":[{"href":"https:\/\/www.skaala.com\/fi\/wp-json\/wp\/v2\/pages"}],"about":[{"href":"https:\/\/www.skaala.com\/fi\/wp-json\/wp\/v2\/types\/page"}],"author":[{"embeddable":true,"href":"https:\/\/www.skaala.com\/fi\/wp-json\/wp\/v2\/users\/5"}],"replies":[{"embeddable":true,"href":"https:\/\/www.skaala.com\/fi\/wp-json\/wp\/v2\/comments?post=137"}],"version-history":[{"count":112,"href":"https:\/\/www.skaala.com\/fi\/wp-json\/wp\/v2\/pages\/137\/revisions"}],"predecessor-version":[{"id":28269,"href":"https:\/\/www.skaala.com\/fi\/wp-json\/wp\/v2\/pages\/137\/revisions\/28269"}],"wp:featuredmedia":[{"embeddable":true,"href":"https:\/\/www.skaala.com\/fi\/wp-json\/wp\/v2\/media\/17736"}],"wp:attachment":[{"href":"https:\/\/www.skaala.com\/fi\/wp-json\/wp\/v2\/media?parent=137"}],"curies":[{"name":"wp","href":"https:\/\/api.w.org\/{rel}","templated":true}]}}