{"id":139,"date":"2020-04-20T15:09:08","date_gmt":"2020-04-20T12:09:08","guid":{"rendered":"https:\/\/www.skaala.com\/?page_id=139"},"modified":"2025-12-22T09:51:06","modified_gmt":"2025-12-22T07:51:06","slug":"palvelut","status":"publish","type":"page","link":"https:\/\/www.skaala.com\/fi\/palvelut\/","title":{"rendered":"Palvelut"},"content":{"rendered":"\n\t<header class=\"featured-hero custom\" role=\"banner\" data-interchange=\"\n\t\t[https:\/\/www.skaala.com\/wp-content\/uploads\/2023\/08\/TEKauto0085-1280x400.jpg, small],\n\t\t[https:\/\/www.skaala.com\/wp-content\/uploads\/2023\/08\/TEKauto0085-1280x400.jpg,medium],\n\t\t[https:\/\/www.skaala.com\/wp-content\/uploads\/2023\/08\/TEKauto0085-1440x400.jpg, large],\n\t\t[https:\/\/www.skaala.com\/wp-content\/uploads\/2023\/08\/TEKauto0085-1920x400.jpg, xlarge]\">\n\t\t\t<h1>Palvelut \u2013 ammattilaisen avulla onnistut<\/h1>\n\t<\/header>\n\t\n\n\n<div class=\"wp-block-custom-content-area custom-wrapper aligncenter has-light-blue-background-color\"><div class=\"outer-wrap\">\t\n\t<div id=\"heading-block-block_2d750ca4b67d96ed544f7d431d77f28d\" class=\"heading-block\">\n\t\t<h2 ><span>Apua suunnitteluun, asennukseen, huoltoon ja rahoitukseen<\/span><\/h2>\t<\/div>\n\n\n\n<div id=\"text-block-block_8fe0c055b457ace3e1db31efebda8aa3\" class=\"text-block\">\n\t\t\t<p><strong>Tarvitsetko apua ikkunoiden ja ovien valinnassa ja mitoituksessa? Haluatko ikkunaremontin avaimet k\u00e4teen -asennuksena? Skaalan mittaus- ja suunnittelupalvelu, asennuspalvelu ja huoltopalvelu ovat apunasi kaikkialla Suomessa. Kysy meilt\u00e4 my\u00f6s joustavasta Skaala-rahoituksesta.<\/strong><\/p>\n\t<\/div>\n\n\n\n\n<div id=\"text-block-block_f2c0dcb1c541c05a7ba8e5c5fd38bc5c\" class=\"text-block\">\n\t\t\t<p>Ikkunaremontti, oviratkaisut uudiskohteeseen tai ikkunoiden huolto \u2013 tarvitsitpa apua mihin tahansa ikkunoihin ja oviin liittyv\u00e4\u00e4n, me Skaalalla autamme sinua mielell\u00e4mme. Kun otat avuksi ammattilaisen, kaikki uusien ikkunoiden ja ovien suunnittelusta asennukseen ja kunnossapitoon sujuu mutkattomasti ja lopputulos on laadukas.<\/p>\n<p>Ota yhteytt\u00e4 ja kerro, kuinka voimme auttaa! Palveluihimme kuuluu ilmainen arviointik\u00e4ynti, jossa mitataan ja suunnitellaan sinulle paras mahdollinen ikkuna- ja oviratkaisu. Asiantuntijamme palvelevat my\u00f6s asennuspalvelussa sek\u00e4 huoltopalvelussa ymp\u00e4ri Suomen.<\/p>\n<p>Haluamme, ett\u00e4 asiakkaamme voivat toteuttaa ikkuna- ja ovihaaveensa tilanteesta riippumatta. Siksi tarjoamme asiakkaillemme joustavaa Skaala-rahoitusta, joka mahdollistaa tuotteiden maksun eriss\u00e4.<\/p>\n\t<\/div>\n\n\n\n<div id=\"cards-block_aa743909916683dbd853b2d8871c2b96\" class=\"cards-block count-4\">\n<div id=\"cards-block_aa743909916683dbd853b2d8871c2b96\" class=\"cards-block--card\">\n\t\t\t<div class=\"icon-block\" style=\"background-image: url('https:\/\/www.skaala.com\/wp-content\/themes\/skaala-2023\/dist\/assets\/images\/icons\/home-gray.svg);\">\n\t\t<\/div>\n\t\t\t\t<h4>Skaalan mittauspalvelu<\/h4>\n\t\t\t\t<p>Kun tilaat Skaalan ikkunat tai ovet, kuuluvat mittaus- ja suunnittelupalvelumme hintaan.  Autamme sinua ikkunoiden ja ovien mittaamisessa, suunnittelussa ja asemoinnissa parhaan lopputuloksen varmistamiseksi.<\/p>\n\t\t\t\t<a href=\"https:\/\/www.skaala.com\/fi\/ota-yhteytta\/pyyda-ilmainen-arvio-tai-kartoitus\/\" class=\"button\" target=\"\">Lue lis\u00e4\u00e4<\/a>\n\t\t<\/div>\n\t<div id=\"cards-block_aa743909916683dbd853b2d8871c2b96\" class=\"cards-block--card\">\n\t\t\t<div class=\"icon-block\" style=\"background-image: url('https:\/\/www.skaala.com\/wp-content\/themes\/skaala-2023\/dist\/assets\/images\/icons\/home-gray.svg);\">\n\t\t<\/div>\n\t\t\t\t<h4>Skaalan asennuspalvelu<\/h4>\n\t\t\t\t<p>Ikkunoiden ja ovien asennus hoituu siististi ja nopeasti ammattitaitoisten asentajiemme toimesta. Asennus tehd\u00e4\u00e4n takuuty\u00f6n\u00e4. Teemme asennuksia kaikkialla Suomessa ymp\u00e4ri vuoden.<\/p>\n\t\t\t\t<a href=\"https:\/\/www.skaala.com\/palvelut\/asennuspalvelu\/\" class=\"button\" target=\"\">Lue lis\u00e4\u00e4<\/a>\n\t\t<\/div>\n\t<div id=\"cards-block_aa743909916683dbd853b2d8871c2b96\" class=\"cards-block--card\">\n\t\t\t<div class=\"icon-block\" style=\"background-image: url('https:\/\/www.skaala.com\/wp-content\/themes\/skaala-2023\/dist\/assets\/images\/icons\/home-gray.svg);\">\n\t\t<\/div>\n\t\t\t\t<h4>Skaalan huoltopalvelu<\/h4>\n\t\t\t\t<p>Huoltopalvelumme hoitaa kaikki korjausta vaativat Skaala-tuotteesi. Korjauspalvelu on k\u00e4ytett\u00e4viss\u00e4si miss\u00e4 p\u00e4in Suomea asutkin. J\u00e4t\u00e4 tarjouspyynt\u00f6 huollosta.<\/p>\n\t\t\t\t<a href=\"https:\/\/www.skaala.com\/palvelut\/huoltopalvelu\/\" class=\"button\" target=\"\">Lue lis\u00e4\u00e4<\/a>\n\t\t<\/div>\n\t<div id=\"cards-block_aa743909916683dbd853b2d8871c2b96\" class=\"cards-block--card\">\n\t\t\t<div class=\"icon-block\" style=\"background-image: url('https:\/\/www.skaala.com\/wp-content\/themes\/skaala-2023\/dist\/assets\/images\/icons\/home-gray.svg);\">\n\t\t<\/div>\n\t\t\t\t<h4>Skaala-rahoitus<\/h4>\n\t\t\t\t<p>Skaalan Joustorahoitus mahdollistaa ikkunoiden ja ovien maksamisen sinulle sopivissa eriss\u00e4. Ensimm\u00e4iset kuusi kuukautta rahoitusta tarjoamme ilman korkoja.<\/p>\n\t\t\t\t<a href=\"https:\/\/www.skaala.com\/palvelut\/skaala-rahoitus\/\" class=\"button\" target=\"\">Lue lis\u00e4\u00e4<\/a>\n\t\t<\/div>\n\t<\/div>\n\n\n\t\n\t<div id=\"heading-block-block_f5130dab7a6ee5509dc8a8ff70f15f71\" class=\"heading-block\">\n\t\t<h2 ><span>Apua Skaalan asiakaspalvelusta<\/span><\/h2>\t<\/div>\n\n\n\n<div id=\"text-block-block_351e1b44545d7a704ee413fd5056c9ef\" class=\"text-block\">\n\t\t\t<p>Her\u00e4sik\u00f6 kysytt\u00e4v\u00e4\u00e4? Ota yhteytt\u00e4 asiakaspalveluumme matalalla kynnyksell\u00e4.<\/p>\n<p>Ammattilaisemme palvelevat sinua<a href=\"https:\/\/www.skaala.com\/fi\/ota-yhteytta\/yhteystiedot\/\"> puhelimitse, s\u00e4hk\u00f6postilla ja showroomeillamme<\/a><\/p>\n\t<\/div>\n\n\n\n\n<a href=\"https:\/\/bot.leadoo.com\/bot\/chat.html?code=cd553e35\" id=\"button-block-block_12e1ded3476677262da285cbed6bb484\" class=\"button-block button\" target=\"\" rel=\"noopener\">Keskustele chatissa<\/a>\n\n<\/div><\/div>\n\n\n<div class=\"featured-items-block block\">\n\t<div class=\"featured-item\">\n\t\t<div class=\"content-half has-dark-gray-background-color\">\n\t\t\t<div class=\"featured-item--content grid-item\">\n\t\t\t\t\t\t<a class=\"button button-large\" href=\"https:\/\/www.skaala.com\/fi\/tietoa-skaalasta\/\">Tietoa Skaalasta<\/a>\n\t\t\t\t\t\t<\/div>\n\t\t<\/div>\n\t\t\t\t<div class=\"featured-item--image grid-item\"\n\t\t\t\t\tdata-interchange=\"\n\t\t\t\t\t[https:\/\/www.skaala.com\/wp-content\/uploads\/2025\/04\/Yliharman-tehdas-1024x576.jpg, small], \n\t\t\t\t\t[https:\/\/www.skaala.com\/wp-content\/uploads\/2025\/04\/Yliharman-tehdas-1024x576.jpg, medium], \n\t\t\t\t\t[https:\/\/www.skaala.com\/wp-content\/uploads\/2025\/04\/Yliharman-tehdas-1200x675.jpg, large], \n\t\t\t\t\t[https:\/\/www.skaala.com\/wp-content\/uploads\/2025\/04\/Yliharman-tehdas-1536x864.jpg, xlarge]\"\n\t\t\t\t\t>\n\t\t<\/div>\n\t\t\t<\/div>\n\t\t<div class=\"featured-item\">\n\t\t<div class=\"content-half has-dark-gray-background-color\">\n\t\t\t<div class=\"featured-item--content grid-item\">\n\t\t\t\t\t\t<a class=\"button button-large\" href=\"https:\/\/www.skaala.com\/fi\/ota-yhteytta\/yhteystiedot\/\">Yhteystiedot &#8211; Etsitk\u00f6 myyj\u00e4\u00e4 alueellasi tai oikeaa yhteyshenkil\u00f6\u00e4 toimistolta?\u00a0<\/a>\n\t\t\t\t\t\t<\/div>\n\t\t<\/div>\n\t\t\t\t<div class=\"featured-item--image grid-item\"\n\t\t\t\t\tdata-interchange=\"\n\t\t\t\t\t[https:\/\/www.skaala.com\/wp-content\/uploads\/2023\/08\/Olohuoneenautoikkunat-1024x1536.jpg, small], \n\t\t\t\t\t[https:\/\/www.skaala.com\/wp-content\/uploads\/2023\/08\/Olohuoneenautoikkunat-1024x1536.jpg, medium], \n\t\t\t\t\t[https:\/\/www.skaala.com\/wp-content\/uploads\/2023\/08\/Olohuoneenautoikkunat-1200x1800.jpg, large], \n\t\t\t\t\t[https:\/\/www.skaala.com\/wp-content\/uploads\/2023\/08\/Olohuoneenautoikkunat-1024x1536.jpg, xlarge]\"\n\t\t\t\t\t>\n\t\t<\/div>\n\t\t\t<\/div>\n\t<\/div>\n","protected":false},"excerpt":{"rendered":"","protected":false},"author":5,"featured_media":11605,"parent":0,"menu_order":0,"comment_status":"closed","ping_status":"closed","template":"","meta":{"_acf_changed":false,"inline_featured_image":false,"footnotes":""},"class_list":["post-139","page","type-page","status-publish","has-post-thumbnail","hentry"],"acf":[],"_links":{"self":[{"href":"https:\/\/www.skaala.com\/fi\/wp-json\/wp\/v2\/pages\/139","targetHints":{"allow":["GET"]}}],"collection":[{"href":"https:\/\/www.skaala.com\/fi\/wp-json\/wp\/v2\/pages"}],"about":[{"href":"https:\/\/www.skaala.com\/fi\/wp-json\/wp\/v2\/types\/page"}],"author":[{"embeddable":true,"href":"https:\/\/www.skaala.com\/fi\/wp-json\/wp\/v2\/users\/5"}],"replies":[{"embeddable":true,"href":"https:\/\/www.skaala.com\/fi\/wp-json\/wp\/v2\/comments?post=139"}],"version-history":[{"count":99,"href":"https:\/\/www.skaala.com\/fi\/wp-json\/wp\/v2\/pages\/139\/revisions"}],"predecessor-version":[{"id":21634,"href":"https:\/\/www.skaala.com\/fi\/wp-json\/wp\/v2\/pages\/139\/revisions\/21634"}],"wp:featuredmedia":[{"embeddable":true,"href":"https:\/\/www.skaala.com\/fi\/wp-json\/wp\/v2\/media\/11605"}],"wp:attachment":[{"href":"https:\/\/www.skaala.com\/fi\/wp-json\/wp\/v2\/media?parent=139"}],"curies":[{"name":"wp","href":"https:\/\/api.w.org\/{rel}","templated":true}]}}