{"id":14101,"date":"2022-11-18T14:10:21","date_gmt":"2022-11-18T12:10:21","guid":{"rendered":"https:\/\/www.skaala.com\/?page_id=14101"},"modified":"2025-12-22T09:36:31","modified_gmt":"2025-12-22T07:36:31","slug":"kestava-kehitys-skaala","status":"publish","type":"page","link":"https:\/\/www.skaala.com\/fi\/kestava-kehitys-skaala\/","title":{"rendered":"Kest\u00e4v\u00e4 kehitys"},"content":{"rendered":"\n\t\t<header class=\"featured-hero article\" role=\"banner\" data-interchange=\"[https:\/\/www.skaala.com\/wp-content\/uploads\/2022\/11\/Seglingeautokallioltaautowww-e1668767520211-640x200.jpg, small], [https:\/\/www.skaala.com\/wp-content\/uploads\/2022\/11\/Seglingeautokallioltaautowww-e1668767520211-1280x400.jpg, medium], [https:\/\/www.skaala.com\/wp-content\/uploads\/2022\/11\/Seglingeautokallioltaautowww-e1668767520211-1440x400.jpg, large], [https:\/\/www.skaala.com\/wp-content\/uploads\/2022\/11\/Seglingeautokallioltaautowww-e1668767520211-1920x400.jpg, xlarge]\">\n\t\t\t\t\t<h1>Kest\u00e4v\u00e4 kehitys<\/h1>\n\t\t<\/header>\n\t\t\n\n\n<div class=\"wp-block-custom-content-area custom-wrapper alignleft has-light-blue-background-color\"><div class=\"outer-wrap\">\t\n\t<div id=\"heading-block-block_f755e4414ce434c4d3316e6a509e85ad\" class=\"heading-block\">\n\t\t<h2 ><span>Pohjoisen luontoa kunnioittaen <\/span><\/h2>\t<\/div>\n\n\n\n<div id=\"text-block-block_8a28893facca208dc96e3f9369b07855\" class=\"text-block\">\n\t\t\t<p>Suhtaudumme vastuullisesti tulevaisuuteen \u2013 olemme aina kaksi askelta edell\u00e4 ja siksi luotettavin ikkuna- ja ovikumppanisi.<\/p>\n\t<\/div>\n\n\n\n\n<div class=\"wp-block-custom-inner-columns has-two-columns custom-columns\"><div class=\"outer-wrap\">\n<div class=\"wp-block-custom-custom-column custom-column\"><div class=\"inner-wrap\">\t\n\t<div id=\"heading-block-block_069c8e704808c2c5ff19ba5f3c23159e\" class=\"heading-block\">\n\t\t<h3 ><span>Kest\u00e4v\u00e4t ratkaisut pohjoisiin oloihin<\/span><\/h3>\t<\/div>\n\n\n\n<div id=\"text-block-block_93e1d2920e626035a10b8850ebadb42e\" class=\"text-block\">\n\t\t\t<p>Skaala on suomalainen perheyritys ja Suomen johtava ikkuna- ja ovibr\u00e4ndi. Olemme valmistaneet kotimaisia ikkunoita ja ovia pohjoisiin oloihin tehtaillamme Etel\u00e4-Pohjanmaalla jo vuodesta 1956. Skaalan koko toiminta &#8211; myynti, valmistus ja asennus &#8211; on ISO9001- ja ISO14001 sertifioitua. Kaikilla tuotteillamme on Avainlippu. Kunnioitamme pohjoisen luonnon voimaa ja haluamme jokaisen nauttivan siit\u00e4 nyt ja tulevaisuudessa.<\/p>\n<p>&nbsp;<\/p>\n<p>Lasin ominaisuuksilla voidaan tehd\u00e4 paljon asuinmukavuuden ja kest\u00e4v\u00e4n, energiatehokkaan asumisen lis\u00e4\u00e4miseksi. Pitk\u00e4t perinteet lasinjalostuksessa sek\u00e4 laaja valikoima laadukkaita, standardoituja tuotteita takaavat r\u00e4\u00e4t\u00e4l\u00f6idyt ratkaisut niin korjaus- ja uudisrakentamiseen kuin rakennusalan ammattilaisille.<\/p>\n\t<\/div>\n\n\n\n\n<div id=\"image-block_4811d0753423126fe49003df11d88e53\" class=\"image-block\">\n\t\t\t\t<div class=\"image-container\" style=\"width: px; height: \n\t\tauto;\">\n\t\t\t<img decoding=\"async\" src=\"https:\/\/www.skaala.com\/wp-content\/uploads\/2023\/08\/Maisemaikkunat.jpg\" alt=\"\">\n\t\t<\/div>\n\t \n\n\t<\/div>\n\n<\/div><\/div>\n\n\n\n<div class=\"wp-block-custom-custom-column custom-column\"><div class=\"inner-wrap\">\t\n\t<div id=\"heading-block-block_01016e516eca692d691d4f637282b55d\" class=\"heading-block\">\n\t\t<h3 ><span>Lasiantuntija hoitaa <\/span><\/h3>\t<\/div>\n\n\n\n<div id=\"text-block-block_1c144ababef1f77bc609fbe9f690ae1f\" class=\"text-block\">\n\t\t\t<p>Olemme suomalaisen lasinvalmistuksen pioneereja ja lasin asiantuntijoita eli <em>lasiantuntijoita<\/em> sanan joka merkityksess\u00e4: ammattilaisemme, tuotteemme ja palvelumme ovat laadukkaita ja kest\u00e4vi\u00e4. Olemme palkittuja alan innovaatioista. Voit k\u00e4\u00e4nty\u00e4 puoleemme miss\u00e4 tahansa lasiin, ikkunoihin tai oviin liittyviss\u00e4 kysymyksiss\u00e4. Autamme l\u00f6yt\u00e4m\u00e4\u00e4n parhaat ja kest\u00e4v\u00e4t lasiratkaisut juuri sinun uuteen tai remontoitavaan kotiisi.<\/p>\n<p>&nbsp;<\/p>\n<p>Hoidamme ikkuna- ja oviremonttisi vaivattomasti ja vastuullisesti. Saat laadukkaat ikkuna- ja oviratkaisut yhdelt\u00e4 toimijalta suoraan kotiisi asennettuina helposti ja nopeasti. Uudisrakentaja l\u00f6yt\u00e4\u00e4 Skaalan valikoimasta modernit ja tyylikk\u00e4\u00e4t ratkaisut. Skaalan ikkunoiden ja ovien kanssa asut mukavammin ja energiatehokkaammin \u2013 nyt ja tulevaisuudessa!<\/p>\n\t<\/div>\n\n\n\n\n<div id=\"image-block_317b2acc8f8f2bb303d94aee584fe179\" class=\"image-block\">\n\t\t\t\t<div class=\"image-container\" style=\"width: px; height: \n\t\tauto;\">\n\t\t\t<img decoding=\"async\" src=\"https:\/\/www.skaala.com\/wp-content\/uploads\/2025\/05\/Ota-yhteytta-Skaalaan.jpg\" alt=\"\">\n\t\t<\/div>\n\t \n\n\t<\/div>\n\n<\/div><\/div>\n<\/div><\/div>\n\n\n\t\n\t<div id=\"heading-block-block_685d63eb226abe553902f92c4d3f7f13\" class=\"heading-block\">\n\t\t<h3 ><span>Pohjoisen luontoa kunnioittaen tarkoittaa sit\u00e4, ett\u00e4 <\/span><\/h3>\t<\/div>\n\n\n<div id=\"cards-block_5ca00eef13c1d130ee40bdb9b8184662\" class=\"cards-block count-4\">\n<div id=\"cards-block_5ca00eef13c1d130ee40bdb9b8184662\" class=\"cards-block--card\">\n\t\t\t<div class=\"icon-block\" style=\"background-image: url('https:\/\/www.skaala.com\/wp-content\/themes\/skaala-2023\/dist\/assets\/images\/icons\/thumbs-up-gray.svg);\">\n\t\t<\/div>\n\t\t\t\t<h4>Yrityksen\u00e4<\/h4>\n\t\t\t\t<p>edist\u00e4mme pohjoisen luonnon kest\u00e4v\u00e4\u00e4 kehityst\u00e4. <\/p>\n\t\t\t<\/div>\n\t<div id=\"cards-block_5ca00eef13c1d130ee40bdb9b8184662\" class=\"cards-block--card\">\n\t\t\t<div class=\"icon-block\" style=\"background-image: url('https:\/\/www.skaala.com\/wp-content\/themes\/skaala-2023\/dist\/assets\/images\/icons\/thumbs-up-gray.svg);\">\n\t\t<\/div>\n\t\t\t\t<h4>Ty\u00f6nantajana <\/h4>\n\t\t\t\t<p>sitoudumme pit\u00e4m\u00e4\u00e4n huolta ty\u00f6ntekij\u00f6ist\u00e4mme. <\/p>\n\t\t\t<\/div>\n\t<div id=\"cards-block_5ca00eef13c1d130ee40bdb9b8184662\" class=\"cards-block--card\">\n\t\t\t<div class=\"icon-block\" style=\"background-image: url('https:\/\/www.skaala.com\/wp-content\/themes\/skaala-2023\/dist\/assets\/images\/icons\/thumbs-up-gray.svg);\">\n\t\t<\/div>\n\t\t\t\t<h4>Lasiantuntijana <\/h4>\n\t\t\t\t<p>tuotamme energiatehokkaat, pitk\u00e4ik\u00e4iset ja korkealaatuiset ratkaisut pohjoisiin oloihin.<\/p>\n\t\t\t<\/div>\n\t<div id=\"cards-block_5ca00eef13c1d130ee40bdb9b8184662\" class=\"cards-block--card\">\n\t\t\t<div class=\"icon-block\" style=\"background-image: url('https:\/\/www.skaala.com\/wp-content\/themes\/skaala-2023\/dist\/assets\/images\/icons\/thumbs-up-gray.svg);\">\n\t\t<\/div>\n\t\t\t\t<h4>Kumppanina<\/h4>\n\t\t\t\t<p>palvelemme asiakkaitamme asiantuntemuksella ja pitki\u00e4 asiakassuhteita ja kumppanuuksia vaalien.<\/p>\n\t\t\t<\/div>\n\t<\/div>\n\n\n\t\n\t<div id=\"heading-block-block_e70f8bf287086f23f6078edbec30f61e\" class=\"heading-block\">\n\t\t<h2 ><span>Toimintaamme ohjaa kest\u00e4v\u00e4 kehitys ja vastuullinen liiketoiminta<\/span><\/h2>\t<\/div>\n\n\n\n<div id=\"text-block-block_a5bbab0f7ea06d445e5c292b6dd775f7\" class=\"text-block\">\n\t\t\t<p><strong>Visiomme<\/strong> on olla halutuin ja huolehtivin kumppani, joka takaa mielenrauhan kaikille, jotka haluavat kest\u00e4vi\u00e4 ikkuna- ja oviratkaisuja.<\/p>\n<p><strong>Missiomme<\/strong> on edist\u00e4\u00e4 lasiantuntemuksellamme asuinmukavuutta ja energiatehokkuutta kest\u00e4vin ikkuna- ja oviratkaisuin, jotta voimme nauttia pohjoisen luonnon voimasta tulevaisuudessa.<\/p>\n\t<\/div>\n\n\n\n\t\n\t<div id=\"heading-block-block_08935e78ec889c6d3fd9208239f36292\" class=\"heading-block\">\n\t\t<h2 ><span>Toimintapolitiikka<\/span><\/h2>\t<\/div>\n\n\n\n<div id=\"text-block-block_db878f8cc71d25b6e02b60ea4f6efc76\" class=\"text-block\">\n\t\t\t<p>Skaala IFN Oy on suomalainen ikkuna- ja ovivalmistaja, ja tunnettu energiatehokkaista tuotteistamme.<\/p>\n<p>Olemme sitoutuneet toimimaan vastuullisesti huomioiden ymp\u00e4rist\u00f6n, talouden ja sosiaalisen hyvinvoinnin. Yrityksen\u00e4 noudatamme hyv\u00e4\u00e4 hallintotapaa ja vaalimme pitk\u00e4aikaisia kumppanuuksia sek\u00e4 asiakkuuksia. Ty\u00f6nantajana pid\u00e4mme huolta ty\u00f6ntekij\u00f6idemme hyvinvoinnista ja turvallisuudesta.<\/p>\n<p>Strategiamme on olla markkinoiden halutuin ovi- ja ikkunabr\u00e4ndi. Tavoitteenamme on saavuttaa korkea asiakastyytyv\u00e4isyys ylitt\u00e4m\u00e4ll\u00e4 asiakkaan odotukset laadukkaiden tuotteiden ja sujuvan palvelun my\u00f6t\u00e4.<\/p>\n<p>Olemme sitoutuneet toiminnan jatkuvaan parantamiseen. Asetamme vuosittain laatu-, ymp\u00e4rist\u00f6- ja turvallisuustavoitteita, suunnittelemme ja toteutamme kehitt\u00e4mistoimenpiteit\u00e4 ja seuraamme niiden vaikutuksia osana toimintamme jatkuvaa kehitt\u00e4mist\u00e4. Laadunhallintaj\u00e4rjestelm\u00e4\u00e4 ja ymp\u00e4rist\u00f6j\u00e4rjestelm\u00e4\u00e4 noudatetaan Skaalan kaikessa toiminnassa.<\/p>\n<p>Tarjoamme asiakkaan tarpeita vastaavia tuotteita ja palveluita kustannustehokkaasti sek\u00e4 kehit\u00e4mme prosessejamme jatkuvasti saamamme asiakaspalautteen perusteella huomioiden kest\u00e4v\u00e4n kehityksen, alan standardit ja muut vaatimukset. Toimimme kaikkien lakis\u00e4\u00e4teisten vaatimusten sek\u00e4 viranomaism\u00e4\u00e4r\u00e4ysten ja -s\u00e4\u00e4nn\u00f6sten mukaisesti. Edellyt\u00e4mme my\u00f6s toimittajiltamme ja muilta yhteisty\u00f6kumppaneiltamme samojen periaatteiden noudattamista.<\/p>\n<p>Ymp\u00e4rist\u00f6politiikkamme edist\u00e4\u00e4 toimintamme kest\u00e4v\u00e4\u00e4 kehityst\u00e4 ja pyrkii v\u00e4hent\u00e4m\u00e4\u00e4n toimintamme ymp\u00e4rist\u00f6vaikutuksia. Keskeisi\u00e4 tekij\u00f6it\u00e4 hiilijalanj\u00e4lkemme pienent\u00e4miseksi ovat energian k\u00e4yt\u00f6n minimointi ja sen ymp\u00e4rist\u00f6yst\u00e4v\u00e4llisyys sek\u00e4 k\u00e4ytt\u00e4miemme raaka-aineiden alkuper\u00e4, optimointi ja kierr\u00e4tt\u00e4minen.<\/p>\n\t<\/div>\n\n\n\n\n<a href=\"https:\/\/www.skaala.com\/fi\/vastuullisuus-skaalalla\/\" \nid=\"button-block-block_0e3d2e63b31f80657377d3fb9c191df9\" \nclass=\"button-block button\"\ntarget=\"\"\n>Skaalan vastuullisuusohjelma &#8211; tutustu t\u00e4st\u00e4<\/a>\n\n<\/div><\/div>\n\n\n\n<div class=\"wp-block-custom-divider-image has-none-overlay divider-image-medium has-background-image\" style=\"background-image:url(https:\/\/www.skaala.com\/wp-content\/uploads\/2022\/10\/kokolasinenautoparioviautokeittiossa.jpg)\"><\/div>\n\n\n\n<div class=\"wp-block-custom-content-area custom-wrapper alignleft has-light-blue-background-color\"><div class=\"outer-wrap\">\t\n\t<div id=\"heading-block-block_9683efdb50457b7267c9b4f69f796ff7\" class=\"heading-block\">\n\t\t<h2 ><span>Ymp\u00e4rist\u00f6yst\u00e4v\u00e4llisi\u00e4 &#8211; sertifioidusti<\/span><\/h2>\t<\/div>\n\n\n\n<div id=\"text-block-block_39fedb988c553cbd8d94cf4a2ffabdbc\" class=\"text-block\">\n\t\t\t<p>Tuotteemme tekev\u00e4t rakennuksista energiatehokkaampia, lis\u00e4\u00e4v\u00e4t asumismukavuutta ja niiden elinkaari on pitk\u00e4. Tuotekehityksess\u00e4 otamme huomioon tuotteen koko elinkaaren, aina tuotteen elinkaaren alussa k\u00e4ytetyist\u00e4 raaka-aineista ja kest\u00e4vist\u00e4 tuotantomenetelmist\u00e4 siihen, ett\u00e4 tuote palautetaan kierr\u00e4tett\u00e4v\u00e4ksi asiakkaan monen vuoden k\u00e4yt\u00f6n kautta. Tuotteidemme ymp\u00e4rist\u00f6vaikutuksista on laadittu EPD-ymp\u00e4rist\u00f6tuoteseloste.<\/p>\n<p>K\u00e4yt\u00e4mme vastuullisesti kasvatettua PEFC-sertifioitua puuta &#8211; mahdollisuuksien mukaan m\u00e4\u00e4r\u00e4mittaisena &#8211; ja valmistamme siit\u00e4 ensiluokkaisen energiatehokkaita tuotteita, joilla on pitk\u00e4 elinkaari. Minimoimme syntyv\u00e4n j\u00e4tteen m\u00e4\u00e4r\u00e4n ja teemme kehitt\u00e4mistoimia niiden pienent\u00e4miseksi edelleen. K\u00e4yt\u00e4mme tehtaidemme l\u00e4mmityksess\u00e4 tuotannon ylij\u00e4\u00e4m\u00e4puusta puristettuja brikettej\u00e4. \u00c4lyohjattu <span style=\"font-size: inherit;\">eristyslasitehtaamme minimoi lasihukan, lis\u00e4ksi lajittelemme ja kierr\u00e4t\u00e4mme lasij\u00e4tteen. A<\/span><span style=\"font-size: inherit;\">lumiinihukan kierr\u00e4t\u00e4mme takaisin toimittajalle.<\/span><\/p>\n<p><span style=\"font-size: inherit;\">Teht<\/span><span style=\"font-size: inherit;\">aiden l\u00e4heinen sijainti pienent\u00e4\u00e4 logistiikkakustannuksia ja <\/span><span style=\"font-size: inherit;\">LED-valot s\u00e4\u00e4st\u00e4v\u00e4t energiaa ja lis\u00e4\u00e4v\u00e4t ty\u00f6hyvinvointia. Se, ett\u00e4 meill\u00e4 on koko Suomen kattava myyj\u00e4verkosto, lyhent\u00e4\u00e4 v\u00e4limatkaa asiakkaidemme kanssa ja on osaltaan ilmastoteko. Suosimme autohankinnoissa joko hybridi- tai t\u00e4yss\u00e4hk\u00f6autoja.<\/span><\/p>\n<p>Sis\u00e4logistiikkaa hoitaa s\u00e4hk\u00f6trukit. Trukeissa k\u00e4ytet\u00e4\u00e4n biodieseli\u00e4. Optimoimme tavarankuljetukset siten, ett\u00e4 tehtaalta l\u00e4htee samaan suuntaan aina mahdollisimman t\u00e4ysi\u00e4 kuljetuksia, kumppanista riippuen mahdollisesti s\u00e4hk\u00f6rekoilla.<\/p>\n<p>Olemme m\u00e4\u00e4ritelleet kriteerit kumppanuuksille. Suosimme paikallisia alihankkijoita ja kumppaneita tavoitteenamme pitk\u00e4aikaset yhteisty\u00f6suhteet. Konsernitasolla m\u00e4\u00e4ritellyt eettiset ohjeet takaavat sen, ett\u00e4 ty\u00f6ntekij\u00f6it\u00e4 ja kumppaneita kohdellaan reilusti, tasapuolisesti ja kaikenlaista syrjint\u00e4\u00e4 v\u00e4ltt\u00e4en.<\/p>\n\t<\/div>\n\n\n\n\n<div id=\"image-block_5d543f1fbbf6e42028da15fe8d1d789c\" class=\"image-block\">\n\t\t\t\t<div class=\"image-container\" style=\"width: px; height: \n\t\tauto;\">\n\t\t\t<img decoding=\"async\" src=\"https:\/\/www.skaala.com\/wp-content\/uploads\/2024\/05\/ISO9001-ISO14001-PEFC-EPD-2024.png\" alt=\"\">\n\t\t<\/div>\n\t \n\n\t<\/div>\n\n\n\n\t\n\t<div id=\"heading-block-block_be5959c8d4bf565eefa7d078fbf8ec9c\" class=\"heading-block\">\n\t\t<h3 ><span>Live and let live &#8211; El\u00e4 ja anna el\u00e4\u00e4<\/span><\/h3>\t<\/div>\n\n\n\n<div id=\"text-block-block_20b8682ab11effc672353c092c1dfc05\" class=\"text-block\">\n\t\t\t<p>T\u00e4m\u00e4 ytimek\u00e4s lause m\u00e4\u00e4rittelee sen kest\u00e4v\u00e4n kehityksen strategian, jota emoyhti\u00f6mme <a href=\"https:\/\/www.ifn-holding.com\/en\/u51.html\" target=\"_blank\" rel=\"noopener\">IFN<\/a> on noudattanut perustamisestaan l\u00e4htien.<\/p>\n<p>&#8221;Live and let live&#8221; oli IFN:n perustajan motto ja el\u00e4m\u00e4nfilosofia, josta on muodostunut IFN:n yritysarvojen kulmakivi:<\/p>\n<blockquote><p>Kest\u00e4v\u00e4 kehitys merkitsee meille paljon muutakin kuin vain ymp\u00e4rist\u00f6vastuullisuutta. Yhteisen\u00e4 tavoitteenamme on kehitt\u00e4\u00e4 perheyrityst\u00e4 sukupolvelta toiselle kest\u00e4v\u00e4ll\u00e4 tavalla.<\/p><\/blockquote>\n<p>T\u00e4m\u00e4 pitk\u00e4n aikav\u00e4lin n\u00e4k\u00f6kulma kannustaa meit\u00e4 Skaalallakin vastuuseen ihmisist\u00e4, yrityksist\u00e4 ja ymp\u00e4rist\u00f6st\u00e4.<\/p>\n<p>&nbsp;<\/p>\n\t<\/div>\n\n\n\n\n<div id=\"image-block_8481c067ca1b56bd4cb1b822cde7674d\" class=\"image-block\">\n\t\t\t\t<div class=\"image-container\" style=\"width: px; height: \n\t\tauto;\">\n\t\t\t<img decoding=\"async\" src=\"https:\/\/www.skaala.com\/wp-content\/uploads\/2025\/04\/Ovitehtaalla.jpg\" alt=\"\">\n\t\t<\/div>\n\t \n\n\t<\/div>\n\n\n\n\n<a href=\"https:\/\/www.skaala.com\/fi\/ota-yhteytta\/pyyda-yhteydenottoa\/\" id=\"button-block-block_24a2d1f29670d0c000dd249bd0640eb7\" class=\"button-block button\" target=\"\">Pyyd\u00e4 yhteydenottoa<\/a>\n\n\n\n\t\n\t<div id=\"heading-block-block_b167e7683aeab64564407d402cd340a3\" class=\"heading-block\">\n\t\t<h3 ><span>Energiatehokkaat tuotteet s\u00e4\u00e4st\u00e4v\u00e4t energiankulutusta<\/span><\/h3>\t<\/div>\n\n\n\n<div id=\"text-block-block_c59ef1f4c0d023241c70ff595a94a330\" class=\"text-block\">\n\t\t\t<p>Ikkunaremontin tuoma energians\u00e4\u00e4st\u00f6 perustuu uusien ikkunoiden parempaan energiatehokkuuteen. Uudet, nykyisten rakentamism\u00e4\u00e4r\u00e4ysten mukaiset ikkunat eiv\u00e4t hukkaa l\u00e4mp\u00f6\u00e4 yht\u00e4 paljon kuin vanhat, joten ne auttavat pienent\u00e4m\u00e4\u00e4n energiankulutusta ja s\u00e4\u00e4st\u00e4m\u00e4\u00e4n kodin l\u00e4mmityskustannuksissa.<\/p>\n<p>Ikkunoiden energiatehokkuus on parantunut merkitt\u00e4v\u00e4sti ja laadukkaasti asennetuilla energiatehokkailla ikkunoilla onkin mahdollista saavuttaa merkitt\u00e4vi\u00e4 energians\u00e4\u00e4st\u00f6j\u00e4. Esimerkkin\u00e4 Skaalan nelilasinen matalaenergiaikkuna on puolet energiatehokkaampi kuin yleisimmin k\u00e4ytetty kolmilasinen ikkuna. Ja vanhoihin (1960-1970-luvun alkuper\u00e4iskuntoisiin) ikkunoihin verrattuna ero on parhaimmillaan jopa yli kolminkertainen.<\/p>\n<p>Energians\u00e4\u00e4st\u00f6potentiaalin voi laskea k\u00e4tev\u00e4sti energians\u00e4\u00e4st\u00f6laskurilla.<\/p>\n\t<\/div>\n\n\n\n\n<a href=\"https:\/\/www.skaala.com\/fi\/energiansaastolaskuri\/\" id=\"button-block-block_3c06a3c9807a5a07ab6502aa8f503a42\" class=\"button-block button\" target=\"\">Energians\u00e4\u00e4st\u00f6laskuriin t\u00e4st\u00e4<\/a>\n\n<\/div><\/div>\n","protected":false},"excerpt":{"rendered":"","protected":false},"author":5,"featured_media":14104,"parent":0,"menu_order":0,"comment_status":"closed","ping_status":"closed","template":"","meta":{"_acf_changed":false,"inline_featured_image":false,"footnotes":""},"class_list":["post-14101","page","type-page","status-publish","has-post-thumbnail","hentry"],"acf":[],"_links":{"self":[{"href":"https:\/\/www.skaala.com\/fi\/wp-json\/wp\/v2\/pages\/14101","targetHints":{"allow":["GET"]}}],"collection":[{"href":"https:\/\/www.skaala.com\/fi\/wp-json\/wp\/v2\/pages"}],"about":[{"href":"https:\/\/www.skaala.com\/fi\/wp-json\/wp\/v2\/types\/page"}],"author":[{"embeddable":true,"href":"https:\/\/www.skaala.com\/fi\/wp-json\/wp\/v2\/users\/5"}],"replies":[{"embeddable":true,"href":"https:\/\/www.skaala.com\/fi\/wp-json\/wp\/v2\/comments?post=14101"}],"version-history":[{"count":81,"href":"https:\/\/www.skaala.com\/fi\/wp-json\/wp\/v2\/pages\/14101\/revisions"}],"predecessor-version":[{"id":26945,"href":"https:\/\/www.skaala.com\/fi\/wp-json\/wp\/v2\/pages\/14101\/revisions\/26945"}],"wp:featuredmedia":[{"embeddable":true,"href":"https:\/\/www.skaala.com\/fi\/wp-json\/wp\/v2\/media\/14104"}],"wp:attachment":[{"href":"https:\/\/www.skaala.com\/fi\/wp-json\/wp\/v2\/media?parent=14101"}],"curies":[{"name":"wp","href":"https:\/\/api.w.org\/{rel}","templated":true}]}}