{"id":14234,"date":"2022-12-05T10:57:01","date_gmt":"2022-12-05T08:57:01","guid":{"rendered":"https:\/\/www.skaala.com\/?page_id=14234"},"modified":"2025-10-23T16:04:34","modified_gmt":"2025-10-23T13:04:34","slug":"asiakaspalvelu","status":"publish","type":"page","link":"https:\/\/www.skaala.com\/fi\/asiakaspalvelu\/","title":{"rendered":"Asiakaspalvelu"},"content":{"rendered":"\n\t<header class=\"featured-hero has-dark-gray-background-color\" role=\"banner\">\n\t\t\t<h1>Asiakaspalvelu<\/h1>\n\t<\/header>\n\t\n\n\n<div class=\"wp-block-custom-content-area custom-wrapper alignleft has-light-blue-background-color\"><div class=\"outer-wrap\">\n<div id=\"text-block-block_fe518575de3f3ad26b489b6e9889d4d6\" class=\"text-block\">\n\t\t\t<p><script type=\"text\/javascript\" async src=\"https:\/\/bot.leadoo.com\/bot\/visual.js?code=9435664aae2a9324#seamless\"><\/script><\/p>\n\t<\/div>\n\n\n\n\t\n\t<div id=\"heading-block-block_d6ffb8ce26b7aad4d7a9fe5b2e7510ff\" class=\"heading-block\">\n\t\t<h2 ><span>Haluatko ostaa Skaalan tuotteita tai kysy\u00e4 lis\u00e4tietoja?<\/span><\/h2>\t<\/div>\n\n\n\n<div id=\"text-block-block_3e1ba2b53e48ae5659b7d68fe85f8446\" class=\"text-block\">\n\t\t\t<p>&nbsp;<\/p>\n<p>Asiakaspalvelumme auttaa sinua kaikissa ikkunoihimme ja oviimme liittyviss\u00e4 asioissa. Ota yhteytt\u00e4 puhelimitse, s\u00e4hk\u00f6postilla, chatissa tai verkkosivujemme s\u00e4hk\u00f6isill\u00e4 lomakkeilla.<\/p>\n<p><a href=\"https:\/\/www.skaala.com\/fi\/ota-yhteytta\/pyyda-tarjous\/\">T\u00e4yt\u00e4 tarjouspyynt\u00f6-lomake<\/a>, mik\u00e4li tied\u00e4t jo tarpeesi. Jos toivot asiantuntijamme apua oikeiden tuotteiden valinnassa, <a href=\"https:\/\/www.skaala.com\/fi\/ota-yhteytta\/pyyda-ilmainen-arvio-tai-kartoitus\/\">tilaa t\u00e4st\u00e4 ilmainen arviointi<\/a><span style=\"font-size: inherit;\">. Mik\u00e4li <a href=\"https:\/\/www.skaala.com\/fi\/asiakaspalaute\/\" target=\"_blank\" rel=\"noopener\">haluat tehd\u00e4 reklamaation<\/a>, t\u00e4yt\u00e4h\u00e4n tiedot j\u00e4rjestelm\u00e4\u00e4mme. Muihin asioihin liityen j\u00e4t\u00e4 <\/span>yhteydenottopyynt\u00f6<span style=\"font-size: inherit;\"> yll\u00e4 olevalla lomakkeella.<\/span><\/p>\n<p>Asiakaspalvelun aukioloajat: Puhelin arkisin klo 8-16<\/p>\n<p><strong>010 835 4700<\/strong><\/p>\n<p>S\u00e4hk\u00f6postimme ovat muotoa <strong>etunimi.sukunimi@skaala.com.\u00a0<\/strong>Jos et l\u00f6yd\u00e4 oikeaa yhteyshenkil\u00f6\u00e4 tai et voi k\u00e4ytt\u00e4\u00e4 em. lomakkeita, laitathan viestin <strong>info@skaala.com.<\/strong><\/p>\n\t<\/div>\n\n\n\n\n<div id=\"image-block_e26465bd8fb51b8f5d1be0ab49f5fd89\" class=\"image-block\">\n\t\t\t\t<div class=\"image-container\" style=\"width: px; height: \n\t\tauto;\">\n\t\t\t<img decoding=\"async\" src=\"https:\/\/www.skaala.com\/wp-content\/uploads\/2025\/08\/Skaalan-asiakaspalvelu-scaled.jpg\" alt=\"\">\n\t\t<\/div>\n\t \n\n\t<\/div>\n\n<\/div><\/div>\n\n\n<div class=\"featured-items-block block\">\n\t<div class=\"featured-item\">\n\t\t<div class=\"content-half has-dark-gray-background-color\">\n\t\t\t<div class=\"featured-item--content grid-item\">\n\t\t\t\t\t\t<a class=\"button button-large\" href=\"https:\/\/www.skaala.com\/fi\/ota-yhteytta\/yhteystiedot\/\">Yhteystiedot &#8211; Etsitk\u00f6 myyj\u00e4\u00e4 alueellasi tai oikeaa yhteyshenkil\u00f6\u00e4 toimistolta?\u00a0<\/a>\n\t\t\t\t\t\t<\/div>\n\t\t<\/div>\n\t\t\t\t<div class=\"featured-item--image grid-item\"\n\t\t\t\t\tdata-interchange=\"\n\t\t\t\t\t[https:\/\/www.skaala.com\/wp-content\/uploads\/2023\/08\/Olohuoneenautoikkunat-1024x1536.jpg, small], \n\t\t\t\t\t[https:\/\/www.skaala.com\/wp-content\/uploads\/2023\/08\/Olohuoneenautoikkunat-1024x1536.jpg, medium], \n\t\t\t\t\t[https:\/\/www.skaala.com\/wp-content\/uploads\/2023\/08\/Olohuoneenautoikkunat-1200x1800.jpg, large], \n\t\t\t\t\t[https:\/\/www.skaala.com\/wp-content\/uploads\/2023\/08\/Olohuoneenautoikkunat-1024x1536.jpg, xlarge]\"\n\t\t\t\t\t>\n\t\t<\/div>\n\t\t\t<\/div>\n\t\t<div class=\"featured-item\">\n\t\t<div class=\"content-half has-dark-gray-background-color\">\n\t\t\t<div class=\"featured-item--content grid-item\">\n\t\t\t\t\t\t<a class=\"button button-large\" href=\"https:\/\/www.skaala.com\/fi\/ota-yhteytta\/\">Ota yhteytt\u00e4<\/a>\n\t\t\t\t\t\t<\/div>\n\t\t<\/div>\n\t\t\t\t<div class=\"featured-item--image grid-item\"\n\t\t\t\t\tdata-interchange=\"\n\t\t\t\t\t[https:\/\/www.skaala.com\/wp-content\/uploads\/2023\/08\/Skaalaautoisotautoikkunat-1024x682.jpg, small], \n\t\t\t\t\t[https:\/\/www.skaala.com\/wp-content\/uploads\/2023\/08\/Skaalaautoisotautoikkunat-1024x682.jpg, medium], \n\t\t\t\t\t[https:\/\/www.skaala.com\/wp-content\/uploads\/2023\/08\/Skaalaautoisotautoikkunat-1200x800.jpg, large], \n\t\t\t\t\t[https:\/\/www.skaala.com\/wp-content\/uploads\/2023\/08\/Skaalaautoisotautoikkunat-1536x1024.jpg, xlarge]\"\n\t\t\t\t\t>\n\t\t<\/div>\n\t\t\t<\/div>\n\t\t<div class=\"featured-item\">\n\t\t<div class=\"content-half has-dark-gray-background-color\">\n\t\t\t<div class=\"featured-item--content grid-item\">\n\t\t\t\t\t\t<a class=\"button button-large\" href=\"https:\/\/www.skaala.com\/fi\/ammattiasiakkaat\/\">Ammattiasiakkaat<\/a>\n\t\t\t\t\t\t<\/div>\n\t\t<\/div>\n\t\t\t\t<div class=\"featured-item--image grid-item\"\n\t\t\t\t\tdata-interchange=\"\n\t\t\t\t\t[https:\/\/www.skaala.com\/wp-content\/uploads\/2023\/10\/Ulosaukeava-kolmilasinen-ikkuna-1024x573.jpg, small], \n\t\t\t\t\t[https:\/\/www.skaala.com\/wp-content\/uploads\/2023\/10\/Ulosaukeava-kolmilasinen-ikkuna-1024x573.jpg, medium], \n\t\t\t\t\t[https:\/\/www.skaala.com\/wp-content\/uploads\/2023\/10\/Ulosaukeava-kolmilasinen-ikkuna-1200x671.jpg, large], \n\t\t\t\t\t[https:\/\/www.skaala.com\/wp-content\/uploads\/2023\/10\/Ulosaukeava-kolmilasinen-ikkuna-1536x859.jpg, xlarge]\"\n\t\t\t\t\t>\n\t\t<\/div>\n\t\t\t<\/div>\n\t\t<div class=\"featured-item\">\n\t\t<div class=\"content-half has-dark-gray-background-color\">\n\t\t\t<div class=\"featured-item--content grid-item\">\n\t\t\t\t\t\t<a class=\"button button-large\" href=\"https:\/\/www.skaala.com\/fi\/palvelut\/\">Palvelut<\/a>\n\t\t\t\t\t\t<\/div>\n\t\t<\/div>\n\t\t\t\t<div class=\"featured-item--image grid-item\"\n\t\t\t\t\tdata-interchange=\"\n\t\t\t\t\t[https:\/\/www.skaala.com\/wp-content\/uploads\/2021\/09\/Sami-Juha-Kati-koneelle_crop-1024x683.jpg, small], \n\t\t\t\t\t[https:\/\/www.skaala.com\/wp-content\/uploads\/2021\/09\/Sami-Juha-Kati-koneelle_crop-1024x683.jpg, medium], \n\t\t\t\t\t[https:\/\/www.skaala.com\/wp-content\/uploads\/2021\/09\/Sami-Juha-Kati-koneelle_crop-1200x800.jpg, large], \n\t\t\t\t\t[https:\/\/www.skaala.com\/wp-content\/uploads\/2021\/09\/Sami-Juha-Kati-koneelle_crop-1536x1025.jpg, xlarge]\"\n\t\t\t\t\t>\n\t\t<\/div>\n\t\t\t<\/div>\n\t<\/div>\n","protected":false},"excerpt":{"rendered":"","protected":false},"author":566,"featured_media":25247,"parent":0,"menu_order":0,"comment_status":"closed","ping_status":"closed","template":"","meta":{"_acf_changed":false,"inline_featured_image":false,"footnotes":""},"class_list":["post-14234","page","type-page","status-publish","has-post-thumbnail","hentry"],"acf":[],"_links":{"self":[{"href":"https:\/\/www.skaala.com\/fi\/wp-json\/wp\/v2\/pages\/14234","targetHints":{"allow":["GET"]}}],"collection":[{"href":"https:\/\/www.skaala.com\/fi\/wp-json\/wp\/v2\/pages"}],"about":[{"href":"https:\/\/www.skaala.com\/fi\/wp-json\/wp\/v2\/types\/page"}],"author":[{"embeddable":true,"href":"https:\/\/www.skaala.com\/fi\/wp-json\/wp\/v2\/users\/566"}],"replies":[{"embeddable":true,"href":"https:\/\/www.skaala.com\/fi\/wp-json\/wp\/v2\/comments?post=14234"}],"version-history":[{"count":69,"href":"https:\/\/www.skaala.com\/fi\/wp-json\/wp\/v2\/pages\/14234\/revisions"}],"predecessor-version":[{"id":26160,"href":"https:\/\/www.skaala.com\/fi\/wp-json\/wp\/v2\/pages\/14234\/revisions\/26160"}],"wp:featuredmedia":[{"embeddable":true,"href":"https:\/\/www.skaala.com\/fi\/wp-json\/wp\/v2\/media\/25247"}],"wp:attachment":[{"href":"https:\/\/www.skaala.com\/fi\/wp-json\/wp\/v2\/media?parent=14234"}],"curies":[{"name":"wp","href":"https:\/\/api.w.org\/{rel}","templated":true}]}}