{"id":143,"date":"2020-04-20T15:10:22","date_gmt":"2020-04-20T12:10:22","guid":{"rendered":"https:\/\/www.skaala.com\/?page_id=143"},"modified":"2026-04-13T08:39:58","modified_gmt":"2026-04-13T05:39:58","slug":"taloyhtiot-ja-julkiset-kohteet","status":"publish","type":"page","link":"https:\/\/www.skaala.com\/fi\/taloyhtiot-ja-julkiset-kohteet\/","title":{"rendered":"Taloyhti\u00f6t"},"content":{"rendered":"\n\t<header class=\"featured-hero custom\" role=\"banner\" data-interchange=\"\n\t\t[https:\/\/www.skaala.com\/wp-content\/uploads\/2022\/11\/Skaalaauto2022autoFotografautoMattiasautoHamrenauto30-1280x400.jpg, small],\n\t\t[https:\/\/www.skaala.com\/wp-content\/uploads\/2022\/11\/Skaalaauto2022autoFotografautoMattiasautoHamrenauto30-1280x400.jpg,medium],\n\t\t[https:\/\/www.skaala.com\/wp-content\/uploads\/2022\/11\/Skaalaauto2022autoFotografautoMattiasautoHamrenauto30-1440x400.jpg, large],\n\t\t[https:\/\/www.skaala.com\/wp-content\/uploads\/2022\/11\/Skaalaauto2022autoFotografautoMattiasautoHamrenauto30-1920x400.jpg, xlarge]\">\n\t\t\t<h1>Taloyhti\u00f6t<\/h1>\n\t<\/header>\n\t\n\n\n<div class=\"wp-block-custom-content-area custom-wrapper alignleft has-light-blue-background-color\"><div class=\"outer-wrap\">\t\n\t<div id=\"heading-block-block_4d05886b49bb227c518b2de684d0424c\" class=\"heading-block\">\n\t\t<h2 ><span>Tilaa ikkunaremontti Skaalalta<\/span><\/h2>\t<\/div>\n\n\n\n<div id=\"text-block-block_20a247d2ca529e8a6d023c6469b9d9a4\" class=\"text-block\">\n\t\t\t<p><strong>Taloyhti\u00f6n ja julkisen kohteen ovi- ja ikkunaremonttiin kannattaa valita ammattikumppani. Skaalalla on vuosikymmenien kokemus ikkunaremonteista. Meid\u00e4n kanssamme ovien vaihtaminen ja ikkunoiden uusiminen hoituu mutkattomasti, nopeasti ja ammattitaidolla.<\/strong><\/p>\n<p>Teht\u00e4isiink\u00f6 markkinoiden mutkattomin ikkunaremontti? Skaalalla on vuosikymmenien kokemus taloyhti\u00f6iden ja julkisten kohteiden ovi- ja ikkunaremonteista, joten prosessimme on luotettava, ammattitaitoinen ja sulava. Valitsemalla Skaalan tuet suomalaista ty\u00f6t\u00e4, sill\u00e4 ikkunamme valmistetaan tehtaallamme Ylih\u00e4rm\u00e4ss\u00e4. Tuotteillamme on Avainlippu-merkki.<\/p>\n\t<\/div>\n\n\n\n\n<a href=\"https:\/\/www.skaala.com\/fi\/taloyhtiot-ja-julkiset-kohteet\/taloyhtiokampanja\/\" \nid=\"button-block-block_e9ac74238befa19f8fdcf97071972456\" \nclass=\"button-block button\"\ntarget=\"\"\n>Tutustu taloyhti\u00f6kampanjaan<\/a>\n\n\n\n\n<a href=\"https:\/\/www.skaala.com\/yhteystiedot\/?hakusana=&#038;taloyhtiot=true&#038;julkisivu-urakoitsijat=true\" \nid=\"button-block-block_98dce9f913172f28734c1addc5801309\" \nclass=\"button-block button\"\ntarget=\"\"\n>Ota yhteytt\u00e4 ja sovi ilmainen arviointik\u00e4ynti<\/a>\n\n\n\n\n<a href=\"https:\/\/www.skaala.com\/fi\/rivitalon-ikkunaremontti-asiakastarina\/\" \nid=\"button-block-block_d5f95a4d2cf4ffa6101a4710904a98ae\" \nclass=\"button-block button\"\ntarget=\"\"\n>Lue asiakastarina t\u00e4\u00e4lt\u00e4<\/a>\n\n\n\n\n<div id=\"text-block-block_86dcddb452d24778d4327a515313d3e5\" class=\"text-block\">\n\t\t\t<div class=\"video-container\"><iframe title=\"Taloyhti\u00f6n ikkunaremontti\" width=\"500\" height=\"281\" src=\"https:\/\/www.youtube.com\/embed\/sBAv5BRqJ_M?start=1&#038;feature=oembed\" frameborder=\"0\" allow=\"accelerometer; autoplay; clipboard-write; encrypted-media; gyroscope; picture-in-picture; web-share\" referrerpolicy=\"strict-origin-when-cross-origin\" allowfullscreen><\/iframe><\/div>\n\t<\/div>\n\n<\/div><\/div>\n\n\n\n<div class=\"wp-block-custom-content-area custom-wrapper alignleft has-light-blue-background-color\"><div class=\"outer-wrap\">\t\n\t<div id=\"heading-block-block_e6a0aec9626c950d7a4c77cb3e83789f\" class=\"heading-block\">\n\t\t<h2 ><span>Vihre\u00e4 kumppani \u2013 Skaala hoitaa ikkunaremontin ekologisesti<\/span><\/h2>\t<\/div>\n\n\n\n<div id=\"text-block-block_443b3519b159413782f29cfea400fc37\" class=\"text-block\">\n\t\t\t<p>Skaalan tuotannossa k\u00e4ytet\u00e4\u00e4n vain uusiutuvaa energiaa. Toimitilamme l\u00e4mmitet\u00e4\u00e4n tuotannosta syntyv\u00e4ll\u00e4 bioenergialla. Skaalan tehtaat k\u00e4ytt\u00e4v\u00e4t vesivoimalla tuotettua hiilivapaata s\u00e4hk\u00f6\u00e4.<\/p>\n<p>Olemme my\u00f6s halunneet minimoida kuljetuksesta aiheutuvat ymp\u00e4rist\u00f6p\u00e4\u00e4st\u00f6t, ja siksi Skaalan komponettitehtaat sek\u00e4 ovi- ja ikkunatehtaamme on sijoitettu taktisesti niin, ett\u00e4 kuljetusmatkat ovat mahdollisimman lyhyet.<\/p>\n<p>Toiminnassamme v\u00e4lt\u00e4mme my\u00f6s turhan j\u00e4tteen syntymist\u00e4. Siksi kaikki saneerauksessa vaihdettavat tuotteet kierr\u00e4tet\u00e4\u00e4n uusiok\u00e4ytt\u00f6\u00f6n ja l\u00e4mp\u00f6energiaksi. N\u00e4in v\u00e4lt\u00e4mme kuormittamasta kaatopaikkoja ja sit\u00e4 kautta ymp\u00e4rist\u00f6\u00e4.<\/p>\n\t<\/div>\n\n\n\n\n<a href=\"https:\/\/www.skaala.com\/fi\/kestavakehitys-skaala\/\" \nid=\"button-block-block_b3d81ceb38064cf2abe70f5914d2d0a5\" \nclass=\"button-block button\"\ntarget=\"\"\n>Kest\u00e4v\u00e4 kehitys<\/a>\n\n\n\n\n<a href=\"https:\/\/www.skaala.com\/fi\/suomessa-tehdyt-ikkunat-ja-ovet\/\" \nid=\"button-block-block_5dadaa89faef37b12a2d615834f40097\" \nclass=\"button-block button\"\ntarget=\"\"\n>Suomessa tehdyt Skaala-tuotteet<\/a>\n\n\n\n\n<a href=\"https:\/\/www.skaala.com\/fi\/energiansaastolaskuri\/\" \nid=\"button-block-block_9ae64da32ec47046cdeb7c23602f17e4\" \nclass=\"button-block button\"\ntarget=\"\"\n>Energians\u00e4\u00e4st\u00f6laskuri<\/a>\n\n\n\n\n<div id=\"text-block-block_e919e1983153693db64b37a58f0c463b\" class=\"text-block\">\n\t\t\t<p><iframe style=\"border: none;\" src=\"https:\/\/bot.leadoo.com\/bot\/visual.html?code=261d7cc8\" width=\"100%\" height=\"450px\"><\/iframe><\/p>\n\t<\/div>\n\n<\/div><\/div>\n\n\n\n<div class=\"wp-block-custom-content-area custom-wrapper alignleft has-light-blue-background-color\"><div class=\"outer-wrap\"><div id=\"cards-block_ded5daeb8fa065333d1c1b5556e959a0\" class=\"cards-block count-4\">\n<div id=\"cards-block_ded5daeb8fa065333d1c1b5556e959a0\" class=\"cards-block--card\">\n\t\t\t<div class=\"icon-block\" style=\"background-image: url('https:\/\/www.skaala.com\/wp-content\/themes\/skaala-2023\/dist\/assets\/images\/icons\/flag-red.svg);\">\n\t\t<\/div>\n\t\t\t\t<h4>Kotimaisuus.<\/h4>\n\t\t\t\t<p>Tuotteillamme on Avainlippu-merkki, joka kertoo kotimaisesta ty\u00f6st\u00e4.<\/p>\n\t\t\t<\/div>\n\t<div id=\"cards-block_ded5daeb8fa065333d1c1b5556e959a0\" class=\"cards-block--card\">\n\t\t\t<div class=\"icon-block\" style=\"background-image: url('https:\/\/www.skaala.com\/wp-content\/themes\/skaala-2023\/dist\/assets\/images\/icons\/globe-red.svg);\">\n\t\t<\/div>\n\t\t\t\t<h4>Energiatehokkuus.<\/h4>\n\t\t\t\t<p>Laadukkailla ikkunoillamme on korkea l\u00e4mm\u00f6nl\u00e4p\u00e4isykerroin. <\/p>\n\t\t\t<\/div>\n\t<div id=\"cards-block_ded5daeb8fa065333d1c1b5556e959a0\" class=\"cards-block--card\">\n\t\t\t<div class=\"icon-block\" style=\"background-image: url('https:\/\/www.skaala.com\/wp-content\/themes\/skaala-2023\/dist\/assets\/images\/icons\/user-red.svg);\">\n\t\t<\/div>\n\t\t\t\t<h4>Asiantuntijuus. <\/h4>\n\t\t\t\t<p>Skaala palvelee asiakkaita luotettavasti ammattitaidolla.<\/p>\n\t\t\t<\/div>\n\t<div id=\"cards-block_ded5daeb8fa065333d1c1b5556e959a0\" class=\"cards-block--card\">\n\t\t\t<div class=\"icon-block\" style=\"background-image: url('https:\/\/www.skaala.com\/wp-content\/themes\/skaala-2023\/dist\/assets\/images\/icons\/tool-red.svg);\">\n\t\t<\/div>\n\t\t\t\t<h4>Palvelut. <\/h4>\n\t\t\t\t<p>Veloitukseton mittaus- ja suunnittelupalvelu ja nopea asennus- ja huoltopalvelu.<\/p>\n\t\t\t<\/div>\n\t<\/div>\n<\/div><\/div>\n\n\n\n<div class=\"wp-block-custom-content-area custom-wrapper alignleft has-light-blue-background-color\"><div class=\"outer-wrap\">\n<div id=\"text-block-block_f1b987805fcee052b66a4b55f9afc646\" class=\"text-block\">\n\t\t\t<div class=\"video-container\"><iframe title=\"Kerrostaso-ovien asentaminen taloyhti\u00f6\u00f6n\" width=\"500\" height=\"281\" src=\"https:\/\/www.youtube.com\/embed\/DTxPvmfcuMA?feature=oembed\" frameborder=\"0\" allow=\"accelerometer; autoplay; clipboard-write; encrypted-media; gyroscope; picture-in-picture; web-share\" referrerpolicy=\"strict-origin-when-cross-origin\" allowfullscreen><\/iframe><\/div>\n<p>&nbsp;<\/p>\n\t<\/div>\n\n\n\n\t\n\t<div id=\"heading-block-block_c1e7aa6b2c3f06b55b692792135ae913\" class=\"heading-block\">\n\t\t<h3 ><span>Skaalan tuotteet ovat laadukkaita<\/span><\/h3>\t<\/div>\n\n\n\n<div id=\"text-block-block_7b9273989d9456642f08cca7fb4ffda0\" class=\"text-block\">\n\t\t\t<blockquote><p>\u201dSuomessa tehdyt ja suomalaisiin oloihin suunnitellut tuotteet, joissa on hyv\u00e4 varustelutaso.\u201d<\/p><\/blockquote>\n\t<\/div>\n\n\n\n\t\n\t<div id=\"heading-block-block_92248b48f18eeadfae739bb8433eb418\" class=\"heading-block\">\n\t\t<h3 ><span>Skaalalla on korkea toimitusvarmuus<\/span><\/h3>\t<\/div>\n\n\n\n<div id=\"text-block-block_9125e06598d342f27ac9a484d7c60cc7\" class=\"text-block\">\n\t\t\t<blockquote><p>\u201dTuotteet tulevat sovitusti ajallaan, sill\u00e4 Skaalan toimitusvarmuus markkinoiden paras, liki 100-prosenttinen.\u201d<\/p><\/blockquote>\n\t<\/div>\n\n\n\n\t\n\t<div id=\"heading-block-block_5be0fcfa0df58ca7630b045451527d4f\" class=\"heading-block\">\n\t\t<h3 ><span>Skaala on asiantunteva<\/span><\/h3>\t<\/div>\n\n\n\n<div id=\"text-block-block_e78c060bbfed6d80eb0f95d004babb39\" class=\"text-block\">\n\t\t\t<blockquote><p>\u201dKiistattoman ikkuna- ja oviasiantuntijuuden lis\u00e4ksi Skaalalla on projektijohdon asiantuntemus isojen hankkeiden koordinointiin ja toteuttamiseen.\u201d<\/p><\/blockquote>\n\t<\/div>\n\n\n\n\t\n\t<div id=\"heading-block-block_dab231ede1c7bcaff1f13d8f15a9ea04\" class=\"heading-block\">\n\t\t<h3 ><span>Skaala on mutkaton kumppani<\/span><\/h3>\t<\/div>\n\n\n\n<div id=\"text-block-block_cf6f22b21a885d9be0405f131881fc20\" class=\"text-block\">\n\t\t\t<blockquote><p>\u201dPitk\u00e4 kokemus isojen projektien l\u00e4piviennist\u00e4 on hionut prosessit toimiviksi. Remonttiprojektit etenev\u00e4t kurinalaisesti ja systemaattisesti, ja etenemisest\u00e4 tiedotetaan kaikkia osapuolia.\u201d<\/p><\/blockquote>\n\t<\/div>\n\n\n\n\t\n\t<div id=\"heading-block-block_56fbb2101738ea24981972935a0601df\" class=\"heading-block\">\n\t\t<h3 ><span>Skaalan tuotteilla on hyv\u00e4 hinta\u2013laatusuhde <\/span><\/h3>\t<\/div>\n\n\n\n<div id=\"text-block-block_cedadb01337050ede7f39e49646b61b3\" class=\"text-block\">\n\t\t\t<p>\u201dSkaalalla on panostettu tuotteiden korkeaan laatutasoon.\u201d<\/p>\n\t<\/div>\n\n\n\n\t\n\t<div id=\"heading-block-block_a71bdf25d1e24d60a5ca50a758ff61ff\" class=\"heading-block\">\n\t\t<h3 ><span>Skaalan reklamaatioiden hoito toimii<\/span><\/h3>\t<\/div>\n\n\n\n<div id=\"text-block-block_a7b1f567e977abb876ec422029f90cd8\" class=\"text-block\">\n\t\t\t<blockquote><p>\u201dYhteydenpito jatkuu projektin p\u00e4\u00e4ttymisen j\u00e4lkeenkin: Asennusty\u00f6n j\u00e4lkeen asukkailta tiedustellaan mahdollisista korjaustarpeista, ja havaitut puutteet korjataan. Yhteydess\u00e4 ollaan uudelleen parin vuoden kuluttua, sill\u00e4 aina voi olla jotain, mit\u00e4 ei heti huomata.\u201d<\/p><\/blockquote>\n\t<\/div>\n\n<\/div><\/div>\n\n\n<div class=\"featured-items-block block\">\n\t<div class=\"featured-item\">\n\t\t<div class=\"content-half has-dark-gray-background-color\">\n\t\t\t<div class=\"featured-item--content grid-item\">\n\t\t\t\t\t\t<a class=\"button button-large\" href=\"https:\/\/www.skaala.com\/fi\/ota-yhteytta\/yhteystiedot\/\">Yhteystiedot &#8211; Etsitk\u00f6 myyj\u00e4\u00e4 alueellasi tai oikeaa yhteyshenkil\u00f6\u00e4 toimistolta?\u00a0<\/a>\n\t\t\t\t\t\t<\/div>\n\t\t<\/div>\n\t\t\t\t<div class=\"featured-item--image grid-item\"\n\t\t\t\t\tdata-interchange=\"\n\t\t\t\t\t[https:\/\/www.skaala.com\/wp-content\/uploads\/2023\/08\/Olohuoneenautoikkunat-1024x1536.jpg, small], \n\t\t\t\t\t[https:\/\/www.skaala.com\/wp-content\/uploads\/2023\/08\/Olohuoneenautoikkunat-1024x1536.jpg, medium], \n\t\t\t\t\t[https:\/\/www.skaala.com\/wp-content\/uploads\/2023\/08\/Olohuoneenautoikkunat-1200x1800.jpg, large], \n\t\t\t\t\t[https:\/\/www.skaala.com\/wp-content\/uploads\/2023\/08\/Olohuoneenautoikkunat-1024x1536.jpg, xlarge]\"\n\t\t\t\t\t>\n\t\t<\/div>\n\t\t\t<\/div>\n\t\t<div class=\"featured-item\">\n\t\t<div class=\"content-half has-dark-gray-background-color\">\n\t\t\t<div class=\"featured-item--content grid-item\">\n\t\t\t\t\t\t<a class=\"button button-large\" href=\"https:\/\/www.skaala.com\/fi\/ikkunaremontti-taloyhtiossa\/\">Ikkunaremontti taloyhti\u00f6ss\u00e4<\/a>\n\t\t\t\t\t\t<\/div>\n\t\t<\/div>\n\t\t\t\t<div class=\"featured-item--image grid-item\"\n\t\t\t\t\tdata-interchange=\"\n\t\t\t\t\t[https:\/\/www.skaala.com\/wp-content\/uploads\/2023\/10\/Sisaanaukeavan-ikkunan-asennus-1024x572.jpg, small], \n\t\t\t\t\t[https:\/\/www.skaala.com\/wp-content\/uploads\/2023\/10\/Sisaanaukeavan-ikkunan-asennus-1024x572.jpg, medium], \n\t\t\t\t\t[https:\/\/www.skaala.com\/wp-content\/uploads\/2023\/10\/Sisaanaukeavan-ikkunan-asennus-1200x671.jpg, large], \n\t\t\t\t\t[https:\/\/www.skaala.com\/wp-content\/uploads\/2023\/10\/Sisaanaukeavan-ikkunan-asennus-1536x858.jpg, xlarge]\"\n\t\t\t\t\t>\n\t\t<\/div>\n\t\t\t<\/div>\n\t\t<div class=\"featured-item\">\n\t\t<div class=\"content-half has-dark-gray-background-color\">\n\t\t\t<div class=\"featured-item--content grid-item\">\n\t\t\t\t\t\t<a class=\"button button-large\" href=\"https:\/\/www.skaala.com\/fi\/kestava-kehitys-skaala\/\">Kest\u00e4v\u00e4 kehitys<\/a>\n\t\t\t\t\t\t<\/div>\n\t\t<\/div>\n\t\t\t\t<div class=\"featured-item--image grid-item\"\n\t\t\t\t\tdata-interchange=\"\n\t\t\t\t\t[https:\/\/www.skaala.com\/wp-content\/uploads\/2022\/11\/Seglingeautokallioltaautowww-e1668767520211-1024x499.jpg, small], \n\t\t\t\t\t[https:\/\/www.skaala.com\/wp-content\/uploads\/2022\/11\/Seglingeautokallioltaautowww-e1668767520211-1024x499.jpg, medium], \n\t\t\t\t\t[https:\/\/www.skaala.com\/wp-content\/uploads\/2022\/11\/Seglingeautokallioltaautowww-e1668767520211-1200x584.jpg, large], \n\t\t\t\t\t[https:\/\/www.skaala.com\/wp-content\/uploads\/2022\/11\/Seglingeautokallioltaautowww-e1668767520211-1536x748.jpg, xlarge]\"\n\t\t\t\t\t>\n\t\t<\/div>\n\t\t\t<\/div>\n\t\t<div class=\"featured-item\">\n\t\t<div class=\"content-half has-dark-gray-background-color\">\n\t\t\t<div class=\"featured-item--content grid-item\">\n\t\t\t\t\t\t<a class=\"button button-large\" href=\"https:\/\/www.skaala.com\/fi\/tietoa-skaalasta\/\">Tietoa Skaalasta<\/a>\n\t\t\t\t\t\t<\/div>\n\t\t<\/div>\n\t\t\t\t<div class=\"featured-item--image grid-item\"\n\t\t\t\t\tdata-interchange=\"\n\t\t\t\t\t[https:\/\/www.skaala.com\/wp-content\/uploads\/2025\/04\/Yliharman-tehdas-1024x576.jpg, small], \n\t\t\t\t\t[https:\/\/www.skaala.com\/wp-content\/uploads\/2025\/04\/Yliharman-tehdas-1024x576.jpg, medium], \n\t\t\t\t\t[https:\/\/www.skaala.com\/wp-content\/uploads\/2025\/04\/Yliharman-tehdas-1200x675.jpg, large], \n\t\t\t\t\t[https:\/\/www.skaala.com\/wp-content\/uploads\/2025\/04\/Yliharman-tehdas-1536x864.jpg, xlarge]\"\n\t\t\t\t\t>\n\t\t<\/div>\n\t\t\t<\/div>\n\t<\/div>\n","protected":false},"excerpt":{"rendered":"","protected":false},"author":5,"featured_media":13624,"parent":0,"menu_order":0,"comment_status":"closed","ping_status":"closed","template":"","meta":{"_acf_changed":false,"inline_featured_image":false,"footnotes":""},"class_list":["post-143","page","type-page","status-publish","has-post-thumbnail","hentry"],"acf":[],"_links":{"self":[{"href":"https:\/\/www.skaala.com\/fi\/wp-json\/wp\/v2\/pages\/143","targetHints":{"allow":["GET"]}}],"collection":[{"href":"https:\/\/www.skaala.com\/fi\/wp-json\/wp\/v2\/pages"}],"about":[{"href":"https:\/\/www.skaala.com\/fi\/wp-json\/wp\/v2\/types\/page"}],"author":[{"embeddable":true,"href":"https:\/\/www.skaala.com\/fi\/wp-json\/wp\/v2\/users\/5"}],"replies":[{"embeddable":true,"href":"https:\/\/www.skaala.com\/fi\/wp-json\/wp\/v2\/comments?post=143"}],"version-history":[{"count":77,"href":"https:\/\/www.skaala.com\/fi\/wp-json\/wp\/v2\/pages\/143\/revisions"}],"predecessor-version":[{"id":28538,"href":"https:\/\/www.skaala.com\/fi\/wp-json\/wp\/v2\/pages\/143\/revisions\/28538"}],"wp:featuredmedia":[{"embeddable":true,"href":"https:\/\/www.skaala.com\/fi\/wp-json\/wp\/v2\/media\/13624"}],"wp:attachment":[{"href":"https:\/\/www.skaala.com\/fi\/wp-json\/wp\/v2\/media?parent=143"}],"curies":[{"name":"wp","href":"https:\/\/api.w.org\/{rel}","templated":true}]}}