{"id":14688,"date":"2023-02-22T15:29:17","date_gmt":"2023-02-22T13:29:17","guid":{"rendered":"https:\/\/www.skaala.com\/?page_id=14688"},"modified":"2025-07-16T15:43:58","modified_gmt":"2025-07-16T12:43:58","slug":"skaalan-ilmoituskanava","status":"publish","type":"page","link":"https:\/\/www.skaala.com\/fi\/skaalan-ilmoituskanava\/","title":{"rendered":"Skaalan ilmoituskanava"},"content":{"rendered":"\n\t<header class=\"featured-hero has-dark-gray-background-color\" role=\"banner\">\n\t\t\t<h1>Skaalan ilmoituskanava<\/h1>\n\t<\/header>\n\t\n\n\n<div class=\"wp-block-custom-content-area custom-wrapper alignleft has-light-blue-background-color\"><div class=\"outer-wrap\">\t\n\t<div id=\"heading-block-block_5f74ed994d8daf3692c0bea526f0b3d6\" class=\"heading-block\">\n\t\t<h2 ><span>Skaalan whistleblowing ilmoituskanava<\/span><\/h2>\t<\/div>\n\n\n\n<div id=\"text-block-block_3b36344bcc96521dcf000f737b033520\" class=\"text-block\">\n\t\t\t<p><em>Vuonna 2023 voimaan astunut ilmoittajansuojelulaki velvoittaa yrityksi\u00e4 varmistamaan, ett\u00e4 v\u00e4\u00e4rink\u00e4yt\u00f6ksest\u00e4 voidaan tehd\u00e4 ilmoitus turvallisesti ja siten, ett\u00e4 ilmoittajan henkil\u00f6llisyys on suojattu.\u00a0 Kaikenlaiset vastatoimet ilmoittajaa kohtaan ovat kiellettyj\u00e4. \u00a0<\/em><\/p>\n<p><em>Ilmoittajansuojelulakia sovelletaan ilmoituksissa, jotka k\u00e4sittelev\u00e4t julkisia hankintoja, rahoituspalveluita, rahanpesun ja terrorismin rahoituksen ehk\u00e4isy\u00e4, tuoteturvallisuutta, liikenneturvallisuutta, ymp\u00e4rist\u00f6nsuojelua, ydinturvallisuutta, elintarvikkeiden ja rehujen turvallisuutta, el\u00e4inten terveytt\u00e4 ja hyvinvointia, kansanterveytt\u00e4, kuluttajansuojaa, yksityisyyden ja henkil\u00f6tietojen suojaa sek\u00e4 verkko- ja tietoj\u00e4rjestelmien turvallisuutta.<\/em><\/p>\n<p>&nbsp;<\/p>\n<p><strong>Olemme sitoutuneet vastuulliseen toimintaan ja pyrimme kaikin tavoin edist\u00e4m\u00e4\u00e4n eettisi\u00e4 toimintatapoja.<\/strong><\/p>\n<p>Sloganimme &#8211; Pohjoisen luontoa kunnioittaen &#8211; tarkoittaa, ett\u00e4<\/p>\n<ul>\n<li>Yrityksen\u00e4 edist\u00e4mme pohjoisen luonnon kest\u00e4v\u00e4\u00e4 kehityst\u00e4.<\/li>\n<li>Ty\u00f6nantajana sitoudumme pit\u00e4m\u00e4\u00e4n huolta ty\u00f6ntekij\u00f6ist\u00e4mme.<\/li>\n<li>Lasiantuntijana tuotamme energiatehokkaat, pitk\u00e4ik\u00e4iset ja korkealaatuiset ratkaisut pohjoisiin oloihin.<\/li>\n<li>Palvelemme asiakkaitamme asiantuntemuksella ja pitki\u00e4 asiakassuhteita ja kumppanuuksia vaalien.<\/li>\n<\/ul>\n<p>Haluamme toimia avoimesti, vastuullisesti ja eettisi\u00e4 periaatteita noudattaen. Seuraamme eettisten periaatteiden toteutumista jokap\u00e4iv\u00e4isess\u00e4 toiminnassamme.<\/p>\n<blockquote><p><em>Huomioithan, ett\u00e4 ilmoituskanava ei ole tarkoitettu tavanomaisiin asiakaspalautteisiin tai reklamaatioihin.\u00a0<a href=\"https:\/\/www.skaala.com\/fi\/asiakaspalaute\/\"> J\u00e4t\u00e4 asiakaspalaute t\u00e4ll\u00e4 sivulla.\u00a0\u00a0<\/a><\/em><\/p>\n<p><em><span style=\"font-size: inherit;\">Jos asiasi liittyy henkil\u00f6st\u00f6asioihin, ota yhteytt\u00e4 hr(at)skaala.com. <\/span><\/em><\/p><\/blockquote>\n\t<\/div>\n\n\n\n\t\n\t<div id=\"heading-block-block_b0bd957d3ed6c946b567ec622be45a77\" class=\"heading-block\">\n\t\t<h3 ><span>Anonyymi Whistleblowing -ilmoituskanava<\/span><\/h3>\t<\/div>\n\n\n\n<div id=\"text-block-block_59a4f5d6382b6efd260c47623c84ff7c\" class=\"text-block\">\n\t\t\t<p>K\u00e4yt\u00f6ss\u00e4mme on anonyymi Whistleblowing-ilmoituskanava. Ilmoituskanavan kautta tarjoamme mahdollisuuden ty\u00f6ntekij\u00f6ille, toimittajille, asiakkaille ja muille sidosryhmille ilmoittaa mahdollisista v\u00e4\u00e4rink\u00e4yt\u00f6ksist\u00e4 tai ep\u00e4ilyst\u00e4 toiminnasta, joka ei noudata eettisi\u00e4 periaatteita. Kaikki ilmoitukset k\u00e4sitell\u00e4\u00e4n luottamuksellisesti. Sinulla ei tarvitse olla varsinaisia todisteita ep\u00e4ilyjen tueksi. Tietoisesti totuudenvastaisten ilmoitusten j\u00e4tt\u00e4minen palveluun on kuitenkin kielletty\u00e4 ja saattaa johtaa jatkotoimenpiteisiin.<\/p>\n<p>Ensisijaisesti erimielisyyksiss\u00e4 ja ongelmatilanteissa rohkaisemme sinua ottamaan yhteytt\u00e4 asiasta vastaavaan henkil\u00f6\u00f6n. Mik\u00e4li t\u00e4m\u00e4 ei jostain syyst\u00e4 ole mahdollista, esimiehen esimies, henkil\u00f6st\u00f6hallinto tai johtoryhm\u00e4n j\u00e4senet voivat toimia asiassa yhteyshenkil\u00f6in\u00e4. Ilmoituskanava on tarkoitettu ainoastaan v\u00e4\u00e4rink\u00e4yt\u00f6sep\u00e4ilyist\u00e4 ilmoittamiseen, asiakaspalaute tulee j\u00e4tt\u00e4\u00e4 normaalia kanavaa k\u00e4ytt\u00e4en.<\/p>\n<p>Suhtaudumme vakavasti kaikkiin ep\u00e4ilyksiin liittyen mahdollisesti laittomaan tai ep\u00e4eettiseen toimintaan ja kannustamme tuomaan ne tietoomme aina, kun siihen on perusteita. Kaikki ilmoitukset k\u00e4sitell\u00e4\u00e4n luottamuksellisesti Skaalan Whistleblowing-tiimiss\u00e4<\/p>\n<p>Whistleblowing-palvelu on ulkopuolisen tahon tarjoama, ja alusta on salattu ja salasanasuojattu. Metadataa ei tallenneta eik\u00e4 IP-osoitteita voi j\u00e4ljitt\u00e4\u00e4, joten nimet\u00f6nt\u00e4 ilmoittajaa on mahdoton tunnistaa. J\u00e4tetty\u00e4si ilmoituksen saat tunnuksen ja salasanan, jotka sinun tulee tallentaa ilmoituksen tekemisen yhteydess\u00e4. Ilmoituksen voi tehd\u00e4 suomeksi tai englanniksi, muilla kielill\u00e4 tehtyj\u00e4 ilmoituksia ei valitettavasti voida k\u00e4sitell\u00e4.<\/p>\n<p>Lis\u00e4\u00e4 tietoja tiedonkeruusta ja -k\u00e4sittelyst\u00e4 l\u00f6yd\u00e4t Skaalan <a href=\"https:\/\/www.skaala.com\/fi\/tietoa-skaalasta\/tietosuojaseloste\/\">tietosuojaselosteesta.<\/a><\/p>\n<blockquote><p><strong>Kun olet l\u00e4hett\u00e4nyt ilmoituksesi, saat ruudulle tunnuksen ja salasanan. Tallenna ne turvalliseen paikkaan, sill\u00e4 voit j\u00e4lkik\u00e4teen kirjautua palveluun ja seurata asian k\u00e4sittely\u00e4 ainoastaan k\u00e4ytt\u00e4j\u00e4tunnuksellasi ja salasanallasi.<\/strong><\/p><\/blockquote>\n\t<\/div>\n\n\n\n\t\n\t<div id=\"heading-block-block_27a7273caad75a1b058cb1a09c53abe3\" class=\"heading-block\">\n\t\t<h3 ><span>J\u00e4t\u00e4 ilmoitus alta<\/span><\/h3>\t<\/div>\n\n\n\n<a href=\"https:\/\/dashen30.com\/skaalawhistleblower\/\" id=\"button-block-block_568a48f38dd32c2e5898da0d6bed0cf8\" class=\"button-block button\" target=\"_blank\" rel=\"noopener\">Skaalan ilmoituskanavaan t\u00e4st\u00e4 <\/a>\n\n<\/div><\/div>\n\n\n<div class=\"featured-items-block block\">\n\t<div class=\"featured-item\">\n\t\t<div class=\"content-half has-dark-gray-background-color\">\n\t\t\t<div class=\"featured-item--content grid-item\">\n\t\t\t\t\t\t<a class=\"button button-large\" href=\"https:\/\/www.skaala.com\/fi\/tietoa-skaalasta\/\">Tietoa Skaalasta<\/a>\n\t\t\t\t\t\t<\/div>\n\t\t<\/div>\n\t\t\t\t<div class=\"featured-item--image grid-item\"\n\t\t\t\t\tdata-interchange=\"\n\t\t\t\t\t[https:\/\/www.skaala.com\/wp-content\/uploads\/2025\/04\/Yliharman-tehdas-1024x576.jpg, small], \n\t\t\t\t\t[https:\/\/www.skaala.com\/wp-content\/uploads\/2025\/04\/Yliharman-tehdas-1024x576.jpg, medium], \n\t\t\t\t\t[https:\/\/www.skaala.com\/wp-content\/uploads\/2025\/04\/Yliharman-tehdas-1200x675.jpg, large], \n\t\t\t\t\t[https:\/\/www.skaala.com\/wp-content\/uploads\/2025\/04\/Yliharman-tehdas-1536x864.jpg, xlarge]\"\n\t\t\t\t\t>\n\t\t<\/div>\n\t\t\t<\/div>\n\t\t<div class=\"featured-item\">\n\t\t<div class=\"content-half has-dark-gray-background-color\">\n\t\t\t<div class=\"featured-item--content grid-item\">\n\t\t\t\t\t\t<a class=\"button button-large\" href=\"https:\/\/www.skaala.com\/fi\/tietoa-skaalasta\/skaalan-tarina\/\">Skaalan tarina<\/a>\n\t\t\t\t\t\t<\/div>\n\t\t<\/div>\n\t\t\t\t<div class=\"featured-item--image grid-item\"\n\t\t\t\t\tdata-interchange=\"\n\t\t\t\t\t[https:\/\/www.skaala.com\/wp-content\/uploads\/2020\/05\/Ylih\u00e4rm\u00e4n-tehdas-ilmakuva-2018-1024x576.jpg, small], \n\t\t\t\t\t[https:\/\/www.skaala.com\/wp-content\/uploads\/2020\/05\/Ylih\u00e4rm\u00e4n-tehdas-ilmakuva-2018-1024x576.jpg, medium], \n\t\t\t\t\t[https:\/\/www.skaala.com\/wp-content\/uploads\/2020\/05\/Ylih\u00e4rm\u00e4n-tehdas-ilmakuva-2018-1200x675.jpg, large], \n\t\t\t\t\t[https:\/\/www.skaala.com\/wp-content\/uploads\/2020\/05\/Ylih\u00e4rm\u00e4n-tehdas-ilmakuva-2018-1536x864.jpg, xlarge]\"\n\t\t\t\t\t>\n\t\t<\/div>\n\t\t\t<\/div>\n\t\t<div class=\"featured-item\">\n\t\t<div class=\"content-half has-dark-gray-background-color\">\n\t\t\t<div class=\"featured-item--content grid-item\">\n\t\t\t\t\t\t<a class=\"button button-large\" href=\"https:\/\/www.skaala.com\/fi\/tietoa-skaalasta\/tietosuojaseloste\/\">Tietosuojaseloste<\/a>\n\t\t\t\t\t\t<\/div>\n\t\t<\/div>\n\t\t\t\t<div class=\"featured-item--image grid-item\"\n\t\t\t\t\tdata-interchange=\"\n\t\t\t\t\t[https:\/\/www.skaala.com\/wp-content\/uploads\/2020\/05\/AdobeStock_228265470-1024x793.jpeg, small], \n\t\t\t\t\t[https:\/\/www.skaala.com\/wp-content\/uploads\/2020\/05\/AdobeStock_228265470-1024x793.jpeg, medium], \n\t\t\t\t\t[https:\/\/www.skaala.com\/wp-content\/uploads\/2020\/05\/AdobeStock_228265470-1200x930.jpeg, large], \n\t\t\t\t\t[https:\/\/www.skaala.com\/wp-content\/uploads\/2020\/05\/AdobeStock_228265470-1536x1190.jpeg, xlarge]\"\n\t\t\t\t\t>\n\t\t<\/div>\n\t\t\t<\/div>\n\t\t<div class=\"featured-item\">\n\t\t<div class=\"content-half has-dark-gray-background-color\">\n\t\t\t<div class=\"featured-item--content grid-item\">\n\t\t\t\t\t\t<a class=\"button button-large\" href=\"https:\/\/www.skaala.com\/fi\/tietoa-skaalasta\/ikkunoiden-ja-ovien-takuuehdot\/\">Ikkunoiden ja ovien takuuehdot<\/a>\n\t\t\t\t\t\t<\/div>\n\t\t<\/div>\n\t\t\t\t<div class=\"featured-item--image grid-item\"\n\t\t\t\t\tdata-interchange=\"\n\t\t\t\t\t[https:\/\/www.skaala.com\/wp-content\/uploads\/2026\/01\/Skaala-harma-012-1024x684.jpg, small], \n\t\t\t\t\t[https:\/\/www.skaala.com\/wp-content\/uploads\/2026\/01\/Skaala-harma-012-1024x684.jpg, medium], \n\t\t\t\t\t[https:\/\/www.skaala.com\/wp-content\/uploads\/2026\/01\/Skaala-harma-012-1200x802.jpg, large], \n\t\t\t\t\t[https:\/\/www.skaala.com\/wp-content\/uploads\/2026\/01\/Skaala-harma-012-1536x1026.jpg, xlarge]\"\n\t\t\t\t\t>\n\t\t<\/div>\n\t\t\t<\/div>\n\t<\/div>\n","protected":false},"excerpt":{"rendered":"","protected":false},"author":5,"featured_media":16620,"parent":0,"menu_order":0,"comment_status":"closed","ping_status":"closed","template":"","meta":{"_acf_changed":false,"inline_featured_image":false,"footnotes":""},"class_list":["post-14688","page","type-page","status-publish","has-post-thumbnail","hentry"],"acf":[],"_links":{"self":[{"href":"https:\/\/www.skaala.com\/fi\/wp-json\/wp\/v2\/pages\/14688","targetHints":{"allow":["GET"]}}],"collection":[{"href":"https:\/\/www.skaala.com\/fi\/wp-json\/wp\/v2\/pages"}],"about":[{"href":"https:\/\/www.skaala.com\/fi\/wp-json\/wp\/v2\/types\/page"}],"author":[{"embeddable":true,"href":"https:\/\/www.skaala.com\/fi\/wp-json\/wp\/v2\/users\/5"}],"replies":[{"embeddable":true,"href":"https:\/\/www.skaala.com\/fi\/wp-json\/wp\/v2\/comments?post=14688"}],"version-history":[{"count":21,"href":"https:\/\/www.skaala.com\/fi\/wp-json\/wp\/v2\/pages\/14688\/revisions"}],"predecessor-version":[{"id":25114,"href":"https:\/\/www.skaala.com\/fi\/wp-json\/wp\/v2\/pages\/14688\/revisions\/25114"}],"wp:featuredmedia":[{"embeddable":true,"href":"https:\/\/www.skaala.com\/fi\/wp-json\/wp\/v2\/media\/16620"}],"wp:attachment":[{"href":"https:\/\/www.skaala.com\/fi\/wp-json\/wp\/v2\/media?parent=14688"}],"curies":[{"name":"wp","href":"https:\/\/api.w.org\/{rel}","templated":true}]}}