{"id":148,"date":"2020-04-20T15:11:51","date_gmt":"2020-04-20T12:11:51","guid":{"rendered":"https:\/\/www.skaala.com\/?page_id=148"},"modified":"2026-04-01T10:28:03","modified_gmt":"2026-04-01T07:28:03","slug":"tietoa-skaalasta","status":"publish","type":"page","link":"https:\/\/www.skaala.com\/fi\/tietoa-skaalasta\/","title":{"rendered":"Tietoa Skaalasta"},"content":{"rendered":"\n\t\t<header class=\"featured-hero article\" role=\"banner\" data-interchange=\"[https:\/\/www.skaala.com\/wp-content\/uploads\/2025\/04\/Yliharman-tehdas-640x200.jpg, small], [https:\/\/www.skaala.com\/wp-content\/uploads\/2025\/04\/Yliharman-tehdas-1280x400.jpg, medium], [https:\/\/www.skaala.com\/wp-content\/uploads\/2025\/04\/Yliharman-tehdas-1440x400.jpg, large], [https:\/\/www.skaala.com\/wp-content\/uploads\/2025\/04\/Yliharman-tehdas-1920x400.jpg, xlarge]\">\n\t\t\t\t\t<h1>Tietoa Skaalasta<\/h1>\n\t\t<\/header>\n\t\t\n\n\n\n<div id=\"text-image-block_deec7b0919f19e2d0be14e9b736feef0\" class=\"text-image-block\">\n\t<div class=\"text-image-wrapper\">\n\t\t<div class=\"grid-order-2 image-wrapper\" >\n\t\t\t<img decoding=\"async\" width=\"2560\" height=\"1710\" src=\"https:\/\/www.skaala.com\/wp-content\/uploads\/2025\/05\/Skaalan-tehtaalla-kierroksella-scaled.jpg\" class=\"\" alt=\"\" srcset=\"https:\/\/www.skaala.com\/wp-content\/uploads\/2025\/05\/Skaalan-tehtaalla-kierroksella-scaled.jpg 2560w, https:\/\/www.skaala.com\/wp-content\/uploads\/2025\/05\/Skaalan-tehtaalla-kierroksella-300x200.jpg 300w, https:\/\/www.skaala.com\/wp-content\/uploads\/2025\/05\/Skaalan-tehtaalla-kierroksella-1024x684.jpg 1024w, https:\/\/www.skaala.com\/wp-content\/uploads\/2025\/05\/Skaalan-tehtaalla-kierroksella-768x513.jpg 768w, https:\/\/www.skaala.com\/wp-content\/uploads\/2025\/05\/Skaalan-tehtaalla-kierroksella-101x67.jpg 101w, https:\/\/www.skaala.com\/wp-content\/uploads\/2025\/05\/Skaalan-tehtaalla-kierroksella-1536x1026.jpg 1536w, https:\/\/www.skaala.com\/wp-content\/uploads\/2025\/05\/Skaalan-tehtaalla-kierroksella-2048x1368.jpg 2048w, https:\/\/www.skaala.com\/wp-content\/uploads\/2025\/05\/Skaalan-tehtaalla-kierroksella-640x427.jpg 640w, https:\/\/www.skaala.com\/wp-content\/uploads\/2025\/05\/Skaalan-tehtaalla-kierroksella-1200x802.jpg 1200w, https:\/\/www.skaala.com\/wp-content\/uploads\/2025\/05\/Skaalan-tehtaalla-kierroksella-1920x1282.jpg 1920w\" sizes=\"(max-width: 639px) 98vw, (max-width: 1199px) 64vw, 770px\" \/>\t\t<\/div>\n\t\t<div class=\"text-wrapper  grid-order-1  \">\n\t\t\t\t\t\t\t<h2>Skaala IFN Oy &#8211; Pohjoisen luontoa kunnioittaen<\/h2>\n\t\t\t\t\t\t\t\t\t\t<div><p>Skaala on vuonna 1956 perustettu, Pohjoismaiden suurimpiin kuuluva ikkuna-, ovi- ja lasiratkaisuihin erikoistunut palvelutoimittaja. Skaala tarjoaa asiakkailleen laadukasta palvelua 70 vuoden kokemuksella. Skaalan tuotteet valmistetaan mittatilausty\u00f6n\u00e4 tehtaallamme Etel\u00e4-Pohjanmaalla.<\/p>\n<p>&nbsp;<\/p>\n<p>Skaala tunnetaan etenkin energiatehokkaasta tuoteperheest\u00e4\u00e4n ja kokonaisvaltaisesta palvelukonseptistaan: mittaus- ja suunnittelupalvelu, asennuspalvelu ja huoltopalvelu palvelevat kaikkialla Suomessa.<\/p>\n<\/div>\n\t\t\t\t\t\t\t\t<\/div>\n\t<\/div>\n\n<\/div>\n\n\n\n\n\n\n<div id=\"text-image-block_751af4455222c4037a84303e3103d6e7\" class=\"text-image-block\">\n\t<div class=\"text-image-wrapper\">\n\t\t<div class=\"grid-order-1 image-wrapper\" >\n\t\t\t<img decoding=\"async\" width=\"354\" height=\"295\" src=\"https:\/\/www.skaala.com\/wp-content\/uploads\/2025\/10\/Koko-toiminta-sertifioitu.png\" class=\"\" alt=\"ISO9001 ja ISO14001 sertifioitu toiminta\" srcset=\"https:\/\/www.skaala.com\/wp-content\/uploads\/2025\/10\/Koko-toiminta-sertifioitu.png 354w, https:\/\/www.skaala.com\/wp-content\/uploads\/2025\/10\/Koko-toiminta-sertifioitu-300x250.png 300w, https:\/\/www.skaala.com\/wp-content\/uploads\/2025\/10\/Koko-toiminta-sertifioitu-101x84.png 101w\" sizes=\"(max-width: 639px) 98vw, (max-width: 1199px) 64vw, 354px\" \/>\t\t<\/div>\n\t\t<div class=\"text-wrapper  grid-order-2  \">\n\t\t\t\t\t\t\t<h2>70 vuoden kokemus ikkunoista ja ovista<\/h2>\n\t\t\t\t\t\t\t\t\t\t<div><p>Skaala on palkittu vuosien varrella useilla tuotekehitykseen, laatuun, energiatehokkuuteen ja kest\u00e4v\u00e4\u00e4n kehitykseen liittyvill\u00e4 palkinnoilla.<\/p>\n<p>&nbsp;<\/p>\n<p>Skaalalla on ISO9001- ja ISO14001-sertifikaatit. Skaalan koko toiminta &#8211; myynti, valmistus ja asennus &#8211; on sertifioitu vuonna 2001.<\/p>\n<p>&nbsp;<\/p>\n<p>Vuodesta 2017 alkaen Skaala on ollut osa it\u00e4valtalaista IFN-konsernia, joka on Euroopan suurin ikkuna-alan toimija.<\/p>\n<\/div>\n\t\t\t\t\t\t\t\t<\/div>\n\t<\/div>\n\n<\/div>\n\n\n\n\n\n<div class=\"wp-block-custom-content-area custom-wrapper alignleft has-dark-gray-background-color\"><div class=\"outer-wrap\">\t\n\t<div id=\"heading-block-block_eb100ba2a688bf5a97922eeacc39dfbb\" class=\"heading-block\">\n\t\t<h3 ><span>Skaala p\u00e4hkin\u00e4nkuoressa:<\/span><\/h3>\t<\/div>\n\n\n\n<div id=\"text-block-block_dcf3e79b4e25b25330859d2a391e911a\" class=\"text-block\">\n\t\t\t<p><iframe width=\"560\" height=\"315\" src=\"https:\/\/www.youtube.com\/embed\/0TA5lw4IRY4?si=ecPpHnroKAfZ_dir\" title=\"YouTube video player\" frameborder=\"0\" allow=\"accelerometer; autoplay; clipboard-write; encrypted-media; gyroscope; picture-in-picture; web-share\" referrerpolicy=\"strict-origin-when-cross-origin\" allowfullscreen><\/iframe><\/p>\n\t<\/div>\n\n\n\n\n<div id=\"text-block-block_665b2bbda87db77b0f624f8c01912bc1\" class=\"text-block\">\n\t\t\t<ul>\n<li>Suomen suurimpia ikkuna- ja valmistajia<\/li>\n<li>Perustettu vuonna 1956 Kauhavan Ylih\u00e4rm\u00e4ss\u00e4<\/li>\n<li>Liikevaihto 51 miljoonaa euroa (2025)<\/li>\n<li>Henkil\u00f6st\u00f6m\u00e4\u00e4r\u00e4 noin 290 henkil\u00f6\u00e4<\/li>\n<li>P\u00e4\u00e4asialliset markkinat Suomessa ja Ruotsissa<\/li>\n<li>Osa kansainv\u00e4list\u00e4 IFN Holding -konsernia<\/li>\n<\/ul>\n\t<\/div>\n\n\n\n\n<a href=\"https:\/\/www.skaala.com\/fi\/visio-arvot-ja-missio\/\" \nid=\"button-block-block_4b8517c74b9cf95e17ee0845c7e5d227\" \nclass=\"button-block button\"\ntarget=\"\"\n>Skaalan missio, arvot ja visio &#8211; tutustu t\u00e4st\u00e4<\/a>\n\n\n\n\n<a href=\"https:\/\/www.skaala.com\/fi\/tietoa-skaalasta\/skaalan-tarina\/\" \nid=\"button-block-block_b94ffcf5d6299c898d732f70cc7e4601\" \nclass=\"button-block button\"\ntarget=\"\"\n>Skaalan tarina &#8211; tutustu t\u00e4st\u00e4<\/a>\n\n\n\n\t\n\t<div id=\"heading-block-block_e7274342fc030fbd892054325e9e1cce\" class=\"heading-block\">\n\t\t<h2 ><span>Skaala-tuotteet valmistetaan mittatilausty\u00f6n\u00e4 Suomessa<\/span><\/h2>\t<\/div>\n\n\n\n<div id=\"text-block-block_0feb4d88f30c01e3d195d155b96eedf8\" class=\"text-block\">\n\t\t\t<p>Skaalan kotimaiset ikkunat ja ovet ovat laadukkaat ja energiatehokkaat: ne on suunniteltu kest\u00e4m\u00e4\u00e4n pohjoisissa olosuhteissa. Autamme sinua toteuttamaan ikkunaremontin ja oviremontin vaivattomasti, olipa kyseess\u00e4 omakotitalo, vapaa-ajan asunto tai taloyhti\u00f6. Meilt\u00e4 voit tilata ikkunat ja ovet my\u00f6s uudiskohteisiin.<\/p>\n<p>&nbsp;<\/p>\n<p>Olemme yksi Suomen tunnetuimmista ikkuna- ja ovibr\u00e4ndeist\u00e4 ja tunnettu edell\u00e4k\u00e4vij\u00e4tuotteistamme.<\/p>\n\t<\/div>\n\n\n\n\t\n\t<div id=\"heading-block-block_2892c08a1fdcedd04df96c7830aa1770\" class=\"heading-block\">\n\t\t<h3 ><span>viisi syyt\u00e4 valita Skaala<\/span><\/h3>\t<\/div>\n\n\n<div id=\"cards-block_602d161ea061d\" class=\"cards-block count-5\">\n<div id=\"cards-block_602d161ea061d\" class=\"cards-block--card\">\n\t\t\t<div class=\"icon-block\" style=\"background-image: url('https:\/\/www.skaala.com\/wp-content\/themes\/skaala-2023\/dist\/assets\/images\/icons\/thermometer-red.svg);\">\n\t\t<\/div>\n\t\t\t\t<h4>Energiatehokkuus<\/h4>\n\t\t\t\t<p>Tiiviit ja energiatehokkaat ikkuna- ja oviratkaisut v\u00e4hent\u00e4v\u00e4t kodin l\u00e4mp\u00f6h\u00e4vikki\u00e4 ja pienent\u00e4v\u00e4t l\u00e4mmitystarvetta.<\/p>\n\t\t\t<\/div>\n\t<div id=\"cards-block_602d161ea061d\" class=\"cards-block--card\">\n\t\t\t<div class=\"icon-block\" style=\"background-image: url('https:\/\/www.skaala.com\/wp-content\/themes\/skaala-2023\/dist\/assets\/images\/icons\/tool-red.svg);\">\n\t\t<\/div>\n\t\t\t\t<h4>Helppous<\/h4>\n\t\t\t\t<p>Hoidamme puolestasi mitoituksen ja suunnittelun sek\u00e4 ovien ja ikkunoiden asennuksen.<\/p>\n\t\t\t<\/div>\n\t<div id=\"cards-block_602d161ea061d\" class=\"cards-block--card\">\n\t\t\t<div class=\"icon-block\" style=\"background-image: url('https:\/\/www.skaala.com\/wp-content\/themes\/skaala-2023\/dist\/assets\/images\/icons\/map-pin-red.svg);\">\n\t\t<\/div>\n\t\t\t\t<h4>Saatavuus<\/h4>\n\t\t\t\t<p>Skaala palvelee asiakkaita kaikkialla Suomessa.<\/p>\n\t\t\t<\/div>\n\t<div id=\"cards-block_602d161ea061d\" class=\"cards-block--card\">\n\t\t\t<div class=\"icon-block\" style=\"background-image: url('https:\/\/www.skaala.com\/wp-content\/themes\/skaala-2023\/dist\/assets\/images\/icons\/dollar-sign-red.svg);\">\n\t\t<\/div>\n\t\t\t\t<h4>Hinta<\/h4>\n\t\t\t\t<p>Skaala-tuotteet ja -palvelut on hinnoiteltu reilusti ja l\u00e4pin\u00e4kyv\u00e4sti.<\/p>\n\t\t\t<\/div>\n\t<div id=\"cards-block_602d161ea061d\" class=\"cards-block--card\">\n\t\t\t<div class=\"icon-block\" style=\"background-image: url('https:\/\/www.skaala.com\/wp-content\/themes\/skaala-2023\/dist\/assets\/images\/icons\/thumbs-up-red.svg);\">\n\t\t<\/div>\n\t\t\t\t<h4>Skaala-rahoitus<\/h4>\n\t\t\t\t<p>Voit maksaa Skaala-tuotteet sinulle sopivissa eriss\u00e4.<\/p>\n\t\t\t<\/div>\n\t<\/div>\n\n\n\n<div id=\"text-block-block_15922808e3841a68834dd7593f8f3e88\" class=\"text-block\">\n\t\t\t<p><script type=\"text\/javascript\" async src=\"https:\/\/bot.leadoo.com\/bot\/visual.js?code=261d7cc8#seamless\"><\/script><\/p>\n\t<\/div>\n\n\n\n\n<a href=\"https:\/\/skaala.ikkunaverkkokauppa.fi\/\" id=\"button-block-block_f064fc3aea3a839ef084876ad8a8fad4\" class=\"button-block button\" target=\"\" rel=\"noopener\">Tutustu Skaalan valikoimaan verkkokaupassa<\/a>\n\n\n\n\n<a href=\"https:\/\/www.skaala.com\/fi\/ota-yhteytta\/pyyda-yhteydenottoa\/\" id=\"button-block-block_b1182c31c49cafb0e49f2a3de2f1d382\" class=\"button-block button\" target=\"\">Haluatko ett\u00e4 me otamme yhteytt\u00e4 sinuun? J\u00e4t\u00e4 t\u00e4st\u00e4 yhteydenottopyynt\u00f6<\/a>\n\n<\/div><\/div>\n\n\n\n<div class=\"wp-block-custom-content-area custom-wrapper alignleft has-light-blue-background-color\"><div class=\"outer-wrap\">\t\n\t<div id=\"heading-block-block_037481436460004181c418206f8876a7\" class=\"heading-block\">\n\t\t<h2 ><span>Suomalainen Skaala osana it\u00e4valtalaista IFN-perhett\u00e4<\/span><\/h2>\t<\/div>\n\n\n\n<div class=\"wp-block-custom-inner-columns has-two-columns custom-columns\"><div class=\"outer-wrap\">\n<div class=\"wp-block-custom-custom-column custom-column\"><div class=\"inner-wrap\">\n<div id=\"text-block-block_a240a6229cfcbdfc5912bae8cfcccc67\" class=\"text-block\">\n\t\t\t<p>Modernit Skaala-ikkunat ja -ulko-ovet valmistetaan mittatilausty\u00f6n\u00e4 tehtaallamme Ylih\u00e4rm\u00e4ss\u00e4. Tuotteillamme on suomalaisesta ty\u00f6st\u00e4 kertova Avainlippu-merkki.<\/p>\n<p>Skaala IFN Oy on osa it\u00e4valtalaista IFN Groupia. IFN Holding on johtava eurooppalainen yritysryhm\u00e4, joka tarjoaa kattavia ratkaisuja ikkuna-alalla. Sen tuotevalikoimaan kuuluu ikkunoita, ulko-ovia ja aurinkosuojaj\u00e4rjestelmi\u00e4. Kuten Skaala, my\u00f6s IFN on perheyritys.<\/p>\n<p>IFN-perheeseen kuuluu Skaalan lis\u00e4ksi tanskalainen ikkunavalmistaja Kastrup, slovakialainen ikkuna- ja ovivalmistaja HSF sek\u00e4 nelj\u00e4 it\u00e4valtalaista tuotemerkki\u00e4: Internorm, joka on Euroopan johtava ikkunabr\u00e4ndi, ovivalmistaja TOPIC, norjalainen ikkunoita ja ovia verkossa myyv\u00e4 Skanva, saksalainen ikkunaverkkokauppa Neuffer sek\u00e4 liettualainen ikkuna- ja ovivalmistaja Roda.<\/p>\n\t<\/div>\n\n<\/div><\/div>\n\n\n\n<div class=\"wp-block-custom-custom-column custom-column\"><div class=\"inner-wrap\">\n<div id=\"image-block_7e8bd68832d2831987143bab60d1e46e\" class=\"image-block\">\n\t\t\t\t<div class=\"image-container\" style=\"width: px; height: \n\t\tauto;\">\n\t\t\t<img decoding=\"async\" src=\"https:\/\/www.skaala.com\/wp-content\/uploads\/2020\/05\/TehtySuomMadeIn_Sin_rgb1.png\" alt=\"Skaalan tuotteet ovat saanet avainlippumerkin\">\n\t\t<\/div>\n\t \n\n\t<\/div>\n\n<\/div><\/div>\n<\/div><\/div>\n<\/div><\/div>\n\n\n<div class=\"featured-items-block block\">\n\t<div class=\"featured-item\">\n\t\t<div class=\"content-half has-dark-gray-background-color\">\n\t\t\t<div class=\"featured-item--content grid-item\">\n\t\t\t\t\t\t<a class=\"button button-large\" href=\"https:\/\/www.skaala.com\/fi\/tietoa-skaalasta\/skaalan-tarina\/\">Skaalan tarina<\/a>\n\t\t\t\t\t\t<\/div>\n\t\t<\/div>\n\t\t\t\t<div class=\"featured-item--image grid-item\"\n\t\t\t\t\tdata-interchange=\"\n\t\t\t\t\t[https:\/\/www.skaala.com\/wp-content\/uploads\/2020\/05\/Ylih\u00e4rm\u00e4n-tehdas-ilmakuva-2018-1024x576.jpg, small], \n\t\t\t\t\t[https:\/\/www.skaala.com\/wp-content\/uploads\/2020\/05\/Ylih\u00e4rm\u00e4n-tehdas-ilmakuva-2018-1024x576.jpg, medium], \n\t\t\t\t\t[https:\/\/www.skaala.com\/wp-content\/uploads\/2020\/05\/Ylih\u00e4rm\u00e4n-tehdas-ilmakuva-2018-1200x675.jpg, large], \n\t\t\t\t\t[https:\/\/www.skaala.com\/wp-content\/uploads\/2020\/05\/Ylih\u00e4rm\u00e4n-tehdas-ilmakuva-2018-1536x864.jpg, xlarge]\"\n\t\t\t\t\t>\n\t\t<\/div>\n\t\t\t<\/div>\n\t\t<div class=\"featured-item\">\n\t\t<div class=\"content-half has-dark-gray-background-color\">\n\t\t\t<div class=\"featured-item--content grid-item\">\n\t\t\t\t\t\t<a class=\"button button-large\" href=\"https:\/\/www.skaala.com\/fi\/ota-yhteytta\/yhteystiedot\/\">Yhteystiedot &#8211; Etsitk\u00f6 myyj\u00e4\u00e4 alueellasi tai oikeaa yhteyshenkil\u00f6\u00e4 toimistolta?\u00a0<\/a>\n\t\t\t\t\t\t<\/div>\n\t\t<\/div>\n\t\t\t\t<div class=\"featured-item--image grid-item\"\n\t\t\t\t\tdata-interchange=\"\n\t\t\t\t\t[https:\/\/www.skaala.com\/wp-content\/uploads\/2023\/08\/Olohuoneenautoikkunat-1024x1536.jpg, small], \n\t\t\t\t\t[https:\/\/www.skaala.com\/wp-content\/uploads\/2023\/08\/Olohuoneenautoikkunat-1024x1536.jpg, medium], \n\t\t\t\t\t[https:\/\/www.skaala.com\/wp-content\/uploads\/2023\/08\/Olohuoneenautoikkunat-1200x1800.jpg, large], \n\t\t\t\t\t[https:\/\/www.skaala.com\/wp-content\/uploads\/2023\/08\/Olohuoneenautoikkunat-1024x1536.jpg, xlarge]\"\n\t\t\t\t\t>\n\t\t<\/div>\n\t\t\t<\/div>\n\t\t<div class=\"featured-item\">\n\t\t<div class=\"content-half has-dark-gray-background-color\">\n\t\t\t<div class=\"featured-item--content grid-item\">\n\t\t\t\t\t\t<a class=\"button button-large\" href=\"https:\/\/www.skaala.com\/fi\/skaalan-ilmoituskanava\/\">Skaalan ilmoituskanava<\/a>\n\t\t\t\t\t\t<\/div>\n\t\t<\/div>\n\t\t\t\t<div class=\"featured-item--image grid-item\"\n\t\t\t\t\tdata-interchange=\"\n\t\t\t\t\t[https:\/\/www.skaala.com\/wp-content\/uploads\/2023\/08\/Vedinautolasiliukuoveen-1024x1536.jpg, small], \n\t\t\t\t\t[https:\/\/www.skaala.com\/wp-content\/uploads\/2023\/08\/Vedinautolasiliukuoveen-1024x1536.jpg, medium], \n\t\t\t\t\t[https:\/\/www.skaala.com\/wp-content\/uploads\/2023\/08\/Vedinautolasiliukuoveen-1200x1800.jpg, large], \n\t\t\t\t\t[https:\/\/www.skaala.com\/wp-content\/uploads\/2023\/08\/Vedinautolasiliukuoveen-1024x1536.jpg, xlarge]\"\n\t\t\t\t\t>\n\t\t<\/div>\n\t\t\t<\/div>\n\t<\/div>\n","protected":false},"excerpt":{"rendered":"","protected":false},"author":5,"featured_media":24241,"parent":0,"menu_order":0,"comment_status":"closed","ping_status":"closed","template":"","meta":{"_acf_changed":false,"inline_featured_image":false,"footnotes":""},"class_list":["post-148","page","type-page","status-publish","has-post-thumbnail","hentry"],"acf":[],"_links":{"self":[{"href":"https:\/\/www.skaala.com\/fi\/wp-json\/wp\/v2\/pages\/148","targetHints":{"allow":["GET"]}}],"collection":[{"href":"https:\/\/www.skaala.com\/fi\/wp-json\/wp\/v2\/pages"}],"about":[{"href":"https:\/\/www.skaala.com\/fi\/wp-json\/wp\/v2\/types\/page"}],"author":[{"embeddable":true,"href":"https:\/\/www.skaala.com\/fi\/wp-json\/wp\/v2\/users\/5"}],"replies":[{"embeddable":true,"href":"https:\/\/www.skaala.com\/fi\/wp-json\/wp\/v2\/comments?post=148"}],"version-history":[{"count":77,"href":"https:\/\/www.skaala.com\/fi\/wp-json\/wp\/v2\/pages\/148\/revisions"}],"predecessor-version":[{"id":28197,"href":"https:\/\/www.skaala.com\/fi\/wp-json\/wp\/v2\/pages\/148\/revisions\/28197"}],"wp:featuredmedia":[{"embeddable":true,"href":"https:\/\/www.skaala.com\/fi\/wp-json\/wp\/v2\/media\/24241"}],"wp:attachment":[{"href":"https:\/\/www.skaala.com\/fi\/wp-json\/wp\/v2\/media?parent=148"}],"curies":[{"name":"wp","href":"https:\/\/api.w.org\/{rel}","templated":true}]}}