{"id":150,"date":"2020-04-20T15:12:51","date_gmt":"2020-04-20T12:12:51","guid":{"rendered":"https:\/\/www.skaala.com\/?page_id=150"},"modified":"2026-04-17T16:07:38","modified_gmt":"2026-04-17T13:07:38","slug":"ota-yhteytta","status":"publish","type":"page","link":"https:\/\/www.skaala.com\/fi\/ota-yhteytta\/","title":{"rendered":"Ota yhteytt\u00e4"},"content":{"rendered":"\n<section class=\"hero-slider\">\n\t<div class=\"swiper hero-swiper\">\n\t\t<div class=\"swiper-wrapper\">\n\t\t\t\t\t\t\t\t\t\t\t<div class=\"swiper-slide\">\n\t\t\t\t\t<div class=\"hero-slider-item\" style=\"background-image: url('https:\/\/www.skaala.com\/wp-content\/uploads\/2025\/05\/Asiantuntijamme-auttavat-1024x684.jpg');\">\n\t\t\t\t\t\t<div class=\"hero-slider-content\">\n\t\t\t\t\t\t\t<div class=\"slide-title\">\n\t\t\t\t\t\t\t\t<h1>Lasiantuntijamme apunasi ikkuna- ja oviasioissa<\/h1>\n\t\t\t\t\t\t\t<\/div>\n\t\t\t\t\t\t\t\t\t\t\t\t\t\t\t<div class=\"slide-desc\">\n\t\t\t\t\t\t\t\t\tJ\u00e4t\u00e4 tarjouspyynt\u00f6 tai tilaa maksuton arviointi alla. <br \/>\r\nTai pyyd\u00e4 yhteydenottoa, jos haluat keskustella lasin asiantuntijan eli lasiantuntijan kanssa. <br \/>\r\n\t\t\t\t\t\t\t\t<\/div>\n\t\t\t\t\t\t\t\t\t\t\t\t\t\t\t\t\t\t\t\t\t\t<div class=\"hero-btn-wrapper\">\n\t\t\t\t\t\t\t\t\t\t\t\t\t\t\t\t\t\t\t<a class=\"hero-btn\" href=\"https:\/\/bot.leadoo.com\/bot\/visual.html?code=261d7cc8\" target=\"_blank\" rel=\"noopener\">Pyyd\u00e4 tarjous<\/a>\n\t\t\t\t\t\t\t\t\t\t\t\t\t\t\t\t\t\t\t\t\t\t\t\t\t\t\t\t<a class=\"hero-btn\" href=\"https:\/\/bot.leadoo.com\/bot\/visual.html?code=392a3935\" target=\"_blank\" rel=\"noopener\">Tilaa ilmainen arviointi<\/a>\n\t\t\t\t\t\t\t\t\t\t\t\t\t\t\t\t\t<\/div>\n\t\t\t\t\t\t\t\t\t\t\t\t\t<\/div>\n\t\t\t\t\t<\/div>\n\t\t\t\t<\/div>\n\t\t\t\t\t\t\t\t\t\t\t<div class=\"swiper-slide\">\n\t\t\t\t\t<div class=\"hero-slider-item\" style=\"background-image: url('https:\/\/www.skaala.com\/wp-content\/uploads\/2026\/01\/Skaalalaisia-1024x684.jpg');\">\n\t\t\t\t\t\t<div class=\"hero-slider-content\">\n\t\t\t\t\t\t\t<div class=\"slide-title\">\n\t\t\t\t\t\t\t\t<h1>Etsitk\u00f6 oikeaa yhteyshenkil\u00f6\u00e4?<\/h1>\n\t\t\t\t\t\t\t<\/div>\n\t\t\t\t\t\t\t\t\t\t\t\t\t\t\t<div class=\"slide-desc\">\n\t\t\t\t\t\t\t\t\tVoit hakea nimell\u00e4, paikkakunnalla, teht\u00e4v\u00e4nimikkeell\u00e4 tai hakusanalla oikeaa henkil\u00f6\u00e4 auttamaan sinua.\t\t\t\t\t\t\t\t<\/div>\n\t\t\t\t\t\t\t\t\t\t\t\t\t\t\t\t\t\t\t\t\t\t<div class=\"hero-btn-wrapper\">\n\t\t\t\t\t\t\t\t\t\t\t\t\t\t\t\t\t\t\t<a class=\"hero-btn\" href=\"https:\/\/www.skaala.com\/fi\/ota-yhteytta\/yhteystiedot\/\" target=\"_self\">Katso yhteystiedot t\u00e4st\u00e4<\/a>\n\t\t\t\t\t\t\t\t\t\t\t\t\t\t\t\t\t\t\t\t\t\t\t\t\t\t<\/div>\n\t\t\t\t\t\t\t\t\t\t\t\t\t<\/div>\n\t\t\t\t\t<\/div>\n\t\t\t\t<\/div>\n\t\t\t\t\t<\/div>\n\t\t<div class=\"swiper-button-next\"><\/div>\n    <div class=\"swiper-button-prev\"><\/div>\n    <div class=\"swiper-pagination\"><\/div>\n\t<\/div>\n<\/section>\n\n<link rel=\"stylesheet\" href=\"https:\/\/cdn.jsdelivr.net\/npm\/swiper@11\/swiper-bundle.min.css\"\/>\n<script src=\"https:\/\/cdn.jsdelivr.net\/npm\/swiper@11\/swiper-bundle.min.js\"><\/script>\n<!-- Initialize Swiper -->\n<script>\n\tvar swiper = new Swiper(\".hero-swiper\", {\n\t\tautoplay: {\n\t\t\tdelay: 6500,\n\t\t\tdisableOnInteraction: false,\n\t\t\tpauseOnMouseEnter: true\n\t\t},\n\t\tpagination: {\n\t\t\tel: \".swiper-pagination\",\n\t\t\tclickable: true,\n\t\t},\n\t\tnavigation: {\n\t\t\tnextEl: \".swiper-button-next\",\n\t\t\tprevEl: \".swiper-button-prev\",\n\t\t},\n\t\tloop: true\n\t});\n<\/script>\n\n\n\n\n<div id=\"text-image-block_6eaefbdd6ebc2154d9af09741aa57db6\" class=\"text-image-block\">\n\t<div class=\"text-image-wrapper\">\n\t\t<div class=\"grid-order-1 image-wrapper\" >\n\t\t\t<img decoding=\"async\" width=\"2000\" height=\"1336\" src=\"https:\/\/www.skaala.com\/wp-content\/uploads\/2025\/05\/Ota-yhteytta-Skaalaan.jpg\" class=\"\" alt=\"\" srcset=\"https:\/\/www.skaala.com\/wp-content\/uploads\/2025\/05\/Ota-yhteytta-Skaalaan.jpg 2000w, https:\/\/www.skaala.com\/wp-content\/uploads\/2025\/05\/Ota-yhteytta-Skaalaan-300x200.jpg 300w, https:\/\/www.skaala.com\/wp-content\/uploads\/2025\/05\/Ota-yhteytta-Skaalaan-1024x684.jpg 1024w, https:\/\/www.skaala.com\/wp-content\/uploads\/2025\/05\/Ota-yhteytta-Skaalaan-768x513.jpg 768w, https:\/\/www.skaala.com\/wp-content\/uploads\/2025\/05\/Ota-yhteytta-Skaalaan-101x67.jpg 101w, https:\/\/www.skaala.com\/wp-content\/uploads\/2025\/05\/Ota-yhteytta-Skaalaan-1536x1026.jpg 1536w, https:\/\/www.skaala.com\/wp-content\/uploads\/2025\/05\/Ota-yhteytta-Skaalaan-640x428.jpg 640w, https:\/\/www.skaala.com\/wp-content\/uploads\/2025\/05\/Ota-yhteytta-Skaalaan-1200x802.jpg 1200w, https:\/\/www.skaala.com\/wp-content\/uploads\/2025\/05\/Ota-yhteytta-Skaalaan-1920x1283.jpg 1920w\" sizes=\"(max-width: 639px) 98vw, (max-width: 1199px) 64vw, 770px\" \/>\t\t<\/div>\n\t\t<div class=\"text-wrapper  grid-order-2  \">\n\t\t\t\t\t\t\t<h2>Yhteystiedot<\/h2>\n\t\t\t\t\t\t\t\t\t\t<div><p>Etsitk\u00f6 myyj\u00e4\u00e4 alueellasi tai oikeaa yhteyshenkil\u00f6\u00e4 toimistolla? L\u00f6yd\u00e4t yhteystiedot alla olevan painikkeen kautta.<\/p>\n<\/div>\n\t\t\t\t\t\t\t\t\t\t<a class=\"button\" href=\"https:\/\/www.skaala.com\/fi\/ota-yhteytta\/yhteystiedot\/\" target=\"_self\">Yhteystiedot<\/a>\n\t\t\t\t\t<\/div>\n\t<\/div>\n\n<\/div>\n\n\n\n\n\n\n<div id=\"text-image-block_9a1e03cdbfc7ac55440f9b1316fa3871\" class=\"text-image-block\">\n\t<div class=\"text-image-wrapper\">\n\t\t<div class=\"grid-order-2 image-wrapper\" >\n\t\t\t<img decoding=\"async\" width=\"2000\" height=\"1336\" src=\"https:\/\/www.skaala.com\/wp-content\/uploads\/2025\/05\/Skaalan-asiantuntijat-apunasi.jpg\" class=\"\" alt=\"\" srcset=\"https:\/\/www.skaala.com\/wp-content\/uploads\/2025\/05\/Skaalan-asiantuntijat-apunasi.jpg 2000w, https:\/\/www.skaala.com\/wp-content\/uploads\/2025\/05\/Skaalan-asiantuntijat-apunasi-300x200.jpg 300w, https:\/\/www.skaala.com\/wp-content\/uploads\/2025\/05\/Skaalan-asiantuntijat-apunasi-1024x684.jpg 1024w, https:\/\/www.skaala.com\/wp-content\/uploads\/2025\/05\/Skaalan-asiantuntijat-apunasi-768x513.jpg 768w, https:\/\/www.skaala.com\/wp-content\/uploads\/2025\/05\/Skaalan-asiantuntijat-apunasi-101x67.jpg 101w, https:\/\/www.skaala.com\/wp-content\/uploads\/2025\/05\/Skaalan-asiantuntijat-apunasi-1536x1026.jpg 1536w, https:\/\/www.skaala.com\/wp-content\/uploads\/2025\/05\/Skaalan-asiantuntijat-apunasi-640x428.jpg 640w, https:\/\/www.skaala.com\/wp-content\/uploads\/2025\/05\/Skaalan-asiantuntijat-apunasi-1200x802.jpg 1200w, https:\/\/www.skaala.com\/wp-content\/uploads\/2025\/05\/Skaalan-asiantuntijat-apunasi-1920x1283.jpg 1920w\" sizes=\"(max-width: 639px) 98vw, (max-width: 1199px) 64vw, 770px\" \/>\t\t<\/div>\n\t\t<div class=\"text-wrapper  grid-order-1  \">\n\t\t\t\t\t\t\t<h2>Asiakaspalvelu<\/h2>\n\t\t\t\t\t\t\t\t\t\t<div><p>Jos sinulla her\u00e4\u00e4 kysymyksi\u00e4, ole Skaalan asiakaspalveluun yhteydess\u00e4 matalalla kynnyksell\u00e4. Asiakaspalvelumme auttaa sinua mielell\u00e4\u00e4n kaikissa ikkunoihin ja oviin liittyviss\u00e4 kysymyksiss\u00e4. Ota yhteytt\u00e4 puhelimitse, s\u00e4hk\u00f6postilla tai j\u00e4t\u00e4 yhteydenottopyynt\u00f6.<\/p>\n<p><strong>010 835 4700<\/strong><br \/>\n<strong>info@skaala.com <\/strong>(huom.<a href=\"https:\/\/bot.leadoo.com\/bot\/visual.html?code=261d7cc8\" target=\"_blank\" rel=\"noopener\"> tarjouspyynn\u00f6t<\/a> erillisell\u00e4 lomakkeella)<\/p>\n<p>&nbsp;<\/p>\n<\/div>\n\t\t\t\t\t\t\t\t<\/div>\n\t<\/div>\n\n<\/div>\n\n\n\n\n\n\n<div id=\"text-image-block_c34895a7a25b91a848be704da5389d25\" class=\"text-image-block\">\n\t<div class=\"text-image-wrapper\">\n\t\t<div class=\"grid-order-1 image-wrapper\" >\n\t\t\t<img decoding=\"async\" width=\"2000\" height=\"1333\" src=\"https:\/\/www.skaala.com\/wp-content\/uploads\/2024\/09\/Skaala-Kiinteat-ikkunat-koira.jpg\" class=\"\" alt=\"\" srcset=\"https:\/\/www.skaala.com\/wp-content\/uploads\/2024\/09\/Skaala-Kiinteat-ikkunat-koira.jpg 2000w, https:\/\/www.skaala.com\/wp-content\/uploads\/2024\/09\/Skaala-Kiinteat-ikkunat-koira-300x200.jpg 300w, https:\/\/www.skaala.com\/wp-content\/uploads\/2024\/09\/Skaala-Kiinteat-ikkunat-koira-1024x682.jpg 1024w, https:\/\/www.skaala.com\/wp-content\/uploads\/2024\/09\/Skaala-Kiinteat-ikkunat-koira-768x512.jpg 768w, https:\/\/www.skaala.com\/wp-content\/uploads\/2024\/09\/Skaala-Kiinteat-ikkunat-koira-101x67.jpg 101w, https:\/\/www.skaala.com\/wp-content\/uploads\/2024\/09\/Skaala-Kiinteat-ikkunat-koira-1536x1024.jpg 1536w, https:\/\/www.skaala.com\/wp-content\/uploads\/2024\/09\/Skaala-Kiinteat-ikkunat-koira-640x427.jpg 640w, https:\/\/www.skaala.com\/wp-content\/uploads\/2024\/09\/Skaala-Kiinteat-ikkunat-koira-1200x800.jpg 1200w, https:\/\/www.skaala.com\/wp-content\/uploads\/2024\/09\/Skaala-Kiinteat-ikkunat-koira-1920x1280.jpg 1920w\" sizes=\"(max-width: 639px) 98vw, (max-width: 1199px) 64vw, 770px\" \/>\t\t<\/div>\n\t\t<div class=\"text-wrapper  grid-order-2  \">\n\t\t\t\t\t\t\t<h2>Pyyd\u00e4 tarjous<\/h2>\n\t\t\t\t\t\t\t\t\t\t<div><p>Tuotteillamme on suomalaisesta ty\u00f6st\u00e4 kertova Avainlippu-merkki. Modernit Skaala-ikkunat ja -ulko-ovet valmistetaan mittatilausty\u00f6n\u00e4. Pyyt\u00e4m\u00e4ll\u00e4 tarjouksen saat juuri sinun tarpeitasi vastaavan kokonaisuuden.<\/p>\n<\/div>\n\t\t\t\t\t\t\t\t\t\t<a class=\"button\" href=\"https:\/\/bot.leadoo.com\/bot\/visual.html?code=261d7cc8\" target=\"_blank\" rel=\"noopener\">Pyyd\u00e4 tarjous<\/a>\n\t\t\t\t\t<\/div>\n\t<\/div>\n\n<\/div>\n\n\n\n\n\n\n<div id=\"text-image-block_5f7ff057263c5d40da1ddcdb63e9d7bc\" class=\"text-image-block\">\n\t<div class=\"text-image-wrapper\">\n\t\t<div class=\"grid-order-2 image-wrapper\" >\n\t\t\t<img decoding=\"async\" width=\"2560\" height=\"1707\" src=\"https:\/\/www.skaala.com\/wp-content\/uploads\/2024\/10\/Skaala-Tuusula-referenssit-2024-09-HR-01-1-scaled.jpg\" class=\"\" alt=\"Tuusulassa huomattiin, ett\u00e4 uudet ikkunat paransivat \u00e4\u00e4nieristyst\u00e4 huomattavasti. Kuva sis\u00e4lt\u00e4.\" srcset=\"https:\/\/www.skaala.com\/wp-content\/uploads\/2024\/10\/Skaala-Tuusula-referenssit-2024-09-HR-01-1-scaled.jpg 2560w, https:\/\/www.skaala.com\/wp-content\/uploads\/2024\/10\/Skaala-Tuusula-referenssit-2024-09-HR-01-1-300x200.jpg 300w, https:\/\/www.skaala.com\/wp-content\/uploads\/2024\/10\/Skaala-Tuusula-referenssit-2024-09-HR-01-1-1024x683.jpg 1024w, https:\/\/www.skaala.com\/wp-content\/uploads\/2024\/10\/Skaala-Tuusula-referenssit-2024-09-HR-01-1-768x512.jpg 768w, https:\/\/www.skaala.com\/wp-content\/uploads\/2024\/10\/Skaala-Tuusula-referenssit-2024-09-HR-01-1-101x67.jpg 101w, https:\/\/www.skaala.com\/wp-content\/uploads\/2024\/10\/Skaala-Tuusula-referenssit-2024-09-HR-01-1-1536x1024.jpg 1536w, https:\/\/www.skaala.com\/wp-content\/uploads\/2024\/10\/Skaala-Tuusula-referenssit-2024-09-HR-01-1-2048x1365.jpg 2048w, https:\/\/www.skaala.com\/wp-content\/uploads\/2024\/10\/Skaala-Tuusula-referenssit-2024-09-HR-01-1-640x427.jpg 640w, https:\/\/www.skaala.com\/wp-content\/uploads\/2024\/10\/Skaala-Tuusula-referenssit-2024-09-HR-01-1-1200x800.jpg 1200w, https:\/\/www.skaala.com\/wp-content\/uploads\/2024\/10\/Skaala-Tuusula-referenssit-2024-09-HR-01-1-1920x1280.jpg 1920w\" sizes=\"(max-width: 639px) 98vw, (max-width: 1199px) 64vw, 770px\" \/>\t\t<\/div>\n\t\t<div class=\"text-wrapper  grid-order-1  \">\n\t\t\t\t\t\t\t<h2>Ilmainen arviok\u00e4ynti<\/h2>\n\t\t\t\t\t\t\t\t\t\t<div><p>Haluatko ilmaisen arviointik\u00e4ynnin? Asiantuntijoiltamme saat apua ikkunoiden ja ovien valintaan ja mittaamiseen sek\u00e4 tarkemman kustannusarvion ikkunaremontille.<\/p>\n<\/div>\n\t\t\t\t\t\t\t\t\t\t<a class=\"button\" href=\"https:\/\/bot.leadoo.com\/bot\/visual.html?code=392a3935\" target=\"_self\" rel=\"noopener\">Pyyd\u00e4 ilmainen arvio<\/a>\n\t\t\t\t\t<\/div>\n\t<\/div>\n\n<\/div>\n\n\n\n\n\n<div class=\"wp-block-custom-content-area custom-wrapper aligncenter has-dark-gray-background-color\"><div class=\"outer-wrap\">\t\n\t<div id=\"heading-block-block_66c644b77fdcd1443744a81153783f99\" class=\"heading-block\">\n\t\t<h3 ><span>Haluatko mieluummin asioida verkossa?<\/span><\/h3>\t<\/div>\n\n\n\n<a href=\"https:\/\/www.skaala.com\/fi\/ota-yhteytta\/pyyda-ilmainen-arvio-tai-kartoitus\/\" id=\"button-block-block_2d27a3b8fcb564dc3a1404237493928d\" class=\"button-block button\" target=\"\">Pyyd\u00e4 ilmainen arvio<\/a>\n\n\n\n\n<a href=\"https:\/\/www.skaala.com\/fi\/ota-yhteytta\/pyyda-tarjous\/\" id=\"button-block-block_57e615470b6d552ef638487cdec835b1\" class=\"button-block button\" target=\"\">Pyyd\u00e4 tarjous<\/a>\n\n\n\n\n<a href=\"https:\/\/skaala.ikkunaverkkokauppa.fi\/\" id=\"button-block-block_68f5564519d768c97d7b44194fcaa386\" class=\"button-block button\" target=\"\" rel=\"noopener\">Tilaa ikkunoita ja ovia<\/a>\n\n\n\n\n<a href=\"https:\/\/skaala.omaverkkokauppa.fi\/\" id=\"button-block-block_7b353482ce1634872acdf59831847284\" class=\"button-block button\" target=\"\" rel=\"noopener\">Tilaa varaosia<\/a>\n\n\n\n\n<a href=\"https:\/\/www.skaala.com\/fi\/asiakaspalaute\/\" id=\"button-block-block_498bdf9536aeeeb90fe5f5570f48af0a\" class=\"button-block button\" target=\"\">J\u00e4t\u00e4 palautetta<\/a>\n\n<\/div><\/div>\n\n\n\n<div class=\"wp-block-custom-content-area custom-wrapper alignleft has-light-blue-background-color\"><div class=\"outer-wrap\"><div id=\"cards-block_0e7883e1bdb7f8c57d68bc50c48bfeee\" class=\"cards-block count-3\">\n<div id=\"cards-block_0e7883e1bdb7f8c57d68bc50c48bfeee\" class=\"cards-block--card\">\n\t\t\t<div class=\"icon-block\" style=\"background-image: url('https:\/\/www.skaala.com\/wp-content\/themes\/skaala-2023\/dist\/assets\/images\/icons\/thumbs-up-red.svg);\">\n\t\t<\/div>\n\t\t\t\t<h4>Mielenrauhaa ja avoimuutta<\/h4>\n\t\t\t\t<p>Kokenut ammattilainen hoitaa projektisi sovitusti ja ajallaan. Hinnoittelu on reilua ja l\u00e4pin\u00e4kyv\u00e4\u00e4, halutessasi my\u00f6s joustavalla rahoituksella.<\/p>\n\t\t\t<\/div>\n\t<div id=\"cards-block_0e7883e1bdb7f8c57d68bc50c48bfeee\" class=\"cards-block--card\">\n\t\t\t<div class=\"icon-block\" style=\"background-image: url('https:\/\/www.skaala.com\/wp-content\/themes\/skaala-2023\/dist\/assets\/images\/icons\/globe-red.svg);\">\n\t\t<\/div>\n\t\t\t\t<h4>Kaikki ikkunat ja ovet kotiisi<\/h4>\n\t\t\t\t<p>Koko koti Skaalaa: Skaala-tuoteperheess\u00e4 on kodin ikkunat, ulko- parvekeovet sek\u00e4 lasiliukuovet. Markkinoiden energiatehokkaimpina tietenkin. <\/p>\n\t\t\t<\/div>\n\t<div id=\"cards-block_0e7883e1bdb7f8c57d68bc50c48bfeee\" class=\"cards-block--card\">\n\t\t\t<div class=\"icon-block\" style=\"background-image: url('https:\/\/www.skaala.com\/wp-content\/themes\/skaala-2023\/dist\/assets\/images\/icons\/user-red.svg);\">\n\t\t<\/div>\n\t\t\t\t<h4>Lasiantuntevaa palvelua<\/h4>\n\t\t\t\t<p>Lasin asiantuntijamme auttavat oikean tuotteen valinnassa sek\u00e4 mitoituksessa. Tuotteet suunnittellaan ja valmistetaan Suomessa pohjoisen luontoa kunnioittaen. <\/p>\n\t\t\t<\/div>\n\t<\/div>\n<\/div><\/div>\n\n\n<div class=\"featured-items-block block\">\n\t<div class=\"featured-item\">\n\t\t<div class=\"content-half has-dark-gray-background-color\">\n\t\t\t<div class=\"featured-item--content grid-item\">\n\t\t\t\t\t\t<a class=\"button button-large\" href=\"https:\/\/www.skaala.com\/fi\/ammattiasiakkaat\/\">Ammattiasiakkaat<\/a>\n\t\t\t\t\t\t<\/div>\n\t\t<\/div>\n\t\t\t\t<div class=\"featured-item--image grid-item\"\n\t\t\t\t\tdata-interchange=\"\n\t\t\t\t\t[https:\/\/www.skaala.com\/wp-content\/uploads\/2023\/10\/Ulosaukeava-kolmilasinen-ikkuna-1024x573.jpg, small], \n\t\t\t\t\t[https:\/\/www.skaala.com\/wp-content\/uploads\/2023\/10\/Ulosaukeava-kolmilasinen-ikkuna-1024x573.jpg, medium], \n\t\t\t\t\t[https:\/\/www.skaala.com\/wp-content\/uploads\/2023\/10\/Ulosaukeava-kolmilasinen-ikkuna-1200x671.jpg, large], \n\t\t\t\t\t[https:\/\/www.skaala.com\/wp-content\/uploads\/2023\/10\/Ulosaukeava-kolmilasinen-ikkuna-1536x859.jpg, xlarge]\"\n\t\t\t\t\t>\n\t\t<\/div>\n\t\t\t<\/div>\n\t\t<div class=\"featured-item\">\n\t\t<div class=\"content-half has-dark-gray-background-color\">\n\t\t\t<div class=\"featured-item--content grid-item\">\n\t\t\t\t\t\t<a class=\"button button-large\" href=\"https:\/\/www.skaala.com\/fi\/tietoa-skaalasta\/\">Tietoa Skaalasta<\/a>\n\t\t\t\t\t\t<\/div>\n\t\t<\/div>\n\t\t\t\t<div class=\"featured-item--image grid-item\"\n\t\t\t\t\tdata-interchange=\"\n\t\t\t\t\t[https:\/\/www.skaala.com\/wp-content\/uploads\/2025\/04\/Yliharman-tehdas-1024x576.jpg, small], \n\t\t\t\t\t[https:\/\/www.skaala.com\/wp-content\/uploads\/2025\/04\/Yliharman-tehdas-1024x576.jpg, medium], \n\t\t\t\t\t[https:\/\/www.skaala.com\/wp-content\/uploads\/2025\/04\/Yliharman-tehdas-1200x675.jpg, large], \n\t\t\t\t\t[https:\/\/www.skaala.com\/wp-content\/uploads\/2025\/04\/Yliharman-tehdas-1536x864.jpg, xlarge]\"\n\t\t\t\t\t>\n\t\t<\/div>\n\t\t\t<\/div>\n\t<\/div>\n","protected":false},"excerpt":{"rendered":"","protected":false},"author":5,"featured_media":16604,"parent":0,"menu_order":0,"comment_status":"closed","ping_status":"closed","template":"","meta":{"_acf_changed":false,"inline_featured_image":false,"footnotes":""},"class_list":["post-150","page","type-page","status-publish","has-post-thumbnail","hentry"],"acf":[],"_links":{"self":[{"href":"https:\/\/www.skaala.com\/fi\/wp-json\/wp\/v2\/pages\/150","targetHints":{"allow":["GET"]}}],"collection":[{"href":"https:\/\/www.skaala.com\/fi\/wp-json\/wp\/v2\/pages"}],"about":[{"href":"https:\/\/www.skaala.com\/fi\/wp-json\/wp\/v2\/types\/page"}],"author":[{"embeddable":true,"href":"https:\/\/www.skaala.com\/fi\/wp-json\/wp\/v2\/users\/5"}],"replies":[{"embeddable":true,"href":"https:\/\/www.skaala.com\/fi\/wp-json\/wp\/v2\/comments?post=150"}],"version-history":[{"count":171,"href":"https:\/\/www.skaala.com\/fi\/wp-json\/wp\/v2\/pages\/150\/revisions"}],"predecessor-version":[{"id":28921,"href":"https:\/\/www.skaala.com\/fi\/wp-json\/wp\/v2\/pages\/150\/revisions\/28921"}],"wp:featuredmedia":[{"embeddable":true,"href":"https:\/\/www.skaala.com\/fi\/wp-json\/wp\/v2\/media\/16604"}],"wp:attachment":[{"href":"https:\/\/www.skaala.com\/fi\/wp-json\/wp\/v2\/media?parent=150"}],"curies":[{"name":"wp","href":"https:\/\/api.w.org\/{rel}","templated":true}]}}