{"id":15237,"date":"2023-03-31T12:20:16","date_gmt":"2023-03-31T09:20:16","guid":{"rendered":"https:\/\/www.skaala.com\/?page_id=15237"},"modified":"2025-12-23T10:13:09","modified_gmt":"2025-12-23T08:13:09","slug":"palo-ovet-mittatilaustyona","status":"publish","type":"page","link":"https:\/\/www.skaala.com\/fi\/ovet\/palo-ovet-mittatilaustyona\/","title":{"rendered":"Palo-ovet mittatilausty\u00f6n\u00e4"},"content":{"rendered":"\n\t\t<header class=\"featured-hero article\" role=\"banner\" data-interchange=\"[https:\/\/www.skaala.com\/wp-content\/uploads\/2023\/03\/Skaalaautooviauki-e1683287442914-640x200.jpg, small], [https:\/\/www.skaala.com\/wp-content\/uploads\/2023\/03\/Skaalaautooviauki-e1683287442914-1280x400.jpg, medium], [https:\/\/www.skaala.com\/wp-content\/uploads\/2023\/03\/Skaalaautooviauki-e1683287442914-1313x400.jpg, large], [https:\/\/www.skaala.com\/wp-content\/uploads\/2023\/03\/Skaalaautooviauki-e1683287442914-1313x400.jpg, xlarge]\">\n\t\t\t\t\t<h1>Palo-ovet mittatilausty\u00f6n\u00e4<\/h1>\n\t\t<\/header>\n\t\t\n\n\n<div class=\"wp-block-custom-content-area custom-wrapper alignleft has-light-blue-background-color\"><div class=\"outer-wrap\">\t\n\t<div id=\"heading-block-block_f374c882904ec5a94f73a77ec8ad734f\" class=\"heading-block\">\n\t\t<h2 ><span>Varmista paloturvallisuus testatuilla ja tyylikk\u00e4ill\u00e4 palo-ovilla<\/span><\/h2>\t<\/div>\n\n\n\n<div id=\"text-block-block_ee1a72b36960b49d1369ebe7cc4916f2\" class=\"text-block\">\n\t\t\t<p>Palo-ovet ovat t\u00e4rke\u00e4 osa rakennusten paloturvallisuutta, sill\u00e4 ne hidastavat tulen ja savun levi\u00e4mist\u00e4. Yleisin palo-oviluokitus on EI30, joka tarkoittaa, ett\u00e4 palo-ovi varmistaa 30 minuutin turva-ajan.<\/p>\n<p>&nbsp;<\/p>\n<p><strong>Kaikki Skaalan valikoiman ulko-ovet ovat saatavilla CE-merkittyin\u00e4 EI30-paloluokan mukaisina palo-ovina.<\/strong><\/p>\n\t<\/div>\n\n\n\n\n<a href=\"https:\/\/www.skaala.com\/fi\/ota-yhteytta\/pyyda-tarjous\/\" \nid=\"button-block-block_28f0cb6d65f72738b34adbdbbd37119f\" \nclass=\"button-block button\"\ntarget=\"\"\n>Pyyd\u00e4 tarjous<\/a>\n\n<\/div><\/div>\n\n\n\n<div class=\"wp-block-custom-content-area custom-wrapper alignleft has-dark-gray-background-color\"><div class=\"outer-wrap\">\t\n\t<div id=\"heading-block-block_4d6c91b0821be30e8f59b15360b2ae82\" class=\"heading-block\">\n\t\t<h2 ><span>Palo-ovi mittatilausty\u00f6n\u00e4 &#8211; Toteutus toiveidesi mukaan<\/span><\/h2>\t<\/div>\n\n\n\n<div id=\"text-block-block_1865639ab00a4f7eed231b6dd41db143\" class=\"text-block\">\n\t\t\t<p>Vaatiiko kotisi m\u00e4\u00e4r\u00e4yksien mukaisen palo-oven ulko-oveksi, mutta valikoimasta ei l\u00f6ydy sopivaa vaihtoehtoa? Ei h\u00e4t\u00e4\u00e4! Skaalalta saat<a href=\"https:\/\/www.skaala.com\/wp-content\/uploads\/2025\/10\/Skaala-Palo-ovet.pdf\"><strong> palo-oven mittatilauksena<\/strong><\/a> toiveidesi mukaan, tarvittaessa my\u00f6s asennettuna.<\/p>\n<p>&nbsp;<\/p>\n<p>Skaalan palo-ovet ovat osa tyylik\u00e4st\u00e4 sis\u00e4\u00e4nk\u00e4ynti\u00e4 paloturvallisuudesta tinkim\u00e4tt\u00e4. Tyylik\u00e4s muotoilu sopii niin perinteiseen kuin moderniin tyyliin puutalosta kivitaloihin, ja uudiskohteista vanhempiin oviremonttia kaipaaviin kohteisiin. Kaikki Skaalan ulko-ovimalliston palo-ovet ovat CE-merkittyj\u00e4, turvallisia ja hyvin l\u00e4mp\u00f6\u00e4 sek\u00e4 \u00e4\u00e4nt\u00e4 erist\u00e4vi\u00e4.<\/p>\n<p>&nbsp;<\/p>\n<p>Valikoimamme palo-ovet ovat saatavilla toiveidesi mukaan yhdell\u00e4 tai useammalla lasiaukolla sek\u00e4 nykyaikaisilla, tarpeisiisi sopivilla lukitusj\u00e4rjestelmill\u00e4 ja painikkeilla. Voit luonnollisesti valita my\u00f6s oven k\u00e4tisyyden (vasen tai oikea), sis\u00e4- ja ulkopuolen v\u00e4rin (sis\u00e4puolen v\u00e4ri voi olla muu kuin ulkopuolella) sek\u00e4 ovien k\u00e4ytett\u00e4vyytt\u00e4 helpottavat lis\u00e4varusteet.<\/p>\n<p>&nbsp;<\/p>\n<p><strong><a href=\"https:\/\/www.skaala.com\/fi\/suomessa-tehdyt-ikkunat-ja-ovet\/\">Valmistamme kaikki palo-ovet mittatilausty\u00f6n\u00e4 omalla tehtaallamme Etel\u00e4-Pohjanmaalla.<\/a><\/strong><\/p>\n\t<\/div>\n\n\n\n\n<a href=\"https:\/\/www.skaala.com\/fi\/ota-yhteytta\/pyyda-tarjous\/\" \nid=\"button-block-block_9671a1d2a237c9e1231851b751b4eca8\" \nclass=\"button-block button\"\ntarget=\"_blank\"\n>Pyyd\u00e4 tarjous palo-ovista<\/a>\n\n\n\n\n<div id=\"text-block-block_2863fd11016fae31bd3d091b52116774\" class=\"text-block\">\n\t<\/div>\n\n\n\n\t\n\t<div id=\"heading-block-block_42830f8a5199722f4f5928a525d62710\" class=\"heading-block\">\n\t\t<h2 ><span>Palo-ovi EI30 on sopiva valinta useimpiin kohteisiin<\/span><\/h2>\t<\/div>\n\n\n\n<div id=\"text-block-block_ae74e8153442f40309723df2182f1641\" class=\"text-block\">\n\t\t\t<p>Tyypillisesti l\u00e4hekk\u00e4in toisiaan olevien rakennusten sein\u00e4t ovat luokiteltu EI60-paloluokituksella, joka tarkoittaa 60 minuutin turva-aikaa tulipalon sattuessa.<\/p>\n<p>&nbsp;<\/p>\n<p>E-kirjain viittaa tiiviyteen ja I-kirjain erist\u00e4vyyteen. T\u00e4m\u00e4 tarkoittaa, ett\u00e4 EI30-paloluokituksen oven tulisi s\u00e4ilytt\u00e4\u00e4 tiiviytens\u00e4 ja erist\u00e4vyytens\u00e4 30 minuutin ajan palotilanteessa. Yleens\u00e4 palo-ovi saa olla puolet sein\u00e4n paloluokituksesta, siksi palo-ovi EI30 on sopiva valinta ulko-oveksi useimpiin kohteisiin.<\/p>\n<p>&nbsp;<\/p>\n<p><strong>Voit valita palosuojaominaisuuden kaikkiin Skaalan ulko-oviin. Tutustu vaihtoehtoihin!<\/strong><\/p>\n\t<\/div>\n\n\n\n\n<a href=\"https:\/\/www.skaala.com\/fi\/ovet\/ulko-ovet\/\" \nid=\"button-block-block_a749c20428e518a92ef2fd4927d98650\" \nclass=\"button-block button\"\ntarget=\"\"\n>Tutustu Skaalan ulko-oviin<\/a>\n\n\n\n\n<div id=\"text-block-block_2863fd11016fae31bd3d091b52116774\" class=\"text-block\">\n\t<\/div>\n\n<\/div><\/div>\n\n\n\n<div class=\"wp-block-custom-content-area custom-wrapper alignleft has-light-blue-background-color\"><div class=\"outer-wrap\">\t\n\t<div id=\"heading-block-block_290f1746cea6ac7e4716b60a6af6c016\" class=\"heading-block\">\n\t\t<h2 ><span>Tarkista palo-ovien m\u00e4\u00e4r\u00e4ykset alueesi rakennusm\u00e4\u00e4r\u00e4yksist\u00e4<\/span><\/h2>\t<\/div>\n\n\n\n<div id=\"text-block-block_1f1c18097f6c497de4317beb98ac06dd\" class=\"text-block\">\n\t\t\t<p>Palo-ovet ovat entist\u00e4 yleisempi\u00e4, sill\u00e4 yh\u00e4 useampi asuu kaupungissa ja rakennusten v\u00e4liset et\u00e4isyydet lyhenev\u00e4t. Rakennuksessa on k\u00e4ytett\u00e4v\u00e4 paloluokiteltuja ovia, kun oville on asetettu paloluokkavaatimus.<\/p>\n<p>&nbsp;<\/p>\n<p>Paloluokkavaatimuksen yleistymisen my\u00f6t\u00e4 palo-ovien muotoilu on kehittynyt ja nyky\u00e4\u00e4n palosuojaominaisuus on saatavilla useimpiin ulko-ovimalleihin. Esimerkiksi kaikki Skaalan valikoiman ulko-ovet ovat saatavilla m\u00e4\u00e4r\u00e4ysten mukaisina EI30-palo-ovina.<\/p>\n<p>&nbsp;<\/p>\n<p><strong>Skaalan valikoimasta l\u00f6yd\u00e4t palo-ovien lis\u00e4ksi paloikkunoita, joten voit halutessasi valita kiinte\u00e4n paloikkunan palo-oven viereen.<\/strong><\/p>\n\t<\/div>\n\n\n\n\n<a href=\"https:\/\/www.skaala.com\/fi\/ikkunat\/erikoisikkunat\/\" \nid=\"button-block-block_5cbcf946adf9f075169f71edc0edef17\" \nclass=\"button-block button\"\ntarget=\"\"\n>Tutustu paloikkunoihin<\/a>\n\n\n\n\n<div id=\"text-block-block_2863fd11016fae31bd3d091b52116774\" class=\"text-block\">\n\t<\/div>\n\n\n\n\t\n\t<div id=\"heading-block-block_d278d53d9a928c0337f2010c40a0af6b\" class=\"heading-block\">\n\t\t<h2 ><span>Yhteenveto palo-ovista:<\/span><\/h2>\t<\/div>\n\n\n\n<div id=\"text-block-block_ed8a0d903bba80124b6c1901605151f2\" class=\"text-block\">\n\t\t\t<ul>\n<li><strong>MIKSI?<\/strong> Palo-ovea tarvitaan p\u00e4\u00e4ovena esimerkiksi tihe\u00e4sti rakennetuissa uudiskohteissa ja luhtitaloissa, joissa on varmistettava, ett\u00e4 oven ohitse voi turvallisesti siirty\u00e4 turvaan palotilanteissa. Vaatimus palo-ovesta tai -ikkunasta on aina merkitty rakennuslupapiirustuksiin.<\/li>\n<li><strong>MIT\u00c4?<\/strong> Skaalan palo-ovet tehd\u00e4\u00e4n mittojen mukaan. Maksimikoko on 10M x 23M, jolloin oven leveys on 990 mm ja korkeus 2290 mm, vastaavasti minimikoko on 790 mm x 1890 mm. Palo-ovea ei valmisteta levikkeellisen\u00e4 eik\u00e4 pariovena.<\/li>\n<li><strong>MILLAINEN?<\/strong> Rakennusm\u00e4\u00e4r\u00e4yksess\u00e4 vaaditaan kohteelle tietyn luokan palo-ovi. Yleisin vaatimus on EI30, joka tarkoittaa k\u00e4yt\u00e4nn\u00f6ss\u00e4 sit\u00e4, ett\u00e4 palo-ovi varmistaa puolen tunnin turva-ajan. Palo-ovet testataan laboratoriossa, miss\u00e4 ovirakenteen palonkesto varmistetaan puolueettomissa testeiss\u00e4.<\/li>\n<\/ul>\n\t<\/div>\n\n\n\n\t\n\t<div id=\"heading-block-block_fbe267fbd84cad1c9d9177ef132b762f\" class=\"heading-block\">\n\t\t<h4 ><span>Valitse mieleisesi EI30-paloluokiteltu ulko-ovi<\/span><\/h4>\t<\/div>\n\n\n\n<a href=\"https:\/\/www.skaala.com\/fi\/ovet\/ulko-ovet\/\" \nid=\"button-block-block_9fdb4394c1351074e54a1db32f411ebd\" \nclass=\"button-block button\"\ntarget=\"\"\n>Katso t\u00e4st\u00e4 Skaalan ulko-ovimallit, jotka on saatavana palo-ovena<\/a>\n\n<\/div><\/div>\n\n\n\n<div class=\"wp-block-custom-content-area custom-wrapper alignleft has-light-blue-background-color\"><div class=\"outer-wrap\">\n<a href=\"https:\/\/www.skaala.com\/fi\/ota-yhteytta\/pyyda-tarjous\/\" \nid=\"button-block-block_4696e18e07f542e0904a46694abdc6fc\" \nclass=\"button-block button\"\ntarget=\"_blank\"\n>Pyyd\u00e4 tarjous!<\/a>\n\n\n\n\n<a href=\"https:\/\/www.skaala.com\/fi\/ovet\/nain-valitset-ovet\/\" \nid=\"button-block-block_04f9804e9d80eb45d8dc9f605218f556\" \nclass=\"button-block button\"\ntarget=\"_blank\"\n>N\u00e4in valitset ovet<\/a>\n\n<\/div><\/div>\n\n\n<div class=\"featured-items-block block\">\n\t<div class=\"featured-item\">\n\t\t<div class=\"content-half has-dark-gray-background-color\">\n\t\t\t<div class=\"featured-item--content grid-item\">\n\t\t\t\t\t\t<a class=\"button button-large\" href=\"https:\/\/www.skaala.com\/fi\/ovet\/ovien-varustelu-ja-ominaisuudet\/\">Ovien varustelu ja ominaisuudet<\/a>\n\t\t\t\t\t\t<\/div>\n\t\t<\/div>\n\t\t\t\t<div class=\"featured-item--image grid-item\"\n\t\t\t\t\tdata-interchange=\"\n\t\t\t\t\t[https:\/\/www.skaala.com\/wp-content\/uploads\/2023\/05\/Skaalaautolasiovi-1024x683.jpg, small], \n\t\t\t\t\t[https:\/\/www.skaala.com\/wp-content\/uploads\/2023\/05\/Skaalaautolasiovi-1024x683.jpg, medium], \n\t\t\t\t\t[https:\/\/www.skaala.com\/wp-content\/uploads\/2023\/05\/Skaalaautolasiovi-1200x800.jpg, large], \n\t\t\t\t\t[https:\/\/www.skaala.com\/wp-content\/uploads\/2023\/05\/Skaalaautolasiovi-1536x1024.jpg, xlarge]\"\n\t\t\t\t\t>\n\t\t<\/div>\n\t\t\t<\/div>\n\t\t<div class=\"featured-item\">\n\t\t<div class=\"content-half has-dark-gray-background-color\">\n\t\t\t<div class=\"featured-item--content grid-item\">\n\t\t\t\t\t\t<a class=\"button button-large\" href=\"https:\/\/www.skaala.com\/fi\/ovet\/ovien-hoito-ja-huolto\/\">Ovien hoito ja huolto<\/a>\n\t\t\t\t\t\t<\/div>\n\t\t<\/div>\n\t\t\t\t<div class=\"featured-item--image grid-item\"\n\t\t\t\t\tdata-interchange=\"\n\t\t\t\t\t[https:\/\/www.skaala.com\/wp-content\/uploads\/2020\/05\/Skaalan-asennuspavelu-rajattu-1024x1180.jpg, small], \n\t\t\t\t\t[https:\/\/www.skaala.com\/wp-content\/uploads\/2020\/05\/Skaalan-asennuspavelu-rajattu-1024x1180.jpg, medium], \n\t\t\t\t\t[https:\/\/www.skaala.com\/wp-content\/uploads\/2020\/05\/Skaalan-asennuspavelu-rajattu-1200x1383.jpg, large], \n\t\t\t\t\t[https:\/\/www.skaala.com\/wp-content\/uploads\/2020\/05\/Skaalan-asennuspavelu-rajattu-1333x1536.jpg, xlarge]\"\n\t\t\t\t\t>\n\t\t<\/div>\n\t\t\t<\/div>\n\t\t<div class=\"featured-item\">\n\t\t<div class=\"content-half has-dark-gray-background-color\">\n\t\t\t<div class=\"featured-item--content grid-item\">\n\t\t\t\t\t\t<a class=\"button button-large\" href=\"https:\/\/www.skaala.com\/fi\/ota-yhteytta\/yhteystiedot\/\">Yhteystiedot &#8211; Etsitk\u00f6 myyj\u00e4\u00e4 alueellasi tai oikeaa yhteyshenkil\u00f6\u00e4 toimistolta?\u00a0<\/a>\n\t\t\t\t\t\t<\/div>\n\t\t<\/div>\n\t\t\t\t<div class=\"featured-item--image grid-item\"\n\t\t\t\t\tdata-interchange=\"\n\t\t\t\t\t[https:\/\/www.skaala.com\/wp-content\/uploads\/2023\/08\/Olohuoneenautoikkunat-1024x1536.jpg, small], \n\t\t\t\t\t[https:\/\/www.skaala.com\/wp-content\/uploads\/2023\/08\/Olohuoneenautoikkunat-1024x1536.jpg, medium], \n\t\t\t\t\t[https:\/\/www.skaala.com\/wp-content\/uploads\/2023\/08\/Olohuoneenautoikkunat-1200x1800.jpg, large], \n\t\t\t\t\t[https:\/\/www.skaala.com\/wp-content\/uploads\/2023\/08\/Olohuoneenautoikkunat-1024x1536.jpg, xlarge]\"\n\t\t\t\t\t>\n\t\t<\/div>\n\t\t\t<\/div>\n\t<\/div>\n","protected":false},"excerpt":{"rendered":"","protected":false},"author":5,"featured_media":15266,"parent":137,"menu_order":0,"comment_status":"closed","ping_status":"closed","template":"","meta":{"_acf_changed":false,"inline_featured_image":false,"footnotes":""},"class_list":["post-15237","page","type-page","status-publish","has-post-thumbnail","hentry"],"acf":[],"_links":{"self":[{"href":"https:\/\/www.skaala.com\/fi\/wp-json\/wp\/v2\/pages\/15237","targetHints":{"allow":["GET"]}}],"collection":[{"href":"https:\/\/www.skaala.com\/fi\/wp-json\/wp\/v2\/pages"}],"about":[{"href":"https:\/\/www.skaala.com\/fi\/wp-json\/wp\/v2\/types\/page"}],"author":[{"embeddable":true,"href":"https:\/\/www.skaala.com\/fi\/wp-json\/wp\/v2\/users\/5"}],"replies":[{"embeddable":true,"href":"https:\/\/www.skaala.com\/fi\/wp-json\/wp\/v2\/comments?post=15237"}],"version-history":[{"count":59,"href":"https:\/\/www.skaala.com\/fi\/wp-json\/wp\/v2\/pages\/15237\/revisions"}],"predecessor-version":[{"id":27006,"href":"https:\/\/www.skaala.com\/fi\/wp-json\/wp\/v2\/pages\/15237\/revisions\/27006"}],"up":[{"embeddable":true,"href":"https:\/\/www.skaala.com\/fi\/wp-json\/wp\/v2\/pages\/137"}],"wp:featuredmedia":[{"embeddable":true,"href":"https:\/\/www.skaala.com\/fi\/wp-json\/wp\/v2\/media\/15266"}],"wp:attachment":[{"href":"https:\/\/www.skaala.com\/fi\/wp-json\/wp\/v2\/media?parent=15237"}],"curies":[{"name":"wp","href":"https:\/\/api.w.org\/{rel}","templated":true}]}}