{"id":156,"date":"2020-04-20T15:17:24","date_gmt":"2020-04-20T12:17:24","guid":{"rendered":"https:\/\/www.skaala.com\/?page_id=156"},"modified":"2025-07-16T15:41:44","modified_gmt":"2025-07-16T12:41:44","slug":"rautakaupat","status":"publish","type":"page","link":"https:\/\/www.skaala.com\/fi\/ammattiasiakkaat\/rautakaupat\/","title":{"rendered":"Rautakaupat ja pienet rakennusliikkeet"},"content":{"rendered":"\n\t\t<header class=\"featured-hero article\" role=\"banner\" data-interchange=\"[https:\/\/www.skaala.com\/wp-content\/uploads\/2023\/08\/TEKauto0008-640x200.jpg, small], [https:\/\/www.skaala.com\/wp-content\/uploads\/2023\/08\/TEKauto0008-1280x400.jpg, medium], [https:\/\/www.skaala.com\/wp-content\/uploads\/2023\/08\/TEKauto0008-1440x400.jpg, large], [https:\/\/www.skaala.com\/wp-content\/uploads\/2023\/08\/TEKauto0008-1920x400.jpg, xlarge]\">\n\t\t\t\t\t<h1>Rautakaupat ja pienet rakennusliikkeet<\/h1>\n\t\t<\/header>\n\t\t\n\n\n<div class=\"wp-block-custom-content-area custom-wrapper alignleft has-light-blue-background-color\"><div class=\"outer-wrap\">\t\n\t<div id=\"heading-block-block_500de7d4e3aafd7b7c4f2699abc3387b\" class=\"heading-block\">\n\t\t<h2 ><span>kokonaisvaltaista palvelua Skaalalta<\/span><\/h2>\t<\/div>\n\n\n\n<div id=\"text-block-block_1713505805d2f323648b4c2bf18fc915\" class=\"text-block\">\n\t\t\t<p><strong>Skaala tarjoaa rautakaupoille ja pienille rakennusliikkeille laadukkaat tuotteet ja kokonaisvaltaista palvelua. Toimitamme ikkunat ja ovet varmuudella ja nopeasti.<\/strong><\/p>\n<p>&nbsp;<\/p>\n<p>Skaala IFN Oy on kumppanina t\u00e4sm\u00e4llinen ja tarpeeksi iso \u2013 mutta ketter\u00e4. Olemme osa Euroopan suurinta ikkuna- ja ovitoimijaa IFN Holding AG:ta. Kuuluminen IFN-ryhm\u00e4\u00e4n tarkoittaa taloudellista vakautta, keskieurooppalaista laatutasoa ja edell\u00e4k\u00e4vij\u00e4n tuoteinnovaatioita.<\/p>\n<p>&nbsp;<\/p>\n<p>Luotettavuus on meille kunnia-asia. Mittaamme s\u00e4\u00e4nn\u00f6llisesti toimitust\u00e4sm\u00e4llisyytt\u00e4mme ja -t\u00e4ydellisyytt\u00e4mme, joka onkin l\u00e4hes 100 prosenttia. Kanssamme voit olla varma, ett\u00e4 tilatut tuotteet tulevat sovitusti ajallaan. Hankalatkaan paikat, kuten ahtaat kaupunkitilat, eiv\u00e4t ole meille ongelma.<\/p>\n<p>&nbsp;<\/p>\n<p>Rautakauppa-asiakkaamme saavat verkkokauppaamme omat ammattilaistunnukset, joiden avulla asiakkaiden palvelu on nopeaa erilaisten laskentaty\u00f6kalujen avulla. Laaja tarjontamme kattaa ulko-ovien ja ikkunoiden lis\u00e4ksi liukuovet ja erikoistuotteet, kuten palo-ovet. Meilt\u00e4 saat toimituksen suoraan asiakkaalle.<\/p>\n<p>&nbsp;<\/p>\n<p>Skaalan juuret ulottuvat 1950-luvulle, ja yhteisty\u00f6mme rakennusliikkeiden kanssa Suomessa ja Pohjoismaissa on jatkunut vuosikymmenten ajan. Osaamme asiamme ja hallitsemme vaativienkin kohteiden ikkuna- ja oviratkaisujen toteuttamisen aina suunnittelusta tuotantoon ja asennuksesta huoltoon. Sloganimme &#8211; Pohjoisen luontoa kunnioittaen &#8211; kertoo, ett\u00e4 toimimme vastuullisuullisesti.<\/p>\n<p>&nbsp;<\/p>\n<p>P\u00e4\u00e4tehdasalueemme Etel\u00e4-Pohjanmaalla py\u00f6rii vuoden ymp\u00e4ri jopa kolmessa vuorossa. Pystymme toimittamaan niin suuret kuin pienet projektit samalla toimitusvarmuudella. Kotimaisen ja jatkuvasti py\u00f6riv\u00e4n tuotannon vuoksi olemme tarvittaessa ketteri\u00e4 muokkaamaan suunnitelmia ja aikatauluja asiakkaan tarpeiden mukaan.<\/p>\n\t<\/div>\n\n\n\n\n<a href=\"https:\/\/www.skaala.com\/fi\/yhteystiedot\/?hakusana=&#038;rautakaupat-myynti-2=true\" \nid=\"button-block-block_df1d6eb2366cd3810fe0badf948205ac\" \nclass=\"button-block button\"\ntarget=\"\"\n>Katso t\u00e4st\u00e4 j\u00e4lleenmyynnin yhteyshenkil\u00f6t<\/a>\n\n<\/div><\/div>\n\n\n<div class=\"featured-items-block block\">\n\t<div class=\"featured-item\">\n\t\t<div class=\"content-half has-dark-gray-background-color\">\n\t\t\t<div class=\"featured-item--content grid-item\">\n\t\t\t\t\t\t<a class=\"button button-large\" href=\"https:\/\/www.skaala.com\/fi\/ota-yhteytta\/yhteystiedot\/\">Yhteystiedot &#8211; Etsitk\u00f6 myyj\u00e4\u00e4 alueellasi tai oikeaa yhteyshenkil\u00f6\u00e4 toimistolta?\u00a0<\/a>\n\t\t\t\t\t\t<\/div>\n\t\t<\/div>\n\t\t\t\t<div class=\"featured-item--image grid-item\"\n\t\t\t\t\tdata-interchange=\"\n\t\t\t\t\t[https:\/\/www.skaala.com\/wp-content\/uploads\/2023\/08\/Olohuoneenautoikkunat-1024x1536.jpg, small], \n\t\t\t\t\t[https:\/\/www.skaala.com\/wp-content\/uploads\/2023\/08\/Olohuoneenautoikkunat-1024x1536.jpg, medium], \n\t\t\t\t\t[https:\/\/www.skaala.com\/wp-content\/uploads\/2023\/08\/Olohuoneenautoikkunat-1200x1800.jpg, large], \n\t\t\t\t\t[https:\/\/www.skaala.com\/wp-content\/uploads\/2023\/08\/Olohuoneenautoikkunat-1024x1536.jpg, xlarge]\"\n\t\t\t\t\t>\n\t\t<\/div>\n\t\t\t<\/div>\n\t\t<div class=\"featured-item\">\n\t\t<div class=\"content-half has-dark-gray-background-color\">\n\t\t\t<div class=\"featured-item--content grid-item\">\n\t\t\t\t\t\t<a class=\"button button-large\" href=\"https:\/\/www.skaala.com\/fi\/kestava-kehitys-skaala\/\">Kest\u00e4v\u00e4 kehitys<\/a>\n\t\t\t\t\t\t<\/div>\n\t\t<\/div>\n\t\t\t\t<div class=\"featured-item--image grid-item\"\n\t\t\t\t\tdata-interchange=\"\n\t\t\t\t\t[https:\/\/www.skaala.com\/wp-content\/uploads\/2022\/11\/Seglingeautokallioltaautowww-e1668767520211-1024x499.jpg, small], \n\t\t\t\t\t[https:\/\/www.skaala.com\/wp-content\/uploads\/2022\/11\/Seglingeautokallioltaautowww-e1668767520211-1024x499.jpg, medium], \n\t\t\t\t\t[https:\/\/www.skaala.com\/wp-content\/uploads\/2022\/11\/Seglingeautokallioltaautowww-e1668767520211-1200x584.jpg, large], \n\t\t\t\t\t[https:\/\/www.skaala.com\/wp-content\/uploads\/2022\/11\/Seglingeautokallioltaautowww-e1668767520211-1536x748.jpg, xlarge]\"\n\t\t\t\t\t>\n\t\t<\/div>\n\t\t\t<\/div>\n\t\t<div class=\"featured-item\">\n\t\t<div class=\"content-half has-dark-gray-background-color\">\n\t\t\t<div class=\"featured-item--content grid-item\">\n\t\t\t\t\t\t<a class=\"button button-large\" href=\"https:\/\/www.skaala.com\/fi\/tietoa-skaalasta\/skaalan-tarina\/\">Skaalan tarina<\/a>\n\t\t\t\t\t\t<\/div>\n\t\t<\/div>\n\t\t\t\t<div class=\"featured-item--image grid-item\"\n\t\t\t\t\tdata-interchange=\"\n\t\t\t\t\t[https:\/\/www.skaala.com\/wp-content\/uploads\/2020\/05\/Ylih\u00e4rm\u00e4n-tehdas-ilmakuva-2018-1024x576.jpg, small], \n\t\t\t\t\t[https:\/\/www.skaala.com\/wp-content\/uploads\/2020\/05\/Ylih\u00e4rm\u00e4n-tehdas-ilmakuva-2018-1024x576.jpg, medium], \n\t\t\t\t\t[https:\/\/www.skaala.com\/wp-content\/uploads\/2020\/05\/Ylih\u00e4rm\u00e4n-tehdas-ilmakuva-2018-1200x675.jpg, large], \n\t\t\t\t\t[https:\/\/www.skaala.com\/wp-content\/uploads\/2020\/05\/Ylih\u00e4rm\u00e4n-tehdas-ilmakuva-2018-1536x864.jpg, xlarge]\"\n\t\t\t\t\t>\n\t\t<\/div>\n\t\t\t<\/div>\n\t<\/div>\n","protected":false},"excerpt":{"rendered":"","protected":false},"author":5,"featured_media":16404,"parent":118,"menu_order":0,"comment_status":"closed","ping_status":"closed","template":"","meta":{"_acf_changed":false,"inline_featured_image":false,"footnotes":""},"class_list":["post-156","page","type-page","status-publish","has-post-thumbnail","hentry"],"acf":[],"_links":{"self":[{"href":"https:\/\/www.skaala.com\/fi\/wp-json\/wp\/v2\/pages\/156","targetHints":{"allow":["GET"]}}],"collection":[{"href":"https:\/\/www.skaala.com\/fi\/wp-json\/wp\/v2\/pages"}],"about":[{"href":"https:\/\/www.skaala.com\/fi\/wp-json\/wp\/v2\/types\/page"}],"author":[{"embeddable":true,"href":"https:\/\/www.skaala.com\/fi\/wp-json\/wp\/v2\/users\/5"}],"replies":[{"embeddable":true,"href":"https:\/\/www.skaala.com\/fi\/wp-json\/wp\/v2\/comments?post=156"}],"version-history":[{"count":34,"href":"https:\/\/www.skaala.com\/fi\/wp-json\/wp\/v2\/pages\/156\/revisions"}],"predecessor-version":[{"id":25111,"href":"https:\/\/www.skaala.com\/fi\/wp-json\/wp\/v2\/pages\/156\/revisions\/25111"}],"up":[{"embeddable":true,"href":"https:\/\/www.skaala.com\/fi\/wp-json\/wp\/v2\/pages\/118"}],"wp:featuredmedia":[{"embeddable":true,"href":"https:\/\/www.skaala.com\/fi\/wp-json\/wp\/v2\/media\/16404"}],"wp:attachment":[{"href":"https:\/\/www.skaala.com\/fi\/wp-json\/wp\/v2\/media?parent=156"}],"curies":[{"name":"wp","href":"https:\/\/api.w.org\/{rel}","templated":true}]}}