{"id":158,"date":"2020-04-20T15:17:54","date_gmt":"2020-04-20T12:17:54","guid":{"rendered":"https:\/\/www.skaala.com\/?page_id=158"},"modified":"2025-07-11T16:21:27","modified_gmt":"2025-07-11T13:21:27","slug":"talotehtaat","status":"publish","type":"page","link":"https:\/\/www.skaala.com\/fi\/ammattiasiakkaat\/talotehtaat\/","title":{"rendered":"Talotehtaat"},"content":{"rendered":"\n\t<header class=\"featured-hero custom\" role=\"banner\" data-interchange=\"\n\t\t[https:\/\/www.skaala.com\/wp-content\/uploads\/2022\/12\/TaloautoSensuautoliukuovinakymaautowww-1280x400.jpg, small],\n\t\t[https:\/\/www.skaala.com\/wp-content\/uploads\/2022\/12\/TaloautoSensuautoliukuovinakymaautowww-1280x400.jpg,medium],\n\t\t[https:\/\/www.skaala.com\/wp-content\/uploads\/2022\/12\/TaloautoSensuautoliukuovinakymaautowww-1440x400.jpg, large],\n\t\t[https:\/\/www.skaala.com\/wp-content\/uploads\/2022\/12\/TaloautoSensuautoliukuovinakymaautowww-1733x400.jpg, xlarge]\">\n\t\t\t<h1>Talotehtaat<\/h1>\n\t<\/header>\n\t\n\n\n<div class=\"wp-block-custom-content-area custom-wrapper aligncenter has-light-blue-background-color\"><div class=\"outer-wrap\">\t\n\t<div id=\"heading-block-block_af53a799badc9d3834f51ef70cbb03ea\" class=\"heading-block\">\n\t\t<h2 ><span>Talotehtaat \u2013 joustavaa ja nopeaa kumppanuutta Skaalalta<\/span><\/h2>\t<\/div>\n\n\n\n<div id=\"text-block-block_7679dd22dc5381c15aad7fdc718842ab\" class=\"text-block\">\n\t\t\t<p><strong>Skaala toimittaa energiatehokkaat ikkunat ja ovet nopeasti kilpailukykyiseen hintaan. Talotehtaille tarjoamme laajan tuotevalikoiman lis\u00e4ksi mukautumiskykyist\u00e4 kumppanuutta, ketteryytt\u00e4 nopeisiin muutoksiin ja kaikki tuotteet yhdest\u00e4 paikasta.<\/strong><\/p>\n<p>&nbsp;<\/p>\n<p>Skaala IFN Oy on kumppanina t\u00e4sm\u00e4llinen ja tarpeeksi iso \u2013 mutta ketter\u00e4. Olemme osa Euroopan suurinta ikkuna- ja ovitoimijaa IFN Holding AG:ta. Kuuluminen IFN-ryhm\u00e4\u00e4n tarkoittaa taloudellista vakautta, keskieurooppalaista laatutasoa ja edell\u00e4k\u00e4vij\u00e4n tuoteinnovaatioita.<\/p>\n<p>&nbsp;<\/p>\n<p>Luotettavuus on meille kunnia-asia. Mittaamme s\u00e4\u00e4nn\u00f6llisesti toimitust\u00e4sm\u00e4llisyytt\u00e4mme ja -t\u00e4ydellisyytt\u00e4mme, joka onkin l\u00e4hes 100 prosenttia. Kanssamme voit olla varma, ett\u00e4 tilatut tuotteet tulevat sovitusti ajallaan.<\/p>\n<p>&nbsp;<\/p>\n<p>Skaalan juuret ulottuvat 1950-luvulle, ja yhteisty\u00f6mme rakennusliikkeiden kanssa Suomessa ja Pohjoismaissa on jatkunut vuosikymmenten ajan. Osaamme asiamme ja hallitsemme vaativienkin kohteiden ikkuna- ja oviratkaisujen toteuttamisen aina suunnittelusta tuotantoon ja asennuksesta huoltoon.<\/p>\n<p>&nbsp;<\/p>\n<p>P\u00e4\u00e4tehdasalueemme Etel\u00e4-Pohjanmaalla py\u00f6rii vuoden ymp\u00e4ri jopa kolmessa vuorossa. Pystymme toimittamaan niin suuret kuin pienet projektit samalla toimitusvarmuudella. Kotimaisen ja jatkuvasti py\u00f6riv\u00e4n tuotannon vuoksi olemme tarvittaessa ketteri\u00e4 muokkaamaan suunnitelmia ja aikatauluja asiakkaan tarpeiden mukaan.<\/p>\n\t<\/div>\n\n\n\n\n<a href=\"https:\/\/www.skaala.com\/yhteystiedot\/?hakusana=&#038;talotehtaat=true\" \nid=\"button-block-block_057310798261edd62d886b5aea6c6107\" \nclass=\"button-block button\"\ntarget=\"\"\n>Katso t\u00e4st\u00e4 talotehdasasiakkaiden yhteyshenkil\u00f6t<\/a>\n\n<\/div><\/div>\n\n\n<div class=\"featured-items-block block\">\n\t<div class=\"featured-item\">\n\t\t<div class=\"content-half has-dark-gray-background-color\">\n\t\t\t<div class=\"featured-item--content grid-item\">\n\t\t\t\t\t\t<a class=\"button button-large\" href=\"https:\/\/www.skaala.com\/fi\/ota-yhteytta\/\">Ota yhteytt\u00e4<\/a>\n\t\t\t\t\t\t<\/div>\n\t\t<\/div>\n\t\t\t\t<div class=\"featured-item--image grid-item\"\n\t\t\t\t\tdata-interchange=\"\n\t\t\t\t\t[https:\/\/www.skaala.com\/wp-content\/uploads\/2023\/08\/Skaalaautoisotautoikkunat-1024x682.jpg, small], \n\t\t\t\t\t[https:\/\/www.skaala.com\/wp-content\/uploads\/2023\/08\/Skaalaautoisotautoikkunat-1024x682.jpg, medium], \n\t\t\t\t\t[https:\/\/www.skaala.com\/wp-content\/uploads\/2023\/08\/Skaalaautoisotautoikkunat-1200x800.jpg, large], \n\t\t\t\t\t[https:\/\/www.skaala.com\/wp-content\/uploads\/2023\/08\/Skaalaautoisotautoikkunat-1536x1024.jpg, xlarge]\"\n\t\t\t\t\t>\n\t\t<\/div>\n\t\t\t<\/div>\n\t\t<div class=\"featured-item\">\n\t\t<div class=\"content-half has-dark-gray-background-color\">\n\t\t\t<div class=\"featured-item--content grid-item\">\n\t\t\t\t\t\t<a class=\"button button-large\" href=\"https:\/\/www.skaala.com\/fi\/kestava-kehitys-skaala\/\">Kest\u00e4v\u00e4 kehitys<\/a>\n\t\t\t\t\t\t<\/div>\n\t\t<\/div>\n\t\t\t\t<div class=\"featured-item--image grid-item\"\n\t\t\t\t\tdata-interchange=\"\n\t\t\t\t\t[https:\/\/www.skaala.com\/wp-content\/uploads\/2022\/11\/Seglingeautokallioltaautowww-e1668767520211-1024x499.jpg, small], \n\t\t\t\t\t[https:\/\/www.skaala.com\/wp-content\/uploads\/2022\/11\/Seglingeautokallioltaautowww-e1668767520211-1024x499.jpg, medium], \n\t\t\t\t\t[https:\/\/www.skaala.com\/wp-content\/uploads\/2022\/11\/Seglingeautokallioltaautowww-e1668767520211-1200x584.jpg, large], \n\t\t\t\t\t[https:\/\/www.skaala.com\/wp-content\/uploads\/2022\/11\/Seglingeautokallioltaautowww-e1668767520211-1536x748.jpg, xlarge]\"\n\t\t\t\t\t>\n\t\t<\/div>\n\t\t\t<\/div>\n\t\t<div class=\"featured-item\">\n\t\t<div class=\"content-half has-dark-gray-background-color\">\n\t\t\t<div class=\"featured-item--content grid-item\">\n\t\t\t\t\t\t<a class=\"button button-large\" href=\"https:\/\/www.skaala.com\/fi\/tietoa-skaalasta\/skaalan-tarina\/\">Skaalan tarina<\/a>\n\t\t\t\t\t\t<\/div>\n\t\t<\/div>\n\t\t\t\t<div class=\"featured-item--image grid-item\"\n\t\t\t\t\tdata-interchange=\"\n\t\t\t\t\t[https:\/\/www.skaala.com\/wp-content\/uploads\/2020\/05\/Ylih\u00e4rm\u00e4n-tehdas-ilmakuva-2018-1024x576.jpg, small], \n\t\t\t\t\t[https:\/\/www.skaala.com\/wp-content\/uploads\/2020\/05\/Ylih\u00e4rm\u00e4n-tehdas-ilmakuva-2018-1024x576.jpg, medium], \n\t\t\t\t\t[https:\/\/www.skaala.com\/wp-content\/uploads\/2020\/05\/Ylih\u00e4rm\u00e4n-tehdas-ilmakuva-2018-1200x675.jpg, large], \n\t\t\t\t\t[https:\/\/www.skaala.com\/wp-content\/uploads\/2020\/05\/Ylih\u00e4rm\u00e4n-tehdas-ilmakuva-2018-1536x864.jpg, xlarge]\"\n\t\t\t\t\t>\n\t\t<\/div>\n\t\t\t<\/div>\n\t<\/div>\n","protected":false},"excerpt":{"rendered":"","protected":false},"author":5,"featured_media":14306,"parent":118,"menu_order":0,"comment_status":"closed","ping_status":"closed","template":"","meta":{"_acf_changed":false,"inline_featured_image":false,"footnotes":""},"class_list":["post-158","page","type-page","status-publish","has-post-thumbnail","hentry"],"acf":[],"_links":{"self":[{"href":"https:\/\/www.skaala.com\/fi\/wp-json\/wp\/v2\/pages\/158","targetHints":{"allow":["GET"]}}],"collection":[{"href":"https:\/\/www.skaala.com\/fi\/wp-json\/wp\/v2\/pages"}],"about":[{"href":"https:\/\/www.skaala.com\/fi\/wp-json\/wp\/v2\/types\/page"}],"author":[{"embeddable":true,"href":"https:\/\/www.skaala.com\/fi\/wp-json\/wp\/v2\/users\/5"}],"replies":[{"embeddable":true,"href":"https:\/\/www.skaala.com\/fi\/wp-json\/wp\/v2\/comments?post=158"}],"version-history":[{"count":29,"href":"https:\/\/www.skaala.com\/fi\/wp-json\/wp\/v2\/pages\/158\/revisions"}],"predecessor-version":[{"id":25029,"href":"https:\/\/www.skaala.com\/fi\/wp-json\/wp\/v2\/pages\/158\/revisions\/25029"}],"up":[{"embeddable":true,"href":"https:\/\/www.skaala.com\/fi\/wp-json\/wp\/v2\/pages\/118"}],"wp:featuredmedia":[{"embeddable":true,"href":"https:\/\/www.skaala.com\/fi\/wp-json\/wp\/v2\/media\/14306"}],"wp:attachment":[{"href":"https:\/\/www.skaala.com\/fi\/wp-json\/wp\/v2\/media?parent=158"}],"curies":[{"name":"wp","href":"https:\/\/api.w.org\/{rel}","templated":true}]}}