{"id":15963,"date":"2023-06-15T13:28:41","date_gmt":"2023-06-15T10:28:41","guid":{"rendered":"https:\/\/www.skaala.com\/?page_id=15963"},"modified":"2025-08-27T13:36:21","modified_gmt":"2025-08-27T10:36:21","slug":"tilaa-skaala-uutiskirje","status":"publish","type":"page","link":"https:\/\/www.skaala.com\/fi\/tilaa-skaala-uutiskirje\/","title":{"rendered":"Tilaa Skaala-uutiskirje"},"content":{"rendered":"\n\t\t<header class=\"featured-hero article\" role=\"banner\" data-interchange=\"[https:\/\/www.skaala.com\/wp-content\/uploads\/2023\/04\/Lasiliukuoviautonakymaautowww-640x200.jpg, small], [https:\/\/www.skaala.com\/wp-content\/uploads\/2023\/04\/Lasiliukuoviautonakymaautowww-1280x400.jpg, medium], [https:\/\/www.skaala.com\/wp-content\/uploads\/2023\/04\/Lasiliukuoviautonakymaautowww-1440x400.jpg, large], [https:\/\/www.skaala.com\/wp-content\/uploads\/2023\/04\/Lasiliukuoviautonakymaautowww-1920x400.jpg, xlarge]\">\n\t\t\t\t\t<h1>Tilaa Skaala-uutiskirje<\/h1>\n\t\t<\/header>\n\t\t\n\n\n<div class=\"wp-block-custom-content-area custom-wrapper alignleft has-light-blue-background-color\"><div class=\"outer-wrap\">\t\n\t<div id=\"heading-block-block_1872bf929d627191913026693c997f93\" class=\"heading-block\">\n\t\t<h2 ><span>Uutiskirjeest\u00e4 ajankohtaista tietoa rakentajille ja remontoijille<\/span><\/h2>\t<\/div>\n<\/div><\/div>\n\n\n\n<div class=\"wp-block-custom-content-area custom-wrapper alignleft has-light-blue-background-color\"><div class=\"outer-wrap\">\n<div id=\"text-block-block_07b7b3818f94154192108345e0b9073d\" class=\"text-block\">\n\t\t\t<p><strong>Skaala-uutiskirje remontoijalle ja rakentajalle tarjoaa ajankohtaista tietoa ikkunoiden ja ovien valintaan.<span style=\"font-size: inherit;\">\u00a0<\/span><\/strong>Ikkunat ja ovet vaikuttavat merkitt\u00e4v\u00e4sti asumismukavuuteen sek\u00e4 kodin energiatehokkuuteen.\u00a0<span style=\"font-size: inherit;\">Noin kerran kuukaudessa ilmestyv\u00e4ss\u00e4 uutiskirjeess\u00e4 annetaan asiantuntijoidemme vinkkej\u00e4 ikkunaremonttiin sek\u00e4 uudiskohteen ikkuna- ja ovivalintoihin. Opastamme my\u00f6s Skaala-ikkunoiden ja ovien huoltoon, sill\u00e4 s\u00e4\u00e4nn\u00f6llinen huolto ja huolto-ohjeiden noudattaminen takaavat, ett\u00e4 ovet ja ikkunat toimivat moitteettomasti ja pysyv\u00e4t hyv\u00e4nn\u00e4k\u00f6isin\u00e4 jopa vuosikymmeni\u00e4.\u00a0<\/span><\/p>\n<p>&nbsp;<\/p>\n<p><strong>Skaala-uutiskirjeet sis\u00e4lt\u00e4v\u00e4t<\/strong><\/p>\n<ul>\n<li>asiantuntijoiden neuvoja ikkunoiden valintaan<\/li>\n<li>ikkunaremonttien haasteita ja ratkaisuja<\/li>\n<li>uusien tuotteiden ja niiden ominaisuuksien esittelyj\u00e4<\/li>\n<li>vinkkej\u00e4 ikkunoiden ja ovien huoltoon<\/li>\n<li>ajankohtaisia artikkeleita<\/li>\n<li>muistutuksia kilpailuista ja kampanjoista<\/li>\n<\/ul>\n\t<\/div>\n\n<\/div><\/div>\n","protected":false},"excerpt":{"rendered":"","protected":false},"author":566,"featured_media":15283,"parent":0,"menu_order":0,"comment_status":"closed","ping_status":"closed","template":"","meta":{"_acf_changed":false,"inline_featured_image":false,"footnotes":""},"class_list":["post-15963","page","type-page","status-publish","has-post-thumbnail","hentry"],"acf":[],"_links":{"self":[{"href":"https:\/\/www.skaala.com\/fi\/wp-json\/wp\/v2\/pages\/15963","targetHints":{"allow":["GET"]}}],"collection":[{"href":"https:\/\/www.skaala.com\/fi\/wp-json\/wp\/v2\/pages"}],"about":[{"href":"https:\/\/www.skaala.com\/fi\/wp-json\/wp\/v2\/types\/page"}],"author":[{"embeddable":true,"href":"https:\/\/www.skaala.com\/fi\/wp-json\/wp\/v2\/users\/566"}],"replies":[{"embeddable":true,"href":"https:\/\/www.skaala.com\/fi\/wp-json\/wp\/v2\/comments?post=15963"}],"version-history":[{"count":41,"href":"https:\/\/www.skaala.com\/fi\/wp-json\/wp\/v2\/pages\/15963\/revisions"}],"predecessor-version":[{"id":25304,"href":"https:\/\/www.skaala.com\/fi\/wp-json\/wp\/v2\/pages\/15963\/revisions\/25304"}],"wp:featuredmedia":[{"embeddable":true,"href":"https:\/\/www.skaala.com\/fi\/wp-json\/wp\/v2\/media\/15283"}],"wp:attachment":[{"href":"https:\/\/www.skaala.com\/fi\/wp-json\/wp\/v2\/media?parent=15963"}],"curies":[{"name":"wp","href":"https:\/\/api.w.org\/{rel}","templated":true}]}}