{"id":160,"date":"2020-04-20T15:20:49","date_gmt":"2020-04-20T12:20:49","guid":{"rendered":"https:\/\/www.skaala.com\/?page_id=160"},"modified":"2025-02-21T11:19:38","modified_gmt":"2025-02-21T09:19:38","slug":"asennuspalvelu","status":"publish","type":"page","link":"https:\/\/www.skaala.com\/fi\/palvelut\/asennuspalvelu\/","title":{"rendered":"Skaalan asennuspalvelu"},"content":{"rendered":"\n\t<header class=\"featured-hero custom\" role=\"banner\" data-interchange=\"\n\t\t[https:\/\/www.skaala.com\/wp-content\/uploads\/2023\/03\/Ikkunoidenautoasennus-940x400.png, small],\n\t\t[https:\/\/www.skaala.com\/wp-content\/uploads\/2023\/03\/Ikkunoidenautoasennus-940x400.png,medium],\n\t\t[https:\/\/www.skaala.com\/wp-content\/uploads\/2023\/03\/Ikkunoidenautoasennus-940x400.png, large],\n\t\t[https:\/\/www.skaala.com\/wp-content\/uploads\/2023\/03\/Ikkunoidenautoasennus-940x400.png, xlarge]\">\n\t\t\t<h1>Skaalan asennuspalvelu &#8211; ovien ja ikkunoiden asennuksen hinta<\/h1>\n\t<\/header>\n\t\n\n\n<div class=\"wp-block-custom-content-area custom-wrapper aligncenter has-light-blue-background-color\"><div class=\"outer-wrap\">\t\n\t<div id=\"heading-block-block_ce47e7fca7311db6dbfa5fc08731a3d3\" class=\"heading-block\">\n\t\t<h2 ><span>Ikkunat ja ovet kotiin helposti<\/span><\/h2>\t<\/div>\n\n\n\n<div id=\"text-block-block_56785eda127ea584eba7403bb4fab0cc\" class=\"text-block\">\n\t\t\t<p><strong>Skaalan asennuspalvelu hoitaa ikkunoiden ja ovien asentamisen ammattitaidolla ja takuuty\u00f6n\u00e4. N\u00e4in ikkunaremontti ja oviremontti kotiin tai m\u00f6kille sujuvat helposti ja luotettavasti.<\/strong><\/p>\n\t<\/div>\n\n\n\n\n<div id=\"text-block-block_ca56d2b674da38ba79d85717ea2d87a5\" class=\"text-block\">\n\t\t\t<div class=\"video-container\"><iframe title=\"Skaala asennus tekstitetty\" width=\"500\" height=\"281\" src=\"https:\/\/www.youtube.com\/embed\/qnLrhGfCdGA?feature=oembed\" frameborder=\"0\" allow=\"accelerometer; autoplay; clipboard-write; encrypted-media; gyroscope; picture-in-picture; web-share\" referrerpolicy=\"strict-origin-when-cross-origin\" allowfullscreen><\/iframe><\/div>\n\t<\/div>\n\n\n\n\n<a href=\"https:\/\/www.skaala.com\/fi\/palvelut\/asennuspalvelu\/ikkunat-asennettuna\/\" \nid=\"button-block-block_e6c24a6d9aa235f337be79277070cb6e\" \nclass=\"button-block button\"\ntarget=\"\"\n>Lue ikkunoiden asennuksesta<\/a>\n\n\n\n\n<a href=\"https:\/\/www.skaala.com\/fi\/palvelut\/asennuspalvelu\/ulko-ovet-asennettuna\/\" \nid=\"button-block-block_fe15d4c1c1c62f0192ac1ff1f2d0a90c\" \nclass=\"button-block button\"\ntarget=\"\"\n>Lue ulko-ovien asennuksesta<\/a>\n\n<\/div><\/div>\n\n\n\n<div class=\"wp-block-custom-content-area custom-wrapper aligncenter has-light-blue-background-color\"><div class=\"outer-wrap\">\t\n\t<div id=\"heading-block-block_0e85c874cc28f2f2d3f135a4e4f06825\" class=\"heading-block\">\n\t\t<h2 ><span>Asennuspalvelu \u2013 paljonko ovien ja ikkunoiden vaihto maksaa?<\/span><\/h2>\t<\/div>\n\n\n\n<div id=\"text-block-block_3d0b7e7384d1ccdb489b3b663e62474e\" class=\"text-block\">\n\t\t\t<p>Skaalan asennuspalvelun hinta riippuu p\u00e4\u00e4asiassa asennettavien ikkunoiden ja ovien m\u00e4\u00e4r\u00e4st\u00e4. Esimerkiksi <strong>kymmenen ikkunan asennus maksaa tavallisesti noin 3\u00a0000 euroa<\/strong>.<\/p>\n<p>Tarkista oman kotisi <strong>ikkunaremontin tai oviremontin arvioitu hinta k\u00e4tev\u00e4sti <a href=\"https:\/\/skaala.ikkunaverkkokauppa.fi\/\" target=\"_blank\" rel=\"noopener\">verkkokaupassamme<\/a><\/strong> tai pyyd\u00e4 suoraan tarjous alta.<\/p>\n<p>Hoidamme ikkunoiden ja ovien asennukset my\u00f6s hankaliin, erikoiskalustoa vaativiin kohteisiin. Jos rakennus sijaitsee esimerkiksi j\u00e4rvenrannalla tai kalliolla eik\u00e4 sen ymp\u00e4ri p\u00e4\u00e4se kiert\u00e4m\u00e4\u00e4n, hankitaan paikalle erikoisnosturi, joka nostaa tuotteet katon yli rakennuksen toiselle puolelle. Vuokrattavan kaluston vuoksi hankalien kohteiden asennuksiin tulee tavallisesti hieman lis\u00e4kuluja.<\/p>\n<p>&nbsp;<\/p>\n<p>Ota yhteys, niin laskemme sinulle remontin tarkan hinnan.<\/p>\n\t<\/div>\n\n\n\n\n<a href=\"https:\/\/www.skaala.com\/fi\/ota-yhteytta\/pyyda-ilmainen-arvio-tai-kartoitus\/\" id=\"button-block-block_f3c7933ae2ec475188123c1ef3ae5f2f\" class=\"button-block button\" target=\"\">Pyyd\u00e4 ilmainen arvio<\/a>\n\n\n\n\n<a href=\"https:\/\/www.skaala.com\/fi\/ota-yhteytta\/pyyda-tarjous\/\" id=\"button-block-block_88a51e5b1514032cb16c2047e97ce3c3\" class=\"button-block button\" target=\"\">Pyyd\u00e4 tarjous<\/a>\n\n<\/div><\/div>\n\n\n\n<div class=\"wp-block-custom-content-area custom-wrapper aligncenter has-light-blue-background-color\"><div class=\"outer-wrap\">\t\n\t<div id=\"heading-block-block_f6627eb0215fe1702d5f283d3c0cc6c4\" class=\"heading-block\">\n\t\t<h2 ><span>Asennuspalvelu on helpoin tapa hankkia kotiin uudet ovet ja ikkunat<\/span><\/h2>\t<\/div>\n\n\n\n<div id=\"text-block-block_50871e0048ac14991874d6d9ebbded19\" class=\"text-block\">\n\t\t\t<p>Suunnitelmissa ikkunaremontti tai oviremontti? Kun hankit uudet ikkunat tai ovet Skaalalta, kannattaa my\u00f6s niiden asennus tilata meilt\u00e4. N\u00e4in koko remontti hoituu jouhevasti ja helposti yhden tahon kanssa.<\/p>\n<p>Skaala on toiminut alalla vuosikymmeni\u00e4 ja kuuluu Suomen tunnetuimpiin ikkuna- ja ovibr\u00e4ndeihin. Olemme luotettava remonttikumppani ja teemme asennukset takuuty\u00f6n\u00e4, vastaamme siis ikkunoiden ja ovien asennusten toimivuudesta ja laadusta.<\/p>\n<p>Asennuksissa k\u00e4yt\u00e4mme vain alan huippuammattilaisia. Heid\u00e4n k\u00e4siss\u00e4\u00e4n asennus sujuu ripe\u00e4sti: omakotitalossa ty\u00f6 vie p\u00e4iv\u00e4st\u00e4 kahteen p\u00e4iv\u00e4\u00e4n, taloyhti\u00f6ss\u00e4 asentamiseen kuluu keskim\u00e4\u00e4rin p\u00e4iv\u00e4 per asunto.<\/p>\n<p>Asennuspalvelumme on k\u00e4ytett\u00e4viss\u00e4si kaikkialla Suomessa. Hoidamme asennukset my\u00f6s talvella. Ota siis meihin yhteys niin suunnitellaan asennus yhdess\u00e4 aikataulutoiveesi ja kohteesi erityistarpeet huomioiden.<\/p>\n\t<\/div>\n\n\n\n\n<a href=\"https:\/\/www.skaala.com\/fi\/ota-yhteytta\/\" id=\"button-block-block_dbfb035768b106864775114463b0f987\" class=\"button-block button\" target=\"\">Ota yhteytt\u00e4<\/a>\n\n<\/div><\/div>\n\n\n\n<div class=\"wp-block-custom-content-area custom-wrapper aligncenter has-light-blue-background-color\"><div class=\"outer-wrap\">\t\n\t<div id=\"heading-block-block_99a160f2737a885b749543bd91c5bf69\" class=\"heading-block\">\n\t\t<h2 ><span>Muista kotitalousv\u00e4hennys remonttikuluista!<\/span><\/h2>\t<\/div>\n\n\n\n<div id=\"text-block-block_bd7a2c4786d9ab4bbc7747a08d9daccc\" class=\"text-block\">\n\t\t\t<p>Muistathan, ett\u00e4 Skaalan asentajien tekem\u00e4st\u00e4 ikkunoiden ja ovien <em>asennusty\u00f6st\u00e4<\/em> saa kotitalousv\u00e4hennyst\u00e4. Vuonna 2025 kotitalousv\u00e4hennyksen maksimim\u00e4\u00e4r\u00e4 asunnon perusparannus- ja kunnostusty\u00f6st\u00e4 on 1600 euroa per henkil\u00f6. Yhdess\u00e4 puolison kanssa kodin kunnostusty\u00f6st\u00e4 voi n\u00e4in ollen saada kotitalousv\u00e4hennyst\u00e4 yhteens\u00e4 3200 euroa vuodessa.<\/p>\n<p><a href=\"https:\/\/www.vero.fi\/henkiloasiakkaat\/vahennykset\/kotitalousvahennys\/kotitalousvahennyksen-maara\/\" target=\"_blank\" rel=\"noopener\"><strong>Lue lis\u00e4\u00e4 kotitalousv\u00e4hennyksest\u00e4 Verohallinnon sivuilta.<\/strong><\/a><\/p>\n\t<\/div>\n\n<\/div><\/div>\n\n\n<div class=\"featured-items-block block\">\n\t<div class=\"featured-item\">\n\t\t<div class=\"content-half has-dark-gray-background-color\">\n\t\t\t<div class=\"featured-item--content grid-item\">\n\t\t\t\t\t\t<a class=\"button button-large\" href=\"https:\/\/www.skaala.com\/fi\/ota-yhteytta\/yhteystiedot\/\">Yhteystiedot &#8211; Etsitk\u00f6 myyj\u00e4\u00e4 alueellasi tai oikeaa yhteyshenkil\u00f6\u00e4 toimistolta?\u00a0<\/a>\n\t\t\t\t\t\t<\/div>\n\t\t<\/div>\n\t\t\t\t<div class=\"featured-item--image grid-item\"\n\t\t\t\t\tdata-interchange=\"\n\t\t\t\t\t[https:\/\/www.skaala.com\/wp-content\/uploads\/2023\/08\/Olohuoneenautoikkunat-1024x1536.jpg, small], \n\t\t\t\t\t[https:\/\/www.skaala.com\/wp-content\/uploads\/2023\/08\/Olohuoneenautoikkunat-1024x1536.jpg, medium], \n\t\t\t\t\t[https:\/\/www.skaala.com\/wp-content\/uploads\/2023\/08\/Olohuoneenautoikkunat-1200x1800.jpg, large], \n\t\t\t\t\t[https:\/\/www.skaala.com\/wp-content\/uploads\/2023\/08\/Olohuoneenautoikkunat-1024x1536.jpg, xlarge]\"\n\t\t\t\t\t>\n\t\t<\/div>\n\t\t\t<\/div>\n\t\t<div class=\"featured-item\">\n\t\t<div class=\"content-half has-dark-gray-background-color\">\n\t\t\t<div class=\"featured-item--content grid-item\">\n\t\t\t\t\t\t<a class=\"button button-large\" href=\"https:\/\/www.skaala.com\/fi\/ikkunaremontti-omakotitaloon\/\">Ikkunaremontti omakotitaloon &#8211; asennusty\u00f6n laatu ylitti odotukset!<\/a>\n\t\t\t\t\t\t<\/div>\n\t\t<\/div>\n\t\t\t\t<div class=\"featured-item--image grid-item\"\n\t\t\t\t\tdata-interchange=\"\n\t\t\t\t\t[https:\/\/www.skaala.com\/wp-content\/uploads\/2023\/11\/Uudet-ikkunat-1024x1536.jpg, small], \n\t\t\t\t\t[https:\/\/www.skaala.com\/wp-content\/uploads\/2023\/11\/Uudet-ikkunat-1024x1536.jpg, medium], \n\t\t\t\t\t[https:\/\/www.skaala.com\/wp-content\/uploads\/2023\/11\/Uudet-ikkunat.jpg, large], \n\t\t\t\t\t[https:\/\/www.skaala.com\/wp-content\/uploads\/2023\/11\/Uudet-ikkunat-1024x1536.jpg, xlarge]\"\n\t\t\t\t\t>\n\t\t<\/div>\n\t\t\t<\/div>\n\t\t<div class=\"featured-item\">\n\t\t<div class=\"content-half has-dark-gray-background-color\">\n\t\t\t<div class=\"featured-item--content grid-item\">\n\t\t\t\t\t\t<a class=\"button button-large\" href=\"https:\/\/www.skaala.com\/fi\/ota-yhteytta\/pyyda-ilmainen-arvio-tai-kartoitus\/\">Pyyd\u00e4 ilmainen arvio<\/a>\n\t\t\t\t\t\t<\/div>\n\t\t<\/div>\n\t\t\t\t<div class=\"featured-item--image grid-item\"\n\t\t\t\t\tdata-interchange=\"\n\t\t\t\t\t[https:\/\/www.skaala.com\/wp-content\/uploads\/2023\/11\/Ikkunat-ikkunaremontin-jalkeen-e1700135812133-1024x1024.jpg, small], \n\t\t\t\t\t[https:\/\/www.skaala.com\/wp-content\/uploads\/2023\/11\/Ikkunat-ikkunaremontin-jalkeen-e1700135812133-1024x1024.jpg, medium], \n\t\t\t\t\t[https:\/\/www.skaala.com\/wp-content\/uploads\/2023\/11\/Ikkunat-ikkunaremontin-jalkeen-e1700135812133.jpg, large], \n\t\t\t\t\t[https:\/\/www.skaala.com\/wp-content\/uploads\/2023\/11\/Ikkunat-ikkunaremontin-jalkeen-1024x1536.jpg, xlarge]\"\n\t\t\t\t\t>\n\t\t<\/div>\n\t\t\t<\/div>\n\t\t<div class=\"featured-item\">\n\t\t<div class=\"content-half has-dark-gray-background-color\">\n\t\t\t<div class=\"featured-item--content grid-item\">\n\t\t\t\t\t\t<a class=\"button button-large\" href=\"https:\/\/www.skaala.com\/fi\/tietoa-skaalasta\/\">Tietoa Skaalasta<\/a>\n\t\t\t\t\t\t<\/div>\n\t\t<\/div>\n\t\t\t\t<div class=\"featured-item--image grid-item\"\n\t\t\t\t\tdata-interchange=\"\n\t\t\t\t\t[https:\/\/www.skaala.com\/wp-content\/uploads\/2025\/04\/Yliharman-tehdas-1024x576.jpg, small], \n\t\t\t\t\t[https:\/\/www.skaala.com\/wp-content\/uploads\/2025\/04\/Yliharman-tehdas-1024x576.jpg, medium], \n\t\t\t\t\t[https:\/\/www.skaala.com\/wp-content\/uploads\/2025\/04\/Yliharman-tehdas-1200x675.jpg, large], \n\t\t\t\t\t[https:\/\/www.skaala.com\/wp-content\/uploads\/2025\/04\/Yliharman-tehdas-1536x864.jpg, xlarge]\"\n\t\t\t\t\t>\n\t\t<\/div>\n\t\t\t<\/div>\n\t<\/div>\n","protected":false},"excerpt":{"rendered":"","protected":false},"author":5,"featured_media":4871,"parent":139,"menu_order":0,"comment_status":"closed","ping_status":"closed","template":"","meta":{"_acf_changed":false,"inline_featured_image":false,"footnotes":""},"class_list":["post-160","page","type-page","status-publish","has-post-thumbnail","hentry"],"acf":[],"_links":{"self":[{"href":"https:\/\/www.skaala.com\/fi\/wp-json\/wp\/v2\/pages\/160","targetHints":{"allow":["GET"]}}],"collection":[{"href":"https:\/\/www.skaala.com\/fi\/wp-json\/wp\/v2\/pages"}],"about":[{"href":"https:\/\/www.skaala.com\/fi\/wp-json\/wp\/v2\/types\/page"}],"author":[{"embeddable":true,"href":"https:\/\/www.skaala.com\/fi\/wp-json\/wp\/v2\/users\/5"}],"replies":[{"embeddable":true,"href":"https:\/\/www.skaala.com\/fi\/wp-json\/wp\/v2\/comments?post=160"}],"version-history":[{"count":84,"href":"https:\/\/www.skaala.com\/fi\/wp-json\/wp\/v2\/pages\/160\/revisions"}],"predecessor-version":[{"id":23796,"href":"https:\/\/www.skaala.com\/fi\/wp-json\/wp\/v2\/pages\/160\/revisions\/23796"}],"up":[{"embeddable":true,"href":"https:\/\/www.skaala.com\/fi\/wp-json\/wp\/v2\/pages\/139"}],"wp:featuredmedia":[{"embeddable":true,"href":"https:\/\/www.skaala.com\/fi\/wp-json\/wp\/v2\/media\/4871"}],"wp:attachment":[{"href":"https:\/\/www.skaala.com\/fi\/wp-json\/wp\/v2\/media?parent=160"}],"curies":[{"name":"wp","href":"https:\/\/api.w.org\/{rel}","templated":true}]}}