{"id":17144,"date":"2023-09-18T10:28:22","date_gmt":"2023-09-18T07:28:22","guid":{"rendered":"https:\/\/www.skaala.com\/?page_id=17144"},"modified":"2024-06-10T15:03:24","modified_gmt":"2024-06-10T12:03:24","slug":"pyyda-yhteydenottoa","status":"publish","type":"page","link":"https:\/\/www.skaala.com\/fi\/ota-yhteytta\/pyyda-yhteydenottoa\/","title":{"rendered":"Pyyd\u00e4 yhteydenottoa"},"content":{"rendered":"\n\t<header class=\"featured-hero has--background-color\" role=\"banner\">\n\t\t\t<h1>Yhteydenottopyynt\u00f6<\/h1>\n\t<\/header>\n\t\n\n\n<div class=\"wp-block-custom-content-area custom-wrapper alignleft has-light-blue-background-color\"><div class=\"outer-wrap\">\t\n\t<div id=\"heading-block-block_47429cfb53ed28204c04990428a489d0\" class=\"heading-block\">\n\t\t<h2 ><span>Pyyd\u00e4 yhteydenottoa &#8211; olemme sinuun yhteydess\u00e4 mahdollisimman pian<\/span><\/h2>\t<\/div>\n\n\n\n<div id=\"text-block-block_60dac0f9bdcdb4e73571d29582722b2b\" class=\"text-block\">\n\t\t\t<p>&nbsp;<\/p>\n<p>Modernit Skaala-ikkunat ja -ulko-ovet valmistetaan mittatilausty\u00f6n\u00e4. Tuotteillamme on suomalaisesta ty\u00f6st\u00e4 kertova Avainlippu-merkki.<\/p>\n<p>Voit j\u00e4tt\u00e4\u00e4 yhteydenottopyynn\u00f6n t\u00e4ytt\u00e4m\u00e4ll\u00e4 alla olevan lomakkeen. Olemme sinuun yhteydess\u00e4 mahdollisimman pian.<\/p>\n\t<\/div>\n\n<\/div><\/div>\n\n\n\n<div class=\"wp-block-custom-content-area custom-wrapper alignleft has-light-blue-background-color\"><div class=\"outer-wrap\">\n<div id=\"text-block-block_6cb22d96d13e7f0fa5d6a4908289723c\" class=\"text-block\">\n\t\t\t<p><iframe src=\"https:\/\/bot.leadoo.com\/bot\/inpage.html?code=4722270d\" style=\"border: none\" width=\"100%\" height=\"450px\" ><\/iframe><\/p>\n\t<\/div>\n\n<\/div><\/div>\n","protected":false},"excerpt":{"rendered":"","protected":false},"author":5,"featured_media":0,"parent":150,"menu_order":0,"comment_status":"closed","ping_status":"closed","template":"","meta":{"_acf_changed":false,"inline_featured_image":false,"footnotes":""},"class_list":["post-17144","page","type-page","status-publish","hentry"],"acf":[],"_links":{"self":[{"href":"https:\/\/www.skaala.com\/fi\/wp-json\/wp\/v2\/pages\/17144","targetHints":{"allow":["GET"]}}],"collection":[{"href":"https:\/\/www.skaala.com\/fi\/wp-json\/wp\/v2\/pages"}],"about":[{"href":"https:\/\/www.skaala.com\/fi\/wp-json\/wp\/v2\/types\/page"}],"author":[{"embeddable":true,"href":"https:\/\/www.skaala.com\/fi\/wp-json\/wp\/v2\/users\/5"}],"replies":[{"embeddable":true,"href":"https:\/\/www.skaala.com\/fi\/wp-json\/wp\/v2\/comments?post=17144"}],"version-history":[{"count":12,"href":"https:\/\/www.skaala.com\/fi\/wp-json\/wp\/v2\/pages\/17144\/revisions"}],"predecessor-version":[{"id":21167,"href":"https:\/\/www.skaala.com\/fi\/wp-json\/wp\/v2\/pages\/17144\/revisions\/21167"}],"up":[{"embeddable":true,"href":"https:\/\/www.skaala.com\/fi\/wp-json\/wp\/v2\/pages\/150"}],"wp:attachment":[{"href":"https:\/\/www.skaala.com\/fi\/wp-json\/wp\/v2\/media?parent=17144"}],"curies":[{"name":"wp","href":"https:\/\/api.w.org\/{rel}","templated":true}]}}