{"id":17635,"date":"2023-10-11T12:18:23","date_gmt":"2023-10-11T09:18:23","guid":{"rendered":"https:\/\/www.skaala.com\/?page_id=17635"},"modified":"2025-06-16T14:40:44","modified_gmt":"2025-06-16T11:40:44","slug":"suunnittelijoiden-materiaalipankki","status":"publish","type":"page","link":"https:\/\/www.skaala.com\/fi\/ammattiasiakkaat\/suunnittelijoiden-materiaalipankki\/","title":{"rendered":"Suunnittelijoiden materiaalipankki"},"content":{"rendered":"\n\t<header class=\"featured-hero custom\" role=\"banner\" data-interchange=\"\n\t\t[https:\/\/www.skaala.com\/wp-content\/uploads\/2023\/08\/Liukuoviautomustaautoasuntomessuillaauto2023auto2-1280x400.jpg, small],\n\t\t[https:\/\/www.skaala.com\/wp-content\/uploads\/2023\/08\/Liukuoviautomustaautoasuntomessuillaauto2023auto2-1280x400.jpg,medium],\n\t\t[https:\/\/www.skaala.com\/wp-content\/uploads\/2023\/08\/Liukuoviautomustaautoasuntomessuillaauto2023auto2-1440x400.jpg, large],\n\t\t[https:\/\/www.skaala.com\/wp-content\/uploads\/2023\/08\/Liukuoviautomustaautoasuntomessuillaauto2023auto2-1920x400.jpg, xlarge]\">\n\t\t\t<h1>Skaala-tuotteiden tekniset materiaalit<\/h1>\n\t<\/header>\n\t\n\n\n<div class=\"wp-block-custom-content-area custom-wrapper alignleft has-light-blue-background-color\"><div class=\"outer-wrap\">\n<div class=\"wp-block-custom-inner-columns has-two-columns custom-columns\"><div class=\"outer-wrap\">\n<div class=\"wp-block-custom-custom-column custom-column\"><div class=\"inner-wrap\">\n<div id=\"image-block_b8c1e6ba59880000ae4133e0a7449120\" class=\"image-block\">\n\t\t\t\t<div class=\"image-container\" style=\"width: px; height: \n\t\tauto;\">\n\t\t\t<img decoding=\"async\" src=\"https:\/\/www.skaala.com\/wp-content\/uploads\/2020\/07\/F\u00e4rg-scaled-e1660042046142.jpg\" alt=\"Skaala f\u00e4rg\">\n\t\t<\/div>\n\t \n\n\t<\/div>\n\n<\/div><\/div>\n\n\n\n<div class=\"wp-block-custom-custom-column custom-column\"><div class=\"inner-wrap\">\t\n\t<div id=\"heading-block-block_ceb68789bc2d852e97309c97457a63a6\" class=\"heading-block\">\n\t\t<h2 ><span>Revit-objektit, CE-merkinn\u00e4t, DWG-tiedostot<\/span><\/h2>\t<\/div>\n\n\n\n<div id=\"text-block-block_30a92cf2de44d3b7376218583570caf5\" class=\"text-block\">\n\t\t\t<p>T\u00e4m\u00e4 sivu on oikopolkusi Skaala-tuotteiden teknisiin dokumentteihin. Mik\u00e4li et l\u00f6yd\u00e4 tarvitsemaasi tietoa, j\u00e4t\u00e4 alta yhteystietosi, niin olemme sinuun yhteydess\u00e4.<\/p>\n\t<\/div>\n\n\n\n\n<a href=\"https:\/\/www.skaala.com\/fi\/ota-yhteytta\/pyyda-yhteydenottoa\/\" \nid=\"button-block-block_670775ace7d1e0d8406dc7f8981b661b\" \nclass=\"button-block button\"\ntarget=\"\"\n>Yhteydenottopyynt\u00f6<\/a>\n\n<\/div><\/div>\n<\/div><\/div>\n<\/div><\/div>\n\n\n\n<div class=\"wp-block-custom-content-area custom-wrapper alignleft has-light-blue-background-color\"><div class=\"outer-wrap\">\t\n\t<div id=\"heading-block-block_e7f7829e1b2388a2c4dda979e2c2cec3\" class=\"heading-block\">\n\t\t<h2 ><span>Skaalan Revit- ja ArchiCad-objektit suunnittelijoille ja ammattilaisille <\/span><\/h2>\t<\/div>\n\n\n\n<div id=\"text-block-block_77eced0415ccd9e16504b362b7c3edd6\" class=\"text-block design-service-content\">\n\t\t\t<p><strong>Tehokasta ja havainnollista tietomallipohjaista suunnitteluty\u00f6t\u00e4 varten tarjoamme arkkitehdeille sek\u00e4 rakennus- ja rakennesuunnittelijoille Skaalan ikkuna- ja ovituotteiden t\u00e4rke\u00e4t tiedot sis\u00e4lt\u00e4v\u00e4t Revit- ja ArchiCad-objektit.<\/strong><\/p>\n<p>Skaalan ikkunoiden ja ovien rakennedetaljit l\u00f6ytyv\u00e4t ProdLib-palvelusta, josta suunnittelijat voivat ladata tuotevalikoimamme suoraan Revit- sek\u00e4 ArchiCad-ohjelmiin.<\/p>\n<p>ProdLib-kirjastossa voit tutustua tuotteisiimme ja lis\u00e4t\u00e4 niit\u00e4 suoraan projekteihin. ProdLibi\u00e4 voi k\u00e4ytt\u00e4\u00e4 erillisen\u00e4 ohjelmana tai integroituna suunnitteluohjelmistoon. ProdLibin asentaminen ja k\u00e4ytt\u00f6 on t\u00e4ysin maksutonta.<\/p>\n<p>Skaalan tuotemalleja voi selata ja ladata my\u00f6s<a href=\"https:\/\/www.prodlib.com\/skaala\/\" target=\"_blank\" rel=\"noopener\"> ProdLibin nettiversiosta<\/a>.<\/p>\n\t<\/div>\n\n\n\n\n<div id=\"text-block-block_b48da48a7ba42193fe4ea6e9cc0eaabe\" class=\"text-block\">\n\t\t\t<p><iframe id=\"prodlib-iframe\"\nsrc=\"https:\/\/www.prodlib.com\/library\/embedded\/Skaala?lang=fi\" style=\"width: 100%;\nheight: 450px;\"><\/iframe><\/p>\n\t<\/div>\n\n<\/div><\/div>\n\n\n\n<div class=\"wp-block-custom-content-area custom-wrapper alignleft has-light-blue-background-color\"><div class=\"outer-wrap\">\t\n\t<div id=\"heading-block-block_259cb0fc41efe97f0c59c0b501e778dc\" class=\"heading-block\">\n\t\t<h3 ><span>RT-kortisto &#8211; Skaala-tuotetiedot <\/span><\/h3>\t<\/div>\n\n\n\n<div id=\"text-block-block_46f615c247ef49dc4549cb918a07c254\" class=\"text-block\">\n\t\t\t<p>RT-kortistosta l\u00f6ytyy kattavasti tietoa Skaalan tuotteiden teknisist\u00e4 ominaisuuksista.<\/p>\n<p>Dokumentteina palvelusta l\u00f6ytyy esimerkiksi Skaala-tuotteiden DoP-suoritustasoilmoitus, tyyppihyv\u00e4ksynt\u00e4p\u00e4\u00e4t\u00f6s, EPD-ymp\u00e4rist\u00f6seloste, tekninen dokumentaatio sek\u00e4 asennus-, k\u00e4ytt\u00f6- ja huolto-ohje.<\/p>\n\t<\/div>\n\n\n\n\n<a href=\"https:\/\/haku.tuotetieto.fi\/catalogsearch\/result\/?q=Skaala\" id=\"button-block-block_2b0699d5dd6b5ff9f6ba5a51da16cd1e\" class=\"button-block button\" target=\"_blank\" rel=\"noopener\">Siirry t\u00e4st\u00e4 RT-kortistoon &gt;<\/a>\n\n<\/div><\/div>\n\n\n<div class=\"featured-items-block block\">\n\t<div class=\"featured-item\">\n\t\t<div class=\"content-half has-dark-gray-background-color\">\n\t\t\t<div class=\"featured-item--content grid-item\">\n\t\t\t\t\t\t<a class=\"button button-large\" href=\"https:\/\/www.skaala.com\/fi\/ota-yhteytta\/yhteystiedot\/\">Yhteystiedot &#8211; Etsitk\u00f6 myyj\u00e4\u00e4 alueellasi tai oikeaa yhteyshenkil\u00f6\u00e4 toimistolta?\u00a0<\/a>\n\t\t\t\t\t\t<\/div>\n\t\t<\/div>\n\t\t\t\t<div class=\"featured-item--image grid-item\"\n\t\t\t\t\tdata-interchange=\"\n\t\t\t\t\t[https:\/\/www.skaala.com\/wp-content\/uploads\/2023\/08\/Olohuoneenautoikkunat-1024x1536.jpg, small], \n\t\t\t\t\t[https:\/\/www.skaala.com\/wp-content\/uploads\/2023\/08\/Olohuoneenautoikkunat-1024x1536.jpg, medium], \n\t\t\t\t\t[https:\/\/www.skaala.com\/wp-content\/uploads\/2023\/08\/Olohuoneenautoikkunat-1200x1800.jpg, large], \n\t\t\t\t\t[https:\/\/www.skaala.com\/wp-content\/uploads\/2023\/08\/Olohuoneenautoikkunat-1024x1536.jpg, xlarge]\"\n\t\t\t\t\t>\n\t\t<\/div>\n\t\t\t<\/div>\n\t\t<div class=\"featured-item\">\n\t\t<div class=\"content-half has-dark-gray-background-color\">\n\t\t\t<div class=\"featured-item--content grid-item\">\n\t\t\t\t\t\t<a class=\"button button-large\" href=\"https:\/\/www.skaala.com\/fi\/kestava-kehitys-skaala\/\">Kest\u00e4v\u00e4 kehitys<\/a>\n\t\t\t\t\t\t<\/div>\n\t\t<\/div>\n\t\t\t\t<div class=\"featured-item--image grid-item\"\n\t\t\t\t\tdata-interchange=\"\n\t\t\t\t\t[https:\/\/www.skaala.com\/wp-content\/uploads\/2022\/11\/Seglingeautokallioltaautowww-e1668767520211-1024x499.jpg, small], \n\t\t\t\t\t[https:\/\/www.skaala.com\/wp-content\/uploads\/2022\/11\/Seglingeautokallioltaautowww-e1668767520211-1024x499.jpg, medium], \n\t\t\t\t\t[https:\/\/www.skaala.com\/wp-content\/uploads\/2022\/11\/Seglingeautokallioltaautowww-e1668767520211-1200x584.jpg, large], \n\t\t\t\t\t[https:\/\/www.skaala.com\/wp-content\/uploads\/2022\/11\/Seglingeautokallioltaautowww-e1668767520211-1536x748.jpg, xlarge]\"\n\t\t\t\t\t>\n\t\t<\/div>\n\t\t\t<\/div>\n\t\t<div class=\"featured-item\">\n\t\t<div class=\"content-half has-dark-gray-background-color\">\n\t\t\t<div class=\"featured-item--content grid-item\">\n\t\t\t\t\t\t<a class=\"button button-large\" href=\"https:\/\/www.skaala.com\/fi\/tietoa-skaalasta\/\">Tietoa Skaalasta<\/a>\n\t\t\t\t\t\t<\/div>\n\t\t<\/div>\n\t\t\t\t<div class=\"featured-item--image grid-item\"\n\t\t\t\t\tdata-interchange=\"\n\t\t\t\t\t[https:\/\/www.skaala.com\/wp-content\/uploads\/2025\/04\/Yliharman-tehdas-1024x576.jpg, small], \n\t\t\t\t\t[https:\/\/www.skaala.com\/wp-content\/uploads\/2025\/04\/Yliharman-tehdas-1024x576.jpg, medium], \n\t\t\t\t\t[https:\/\/www.skaala.com\/wp-content\/uploads\/2025\/04\/Yliharman-tehdas-1200x675.jpg, large], \n\t\t\t\t\t[https:\/\/www.skaala.com\/wp-content\/uploads\/2025\/04\/Yliharman-tehdas-1536x864.jpg, xlarge]\"\n\t\t\t\t\t>\n\t\t<\/div>\n\t\t\t<\/div>\n\t<\/div>\n","protected":false},"excerpt":{"rendered":"","protected":false},"author":5,"featured_media":7913,"parent":118,"menu_order":0,"comment_status":"closed","ping_status":"closed","template":"page-templates\/design-service-tpl.php","meta":{"_acf_changed":false,"inline_featured_image":false,"footnotes":""},"class_list":["post-17635","page","type-page","status-publish","has-post-thumbnail","hentry"],"acf":[],"_links":{"self":[{"href":"https:\/\/www.skaala.com\/fi\/wp-json\/wp\/v2\/pages\/17635","targetHints":{"allow":["GET"]}}],"collection":[{"href":"https:\/\/www.skaala.com\/fi\/wp-json\/wp\/v2\/pages"}],"about":[{"href":"https:\/\/www.skaala.com\/fi\/wp-json\/wp\/v2\/types\/page"}],"author":[{"embeddable":true,"href":"https:\/\/www.skaala.com\/fi\/wp-json\/wp\/v2\/users\/5"}],"replies":[{"embeddable":true,"href":"https:\/\/www.skaala.com\/fi\/wp-json\/wp\/v2\/comments?post=17635"}],"version-history":[{"count":58,"href":"https:\/\/www.skaala.com\/fi\/wp-json\/wp\/v2\/pages\/17635\/revisions"}],"predecessor-version":[{"id":24792,"href":"https:\/\/www.skaala.com\/fi\/wp-json\/wp\/v2\/pages\/17635\/revisions\/24792"}],"up":[{"embeddable":true,"href":"https:\/\/www.skaala.com\/fi\/wp-json\/wp\/v2\/pages\/118"}],"wp:featuredmedia":[{"embeddable":true,"href":"https:\/\/www.skaala.com\/fi\/wp-json\/wp\/v2\/media\/7913"}],"wp:attachment":[{"href":"https:\/\/www.skaala.com\/fi\/wp-json\/wp\/v2\/media?parent=17635"}],"curies":[{"name":"wp","href":"https:\/\/api.w.org\/{rel}","templated":true}]}}