{"id":17699,"date":"2023-10-13T12:48:22","date_gmt":"2023-10-13T09:48:22","guid":{"rendered":"https:\/\/www.skaala.com\/?page_id=17699"},"modified":"2025-07-16T14:24:20","modified_gmt":"2025-07-16T11:24:20","slug":"skaala-showroomit-tervetuloa","status":"publish","type":"page","link":"https:\/\/www.skaala.com\/fi\/skaala-showroomit-tervetuloa\/","title":{"rendered":"Showroomeilla esill\u00e4 koko Skaala"},"content":{"rendered":"\n\t\t<header class=\"featured-hero article\" role=\"banner\" data-interchange=\"[https:\/\/www.skaala.com\/wp-content\/uploads\/2023\/10\/Skaala-showroom-Vantaa-640x200.jpg, small], [https:\/\/www.skaala.com\/wp-content\/uploads\/2023\/10\/Skaala-showroom-Vantaa-1280x400.jpg, medium], [https:\/\/www.skaala.com\/wp-content\/uploads\/2023\/10\/Skaala-showroom-Vantaa-1440x400.jpg, large], [https:\/\/www.skaala.com\/wp-content\/uploads\/2023\/10\/Skaala-showroom-Vantaa-1920x400.jpg, xlarge]\">\n\t\t\t\t\t<h1>Showroomeilla esill\u00e4 koko Skaala<\/h1>\n\t\t<\/header>\n\t\t\n\n\n<div class=\"wp-block-custom-content-area custom-wrapper alignleft has-light-blue-background-color\"><div class=\"outer-wrap\">\n<div class=\"wp-block-custom-inner-columns has-one-columns custom-columns\"><div class=\"outer-wrap\">\n<div class=\"wp-block-custom-custom-column custom-column\"><div class=\"inner-wrap\">\t\n\t<div id=\"heading-block-block_d01c5566101a484fa48a4a58bc600c3f\" class=\"heading-block\">\n\t\t<h2 ><span>Tervetuloa Skaalan Showroomille<\/span><\/h2>\t<\/div>\n\n\n\n<div id=\"text-block-block_53f8ab5af92defe5d59e0172166d05c0\" class=\"text-block\">\n\t\t\t<p><strong>Skaalan ikkunat ja ovet n\u00e4ht\u00e4vill\u00e4 Skaalan Showroomeilla Vantaalla, Tampereella, Oulussa ja Mikkeliss\u00e4.<\/strong> Vierailu showroomilla on helppo tapa tutustua tuotteisiimme k\u00e4yt\u00e4nn\u00f6ss\u00e4 ja saada lis\u00e4tietoa tuotteiden ominaisuuksista ja lis\u00e4varusteista sek\u00e4 kysy\u00e4 apua ammattilaisilta. Kun etsit kest\u00e4vi\u00e4 kotimaisia ikkuna- ja oviratkaisuja uuteen kotiin tai remonttikohteeseen, l\u00f6yd\u00e4t ne Skaalalta! Skaalalla on vuosikymmenien kokemus my\u00f6s taloyhti\u00f6iden ja julkisten kohteiden ovi- ja ikkunaremonteista, joten prosessimme on sulava, luotettava ja ammattitaitoinen.<\/p>\n<p>&nbsp;<\/p>\n<p>\u2714 Koe, miten tavallinen lasi eroaa auringonsuojalasista<\/p>\n<p>\u2714 Kuule perinteisen ja \u00e4\u00e4nieristetyn ikkunan ero<\/p>\n<p>\u2714 Testaa kuinka sujuvasti lasiliukuovemme avautuvat ja sulkeutuvat<\/p>\n<p>\u2714 Suunnittele ja visualisoi uusi sis\u00e4\u00e4nk\u00e4ynti kotiisi. Skaalalla on noin 40 eri ovimallia, joista osa on n\u00e4ht\u00e4vill\u00e4 Showroomilla.<\/p>\n<p>\u2714 N\u00e4e ikkunoiden ja ovien lis\u00e4varusteet sek\u00e4 tuotteiden suosituss\u00e4vyt<\/p>\n<p>\u2714 Tutustu avaimettomaan Yale Doorman L3 -\u00e4lylukkoon<\/p>\n<p>\u2714 Kokeile erilaisten painikkeiden tuntumaa ja toimivuutta<\/p>\n<p>\u2714 Testaa oven tuulijarrua ja muita k\u00e4yt\u00e4nn\u00f6llisi\u00e4 ominaisuuksia<\/p>\n<p>\u2714 Tutustu kerrostaso-ovien monipuolisiin viilu- ja v\u00e4rivaihtoehtoihin<\/p>\n\t<\/div>\n\n<\/div><\/div>\n<\/div><\/div>\n\n\n\n<div id=\"text-block-block_41c3b2c2da11e8eaa08bc0dedaa7b9bf\" class=\"text-block\">\n\t\t\t<div class=\"video-container\"><iframe title=\"Skaala Showroom\" width=\"500\" height=\"281\" src=\"https:\/\/www.youtube.com\/embed\/Z7G5IuWxNlw?start=19&#038;feature=oembed\" frameborder=\"0\" allow=\"accelerometer; autoplay; clipboard-write; encrypted-media; gyroscope; picture-in-picture; web-share\" referrerpolicy=\"strict-origin-when-cross-origin\" allowfullscreen><\/iframe><\/div>\n\t<\/div>\n\n\n\n\n<div class=\"wp-block-custom-inner-columns has-one-columns custom-columns\"><div class=\"outer-wrap\">\n<div class=\"wp-block-custom-custom-column custom-column\"><div class=\"inner-wrap\">\t\n\t<div id=\"heading-block-block_57edd3ae19983b1d42230c1e702e3ae3\" class=\"heading-block\">\n\t\t<h2 ><span>Varaa aikasi<\/span><\/h2>\t<\/div>\n\n\n\n<div id=\"text-block-block_404d209097081bc7ef9a7c69f72ace85\" class=\"text-block\">\n\t\t\t<p>Varaa esittelyaika alta tai suoraan alueen myyj\u00e4lt\u00e4. L\u00e4himm\u00e4n kauppiaan l\u00f6yd\u00e4t t\u00e4\u00e4lt\u00e4: <a href=\"https:\/\/www.skaala.com\/fi\/ota-yhteytta\/yhteystiedot\/\">Yhteystiedot<\/a><\/p>\n\t<\/div>\n\n\n\n\n<div id=\"text-block-block_a44ac23186ec536eb713ab1c17ea07d0\" class=\"text-block\">\n\t\t\t<p><script type=\"text\/javascript\" async src=\"https:\/\/bot.leadoo.com\/bot\/inpage.js?code=4722270d#seamless\"><\/script><\/p>\n\t<\/div>\n\n<\/div><\/div>\n<\/div><\/div>\n\n\n\n<div class=\"wp-block-custom-inner-columns has-two-columns custom-columns\"><div class=\"outer-wrap\">\n<div class=\"wp-block-custom-custom-column custom-column\"><div class=\"inner-wrap\">\t\n\t<div id=\"heading-block-block_f672b9fdb14b7fab93be7b005c19ac1c\" class=\"heading-block\">\n\t\t<h3 ><span>Vantaan Showroom<\/span><\/h3>\t<\/div>\n\n\n\n<div id=\"text-block-block_4222005cd71fb29ca4c58a9735a1fe93\" class=\"text-block\">\n\t\t\t<p>Business Park Keh\u00e4mylly<br \/>\nVantaankoskentie 14<br \/>\n01670 VANTAA<\/p>\n\t<\/div>\n\n<\/div><\/div>\n\n\n\n<div class=\"wp-block-custom-custom-column custom-column\"><div class=\"inner-wrap\">\t\n\t<div id=\"heading-block-block_3b5caee59672149e277a57895dfb3d43\" class=\"heading-block\">\n\t\t<h3 ><span>Tampereen Showroom<\/span><\/h3>\t<\/div>\n\n\n\n<div id=\"text-block-block_9ef02029a9908065f377684c6f0f60fc\" class=\"text-block\">\n\t\t\t<p>Haarlankatu 4F<br \/>\n33230 TAMPERE<\/p>\n\t<\/div>\n\n<\/div><\/div>\n<\/div><\/div>\n\n\n\n<div class=\"wp-block-custom-inner-columns has-two-columns custom-columns\"><div class=\"outer-wrap\">\n<div class=\"wp-block-custom-custom-column custom-column\"><div class=\"inner-wrap\">\t\n\t<div id=\"heading-block-block_f73cee85584d50acb24a1295d4baa02b\" class=\"heading-block\">\n\t\t<h3 ><span>Oulun Showroom<\/span><\/h3>\t<\/div>\n\n\n\n<div id=\"text-block-block_2767fee1e30d071cccc157c60e96d870\" class=\"text-block\">\n\t\t\t<p>Liitintie 30<br \/>\n90620 OULU<\/p>\n\t<\/div>\n\n<\/div><\/div>\n\n\n\n<div class=\"wp-block-custom-custom-column custom-column\"><div class=\"inner-wrap\">\t\n\t<div id=\"heading-block-block_59548659f05eaff535a5530c6ba2ea0b\" class=\"heading-block\">\n\t\t<h3 ><span>Mikkelin Kauppias-showroom<\/span><\/h3>\t<\/div>\n\n\n\n<div id=\"text-block-block_f57d35b540a86386ed7172a3aa5ae6f5\" class=\"text-block\">\n\t\t\t<p>Porrassalmenkatu 13<br \/>\n50100 MIKKELI<\/p>\n<p>Jari Tilli 050 555 5885<\/p>\n\t<\/div>\n\n<\/div><\/div>\n<\/div><\/div>\n<\/div><\/div>\n\n\n\n<div class=\"wp-block-custom-divider-image has-none-overlay divider-image-medium has-background-image\" style=\"background-image:url(https:\/\/www.skaala.com\/wp-content\/uploads\/2024\/01\/Vantaan-Showroom.jpg)\"><\/div>\n","protected":false},"excerpt":{"rendered":"","protected":false},"author":566,"featured_media":17702,"parent":0,"menu_order":0,"comment_status":"closed","ping_status":"closed","template":"","meta":{"_acf_changed":false,"inline_featured_image":false,"footnotes":""},"class_list":["post-17699","page","type-page","status-publish","has-post-thumbnail","hentry"],"acf":[],"_links":{"self":[{"href":"https:\/\/www.skaala.com\/fi\/wp-json\/wp\/v2\/pages\/17699","targetHints":{"allow":["GET"]}}],"collection":[{"href":"https:\/\/www.skaala.com\/fi\/wp-json\/wp\/v2\/pages"}],"about":[{"href":"https:\/\/www.skaala.com\/fi\/wp-json\/wp\/v2\/types\/page"}],"author":[{"embeddable":true,"href":"https:\/\/www.skaala.com\/fi\/wp-json\/wp\/v2\/users\/566"}],"replies":[{"embeddable":true,"href":"https:\/\/www.skaala.com\/fi\/wp-json\/wp\/v2\/comments?post=17699"}],"version-history":[{"count":140,"href":"https:\/\/www.skaala.com\/fi\/wp-json\/wp\/v2\/pages\/17699\/revisions"}],"predecessor-version":[{"id":25065,"href":"https:\/\/www.skaala.com\/fi\/wp-json\/wp\/v2\/pages\/17699\/revisions\/25065"}],"wp:featuredmedia":[{"embeddable":true,"href":"https:\/\/www.skaala.com\/fi\/wp-json\/wp\/v2\/media\/17702"}],"wp:attachment":[{"href":"https:\/\/www.skaala.com\/fi\/wp-json\/wp\/v2\/media?parent=17699"}],"curies":[{"name":"wp","href":"https:\/\/api.w.org\/{rel}","templated":true}]}}