{"id":186,"date":"2020-04-20T15:29:21","date_gmt":"2020-04-20T12:29:21","guid":{"rendered":"https:\/\/www.skaala.com\/?page_id=186"},"modified":"2026-04-17T08:51:59","modified_gmt":"2026-04-17T05:51:59","slug":"parvekeovet-terassiovet","status":"publish","type":"page","link":"https:\/\/www.skaala.com\/fi\/ovet\/parvekeovet-terassiovet\/","title":{"rendered":"Parvekeovet &#038; Terassiovet"},"content":{"rendered":"\n\t<header class=\"featured-hero custom\" role=\"banner\" data-interchange=\"\n\t\t[https:\/\/www.skaala.com\/wp-content\/uploads\/2022\/06\/Terassinautoovi-940x400.png, small],\n\t\t[https:\/\/www.skaala.com\/wp-content\/uploads\/2022\/06\/Terassinautoovi-940x400.png,medium],\n\t\t[https:\/\/www.skaala.com\/wp-content\/uploads\/2022\/06\/Terassinautoovi-940x400.png, large],\n\t\t[https:\/\/www.skaala.com\/wp-content\/uploads\/2022\/06\/Terassinautoovi-940x400.png, xlarge]\">\n\t\t\t<h1>Terassiovet &#038; Parvekeovet<\/h1>\n\t<\/header>\n\t\n\n\n<div class=\"wp-block-custom-content-area custom-wrapper alignleft has-light-blue-background-color\"><div class=\"outer-wrap\">\t\n\t<div id=\"heading-block-block_5a110a10d045d2062b41ef17523e37db\" class=\"heading-block\">\n\t\t<h2 ><span>Terassiovet ja parvekeovet suomalaisiin olosuhteisiin<\/span><\/h2>\t<\/div>\n\n\n\n<div id=\"text-block-block_9a00c392fb3ccc6df3ade824163e678e\" class=\"text-block\">\n\t\t\t<p style=\"text-align: left;\">Viimeistele yhten\u00e4inen kokonaisuus ja muotoilu ikkunoiden kanssa Skaala parvekeovilla.<\/p>\n<p>&nbsp;<\/p>\n<p style=\"text-align: left;\">Skaalan parvekeovi sopii suomalaisten kotien terasseille ja parvekkeille. Terassiovi on kest\u00e4v\u00e4 ja energiatehokas ratkaisu niin omakotitaloihin, taloyhti\u00f6ihin kuin vapaa-ajan asuntoihinkin. Voit valita oven joko HDF- tai alumiinipintaisena. Pienelle parvekkeelle sopii sis\u00e4\u00e4naukeava ranskalainen parvekeovi.<\/p>\n<p>&nbsp;<\/p>\n<p style=\"text-align: left;\"><a href=\"https:\/\/www.skaala.com\/wp-content\/uploads\/2025\/10\/Skaala-Terassi-ja-parvekeovet.pdf\">Skaalan parvekeovet<\/a> ovat saatavilla vakio-ominaisuuksilla sek\u00e4 eritt\u00e4in energiatehokkaana mallina. Oven lasiaukon koko on mahdollista mitoittaa viereisten ikkunoiden mukaisesti. Oven eristyslasiosalla on samat energiatehokkuusarvot kuin vastaavan luokan ikkunalla, joten suurikin lasiaukko pit\u00e4\u00e4 kylm\u00e4n loitolla..<\/p>\n<p>&nbsp;<\/p>\n<p style=\"text-align: left;\"><a href=\"https:\/\/www.skaala.com\/fi\/suomessa-tehdyt-ikkunat-ja-ovet\/\">Kaikki parvekeovet valmistetaan Skaalan tehtaalla Kauhavalla, Etel\u00e4-Pohjanmaalla.<\/a><\/p>\n\t<\/div>\n\n\n\n\n<a href=\"https:\/\/www.skaala.com\/fi\/ota-yhteytta\/pyyda-tarjous\/\" \nid=\"button-block-block_b60690d420c159899d0a5f17fb2b8988\" \nclass=\"button-block button\"\ntarget=\"_blank\"\n>Pyyd\u00e4 tarjous Skaala-parvekeovista<\/a>\n\n<\/div><\/div>\n\n\n\n<div class=\"wp-block-custom-content-area custom-wrapper aligncenter has-dark-gray-background-color\"><div class=\"outer-wrap\">\t\n\t<div id=\"heading-block-block_be41782c438f961008f3c5cfac939c63\" class=\"heading-block\">\n\t\t<h2 ><span>Energiatehokkaat parveke- ja terassiovet <\/span><\/h2>\t<\/div>\n\n\n\n<div id=\"text-block-block_eedfa5e5ba3020d12772874612333af9\" class=\"text-block\">\n\t\t\t<p>Kolmilasiset parveke- ja terassiovemme ovat saatavilla eri lasivaihtoehdoilla. Voit valita oveen <a href=\"https:\/\/www.skaala.com\/fi\/turvalasi\/\">turvalasin<\/a>, kuviolasin tai <a href=\"https:\/\/www.skaala.com\/fi\/huurtumaton-lasi\/\" target=\"_blank\" rel=\"noopener\">huurtumattoman lasin<\/a>.<\/p>\n\t<\/div>\n\n<\/div><\/div>\n\n\n\t<div class=\"product-wrapper has-dark-gray-background-color\">\n\t\t<div class=\"featured-product--grid \">\n<div class=\"featured-product-block product-doors\">\n\t<div class=\"featured-product\">\n\t\t\t\t\t<div class=\"grid-item\">\n\t\t\t<img class=\"featured-item--image\"\n\t\t\t\t\t\tdata-interchange=\"\n\t\t\t\t\t\t[https:\/\/www.skaala.com\/wp-content\/uploads\/2020\/05\/Loiste-ovi.jpg, small], \n\t\t\t\t\t\t[https:\/\/www.skaala.com\/wp-content\/uploads\/2020\/05\/Loiste-ovi.jpg, medium], \n\t\t\t\t\t\t[https:\/\/www.skaala.com\/wp-content\/uploads\/2020\/05\/Loiste-ovi.jpg, large], \n\t\t\t\t\t\t[https:\/\/www.skaala.com\/wp-content\/uploads\/2020\/05\/Loiste-ovi.jpg, xlarge]\"\n\t\t\t\t\t\t>\n\t\t\t<\/img>\n\t\t\t<\/div>\n\t\t\t\t<div class=\"grid-item product-info\">\n\t\t\t<h2>Skaala Loiste terassiovi<\/h2>\n\t\t\t\t\t\t<div class=\"tags\">\n\t\t\t\t\t\t<\/div>\n\t\t\t<p><a class=\"button\" href=\"https:\/\/www.skaala.com\/fi\/kaikki-ovet\/skaala-loiste-terassiovi\/\">Katso tiedot<\/a><\/p>\n\t\t<\/div>\n\t<\/div>\n<\/div>\n<div class=\"featured-product-block product-doors\">\n\t<div class=\"featured-product\">\n\t\t\t\t\t<div class=\"grid-item\">\n\t\t\t<img class=\"featured-item--image\"\n\t\t\t\t\t\tdata-interchange=\"\n\t\t\t\t\t\t[https:\/\/www.skaala.com\/wp-content\/uploads\/2020\/05\/Louna-ovi.jpg, small], \n\t\t\t\t\t\t[https:\/\/www.skaala.com\/wp-content\/uploads\/2020\/05\/Louna-ovi.jpg, medium], \n\t\t\t\t\t\t[https:\/\/www.skaala.com\/wp-content\/uploads\/2020\/05\/Louna-ovi.jpg, large], \n\t\t\t\t\t\t[https:\/\/www.skaala.com\/wp-content\/uploads\/2020\/05\/Louna-ovi.jpg, xlarge]\"\n\t\t\t\t\t\t>\n\t\t\t<\/img>\n\t\t\t<\/div>\n\t\t\t\t<div class=\"grid-item product-info\">\n\t\t\t<h2>Skaala Louna Terassiovi<\/h2>\n\t\t\t\t\t\t<div class=\"tags\">\n\t\t\t\t\t\t<\/div>\n\t\t\t<p><a class=\"button\" href=\"https:\/\/www.skaala.com\/fi\/kaikki-ovet\/skaala-louna-terassiovi\/\">Katso tiedot<\/a><\/p>\n\t\t<\/div>\n\t<\/div>\n<\/div>\n<\/div>\n<\/div>\n\n\n\t<div class=\"product-wrapper has-dark-gray-background-color\">\n\t\t<div class=\"featured-product--grid \">\n<div class=\"featured-product-block product-doors\">\n\t<div class=\"featured-product\">\n\t\t\t\t\t<div class=\"grid-item\">\n\t\t\t<img class=\"featured-item--image\"\n\t\t\t\t\t\tdata-interchange=\"\n\t\t\t\t\t\t[https:\/\/www.skaala.com\/wp-content\/uploads\/2020\/05\/Aamu-ovi.jpg, small], \n\t\t\t\t\t\t[https:\/\/www.skaala.com\/wp-content\/uploads\/2020\/05\/Aamu-ovi.jpg, medium], \n\t\t\t\t\t\t[https:\/\/www.skaala.com\/wp-content\/uploads\/2020\/05\/Aamu-ovi.jpg, large], \n\t\t\t\t\t\t[https:\/\/www.skaala.com\/wp-content\/uploads\/2020\/05\/Aamu-ovi.jpg, xlarge]\"\n\t\t\t\t\t\t>\n\t\t\t<\/img>\n\t\t\t<\/div>\n\t\t\t\t<div class=\"grid-item product-info\">\n\t\t\t<h2>Skaala Aamu Terassiovi<\/h2>\n\t\t\t\t\t\t<div class=\"tags\">\n\t\t\t\t\t\t<\/div>\n\t\t\t<p><a class=\"button\" href=\"https:\/\/www.skaala.com\/fi\/kaikki-ovet\/skaala-aamu-parvekeovi\/\">Katso tiedot<\/a><\/p>\n\t\t<\/div>\n\t<\/div>\n<\/div>\n<div class=\"featured-product-block product-doors\">\n\t<div class=\"featured-product\">\n\t\t\t\t\t<div class=\"grid-item\">\n\t\t\t<img class=\"featured-item--image\"\n\t\t\t\t\t\tdata-interchange=\"\n\t\t\t\t\t\t[https:\/\/www.skaala.com\/wp-content\/uploads\/2020\/05\/Kokolasinen-Aamu.jpg, small], \n\t\t\t\t\t\t[https:\/\/www.skaala.com\/wp-content\/uploads\/2020\/05\/Kokolasinen-Aamu.jpg, medium], \n\t\t\t\t\t\t[https:\/\/www.skaala.com\/wp-content\/uploads\/2020\/05\/Kokolasinen-Aamu.jpg, large], \n\t\t\t\t\t\t[https:\/\/www.skaala.com\/wp-content\/uploads\/2020\/05\/Kokolasinen-Aamu.jpg, xlarge]\"\n\t\t\t\t\t\t>\n\t\t\t<\/img>\n\t\t\t<\/div>\n\t\t\t\t<div class=\"grid-item product-info\">\n\t\t\t<h2>Skaala Aamu kokolasisena<\/h2>\n\t\t\t\t\t\t<div class=\"tags\">\n\t\t\t\t\t\t<\/div>\n\t\t\t<p><a class=\"button\" href=\"https:\/\/www.skaala.com\/fi\/kaikki-ovet\/skaala-kokolasinen-aamu-parvekeovi\/\">Katso tiedot<\/a><\/p>\n\t\t<\/div>\n\t<\/div>\n<\/div>\n<div class=\"featured-product-block product-doors\">\n\t<div class=\"featured-product\">\n\t\t\t\t\t<div class=\"grid-item\">\n\t\t\t<img class=\"featured-item--image\"\n\t\t\t\t\t\tdata-interchange=\"\n\t\t\t\t\t\t[https:\/\/www.skaala.com\/wp-content\/uploads\/2020\/05\/Aamu-pariovi.jpg, small], \n\t\t\t\t\t\t[https:\/\/www.skaala.com\/wp-content\/uploads\/2020\/05\/Aamu-pariovi.jpg, medium], \n\t\t\t\t\t\t[https:\/\/www.skaala.com\/wp-content\/uploads\/2020\/05\/Aamu-pariovi.jpg, large], \n\t\t\t\t\t\t[https:\/\/www.skaala.com\/wp-content\/uploads\/2020\/05\/Aamu-pariovi.jpg, xlarge]\"\n\t\t\t\t\t\t>\n\t\t\t<\/img>\n\t\t\t<\/div>\n\t\t\t\t<div class=\"grid-item product-info\">\n\t\t\t<h2>Skaala Aamu Duo<\/h2>\n\t\t\t\t\t\t<div class=\"tags\">\n\t\t\t\t\t\t<\/div>\n\t\t\t<p><a class=\"button\" href=\"https:\/\/www.skaala.com\/fi\/kaikki-ovet\/skaala-aamu-duo-parvekeovi\/\">Katso tiedot<\/a><\/p>\n\t\t<\/div>\n\t<\/div>\n<\/div>\n<div class=\"featured-product-block product-doors\">\n\t<div class=\"featured-product\">\n\t\t\t\t\t<div class=\"grid-item\">\n\t\t\t<img class=\"featured-item--image\"\n\t\t\t\t\t\tdata-interchange=\"\n\t\t\t\t\t\t[https:\/\/www.skaala.com\/wp-content\/uploads\/2020\/05\/Kokolasinen-Aamu-pariovi.jpg, small], \n\t\t\t\t\t\t[https:\/\/www.skaala.com\/wp-content\/uploads\/2020\/05\/Kokolasinen-Aamu-pariovi.jpg, medium], \n\t\t\t\t\t\t[https:\/\/www.skaala.com\/wp-content\/uploads\/2020\/05\/Kokolasinen-Aamu-pariovi.jpg, large], \n\t\t\t\t\t\t[https:\/\/www.skaala.com\/wp-content\/uploads\/2020\/05\/Kokolasinen-Aamu-pariovi.jpg, xlarge]\"\n\t\t\t\t\t\t>\n\t\t\t<\/img>\n\t\t\t<\/div>\n\t\t\t\t<div class=\"grid-item product-info\">\n\t\t\t<h2>Skaala Aamu Duo kokolasisena<\/h2>\n\t\t\t\t\t\t<div class=\"tags\">\n\t\t\t\t\t\t<\/div>\n\t\t\t<p><a class=\"button\" href=\"https:\/\/www.skaala.com\/fi\/kaikki-ovet\/skaala-aamu-pariovi-kokolasisena\/\">Katso tiedot<\/a><\/p>\n\t\t<\/div>\n\t<\/div>\n<\/div>\n<div class=\"featured-product-block product-doors\">\n\t<div class=\"featured-product\">\n\t\t\t\t\t<div class=\"grid-item\">\n\t\t\t<img class=\"featured-item--image\"\n\t\t\t\t\t\tdata-interchange=\"\n\t\t\t\t\t\t[https:\/\/www.skaala.com\/wp-content\/uploads\/2024\/05\/IOA-21.jpg, small], \n\t\t\t\t\t\t[https:\/\/www.skaala.com\/wp-content\/uploads\/2024\/05\/IOA-21.jpg, medium], \n\t\t\t\t\t\t[https:\/\/www.skaala.com\/wp-content\/uploads\/2024\/05\/IOA-21.jpg, large], \n\t\t\t\t\t\t[https:\/\/www.skaala.com\/wp-content\/uploads\/2024\/05\/IOA-21.jpg, xlarge]\"\n\t\t\t\t\t\t>\n\t\t\t<\/img>\n\t\t\t<\/div>\n\t\t\t\t<div class=\"grid-item product-info\">\n\t\t\t<h2>Skaala Aero Terassiovi<\/h2>\n\t\t\t\t\t\t<div class=\"tags\">\n\t\t\t\t\t\t<\/div>\n\t\t\t<p><a class=\"button\" href=\"https:\/\/www.skaala.com\/fi\/kaikki-ovet\/skaala-aero-parvekeovi\/\">Katso tiedot<\/a><\/p>\n\t\t<\/div>\n\t<\/div>\n<\/div>\n<div class=\"featured-product-block product-doors\">\n\t<div class=\"featured-product\">\n\t\t\t\t\t<div class=\"grid-item\">\n\t\t\t<img class=\"featured-item--image\"\n\t\t\t\t\t\tdata-interchange=\"\n\t\t\t\t\t\t[https:\/\/www.skaala.com\/wp-content\/uploads\/2020\/06\/IOA2L.png, small], \n\t\t\t\t\t\t[https:\/\/www.skaala.com\/wp-content\/uploads\/2020\/06\/IOA2L.png, medium], \n\t\t\t\t\t\t[https:\/\/www.skaala.com\/wp-content\/uploads\/2020\/06\/IOA2L.png, large], \n\t\t\t\t\t\t[https:\/\/www.skaala.com\/wp-content\/uploads\/2020\/06\/IOA2L.png, xlarge]\"\n\t\t\t\t\t\t>\n\t\t\t<\/img>\n\t\t\t<\/div>\n\t\t\t\t<div class=\"grid-item product-info\">\n\t\t\t<h2>Skaala Aamu kahdella lasiaukolla<\/h2>\n\t\t\t\t\t\t<div class=\"tags\">\n\t\t\t\t\t\t<\/div>\n\t\t\t<p><a class=\"button\" href=\"https:\/\/www.skaala.com\/fi\/kaikki-ovet\/kaksilasinen-skaala-parvekeovi\/\">Katso tiedot<\/a><\/p>\n\t\t<\/div>\n\t<\/div>\n<\/div>\n<div class=\"featured-product-block product-doors\">\n\t<div class=\"featured-product\">\n\t\t\t\t\t<div class=\"grid-item\">\n\t\t\t<img class=\"featured-item--image\"\n\t\t\t\t\t\tdata-interchange=\"\n\t\t\t\t\t\t[https:\/\/www.skaala.com\/wp-content\/uploads\/2026\/04\/Aaria-ranskalainen-parvekeovi-.png, small], \n\t\t\t\t\t\t[https:\/\/www.skaala.com\/wp-content\/uploads\/2026\/04\/Aaria-ranskalainen-parvekeovi-.png, medium], \n\t\t\t\t\t\t[https:\/\/www.skaala.com\/wp-content\/uploads\/2026\/04\/Aaria-ranskalainen-parvekeovi-.png, large], \n\t\t\t\t\t\t[https:\/\/www.skaala.com\/wp-content\/uploads\/2026\/04\/Aaria-ranskalainen-parvekeovi-.png, xlarge]\"\n\t\t\t\t\t\t>\n\t\t\t<\/img>\n\t\t\t<\/div>\n\t\t\t\t<div class=\"grid-item product-info\">\n\t\t\t<h2>Skaala Aaria ranskalainen parvekeovi<\/h2>\n\t\t\t\t\t\t<div class=\"tags\">\n\t\t\t\t\t\t<\/div>\n\t\t\t<p><a class=\"button\" href=\"https:\/\/www.skaala.com\/fi\/kaikki-ovet\/skaala-aaria-ranskalainen-parvekeovi\/\">Katso tiedot<\/a><\/p>\n\t\t<\/div>\n\t<\/div>\n<\/div>\n<\/div>\n<\/div>\n\n\n\n<div class=\"wp-block-custom-content-area custom-wrapper aligncenter has-light-blue-background-color\"><div class=\"outer-wrap\">\n<a href=\"https:\/\/skaala.ikkunaverkkokauppa.fi\/product\/show\/484\" id=\"button-block-block_3749940ff3c7e87269425df85dc360f2\" class=\"button-block button\" target=\"\" rel=\"noopener\">Laske ovien hinta verkkokaupassa<\/a>\n\n<\/div><\/div>\n\n\n\n<div class=\"wp-block-custom-content-area custom-wrapper alignleft has-light-blue-background-color\"><div class=\"outer-wrap\">\t\n\t<div id=\"heading-block-block_057016d57268396e353aa3eab5cd261c\" class=\"heading-block\">\n\t\t<h2 ><span>Parvekkeen ovet toiveidesi mukaan<\/span><\/h2>\t<\/div>\n\n\n\n<div id=\"text-block-block_2c8265aedad8faec18bb5b3c94c04591\" class=\"text-block\">\n\t\t\t<p>Skaalan valikoimasta l\u00f6yd\u00e4t eri sisustustyyleihin sopivat parvekkeen ovet. Parvekeovien tyylik\u00e4s muotoilu sopii perinteiseen ja moderniin tyyliin, puu- ja kivitaloihin sek\u00e4 oviremonttia vaativiin uudiskohteisiin. Voit valita valmiin ovivaihtoehdon mallistostamme tai muokata oven v\u00e4rin, materiaalin sek\u00e4 lasiaukon koon toiveidesi mukaan.<\/p>\n<p>&nbsp;<\/p>\n<p>Kaikki Skaalan parvekkeen ovet on suunniteltu kest\u00e4m\u00e4\u00e4n pohjoisen vaihtelevia olosuhteita. Siksi ne sopivat erinomaisesti niin isoille kuin pienille parvekkeille \u2013 my\u00f6s ranskalaiselle parvekkeelle, jossa ovi altistuu enemm\u00e4n s\u00e4\u00e4nvaihtelulle.<\/p>\n\t<\/div>\n\n\n\n\n<a href=\"https:\/\/www.skaala.com\/fi\/ikkunat\/nain-valitset-ovet\/\" id=\"button-block-block_378abbe30e27a607319f79982fb82d95\" class=\"button-block button\" target=\"\">N\u00e4in valitset ovet<\/a>\n\n\n\n\n<div id=\"text-block-block_c6e9e362b75c2b759129facbc9d2fd0b\" class=\"text-block\">\n\t<\/div>\n\n\n\n\t\n\t<div id=\"heading-block-block_aa03e17dcc13130d724b6a39cb2e5eb3\" class=\"heading-block\">\n\t\t<h2 ><span>Terassin ovet takaavat turvallisuuden<\/span><\/h2>\t<\/div>\n\n\n\n<div id=\"text-block-block_4ba2653dac271b094b8c8ad6e116b867\" class=\"text-block\">\n\t\t\t<p>Skaalan parvekkeen ja terassin ovet on suunniteltu kest\u00e4m\u00e4\u00e4n ja turvaamaan kotiasi: terassin ovet ovat yht\u00e4 tukevat ja kest\u00e4v\u00e4t kuin mallistomme muutkin <a href=\"https:\/\/www.skaala.com\/fi\/ovet\/ulko-ovet\/\" target=\"_blank\" rel=\"noopener\">ulko-ovet<\/a>. Varmista kotisi turvallisuus ja valitse kaikkiin ulko- ja terassin oviin haluamasi lukitusj\u00e4rjestelm\u00e4. <a href=\"https:\/\/www.skaala.com\/fi\/ovet\/ovien-varustelu-ja-ominaisuudet\/\">Kysy lis\u00e4\u00e4 lukitusvaihtoehdoista!<\/a><\/p>\n<p>&nbsp;<\/p>\n<p>Voit halutessasi valita terassin oviin \u00e4\u00e4nieristetyn materiaalin. \u00c4\u00e4nieristetyt terassin ovet ovat ulkon\u00e4\u00f6lt\u00e4\u00e4n samann\u00e4k\u00f6iset kuin tavalliset ovet, mutta rakenteensa ansiosta ne pit\u00e4v\u00e4t tehokkaasti melun ulkona.<\/p>\n\t<\/div>\n\n\n\n\n<a href=\"https:\/\/www.skaala.com\/fi\/ovet\/aanieristetty-ovi\/\" id=\"button-block-block_5232d9c169adecaa25c1ac873f05fad1\" class=\"button-block button\" target=\"\">Lue lis\u00e4\u00e4 \u00e4\u00e4nieristysovista<\/a>\n\n\n\n\n<div id=\"text-block-block_c6e9e362b75c2b759129facbc9d2fd0b\" class=\"text-block\">\n\t<\/div>\n\n\n\n\t\n\t<div id=\"heading-block-block_aa340754a9e9ef703127e7b44aaa5d93\" class=\"heading-block\">\n\t\t<h2 ><span>Skaalan ilmainen arviointik\u00e4ynti<\/span><\/h2>\t<\/div>\n\n\n\n<div id=\"text-block-block_852907bc814596cba304e2cab24252e1\" class=\"text-block\">\n\t\t\t<p><strong>Hy\u00f6dynn\u00e4 Skaalan ilmainen arviointik\u00e4ynti, kun tarvitset apua terassi- tai parvekeovien suunnittelussa.<\/strong><\/p>\n<p>&nbsp;<\/p>\n<p>Skaalan ammattilaiset auttavat sinua suunnittelemaan ja asemoimaan uudet tuotteet rakennukseen sopiviksi, olipa kyseess\u00e4 remontti tai uudiskohde. Kartoitamme tarpeesi ja ovien mitat sek\u00e4 autamme sinua rakennukseen sopivien tuotteiden valinnassa. Huomioimme my\u00f6s olemassa olevat rakenteet terassi- ja parvekeovia suunniteltaessa.<\/p>\n\t<\/div>\n\n\n\n\n<a href=\"https:\/\/www.skaala.com\/fi\/ota-yhteytta\/pyyda-ilmainen-arvio-tai-kartoitus\/\" id=\"button-block-block_0159567caf089cabb6c27fe7864e8b41\" class=\"button-block button\" target=\"\">Lue lis\u00e4\u00e4 ja pyyd\u00e4 ilmainen arvio<\/a>\n\n\n\n\n<a href=\"https:\/\/www.skaala.com\/fi\/ota-yhteytta\/pyyda-tarjous\/\" id=\"button-block-block_30a75ea2e428312e26dd8678ec29ccfd\" class=\"button-block button\" target=\"_blank\">Pyyd\u00e4 tarjous<\/a>\n\n<\/div><\/div>\n\n\n<div class=\"featured-items-block block\">\n\t<div class=\"featured-item\">\n\t\t<div class=\"content-half has-dark-gray-background-color\">\n\t\t\t<div class=\"featured-item--content grid-item\">\n\t\t\t\t\t\t<a class=\"button button-large\" href=\"https:\/\/www.skaala.com\/fi\/ovet\/ovien-varustelu-ja-ominaisuudet\/\">Ovien varustelu ja ominaisuudet<\/a>\n\t\t\t\t\t\t<\/div>\n\t\t<\/div>\n\t\t\t\t<div class=\"featured-item--image grid-item\"\n\t\t\t\t\tdata-interchange=\"\n\t\t\t\t\t[https:\/\/www.skaala.com\/wp-content\/uploads\/2023\/05\/Skaalaautolasiovi-1024x683.jpg, small], \n\t\t\t\t\t[https:\/\/www.skaala.com\/wp-content\/uploads\/2023\/05\/Skaalaautolasiovi-1024x683.jpg, medium], \n\t\t\t\t\t[https:\/\/www.skaala.com\/wp-content\/uploads\/2023\/05\/Skaalaautolasiovi-1200x800.jpg, large], \n\t\t\t\t\t[https:\/\/www.skaala.com\/wp-content\/uploads\/2023\/05\/Skaalaautolasiovi-1536x1024.jpg, xlarge]\"\n\t\t\t\t\t>\n\t\t<\/div>\n\t\t\t<\/div>\n\t\t<div class=\"featured-item\">\n\t\t<div class=\"content-half has-dark-gray-background-color\">\n\t\t\t<div class=\"featured-item--content grid-item\">\n\t\t\t\t\t\t<a class=\"button button-large\" href=\"https:\/\/www.skaala.com\/fi\/ovet\/ovien-hoito-ja-huolto\/\">Ovien hoito ja huolto<\/a>\n\t\t\t\t\t\t<\/div>\n\t\t<\/div>\n\t\t\t\t<div class=\"featured-item--image grid-item\"\n\t\t\t\t\tdata-interchange=\"\n\t\t\t\t\t[https:\/\/www.skaala.com\/wp-content\/uploads\/2020\/05\/Skaalan-asennuspavelu-rajattu-1024x1180.jpg, small], \n\t\t\t\t\t[https:\/\/www.skaala.com\/wp-content\/uploads\/2020\/05\/Skaalan-asennuspavelu-rajattu-1024x1180.jpg, medium], \n\t\t\t\t\t[https:\/\/www.skaala.com\/wp-content\/uploads\/2020\/05\/Skaalan-asennuspavelu-rajattu-1200x1383.jpg, large], \n\t\t\t\t\t[https:\/\/www.skaala.com\/wp-content\/uploads\/2020\/05\/Skaalan-asennuspavelu-rajattu-1333x1536.jpg, xlarge]\"\n\t\t\t\t\t>\n\t\t<\/div>\n\t\t\t<\/div>\n\t\t<div class=\"featured-item\">\n\t\t<div class=\"content-half has-dark-gray-background-color\">\n\t\t\t<div class=\"featured-item--content grid-item\">\n\t\t\t\t\t\t<a class=\"button button-large\" href=\"https:\/\/www.skaala.com\/fi\/ota-yhteytta\/yhteystiedot\/\">Yhteystiedot &#8211; Etsitk\u00f6 myyj\u00e4\u00e4 alueellasi tai oikeaa yhteyshenkil\u00f6\u00e4 toimistolta?\u00a0<\/a>\n\t\t\t\t\t\t<\/div>\n\t\t<\/div>\n\t\t\t\t<div class=\"featured-item--image grid-item\"\n\t\t\t\t\tdata-interchange=\"\n\t\t\t\t\t[https:\/\/www.skaala.com\/wp-content\/uploads\/2023\/08\/Olohuoneenautoikkunat-1024x1536.jpg, small], \n\t\t\t\t\t[https:\/\/www.skaala.com\/wp-content\/uploads\/2023\/08\/Olohuoneenautoikkunat-1024x1536.jpg, medium], \n\t\t\t\t\t[https:\/\/www.skaala.com\/wp-content\/uploads\/2023\/08\/Olohuoneenautoikkunat-1200x1800.jpg, large], \n\t\t\t\t\t[https:\/\/www.skaala.com\/wp-content\/uploads\/2023\/08\/Olohuoneenautoikkunat-1024x1536.jpg, xlarge]\"\n\t\t\t\t\t>\n\t\t<\/div>\n\t\t\t<\/div>\n\t<\/div>\n","protected":false},"excerpt":{"rendered":"","protected":false},"author":5,"featured_media":15449,"parent":137,"menu_order":0,"comment_status":"closed","ping_status":"closed","template":"","meta":{"_acf_changed":false,"inline_featured_image":false,"footnotes":""},"class_list":["post-186","page","type-page","status-publish","has-post-thumbnail","hentry"],"acf":[],"_links":{"self":[{"href":"https:\/\/www.skaala.com\/fi\/wp-json\/wp\/v2\/pages\/186","targetHints":{"allow":["GET"]}}],"collection":[{"href":"https:\/\/www.skaala.com\/fi\/wp-json\/wp\/v2\/pages"}],"about":[{"href":"https:\/\/www.skaala.com\/fi\/wp-json\/wp\/v2\/types\/page"}],"author":[{"embeddable":true,"href":"https:\/\/www.skaala.com\/fi\/wp-json\/wp\/v2\/users\/5"}],"replies":[{"embeddable":true,"href":"https:\/\/www.skaala.com\/fi\/wp-json\/wp\/v2\/comments?post=186"}],"version-history":[{"count":94,"href":"https:\/\/www.skaala.com\/fi\/wp-json\/wp\/v2\/pages\/186\/revisions"}],"predecessor-version":[{"id":28914,"href":"https:\/\/www.skaala.com\/fi\/wp-json\/wp\/v2\/pages\/186\/revisions\/28914"}],"up":[{"embeddable":true,"href":"https:\/\/www.skaala.com\/fi\/wp-json\/wp\/v2\/pages\/137"}],"wp:featuredmedia":[{"embeddable":true,"href":"https:\/\/www.skaala.com\/fi\/wp-json\/wp\/v2\/media\/15449"}],"wp:attachment":[{"href":"https:\/\/www.skaala.com\/fi\/wp-json\/wp\/v2\/media?parent=186"}],"curies":[{"name":"wp","href":"https:\/\/api.w.org\/{rel}","templated":true}]}}