{"id":18984,"date":"2024-01-15T09:15:25","date_gmt":"2024-01-15T07:15:25","guid":{"rendered":"https:\/\/www.skaala.com\/?page_id=18984"},"modified":"2026-04-17T16:04:13","modified_gmt":"2026-04-17T13:04:13","slug":"skaalan-messut","status":"publish","type":"page","link":"https:\/\/www.skaala.com\/fi\/skaalan-messut\/","title":{"rendered":"Skaalan messut 2026"},"content":{"rendered":"\n\t<header class=\"featured-hero custom\" role=\"banner\" data-interchange=\"\n\t\t[https:\/\/www.skaala.com\/wp-content\/uploads\/2026\/01\/Kauniit-ikkunat-1280x400.jpg, small],\n\t\t[https:\/\/www.skaala.com\/wp-content\/uploads\/2026\/01\/Kauniit-ikkunat-1280x400.jpg,medium],\n\t\t[https:\/\/www.skaala.com\/wp-content\/uploads\/2026\/01\/Kauniit-ikkunat-1440x400.jpg, large],\n\t\t[https:\/\/www.skaala.com\/wp-content\/uploads\/2026\/01\/Kauniit-ikkunat-1500x400.jpg, xlarge]\">\n\t\t\t<h1>Messut ja tapahtumat 2026<\/h1>\n\t<\/header>\n\t\n\n\n<div class=\"wp-block-custom-content-area custom-wrapper alignleft has-light-blue-background-color\"><div class=\"outer-wrap\">\t\n\t<div id=\"heading-block-block_001e31965c33025e5e23a8487a8ec9c5\" class=\"heading-block\">\n\t\t<h2 ><span>Tervetuloa messuille!<\/span><\/h2>\t<\/div>\n\n\n\n<div id=\"text-block-block_9f527135d82bd121f5a8a31f6464b3e4\" class=\"text-block\">\n\t\t\t<p>Osallistumme vuosittain erilaisiin remontointi-, rakennus- ja sisustusmessuihin ymp\u00e4ri Suomen. Paikan p\u00e4\u00e4ll\u00e4 voit tutustua korkealaatuisiin ja energiatehokkaisiin tuotteisiimme ja kysy\u00e4 lis\u00e4tietoja <strong>ikkunoista, ovista ja liukuovista<\/strong>. Messut ovat my\u00f6s loistava tilaisuus saada inspiraatiota ja ideoita omaan kotiin. Skaalan lasiantuntijat ovat paikalla vastaamassa kaikkiin kysymyksiisi ja auttavat sinua l\u00f6yt\u00e4m\u00e4\u00e4n juuri sinun tarpeisiisi sopivat ratkaisut.<\/p>\n<p>&nbsp;<\/p>\n<p>Katso alta, miss\u00e4 tapahtumissa olemme mukana t\u00e4n\u00e4 vuonna. P\u00e4ivit\u00e4mme tapahtumakalenteria vuoden mittaan.<\/p>\n<ul>\n<li><del>30.1.\u20131.2. <strong>Asta Tampere<\/strong> Tampereen Messu- ja Urheilukeskus, osasto A958<\/del><\/li>\n<li><del>13.-15.3. <strong>Raksa Lahti<\/strong> Lahden messukeskus, osasto C5A<\/del><\/li>\n<li><del>20.-22.3. <strong>Jyv\u00e4skyl\u00e4n rakennusmessut<\/strong> Paviljonki, osasto B560<\/del><\/li>\n<li><del>26.-29.3. <strong>Helsingin kev\u00e4tmessut <\/strong>Helsingin Messukeskus, osasto 6g70<\/del><\/li>\n<li><del>28.-29.3. <strong>Kotona Ylivieska<\/strong> Ylivieskan liikuntakeskus<\/del><\/li>\n<li><del>11.-12.4. <strong>Lohjan suurmessut <\/strong>Kauppatori, Lohja<\/del><\/li>\n<li><del>10.-12.4. <strong>Rakentaja Oulu <\/strong>Ouluhalli, osasto 120<\/del><\/li>\n<li>25.-26.4 <strong>Koti &amp; Piha messut<\/strong>, Porin urheilukeskus<\/li>\n<\/ul>\n<p>&nbsp;<\/p>\n<p>Taloyhti\u00f6tapahtumat:<\/p>\n<ul>\n<li><del>29.1.\u201330.1. <strong>Taloaseman Yritt\u00e4j\u00e4p\u00e4iv\u00e4t Kuopio<\/strong> Sokos Hotel Puijonsarvi<\/del><\/li>\n<li><del>16.4. <strong>Kiinteist\u00f62026 -messut <\/strong>Oulu<\/del><\/li>\n<li>21.4. <strong>Kiinteist\u00f6liiton Taloyhti\u00f6p\u00e4iv\u00e4<\/strong> Helsinki<\/li>\n<li>6.10. <strong>Kiinteist\u00f6liiton Taloyhti\u00f6p\u00e4iv\u00e4<\/strong> Oulu<\/li>\n<li>27.10. <strong>Kiinteist\u00f6liiton Taloyhti\u00f6p\u00e4iv\u00e4<\/strong> Tampere<\/li>\n<li>29.10. <strong>Kiinteist\u00f6liiton Taloyhti\u00f6p\u00e4iv\u00e4<\/strong> Turku<\/li>\n<li>3.11. <strong>Kiinteist\u00f6liiton Taloyhti\u00f6p\u00e4iv\u00e4<\/strong> Vaasa<\/li>\n<li>10.11. <strong>Kiinteist\u00f6liiton Taloyhti\u00f6p\u00e4iv\u00e4<\/strong> Lappeenranta<\/li>\n<li>16.11. <strong>Kiinteist\u00f6liiton Taloyhti\u00f6p\u00e4iv\u00e4<\/strong> Kuopio<\/li>\n<\/ul>\n<p>&nbsp;<\/p>\n<p><strong>Tervetuloa tapaamaan lasiantuntijoitamme ja tutustumaan tuotteisiimme!<\/strong><\/p>\n\t<\/div>\n\n\n\n\n<a href=\"https:\/\/www.skaala.com\/fi\/ota-yhteytta\/\" \nid=\"button-block-block_92ee4aae532b784d49788529f32f4b2f\" \nclass=\"button-block button\"\ntarget=\"\"\n>Ota yhteytt\u00e4<\/a>\n\n<\/div><\/div>\n","protected":false},"excerpt":{"rendered":"","protected":false},"author":566,"featured_media":18991,"parent":0,"menu_order":0,"comment_status":"closed","ping_status":"closed","template":"","meta":{"_acf_changed":false,"inline_featured_image":false,"footnotes":""},"class_list":["post-18984","page","type-page","status-publish","has-post-thumbnail","hentry"],"acf":[],"_links":{"self":[{"href":"https:\/\/www.skaala.com\/fi\/wp-json\/wp\/v2\/pages\/18984","targetHints":{"allow":["GET"]}}],"collection":[{"href":"https:\/\/www.skaala.com\/fi\/wp-json\/wp\/v2\/pages"}],"about":[{"href":"https:\/\/www.skaala.com\/fi\/wp-json\/wp\/v2\/types\/page"}],"author":[{"embeddable":true,"href":"https:\/\/www.skaala.com\/fi\/wp-json\/wp\/v2\/users\/566"}],"replies":[{"embeddable":true,"href":"https:\/\/www.skaala.com\/fi\/wp-json\/wp\/v2\/comments?post=18984"}],"version-history":[{"count":126,"href":"https:\/\/www.skaala.com\/fi\/wp-json\/wp\/v2\/pages\/18984\/revisions"}],"predecessor-version":[{"id":28920,"href":"https:\/\/www.skaala.com\/fi\/wp-json\/wp\/v2\/pages\/18984\/revisions\/28920"}],"wp:featuredmedia":[{"embeddable":true,"href":"https:\/\/www.skaala.com\/fi\/wp-json\/wp\/v2\/media\/18991"}],"wp:attachment":[{"href":"https:\/\/www.skaala.com\/fi\/wp-json\/wp\/v2\/media?parent=18984"}],"curies":[{"name":"wp","href":"https:\/\/api.w.org\/{rel}","templated":true}]}}