{"id":192,"date":"2020-04-20T15:30:31","date_gmt":"2020-04-20T12:30:31","guid":{"rendered":"https:\/\/www.skaala.com\/?page_id=192"},"modified":"2021-02-12T14:38:52","modified_gmt":"2021-02-12T12:38:52","slug":"luokittelemattomat-ovet","status":"publish","type":"page","link":"https:\/\/www.skaala.com\/fi\/ovet\/julkisten-tilojen-ovet\/luokittelemattomat-ovet\/","title":{"rendered":"Luokittelemattomat ovet"},"content":{"rendered":"\n\t<header class=\"featured-hero has-dark-gray-background-color\" role=\"banner\">\n\t\t\t<h1>Luokittelemattomat ovet \u2013 erikoisovet julkisiin tiloihin<\/h1>\n\t<\/header>\n\t\n\n\n<div class=\"wp-block-custom-content-area custom-wrapper alignleft has-light-blue-background-color\"><div class=\"outer-wrap\">\n<div id=\"text-block-block_5ebb9552b2e89\" class=\"text-block\">\n\t\t\t<p><em>Luokittelemattomat ovet ovat <\/em><em>vaativiin kohteisiin tarkoitettuja erikoisovia, jotka esimerkiksi erist\u00e4v\u00e4t \u00e4\u00e4nt\u00e4 ja joita k\u00e4ytet\u00e4\u00e4n muun muassa toimistoissa, sairaaloissa ja kouluissa. <\/em><em>Luokittelemattomilla ovilla ei ole \u00e4\u00e4ni- ja paloluokkavaatimuksia. Mallistoon kuuluu my\u00f6s ovia erilaisiin lukitusvaatimuksiin.<\/em><\/p>\n<p>Luokittelemattomat julkisten tilojen ovet ovat ovia, joilla ei ole \u00e4\u00e4ni- tai paloluokkavaatimuksia. N\u00e4iden iskuja kest\u00e4vien ovien k\u00e4ytt\u00f6kohteita ovat muun muassa p\u00e4iv\u00e4kodit, koulut, sairaalat ja toimistorakennukset.<\/p>\n<p>Skaalan korkealaatuiset luokittelemattomat ovet ovat suomalaista mittatilausty\u00f6t\u00e4. Oveen voi valita haluamansa maalis\u00e4vyn tai puuviilupinnan. Oven mukana toimitetaan oksattomat laatupuukarmit ja saatavana on my\u00f6s oven viilupinnan mukaiset jalopuukarmit. Meilt\u00e4 saat my\u00f6s ovien mittaus- ja asennuspalvelun.<\/p>\n\t<\/div>\n\n<\/div><\/div>\n\n\n\n<div class=\"wp-block-custom-content-area custom-wrapper alignleft has-dark-gray-background-color\"><div class=\"outer-wrap\">\t\n\t<div id=\"heading-block-block_5eaa928d3bb9c\" class=\"heading-block\">\n\t\t<h2 ><span>Luokittelemattomien ovien ominaisuudet <\/span><\/h2>\t<\/div>\n\n\n\n<div id=\"text-block-block_602674d060a15\" class=\"text-block\">\n\t\t\t<p>Luokittelemattomat ovet ovat MDF-ovia, joita saa tilattua useassa eri v\u00e4riss\u00e4. Saatavana my\u00f6s viilupinnoitteella.<\/p>\n<p>&nbsp;<\/p>\n<ul>\n<li><strong>Rakenne:<\/strong> Vahva 6 mm:n MDF-levypintainen keh\u00e4rakenne. Vakiona massiivipuureuna. Ovilevyn paksuus 40 mm.<\/li>\n<li><strong>Pinta:<\/strong> Maalattu MDF-levy, lakatuissa ja kuultok\u00e4sitellyiss\u00e4 ovissa viilupinnoite. Vakiov\u00e4rin\u00e4 valkoinen (NCS S 0502-Y). Muut s\u00e4vyt tilauksen mukaan. Kuultok\u00e4sitellyiss\u00e4 ovissa ovilevyjen pinnat on lakattu. Urakuviot ja listoitukset ovilehden molemmin puolin.<\/li>\n<li><strong>Heloitus:<\/strong> Vakiona 2014 tai LC190 lukkorunko, korkeuss\u00e4\u00e4dett\u00e4v\u00e4t saranat 110 \u00d7 30 tai korkeuss\u00e4\u00e4dett\u00e4v\u00e4t symmetriset tappikantavat lehtisaranat.<\/li>\n<li><strong>Karmi:<\/strong> Ovissa vakiona maalattu laatupuukarmi, jalopuukarmit saatavana tilauksesta. Karmisyvyys vakiona 92 mm, muut karmisyvyydet tilauksen mukaan.<\/li>\n<li><strong>Tiivistys:<\/strong> Karmissa yksi tiiviste.<\/li>\n<li><strong>L\u00e4mm\u00f6neriste:<\/strong> Eristeen\u00e4 rakennetta vahvistava polystyreeni.<\/li>\n<li><strong>Varustelu:<\/strong> Kysy myyj\u00e4lt\u00e4si lis\u00e4\u00e4 Skaalan luokittelemattomien sis\u00e4ovien vakio- ja optiovarusteista.<\/li>\n<li><strong>Lasipieli, s\u00e4hk\u00f6pieli, yl\u00e4ikkuna:<\/strong> Voit liitt\u00e4\u00e4 oveen tarvittaessa.<\/li>\n<\/ul>\n\t<\/div>\n\n<\/div><\/div>\n\n\n\n<div class=\"wp-block-custom-content-area custom-wrapper alignleft has-dark-gray-background-color\"><div class=\"outer-wrap\">\t\n\t<div id=\"heading-block-block_602674f360a16\" class=\"heading-block\">\n\t\t<h2 ><span>Skaalan luokittelemattomat ovet \u2013 tutustu valikoimaan<\/span><\/h2>\t<\/div>\n\n\n\n<div id=\"text-block-block_602674fa60a17\" class=\"text-block\">\n\t\t\t<p>Luokittelemattomat ovet ovat erikoisovia, joilla ei ole \u00e4\u00e4ni- tai paloluokkavaatimuksia.<\/p>\n\t<\/div>\n\n<\/div><\/div>\n\n\n\t<div class=\"product-wrapper has-dark-gray-background-color\">\n\t\t<div class=\"featured-product--grid \">\n<div class=\"featured-product-block product-doors\">\n\t<div class=\"featured-product\">\n\t\t\t\t\t<div class=\"grid-item\">\n\t\t\t<img class=\"featured-item--image\"\n\t\t\t\t\t\tdata-interchange=\"\n\t\t\t\t\t\t[https:\/\/www.skaala.com\/wp-content\/uploads\/2020\/05\/SKCFS-410-1.png, small], \n\t\t\t\t\t\t[https:\/\/www.skaala.com\/wp-content\/uploads\/2020\/05\/SKCFS-410-1.png, medium], \n\t\t\t\t\t\t[https:\/\/www.skaala.com\/wp-content\/uploads\/2020\/05\/SKCFS-410-1.png, large], \n\t\t\t\t\t\t[https:\/\/www.skaala.com\/wp-content\/uploads\/2020\/05\/SKCFS-410-1.png, xlarge]\"\n\t\t\t\t\t\t>\n\t\t\t<\/img>\n\t\t\t<\/div>\n\t\t\t\t<div class=\"grid-item product-info\">\n\t\t\t<h2>Skaala SK-431<\/h2>\n\t\t\t\t\t\t<div class=\"tags\">\n\t\t\t\t\t\t<\/div>\n\t\t\t<p><a class=\"button\" href=\"https:\/\/www.skaala.com\/fi\/kaikki-ovet\/skaala-sk-431-julkisen-tilan-ovi\/\">Katso tiedot<\/a><\/p>\n\t\t<\/div>\n\t<\/div>\n<\/div>\n<div class=\"featured-product-block product-doors\">\n\t<div class=\"featured-product\">\n\t\t\t\t\t<div class=\"grid-item\">\n\t\t\t<img class=\"featured-item--image\"\n\t\t\t\t\t\tdata-interchange=\"\n\t\t\t\t\t\t[https:\/\/www.skaala.com\/wp-content\/uploads\/2020\/05\/SK-432.png, small], \n\t\t\t\t\t\t[https:\/\/www.skaala.com\/wp-content\/uploads\/2020\/05\/SK-432.png, medium], \n\t\t\t\t\t\t[https:\/\/www.skaala.com\/wp-content\/uploads\/2020\/05\/SK-432.png, large], \n\t\t\t\t\t\t[https:\/\/www.skaala.com\/wp-content\/uploads\/2020\/05\/SK-432.png, xlarge]\"\n\t\t\t\t\t\t>\n\t\t\t<\/img>\n\t\t\t<\/div>\n\t\t\t\t<div class=\"grid-item product-info\">\n\t\t\t<h2>Skaala SK-432<\/h2>\n\t\t\t\t\t\t<div class=\"tags\">\n\t\t\t\t\t\t<\/div>\n\t\t\t<p><a class=\"button\" href=\"https:\/\/www.skaala.com\/fi\/kaikki-ovet\/skaala-sk-432-ovi\/\">Katso tiedot<\/a><\/p>\n\t\t<\/div>\n\t<\/div>\n<\/div>\n<\/div>\n<\/div>\n\n\n\n<div class=\"wp-block-custom-content-area custom-wrapper alignleft has-light-blue-background-color\"><div class=\"outer-wrap\"><\/div><\/div>\n\n\n<div id=\"cards-block_fc0d7026e5e2da0ff008bf8e71909048\" class=\"cards-block count-3\">\n<div id=\"cards-block_fc0d7026e5e2da0ff008bf8e71909048\" class=\"cards-block--card\">\n\t\t\t<div class=\"icon-block\" style=\"background-image: url('https:\/\/www.skaala.com\/wp-content\/themes\/skaala-2023\/dist\/assets\/images\/icons\/phone-call-gray.svg);\">\n\t\t<\/div>\n\t\t\t\t<h4>Puhelimitse<\/h4>\n\t\t\t\t\t<a href=\"tel: +358 10 835 4700\" class=\"button\" target=\"\"> +358 10 835 4700<\/a>\n\t\t<\/div>\n\t<div id=\"cards-block_fc0d7026e5e2da0ff008bf8e71909048\" class=\"cards-block--card\">\n\t\t\t<div class=\"icon-block\" style=\"background-image: url('https:\/\/www.skaala.com\/wp-content\/themes\/skaala-2023\/dist\/assets\/images\/icons\/users-gray.svg);\">\n\t\t<\/div>\n\t\t\t\t<h4>Chatissa<\/h4>\n\t\t\t\t<button id=\"injectbot\" onclick=\"DisplayBot()\" class=\"button\">Avaa chat<\/button>\n\t\t\t<\/div>\n\t<div id=\"cards-block_fc0d7026e5e2da0ff008bf8e71909048\" class=\"cards-block--card\">\n\t\t\t<div class=\"icon-block\" style=\"background-image: url('https:\/\/www.skaala.com\/wp-content\/themes\/skaala-2023\/dist\/assets\/images\/icons\/mail-gray.svg);\">\n\t\t<\/div>\n\t\t\t\t<h4>S\u00e4hk\u00f6postilla<\/h4>\n\t\t\t\t\t<a href=\"mailto:info@skaala.com\" class=\"button\" target=\"\">info@skaala.com<\/a>\n\t\t<\/div>\n\t<\/div>\n\n\n<div class=\"featured-items-block block\">\n\t<div class=\"featured-item\">\n\t\t<div class=\"content-half has-dark-gray-background-color\">\n\t\t\t<div class=\"featured-item--content grid-item\">\n\t\t\t\t\t\t<a class=\"button button-large\" href=\"https:\/\/www.skaala.com\/fi\/ovet\/ovien-varustelu-ja-ominaisuudet\/\">Ovien varustelu ja ominaisuudet<\/a>\n\t\t\t\t\t\t<\/div>\n\t\t<\/div>\n\t\t\t\t<div class=\"featured-item--image grid-item\"\n\t\t\t\t\tdata-interchange=\"\n\t\t\t\t\t[https:\/\/www.skaala.com\/wp-content\/uploads\/2023\/05\/Skaalaautolasiovi-1024x683.jpg, small], \n\t\t\t\t\t[https:\/\/www.skaala.com\/wp-content\/uploads\/2023\/05\/Skaalaautolasiovi-1024x683.jpg, medium], \n\t\t\t\t\t[https:\/\/www.skaala.com\/wp-content\/uploads\/2023\/05\/Skaalaautolasiovi-1200x800.jpg, large], \n\t\t\t\t\t[https:\/\/www.skaala.com\/wp-content\/uploads\/2023\/05\/Skaalaautolasiovi-1536x1024.jpg, xlarge]\"\n\t\t\t\t\t>\n\t\t<\/div>\n\t\t\t<\/div>\n\t\t<div class=\"featured-item\">\n\t\t<div class=\"content-half has-dark-gray-background-color\">\n\t\t\t<div class=\"featured-item--content grid-item\">\n\t\t\t\t\t\t<a class=\"button button-large\" href=\"https:\/\/www.skaala.com\/fi\/ovet\/ovien-hoito-ja-huolto\/\">Ovien hoito ja huolto<\/a>\n\t\t\t\t\t\t<\/div>\n\t\t<\/div>\n\t\t\t\t<div class=\"featured-item--image grid-item\"\n\t\t\t\t\tdata-interchange=\"\n\t\t\t\t\t[https:\/\/www.skaala.com\/wp-content\/uploads\/2020\/05\/Skaalan-asennuspavelu-rajattu-1024x1180.jpg, small], \n\t\t\t\t\t[https:\/\/www.skaala.com\/wp-content\/uploads\/2020\/05\/Skaalan-asennuspavelu-rajattu-1024x1180.jpg, medium], \n\t\t\t\t\t[https:\/\/www.skaala.com\/wp-content\/uploads\/2020\/05\/Skaalan-asennuspavelu-rajattu-1200x1383.jpg, large], \n\t\t\t\t\t[https:\/\/www.skaala.com\/wp-content\/uploads\/2020\/05\/Skaalan-asennuspavelu-rajattu-1333x1536.jpg, xlarge]\"\n\t\t\t\t\t>\n\t\t<\/div>\n\t\t\t<\/div>\n\t\t<div class=\"featured-item\">\n\t\t<div class=\"content-half has-dark-gray-background-color\">\n\t\t\t<div class=\"featured-item--content grid-item\">\n\t\t\t\t\t\t<a class=\"button button-large\" href=\"https:\/\/www.skaala.com\/fi\/ota-yhteytta\/yhteystiedot\/\">Yhteystiedot &#8211; Etsitk\u00f6 myyj\u00e4\u00e4 alueellasi tai oikeaa yhteyshenkil\u00f6\u00e4 toimistolta?\u00a0<\/a>\n\t\t\t\t\t\t<\/div>\n\t\t<\/div>\n\t\t\t\t<div class=\"featured-item--image grid-item\"\n\t\t\t\t\tdata-interchange=\"\n\t\t\t\t\t[https:\/\/www.skaala.com\/wp-content\/uploads\/2023\/08\/Olohuoneenautoikkunat-1024x1536.jpg, small], \n\t\t\t\t\t[https:\/\/www.skaala.com\/wp-content\/uploads\/2023\/08\/Olohuoneenautoikkunat-1024x1536.jpg, medium], \n\t\t\t\t\t[https:\/\/www.skaala.com\/wp-content\/uploads\/2023\/08\/Olohuoneenautoikkunat-1200x1800.jpg, large], \n\t\t\t\t\t[https:\/\/www.skaala.com\/wp-content\/uploads\/2023\/08\/Olohuoneenautoikkunat-1024x1536.jpg, xlarge]\"\n\t\t\t\t\t>\n\t\t<\/div>\n\t\t\t<\/div>\n\t<\/div>\n","protected":false},"excerpt":{"rendered":"","protected":false},"author":5,"featured_media":1541,"parent":1079,"menu_order":0,"comment_status":"closed","ping_status":"closed","template":"","meta":{"_acf_changed":false,"inline_featured_image":false,"footnotes":""},"class_list":["post-192","page","type-page","status-publish","has-post-thumbnail","hentry"],"acf":[],"_links":{"self":[{"href":"https:\/\/www.skaala.com\/fi\/wp-json\/wp\/v2\/pages\/192","targetHints":{"allow":["GET"]}}],"collection":[{"href":"https:\/\/www.skaala.com\/fi\/wp-json\/wp\/v2\/pages"}],"about":[{"href":"https:\/\/www.skaala.com\/fi\/wp-json\/wp\/v2\/types\/page"}],"author":[{"embeddable":true,"href":"https:\/\/www.skaala.com\/fi\/wp-json\/wp\/v2\/users\/5"}],"replies":[{"embeddable":true,"href":"https:\/\/www.skaala.com\/fi\/wp-json\/wp\/v2\/comments?post=192"}],"version-history":[{"count":31,"href":"https:\/\/www.skaala.com\/fi\/wp-json\/wp\/v2\/pages\/192\/revisions"}],"predecessor-version":[{"id":9659,"href":"https:\/\/www.skaala.com\/fi\/wp-json\/wp\/v2\/pages\/192\/revisions\/9659"}],"up":[{"embeddable":true,"href":"https:\/\/www.skaala.com\/fi\/wp-json\/wp\/v2\/pages\/1079"}],"wp:featuredmedia":[{"embeddable":true,"href":"https:\/\/www.skaala.com\/fi\/wp-json\/wp\/v2\/media\/1541"}],"wp:attachment":[{"href":"https:\/\/www.skaala.com\/fi\/wp-json\/wp\/v2\/media?parent=192"}],"curies":[{"name":"wp","href":"https:\/\/api.w.org\/{rel}","templated":true}]}}