{"id":19701,"date":"2024-03-22T10:05:32","date_gmt":"2024-03-22T08:05:32","guid":{"rendered":"https:\/\/www.skaala.com\/?page_id=19701"},"modified":"2024-09-13T18:09:15","modified_gmt":"2024-09-13T15:09:15","slug":"oviremontti","status":"publish","type":"page","link":"https:\/\/www.skaala.com\/fi\/omakotitalot-ja-mokit\/oviremontti\/","title":{"rendered":"Oviremontti"},"content":{"rendered":"\n\t<header class=\"featured-hero custom\" role=\"banner\" data-interchange=\"\n\t\t[https:\/\/www.skaala.com\/wp-content\/uploads\/2023\/05\/Skaalaautolasiovi-1280x400.jpg, small],\n\t\t[https:\/\/www.skaala.com\/wp-content\/uploads\/2023\/05\/Skaalaautolasiovi-1280x400.jpg,medium],\n\t\t[https:\/\/www.skaala.com\/wp-content\/uploads\/2023\/05\/Skaalaautolasiovi-1440x400.jpg, large],\n\t\t[https:\/\/www.skaala.com\/wp-content\/uploads\/2023\/05\/Skaalaautolasiovi-1920x400.jpg, xlarge]\">\n\t\t\t<h1>Oviremontti<\/h1>\n\t<\/header>\n\t\n\n\n<div class=\"wp-block-custom-content-area custom-wrapper alignleft has-light-blue-background-color\"><div class=\"outer-wrap\">\t\n\t<div id=\"heading-block-block_cce872915c5f455cc84a68af6b6589a9\" class=\"heading-block\">\n\t\t<h2 ><span>Oviremontti tiedossa? Skaala auttaa!<\/span><\/h2>\t<\/div>\n\n\n\n<div id=\"text-block-block_bcc66dc11ff8012987627436d9cd4092\" class=\"text-block\">\n\t\t\t<p>Oviremontti on keskeinen osa kodin ja muiden kiinteist\u00f6jen kunnostusta. Sen avulla voit parantaa niin asumismukavuutta, turvallisuutta kuin talon ulkon\u00e4k\u00f6\u00e4 ja oven k\u00e4ytett\u00e4vyytt\u00e4. Oviremontti on ajankohtainen erityisesti, jos talosi nykyinen ovi on vioittunut tai oven ja lukon k\u00e4ytt\u00f6 on hankaloitunut.<\/p>\n<p>Tarvitsetpa uutta ovea uudis- tai remonttikohteeseen, kotiin, m\u00f6kille tai taloyhti\u00f6\u00f6n, Skaalan kauppiaat auttavat sinua l\u00f6yt\u00e4m\u00e4\u00e4n kiinteist\u00f6\u00f6si sopivan ratkaisun!<\/p>\n\t<\/div>\n\n\n\n\n<a href=\"https:\/\/www.skaala.com\/fi\/ota-yhteytta\/pyyda-tarjous\/\" \nid=\"button-block-block_5112419137be25228309c63499c1907a\" \nclass=\"button-block button\"\ntarget=\"\"\n>Pyyd\u00e4 tarjous<\/a>\n\n\n\n\n<a href=\"https:\/\/www.skaala.com\/fi\/ota-yhteytta\/pyyda-ilmainen-arvio-tai-kartoitus\/\" \nid=\"button-block-block_56de87adf9fb8262e292bbff33417711\" \nclass=\"button-block button\"\ntarget=\"\"\n>Pyyd\u00e4 ilmainen arvio<\/a>\n\n\n\n\n<a href=\"https:\/\/www.skaala.com\/fi\/omakotitalot-ja-mokit\/ikkunaremontti\/\" \nid=\"button-block-block_6de940e79d0723065fa23327d3b46709\" \nclass=\"button-block button\"\ntarget=\"\"\n>Lue lis\u00e4\u00e4 my\u00f6s ikkunaremontista<\/a>\n\n\n\n\n<div id=\"text-block-block_d4dab52d4a9358f817ca27fbc50bbb65\" class=\"text-block\">\n\t\t\t<p><script src=\"https:\/\/widget.trustmary.com\/OsYOuyY3b\"><\/script><\/p>\n\t<\/div>\n\n<\/div><\/div>\n\n\n\n<div class=\"wp-block-custom-content-area custom-wrapper alignleft has-dark-gray-background-color\"><div class=\"outer-wrap\">\t\n\t<div id=\"heading-block-block_9eaae029828ab050d46017aef1d615a0\" class=\"heading-block\">\n\t\t<h2 ><span>Kuinka paljon oviremontti maksaa?<\/span><\/h2>\t<\/div>\n\n\n\n<div id=\"text-block-block_1df03cf80e6862e417a0c79d7b1765cb\" class=\"text-block\">\n\t\t\t<p><strong>Oviremontin hinta m\u00e4\u00e4r\u00e4ytyy ovien mallin, lasiaukkojen m\u00e4\u00e4r\u00e4n sek\u00e4 mahdollisten erityisvaatimusten mukaan.<\/strong> Esimerkiksi vanhemmissa rintamamiestaloissa on tyypillisesti vain 1\u20132 ovea ilman ainuttakaan lasiaukkoa, kun uudemmissa kohteissa ovia saattaa olla terassien lukum\u00e4\u00e4r\u00e4st\u00e4 riippuen jopa 4\u20136 useilla lasiaukoilla varustettuna.<\/p>\n<p>Ota yhteytt\u00e4 paikalliseen Skaala-kauppiaaseen, niin saat kohteellesi tarkan hinnan.<\/p>\n<p>\ud83d\udca1 Skaala tarjoaa mahdollisuuden maksaa ikkuna- ja oviremontin eriss\u00e4 <a href=\"https:\/\/www.skaala.com\/fi\/palvelut\/skaala-rahoitus\/\" target=\"_blank\" rel=\"noopener\">joustavalla\u00a0Skaala-rahoituksella<\/a>.<\/p>\n\t<\/div>\n\n\n\n\t\n\t<div id=\"heading-block-block_ee24f40e2cf20be18c85840f70337eb6\" class=\"heading-block\">\n\t\t<h3 ><span>N\u00e4in oviremontin hinta muodostuu<\/span><\/h3>\t<\/div>\n\n\n\n<div id=\"text-block-block_01f3268b356a0e0615ce216353dcf200\" class=\"text-block\">\n\t\t\t<p>Oviremontin hintaan vaikuttavat oven rakenne, pintamateriaalit sek\u00e4 lukkoratkaisut. Esimerkiksi \u00e4lylukko nostaa oven hintaa.<\/p>\n<p>Materiaaleista on valittavina sek\u00e4 HDF-levypintaisia ja alumiinipintaisia ovia maalattuna ett\u00e4 kuultok\u00e4siteltyj\u00e4 tammiviilupintaisia ovia. Laseihin on saatavana erikoisk\u00e4sittelyit\u00e4 huurtumisen tai auringon tuoman l\u00e4mm\u00f6n estoon.<\/p>\n<p><strong>Oviremontin hintaan vaikuttavat:<\/strong><\/p>\n<ul>\n<li><strong>Ovien lukum\u00e4\u00e4r\u00e4 ja malli.<\/strong> Ovien lukum\u00e4\u00e4r\u00e4 vaikuttaa luonnollisesti koko oviremontin suuruuteen. Lis\u00e4ksi oven malli on ratkaisevassa roolissa: perinteinen ulko-ovi ilman ikkunoita on edullisempi kuin useilla ikkuna-aukoilla varusteltu ovi.<\/li>\n<li><strong>Lukitus ja lis\u00e4varusteet.<\/strong> Oviin on saatavilla useita eri lukitusvaihtoehtoja k\u00e4ytt\u00f6tarpeen mukaan. Lukkotyyppi ja turvalukitus vaikuttavat oven hintaan. Valittavanasi on lis\u00e4ksi kaksiv\u00e4rimaalaus sek\u00e4 erikoisk\u00e4siteltyj\u00e4 laseja, jotka niinik\u00e4\u00e4n vaikuttavat oven kokonaishintaan.<\/li>\n<li><strong>Turvas\u00e4\u00e4nn\u00f6kset.<\/strong> Rakennusvaatimusten mukaiset erikoistuotteet, kuten <a href=\"https:\/\/www.skaala.com\/fi\/ovet\/palo-ovet\/\" target=\"_blank\" rel=\"noopener\">palo-ovet<\/a> ja <a href=\"https:\/\/www.skaala.com\/fi\/ovet\/aanieristetty-ovi\/\" target=\"_blank\" rel=\"noopener\">\u00e4\u00e4nieristetyt ovet<\/a> saattavat nostaa kustannuksia. Koulutamme henkil\u00f6kuntaamme jatkuvasti ja tarjoamme asiantuntevaa palvelua turvallisuusasioissa.<\/li>\n<\/ul>\n<blockquote><p>Oviremontin hinta m\u00e4\u00e4r\u00e4ytyy ovien mallin, lasiaukkojen m\u00e4\u00e4r\u00e4n sek\u00e4 mahdollisten erityisvaatimusten mukaan.<\/p><\/blockquote>\n\t<\/div>\n\n\n\n\t\n\t<div id=\"heading-block-block_b1c8c0f5bed70d2b97964747af84fc56\" class=\"heading-block\">\n\t\t<h2 ><span>Oviremontti on investointi kodin ilmeeseen, turvallisuuteen ja energiatehokkuuteen<\/span><\/h2>\t<\/div>\n\n\n\t\n\t<div id=\"heading-block-block_43448f9d409234f5d8ddf86ee91822c5\" class=\"heading-block\">\n\t\t<h3 ><span>1. Oviremontti pienent\u00e4\u00e4 energiankulutusta<\/span><\/h3>\t<\/div>\n\n\n\n<div id=\"text-block-block_c13dd1209d4e6dac4a6d3a2941646701\" class=\"text-block\">\n\t\t\t<p>Modernit Skaala-ovet pienent\u00e4v\u00e4t energiankulutusta kodistasi, sill\u00e4 uusien ovien eristysmateriaalit ovat eritt\u00e4in energiatehokkaita. Siin\u00e4 miss\u00e4 vanhan ulko-oven tiivisteet saattavat ajan kanssa alkaa repsottaa, uusien ovien tiivistys on ensiluokkaista ja s\u00e4ilyy hyv\u00e4n\u00e4 vuosikymmenest\u00e4 toiseen.<\/p>\n<p>Valittavanasi on perinteisen oven ohella my\u00f6s Skaalan matalaenergiaovi, jossa l\u00e4mm\u00f6nerist\u00e4vyys on t\u00e4ysin omaa luokkaansa. Oven normaalia paksumpi rakenne takaa tehokkaan erist\u00e4vyyden: tavallisen oven paksuus on 62 mm ja Skaala-matalaenergiaoven paksuus 75 mm.<\/p>\n\t<\/div>\n\n\n\n\t\n\t<div id=\"heading-block-block_37b82e8e9fbb6dee0c9c530da978a115\" class=\"heading-block\">\n\t\t<h3 ><span>2. Oviremontilla hetkess\u00e4 moderni ilme<\/span><\/h3>\t<\/div>\n\n\n\n<div id=\"text-block-block_1bf1a34667abf7f92bf2e47e5dd3dcee\" class=\"text-block\">\n\t\t\t<p>Oviremontti on investointi, jolla voit p\u00e4ivitt\u00e4\u00e4 kotisi ulkon\u00e4k\u00f6\u00e4 hetkess\u00e4 modernimpaan suuntaan. Olipa kyseess\u00e4 sitten ulko-oven vaihto tai parvekeovien uudistus, valikoimastamme l\u00f6yd\u00e4t taatusti toiveisiisi ja tarpeisiisi sopivat vaihtoehdot. Kaikki Skaalan ovet ovat r\u00e4\u00e4t\u00e4l\u00f6it\u00e4viss\u00e4 materiaalien, lukitusj\u00e4rjestelm\u00e4n sek\u00e4 ikkunoiden lukum\u00e4\u00e4r\u00e4n ja korkeuden osalta.\u00a0<a href=\"https:\/\/www.skaala.com\/fi\/ota-yhteytta\/pyyda-tarjous\/\" target=\"_blank\" rel=\"noopener\">Kysy lis\u00e4\u00e4!<\/a><\/p>\n\t<\/div>\n\n\n\n\t\n\t<div id=\"heading-block-block_adc914920eca1ef34b65939c90d6b9ff\" class=\"heading-block\">\n\t\t<h3 ><span>3. Oviremontti parantaa kodin turvallisuutta<\/span><\/h3>\t<\/div>\n\n\n\n<div id=\"text-block-block_35451332f25dfd549c5c0feec161ce55\" class=\"text-block\">\n\t\t\t<p>Vaikka oviremontti on nopea ja yksinkertainen tapa kodin ilmeen p\u00e4ivitt\u00e4miseen, se ei ole pelk\u00e4st\u00e4\u00e4n esteettinen parannus; oviremontti on my\u00f6s investointi kotisi turvallisuuteen.<\/p>\n<p>Oviremontti parantaa kotisi turvallisuutta, sill\u00e4 ovien vaihdon mukana my\u00f6s lukitukset uusitaan nykyaikaisilla, kest\u00e4vill\u00e4 ja helppok\u00e4ytt\u00f6isill\u00e4 lukoilla. Lis\u00e4ksi Skaala-ovissa on murtosuojasaranat, jotka on kehitetty turvaamaan kotiasi.<\/p>\n<blockquote><p>Energiatehokkuus, turvallisuus ja design yhdistyv\u00e4t saumattomasti kaikissa Skaalan ovissa.<\/p><\/blockquote>\n\t<\/div>\n\n\n\n\n<a href=\"https:\/\/www.skaala.com\/fi\/ota-yhteytta\/pyyda-tarjous\/\" \nid=\"button-block-block_1fee33ed4922766444ccd35b62ef6169\" \nclass=\"button-block button\"\ntarget=\"_blank\"\n>Pyyd\u00e4 tarjous oviremontista \u2192<\/a>\n\n<\/div><\/div>\n\n\n\n<div class=\"wp-block-custom-content-area custom-wrapper alignleft has-light-blue-background-color\"><div class=\"outer-wrap\">\t\n\t<div id=\"heading-block-block_09acb9e2403c6b659c1b5ab11c4869ad\" class=\"heading-block\">\n\t\t<h2 ><span>Oviremontti Skaala-kauppiailta avaimet k\u00e4teen -palveluna<\/span><\/h2>\t<\/div>\n\n\n\n<div id=\"text-block-block_d5d63c01de5a5e738bd17d2704481fbc\" class=\"text-block\">\n\t\t\t<p>Vaivattomin tapa tehd\u00e4 oviremontti on hankkia uudet ovet avaimet k\u00e4teen -asennuksena. Se tarkoittaa, ett\u00e4 <strong>Skaala-kauppias hoitaa\u00a0ovien mittaamisen puolestasi, kartoittaa tarpeesi ja tekee suunnitelman kotisi oviremontista.<\/strong><\/p>\n<p>Valmistamme kaikki tuotteemme mittatilausty\u00f6n\u00e4 tehtaallamme Etel\u00e4-Pohjanmaalla. N\u00e4in saat meilt\u00e4 juuri omiin tarpeisiisi r\u00e4\u00e4t\u00e4l\u00f6idyt ikkunat ja ovet.<\/p>\n<p>Skaalan kauppiasverkoston kautta saat halutessasi <a href=\"https:\/\/www.skaala.com\/fi\/palvelut\/asennuspalvelu\/ulko-ovet-asennettuna\/\" target=\"_blank\" rel=\"noopener\">ovet asennettuna<\/a> laadukkaana takuuty\u00f6n\u00e4. Asennustakuun my\u00f6nt\u00e4\u00e4 asennuksesta vastannut Skaala-kauppias, joka vastaa ovien asennuksen toimivuudesta ja laadusta sovitusti asennuksen j\u00e4lkeen. Lue tarkemmat <a href=\"https:\/\/www.skaala.com\/fi\/tietoa-skaalasta\/takuuehdot\/\" target=\"_blank\" rel=\"noopener\">takuuehdot<\/a>.<\/p>\n<blockquote><p>Kun valitset Skaalan, voit olla varma, ett\u00e4 oviremonttisi toteutetaan ammattitaidolla, laadusta tinkim\u00e4tt\u00e4.<\/p><\/blockquote>\n\t<\/div>\n\n<\/div><\/div>\n\n\n\n<div class=\"wp-block-custom-content-area custom-wrapper alignleft has-light-blue-background-color\"><div class=\"outer-wrap\">\t\n\t<div id=\"heading-block-block_c18496cbc747f01825363e8650554659\" class=\"heading-block\">\n\t\t<h2 ><span>Oviremontti suunnitteilla? Skaalan asiakaspalvelu auttaa kysymyksiss\u00e4si<\/span><\/h2>\t<\/div>\n\n\n\n<div id=\"text-block-block_43b923e1f012aa0d36e9f6909470d596\" class=\"text-block\">\n\t\t\t<p>Skaalan asiakaspalvelu auttaa sinua mielell\u00e4\u00e4n kaikissa ikkunoihin ja oviin liittyviss\u00e4 kysymyksiss\u00e4. Ota meihin yhteys puhelimitse, s\u00e4hk\u00f6postitse tai chatissa verkkosivuillamme.<\/p>\n\t<\/div>\n\n\n\n\n<a href=\"https:\/\/www.skaala.com\/fi\/ota-yhteytta\/pyyda-tarjous\/\" \nid=\"button-block-block_ab43824da762f053f216935537db3d51\" \nclass=\"button-block button\"\ntarget=\"_blank\"\n>Pyyd\u00e4 tarjous<\/a>\n\n\n\n\n<a href=\"https:\/\/www.skaala.com\/fi\/ota-yhteytta\/pyyda-ilmainen-arvio-tai-kartoitus\/\" \nid=\"button-block-block_56de87adf9fb8262e292bbff33417711\" \nclass=\"button-block button\"\ntarget=\"\"\n>Pyyd\u00e4 ilmainen arvio<\/a>\n\n<\/div><\/div>\n\n\n<div class=\"featured-items-block block\">\n\t<div class=\"featured-item\">\n\t\t<div class=\"content-half has-dark-gray-background-color\">\n\t\t\t<div class=\"featured-item--content grid-item\">\n\t\t\t\t\t\t<a class=\"button button-large\" href=\"https:\/\/www.skaala.com\/fi\/ovet\/ovien-varustelu-ja-ominaisuudet\/\">Ovien varustelu ja ominaisuudet<\/a>\n\t\t\t\t\t\t<\/div>\n\t\t<\/div>\n\t\t\t\t<div class=\"featured-item--image grid-item\"\n\t\t\t\t\tdata-interchange=\"\n\t\t\t\t\t[https:\/\/www.skaala.com\/wp-content\/uploads\/2023\/05\/Skaalaautolasiovi-1024x683.jpg, small], \n\t\t\t\t\t[https:\/\/www.skaala.com\/wp-content\/uploads\/2023\/05\/Skaalaautolasiovi-1024x683.jpg, medium], \n\t\t\t\t\t[https:\/\/www.skaala.com\/wp-content\/uploads\/2023\/05\/Skaalaautolasiovi-1200x800.jpg, large], \n\t\t\t\t\t[https:\/\/www.skaala.com\/wp-content\/uploads\/2023\/05\/Skaalaautolasiovi-1536x1024.jpg, xlarge]\"\n\t\t\t\t\t>\n\t\t<\/div>\n\t\t\t<\/div>\n\t\t<div class=\"featured-item\">\n\t\t<div class=\"content-half has-dark-gray-background-color\">\n\t\t\t<div class=\"featured-item--content grid-item\">\n\t\t\t\t\t\t<a class=\"button button-large\" href=\"https:\/\/www.skaala.com\/fi\/ota-yhteytta\/pyyda-ilmainen-arvio-tai-kartoitus\/\">Pyyd\u00e4 ilmainen arvio<\/a>\n\t\t\t\t\t\t<\/div>\n\t\t<\/div>\n\t\t\t\t<div class=\"featured-item--image grid-item\"\n\t\t\t\t\tdata-interchange=\"\n\t\t\t\t\t[https:\/\/www.skaala.com\/wp-content\/uploads\/2023\/11\/Ikkunat-ikkunaremontin-jalkeen-e1700135812133-1024x1024.jpg, small], \n\t\t\t\t\t[https:\/\/www.skaala.com\/wp-content\/uploads\/2023\/11\/Ikkunat-ikkunaremontin-jalkeen-e1700135812133-1024x1024.jpg, medium], \n\t\t\t\t\t[https:\/\/www.skaala.com\/wp-content\/uploads\/2023\/11\/Ikkunat-ikkunaremontin-jalkeen-e1700135812133.jpg, large], \n\t\t\t\t\t[https:\/\/www.skaala.com\/wp-content\/uploads\/2023\/11\/Ikkunat-ikkunaremontin-jalkeen-1024x1536.jpg, xlarge]\"\n\t\t\t\t\t>\n\t\t<\/div>\n\t\t\t<\/div>\n\t\t<div class=\"featured-item\">\n\t\t<div class=\"content-half has-dark-gray-background-color\">\n\t\t\t<div class=\"featured-item--content grid-item\">\n\t\t\t\t\t\t<a class=\"button button-large\" href=\"https:\/\/www.skaala.com\/fi\/palvelut\/skaala-rahoitus\/\">Skaala-lasku<\/a>\n\t\t\t\t\t\t<\/div>\n\t\t<\/div>\n\t\t\t\t<div class=\"featured-item--image grid-item\"\n\t\t\t\t\tdata-interchange=\"\n\t\t\t\t\t[https:\/\/www.skaala.com\/wp-content\/uploads\/2020\/05\/Skaala-Vinter4-1024x683.jpg, small], \n\t\t\t\t\t[https:\/\/www.skaala.com\/wp-content\/uploads\/2020\/05\/Skaala-Vinter4-1024x683.jpg, medium], \n\t\t\t\t\t[https:\/\/www.skaala.com\/wp-content\/uploads\/2020\/05\/Skaala-Vinter4-1200x800.jpg, large], \n\t\t\t\t\t[https:\/\/www.skaala.com\/wp-content\/uploads\/2020\/05\/Skaala-Vinter4-1536x1024.jpg, xlarge]\"\n\t\t\t\t\t>\n\t\t<\/div>\n\t\t\t<\/div>\n\t<\/div>\n\n\n\n<div class=\"wp-block-custom-content-area custom-wrapper alignleft has-light-blue-background-color\"><div class=\"outer-wrap\">\n<a href=\"https:\/\/www.skaala.com\/fi\/omakotitalot-ja-mokit\/oviremontti\/oviremontti-espoo\/\" \nid=\"button-block-block_fc0e5e822d6d317fab47242d064ade29\" \nclass=\"button-block button\"\ntarget=\"\"\n>Oviremontti Espoo<\/a>\n\n\n\n\n<a href=\"https:\/\/www.skaala.com\/fi\/omakotitalot-ja-mokit\/oviremontti\/oviremontti-helsinki\/\" \nid=\"button-block-block_b3719c4b9bb6ccda95651cf63669f1fd\" \nclass=\"button-block button\"\ntarget=\"\"\n>Oviremontti Helsinki<\/a>\n\n\n\n\n<a href=\"https:\/\/www.skaala.com\/fi\/omakotitalot-ja-mokit\/oviremontti\/oviremontti-hameenlinna\/\" \nid=\"button-block-block_3cc99fdd580bc090bb5d97d08619edaa\" \nclass=\"button-block button\"\ntarget=\"\"\n>Oviremontti H\u00e4meenlinna<\/a>\n\n\n\n\n<a href=\"https:\/\/www.skaala.com\/fi\/omakotitalot-ja-mokit\/oviremontti\/oviremontti-joensuu\/\" \nid=\"button-block-block_9031ed1a6535a2c67885d7b211b807a6\" \nclass=\"button-block button\"\ntarget=\"\"\n>Oviremontti Joensuu<\/a>\n\n\n\n\n<a href=\"https:\/\/www.skaala.com\/fi\/omakotitalot-ja-mokit\/oviremontti\/oviremontti-jyvaskyla\/\" \nid=\"button-block-block_dfa588c8b1bf5c5c196a6b7ff4c7c9f4\" \nclass=\"button-block button\"\ntarget=\"\"\n>Oviremontti Jyv\u00e4skyl\u00e4<\/a>\n\n\n\n\n<a href=\"https:\/\/www.skaala.com\/fi\/omakotitalot-ja-mokit\/oviremontti\/oviremontti-kouvola\/\" \nid=\"button-block-block_966b7104552f2732bb7ec7987c8cd039\" \nclass=\"button-block button\"\ntarget=\"\"\n>Oviremontti Kouvola<\/a>\n\n\n\n\n<a href=\"https:\/\/www.skaala.com\/fi\/omakotitalot-ja-mokit\/oviremontti\/oviremontti-kuopio\/\" \nid=\"button-block-block_0f8fc210e136ef50ea9a60fd609014ad\" \nclass=\"button-block button\"\ntarget=\"\"\n>Oviremontti Kuopio<\/a>\n\n\n\n\n<a href=\"https:\/\/www.skaala.com\/fi\/omakotitalot-ja-mokit\/oviremontti\/oviremontti-lahti\/\" \nid=\"button-block-block_091ceccbfdf92cf9b00071421dd9b437\" \nclass=\"button-block button\"\ntarget=\"\"\n>Oviremontti Lahti<\/a>\n\n\n\n\n<a href=\"https:\/\/www.skaala.com\/fi\/omakotitalot-ja-mokit\/oviremontti\/oviremontti-lappeenranta\/\" \nid=\"button-block-block_b485ed9e5e0f2b63ae207733c393d5b8\" \nclass=\"button-block button\"\ntarget=\"\"\n>Oviremontti Lappeenranta<\/a>\n\n\n\n\n<a href=\"https:\/\/www.skaala.com\/fi\/omakotitalot-ja-mokit\/oviremontti\/oviremontti-oulu\/\" \nid=\"button-block-block_05acc81b82572cd227f2837ebb397f65\" \nclass=\"button-block button\"\ntarget=\"\"\n>Oviremontti Oulu<\/a>\n\n\n\n\n<a href=\"https:\/\/www.skaala.com\/fi\/omakotitalot-ja-mokit\/oviremontti\/oviremontti-pori\/\" \nid=\"button-block-block_d81ad57ad05933af0f8a0ab62a6d4c7e\" \nclass=\"button-block button\"\ntarget=\"\"\n>Oviremontti Pori<\/a>\n\n\n\n\n<a href=\"https:\/\/www.skaala.com\/fi\/omakotitalot-ja-mokit\/oviremontti\/oviremontti-tampere\/\" \nid=\"button-block-block_4629e8c9a967704c077a23e4757bab39\" \nclass=\"button-block button\"\ntarget=\"\"\n>Oviremontti Tampere<\/a>\n\n\n\n\n<a href=\"https:\/\/www.skaala.com\/fi\/omakotitalot-ja-mokit\/oviremontti\/oviremontti-turku\/\" \nid=\"button-block-block_740f8d88bdb3e3ca5f81a905676bd6d5\" \nclass=\"button-block button\"\ntarget=\"\"\n>Oviremontti Turku<\/a>\n\n\n\n\n<a href=\"https:\/\/www.skaala.com\/fi\/omakotitalot-ja-mokit\/oviremontti\/oviremontti-vaasa\/\" \nid=\"button-block-block_2b68953d568f470adda4725cc2e474af\" \nclass=\"button-block button\"\ntarget=\"\"\n>Oviremontti Vaasa<\/a>\n\n\n\n\n<a href=\"https:\/\/www.skaala.com\/fi\/omakotitalot-ja-mokit\/oviremontti\/oviremontti-vantaa\/\" \nid=\"button-block-block_eb961fb874694248bdd2153bc15c93fd\" \nclass=\"button-block button\"\ntarget=\"\"\n>Oviremontti Vantaa<\/a>\n\n<\/div><\/div>\n","protected":false},"excerpt":{"rendered":"","protected":false},"author":5,"featured_media":15511,"parent":141,"menu_order":0,"comment_status":"closed","ping_status":"closed","template":"","meta":{"_acf_changed":false,"inline_featured_image":false,"footnotes":""},"class_list":["post-19701","page","type-page","status-publish","has-post-thumbnail","hentry"],"acf":[],"_links":{"self":[{"href":"https:\/\/www.skaala.com\/fi\/wp-json\/wp\/v2\/pages\/19701","targetHints":{"allow":["GET"]}}],"collection":[{"href":"https:\/\/www.skaala.com\/fi\/wp-json\/wp\/v2\/pages"}],"about":[{"href":"https:\/\/www.skaala.com\/fi\/wp-json\/wp\/v2\/types\/page"}],"author":[{"embeddable":true,"href":"https:\/\/www.skaala.com\/fi\/wp-json\/wp\/v2\/users\/5"}],"replies":[{"embeddable":true,"href":"https:\/\/www.skaala.com\/fi\/wp-json\/wp\/v2\/comments?post=19701"}],"version-history":[{"count":20,"href":"https:\/\/www.skaala.com\/fi\/wp-json\/wp\/v2\/pages\/19701\/revisions"}],"predecessor-version":[{"id":21930,"href":"https:\/\/www.skaala.com\/fi\/wp-json\/wp\/v2\/pages\/19701\/revisions\/21930"}],"up":[{"embeddable":true,"href":"https:\/\/www.skaala.com\/fi\/wp-json\/wp\/v2\/pages\/141"}],"wp:featuredmedia":[{"embeddable":true,"href":"https:\/\/www.skaala.com\/fi\/wp-json\/wp\/v2\/media\/15511"}],"wp:attachment":[{"href":"https:\/\/www.skaala.com\/fi\/wp-json\/wp\/v2\/media?parent=19701"}],"curies":[{"name":"wp","href":"https:\/\/api.w.org\/{rel}","templated":true}]}}