{"id":198,"date":"2020-04-20T15:47:28","date_gmt":"2020-04-20T12:47:28","guid":{"rendered":"https:\/\/www.skaala.com\/?page_id=198"},"modified":"2026-02-26T13:07:33","modified_gmt":"2026-02-26T11:07:33","slug":"uutta-rakentamassa","status":"publish","type":"page","link":"https:\/\/www.skaala.com\/fi\/omakotitalot-ja-mokit\/uutta-rakentamassa\/","title":{"rendered":"Uutta rakentamassa?"},"content":{"rendered":"\n\t\t<header class=\"featured-hero article\" role=\"banner\" data-interchange=\"[https:\/\/www.skaala.com\/wp-content\/uploads\/2026\/02\/Uudisrakennus-ikkuna-www-640x200.jpg, small], [https:\/\/www.skaala.com\/wp-content\/uploads\/2026\/02\/Uudisrakennus-ikkuna-www-1280x400.jpg, medium], [https:\/\/www.skaala.com\/wp-content\/uploads\/2026\/02\/Uudisrakennus-ikkuna-www-1440x400.jpg, large], [https:\/\/www.skaala.com\/wp-content\/uploads\/2026\/02\/Uudisrakennus-ikkuna-www-1500x400.jpg, xlarge]\">\n\t\t\t\t\t<h1>Uutta rakentamassa?<\/h1>\n\t\t<\/header>\n\t\t\n\n\n<div class=\"wp-block-custom-content-area custom-wrapper alignleft has-light-blue-background-color\"><div class=\"outer-wrap\">\t\n\t<div id=\"heading-block-block_76f1b031a837aa09ac101892b6f922ea\" class=\"heading-block\">\n\t\t<h2 ><span>Valitse laadukkaat ovet ja ikkunat<\/span><\/h2>\t<\/div>\n\n\n\n<div id=\"text-block-block_aafaf341bb0e3ccfa4afc9b16e11b0c2\" class=\"text-block\">\n\t\t\t<p>Uuteen omakotitaloon tai m\u00f6kille kannattaa valita laadukkaat ikkunat ja ovet \u2013 ovathan ne vuosikymmenien p\u00e4\u00e4h\u00e4n ulottuva investointi. Kun haluat asuntoon energiatehokkaat ja tyylikk\u00e4\u00e4t ikkunat ja ovet, Skaalan malliston tuotteet ovat valintasi. Kysy apua valintaan asiantuntijoiltamme!<\/p>\n\t<\/div>\n\n\n\n\n<a href=\"https:\/\/bot.leadoo.com\/bot\/visual.html?code=261d7cc8\" id=\"button-block-block_75361aa252d2ea11c4b45686a5912417\" class=\"button-block button\" target=\"_blank\" rel=\"noopener\">J\u00e4t\u00e4 tarjouspyynt\u00f6 t\u00e4st\u00e4<\/a>\n\n\n\n\n<div id=\"image-block_91bec367bea7a8e02c52d04af747a552\" class=\"image-block\">\n\t\t\t\t<div class=\"image-container\" style=\"width: px; height: \n\t\tauto;\">\n\t\t\t<img decoding=\"async\" src=\"https:\/\/www.skaala.com\/wp-content\/uploads\/2022\/06\/Maisemaikkunatautojaautoliukuovi-scaled.jpg\" alt=\"\">\n\t\t<\/div>\n\t \n\n\t<\/div>\n\n\n\n\t\n\t<div id=\"heading-block-block_5da71725a815fddd43fbf18f47f53ab2\" class=\"heading-block\">\n\t\t<h2 ><span>N\u00e4in valitset ovet ja ikkunat uudisrakennukseen<\/span><\/h2>\t<\/div>\n\n\n\n<div id=\"text-block-block_ecfb2f543ebc8112184fa6c71caa881a\" class=\"text-block\">\n\t\t\t<p>Uutta omakotitaloa tai vapaa-ajan asuntoa rakentaessa t\u00e4ytyy p\u00e4\u00e4tt\u00e4\u00e4, mist\u00e4 ja millaiset ikkunat ja ovet rakennukseen hankitaan. Valinnassa kannattaa panostaa laatuun, sill\u00e4 ikkunat ja ovet ovat vuosikymmenien p\u00e4\u00e4h\u00e4n ulottuva investointi, jolla voi merkitt\u00e4v\u00e4sti vaikuttaa rakennuksen energiatehokkuuteen, asumismukavuuteen ja ulkon\u00e4k\u00f6\u00f6n.<\/p>\n\t<\/div>\n\n\n\n\t\n\t<div id=\"heading-block-block_bbbc73840bffe89b8396ec708c0e9b35\" class=\"heading-block\">\n\t\t<h2 ><span>Tutustu ikkunoiden ja ovien ominaisuuksiin<\/span><\/h2>\t<\/div>\n\n\n\n<div id=\"text-block-block_16fd689eac749f76d63c6006e2f26ac5\" class=\"text-block\">\n\t\t\t<p>Ikkunoilla ja ulko-ovilla on erilaisia ominaisuuksia, joihin kannattaa tutustua ostop\u00e4\u00e4t\u00f6st\u00e4 tehdess\u00e4.<\/p>\n<p>&nbsp;<\/p>\n<p><strong>U-arvo<\/strong> eli l\u00e4mm\u00f6nl\u00e4p\u00e4isykerroin kertoo ikkunoiden ja ovien energiatehokkuudesta. Skaalan mallistossa on eri U-arvoisia tuotteita, jotka t\u00e4ytt\u00e4v\u00e4t viimeisimm\u00e4t rakennusm\u00e4\u00e4r\u00e4ysten vaatimukset. Tehokkaasti l\u00e4mp\u00f6\u00e4 erist\u00e4v\u00e4t ikkunat ja ulko-ovet eiv\u00e4t ved\u00e4, joten ne lis\u00e4\u00e4v\u00e4t asumismukavuutta. Lis\u00e4ksi ne v\u00e4hent\u00e4v\u00e4t sis\u00e4tilojen l\u00e4mmityksen ja koneellisen viilennyksen tarvetta, mik\u00e4 pienent\u00e4\u00e4 energialaskua.<\/p>\n<p>&nbsp;<\/p>\n<p>Skaalan malliston ikkunat ja ovet ovat my\u00f6s <strong>\u00e4\u00e4nenerist\u00e4vyydelt\u00e4\u00e4n<\/strong> erinomaisia. T\u00e4m\u00e4 tekee asumisesta mukavampaa esimerkiksi vilkkaasti liikenn\u00f6idyill\u00e4 alueilla.<\/p>\n<p>&nbsp;<\/p>\n<p>Valikoimassamme on my\u00f6s erilaisia <strong><a href=\"https:\/\/www.skaala.com\/fi\/ikkunat\/lasivaihtoehdot\/\">erikoislaseja,<\/a><\/strong> kuten <a href=\"https:\/\/www.skaala.com\/fi\/auringonsuojalasi\/\">auringonsuojalasi<\/a> ja <a href=\"https:\/\/www.skaala.com\/fi\/aanieristyslasi\/\">\u00e4\u00e4nieristyslasi<\/a>, joiden avulla voit tuunata ikkunoista ja ulko-ovista juuri sinun tarpeitasi vastaavat.<\/p>\n<p>&nbsp;<\/p>\n<p>Jos haluat kuulla lis\u00e4\u00e4 Skaalan tuotteista, kysy\u00e4 neuvoa ikkunoiden ja ovien valintaan tai pyyt\u00e4\u00e4 tarjouksen, <a href=\"https:\/\/www.skaala.com\/fi\/ota-yhteytta\/yhteystiedot\/\">ota meihin yhteytt\u00e4<\/a>!<\/p>\n\t<\/div>\n\n\n\n\n<a href=\"https:\/\/www.skaala.com\/fi\/ikkunat\/lasivaihtoehdot\/\" id=\"button-block-block_72300c4a07a14f0b089382436795aebf\" class=\"button-block button\" target=\"\">Lasivaihtoehdot<\/a>\n\n\n\n\n<a href=\"https:\/\/www.skaala.com\/fi\/auringonsuojalasi\/\" id=\"button-block-block_9c13a620086f8c3e6a9dea61b25d3a71\" class=\"button-block button\" target=\"\">Auringonsuojalasi suojaa kotiasi helteelt\u00e4<\/a>\n\n\n\n\n<a href=\"https:\/\/www.skaala.com\/fi\/aanieristyslasi\/\" id=\"button-block-block_4090920c516b4adaa7192dcc7d289dd1\" class=\"button-block button\" target=\"\">\u00c4\u00e4nieristyslasit vaimentavat melua<\/a>\n\n\n\n\n<div id=\"image-block_84dc1b90b4f6145a3730cf9c0c9751fb\" class=\"image-block\">\n\t\t\t\t<div class=\"image-container\" style=\"width: px; height: \n\t\tauto;\">\n\t\t\t<img decoding=\"async\" src=\"https:\/\/www.skaala.com\/wp-content\/uploads\/2023\/05\/Kiinteatautoikkunatautoalakerrassaautojaautoylakerrassa-scaled.jpg\" alt=\"\">\n\t\t<\/div>\n\t \n\n\t<\/div>\n\n\n\n\t\n\t<div id=\"heading-block-block_e44735843687463e0b2bfb441170f9b7\" class=\"heading-block\">\n\t\t<h2 ><span>Viimeistele kodin ilme \u2013 tilaa unelmiesi ikkunat ja ovet Skaalalta<\/span><\/h2>\t<\/div>\n\n\n\n<div id=\"text-block-block_e706c63c1d1f3e796736253e8d327405\" class=\"text-block\">\n\t\t\t<p>Kotiin tai m\u00f6kille kannattaa valita ikkunat ja ovet, jotka ovat paitsi laadukkaat my\u00f6s tyylikk\u00e4\u00e4t ja rakennuksen yleisilmeeseen sopivat. Muistathan tarkistaa, millaisia rajaehtoja kaavam\u00e4\u00e4r\u00e4ykset asettavat ikkunoiden ja ovien ulkon\u00e4\u00f6lle.<\/p>\n<p>&nbsp;<\/p>\n<p>V\u00e4rivalinnalla, mallilla ja lis\u00e4varusteilla, kuten ikkunoiden koristeristikoilla tai ovenkahvoilla, voit vaikuttaa ikkunoiden ja ulko-ovien ilmeeseen ratkaisevasti. Me Skaalalla voimme toteuttaa unelmiesi ikkunat ja ovet \u2013 vaikkapa koko sein\u00e4n mittaisen lasiliukuoven terassille tai erikoisikkunat, kuten py\u00f6re\u00e4t tai vinoikkunat \u2013 sill\u00e4 kaikki tuotteemme tehd\u00e4\u00e4n mittatilausty\u00f6n\u00e4 tehtaallamme Etel\u00e4-Pohjanmaalla. Tuotteillamme on suomalaisesta ty\u00f6st\u00e4 kertova Avainlippu-merkki.<\/p>\n\t<\/div>\n\n\n\n\t\n\t<div id=\"heading-block-block_d4f529497b8a5aa6da59a1dc26f70bde\" class=\"heading-block\">\n\t\t<h2 ><span>Hy\u00f6dynn\u00e4 Skaalan ilmainen arviointik\u00e4ynti<\/span><\/h2>\t<\/div>\n\n\n\n<div id=\"text-block-block_a00c0fd820e453cd14ed515f86fd443c\" class=\"text-block\">\n\t\t\t<p>Kun tilaat ikkunat ja ovet Skaalalta, kannattaa sinun hy\u00f6dynt\u00e4\u00e4 <a href=\"https:\/\/www.skaala.com\/fi\/ota-yhteytta\/pyyda-ilmainen-arvio-tai-kartoitus\/\">maksuton arviointik\u00e4ynti. <\/a>Asiantuntijamme hoitavat mittaamisen ja suunnittelevat ikkuna- ja oviratkaisut yhdess\u00e4 kanssasi.<\/p>\n\t<\/div>\n\n\n\n\n<div id=\"text-block-block_ef595fd3670840266cda3ae8c6ea5dba\" class=\"text-block\">\n\t\t\t<p><script type=\"text\/javascript\" async src=\"https:\/\/bot.leadoo.com\/bot\/visual.js?code=392a3935#seamless\"><\/script><\/p>\n\t<\/div>\n\n\n\n\t\n\t<div id=\"heading-block-block_87a812be010f939a6c6269df3421a136\" class=\"heading-block\">\n\t\t<h2 ><span>Rakentaja \u2013 kysy apua asiakaspalvelusta<\/span><\/h2>\t<\/div>\n\n\n\n<div id=\"text-block-block_44b907d472be1da0ee371f0326d91d22\" class=\"text-block\">\n\t\t\t<p>Skaalan asiakaspalvelu auttaa sinua mielell\u00e4\u00e4n kaikkien ikkunoihin ja oviin liittyvien kysymysten kanssa. Ole meihin yhteydess\u00e4 puhelimitse, s\u00e4hk\u00f6postitse tai chatissa verkkosivuillamme.<\/p>\n<p>&nbsp;<\/p>\n<p>Jos haluat tehd\u00e4 tarjouksen ovista tai ikkunoista, j\u00e4t\u00e4 meille tarjouspyynt\u00f6 sivuillamme.<\/p>\n\t<\/div>\n\n\n\n\n<a href=\"https:\/\/www.skaala.com\/fi\/ota-yhteytta\/\" id=\"button-block-block_463e4435fdc69cbde377fb51b1909cec\" class=\"button-block button\" target=\"\">Ota yhteytt\u00e4<\/a>\n\n<\/div><\/div>\n\n\n\n<div class=\"wp-block-custom-content-area custom-wrapper alignleft has-dark-gray-background-color\"><div class=\"outer-wrap\">\t\n\t<div id=\"heading-block-block_3e69a7abf7b75895a28bcb4af65f3bd4\" class=\"heading-block\">\n\t\t<h4 ><span>3 syyt\u00e4 valita Skaala<\/span><\/h4>\t<\/div>\n\n\n<div id=\"cards-block_e8959d008209e095a90571b3d8108895\" class=\"cards-block count-3\">\n<div id=\"cards-block_e8959d008209e095a90571b3d8108895\" class=\"cards-block--card\">\n\t\t\t<div class=\"icon-block\" style=\"background-image: url('https:\/\/www.skaala.com\/wp-content\/themes\/skaala-2023\/dist\/assets\/images\/icons\/flag-red.svg);\">\n\t\t<\/div>\n\t\t\t\t<h4>Kotimaista laatua<\/h4>\n\t\t\t\t<\/div>\n\t<div id=\"cards-block_e8959d008209e095a90571b3d8108895\" class=\"cards-block--card\">\n\t\t\t<div class=\"icon-block\" style=\"background-image: url('https:\/\/www.skaala.com\/wp-content\/themes\/skaala-2023\/dist\/assets\/images\/icons\/globe-red.svg);\">\n\t\t<\/div>\n\t\t\t\t<h4>Parhaat ratkaisut energians\u00e4\u00e4st\u00f6\u00f6n<\/h4>\n\t\t\t\t<\/div>\n\t<div id=\"cards-block_e8959d008209e095a90571b3d8108895\" class=\"cards-block--card\">\n\t\t\t<div class=\"icon-block\" style=\"background-image: url('https:\/\/www.skaala.com\/wp-content\/themes\/skaala-2023\/dist\/assets\/images\/icons\/user-red.svg);\">\n\t\t<\/div>\n\t\t\t\t<h4>Ammattimaista ja luotettavaa palvelua<\/h4>\n\t\t\t\t<\/div>\n\t<\/div>\n<\/div><\/div>\n\n\n<div class=\"featured-items-block block\">\n\t<div class=\"featured-item\">\n\t\t<div class=\"content-half has-dark-gray-background-color\">\n\t\t\t<div class=\"featured-item--content grid-item\">\n\t\t\t\t\t\t<a class=\"button button-large\" href=\"https:\/\/www.skaala.com\/fi\/isot-ikkunat\/\">Isot ikkunat \u2013 7 vinkki\u00e4 isojen ikkunoiden valintaan<\/a>\n\t\t\t\t\t\t<\/div>\n\t\t<\/div>\n\t\t\t\t<div class=\"featured-item--image grid-item\"\n\t\t\t\t\tdata-interchange=\"\n\t\t\t\t\t[https:\/\/www.skaala.com\/wp-content\/uploads\/2020\/05\/Uusi-na\u0308kyma\u0308-ela\u0308ma\u0308a\u0308n-1024x683.jpg, small], \n\t\t\t\t\t[https:\/\/www.skaala.com\/wp-content\/uploads\/2020\/05\/Uusi-na\u0308kyma\u0308-ela\u0308ma\u0308a\u0308n-1024x683.jpg, medium], \n\t\t\t\t\t[https:\/\/www.skaala.com\/wp-content\/uploads\/2020\/05\/Uusi-na\u0308kyma\u0308-ela\u0308ma\u0308a\u0308n-1200x800.jpg, large], \n\t\t\t\t\t[https:\/\/www.skaala.com\/wp-content\/uploads\/2020\/05\/Uusi-na\u0308kyma\u0308-ela\u0308ma\u0308a\u0308n-1536x1024.jpg, xlarge]\"\n\t\t\t\t\t>\n\t\t<\/div>\n\t\t\t<\/div>\n\t\t<div class=\"featured-item\">\n\t\t<div class=\"content-half has-dark-gray-background-color\">\n\t\t\t<div class=\"featured-item--content grid-item\">\n\t\t\t\t\t\t<a class=\"button button-large\" href=\"https:\/\/www.skaala.com\/fi\/ota-yhteytta\/yhteystiedot\/\">Yhteystiedot &#8211; Etsitk\u00f6 myyj\u00e4\u00e4 alueellasi tai oikeaa yhteyshenkil\u00f6\u00e4 toimistolta?\u00a0<\/a>\n\t\t\t\t\t\t<\/div>\n\t\t<\/div>\n\t\t\t\t<div class=\"featured-item--image grid-item\"\n\t\t\t\t\tdata-interchange=\"\n\t\t\t\t\t[https:\/\/www.skaala.com\/wp-content\/uploads\/2023\/08\/Olohuoneenautoikkunat-1024x1536.jpg, small], \n\t\t\t\t\t[https:\/\/www.skaala.com\/wp-content\/uploads\/2023\/08\/Olohuoneenautoikkunat-1024x1536.jpg, medium], \n\t\t\t\t\t[https:\/\/www.skaala.com\/wp-content\/uploads\/2023\/08\/Olohuoneenautoikkunat-1200x1800.jpg, large], \n\t\t\t\t\t[https:\/\/www.skaala.com\/wp-content\/uploads\/2023\/08\/Olohuoneenautoikkunat-1024x1536.jpg, xlarge]\"\n\t\t\t\t\t>\n\t\t<\/div>\n\t\t\t<\/div>\n\t\t<div class=\"featured-item\">\n\t\t<div class=\"content-half has-dark-gray-background-color\">\n\t\t\t<div class=\"featured-item--content grid-item\">\n\t\t\t\t\t\t<a class=\"button button-large\" href=\"https:\/\/www.skaala.com\/fi\/tietoa-skaalasta\/skaalan-tarina\/\">Skaalan tarina<\/a>\n\t\t\t\t\t\t<\/div>\n\t\t<\/div>\n\t\t\t\t<div class=\"featured-item--image grid-item\"\n\t\t\t\t\tdata-interchange=\"\n\t\t\t\t\t[https:\/\/www.skaala.com\/wp-content\/uploads\/2020\/05\/Ylih\u00e4rm\u00e4n-tehdas-ilmakuva-2018-1024x576.jpg, small], \n\t\t\t\t\t[https:\/\/www.skaala.com\/wp-content\/uploads\/2020\/05\/Ylih\u00e4rm\u00e4n-tehdas-ilmakuva-2018-1024x576.jpg, medium], \n\t\t\t\t\t[https:\/\/www.skaala.com\/wp-content\/uploads\/2020\/05\/Ylih\u00e4rm\u00e4n-tehdas-ilmakuva-2018-1200x675.jpg, large], \n\t\t\t\t\t[https:\/\/www.skaala.com\/wp-content\/uploads\/2020\/05\/Ylih\u00e4rm\u00e4n-tehdas-ilmakuva-2018-1536x864.jpg, xlarge]\"\n\t\t\t\t\t>\n\t\t<\/div>\n\t\t\t<\/div>\n\t<\/div>\n","protected":false},"excerpt":{"rendered":"","protected":false},"author":5,"featured_media":27565,"parent":141,"menu_order":0,"comment_status":"closed","ping_status":"closed","template":"","meta":{"_acf_changed":false,"inline_featured_image":false,"footnotes":""},"class_list":["post-198","page","type-page","status-publish","has-post-thumbnail","hentry"],"acf":[],"_links":{"self":[{"href":"https:\/\/www.skaala.com\/fi\/wp-json\/wp\/v2\/pages\/198","targetHints":{"allow":["GET"]}}],"collection":[{"href":"https:\/\/www.skaala.com\/fi\/wp-json\/wp\/v2\/pages"}],"about":[{"href":"https:\/\/www.skaala.com\/fi\/wp-json\/wp\/v2\/types\/page"}],"author":[{"embeddable":true,"href":"https:\/\/www.skaala.com\/fi\/wp-json\/wp\/v2\/users\/5"}],"replies":[{"embeddable":true,"href":"https:\/\/www.skaala.com\/fi\/wp-json\/wp\/v2\/comments?post=198"}],"version-history":[{"count":45,"href":"https:\/\/www.skaala.com\/fi\/wp-json\/wp\/v2\/pages\/198\/revisions"}],"predecessor-version":[{"id":26001,"href":"https:\/\/www.skaala.com\/fi\/wp-json\/wp\/v2\/pages\/198\/revisions\/26001"}],"up":[{"embeddable":true,"href":"https:\/\/www.skaala.com\/fi\/wp-json\/wp\/v2\/pages\/141"}],"wp:featuredmedia":[{"embeddable":true,"href":"https:\/\/www.skaala.com\/fi\/wp-json\/wp\/v2\/media\/27565"}],"wp:attachment":[{"href":"https:\/\/www.skaala.com\/fi\/wp-json\/wp\/v2\/media?parent=198"}],"curies":[{"name":"wp","href":"https:\/\/api.w.org\/{rel}","templated":true}]}}