{"id":200,"date":"2020-04-20T15:48:35","date_gmt":"2020-04-20T12:48:35","guid":{"rendered":"https:\/\/www.skaala.com\/?page_id=200"},"modified":"2026-03-31T09:38:34","modified_gmt":"2026-03-31T06:38:34","slug":"ikkunaremontti","status":"publish","type":"page","link":"https:\/\/www.skaala.com\/fi\/omakotitalot-ja-mokit\/ikkunaremontti\/","title":{"rendered":"Ikkunaremontti Skaalalta\u00a0"},"content":{"rendered":"\n\t<header class=\"featured-hero custom\" role=\"banner\" data-interchange=\"\n\t\t[https:\/\/www.skaala.com\/wp-content\/uploads\/2023\/05\/skaalaauto08-1280x400.jpg, small],\n\t\t[https:\/\/www.skaala.com\/wp-content\/uploads\/2023\/05\/skaalaauto08-1280x400.jpg,medium],\n\t\t[https:\/\/www.skaala.com\/wp-content\/uploads\/2023\/05\/skaalaauto08-1440x400.jpg, large],\n\t\t[https:\/\/www.skaala.com\/wp-content\/uploads\/2023\/05\/skaalaauto08-1920x400.jpg, xlarge]\">\n\t\t\t<h1>Ikkunaremontti Skaalalta\u00a0<\/h1>\n\t<\/header>\n\t\n\n\n<div class=\"wp-block-custom-content-area custom-wrapper alignleft has-dark-gray-background-color\"><div class=\"outer-wrap\">\t\n\t<div id=\"heading-block-block_b35f5ebb999442abac4602b16736c18e\" class=\"heading-block\">\n\t\t<h2 ><span>Ikkunaremontti edess\u00e4? Skaala auttaa!<\/span><\/h2>\t<\/div>\n\n\n\n<div id=\"text-block-block_e8e01d07f7dcbae52e1e1d3818dc6c4e\" class=\"text-block\">\n\t\t\t<p>Ikkunaremontti kannattaa, sill\u00e4 se pienent\u00e4\u00e4 rakennuksen energiankulutusta ja l\u00e4mmityskustannuksia sek\u00e4 nostaa asunnon arvoa. Skaalan kauppiaat auttavat sinua remontissa: saat kauppiaidemme kautta laadukkaat kotimaiset Skaala-ikkunat ja -ovet valmiiksi asennettuna avaimet k\u00e4teen -palveluna!<\/p>\n\t<\/div>\n\n\n\n\n<a href=\"https:\/\/www.skaala.com\/fi\/ota-yhteytta\/pyyda-tarjous\/\" \nid=\"button-block-block_866acda725c443f3458270ea37e4f091\" \nclass=\"button-block button\"\ntarget=\"\"\n>Pyyd\u00e4 tarjous<\/a>\n\n\n\n\n<a href=\"https:\/\/www.skaala.com\/fi\/ota-yhteytta\/pyyda-ilmainen-arvio-tai-kartoitus\/\" \nid=\"button-block-block_22663a1b1b1885658f1a8c5e0e3f3b3c\" \nclass=\"button-block button\"\ntarget=\"\"\n>Pyyd\u00e4 ilmainen arvio<\/a>\n\n\n\n\n<a href=\"https:\/\/www.skaala.com\/fi\/vanhan-talon-ikkunat\/\" \nid=\"button-block-block_64ec6abc871e0a2a5e027b012b9792f0\" \nclass=\"button-block button\"\ntarget=\"\"\n>Vanhan talon ikkunat uusiin<\/a>\n\n\n\n\n<div id=\"text-block-block_f6a961e8800c56899c3777c0da8efe02\" class=\"text-block\">\n\t\t\t<p><script src=\"https:\/\/widget.trustmary.com\/OsYOuyY3b\"><span data-mce-type=\"bookmark\" style=\"display: inline-block; width: 0px; overflow: hidden; line-height: 0;\" class=\"mce_SELRES_start\">\ufeff<\/span><\/script><\/p>\n\t<\/div>\n\n<\/div><\/div>\n\n\n\n<div class=\"wp-block-custom-content-area custom-wrapper alignleft has-light-blue-background-color\"><div class=\"outer-wrap\">\t\n\t<div id=\"heading-block-block_60e4940e0a1fb486ad8443a8db08bef6\" class=\"heading-block\">\n\t\t<h2 ><span>Milloin ikkunat pit\u00e4\u00e4 vaihtaa? <\/span><\/h2>\t<\/div>\n\n\n\n<div id=\"text-block-block_9a315d4dc9f1aa464114932fe590368c\" class=\"text-block\">\n\t\t\t<p class=\"p1\"><b>Ikkunaremontti on ajankohtainen, jos ikkunat vet\u00e4v\u00e4t tai ne eiv\u00e4t pid\u00e4 kotia tehokkaasti l\u00e4mpim\u00e4n\u00e4. <\/b>Vanhat ikkunat n\u00e4ytt\u00e4v\u00e4t usein my\u00f6s kuluneilta ja niiden k\u00e4ytt\u00f6 voi olla hankalaa. Ikkuna ei esimerkiksi aukea en\u00e4\u00e4 sujuvasti, jos sen karmit ottavat vastaan.<\/p>\n<p>&nbsp;<\/p>\n<p class=\"p1\"><b>On aika tehd\u00e4 ikkunaremontti, jos ikkunat:<\/b><\/p>\n<ul class=\"ul1\">\n<li class=\"li1\">vet\u00e4v\u00e4t<\/li>\n<li class=\"li1\">eiv\u00e4t pid\u00e4 kotia tehokkaasti l\u00e4mpim\u00e4n\u00e4<\/li>\n<li class=\"li1\">n\u00e4ytt\u00e4v\u00e4t kuluneilta ja niiden k\u00e4ytt\u00f6 on hankaloitunut<\/li>\n<li class=\"li1\">ovat yli 40 vuotta vanhat.<\/li>\n<\/ul>\n\t<\/div>\n\n\n\n\t\n\t<div id=\"heading-block-block_e612529336795389850a2131827a7094\" class=\"heading-block\">\n\t\t<h3 ><span>Ikkunaremontti on ajankohtainen 80\u201390-luvulla rakennettuihin taloihin<\/span><\/h3>\t<\/div>\n\n\n\n<div id=\"text-block-block_8e34a8eab01a3e38144dd1f90179c183\" class=\"text-block\">\n\t\t\t<p class=\"p1\">80-luvulla tai sit\u00e4 ennen valmistetut ikkunat kest\u00e4v\u00e4t k\u00e4yt\u00f6ss\u00e4 keskim\u00e4\u00e4rin 40 vuotta. <b>T\u00e4m\u00e4 tarkoittaa, ett\u00e4 2020-luvulla ikkunoita vaihdetaan p\u00e4\u00e4asiassa 80-luvulla rakennettuihin omakoti- ja kerrostaloihin, joissa on viel\u00e4 alkuper\u00e4iset ikkunat.<\/b><\/p>\n<p>&nbsp;<\/p>\n<p class=\"p1\">Modernit ikkunat kest\u00e4v\u00e4t karkeasti arvioituna tuplasti kauemmin kuin 80-luvulla tai sit\u00e4 aiemmin valmistetut ikkunat, sill\u00e4 ikkunoiden ulkopuitteet valmistetaan nyky\u00e4\u00e4n alumiinista. 90-luvulle saakka ikkunapuitteet tehtiin puusta, joka pehmentyy ja alkaa lahota ajan my\u00f6t\u00e4 toisin kuten pitk\u00e4kestoinen alumiini.<\/p>\n\t<\/div>\n\n\n\n\n<a href=\"https:\/\/www.skaala.com\/fi\/ota-yhteytta\/pyyda-tarjous\/\" \nid=\"button-block-block_91204afc67ff0324a165f6f84652a0f6\" \nclass=\"button-block button\"\ntarget=\"_blank\"\n>Pyyd\u00e4 tarjous ikkunaremontista<\/a>\n\n\n\n\t\n\t<div id=\"heading-block-block_2bad236823eadb7c213ec90b73327c61\" class=\"heading-block\">\n\t\t<h2 ><span>Mit\u00e4 ikkunaremontti maksaa?<\/span><\/h2>\t<\/div>\n\n\n\n<div id=\"text-block-block_93fe4bdb183d7c6635319fb0deff039d\" class=\"text-block\">\n\t\t\t<p class=\"p1\"><b>Ikkunaremontin hinta m\u00e4\u00e4r\u00e4ytyy ikkunoiden lukum\u00e4\u00e4r\u00e4n, kohteen sijainnin sek\u00e4 mahdollisten erityisvaatimusten mukaan. <\/b>Ota yhteytt\u00e4 paikalliseen Skaala-kauppiaaseen, niin saat kohteellesi tarkan hinnan.<\/p>\n<p>&nbsp;<\/p>\n<p class=\"p1\">Jos ikkunaremontti tuntuu suurelta investoinnilta, pid\u00e4 mieless\u00e4, ett\u00e4 pitk\u00e4ll\u00e4 aikav\u00e4lill\u00e4 se kannattaa my\u00f6s taloudellisesti. Modernit ikkunat ja ovet ovat kest\u00e4vi\u00e4 ja palvelevat useita vuosikymmeni\u00e4. <b>Skaalan energialaskurin avulla voit laskea, kuinka paljon s\u00e4\u00e4st\u00e4t l\u00e4mmityskustannuksissa ikkunaremontin ansiosta.<\/b><\/p>\n<p>&nbsp;<\/p>\n<p class=\"p1\"><a href=\"https:\/\/www.skaala.com\/fi\/energiansaastolaskuri\/\">Siirry t\u00e4st\u00e4 energians\u00e4\u00e4st\u00f6laskuriin <span class=\"s1\">\u2192<\/span><\/a><\/p>\n<p>&nbsp;<\/p>\n<p class=\"p1\"><span class=\"s2\">\ud83d\udca1<\/span> Skaala tarjoaa mahdollisuuden maksaa ikkunaremontin eriss\u00e4 <a href=\"https:\/\/www.skaala.com\/fi\/palvelut\/skaala-rahoitus\/\">Skaala-rahoituksella.<\/a><\/p>\n\t<\/div>\n\n\n\n\t\n\t<div id=\"heading-block-block_6a83f39b83596cc615fbb18ab59190cf\" class=\"heading-block\">\n\t\t<h3 ><span>N\u00e4in ikkunaremontin hinta muodostuu<\/span><\/h3>\t<\/div>\n\n\n\n<div id=\"text-block-block_0794d645381fb5daf92444427f50712b\" class=\"text-block\">\n\t\t\t<p class=\"p1\"><a href=\"https:\/\/www.skaala.com\/fi\/ikkunaremontin-hinta\/\">Ikkunaremontin hintaan<\/a> vaikuttavat seuraavat tekij\u00e4t:<\/p>\n<ul class=\"ul1\">\n<li class=\"li1\"><b>Ikkunoiden lukum\u00e4\u00e4r\u00e4, muoto ja koko.<\/b>\u00a0Karkean arvion mukaan ikkunat maksavat noin 1 000 euroa kappaleelta, mutta esimerkiksi yksitt\u00e4inen pieni saunan ikkuna on halvempi kuin iso olohuoneen ikkuna, jossa saattaa olla lis\u00e4ksi tuuletusikkuna. Ikkunalliset ovet, kuten parvekeovet lis\u00e4\u00e4v\u00e4t kustannuksia.<\/li>\n<li class=\"li1\"><b>Talon rakenne ja sijainti.<\/b>\u00a0Jos talo sijaitsee esimerkiksi rinteess\u00e4, tarvitaan ikkunan asennusta varten erikoisv\u00e4lineit\u00e4, kuten nostimia. Hintaan vaikuttaa my\u00f6s tontin koko ja tontille p\u00e4\u00e4sy esimerkiksi m\u00f6kkikohteissa.<\/li>\n<li class=\"li1\"><b>Uuden ikkunan malli.<\/b>\u00a0Ikkunoita saa useassa eri mallissa, kuten kiintein\u00e4 ja avattavina sek\u00e4 kolme- ja nelilasisina. Skaalalla olemme erikoistuneet nelilasisiin energiatehokkaisiin ikkunoihin, jotka tuotamme kustannustehokkaasti omalla tehtaallamme Suomessa.<\/li>\n<li class=\"li1\"><b>Lis\u00e4varusteet.<\/b>\u00a0Raitisilmaventtiilien, tuuletushelojen, s\u00e4lekaihdinten ja hyttyspuitteiden kaltaiset lis\u00e4varusteet myyd\u00e4\u00e4n erikseen. Moni haluaa esimerkiksi s\u00e4lekaihtimet, jotka on helppo asentaa ikkunaremontin yhteydess\u00e4.<\/li>\n<li class=\"li1\"><b>Turvas\u00e4\u00e4nn\u00f6kset.\u00a0<\/b>Rakennusvaatimusten mukaiset erikoistuotteet, kuten turvalasit, paloikkunat ja karkaistu lasi saattavat nostaa kustannuksia. Koulutamme henkil\u00f6kuntaamme jatkuvasti ja tarjoamme asiantuntevaa palvelua turvallisuusasioissa.<\/li>\n<li class=\"li1\"><b>Asennuspalvelu. <\/b>Suurin osa asiakkaistamme valitsee ns. avaimet k\u00e4teen -asennuksen, johon kuuluu vanhojen ikkunoiden purku<b>,\u00a0<\/b>vanhan aukon puhdistus ja tarkistus, asennus, eristys, viimeistelyt, sis\u00e4puolen listoitus, ulkopuolen puuty\u00f6t ja pellitykset sek\u00e4 j\u00e4tteen poisvienti. Huomioi, ett\u00e4 ikkunoiden vaihdon yhteydess\u00e4 tulee huomattava m\u00e4\u00e4r\u00e4 erilaista j\u00e4tett\u00e4, kuten villoja, puuta ja lasia.<\/li>\n<\/ul>\n<blockquote>\n<p class=\"p3\">Ikkunaremontin hinta m\u00e4\u00e4r\u00e4ytyy ikkunoiden lukum\u00e4\u00e4r\u00e4n, kohteen sijainnin sek\u00e4 mahdollisten erityisvaatimusten mukaan.<\/p>\n<\/blockquote>\n\t<\/div>\n\n\n\n\t\n\t<div id=\"heading-block-block_81ee7e5efe4057ca84e0bf16fa488673\" class=\"heading-block\">\n\t\t<h2 ><span>Ikkunaremontti kannattaa useasta syyst\u00e4<\/span><\/h2>\t<\/div>\n\n\n\n<div id=\"text-block-block_db42d6e6b327ba299311746cb49ef844\" class=\"text-block\">\n\t\t\t<p class=\"p1\">Lue alta kolme t\u00e4rkeint\u00e4 syyt\u00e4, joiden takia ikkunaremontti on hyv\u00e4 tehd\u00e4 heti, kun sille ilmenee tarvetta.<\/p>\n<p class=\"p1\">\n<blockquote>\n<p class=\"p2\">Ikkunaremontti kannattaa tehd\u00e4 heti kun sille ilmenee tarvetta.<\/p>\n<\/blockquote>\n<p>&nbsp;<\/p>\n<p class=\"p1\"><b>Lue my\u00f6s:<\/b> <a href=\"https:\/\/www.skaala.com\/fi\/ikkunaremontin-eteneminen\/\">Ikkunaremontin eteneminen ja 7 asiaa, jotka vaikuttavat remontin onnistumiseen<\/a>.<\/p>\n\t<\/div>\n\n\n\n\t\n\t<div id=\"heading-block-block_59ba7e4727eae909e6239f0c8f69847f\" class=\"heading-block\">\n\t\t<h3 ><span>1. Ikkunaremontilla s\u00e4\u00e4st\u00f6\u00e4 l\u00e4mmityskustannuksiin<\/span><\/h3>\t<\/div>\n\n\n\n<div id=\"text-block-block_5e8be60ca59fef094f1a8b6f54a7b296\" class=\"text-block\">\n\t\t\t<p>Modernit ikkunat ovat energiatehokkaita: niill\u00e4 on sama U-arvo eli l\u00e4mm\u00f6nl\u00e4p\u00e4isykerroin kuin 80-luvulla rakennettujen talojen seinill\u00e4. Vanhat ikkunat voivat kuluttaa kodin l\u00e4mmitykseen vuodessa jopa 4 500 kWh, kun uudet energiatehokkaat Skaala-ikkunat kuluttavat vain 774 kWh. Pienemm\u00e4n kulutuksen my\u00f6t\u00e4 voit s\u00e4\u00e4st\u00e4\u00e4 l\u00e4mmityskustannuksissa satoja euroja vuodessa. Katso esimerkkilaskelma alta.<\/p>\n\t<\/div>\n\n\n\n\n<div id=\"image-block_ecf8e6eca7472fc4477d6600a780d27b\" class=\"image-block\">\n\t\t\t\t<div class=\"image-container\" style=\"width: px; height: \n\t\tauto;\">\n\t\t\t<img decoding=\"async\" src=\"https:\/\/www.skaala.com\/wp-content\/uploads\/2024\/03\/skaala_ikkunoiden_energiansaasto_esimerkkilasku.png\" alt=\"\">\n\t\t<\/div>\n\t \n\n\t<\/div>\n\n\n\n\n<a href=\"https:\/\/www.skaala.com\/ikkunat-jokaiseen-kotiin-skaalalta\/\" \nid=\"button-block-block_6fe9005d3010d4e6abfcee3a9276cd6f\" \nclass=\"button-block button\"\ntarget=\"_blank\"\n>Tutustu energiatehokkaisiin Skaala-ikkunoihin<\/a>\n\n\n\n\n<a href=\"https:\/\/www.skaala.com\/fi\/energiansaastolaskuri\/\" \nid=\"button-block-block_522e674cf9bef43b273f73dbb56ed379\" \nclass=\"button-block button\"\ntarget=\"_blank\"\n>Testaa laskurillamme kuinka paljon s\u00e4\u00e4st\u00e4t ikkunaremontin avulla<\/a>\n\n\n\n\t\n\t<div id=\"heading-block-block_1d0645052769a2060c1fe6042023a0a0\" class=\"heading-block\">\n\t\t<h3 ><span>2. Modernit ikkunat pienent\u00e4v\u00e4t hiilijalanj\u00e4lke\u00e4<\/span><\/h3>\t<\/div>\n\n\n\n<div id=\"text-block-block_55838d3c6c4fe3a82b904453bdd3d312\" class=\"text-block\">\n\t\t\t<p>Ikkunoiden vaihtaminen uusiin on fiksu ekoteko, sill\u00e4 se parantaa kodin energiatehokkuutta ja v\u00e4hent\u00e4\u00e4 l\u00e4mmityksen energiankulutusta. N\u00e4in asumisesta aiheutuva hiilijalanj\u00e4lki pienenee. Ikkunaremontti lis\u00e4\u00e4 samalla asumismukavuutta, kun ikkunoista ei en\u00e4\u00e4 ved\u00e4.<\/p>\n<p>&nbsp;<\/p>\n<p>Skaalan ikkunoihin on my\u00f6s saatavilla lis\u00e4varusteena auringonsuojalasi. Se est\u00e4\u00e4 aurinkoa l\u00e4mmitt\u00e4m\u00e4st\u00e4 kotia kes\u00e4helteill\u00e4 liikaa, mik\u00e4 v\u00e4hent\u00e4\u00e4 koneellisen viilennyksen tarvetta.<\/p>\n\t<\/div>\n\n\n\n\n<a href=\"https:\/\/www.skaala.com\/fi\/ikkunat\/lasivaihtoehdot\/\" \nid=\"button-block-block_6e413e366f7c86f39c26e4c10e4791fe\" \nclass=\"button-block button\"\ntarget=\"_blank\"\n>Lue lis\u00e4\u00e4 eri lasivaihtoehdoista<\/a>\n\n\n\n\t\n\t<div id=\"heading-block-block_03b4cef618246c6c5bb13b99c15922a1\" class=\"heading-block\">\n\t\t<h3 ><span>3. Ikkunaremontti lis\u00e4\u00e4 \u00e4\u00e4nenvaimennusta ja sit\u00e4 my\u00f6t\u00e4 asumismukavuutta<\/span><\/h3>\t<\/div>\n\n\n\n<div id=\"text-block-block_0c77554f498933c5a7c7d8ffe69184d6\" class=\"text-block\">\n\t\t\t<p>Et ehk\u00e4 osannut kaivata hiljaisuutta ennen ikkunaremonttia, mutta uudet ikkunat saatuasi huomaat eron. Moderneissa ikkunoissa on huipputasokas \u00e4\u00e4nenerist\u00e4vyys, joka vaimentaa liikenteen melun ja naapuruston \u00e4\u00e4net.<\/p>\n<p>&nbsp;<\/p>\n<p>Suomessa suositaan perinteisesti kaksipuitteisia ikkunoita, joissa on kaksi lasia. Niiss\u00e4 \u00e4\u00e4nenerist\u00e4vyys on erityisen hyv\u00e4, sill\u00e4 lasien v\u00e4liin j\u00e4\u00e4v\u00e4 tila vaimentaa tehokkaasti melua.<\/p>\n\t<\/div>\n\n\n\n\n<a href=\"https:\/\/www.skaala.com\/fi\/ikkunat\/\" \nid=\"button-block-block_3289a74d81c028f4115d3c87524e72e0\" \nclass=\"button-block button\"\ntarget=\"_blank\"\n>Tutustu Skaalan tuotevalikoimaan<\/a>\n\n\n\n\t\n\t<div id=\"heading-block-block_a9bfcea0f5f3b49f53d7955260460ddd\" class=\"heading-block\">\n\t\t<h2 ><span>Kuinka kauan ikkunaremontti kest\u00e4\u00e4?<\/span><\/h2>\t<\/div>\n\n\n\n<div id=\"text-block-block_015ea656cf6d3a63bb26d92a636130ae\" class=\"text-block\">\n\t\t\t<p>Ikkunaremontin kesto on kiinni monesta tekij\u00e4st\u00e4 ja on tapauskohtainen. Tyypillinen kesto yksikerroksiessa omakotitalossa on 1-2 p\u00e4iv\u00e4\u00e4 ikkunoiden lukum\u00e4\u00e4r\u00e4st\u00e4 riippuen, kun asennusryhm\u00e4 vaihtaa noin 10 ikkunaa p\u00e4iv\u00e4ss\u00e4. Ikkunaremontin kesto kerros- tai rivitalossa on tyypillisesti 1-2 vuorokautta per asunto.<\/p>\n<p>&nbsp;<\/p>\n<p><strong>Lue lis\u00e4\u00e4:<\/strong><\/p>\n<ul>\n<li><a href=\"https:\/\/www.skaala.com\/fi\/ikkunaremontin-kesto-taloyhtiossa\/\">Ikkunaremontin kesto taloyhti\u00f6ss\u00e4<\/a><\/li>\n<li><a href=\"https:\/\/www.skaala.com\/fi\/ikkunaremontin-kesto-omakotitalossa\/\">Ikkunaremontin kesto omakotitalossa<\/a><\/li>\n<\/ul>\n\t<\/div>\n\n<\/div><\/div>\n\n\n\n<div class=\"wp-block-custom-content-area custom-wrapper alignleft has-dark-gray-background-color\"><div class=\"outer-wrap\">\t\n\t<div id=\"heading-block-block_a2817393b627c0cdd4b693feea496d08\" class=\"heading-block\">\n\t\t<h2 ><span>Ikkunaremontti Skaala-kauppiailta avaimet k\u00e4teen -palveluna<\/span><\/h2>\t<\/div>\n\n\n\n<div id=\"text-block-block_b97be1ce66b6b3b1518762bb9c2543d3\" class=\"text-block\">\n\t\t\t<p class=\"p1\">Helpoin tapa tehd\u00e4 ikkunaremontti on hankkia uudet ikkunat kotiin avaimet k\u00e4teen -asennuksena. Se tarkoittaa, ett\u00e4 <b>Skaala-kauppias hoitaa\u00a0ikkunoiden mittaamisen puolestasi, kartoittaa tarpeesi ja tekee suunnitelman kotisi ikkunaremontista.<\/b><\/p>\n<p>&nbsp;<\/p>\n<p class=\"p1\">Valmistamme kaikki tuotteemme mittatilausty\u00f6n\u00e4 tehtaallamme Etel\u00e4-Pohjanmaalla. N\u00e4in saat meilt\u00e4 juuri omiin tarpeisiisi r\u00e4\u00e4t\u00e4l\u00f6idyt ikkunat ja ovet.<strong><a href=\"https:\/\/www.skaala.com\/wp-content\/uploads\/2025\/10\/Skaalan-kotimaisuusaste.pdf\" target=\"_blank\" rel=\"noopener\"> Lue lis\u00e4\u00e4 kotimaisuusasteestamme.<\/a><\/strong><\/p>\n<p>&nbsp;<\/p>\n<p class=\"p1\">Skaalan kauppiasverkoston kautta saat halutessasi <strong><a href=\"https:\/\/www.skaala.com\/fi\/palvelut\/asennuspalvelu\/ikkunat-asennettuna\/\">ikkunat asennettuna<\/a><\/strong> laadukkaana takuuty\u00f6n\u00e4. Asennustakuun my\u00f6nt\u00e4\u00e4 asennuksesta vastannut Skaala-kauppias, joka vastaa ikkunoiden asennuksen toimivuudesta ja laadusta sovitusti asennuksen j\u00e4lkeen. Lue tarkemmat <strong><a href=\"https:\/\/www.skaala.com\/fi\/tietoa-skaalasta\/takuuehdot\/\"><span class=\"s1\">takuuehdot<\/span><\/a>.<\/strong><\/p>\n\t<\/div>\n\n<\/div><\/div>\n\n\n\n<div class=\"wp-block-custom-content-area custom-wrapper alignleft has-light-blue-background-color\"><div class=\"outer-wrap\">\t\n\t<div id=\"heading-block-block_7066ee34c933ee00437084e096f93b95\" class=\"heading-block\">\n\t\t<h2 ><span>Ikkunaremontti suunnitteilla? Skaalan asiakaspalvelu auttaa kysymyksiss\u00e4si<\/span><\/h2>\t<\/div>\n\n\n\n<div id=\"text-block-block_cc989aee33a03547d86cdc276eeaea77\" class=\"text-block\">\n\t\t\t<p class=\"p1\">Skaalan asiakaspalvelu auttaa sinua mielell\u00e4\u00e4n kaikissa ikkunoihin ja oviin liittyviss\u00e4 kysymyksiss\u00e4. Ota meihin yhteys puhelimitse, s\u00e4hk\u00f6postitse tai verkkosivujemme lomakkeiden kautta.<\/p>\n\t<\/div>\n\n\n\n\n<a href=\"https:\/\/www.skaala.com\/fi\/ota-yhteytta\/pyyda-tarjous\/\" \nid=\"button-block-block_8f5365a619f6369f67877633c0c86e77\" \nclass=\"button-block button\"\ntarget=\"_blank\"\n>Pyyd\u00e4 tarjous<\/a>\n\n\n\n\n<a href=\"https:\/\/www.skaala.com\/fi\/ota-yhteytta\/pyyda-ilmainen-arvio-tai-kartoitus\/\" \nid=\"button-block-block_a7ae7c2af08ce51e33da927733c9123b\" \nclass=\"button-block button\"\ntarget=\"_blank\"\n>Pyyd\u00e4 ilmainen arvio<\/a>\n\n<\/div><\/div>\n\n\n<div class=\"featured-items-block block\">\n\t<div class=\"featured-item\">\n\t\t<div class=\"content-half has-dark-gray-background-color\">\n\t\t\t<div class=\"featured-item--content grid-item\">\n\t\t\t\t\t\t<a class=\"button button-large\" href=\"https:\/\/www.skaala.com\/fi\/ikkunaremontin-eteneminen\/\">Ikkunaremontin eteneminen ja 7 asiaa, jotka vaikuttavat remontin onnistumiseen<\/a>\n\t\t\t\t\t\t<\/div>\n\t\t<\/div>\n\t\t\t\t<div class=\"featured-item--image grid-item\"\n\t\t\t\t\tdata-interchange=\"\n\t\t\t\t\t[https:\/\/www.skaala.com\/wp-content\/uploads\/2023\/10\/Talon-ikkunat-1024x640.jpg, small], \n\t\t\t\t\t[https:\/\/www.skaala.com\/wp-content\/uploads\/2023\/10\/Talon-ikkunat-1024x640.jpg, medium], \n\t\t\t\t\t[https:\/\/www.skaala.com\/wp-content\/uploads\/2023\/10\/Talon-ikkunat.jpg, large], \n\t\t\t\t\t[https:\/\/www.skaala.com\/wp-content\/uploads\/2023\/10\/Talon-ikkunat.jpg, xlarge]\"\n\t\t\t\t\t>\n\t\t<\/div>\n\t\t\t<\/div>\n\t\t<div class=\"featured-item\">\n\t\t<div class=\"content-half has-dark-gray-background-color\">\n\t\t\t<div class=\"featured-item--content grid-item\">\n\t\t\t\t\t\t<a class=\"button button-large\" href=\"https:\/\/www.skaala.com\/fi\/energiansaastolaskuri-energiatehokkuus\/\">Energians\u00e4\u00e4st\u00f6laskuri<\/a>\n\t\t\t\t\t\t<\/div>\n\t\t<\/div>\n\t\t\t\t<div class=\"featured-item--image grid-item\"\n\t\t\t\t\tdata-interchange=\"\n\t\t\t\t\t[https:\/\/www.skaala.com\/wp-content\/uploads\/2023\/03\/tolpatautokwhautovuosikymmenetauto2020-1024x512.jpeg, small], \n\t\t\t\t\t[https:\/\/www.skaala.com\/wp-content\/uploads\/2023\/03\/tolpatautokwhautovuosikymmenetauto2020-1024x512.jpeg, medium], \n\t\t\t\t\t[https:\/\/www.skaala.com\/wp-content\/uploads\/2023\/03\/tolpatautokwhautovuosikymmenetauto2020.jpeg, large], \n\t\t\t\t\t[https:\/\/www.skaala.com\/wp-content\/uploads\/2023\/03\/tolpatautokwhautovuosikymmenetauto2020.jpeg, xlarge]\"\n\t\t\t\t\t>\n\t\t<\/div>\n\t\t\t<\/div>\n\t\t<div class=\"featured-item\">\n\t\t<div class=\"content-half has-dark-gray-background-color\">\n\t\t\t<div class=\"featured-item--content grid-item\">\n\t\t\t\t\t\t<a class=\"button button-large\" href=\"https:\/\/www.skaala.com\/fi\/ikkunaremontti-omakotitaloon\/\">Ikkunaremontti omakotitaloon &#8211; asennusty\u00f6n laatu ylitti odotukset!<\/a>\n\t\t\t\t\t\t<\/div>\n\t\t<\/div>\n\t\t\t\t<div class=\"featured-item--image grid-item\"\n\t\t\t\t\tdata-interchange=\"\n\t\t\t\t\t[https:\/\/www.skaala.com\/wp-content\/uploads\/2023\/11\/Uudet-ikkunat-1024x1536.jpg, small], \n\t\t\t\t\t[https:\/\/www.skaala.com\/wp-content\/uploads\/2023\/11\/Uudet-ikkunat-1024x1536.jpg, medium], \n\t\t\t\t\t[https:\/\/www.skaala.com\/wp-content\/uploads\/2023\/11\/Uudet-ikkunat.jpg, large], \n\t\t\t\t\t[https:\/\/www.skaala.com\/wp-content\/uploads\/2023\/11\/Uudet-ikkunat-1024x1536.jpg, xlarge]\"\n\t\t\t\t\t>\n\t\t<\/div>\n\t\t\t<\/div>\n\t<\/div>\n\n\n\n<div class=\"wp-block-custom-content-area custom-wrapper alignleft has-red-background-color\"><div class=\"outer-wrap\">\n<a href=\"https:\/\/www.skaala.com\/fi\/omakotitalot-ja-mokit\/ikkunaremontti\/ikkunaremontti-turku\/\" \nid=\"button-block-block_af7da83add33819427254922ecd3b059\" \nclass=\"button-block button\"\ntarget=\"\"\n>Ikkunaremontti Turku<\/a>\n\n\n\n\n<a href=\"https:\/\/www.skaala.com\/fi\/omakotitalot-ja-mokit\/ikkunaremontti\/ikkunaremontti-tampere\/\" \nid=\"button-block-block_f2e15e85c6bfd02f8fbfaee2379b2d4a\" \nclass=\"button-block button\"\ntarget=\"\"\n>Ikkunaremontti Tampere<\/a>\n\n\n\n\n<a href=\"https:\/\/www.skaala.com\/fi\/omakotitalot-ja-mokit\/ikkunaremontti\/ikkunaremontti-lahti\/\" \nid=\"button-block-block_cbb62ab7c13ec424ecb19218cce1916f\" \nclass=\"button-block button\"\ntarget=\"\"\n>Ikkunaremontti Lahti<\/a>\n\n\n\n\n<a href=\"https:\/\/www.skaala.com\/fi\/omakotitalot-ja-mokit\/ikkunaremontti\/ikkunaremontti-oulu\/\" \nid=\"button-block-block_bc2e88ff76f2ceb022e286fe9305443c\" \nclass=\"button-block button\"\ntarget=\"\"\n>Ikkunaremontti Oulu<\/a>\n\n\n\n\n<a href=\"https:\/\/www.skaala.com\/fi\/omakotitalot-ja-mokit\/ikkunaremontti\/ikkunaremontti-kuopio\/\" \nid=\"button-block-block_37ab944e4c0c389152f814598e940609\" \nclass=\"button-block button\"\ntarget=\"\"\n>Ikkunaremontti Kuopio<\/a>\n\n\n\n\n<a href=\"https:\/\/www.skaala.com\/fi\/omakotitalot-ja-mokit\/ikkunaremontti\/ikkunaremontti-varkaus\/\" \nid=\"button-block-block_333f72d378879dc4adfa2b0f8de48783\" \nclass=\"button-block button\"\ntarget=\"\"\n>Ikkunaremontti Varkaus<\/a>\n\n\n\n\n<a href=\"https:\/\/www.skaala.com\/fi\/omakotitalot-ja-mokit\/ikkunaremontti\/ikkunaremontti-joensuu\/\" \nid=\"button-block-block_9416604d96f2703e52ab729b5085cdf7\" \nclass=\"button-block button\"\ntarget=\"\"\n>Ikkunaremontti Joensuu<\/a>\n\n\n\n\n<a href=\"https:\/\/www.skaala.com\/fi\/omakotitalot-ja-mokit\/ikkunaremontti\/ikkunaremontti-helsinki\/\" \nid=\"button-block-block_896cfc4877ea3b73ff3d602caf188705\" \nclass=\"button-block button\"\ntarget=\"\"\n>Ikkunaremontti Helsinki<\/a>\n\n\n\n\n<a href=\"https:\/\/www.skaala.com\/fi\/omakotitalot-ja-mokit\/ikkunaremontti\/ikkunaremontti-pori\/\" \nid=\"button-block-block_12be56068efc28795a829732a7031268\" \nclass=\"button-block button\"\ntarget=\"\"\n>Ikkunaremontti Pori<\/a>\n\n\n\n\n<a href=\"https:\/\/www.skaala.com\/fi\/omakotitalot-ja-mokit\/oviremontti\/oviremontti-lappeenranta\/\" \nid=\"button-block-block_8a0b1385335b4cc5f43e657dc51e7d64\" \nclass=\"button-block button\"\ntarget=\"\"\n>Ikkunaremontti Lappeenranta<\/a>\n\n\n\n\n<a href=\"https:\/\/www.skaala.com\/fi\/omakotitalot-ja-mokit\/ikkunaremontti\/ikkunaremontti-espoo\/\" \nid=\"button-block-block_3fe682e13951044fe5a5579ea695a96f\" \nclass=\"button-block button\"\ntarget=\"\"\n>Ikkunaremontti Espoo<\/a>\n\n\n\n\n<a href=\" https:\/\/www.skaala.com\/fi\/omakotitalot-ja-mokit\/ikkunaremontti\/ikkunaremontti-hameenlinna\/\" \nid=\"button-block-block_7ccb263dff3d126f9eaff42076405459\" \nclass=\"button-block button\"\ntarget=\"\"\n>Ikkunaremontti H\u00e4meenlinna<\/a>\n\n\n\n\n<a href=\"https:\/\/www.skaala.com\/fi\/omakotitalot-ja-mokit\/ikkunaremontti\/ikkunaremontti-vaasa\/\" \nid=\"button-block-block_e69850b641d3988197990288c18d58f4\" \nclass=\"button-block button\"\ntarget=\"\"\n>ikkunaremontti Vaasa<\/a>\n\n\n\n\n<a href=\"https:\/\/www.skaala.com\/fi\/omakotitalot-ja-mokit\/ikkunaremontti\/ikkunaremontti-vantaa\/\" \nid=\"button-block-block_5be27684df73d2c88c72cc3b84fcc8a6\" \nclass=\"button-block button\"\ntarget=\"\"\n>ikkunaremontti Vantaa<\/a>\n\n\n\n\n<a href=\" https:\/\/www.skaala.com\/fi\/omakotitalot-ja-mokit\/ikkunaremontti\/ikkunaremontti-jyvaskyla\/\" \nid=\"button-block-block_a8a8a718ae95db6bbf9251bca9b4b13d\" \nclass=\"button-block button\"\ntarget=\"\"\n>Ikkunaremontti Jyv\u00e4skyl\u00e4<\/a>\n\n\n\n\n<a href=\"https:\/\/www.skaala.com\/fi\/omakotitalot-ja-mokit\/ikkunaremontti\/ikkunaremontti-kouvola\/\" \nid=\"button-block-block_843d965cb8d02b6eea414168db74fa4a\" \nclass=\"button-block button\"\ntarget=\"\"\n>ikkunaremontti Kouvola<\/a>\n\n<\/div><\/div>\n","protected":false},"excerpt":{"rendered":"","protected":false},"author":5,"featured_media":1939,"parent":141,"menu_order":0,"comment_status":"closed","ping_status":"closed","template":"","meta":{"_acf_changed":false,"inline_featured_image":false,"footnotes":""},"class_list":["post-200","page","type-page","status-publish","has-post-thumbnail","hentry"],"acf":[],"_links":{"self":[{"href":"https:\/\/www.skaala.com\/fi\/wp-json\/wp\/v2\/pages\/200","targetHints":{"allow":["GET"]}}],"collection":[{"href":"https:\/\/www.skaala.com\/fi\/wp-json\/wp\/v2\/pages"}],"about":[{"href":"https:\/\/www.skaala.com\/fi\/wp-json\/wp\/v2\/types\/page"}],"author":[{"embeddable":true,"href":"https:\/\/www.skaala.com\/fi\/wp-json\/wp\/v2\/users\/5"}],"replies":[{"embeddable":true,"href":"https:\/\/www.skaala.com\/fi\/wp-json\/wp\/v2\/comments?post=200"}],"version-history":[{"count":147,"href":"https:\/\/www.skaala.com\/fi\/wp-json\/wp\/v2\/pages\/200\/revisions"}],"predecessor-version":[{"id":28188,"href":"https:\/\/www.skaala.com\/fi\/wp-json\/wp\/v2\/pages\/200\/revisions\/28188"}],"up":[{"embeddable":true,"href":"https:\/\/www.skaala.com\/fi\/wp-json\/wp\/v2\/pages\/141"}],"wp:featuredmedia":[{"embeddable":true,"href":"https:\/\/www.skaala.com\/fi\/wp-json\/wp\/v2\/media\/1939"}],"wp:attachment":[{"href":"https:\/\/www.skaala.com\/fi\/wp-json\/wp\/v2\/media?parent=200"}],"curies":[{"name":"wp","href":"https:\/\/api.w.org\/{rel}","templated":true}]}}