{"id":20152,"date":"2024-04-24T13:39:20","date_gmt":"2024-04-24T10:39:20","guid":{"rendered":"https:\/\/www.skaala.com\/?page_id=20152"},"modified":"2024-06-26T11:22:31","modified_gmt":"2024-06-26T08:22:31","slug":"showroom-tampere","status":"publish","type":"page","link":"https:\/\/www.skaala.com\/fi\/showroom-tampere\/","title":{"rendered":"Showroom Tampere"},"content":{"rendered":"\n\t\t<header class=\"featured-hero article\" role=\"banner\" data-interchange=\"[https:\/\/www.skaala.com\/wp-content\/uploads\/2024\/04\/Showroom-Tampere-640x200.png, small], [https:\/\/www.skaala.com\/wp-content\/uploads\/2024\/04\/Showroom-Tampere-1000x400.png, medium], [https:\/\/www.skaala.com\/wp-content\/uploads\/2024\/04\/Showroom-Tampere-1000x400.png, large], [https:\/\/www.skaala.com\/wp-content\/uploads\/2024\/04\/Showroom-Tampere-1000x400.png, xlarge]\">\n\t\t\t\t\t<h1>Showroom Tampere<\/h1>\n\t\t<\/header>\n\t\t\n\n\n<div class=\"wp-block-custom-content-area custom-wrapper alignleft has-light-blue-background-color\"><div class=\"outer-wrap\">\t\n\t<div id=\"heading-block-block_ea9cbd4dd9f6e35d1f9fe9a1f53b26c6\" class=\"heading-block\">\n\t\t<h2 ><span>Tervetuloa Tampereen Showroomille<\/span><\/h2>\t<\/div>\n\n\n\n<div id=\"text-block-block_e1ec31392b436847afb0fc683c6b155a\" class=\"text-block\">\n\t\t\t<p><strong>Skaalan ikkunat ja ovet ovat n\u00e4ht\u00e4vill\u00e4 Skaalan Showroomilla Tampereella.<\/strong> Vierailu showroomilla on helppo tapa tutustua tuotteisiimme k\u00e4yt\u00e4nn\u00f6ss\u00e4 ja saada lis\u00e4tietoa tuotteiden ominaisuuksista ja lis\u00e4varusteista sek\u00e4 kysy\u00e4 apua ammattilaisilta. Kun etsit kest\u00e4vi\u00e4 kotimaisia ikkuna- ja oviratkaisuja uuteen kotiin tai remonttikohteeseen, l\u00f6yd\u00e4t ne Skaalalta! Skaalalla on vuosikymmenien kokemus my\u00f6s taloyhti\u00f6iden ja julkisten kohteiden ovi- ja ikkunaremonteista, joten prosessimme on sulava, luotettava ja ammattitaitoinen.<\/p>\n\t<\/div>\n\n\n\n\n<div id=\"image-block_83544b14f0211969afb16f319e8c4d8b\" class=\"image-block\">\n\t\t\t\t<div class=\"image-container\" style=\"width: px; height: \n\t\tauto;\">\n\t\t\t<img decoding=\"async\" src=\"https:\/\/www.skaala.com\/wp-content\/uploads\/2024\/04\/Tampereen-showroom-1.png\" alt=\"\">\n\t\t<\/div>\n\t \n\n\t<\/div>\n\n\n\n\t\n\t<div id=\"heading-block-block_a60bd62101eb734a248ba635c9fb2629\" class=\"heading-block\">\n\t\t<h2 ><span>Varaa aikasi<\/span><\/h2>\t<\/div>\n\n\n\n<div id=\"text-block-block_fb5de01bb10b309eb1c3f02033b49309\" class=\"text-block\">\n\t\t\t<p>Varaa esittelyaika suoraan alueen myyj\u00e4lt\u00e4. L\u00e4himm\u00e4n kauppiaan l\u00f6yd\u00e4t t\u00e4\u00e4lt\u00e4: <a href=\"https:\/\/www.skaala.com\/fi\/ota-yhteytta\/yhteystiedot\/\">Yhteystiedot<\/a><\/p>\n<p><strong>Osoite: <\/strong><\/p>\n<p>Haarlankatu 4 F 2. kerros, 33230 TAMPERE<\/p>\n\t<\/div>\n\n<\/div><\/div>\n","protected":false},"excerpt":{"rendered":"","protected":false},"author":566,"featured_media":20219,"parent":0,"menu_order":0,"comment_status":"closed","ping_status":"closed","template":"","meta":{"_acf_changed":false,"inline_featured_image":false,"footnotes":""},"class_list":["post-20152","page","type-page","status-publish","has-post-thumbnail","hentry"],"acf":[],"_links":{"self":[{"href":"https:\/\/www.skaala.com\/fi\/wp-json\/wp\/v2\/pages\/20152","targetHints":{"allow":["GET"]}}],"collection":[{"href":"https:\/\/www.skaala.com\/fi\/wp-json\/wp\/v2\/pages"}],"about":[{"href":"https:\/\/www.skaala.com\/fi\/wp-json\/wp\/v2\/types\/page"}],"author":[{"embeddable":true,"href":"https:\/\/www.skaala.com\/fi\/wp-json\/wp\/v2\/users\/566"}],"replies":[{"embeddable":true,"href":"https:\/\/www.skaala.com\/fi\/wp-json\/wp\/v2\/comments?post=20152"}],"version-history":[{"count":38,"href":"https:\/\/www.skaala.com\/fi\/wp-json\/wp\/v2\/pages\/20152\/revisions"}],"predecessor-version":[{"id":21261,"href":"https:\/\/www.skaala.com\/fi\/wp-json\/wp\/v2\/pages\/20152\/revisions\/21261"}],"wp:featuredmedia":[{"embeddable":true,"href":"https:\/\/www.skaala.com\/fi\/wp-json\/wp\/v2\/media\/20219"}],"wp:attachment":[{"href":"https:\/\/www.skaala.com\/fi\/wp-json\/wp\/v2\/media?parent=20152"}],"curies":[{"name":"wp","href":"https:\/\/api.w.org\/{rel}","templated":true}]}}