{"id":202,"date":"2020-04-20T15:49:59","date_gmt":"2020-04-20T12:49:59","guid":{"rendered":"https:\/\/www.skaala.com\/?page_id=202"},"modified":"2025-10-15T10:20:08","modified_gmt":"2025-10-15T07:20:08","slug":"remontti-tulossa","status":"publish","type":"page","link":"https:\/\/www.skaala.com\/fi\/taloyhtiot-ja-julkiset-kohteet\/remontti-tulossa\/","title":{"rendered":"Remontti tulossa"},"content":{"rendered":"\n\t<header class=\"featured-hero has--background-color\" role=\"banner\">\n\t\t\t<h1>Remontti tulossa<\/h1>\n\t<\/header>\n\t\n\n\n<div class=\"wp-block-custom-content-area custom-wrapper aligncenter has-light-blue-background-color\"><div class=\"outer-wrap\">\t\n\t<div id=\"heading-block-block_f0fae070f35ab931254f4dcdad273732\" class=\"heading-block\">\n\t\t<h2 ><span>Miksi taloyhti\u00f6n ikkuna- tai oviremontti kannattaa tehd\u00e4? <\/span><\/h2>\t<\/div>\n\n\n<div id=\"cards-block_93eda48ac5ad86d8b205ddd7fa79104d\" class=\"cards-block count-3\">\n<div id=\"cards-block_93eda48ac5ad86d8b205ddd7fa79104d\" class=\"cards-block--card\">\n\t\t\t<div class=\"icon-block\" style=\"background-image: url('https:\/\/www.skaala.com\/wp-content\/themes\/skaala-2023\/dist\/assets\/images\/icons\/thumbs-up-red.svg);\">\n\t\t<\/div>\n\t\t\t\t<h4>Mielenrauhaa ja avoimuutta<\/h4>\n\t\t\t\t<p>Kokenut ammattilainen hoitaa projektisi sovitusti ja ajallaan. Hinnoittelu on reilua ja l\u00e4pin\u00e4kyv\u00e4\u00e4, halutessasi my\u00f6s joustavalla rahoituksella.<\/p>\n\t\t\t<\/div>\n\t<div id=\"cards-block_93eda48ac5ad86d8b205ddd7fa79104d\" class=\"cards-block--card\">\n\t\t\t<div class=\"icon-block\" style=\"background-image: url('https:\/\/www.skaala.com\/wp-content\/themes\/skaala-2023\/dist\/assets\/images\/icons\/globe-red.svg);\">\n\t\t<\/div>\n\t\t\t\t<h4>Kaikki ikkunat ja ovet kotiisi<\/h4>\n\t\t\t\t<p>Koko koti Skaalaa: Skaala-tuoteperheess\u00e4 on kodin ikkunat, ulko- parvekeovet sek\u00e4 lasiliukuovet. Markkinoiden energiatehokkaimpina tietenkin. <\/p>\n\t\t\t<\/div>\n\t<div id=\"cards-block_93eda48ac5ad86d8b205ddd7fa79104d\" class=\"cards-block--card\">\n\t\t\t<div class=\"icon-block\" style=\"background-image: url('https:\/\/www.skaala.com\/wp-content\/themes\/skaala-2023\/dist\/assets\/images\/icons\/user-red.svg);\">\n\t\t<\/div>\n\t\t\t\t<h4>Lasiantuntevaa palvelua<\/h4>\n\t\t\t\t<p>Lasin asiantuntijamme auttavat oikean tuotteen valinnassa sek\u00e4 mitoituksessa. Tuotteet suunnittellaan ja valmistetaan Suomessa pohjoisen luontoa kunnioittaen. <\/p>\n\t\t\t<\/div>\n\t<\/div>\n<\/div><\/div>\n\n\n\n<div class=\"wp-block-custom-content-area custom-wrapper alignleft has-dark-gray-background-color\"><div class=\"outer-wrap\">\t\n\t<div id=\"heading-block-block_d0dcc8ff4e518192f3914335f9024414\" class=\"heading-block\">\n\t\t<h2 ><span>Taloyhti\u00f6ss\u00e4 ikkunoiden ja ovien vaihtaminen tulee ajankohtaiseksi, kun <\/span><\/h2>\t<\/div>\n\n\n\n<div id=\"text-block-block_446136588eba9c3a6903a1cab79cf7bb\" class=\"text-block\">\n\t\t\t<ul>\n<li style=\"text-align: left;\">Maali lohkeilee tai irtoaa.<\/li>\n<li style=\"text-align: left;\">Vedon tunne sis\u00e4ll\u00e4 lis\u00e4\u00e4ntyy.<\/li>\n<li style=\"text-align: left;\">Ikkunoiden ja ovien k\u00e4ytt\u00e4minen on hankaloitunut.<\/li>\n<\/ul>\n<p style=\"text-align: left;\">\n<p style=\"text-align: left;\">Vaihtamalla ikkunat ja ovet uusiin p\u00e4\u00e4set p\u00e4ivitt\u00e4m\u00e4\u00e4n ja uudistamaan kodin ilmett\u00e4 sek\u00e4 ulkoa ett\u00e4 sis\u00e4lt\u00e4. Kodin valoisuus kasvaa, kun ovien ja ikkunoiden sis\u00e4pinnat vaihtaa valkoisiksi.<\/p>\n<p style=\"text-align: left;\">Ikkunoiden ja ovien k\u00e4ytett\u00e4vyys sek\u00e4 turvallisuutta lis\u00e4\u00e4v\u00e4t ominaisuudet ovat my\u00f6s kehittyneet huomattavasti parinkymmenen vuoden aikana.\u00a0Tyypillisesti ikkunoiden ja ovien elinkaari on noin 30 vuotta.<\/p>\n<p style=\"text-align: left;\">Taloyhti\u00f6n julkisivuremontin yhteydess\u00e4 voi my\u00f6s toteuttaa ikkuna- ja oviremontin, joka parantaa rakennuksen energiatehokkuutta ja lis\u00e4\u00e4 asumismukavuutta.<\/p>\n\t<\/div>\n\n\n\n\n<a href=\"https:\/\/www.skaala.com\/fi\/ikkunaremontti-taloyhtiossa\/\" \nid=\"button-block-block_2219eb1175ee16a8edf1ca6e34b98dff\" \nclass=\"button-block button\"\ntarget=\"_blank\"\n>Tutustu t\u00e4st\u00e4 ikkunaremonttiin taloyhti\u00f6ss\u00e4<\/a>\n\n\n\n\n<div id=\"text-block-block_044184627c85fe9dc121fd41e4b9b8d3\" class=\"text-block\">\n\t\t\t<p><script type=\"text\/javascript\" async src=\"https:\/\/bot.leadoo.com\/bot\/inpage.js?code=007a9caf#seamless\"><\/script><\/p>\n\t<\/div>\n\n<\/div><\/div>\n\n\n<div class=\"featured-items-block block\">\n\t<div class=\"featured-item\">\n\t\t<div class=\"content-half has-dark-gray-background-color\">\n\t\t\t<div class=\"featured-item--content grid-item\">\n\t\t\t\t\t\t<a class=\"button button-large\" href=\"https:\/\/www.skaala.com\/fi\/taloyhtiot-ja-julkiset-kohteet\/\">Taloyhti\u00f6t<\/a>\n\t\t\t\t\t\t<\/div>\n\t\t<\/div>\n\t\t\t\t<div class=\"featured-item--image grid-item\"\n\t\t\t\t\tdata-interchange=\"\n\t\t\t\t\t[https:\/\/www.skaala.com\/wp-content\/uploads\/2022\/11\/Skaalaauto2022autoFotografautoMattiasautoHamrenauto30-1024x683.jpg, small], \n\t\t\t\t\t[https:\/\/www.skaala.com\/wp-content\/uploads\/2022\/11\/Skaalaauto2022autoFotografautoMattiasautoHamrenauto30-1024x683.jpg, medium], \n\t\t\t\t\t[https:\/\/www.skaala.com\/wp-content\/uploads\/2022\/11\/Skaalaauto2022autoFotografautoMattiasautoHamrenauto30-1200x800.jpg, large], \n\t\t\t\t\t[https:\/\/www.skaala.com\/wp-content\/uploads\/2022\/11\/Skaalaauto2022autoFotografautoMattiasautoHamrenauto30-1536x1025.jpg, xlarge]\"\n\t\t\t\t\t>\n\t\t<\/div>\n\t\t\t<\/div>\n\t\t<div class=\"featured-item\">\n\t\t<div class=\"content-half has-dark-gray-background-color\">\n\t\t\t<div class=\"featured-item--content grid-item\">\n\t\t\t\t\t\t<a class=\"button button-large\" href=\"https:\/\/www.skaala.com\/fi\/palvelut\/mittaus-ja-suunnittelupalvelu\/\">Skaalan ilmainen arviointik\u00e4ynti<\/a>\n\t\t\t\t\t\t<\/div>\n\t\t<\/div>\n\t\t\t\t<div class=\"featured-item--image grid-item\"\n\t\t\t\t\tdata-interchange=\"\n\t\t\t\t\t[https:\/\/www.skaala.com\/wp-content\/uploads\/2020\/05\/Anne-Mari-seisoo-na\u0308kyma\u0308-1024x683.jpg, small], \n\t\t\t\t\t[https:\/\/www.skaala.com\/wp-content\/uploads\/2020\/05\/Anne-Mari-seisoo-na\u0308kyma\u0308-1024x683.jpg, medium], \n\t\t\t\t\t[https:\/\/www.skaala.com\/wp-content\/uploads\/2020\/05\/Anne-Mari-seisoo-na\u0308kyma\u0308-1200x800.jpg, large], \n\t\t\t\t\t[https:\/\/www.skaala.com\/wp-content\/uploads\/2020\/05\/Anne-Mari-seisoo-na\u0308kyma\u0308-1536x1024.jpg, xlarge]\"\n\t\t\t\t\t>\n\t\t<\/div>\n\t\t\t<\/div>\n\t\t<div class=\"featured-item\">\n\t\t<div class=\"content-half has-dark-gray-background-color\">\n\t\t\t<div class=\"featured-item--content grid-item\">\n\t\t\t\t\t\t<a class=\"button button-large\" href=\"https:\/\/www.skaala.com\/fi\/energiansaastolaskuri-energiatehokkuus\/\">Energians\u00e4\u00e4st\u00f6laskuri<\/a>\n\t\t\t\t\t\t<\/div>\n\t\t<\/div>\n\t\t\t\t<div class=\"featured-item--image grid-item\"\n\t\t\t\t\tdata-interchange=\"\n\t\t\t\t\t[https:\/\/www.skaala.com\/wp-content\/uploads\/2023\/03\/tolpatautokwhautovuosikymmenetauto2020-1024x512.jpeg, small], \n\t\t\t\t\t[https:\/\/www.skaala.com\/wp-content\/uploads\/2023\/03\/tolpatautokwhautovuosikymmenetauto2020-1024x512.jpeg, medium], \n\t\t\t\t\t[https:\/\/www.skaala.com\/wp-content\/uploads\/2023\/03\/tolpatautokwhautovuosikymmenetauto2020.jpeg, large], \n\t\t\t\t\t[https:\/\/www.skaala.com\/wp-content\/uploads\/2023\/03\/tolpatautokwhautovuosikymmenetauto2020.jpeg, xlarge]\"\n\t\t\t\t\t>\n\t\t<\/div>\n\t\t\t<\/div>\n\t\t<div class=\"featured-item\">\n\t\t<div class=\"content-half has-dark-gray-background-color\">\n\t\t\t<div class=\"featured-item--content grid-item\">\n\t\t\t\t\t\t<a class=\"button button-large\" href=\"https:\/\/www.skaala.com\/fi\/skaala-showroomit-tervetuloa\/\">Showroomeilla esill\u00e4 koko Skaala<\/a>\n\t\t\t\t\t\t<\/div>\n\t\t<\/div>\n\t\t\t\t<div class=\"featured-item--image grid-item\"\n\t\t\t\t\tdata-interchange=\"\n\t\t\t\t\t[https:\/\/www.skaala.com\/wp-content\/uploads\/2023\/10\/Skaala-showroom-Vantaa-1024x684.jpg, small], \n\t\t\t\t\t[https:\/\/www.skaala.com\/wp-content\/uploads\/2023\/10\/Skaala-showroom-Vantaa-1024x684.jpg, medium], \n\t\t\t\t\t[https:\/\/www.skaala.com\/wp-content\/uploads\/2023\/10\/Skaala-showroom-Vantaa-1200x802.jpg, large], \n\t\t\t\t\t[https:\/\/www.skaala.com\/wp-content\/uploads\/2023\/10\/Skaala-showroom-Vantaa-1536x1026.jpg, xlarge]\"\n\t\t\t\t\t>\n\t\t<\/div>\n\t\t\t<\/div>\n\t<\/div>\n","protected":false},"excerpt":{"rendered":"","protected":false},"author":5,"featured_media":1939,"parent":143,"menu_order":0,"comment_status":"closed","ping_status":"closed","template":"","meta":{"_acf_changed":false,"inline_featured_image":false,"footnotes":""},"class_list":["post-202","page","type-page","status-publish","has-post-thumbnail","hentry"],"acf":[],"_links":{"self":[{"href":"https:\/\/www.skaala.com\/fi\/wp-json\/wp\/v2\/pages\/202","targetHints":{"allow":["GET"]}}],"collection":[{"href":"https:\/\/www.skaala.com\/fi\/wp-json\/wp\/v2\/pages"}],"about":[{"href":"https:\/\/www.skaala.com\/fi\/wp-json\/wp\/v2\/types\/page"}],"author":[{"embeddable":true,"href":"https:\/\/www.skaala.com\/fi\/wp-json\/wp\/v2\/users\/5"}],"replies":[{"embeddable":true,"href":"https:\/\/www.skaala.com\/fi\/wp-json\/wp\/v2\/comments?post=202"}],"version-history":[{"count":24,"href":"https:\/\/www.skaala.com\/fi\/wp-json\/wp\/v2\/pages\/202\/revisions"}],"predecessor-version":[{"id":25998,"href":"https:\/\/www.skaala.com\/fi\/wp-json\/wp\/v2\/pages\/202\/revisions\/25998"}],"up":[{"embeddable":true,"href":"https:\/\/www.skaala.com\/fi\/wp-json\/wp\/v2\/pages\/143"}],"wp:featuredmedia":[{"embeddable":true,"href":"https:\/\/www.skaala.com\/fi\/wp-json\/wp\/v2\/media\/1939"}],"wp:attachment":[{"href":"https:\/\/www.skaala.com\/fi\/wp-json\/wp\/v2\/media?parent=202"}],"curies":[{"name":"wp","href":"https:\/\/api.w.org\/{rel}","templated":true}]}}