{"id":20822,"date":"2024-05-17T11:42:42","date_gmt":"2024-05-17T08:42:42","guid":{"rendered":"https:\/\/www.skaala.com\/?page_id=20822"},"modified":"2024-09-13T18:03:47","modified_gmt":"2024-09-13T15:03:47","slug":"oviremontti-espoo","status":"publish","type":"page","link":"https:\/\/www.skaala.com\/fi\/omakotitalot-ja-mokit\/oviremontti\/oviremontti-espoo\/","title":{"rendered":"Oviremontti Espoo"},"content":{"rendered":"\n\t\t<header class=\"featured-hero article\" role=\"banner\" data-interchange=\"[https:\/\/www.skaala.com\/wp-content\/uploads\/2024\/04\/Espoo-640x200.jpg, small], [https:\/\/www.skaala.com\/wp-content\/uploads\/2024\/04\/Espoo-1280x400.jpg, medium], [https:\/\/www.skaala.com\/wp-content\/uploads\/2024\/04\/Espoo-1440x400.jpg, large], [https:\/\/www.skaala.com\/wp-content\/uploads\/2024\/04\/Espoo-1920x400.jpg, xlarge]\">\n\t\t\t\t\t<h1>Oviremontti Espoo<\/h1>\n\t\t<\/header>\n\t\t\n\n\n<div class=\"wp-block-custom-content-area custom-wrapper alignleft has-light-blue-background-color\"><div class=\"outer-wrap\">\t\n\t<div id=\"heading-block-block_3ebc69c0f1e77a413e608f3f7134e3f7\" class=\"heading-block\">\n\t\t<h2 ><span>Oviremontit Espooseen kotimaiselta ammattilaiselta &#8211; Skaalalta<\/span><\/h2>\t<\/div>\n\n\n\n<div id=\"text-block-block_2e806f976f7cfc03c043dfdfc6d44846\" class=\"text-block\">\n\t\t\t<p>Onko sinulla suunnitteilla oviremontti Espoon alueella? Pyyd\u00e4 tarjous Skaalalta!<\/p>\n<p>Oviremontilla voit parantaa asumismukavuutta, lis\u00e4t\u00e4 kotisi turvallisuutta, kohentaa talosi ulkon\u00e4k\u00f6\u00e4 sek\u00e4 helpottaa ovien k\u00e4ytett\u00e4vyytt\u00e4. Kun valitset modernit Skaala-ovet, parannat samalla kotisi energiatehokkuutta, sill\u00e4 oviemme eristysmateriaalit takaavat erinomaisen l\u00e4mm\u00f6neristyksen.<\/p>\n<p>&nbsp;<br \/>\n<script type=\"text\/javascript\" async src=\"https:\/\/bot.leadoo.com\/bot\/visual.js?code=261d7cc8#seamless\"><\/script><\/p>\n\t<\/div>\n\n\n\n\n<a href=\"https:\/\/www.skaala.com\/ota-yhteytta\/pyyda-tarjous\/\" \nid=\"button-block-block_57a7003d12d89b01f11cdc65ced7377b\" \nclass=\"button-block button\"\ntarget=\"\"\n>Pyyd\u00e4 tarjous oviremontista<\/a>\n\n\n\n\n<a href=\"https:\/\/www.skaala.com\/fi\/omakotitalot-ja-mokit\/ikkunaremontti\/ikkunaremontti-espoo\/\" \nid=\"button-block-block_a98ff20d20c269d05361fff79c295c3b\" \nclass=\"button-block button\"\ntarget=\"\"\n>My\u00f6s ikkunaremontit Skaalalta<\/a>\n\n\n\n\n<div id=\"text-block-block_43852fc9e1ad6cbfeab70d25c2034da1\" class=\"text-block\">\n\t\t\t<p><script>(function (w,d,s,o,f,js,fjs) {\n    if(d.getElementById(o)) return;\n    js = d.createElement(s), fjs = d.getElementsByTagName(s)[0];\n    js.id = o; js.src = f; js.async = 1; fjs.parentNode.insertBefore(js, fjs);\n  }(window, document, 'script', 'trustmary-embed', 'https:\/\/embed.trustmary.com\/embed.js'));\n<\/script><br \/>\n<a href=\"https:\/\/www.trustmary.com\/review\/lQm9t2Ue4\" data-trustmary-embed=\"8pe_gPoys\" target=\"_blank\" rel=\"noopener\">Trustmary Reviews<\/a><\/p>\n\t<\/div>\n\n<\/div><\/div>\n\n\n\n<div class=\"wp-block-custom-content-area custom-wrapper alignleft has-dark-gray-background-color\"><div class=\"outer-wrap\">\t\n\t<div id=\"heading-block-block_b351285392ce06e23406cad0f3a3ecd6\" class=\"heading-block\">\n\t\t<h2 ><span>Milloin oviremontti on ajankohtainen?<\/span><\/h2>\t<\/div>\n\n\n\n<div id=\"text-block-block_71acf205abb7c5b9a2b202b1e220574c\" class=\"text-block\">\n\t\t\t<p>Oviremontti on ajankohtainen, jos talosi nykyinen ovi on vioittunut tai sen reunoista vet\u00e4\u00e4 tai mik\u00e4li oven ja lukon k\u00e4ytt\u00f6 on hankaloitunut. <\/p>\n<p>Uuden oven my\u00f6t\u00e4 p\u00e4\u00e4set nauttimaan paremmin eristetyst\u00e4, turvallisemmasta ja helppok\u00e4ytt\u00f6isemm\u00e4st\u00e4 sis\u00e4\u00e4nk\u00e4ynnist\u00e4, joka lis\u00e4\u00e4 sek\u00e4 asumismukavuuttasi ett\u00e4 kotisi viihtyisyytt\u00e4!<\/p>\n\t<\/div>\n\n\n\n\n<a href=\"https:\/\/www.skaala.com\/fi\/ota-yhteytta\/pyyda-tarjous\/\" id=\"button-block-block_c3c98acda28cbd44931d7dde88f742b2\" class=\"button-block button\" target=\"\">Pyyd\u00e4 tarjous oviremontista<\/a>\n\n<\/div><\/div>\n\n\n\n<div class=\"wp-block-custom-content-area custom-wrapper alignleft has-light-blue-background-color\"><div class=\"outer-wrap\">\t\n\t<div id=\"heading-block-block_c29e03139830dba9fd2dfd85a9f45235\" class=\"heading-block\">\n\t\t<h2 ><span>Miksi valita ovet Skaalalta?<\/span><\/h2>\t<\/div>\n\n\n<div id=\"cards-block_864281ac901df3cfb64e9c730b116783\" class=\"cards-block count-5\">\n<div id=\"cards-block_864281ac901df3cfb64e9c730b116783\" class=\"cards-block--card\">\n\t\t\t<div class=\"icon-block\" style=\"background-image: url('https:\/\/www.skaala.com\/wp-content\/themes\/skaala-2023\/dist\/assets\/images\/icons\/zap-red.svg);\">\n\t\t<\/div>\n\t\t\t\t<h4>ENERGIATEHOKKUUS<\/h4>\n\t\t\t\t<p>Energiatehokkaat tuotteet pienent\u00e4v\u00e4t\r\nkodin l\u00e4mmitys- tai viilennystarvetta.<\/p>\n\t\t\t<\/div>\n\t<div id=\"cards-block_864281ac901df3cfb64e9c730b116783\" class=\"cards-block--card\">\n\t\t\t<div class=\"icon-block\" style=\"background-image: url('https:\/\/www.skaala.com\/wp-content\/themes\/skaala-2023\/dist\/assets\/images\/icons\/globe-red.svg);\">\n\t\t<\/div>\n\t\t\t\t<h4>Vastuullisuus<\/h4>\n\t\t\t\t<p>Suunnittelu ja valmistus Suomessa\r\npohjoisen luontoa kunnioittaen.<\/p>\n\t\t\t<\/div>\n\t<div id=\"cards-block_864281ac901df3cfb64e9c730b116783\" class=\"cards-block--card\">\n\t\t\t<div class=\"icon-block\" style=\"background-image: url('https:\/\/www.skaala.com\/wp-content\/themes\/skaala-2023\/dist\/assets\/images\/icons\/check-circle-red.svg);\">\n\t\t<\/div>\n\t\t\t\t<h4>HELPPOUS<\/h4>\n\t\t\t\t<p>Kaikki ikkunat, ulko-ovet, terassiovet\r\nja lasiliukuovet my\u00f6s asennettuna kotiisi.<\/p>\n\t\t\t<\/div>\n\t<div id=\"cards-block_864281ac901df3cfb64e9c730b116783\" class=\"cards-block--card\">\n\t\t\t<div class=\"icon-block\" style=\"background-image: url('https:\/\/www.skaala.com\/wp-content\/themes\/skaala-2023\/dist\/assets\/images\/icons\/dollar-sign-red.svg);\">\n\t\t<\/div>\n\t\t\t\t<h4>HINNOITTELU<\/h4>\n\t\t\t\t<p>Reilu ja l\u00e4pin\u00e4kyv\u00e4 hinnoittelu.\r\nHy\u00f6dynn\u00e4 halutessasi joustava rahoitus.<\/p>\n\t\t\t<\/div>\n\t<div id=\"cards-block_864281ac901df3cfb64e9c730b116783\" class=\"cards-block--card\">\n\t\t\t<div class=\"icon-block\" style=\"background-image: url('https:\/\/www.skaala.com\/wp-content\/themes\/skaala-2023\/dist\/assets\/images\/icons\/smile-red.svg);\">\n\t\t<\/div>\n\t\t\t\t<h4>MIELENRAUHA<\/h4>\n\t\t\t\t<p>Kokenut ammattilainen hoitaa\r\nprojektisi sovitusti ja ajallaan.<\/p>\n\t\t\t<\/div>\n\t<\/div>\n\n\n\n<a href=\"https:\/\/www.skaala.com\/fi\/ovet\/\" id=\"button-block-block_4e4cdaf6e4b46c6dcb8683dcaadf2248\" class=\"button-block button\" target=\"\">Tutustu Skaalan oviin<\/a>\n\n<\/div><\/div>\n","protected":false},"excerpt":{"rendered":"","protected":false},"author":1767,"featured_media":20375,"parent":19701,"menu_order":0,"comment_status":"closed","ping_status":"closed","template":"","meta":{"_acf_changed":false,"inline_featured_image":false,"footnotes":""},"class_list":["post-20822","page","type-page","status-publish","has-post-thumbnail","hentry"],"acf":[],"_links":{"self":[{"href":"https:\/\/www.skaala.com\/fi\/wp-json\/wp\/v2\/pages\/20822","targetHints":{"allow":["GET"]}}],"collection":[{"href":"https:\/\/www.skaala.com\/fi\/wp-json\/wp\/v2\/pages"}],"about":[{"href":"https:\/\/www.skaala.com\/fi\/wp-json\/wp\/v2\/types\/page"}],"author":[{"embeddable":true,"href":"https:\/\/www.skaala.com\/fi\/wp-json\/wp\/v2\/users\/1767"}],"replies":[{"embeddable":true,"href":"https:\/\/www.skaala.com\/fi\/wp-json\/wp\/v2\/comments?post=20822"}],"version-history":[{"count":4,"href":"https:\/\/www.skaala.com\/fi\/wp-json\/wp\/v2\/pages\/20822\/revisions"}],"predecessor-version":[{"id":21927,"href":"https:\/\/www.skaala.com\/fi\/wp-json\/wp\/v2\/pages\/20822\/revisions\/21927"}],"up":[{"embeddable":true,"href":"https:\/\/www.skaala.com\/fi\/wp-json\/wp\/v2\/pages\/19701"}],"wp:featuredmedia":[{"embeddable":true,"href":"https:\/\/www.skaala.com\/fi\/wp-json\/wp\/v2\/media\/20375"}],"wp:attachment":[{"href":"https:\/\/www.skaala.com\/fi\/wp-json\/wp\/v2\/media?parent=20822"}],"curies":[{"name":"wp","href":"https:\/\/api.w.org\/{rel}","templated":true}]}}