{"id":20825,"date":"2024-05-27T14:15:19","date_gmt":"2024-05-27T11:15:19","guid":{"rendered":"https:\/\/www.skaala.com\/?page_id=20825"},"modified":"2025-07-11T15:26:18","modified_gmt":"2025-07-11T12:26:18","slug":"ikkunoiden-ja-ovien-huoltopalvelu","status":"publish","type":"page","link":"https:\/\/www.skaala.com\/fi\/palvelut\/ikkunoiden-ja-ovien-huoltopalvelu\/","title":{"rendered":"Ikkunoiden ja ovien m\u00e4\u00e4r\u00e4aikaishuollot"},"content":{"rendered":"\n\t\t<header class=\"featured-hero article\" role=\"banner\" data-interchange=\"[https:\/\/www.skaala.com\/wp-content\/uploads\/2023\/10\/Kauppiaaksi-Skaalalle-640x200.png, small], [https:\/\/www.skaala.com\/wp-content\/uploads\/2023\/10\/Kauppiaaksi-Skaalalle-940x400.png, medium], [https:\/\/www.skaala.com\/wp-content\/uploads\/2023\/10\/Kauppiaaksi-Skaalalle-940x400.png, large], [https:\/\/www.skaala.com\/wp-content\/uploads\/2023\/10\/Kauppiaaksi-Skaalalle-940x400.png, xlarge]\">\n\t\t\t\t\t<h1>Ikkunoiden ja ovien m\u00e4\u00e4r\u00e4aikaishuollot<\/h1>\n\t\t<\/header>\n\t\t\n\n\n<div class=\"wp-block-custom-content-area custom-wrapper alignleft has-light-blue-background-color\"><div class=\"outer-wrap\">\t\n\t<div id=\"heading-block-block_445a01aeced23e96f4ef4a406c484803\" class=\"heading-block\">\n\t\t<h2 ><span>Skaalan huoltopalvelu taloyhti\u00f6ille \u2013 huollamme ovet ja ikkunat<\/span><\/h2>\t<\/div>\n\n\n\n<div id=\"text-block-block_ef58b7b12a5094af07c3d261c65f9618\" class=\"text-block\">\n\t\t\t<p><strong>Skaalan huoltopalvelu hoitaa ikkunoiden ja ovien korjauksen ja huollon taloyhti\u00f6iss\u00e4.\u00a0<\/strong><\/p>\n<p>&nbsp;<\/p>\n<blockquote><p>Ikkunat ja ovet vaativat toimiakseen s\u00e4\u00e4nn\u00f6llist\u00e4 huoltoa. Kun ikkunoita ja ovia huolletaan, sit\u00e4 pidempi niiden k\u00e4ytt\u00f6ik\u00e4 on, ja sit\u00e4 kauemmas siirtyy ikkunoiden vaihtaminen. Valitettavan usein ikkunoiden huoltotarpeeseen her\u00e4t\u00e4\u00e4n kuitenkin vasta ongelmien my\u00f6t\u00e4.<\/p><\/blockquote>\n<p>&nbsp;<\/p>\n<p>K\u00e4\u00e4nny Skaalan huoltopalvelun puoleen, jos Skaala-tuotteet vaativat korjausta tai yll\u00e4pit\u00e4v\u00e4\u00e4 huoltoa. Ikkunat ja ovet voivat vaatia k\u00e4yt\u00f6ss\u00e4 kuluneiden osien (painikkeiden tai helojen) uusimista. Hoidamme my\u00f6s ikkunoiden raitisilmaventtiilien suodattimien puhdistuksen ja vaihdon.<\/p>\n<p>&nbsp;<\/p>\n<p>S\u00e4\u00e4nn\u00f6llinen puhdistus ja huolto, viipym\u00e4tt\u00e4 suoritetut korjaustoimenpiteet ja huolto-ohjeiden noudattaminen takaavat, ett\u00e4 ovet ja ikkunat toimivat moitteettomasti ja pysyv\u00e4t hyv\u00e4kuntoisina jopa vuosikymmeni\u00e4.<\/p>\n<p>&nbsp;<\/p>\n<p><a href=\"https:\/\/www.skaala.com\/fi\/palvelut\/huoltopalvelu\/\">Huoltopalvelumme<\/a> hoitaa niin suuret kuin pienetkin taloyhti\u00f6kohteet.<\/p>\n<ul>\n<li>P\u00e4\u00e4kaupunkiseudulla ja Turun alueella kaikkien merkkien ikkunat ja ovet<\/li>\n<li>Muualla Suomessa Skaalan ikkunat ja ovet<\/li>\n<\/ul>\n\t<\/div>\n\n\n\n\n<div class=\"wp-block-custom-inner-columns has-three-columns custom-columns\"><div class=\"outer-wrap\">\n<div class=\"wp-block-custom-custom-column alignleft custom-column\"><div class=\"inner-wrap\">\t\n\t<div id=\"heading-block-block_8aa8ab010418ff3abc40b8c8d326cc11\" class=\"heading-block\">\n\t\t<h3 ><span>5v-huolto<\/span><\/h3>\t<\/div>\n\n\n\n<div id=\"text-block-block_abad7dce89628b1460f9666313bacea1\" class=\"text-block\">\n\t\t\t<p><span style=\"font-size: inherit;\">Noin 2-7 vuotta vanhat tuotteet<\/span><\/p>\n<ul>\n<li>Toimivuuden tarkastus (tiiveys ja avautuvuus, tarvittaessa puitteiden s\u00e4\u00e4t\u00f6)<\/li>\n<li>Saranoiden ja lukkojen \u00f6ljy\u00e4minen<\/li>\n<li>Painikkeiden tarkastus ja kiristys<\/li>\n<li>Ilmansuodattimien vaihto (19,90\u20ac \/ kpl)<\/li>\n<li>tai ilmansuodattimien ja \u00e4\u00e4nenvaimentimien vaihto (34,90\u20ac \/ kpl)<\/li>\n<\/ul>\n\t<\/div>\n\n\n\n\t\n\t<div id=\"heading-block-block_2df1488e8e81b8548be731fb1627dfb9\" class=\"heading-block\">\n\t\t<h4 ><span>Hinta \/ tuote (sis.alv): 19,90 \u20ac + suodattimet <\/span><\/h4>\t<\/div>\n<\/div><\/div>\n\n\n\n<div class=\"wp-block-custom-custom-column custom-column\"><div class=\"inner-wrap\">\t\n\t<div id=\"heading-block-block_7816dfb4b519e386087ca3926b334635\" class=\"heading-block\">\n\t\t<h3 ><span>10v-huolto<\/span><\/h3>\t<\/div>\n\n\n\n<div id=\"text-block-block_50576bf20acfeb70992a9b52779fb351\" class=\"text-block\">\n\t\t\t<p><span style=\"font-size: inherit;\">Noin 8-15 vuotta vanhat tuotteet<\/span><\/p>\n<ul>\n<li>Toimivuuden tarkastus (tiiveys ja avautuvuus, tarvittaessa puitteiden s\u00e4\u00e4t\u00f6)<\/li>\n<li>Saranoiden ja lukkojen \u00f6ljy\u00e4minen<\/li>\n<li>Painikkeiden tarkastus ja kiristys<\/li>\n<li>UV-s\u00e4teilyn rikkomien muoviosien uusiminen (puiteliuku, ulkopuitteen holkki 5\u20ac \/ kpl)<\/li>\n<li>Ilmansuodattimien vaihto (19,90\u20ac \/ kpl)<\/li>\n<li>tai ilmansuodattimien ja \u00e4\u00e4nenvaimentimien vaihto (34,90\u20ac \/ kpl)<\/li>\n<\/ul>\n\t<\/div>\n\n\n\n\t\n\t<div id=\"heading-block-block_9e92600baae2c3a1af3c2ebb2abba00f\" class=\"heading-block\">\n\t\t<h4 ><span>Hinta \/ tuote (sis.alv): 19,90\u20ac + suodattimet + muoviosat<\/span><\/h4>\t<\/div>\n<\/div><\/div>\n\n\n\n<div class=\"wp-block-custom-custom-column custom-column\"><div class=\"inner-wrap\">\t\n\t<div id=\"heading-block-block_dbdd90dc7b06e33a15093d2bc882e6a9\" class=\"heading-block\">\n\t\t<h3 ><span>20v-huolto<\/span><\/h3>\t<\/div>\n\n\n\n<div id=\"text-block-block_d7698afccdeada8b4845a772420c6a0f\" class=\"text-block\">\n\t\t\t<p><span style=\"font-size: inherit;\">Yli 16 vuotta vanhat tuotteet<\/span><\/p>\n<ul>\n<li>Toimivuuden tarkastus (tiiveys ja avautuvuus, tarvittaessa puitteiden s\u00e4\u00e4t\u00f6)<\/li>\n<li>Saranoiden ja lukkojen \u00f6ljy\u00e4minen<\/li>\n<li>Painikkeiden tarkastus ja kiristys<\/li>\n<li>Suodattimien vaihto (19,90\u20ac \/ kpl)<\/li>\n<li>UV-s\u00e4teilyn rikkomien muoviosien uusiminen (puiteliuku, ulkopuitteen holkki, 5\u20ac\/kpl)<\/li>\n<li>Tiivisteiden vaihto (39,90 \u20ac \/ puite)<\/li>\n<li>Ilmansuodattimien vaihto (19,90\u20ac \/ kpl)<\/li>\n<li>tai ilmansuodattimien ja \u00e4\u00e4nenvaimentimien vaihto (34,90\u20ac \/ kpl)<\/li>\n<\/ul>\n\t<\/div>\n\n\n\n\t\n\t<div id=\"heading-block-block_8e2ee4ca350863d55ad66636dbf88aaf\" class=\"heading-block\">\n\t\t<h4 ><span>Hinta \/ tuote (sis.alv):  19,90 \u20ac suodattimet + muoviosat + tiivisteet<\/span><\/h4>\t<\/div>\n<\/div><\/div>\n<\/div><\/div>\n\n\n\n<div id=\"text-block-block_2ae2edda6f4f61c7c2e07df21dca8dc1\" class=\"text-block\">\n\t\t\t<p><iframe src=\"https:\/\/bot.leadoo.com\/bot\/visual.html?code=3b86a9d7f80fc84e\" style=\"border: none\" width=\"100%\" height=\"450px\" ><\/iframe><\/p>\n\t<\/div>\n\n\n\n\t\n\t<div id=\"heading-block-block_602bca6e8712ff6c28dbee808f9a3118\" class=\"heading-block\">\n\t\t<h3 ><span>Ikkunoiden m\u00e4\u00e4r\u00e4aikaishuolto &#8211; hintaesimerkki<\/span><\/h3>\t<\/div>\n\n\n\n<div id=\"text-block-block_cda0da9533b1dc28178238f847e3e0a4\" class=\"text-block\">\n\t\t\t<p>Taloyhti\u00f6ss\u00e4 on 50 asuntoa, joissa yhteens\u00e4 220 ikkunaa ja ovea. Ikkunat ja ovet ovat 17 vuotta vanhat.<\/p>\n<p><strong>Huollon hinta <\/strong><\/p>\n<ul>\n<li>Perushuolto kaikkiin tuotteisiin (&#8217;a 19,90\u20ac) = 4378 \u20ac<\/li>\n<li>Suoda<span style=\"font-size: inherit;\">ttimien vaihto 120 ikkunaan (a 19,90\u20ac) = 2388\u20ac<\/span><\/li>\n<li>Tiivisteiden uusiminen 15 sis\u00e4puitteeseen (a 39,90\u20ac ) = 598,50 \u20ac<\/li>\n<li>Yhteens\u00e4 <strong>7364,50\u20ac<\/strong><\/li>\n<\/ul>\n<p>Ikkuna- ja ovihuollon hinta \/ huoneisto 147,29\u20ac<\/p>\n<p>\ud83d\udd34\u00a0 \ud83d\udd34\u00a0 \ud83d\udd34\u00a0 \ud83d\udd34\u00a0 \ud83d\udd34<\/p>\n\t<\/div>\n\n\n\n<div id=\"cards-block_5d73b89db6e40a544f53bdef63ad386f\" class=\"cards-block count-5\">\n<div id=\"cards-block_5d73b89db6e40a544f53bdef63ad386f\" class=\"cards-block--card\">\n\t\t\t<div class=\"icon-block\" style=\"background-image: url('https:\/\/www.skaala.com\/wp-content\/themes\/skaala-2023\/dist\/assets\/images\/icons\/plus-circle-red.svg);\">\n\t\t<\/div>\n\t\t\t\t<h4>Vaivaton<\/h4>\n\t\t\t\t<p>Voit valita valmiin huoltopaketin tai kuntokartoituksen j\u00e4lkeen r\u00e4\u00e4t\u00e4l\u00f6idyn tarjouksen suositellusta huollosta.<\/p>\n\t\t\t<\/div>\n\t<div id=\"cards-block_5d73b89db6e40a544f53bdef63ad386f\" class=\"cards-block--card\">\n\t\t\t<div class=\"icon-block\" style=\"background-image: url('https:\/\/www.skaala.com\/wp-content\/themes\/skaala-2023\/dist\/assets\/images\/icons\/plus-circle-red.svg);\">\n\t\t<\/div>\n\t\t\t\t<h4>Kokenut<\/h4>\n\t\t\t\t<p>Olemme kokenut taloyhti\u00f6iden  ikkuna- ja oviremoteissa. Ammattilaisemme hoitavat huollon huolellisesti ja ripe\u00e4sti. <\/p>\n\t\t\t<\/div>\n\t<div id=\"cards-block_5d73b89db6e40a544f53bdef63ad386f\" class=\"cards-block--card\">\n\t\t\t<div class=\"icon-block\" style=\"background-image: url('https:\/\/www.skaala.com\/wp-content\/themes\/skaala-2023\/dist\/assets\/images\/icons\/plus-circle-red.svg);\">\n\t\t<\/div>\n\t\t\t\t<h4>Laadukas<\/h4>\n\t\t\t\t<p>K\u00e4yt\u00e4mme tuotteiden valmistamisessa ja huollossa vain korkealaatuisia materiaaleja ja varaosia. <\/p>\n\t\t\t<\/div>\n\t<div id=\"cards-block_5d73b89db6e40a544f53bdef63ad386f\" class=\"cards-block--card\">\n\t\t\t<div class=\"icon-block\" style=\"background-image: url('https:\/\/www.skaala.com\/wp-content\/themes\/skaala-2023\/dist\/assets\/images\/icons\/plus-circle-red.svg);\">\n\t\t<\/div>\n\t\t\t\t<h4>Vastuullinen <\/h4>\n\t\t\t\t<p>Ikkunoiden ja ovien kunnossapito on vastuullisuutta: kodin energiatehokkuus paranee ja tuotteiden k\u00e4ytt\u00f6ik\u00e4 pitenee.<\/p>\n\t\t\t<\/div>\n\t<div id=\"cards-block_5d73b89db6e40a544f53bdef63ad386f\" class=\"cards-block--card\">\n\t\t\t<div class=\"icon-block\" style=\"background-image: url('https:\/\/www.skaala.com\/wp-content\/themes\/skaala-2023\/dist\/assets\/images\/icons\/plus-circle-red.svg);\">\n\t\t<\/div>\n\t\t\t\t<h4>Luotettava<\/h4>\n\t\t\t\t<p>Huoltopalvelumme hinnoittelu on selke\u00e4\u00e4 ja l\u00e4pin\u00e4kyv\u00e4\u00e4. Tied\u00e4t, mist\u00e4 maksat ja mit\u00e4 maksat.<\/p>\n\t\t\t<\/div>\n\t<\/div>\n\n\n\n<a href=\"https:\/\/bot.leadoo.com\/bot\/visual.html?code=3b86a9d7f80fc84e\" id=\"button-block-block_10783cd5b9cbed7f8726ec703a455406\" class=\"button-block button\" target=\"_blank\" rel=\"noopener\">Pyyd\u00e4 tarjous m\u00e4\u00e4r\u00e4aikaishuollosta<\/a>\n\n<\/div><\/div>\n\n\n\n<div class=\"wp-block-custom-divider-image has-none-overlay divider-image-medium has-background-image\" style=\"background-image:url(https:\/\/www.skaala.com\/wp-content\/uploads\/2023\/09\/Skaala-kerava-rekka-scaled.jpg)\"><\/div>\n\n\n\n<div class=\"wp-block-custom-content-area custom-wrapper alignleft has-light-blue-background-color\"><div class=\"outer-wrap\">\t\n\t<div id=\"heading-block-block_4fa4c1897f2ed36da8c4b8f3a26f4dea\" class=\"heading-block\">\n\t\t<h3 ><span>Tunnista ikkunan ja oven huoltotarve<\/span><\/h3>\t<\/div>\n\n\n\n<div id=\"text-block-block_e47fc8aaf8602aa863a945fcab9fae2e\" class=\"text-block\">\n\t\t\t<p>Suosittelemme tarkistamaan ikkunoiden ja ovien kunnon v\u00e4hint\u00e4\u00e4n kerran vuodessa niiden h\u00e4iri\u00f6tt\u00f6m\u00e4n toiminnan varmistamiseksi.<\/p>\n<p>Mik\u00e4li huomaat puutteita joissain seuraavissa seikoissa, on ikkunoiden ja ovien huolto ajankohtainen:<\/p>\n<ul>\n<li>Puuosien maalipinnan kunto<\/li>\n<li>Helojen ja lukkojen toiminta<\/li>\n<li>Tiivisteiden kunto<\/li>\n<li>Ikkunapuitteiden ja ovien sulkeutuminen<\/li>\n<li>Lis\u00e4varusteiden toimivuus<\/li>\n<\/ul>\n\t<\/div>\n\n<\/div><\/div>\n\n\n<div class=\"featured-items-block block\">\n\t<div class=\"featured-item\">\n\t\t<div class=\"content-half has-dark-gray-background-color\">\n\t\t\t<div class=\"featured-item--content grid-item\">\n\t\t\t\t\t\t<a class=\"button button-large\" href=\"https:\/\/www.skaala.com\/fi\/taloyhtiot-ja-julkiset-kohteet\/\">Taloyhti\u00f6t<\/a>\n\t\t\t\t\t\t<\/div>\n\t\t<\/div>\n\t\t\t\t<div class=\"featured-item--image grid-item\"\n\t\t\t\t\tdata-interchange=\"\n\t\t\t\t\t[https:\/\/www.skaala.com\/wp-content\/uploads\/2022\/11\/Skaalaauto2022autoFotografautoMattiasautoHamrenauto30-1024x683.jpg, small], \n\t\t\t\t\t[https:\/\/www.skaala.com\/wp-content\/uploads\/2022\/11\/Skaalaauto2022autoFotografautoMattiasautoHamrenauto30-1024x683.jpg, medium], \n\t\t\t\t\t[https:\/\/www.skaala.com\/wp-content\/uploads\/2022\/11\/Skaalaauto2022autoFotografautoMattiasautoHamrenauto30-1200x800.jpg, large], \n\t\t\t\t\t[https:\/\/www.skaala.com\/wp-content\/uploads\/2022\/11\/Skaalaauto2022autoFotografautoMattiasautoHamrenauto30-1536x1025.jpg, xlarge]\"\n\t\t\t\t\t>\n\t\t<\/div>\n\t\t\t<\/div>\n\t\t<div class=\"featured-item\">\n\t\t<div class=\"content-half has-dark-gray-background-color\">\n\t\t\t<div class=\"featured-item--content grid-item\">\n\t\t\t\t\t\t<a class=\"button button-large\" href=\"https:\/\/www.skaala.com\/fi\/tietoa-skaalasta\/\">Tietoa Skaalasta<\/a>\n\t\t\t\t\t\t<\/div>\n\t\t<\/div>\n\t\t\t\t<div class=\"featured-item--image grid-item\"\n\t\t\t\t\tdata-interchange=\"\n\t\t\t\t\t[https:\/\/www.skaala.com\/wp-content\/uploads\/2025\/04\/Yliharman-tehdas-1024x576.jpg, small], \n\t\t\t\t\t[https:\/\/www.skaala.com\/wp-content\/uploads\/2025\/04\/Yliharman-tehdas-1024x576.jpg, medium], \n\t\t\t\t\t[https:\/\/www.skaala.com\/wp-content\/uploads\/2025\/04\/Yliharman-tehdas-1200x675.jpg, large], \n\t\t\t\t\t[https:\/\/www.skaala.com\/wp-content\/uploads\/2025\/04\/Yliharman-tehdas-1536x864.jpg, xlarge]\"\n\t\t\t\t\t>\n\t\t<\/div>\n\t\t\t<\/div>\n\t<\/div>\n","protected":false},"excerpt":{"rendered":"","protected":false},"author":5,"featured_media":18110,"parent":139,"menu_order":0,"comment_status":"closed","ping_status":"closed","template":"","meta":{"_acf_changed":false,"inline_featured_image":false,"footnotes":""},"class_list":["post-20825","page","type-page","status-publish","has-post-thumbnail","hentry"],"acf":[],"_links":{"self":[{"href":"https:\/\/www.skaala.com\/fi\/wp-json\/wp\/v2\/pages\/20825","targetHints":{"allow":["GET"]}}],"collection":[{"href":"https:\/\/www.skaala.com\/fi\/wp-json\/wp\/v2\/pages"}],"about":[{"href":"https:\/\/www.skaala.com\/fi\/wp-json\/wp\/v2\/types\/page"}],"author":[{"embeddable":true,"href":"https:\/\/www.skaala.com\/fi\/wp-json\/wp\/v2\/users\/5"}],"replies":[{"embeddable":true,"href":"https:\/\/www.skaala.com\/fi\/wp-json\/wp\/v2\/comments?post=20825"}],"version-history":[{"count":48,"href":"https:\/\/www.skaala.com\/fi\/wp-json\/wp\/v2\/pages\/20825\/revisions"}],"predecessor-version":[{"id":25016,"href":"https:\/\/www.skaala.com\/fi\/wp-json\/wp\/v2\/pages\/20825\/revisions\/25016"}],"up":[{"embeddable":true,"href":"https:\/\/www.skaala.com\/fi\/wp-json\/wp\/v2\/pages\/139"}],"wp:featuredmedia":[{"embeddable":true,"href":"https:\/\/www.skaala.com\/fi\/wp-json\/wp\/v2\/media\/18110"}],"wp:attachment":[{"href":"https:\/\/www.skaala.com\/fi\/wp-json\/wp\/v2\/media?parent=20825"}],"curies":[{"name":"wp","href":"https:\/\/api.w.org\/{rel}","templated":true}]}}