{"id":20951,"date":"2024-05-31T11:20:35","date_gmt":"2024-05-31T08:20:35","guid":{"rendered":"https:\/\/www.skaala.com\/?page_id=20951"},"modified":"2024-09-13T17:16:44","modified_gmt":"2024-09-13T14:16:44","slug":"oviremontti-jyvaskyla","status":"publish","type":"page","link":"https:\/\/www.skaala.com\/fi\/omakotitalot-ja-mokit\/oviremontti\/oviremontti-jyvaskyla\/","title":{"rendered":"Oviremontti Jyv\u00e4skyl\u00e4"},"content":{"rendered":"\n\t\t<header class=\"featured-hero article\" role=\"banner\" data-interchange=\"[https:\/\/www.skaala.com\/wp-content\/uploads\/2024\/04\/Jyvaskyla-640x200.jpg, small], [https:\/\/www.skaala.com\/wp-content\/uploads\/2024\/04\/Jyvaskyla-1280x400.jpg, medium], [https:\/\/www.skaala.com\/wp-content\/uploads\/2024\/04\/Jyvaskyla-1440x400.jpg, large], [https:\/\/www.skaala.com\/wp-content\/uploads\/2024\/04\/Jyvaskyla-1920x400.jpg, xlarge]\">\n\t\t\t\t\t<h1>Oviremontti Jyv\u00e4skyl\u00e4<\/h1>\n\t\t<\/header>\n\t\t\n\n\n<div class=\"wp-block-custom-content-area custom-wrapper alignleft has-light-blue-background-color\"><div class=\"outer-wrap\">\t\n\t<div id=\"heading-block-block_bac543ad260b69cf6208df0ec9f30926\" class=\"heading-block\">\n\t\t<h2 ><span>Oviremontti Jyv\u00e4skyl\u00e4<\/span><\/h2>\t<\/div>\n\n\n\n<div id=\"text-block-block_91adeb925e00a2ccf6b00d73d9632bd0\" class=\"text-block\">\n\t\t\t<p>Onko sinulla suunnitteilla oviremontti Jyv\u00e4skyl\u00e4n alueella? Pyyd\u00e4 tarjous Skaalalta!<\/p>\n<p>Oviremontilla voit parantaa asumismukavuutta, lis\u00e4t\u00e4 kotisi turvallisuutta, kohentaa talosi ulkon\u00e4k\u00f6\u00e4 sek\u00e4 helpottaa ovien k\u00e4ytett\u00e4vyytt\u00e4. Kun valitset modernit Skaala-ovet, parannat samalla kotisi energiatehokkuutta, sill\u00e4 oviemme eristysmateriaalit takaavat erinomaisen l\u00e4mm\u00f6neristyksen.<\/p>\n<p><script type=\"text\/javascript\" async src=\"https:\/\/bot.leadoo.com\/bot\/visual.js?code=261d7cc8#seamless\"><\/script><\/p>\n\t<\/div>\n\n\n\n\n<a href=\"https:\/\/www.skaala.com\/ota-yhteytta\/pyyda-tarjous\/\" \nid=\"button-block-block_d438492f85917e35a3e46b737403c81d\" \nclass=\"button-block button\"\ntarget=\"\"\n>Pyyd\u00e4 tarjous oviremontista<\/a>\n\n\n\n\n<a href=\"https:\/\/www.skaala.com\/fi\/omakotitalot-ja-mokit\/ikkunaremontti\/ikkunaremontti-jyvaskyla\/\" \nid=\"button-block-block_3a0542982086fc00a84d251c946b028e\" \nclass=\"button-block button\"\ntarget=\"\"\n>My\u00f6s ikkunaremontit Skaalalta<\/a>\n\n\n\n\n<div id=\"text-block-block_175d5f166b1026a1fab1fdb4efab0672\" class=\"text-block\">\n\t\t\t<p><script>(function (w,d,s,o,f,js,fjs) {\n    if(d.getElementById(o)) return;\n    js = d.createElement(s), fjs = d.getElementsByTagName(s)[0];\n    js.id = o; js.src = f; js.async = 1; fjs.parentNode.insertBefore(js, fjs);\n  }(window, document, 'script', 'trustmary-embed', 'https:\/\/embed.trustmary.com\/embed.js'));\n<\/script><br \/>\n<a href=\"https:\/\/www.trustmary.com\/review\/lQm9t2Ue4\" data-trustmary-embed=\"8pe_gPoys\" target=\"_blank\" rel=\"noopener\">Trustmary Reviews<\/a><\/p>\n\t<\/div>\n\n<\/div><\/div>\n\n\n\n<div class=\"wp-block-custom-content-area custom-wrapper alignleft has-dark-gray-background-color\"><div class=\"outer-wrap\">\t\n\t<div id=\"heading-block-block_af1a0dc00ebf8ee1cc6cfd087c627cf2\" class=\"heading-block\">\n\t\t<h2 ><span>Milloin oviremontti on ajankohtainen?<\/span><\/h2>\t<\/div>\n\n\n\n<div id=\"text-block-block_85afa646906ec90f8973f2b5a45e8a9a\" class=\"text-block\">\n\t\t\t<p>Oviremontti on ajankohtainen, jos talosi nykyinen ovi on vioittunut tai sen reunoista vet\u00e4\u00e4 tai mik\u00e4li oven ja lukon k\u00e4ytt\u00f6 on hankaloitunut. <\/p>\n<p>Uuden oven my\u00f6t\u00e4 p\u00e4\u00e4set nauttimaan paremmin eristetyst\u00e4, turvallisemmasta ja helppok\u00e4ytt\u00f6isemm\u00e4st\u00e4 sis\u00e4\u00e4nk\u00e4ynnist\u00e4, joka lis\u00e4\u00e4 sek\u00e4 asumismukavuuttasi ett\u00e4 kotisi viihtyisyytt\u00e4!<\/p>\n\t<\/div>\n\n\n\n\n<a href=\"https:\/\/www.skaala.com\/fi\/ota-yhteytta\/pyyda-tarjous\/\" id=\"button-block-block_29f1aaa21df2bd7755db061d9805aa3a\" class=\"button-block button\" target=\"\">Pyyd\u00e4 tarjous oviremontista<\/a>\n\n<\/div><\/div>\n\n\n\n<div class=\"wp-block-custom-content-area custom-wrapper alignleft has-light-blue-background-color\"><div class=\"outer-wrap\">\t\n\t<div id=\"heading-block-block_6df55533731a076ecf3a7c10f4e65711\" class=\"heading-block\">\n\t\t<h2 ><span>Miksi valita ovet Skaalalta?<\/span><\/h2>\t<\/div>\n\n\n<div id=\"cards-block_1815d6d6ab695c164e9254efbac73087\" class=\"cards-block count-5\">\n<div id=\"cards-block_1815d6d6ab695c164e9254efbac73087\" class=\"cards-block--card\">\n\t\t\t<div class=\"icon-block\" style=\"background-image: url('https:\/\/www.skaala.com\/wp-content\/themes\/skaala-2023\/dist\/assets\/images\/icons\/zap-red.svg);\">\n\t\t<\/div>\n\t\t\t\t<h4>ENERGIATEHOKKUUS<\/h4>\n\t\t\t\t<p>Energiatehokkaat tuotteet pienent\u00e4v\u00e4t\r\nkodin l\u00e4mmitys- tai viilennystarvetta.<\/p>\n\t\t\t<\/div>\n\t<div id=\"cards-block_1815d6d6ab695c164e9254efbac73087\" class=\"cards-block--card\">\n\t\t\t<div class=\"icon-block\" style=\"background-image: url('https:\/\/www.skaala.com\/wp-content\/themes\/skaala-2023\/dist\/assets\/images\/icons\/globe-red.svg);\">\n\t\t<\/div>\n\t\t\t\t<h4>Vastuullisuus<\/h4>\n\t\t\t\t<p>Suunnittelu ja valmistus Suomessa\r\npohjoisen luontoa kunnioittaen.<\/p>\n\t\t\t<\/div>\n\t<div id=\"cards-block_1815d6d6ab695c164e9254efbac73087\" class=\"cards-block--card\">\n\t\t\t<div class=\"icon-block\" style=\"background-image: url('https:\/\/www.skaala.com\/wp-content\/themes\/skaala-2023\/dist\/assets\/images\/icons\/check-circle-red.svg);\">\n\t\t<\/div>\n\t\t\t\t<h4>HELPPOUS<\/h4>\n\t\t\t\t<p>Kaikki ikkunat, ulko-ovet, terassiovet\r\nja lasiliukuovet my\u00f6s asennettuna kotiisi.<\/p>\n\t\t\t<\/div>\n\t<div id=\"cards-block_1815d6d6ab695c164e9254efbac73087\" class=\"cards-block--card\">\n\t\t\t<div class=\"icon-block\" style=\"background-image: url('https:\/\/www.skaala.com\/wp-content\/themes\/skaala-2023\/dist\/assets\/images\/icons\/dollar-sign-red.svg);\">\n\t\t<\/div>\n\t\t\t\t<h4>HINNOITTELU<\/h4>\n\t\t\t\t<p>Reilu ja l\u00e4pin\u00e4kyv\u00e4 hinnoittelu.\r\nHy\u00f6dynn\u00e4 halutessasi joustava rahoitus.<\/p>\n\t\t\t<\/div>\n\t<div id=\"cards-block_1815d6d6ab695c164e9254efbac73087\" class=\"cards-block--card\">\n\t\t\t<div class=\"icon-block\" style=\"background-image: url('https:\/\/www.skaala.com\/wp-content\/themes\/skaala-2023\/dist\/assets\/images\/icons\/smile-red.svg);\">\n\t\t<\/div>\n\t\t\t\t<h4>MIELENRAUHA<\/h4>\n\t\t\t\t<p>Kokenut ammattilainen hoitaa\r\nprojektisi sovitusti ja ajallaan.<\/p>\n\t\t\t<\/div>\n\t<\/div>\n\n\n\n<a href=\"https:\/\/www.skaala.com\/fi\/ovet\/\" id=\"button-block-block_8a512aeb7edce00bbf172c8255cca9ad\" class=\"button-block button\" target=\"\">Tutustu Skaalan oviin<\/a>\n\n\n\n\n<div id=\"text-block-block_d766b509d8c90ec1114296ac6807aa53\" class=\"text-block\">\n\t\t\t<p>&nbsp;<\/p>\n<p><strong>Kuva:<\/strong>\u00a0Helena Kujala<\/p>\n<p>&nbsp;<\/p>\n\t<\/div>\n\n<\/div><\/div>\n","protected":false},"excerpt":{"rendered":"","protected":false},"author":1767,"featured_media":20354,"parent":19701,"menu_order":0,"comment_status":"closed","ping_status":"closed","template":"","meta":{"_acf_changed":false,"inline_featured_image":false,"footnotes":""},"class_list":["post-20951","page","type-page","status-publish","has-post-thumbnail","hentry"],"acf":[],"_links":{"self":[{"href":"https:\/\/www.skaala.com\/fi\/wp-json\/wp\/v2\/pages\/20951","targetHints":{"allow":["GET"]}}],"collection":[{"href":"https:\/\/www.skaala.com\/fi\/wp-json\/wp\/v2\/pages"}],"about":[{"href":"https:\/\/www.skaala.com\/fi\/wp-json\/wp\/v2\/types\/page"}],"author":[{"embeddable":true,"href":"https:\/\/www.skaala.com\/fi\/wp-json\/wp\/v2\/users\/1767"}],"replies":[{"embeddable":true,"href":"https:\/\/www.skaala.com\/fi\/wp-json\/wp\/v2\/comments?post=20951"}],"version-history":[{"count":3,"href":"https:\/\/www.skaala.com\/fi\/wp-json\/wp\/v2\/pages\/20951\/revisions"}],"predecessor-version":[{"id":21903,"href":"https:\/\/www.skaala.com\/fi\/wp-json\/wp\/v2\/pages\/20951\/revisions\/21903"}],"up":[{"embeddable":true,"href":"https:\/\/www.skaala.com\/fi\/wp-json\/wp\/v2\/pages\/19701"}],"wp:featuredmedia":[{"embeddable":true,"href":"https:\/\/www.skaala.com\/fi\/wp-json\/wp\/v2\/media\/20354"}],"wp:attachment":[{"href":"https:\/\/www.skaala.com\/fi\/wp-json\/wp\/v2\/media?parent=20951"}],"curies":[{"name":"wp","href":"https:\/\/api.w.org\/{rel}","templated":true}]}}