{"id":20964,"date":"2024-05-31T11:32:55","date_gmt":"2024-05-31T08:32:55","guid":{"rendered":"https:\/\/www.skaala.com\/?page_id=20964"},"modified":"2024-09-11T13:28:11","modified_gmt":"2024-09-11T10:28:11","slug":"oviremontti-lappeenranta","status":"publish","type":"page","link":"https:\/\/www.skaala.com\/fi\/omakotitalot-ja-mokit\/oviremontti\/oviremontti-lappeenranta\/","title":{"rendered":"Oviremontti Lappeenranta"},"content":{"rendered":"\n\t\t<header class=\"featured-hero article\" role=\"banner\" data-interchange=\"[https:\/\/www.skaala.com\/wp-content\/uploads\/2024\/04\/Lappeenranta-640x200.jpg, small], [https:\/\/www.skaala.com\/wp-content\/uploads\/2024\/04\/Lappeenranta-1280x400.jpg, medium], [https:\/\/www.skaala.com\/wp-content\/uploads\/2024\/04\/Lappeenranta-1440x400.jpg, large], [https:\/\/www.skaala.com\/wp-content\/uploads\/2024\/04\/Lappeenranta-1920x400.jpg, xlarge]\">\n\t\t\t\t\t<h1>Oviremontti Lappeenranta<\/h1>\n\t\t<\/header>\n\t\t\n\n\n<div class=\"wp-block-custom-content-area custom-wrapper alignleft has-light-blue-background-color\"><div class=\"outer-wrap\">\t\n\t<div id=\"heading-block-block_98fb33af447c4407264d9a8cedffe802\" class=\"heading-block\">\n\t\t<h2 ><span>Oviremontti Lappeenranta<\/span><\/h2>\t<\/div>\n\n\n\n<div id=\"text-block-block_008573fd4616d0997dff05c9d4e85c18\" class=\"text-block\">\n\t\t\t<p>Onko sinulla suunnitteilla oviremontti Lappeenrannan alueella? Pyyd\u00e4 tarjous Skaalalta!<\/p>\n<p>Oviremontilla voit parantaa asumismukavuutta, lis\u00e4t\u00e4 kotisi turvallisuutta, kohentaa talosi ulkon\u00e4k\u00f6\u00e4 sek\u00e4 helpottaa ovien k\u00e4ytett\u00e4vyytt\u00e4. Kun valitset modernit Skaala-ovet, parannat samalla kotisi energiatehokkuutta, sill\u00e4 oviemme eristysmateriaalit takaavat erinomaisen l\u00e4mm\u00f6neristyksen.<\/p>\n<p><script type=\"text\/javascript\" async src=\"https:\/\/bot.leadoo.com\/bot\/visual.js?code=261d7cc8#seamless\"><\/script><\/p>\n\t<\/div>\n\n\n\n\n<a href=\"https:\/\/www.skaala.com\/ota-yhteytta\/pyyda-tarjous\/\" \nid=\"button-block-block_6daf319208885a9f5376ee7f3858eed8\" \nclass=\"button-block button\"\ntarget=\"\"\n>Pyyd\u00e4 tarjous oviremontista<\/a>\n\n\n\n\n<a href=\"https:\/\/www.skaala.com\/fi\/omakotitalot-ja-mokit\/ikkunaremontti\/ikkunaremontti-lappeenranta\/\" \nid=\"button-block-block_a48612951994c81ac7348978195adfa2\" \nclass=\"button-block button\"\ntarget=\"\"\n>My\u00f6s ikkunaremontit Skaalalta<\/a>\n\n\n\n\n<div id=\"text-block-block_6b77c038d6e30e3fc3354a60c4255833\" class=\"text-block\">\n\t\t\t<p><script>(function (w,d,s,o,f,js,fjs) {\n    if(d.getElementById(o)) return;\n    js = d.createElement(s), fjs = d.getElementsByTagName(s)[0];\n    js.id = o; js.src = f; js.async = 1; fjs.parentNode.insertBefore(js, fjs);\n  }(window, document, 'script', 'trustmary-embed', 'https:\/\/embed.trustmary.com\/embed.js'));\n<\/script><br \/>\n<a href=\"https:\/\/www.trustmary.com\/review\/lQm9t2Ue4\" data-trustmary-embed=\"8pe_gPoys\" target=\"_blank\" rel=\"noopener\">Trustmary Reviews<\/a><\/p>\n\t<\/div>\n\n<\/div><\/div>\n\n\n\n<div class=\"wp-block-custom-content-area custom-wrapper alignleft has-dark-gray-background-color\"><div class=\"outer-wrap\">\t\n\t<div id=\"heading-block-block_e7b5a6f12b4f93b71c3aea3c56d5e085\" class=\"heading-block\">\n\t\t<h2 ><span>Milloin oviremontti on ajankohtainen?<\/span><\/h2>\t<\/div>\n\n\n\n<div id=\"text-block-block_5cb80e478b1464f8a5fa5c13c6bbe2e6\" class=\"text-block\">\n\t\t\t<p>Oviremontti on ajankohtainen, jos talosi nykyinen ovi on vioittunut tai sen reunoista vet\u00e4\u00e4 tai mik\u00e4li oven ja lukon k\u00e4ytt\u00f6 on hankaloitunut. <\/p>\n<p>Uuden oven my\u00f6t\u00e4 p\u00e4\u00e4set nauttimaan paremmin eristetyst\u00e4, turvallisemmasta ja helppok\u00e4ytt\u00f6isemm\u00e4st\u00e4 sis\u00e4\u00e4nk\u00e4ynnist\u00e4, joka lis\u00e4\u00e4 sek\u00e4 asumismukavuuttasi ett\u00e4 kotisi viihtyisyytt\u00e4!<\/p>\n\t<\/div>\n\n\n\n\n<a href=\"https:\/\/www.skaala.com\/fi\/ota-yhteytta\/pyyda-tarjous\/\" id=\"button-block-block_203906b6eabac123b1d3bb237b62a5dc\" class=\"button-block button\" target=\"\">Pyyd\u00e4 tarjous oviremontista<\/a>\n\n<\/div><\/div>\n\n\n\n<div class=\"wp-block-custom-content-area custom-wrapper alignleft has-light-blue-background-color\"><div class=\"outer-wrap\">\t\n\t<div id=\"heading-block-block_3ac6ef87fd81f6ec23512e522654c091\" class=\"heading-block\">\n\t\t<h2 ><span>Miksi valita ovet Skaalalta?<\/span><\/h2>\t<\/div>\n\n\n<div id=\"cards-block_cadb26f694d984d8ae6c8985f7a1a584\" class=\"cards-block count-5\">\n<div id=\"cards-block_cadb26f694d984d8ae6c8985f7a1a584\" class=\"cards-block--card\">\n\t\t\t<div class=\"icon-block\" style=\"background-image: url('https:\/\/www.skaala.com\/wp-content\/themes\/skaala-2023\/dist\/assets\/images\/icons\/zap-red.svg);\">\n\t\t<\/div>\n\t\t\t\t<h4>ENERGIATEHOKKUUS<\/h4>\n\t\t\t\t<p>Energiatehokkaat tuotteet pienent\u00e4v\u00e4t\r\nkodin l\u00e4mmitys- tai viilennystarvetta.<\/p>\n\t\t\t<\/div>\n\t<div id=\"cards-block_cadb26f694d984d8ae6c8985f7a1a584\" class=\"cards-block--card\">\n\t\t\t<div class=\"icon-block\" style=\"background-image: url('https:\/\/www.skaala.com\/wp-content\/themes\/skaala-2023\/dist\/assets\/images\/icons\/globe-red.svg);\">\n\t\t<\/div>\n\t\t\t\t<h4>Vastuullisuus<\/h4>\n\t\t\t\t<p>Suunnittelu ja valmistus Suomessa\r\npohjoisen luontoa kunnioittaen.<\/p>\n\t\t\t<\/div>\n\t<div id=\"cards-block_cadb26f694d984d8ae6c8985f7a1a584\" class=\"cards-block--card\">\n\t\t\t<div class=\"icon-block\" style=\"background-image: url('https:\/\/www.skaala.com\/wp-content\/themes\/skaala-2023\/dist\/assets\/images\/icons\/check-circle-red.svg);\">\n\t\t<\/div>\n\t\t\t\t<h4>HELPPOUS<\/h4>\n\t\t\t\t<p>Kaikki ikkunat, ulko-ovet, terassiovet\r\nja lasiliukuovet my\u00f6s asennettuna kotiisi.<\/p>\n\t\t\t<\/div>\n\t<div id=\"cards-block_cadb26f694d984d8ae6c8985f7a1a584\" class=\"cards-block--card\">\n\t\t\t<div class=\"icon-block\" style=\"background-image: url('https:\/\/www.skaala.com\/wp-content\/themes\/skaala-2023\/dist\/assets\/images\/icons\/dollar-sign-red.svg);\">\n\t\t<\/div>\n\t\t\t\t<h4>HINNOITTELU<\/h4>\n\t\t\t\t<p>Reilu ja l\u00e4pin\u00e4kyv\u00e4 hinnoittelu.\r\nHy\u00f6dynn\u00e4 halutessasi joustava rahoitus.<\/p>\n\t\t\t<\/div>\n\t<div id=\"cards-block_cadb26f694d984d8ae6c8985f7a1a584\" class=\"cards-block--card\">\n\t\t\t<div class=\"icon-block\" style=\"background-image: url('https:\/\/www.skaala.com\/wp-content\/themes\/skaala-2023\/dist\/assets\/images\/icons\/smile-red.svg);\">\n\t\t<\/div>\n\t\t\t\t<h4>MIELENRAUHA<\/h4>\n\t\t\t\t<p>Kokenut ammattilainen hoitaa\r\nprojektisi sovitusti ja ajallaan.<\/p>\n\t\t\t<\/div>\n\t<\/div>\n\n\n\n<a href=\"https:\/\/www.skaala.com\/fi\/ovet\/\" id=\"button-block-block_6703eb13db68c8e6ca30285a4e5d0595\" class=\"button-block button\" target=\"\">Tutustu Skaalan oviin<\/a>\n\n\n\n\n<div id=\"text-block-block_84cb1d6bf67bed824a8c41f25db6b100\" class=\"text-block\">\n\t\t\t<p>&nbsp;<\/p>\n<p>&nbsp;<\/p>\n<p><strong>Kuva:<\/strong>\u00a0Lappeenrannan kaupunki<\/p>\n\t<\/div>\n\n<\/div><\/div>\n","protected":false},"excerpt":{"rendered":"","protected":false},"author":1767,"featured_media":20359,"parent":19701,"menu_order":0,"comment_status":"closed","ping_status":"closed","template":"","meta":{"_acf_changed":false,"inline_featured_image":false,"footnotes":""},"class_list":["post-20964","page","type-page","status-publish","has-post-thumbnail","hentry"],"acf":[],"_links":{"self":[{"href":"https:\/\/www.skaala.com\/fi\/wp-json\/wp\/v2\/pages\/20964","targetHints":{"allow":["GET"]}}],"collection":[{"href":"https:\/\/www.skaala.com\/fi\/wp-json\/wp\/v2\/pages"}],"about":[{"href":"https:\/\/www.skaala.com\/fi\/wp-json\/wp\/v2\/types\/page"}],"author":[{"embeddable":true,"href":"https:\/\/www.skaala.com\/fi\/wp-json\/wp\/v2\/users\/1767"}],"replies":[{"embeddable":true,"href":"https:\/\/www.skaala.com\/fi\/wp-json\/wp\/v2\/comments?post=20964"}],"version-history":[{"count":3,"href":"https:\/\/www.skaala.com\/fi\/wp-json\/wp\/v2\/pages\/20964\/revisions"}],"predecessor-version":[{"id":21886,"href":"https:\/\/www.skaala.com\/fi\/wp-json\/wp\/v2\/pages\/20964\/revisions\/21886"}],"up":[{"embeddable":true,"href":"https:\/\/www.skaala.com\/fi\/wp-json\/wp\/v2\/pages\/19701"}],"wp:featuredmedia":[{"embeddable":true,"href":"https:\/\/www.skaala.com\/fi\/wp-json\/wp\/v2\/media\/20359"}],"wp:attachment":[{"href":"https:\/\/www.skaala.com\/fi\/wp-json\/wp\/v2\/media?parent=20964"}],"curies":[{"name":"wp","href":"https:\/\/api.w.org\/{rel}","templated":true}]}}