{"id":216,"date":"2020-04-20T16:04:21","date_gmt":"2020-04-20T13:04:21","guid":{"rendered":"https:\/\/www.skaala.com\/?page_id=216"},"modified":"2025-07-11T15:14:04","modified_gmt":"2025-07-11T12:14:04","slug":"pyyda-tarjous","status":"publish","type":"page","link":"https:\/\/www.skaala.com\/fi\/ota-yhteytta\/pyyda-tarjous\/","title":{"rendered":"Pyyd\u00e4 tarjous"},"content":{"rendered":"\n\t<header class=\"featured-hero has-dark-gray-background-color\" role=\"banner\">\n\t\t\t<h1>Pyyd\u00e4 tarjous<\/h1>\n\t<\/header>\n\t\n\n\n<div class=\"wp-block-custom-content-area custom-wrapper alignleft has-light-blue-background-color\"><div class=\"outer-wrap\">\n<div id=\"text-block-block_ad4c7ba990344751cb952e00aab55dff\" class=\"text-block\">\n\t\t\t<p><script type=\"text\/javascript\" async src=\"https:\/\/bot.leadoo.com\/bot\/visual.js?code=261d7cc8#seamless\"><\/script><\/p>\n\t<\/div>\n\n\n\n\t\n\t<div id=\"heading-block-block_ce07116365bbecbde4414fba2ed42d79\" class=\"heading-block\">\n\t\t<h2 ><span>Pyyd\u00e4 tarjous ikkunoista ja ovista<\/span><\/h2>\t<\/div>\n\n\n\n<div id=\"text-block-block_eb1bb2587e184c9f2618e06b97d60c10\" class=\"text-block\">\n\t\t\t<p class=\"Leipis\"><strong>Skaalan kotimaiset ja laadukkaat ikkunat, ovet ja lasiliukuovet sopivat pohjoisiin olosuhteisiin. Autamme sinua toteuttamaan ikkunaremontin ja oviremontin vaivattomasti, olipa kyseess\u00e4 omakotitalo, vapaa-ajan asunto tai taloyhti\u00f6. Meilt\u00e4 voit tilata ikkunat ja ovet my\u00f6s uudiskohteisiin.<\/strong><\/p>\n<p>&nbsp;<\/p>\n<p class=\"Leipis\">Olemme yksi Suomen tunnetuimmista ikkuna- ja ovibr\u00e4ndeist\u00e4. Modernit Skaala-ikkunat ja -ulko-ovet valmistetaan mittatilausty\u00f6n\u00e4 tehtaallamme Ylih\u00e4rm\u00e4ss\u00e4. Tuotteillamme on suomalaisesta ty\u00f6st\u00e4 kertova Avainlippu-merkki.<\/p>\n<p>&nbsp;<\/p>\n<p>Tarjouspyynn\u00f6n saat t\u00e4ytt\u00e4m\u00e4ll\u00e4 yll\u00e4 olevan lomakkeen. Ammattilaisemme on sinuun yhteydess\u00e4 ja tekee sinulle tarjouksen. Tarjoamme sinulle my\u00f6s joustavaa <a href=\"https:\/\/www.skaala.com\/fi\/palvelut\/skaala-rahoitus\/\">Skaala-laskua<\/a>, joka mahdollistaa uusien ikkunoiden ja ovien maksamisen eriss\u00e4.<\/p>\n\t<\/div>\n\n<\/div><\/div>\n\n\n<div class=\"featured-items-block block\">\n\t<div class=\"featured-item\">\n\t\t<div class=\"content-half has-dark-gray-background-color\">\n\t\t\t<div class=\"featured-item--content grid-item\">\n\t\t\t\t\t\t<a class=\"button button-large\" href=\"https:\/\/www.skaala.com\/fi\/ota-yhteytta\/\">Ota yhteytt\u00e4<\/a>\n\t\t\t\t\t\t<\/div>\n\t\t<\/div>\n\t\t\t\t<div class=\"featured-item--image grid-item\"\n\t\t\t\t\tdata-interchange=\"\n\t\t\t\t\t[https:\/\/www.skaala.com\/wp-content\/uploads\/2023\/08\/Skaalaautoisotautoikkunat-1024x682.jpg, small], \n\t\t\t\t\t[https:\/\/www.skaala.com\/wp-content\/uploads\/2023\/08\/Skaalaautoisotautoikkunat-1024x682.jpg, medium], \n\t\t\t\t\t[https:\/\/www.skaala.com\/wp-content\/uploads\/2023\/08\/Skaalaautoisotautoikkunat-1200x800.jpg, large], \n\t\t\t\t\t[https:\/\/www.skaala.com\/wp-content\/uploads\/2023\/08\/Skaalaautoisotautoikkunat-1536x1024.jpg, xlarge]\"\n\t\t\t\t\t>\n\t\t<\/div>\n\t\t\t<\/div>\n\t\t<div class=\"featured-item\">\n\t\t<div class=\"content-half has-dark-gray-background-color\">\n\t\t\t<div class=\"featured-item--content grid-item\">\n\t\t\t\t\t\t<a class=\"button button-large\" href=\"https:\/\/www.skaala.com\/fi\/ota-yhteytta\/pyyda-ilmainen-arvio-tai-kartoitus\/\">Pyyd\u00e4 ilmainen arvio<\/a>\n\t\t\t\t\t\t<\/div>\n\t\t<\/div>\n\t\t\t\t<div class=\"featured-item--image grid-item\"\n\t\t\t\t\tdata-interchange=\"\n\t\t\t\t\t[https:\/\/www.skaala.com\/wp-content\/uploads\/2023\/11\/Ikkunat-ikkunaremontin-jalkeen-e1700135812133-1024x1024.jpg, small], \n\t\t\t\t\t[https:\/\/www.skaala.com\/wp-content\/uploads\/2023\/11\/Ikkunat-ikkunaremontin-jalkeen-e1700135812133-1024x1024.jpg, medium], \n\t\t\t\t\t[https:\/\/www.skaala.com\/wp-content\/uploads\/2023\/11\/Ikkunat-ikkunaremontin-jalkeen-e1700135812133.jpg, large], \n\t\t\t\t\t[https:\/\/www.skaala.com\/wp-content\/uploads\/2023\/11\/Ikkunat-ikkunaremontin-jalkeen-1024x1536.jpg, xlarge]\"\n\t\t\t\t\t>\n\t\t<\/div>\n\t\t\t<\/div>\n\t\t<div class=\"featured-item\">\n\t\t<div class=\"content-half has-dark-gray-background-color\">\n\t\t\t<div class=\"featured-item--content grid-item\">\n\t\t\t\t\t\t<a class=\"button button-large\" href=\"https:\/\/www.skaala.com\/fi\/palvelut\/skaala-rahoitus\/\">Skaala-lasku<\/a>\n\t\t\t\t\t\t<\/div>\n\t\t<\/div>\n\t\t\t\t<div class=\"featured-item--image grid-item\"\n\t\t\t\t\tdata-interchange=\"\n\t\t\t\t\t[https:\/\/www.skaala.com\/wp-content\/uploads\/2020\/05\/Skaala-Vinter4-1024x683.jpg, small], \n\t\t\t\t\t[https:\/\/www.skaala.com\/wp-content\/uploads\/2020\/05\/Skaala-Vinter4-1024x683.jpg, medium], \n\t\t\t\t\t[https:\/\/www.skaala.com\/wp-content\/uploads\/2020\/05\/Skaala-Vinter4-1200x800.jpg, large], \n\t\t\t\t\t[https:\/\/www.skaala.com\/wp-content\/uploads\/2020\/05\/Skaala-Vinter4-1536x1024.jpg, xlarge]\"\n\t\t\t\t\t>\n\t\t<\/div>\n\t\t\t<\/div>\n\t\t<div class=\"featured-item\">\n\t\t<div class=\"content-half has-dark-gray-background-color\">\n\t\t\t<div class=\"featured-item--content grid-item\">\n\t\t\t\t\t\t<a class=\"button button-large\" href=\"https:\/\/www.skaala.com\/fi\/verkkokauppa\/ikkunaremontti-verkkokaupasta\/\">N\u00e4in tilaat ikkunat ja ovet verkkokaupasta<\/a>\n\t\t\t\t\t\t<\/div>\n\t\t<\/div>\n\t\t\t\t<div class=\"featured-item--image grid-item\"\n\t\t\t\t\tdata-interchange=\"\n\t\t\t\t\t[https:\/\/www.skaala.com\/wp-content\/uploads\/2025\/12\/Seglinge-keittion-ikkunat-1024x683.jpg, small], \n\t\t\t\t\t[https:\/\/www.skaala.com\/wp-content\/uploads\/2025\/12\/Seglinge-keittion-ikkunat-1024x683.jpg, medium], \n\t\t\t\t\t[https:\/\/www.skaala.com\/wp-content\/uploads\/2025\/12\/Seglinge-keittion-ikkunat-1200x800.jpg, large], \n\t\t\t\t\t[https:\/\/www.skaala.com\/wp-content\/uploads\/2025\/12\/Seglinge-keittion-ikkunat-1536x1024.jpg, xlarge]\"\n\t\t\t\t\t>\n\t\t<\/div>\n\t\t\t<\/div>\n\t<\/div>\n","protected":false},"excerpt":{"rendered":"","protected":false},"author":5,"featured_media":16765,"parent":150,"menu_order":0,"comment_status":"closed","ping_status":"closed","template":"","meta":{"_acf_changed":false,"inline_featured_image":false,"footnotes":""},"class_list":["post-216","page","type-page","status-publish","has-post-thumbnail","hentry"],"acf":[],"_links":{"self":[{"href":"https:\/\/www.skaala.com\/fi\/wp-json\/wp\/v2\/pages\/216","targetHints":{"allow":["GET"]}}],"collection":[{"href":"https:\/\/www.skaala.com\/fi\/wp-json\/wp\/v2\/pages"}],"about":[{"href":"https:\/\/www.skaala.com\/fi\/wp-json\/wp\/v2\/types\/page"}],"author":[{"embeddable":true,"href":"https:\/\/www.skaala.com\/fi\/wp-json\/wp\/v2\/users\/5"}],"replies":[{"embeddable":true,"href":"https:\/\/www.skaala.com\/fi\/wp-json\/wp\/v2\/comments?post=216"}],"version-history":[{"count":27,"href":"https:\/\/www.skaala.com\/fi\/wp-json\/wp\/v2\/pages\/216\/revisions"}],"predecessor-version":[{"id":25010,"href":"https:\/\/www.skaala.com\/fi\/wp-json\/wp\/v2\/pages\/216\/revisions\/25010"}],"up":[{"embeddable":true,"href":"https:\/\/www.skaala.com\/fi\/wp-json\/wp\/v2\/pages\/150"}],"wp:featuredmedia":[{"embeddable":true,"href":"https:\/\/www.skaala.com\/fi\/wp-json\/wp\/v2\/media\/16765"}],"wp:attachment":[{"href":"https:\/\/www.skaala.com\/fi\/wp-json\/wp\/v2\/media?parent=216"}],"curies":[{"name":"wp","href":"https:\/\/api.w.org\/{rel}","templated":true}]}}