{"id":219,"date":"2020-04-20T16:11:07","date_gmt":"2020-04-20T13:11:07","guid":{"rendered":"https:\/\/www.skaala.com\/?page_id=219"},"modified":"2024-03-13T08:40:17","modified_gmt":"2024-03-13T06:40:17","slug":"luokitellut-julkisten-tilojen-ovet","status":"publish","type":"page","link":"https:\/\/www.skaala.com\/fi\/ovet\/julkisten-tilojen-ovet\/luokitellut-julkisten-tilojen-ovet\/","title":{"rendered":"Luokitellut julkisten tilojen ovet"},"content":{"rendered":"\n\t<header class=\"featured-hero has-dark-gray-background-color\" role=\"banner\">\n\t\t\t<h1>Luokitellut julkisten tilojen ovet \u2013 \u00e4\u00e4nieristyst\u00e4 ja kest\u00e4vyytt\u00e4 vaativiin kohteisiin<\/h1>\n\t<\/header>\n\t\n\n\n<div class=\"wp-block-custom-content-area custom-wrapper alignleft has-light-blue-background-color\"><div class=\"outer-wrap\">\n<div id=\"text-block-block_25bb6670e7eae25e15ab6d80d46d179f\" class=\"text-block\">\n\t\t\t<p><em>Skaalan luokitellut palo-ovet ja \u00e4\u00e4nieristysovet <\/em><em>on tarkoitettu kest\u00e4vyytt\u00e4 vaativiin kohteisiin, kuten virastoi<\/em><em>hin, liiketiloi<\/em><em>hin, p\u00e4iv\u00e4ko<\/em><em>teihin ja koului<\/em><em>hin. Ovet t\u00e4ytt\u00e4v\u00e4t kaikki <\/em><em>viimeisimm\u00e4t rakennusm\u00e4\u00e4r\u00e4ysten vaatimukset. <\/em><\/p>\n<p>Luokitelluilla ovilla tarkoitetaan ovia, joiden tulee t\u00e4ytt\u00e4\u00e4 rakennusalan viimeisimm\u00e4t paloturvallisuus- ja \u00e4\u00e4nieristysvaatimukset. Luokitellut ovet ovat palo-ovia ja \u00e4\u00e4nieristys- eli desibeliovia, joita k\u00e4ytet\u00e4\u00e4n hiljaisuutta ja kest\u00e4vyytt\u00e4 vaativissa kohteissa, kuten p\u00e4iv\u00e4kodeissa, kouluissa, sairaaloissa ja toimistorakennuksissa.<\/p>\n<p>Skaalan luokitellut ovet soveltuvat hyvin kohteisiin, joissa \u00e4\u00e4niluokkavaatimus on 25 dB, 30 dB tai 35 dB ja\/tai paloluokkavaatimus EI15 tai EI30 (oven t\u00e4ytyy kest\u00e4\u00e4 tulipaloa v\u00e4hint\u00e4\u00e4n 30 min).<\/p>\n<p>Skaalan korkealaatuiset dB- ja palo-ovet ovat suomalaista mittatilausty\u00f6t\u00e4. Oveen voi valita haluamansa maalis\u00e4vyn tai puuviilupinnan. Oven mukana toimitetaan oksattomat laatupuukarmit, ja saatavana on my\u00f6s oven viilupinnan mukaiset jalopuukarmit.<\/p>\n<p>Apua ovien valintaan saat Skaalan maksuttomasta palvelusta. Ovien siistin ja vaivattoman asennuksen hoitaa asennuspalvelumme.<\/p>\n\t<\/div>\n\n<\/div><\/div>\n\n\n\n<div class=\"wp-block-custom-content-area custom-wrapper alignleft has-light-blue-background-color\"><div class=\"outer-wrap\">\t\n\t<div id=\"heading-block-block_9124d5bea440f639b41e34a6190e931b\" class=\"heading-block\">\n\t\t<h2 ><span>Luokiteltujen ovien ominaisuudet<\/span><\/h2>\t<\/div>\n\n\n\n<div id=\"text-block-block_4e2b66a11da52c7770bb20878c5609a1\" class=\"text-block\">\n\t\t\t<p>Luokitellut ovet ovat tyyppihyv\u00e4ksyttyj\u00e4 MDF-ovia, joita saa useassa eri v\u00e4riss\u00e4, my\u00f6s viilupinnoitteella.<\/p>\n<ul>\n<li><strong>Rakenne:<\/strong> Vahva 6 mm:n MDF-levypintainen keh\u00e4rakenne. Vakiona massiivipuureuna. Ovilevyn paksuus \u00e4\u00e4nierist\u00e4vyydest\u00e4 riippuen 40 mm tai 68 mm.<\/li>\n<li><strong>Pinta:<\/strong> Maalattu MDF-levy, lakatuissa ja kuultok\u00e4sitellyiss\u00e4 ovissa viilupinnoite. Vakiov\u00e4rin\u00e4 valkoinen (NCS S 0502-Y). Muut s\u00e4vyt tilauksen mukaan. Kuultok\u00e4sitellyiss\u00e4 ovissa ovilevyjen pinnat on lakattu. Urakuviot ja listoitukset ovilehden molemmin puolin.<\/li>\n<li><strong>Heloitus:<\/strong> Vakiona lukkorunko LC190 tai 4190 SYM, korkeuss\u00e4\u00e4dett\u00e4v\u00e4t saranat 110 \u00d7 30.<\/li>\n<li><strong>Karmi:<\/strong> Ovissa vakiona maalattu laatupuukarmi. Jalopuukarmit saatavana tilauksesta. Karmisyvyys vakiona 92 mm, muut karmisyvyydet tilauksen mukaan.<\/li>\n<li><strong>Tiivistys:<\/strong> Karmissa yksi tiiviste. 30\u201335 dB-ovissa kaksoistiiviste.<\/li>\n<li><strong>L\u00e4mm\u00f6neriste:<\/strong> Eristeen\u00e4 rakennetta vahvistava dB- ja paloeriste.<\/li>\n<\/ul>\n\t<\/div>\n\n<\/div><\/div>\n\n\n\n<div class=\"wp-block-custom-content-area custom-wrapper alignleft has-dark-gray-background-color\"><div class=\"outer-wrap\">\t\n\t<div id=\"heading-block-block_1cb1d8ef6447a229f26aef41c4208f3d\" class=\"heading-block\">\n\t\t<h2 ><span>Skaalan luokitellut ovet \u2013 tutustu valikoimaan<\/span><\/h2>\t<\/div>\n\n\n\n<div id=\"text-block-block_674d386a35534bae20fbb4007a8c3516\" class=\"text-block\">\n\t\t\t<p>Luokitellut ovet ovat paksuja ja turvallisia ovia, joiden rakenteessa on huomioitu paloturvallisuus ja\/tai \u00e4\u00e4nieristys.<\/p>\n\t<\/div>\n\n<\/div><\/div>\n\n\n\t<div class=\"product-wrapper has-dark-gray-background-color\">\n\t\t<div class=\"featured-product--grid \">\n<div class=\"featured-product-block product-doors\">\n\t<div class=\"featured-product\">\n\t\t\t\t\t<div class=\"grid-item\">\n\t\t\t<img class=\"featured-item--image\"\n\t\t\t\t\t\tdata-interchange=\"\n\t\t\t\t\t\t[https:\/\/www.skaala.com\/wp-content\/uploads\/2020\/05\/SKCF-414-1.png, small], \n\t\t\t\t\t\t[https:\/\/www.skaala.com\/wp-content\/uploads\/2020\/05\/SKCF-414-1.png, medium], \n\t\t\t\t\t\t[https:\/\/www.skaala.com\/wp-content\/uploads\/2020\/05\/SKCF-414-1.png, large], \n\t\t\t\t\t\t[https:\/\/www.skaala.com\/wp-content\/uploads\/2020\/05\/SKCF-414-1.png, xlarge]\"\n\t\t\t\t\t\t>\n\t\t\t<\/img>\n\t\t\t<\/div>\n\t\t\t\t<div class=\"grid-item product-info\">\n\t\t\t<h2>Skaala SKCF-416 EI30<\/h2>\n\t\t\t\t\t\t<div class=\"tags\">\n\t\t\t\t\t\t<\/div>\n\t\t\t<p><a class=\"button\" href=\"https:\/\/www.skaala.com\/fi\/kaikki-ovet\/skaala-skcf-416-ei30-palo-ovi\/\">Katso tiedot<\/a><\/p>\n\t\t<\/div>\n\t<\/div>\n<\/div>\n<div class=\"featured-product-block product-doors\">\n\t<div class=\"featured-product\">\n\t\t\t\t\t<div class=\"grid-item\">\n\t\t\t<img class=\"featured-item--image\"\n\t\t\t\t\t\tdata-interchange=\"\n\t\t\t\t\t\t[https:\/\/www.skaala.com\/wp-content\/uploads\/2020\/05\/SKCFS-410-1.png, small], \n\t\t\t\t\t\t[https:\/\/www.skaala.com\/wp-content\/uploads\/2020\/05\/SKCFS-410-1.png, medium], \n\t\t\t\t\t\t[https:\/\/www.skaala.com\/wp-content\/uploads\/2020\/05\/SKCFS-410-1.png, large], \n\t\t\t\t\t\t[https:\/\/www.skaala.com\/wp-content\/uploads\/2020\/05\/SKCFS-410-1.png, xlarge]\"\n\t\t\t\t\t\t>\n\t\t\t<\/img>\n\t\t\t<\/div>\n\t\t\t\t<div class=\"grid-item product-info\">\n\t\t\t<h2>Skaala SKCFS-410 EI15\/25db<\/h2>\n\t\t\t\t\t\t<div class=\"tags\">\n\t\t\t\t\t\t<\/div>\n\t\t\t<p><a class=\"button\" href=\"https:\/\/www.skaala.com\/fi\/kaikki-ovet\/skaala-skcfs-410-ei15-25db-paloaaniovi\/\">Katso tiedot<\/a><\/p>\n\t\t<\/div>\n\t<\/div>\n<\/div>\n<div class=\"featured-product-block product-doors\">\n\t<div class=\"featured-product\">\n\t\t\t\t\t<div class=\"grid-item\">\n\t\t\t<img class=\"featured-item--image\"\n\t\t\t\t\t\tdata-interchange=\"\n\t\t\t\t\t\t[https:\/\/www.skaala.com\/wp-content\/uploads\/2020\/05\/SKCFS-410-1.png, small], \n\t\t\t\t\t\t[https:\/\/www.skaala.com\/wp-content\/uploads\/2020\/05\/SKCFS-410-1.png, medium], \n\t\t\t\t\t\t[https:\/\/www.skaala.com\/wp-content\/uploads\/2020\/05\/SKCFS-410-1.png, large], \n\t\t\t\t\t\t[https:\/\/www.skaala.com\/wp-content\/uploads\/2020\/05\/SKCFS-410-1.png, xlarge]\"\n\t\t\t\t\t\t>\n\t\t\t<\/img>\n\t\t\t<\/div>\n\t\t\t\t<div class=\"grid-item product-info\">\n\t\t\t<h2>Skaala SKCFS-411 EI15\/30db<\/h2>\n\t\t\t\t\t\t<div class=\"tags\">\n\t\t\t\t\t\t<\/div>\n\t\t\t<p><a class=\"button\" href=\"https:\/\/www.skaala.com\/fi\/kaikki-ovet\/skaala-skcfs-411-ei15-30db-erikoisovi\/\">Katso tiedot<\/a><\/p>\n\t\t<\/div>\n\t<\/div>\n<\/div>\n<div class=\"featured-product-block product-doors\">\n\t<div class=\"featured-product\">\n\t\t\t\t\t<div class=\"grid-item\">\n\t\t\t<img class=\"featured-item--image\"\n\t\t\t\t\t\tdata-interchange=\"\n\t\t\t\t\t\t[https:\/\/www.skaala.com\/wp-content\/uploads\/2020\/05\/SKCFS-410-1.png, small], \n\t\t\t\t\t\t[https:\/\/www.skaala.com\/wp-content\/uploads\/2020\/05\/SKCFS-410-1.png, medium], \n\t\t\t\t\t\t[https:\/\/www.skaala.com\/wp-content\/uploads\/2020\/05\/SKCFS-410-1.png, large], \n\t\t\t\t\t\t[https:\/\/www.skaala.com\/wp-content\/uploads\/2020\/05\/SKCFS-410-1.png, xlarge]\"\n\t\t\t\t\t\t>\n\t\t\t<\/img>\n\t\t\t<\/div>\n\t\t\t\t<div class=\"grid-item product-info\">\n\t\t\t<h2>Skaala SKCFS-413 EI30\/35db<\/h2>\n\t\t\t\t\t\t<div class=\"tags\">\n\t\t\t\t\t\t<\/div>\n\t\t\t<p><a class=\"button\" href=\"https:\/\/www.skaala.com\/fi\/kaikki-ovet\/skaala-skcfs-413-ei30-35db\/\">Katso tiedot<\/a><\/p>\n\t\t<\/div>\n\t<\/div>\n<\/div>\n<div class=\"featured-product-block product-doors\">\n\t<div class=\"featured-product\">\n\t\t\t\t\t<div class=\"grid-item\">\n\t\t\t<img class=\"featured-item--image\"\n\t\t\t\t\t\tdata-interchange=\"\n\t\t\t\t\t\t[https:\/\/www.skaala.com\/wp-content\/uploads\/2020\/05\/SKCF-414-1.png, small], \n\t\t\t\t\t\t[https:\/\/www.skaala.com\/wp-content\/uploads\/2020\/05\/SKCF-414-1.png, medium], \n\t\t\t\t\t\t[https:\/\/www.skaala.com\/wp-content\/uploads\/2020\/05\/SKCF-414-1.png, large], \n\t\t\t\t\t\t[https:\/\/www.skaala.com\/wp-content\/uploads\/2020\/05\/SKCF-414-1.png, xlarge]\"\n\t\t\t\t\t\t>\n\t\t\t<\/img>\n\t\t\t<\/div>\n\t\t\t\t<div class=\"grid-item product-info\">\n\t\t\t<h2>Skaala SKCF-414 EI15<\/h2>\n\t\t\t\t\t\t<div class=\"tags\">\n\t\t\t\t\t\t<\/div>\n\t\t\t<p><a class=\"button\" href=\"https:\/\/www.skaala.com\/fi\/kaikki-ovet\/skaala-skcfs-414-ei15\/\">Katso tiedot<\/a><\/p>\n\t\t<\/div>\n\t<\/div>\n<\/div>\n<div class=\"featured-product-block product-doors\">\n\t<div class=\"featured-product\">\n\t\t\t\t\t<div class=\"grid-item\">\n\t\t\t<img class=\"featured-item--image\"\n\t\t\t\t\t\tdata-interchange=\"\n\t\t\t\t\t\t[https:\/\/www.skaala.com\/wp-content\/uploads\/2020\/05\/SKCFS-410-1.png, small], \n\t\t\t\t\t\t[https:\/\/www.skaala.com\/wp-content\/uploads\/2020\/05\/SKCFS-410-1.png, medium], \n\t\t\t\t\t\t[https:\/\/www.skaala.com\/wp-content\/uploads\/2020\/05\/SKCFS-410-1.png, large], \n\t\t\t\t\t\t[https:\/\/www.skaala.com\/wp-content\/uploads\/2020\/05\/SKCFS-410-1.png, xlarge]\"\n\t\t\t\t\t\t>\n\t\t\t<\/img>\n\t\t\t<\/div>\n\t\t\t\t<div class=\"grid-item product-info\">\n\t\t\t<h2>Skaala SKCS-401 dB25<\/h2>\n\t\t\t\t\t\t<div class=\"tags\">\n\t\t\t\t\t\t<\/div>\n\t\t\t<p><a class=\"button\" href=\"https:\/\/www.skaala.com\/fi\/kaikki-ovet\/skaala-skcs-401-db25-aanieristysovi\/\">Katso tiedot<\/a><\/p>\n\t\t<\/div>\n\t<\/div>\n<\/div>\n<div class=\"featured-product-block product-doors\">\n\t<div class=\"featured-product\">\n\t\t\t\t\t<div class=\"grid-item\">\n\t\t\t<img class=\"featured-item--image\"\n\t\t\t\t\t\tdata-interchange=\"\n\t\t\t\t\t\t[https:\/\/www.skaala.com\/wp-content\/uploads\/2020\/05\/SKCFS-410-1.png, small], \n\t\t\t\t\t\t[https:\/\/www.skaala.com\/wp-content\/uploads\/2020\/05\/SKCFS-410-1.png, medium], \n\t\t\t\t\t\t[https:\/\/www.skaala.com\/wp-content\/uploads\/2020\/05\/SKCFS-410-1.png, large], \n\t\t\t\t\t\t[https:\/\/www.skaala.com\/wp-content\/uploads\/2020\/05\/SKCFS-410-1.png, xlarge]\"\n\t\t\t\t\t\t>\n\t\t\t<\/img>\n\t\t\t<\/div>\n\t\t\t\t<div class=\"grid-item product-info\">\n\t\t\t<h2>Skaala SKCS-402 dB30<\/h2>\n\t\t\t\t\t\t<div class=\"tags\">\n\t\t\t\t\t\t<\/div>\n\t\t\t<p><a class=\"button\" href=\"https:\/\/www.skaala.com\/fi\/kaikki-ovet\/skaala-skcs-402-db30-aanieristysovi\/\">Katso tiedot<\/a><\/p>\n\t\t<\/div>\n\t<\/div>\n<\/div>\n<div class=\"featured-product-block product-doors\">\n\t<div class=\"featured-product\">\n\t\t\t\t\t<div class=\"grid-item\">\n\t\t\t<img class=\"featured-item--image\"\n\t\t\t\t\t\tdata-interchange=\"\n\t\t\t\t\t\t[https:\/\/www.skaala.com\/wp-content\/uploads\/2020\/05\/SKCFS-410-1.png, small], \n\t\t\t\t\t\t[https:\/\/www.skaala.com\/wp-content\/uploads\/2020\/05\/SKCFS-410-1.png, medium], \n\t\t\t\t\t\t[https:\/\/www.skaala.com\/wp-content\/uploads\/2020\/05\/SKCFS-410-1.png, large], \n\t\t\t\t\t\t[https:\/\/www.skaala.com\/wp-content\/uploads\/2020\/05\/SKCFS-410-1.png, xlarge]\"\n\t\t\t\t\t\t>\n\t\t\t<\/img>\n\t\t\t<\/div>\n\t\t\t\t<div class=\"grid-item product-info\">\n\t\t\t<h2>Skaala SKCS-404 dB35<\/h2>\n\t\t\t\t\t\t<div class=\"tags\">\n\t\t\t\t\t\t<\/div>\n\t\t\t<p><a class=\"button\" href=\"https:\/\/www.skaala.com\/fi\/kaikki-ovet\/skaala-skcs-404-db35-aaneneristysovi\/\">Katso tiedot<\/a><\/p>\n\t\t<\/div>\n\t<\/div>\n<\/div>\n<\/div>\n<\/div>\n\n\n\n<div class=\"wp-block-custom-content-area custom-wrapper aligncenter has-red-background-color\"><div class=\"outer-wrap\">\t\n\t<div id=\"heading-block-block_5cedc8b5718324bcec58a4a19ed5063b\" class=\"heading-block\">\n\t\t<h4 ><span>Anna meid\u00e4n auttaa ja kysy rohkeasti neuvoa<\/span><\/h4>\t<\/div>\n\n\n<div id=\"cards-block_3294271d51e52eec33d499abbb36d4a7\" class=\"cards-block count-3\">\n<div id=\"cards-block_3294271d51e52eec33d499abbb36d4a7\" class=\"cards-block--card\">\n\t\t\t<div class=\"icon-block\" style=\"background-image: url('https:\/\/www.skaala.com\/wp-content\/themes\/skaala-2023\/dist\/assets\/images\/icons\/phone-call-gray.svg);\">\n\t\t<\/div>\n\t\t\t\t<h4>Puhelimitse<\/h4>\n\t\t\t\t\t<a href=\"tel: +358 10 835 4700\" class=\"button\" target=\"\"> +358 10 835 4700<\/a>\n\t\t<\/div>\n\t<div id=\"cards-block_3294271d51e52eec33d499abbb36d4a7\" class=\"cards-block--card\">\n\t\t\t<div class=\"icon-block\" style=\"background-image: url('https:\/\/www.skaala.com\/wp-content\/themes\/skaala-2023\/dist\/assets\/images\/icons\/users-gray.svg);\">\n\t\t<\/div>\n\t\t\t\t<h4>Chatissa<\/h4>\n\t\t\t\t<button id=\"injectbot\" onclick=\"DisplayBot()\" class=\"button\">Avaa chat<\/button>\n\t\t\t<\/div>\n\t<div id=\"cards-block_3294271d51e52eec33d499abbb36d4a7\" class=\"cards-block--card\">\n\t\t\t<div class=\"icon-block\" style=\"background-image: url('https:\/\/www.skaala.com\/wp-content\/themes\/skaala-2023\/dist\/assets\/images\/icons\/mail-gray.svg);\">\n\t\t<\/div>\n\t\t\t\t<h4>S\u00e4hk\u00f6postilla<\/h4>\n\t\t\t\t\t<a href=\"mailto:info@skaala.com\" class=\"button\" target=\"\">info@skaala.com<\/a>\n\t\t<\/div>\n\t<\/div>\n<\/div><\/div>\n\n\n<div class=\"featured-items-block block\">\n\t<div class=\"featured-item\">\n\t\t<div class=\"content-half has-dark-gray-background-color\">\n\t\t\t<div class=\"featured-item--content grid-item\">\n\t\t\t\t\t\t<a class=\"button button-large\" href=\"https:\/\/www.skaala.com\/fi\/ovet\/ovien-varustelu-ja-ominaisuudet\/\">Ovien varustelu ja ominaisuudet<\/a>\n\t\t\t\t\t\t<\/div>\n\t\t<\/div>\n\t\t\t\t<div class=\"featured-item--image grid-item\"\n\t\t\t\t\tdata-interchange=\"\n\t\t\t\t\t[https:\/\/www.skaala.com\/wp-content\/uploads\/2023\/05\/Skaalaautolasiovi-1024x683.jpg, small], \n\t\t\t\t\t[https:\/\/www.skaala.com\/wp-content\/uploads\/2023\/05\/Skaalaautolasiovi-1024x683.jpg, medium], \n\t\t\t\t\t[https:\/\/www.skaala.com\/wp-content\/uploads\/2023\/05\/Skaalaautolasiovi-1200x800.jpg, large], \n\t\t\t\t\t[https:\/\/www.skaala.com\/wp-content\/uploads\/2023\/05\/Skaalaautolasiovi-1536x1024.jpg, xlarge]\"\n\t\t\t\t\t>\n\t\t<\/div>\n\t\t\t<\/div>\n\t\t<div class=\"featured-item\">\n\t\t<div class=\"content-half has-dark-gray-background-color\">\n\t\t\t<div class=\"featured-item--content grid-item\">\n\t\t\t\t\t\t<a class=\"button button-large\" href=\"https:\/\/www.skaala.com\/fi\/ovet\/ovien-hoito-ja-huolto\/\">Ovien hoito ja huolto<\/a>\n\t\t\t\t\t\t<\/div>\n\t\t<\/div>\n\t\t\t\t<div class=\"featured-item--image grid-item\"\n\t\t\t\t\tdata-interchange=\"\n\t\t\t\t\t[https:\/\/www.skaala.com\/wp-content\/uploads\/2020\/05\/Skaalan-asennuspavelu-rajattu-1024x1180.jpg, small], \n\t\t\t\t\t[https:\/\/www.skaala.com\/wp-content\/uploads\/2020\/05\/Skaalan-asennuspavelu-rajattu-1024x1180.jpg, medium], \n\t\t\t\t\t[https:\/\/www.skaala.com\/wp-content\/uploads\/2020\/05\/Skaalan-asennuspavelu-rajattu-1200x1383.jpg, large], \n\t\t\t\t\t[https:\/\/www.skaala.com\/wp-content\/uploads\/2020\/05\/Skaalan-asennuspavelu-rajattu-1333x1536.jpg, xlarge]\"\n\t\t\t\t\t>\n\t\t<\/div>\n\t\t\t<\/div>\n\t\t<div class=\"featured-item\">\n\t\t<div class=\"content-half has-dark-gray-background-color\">\n\t\t\t<div class=\"featured-item--content grid-item\">\n\t\t\t\t\t\t<a class=\"button button-large\" href=\"https:\/\/www.skaala.com\/fi\/ota-yhteytta\/yhteystiedot\/\">Yhteystiedot &#8211; Etsitk\u00f6 myyj\u00e4\u00e4 alueellasi tai oikeaa yhteyshenkil\u00f6\u00e4 toimistolta?\u00a0<\/a>\n\t\t\t\t\t\t<\/div>\n\t\t<\/div>\n\t\t\t\t<div class=\"featured-item--image grid-item\"\n\t\t\t\t\tdata-interchange=\"\n\t\t\t\t\t[https:\/\/www.skaala.com\/wp-content\/uploads\/2023\/08\/Olohuoneenautoikkunat-1024x1536.jpg, small], \n\t\t\t\t\t[https:\/\/www.skaala.com\/wp-content\/uploads\/2023\/08\/Olohuoneenautoikkunat-1024x1536.jpg, medium], \n\t\t\t\t\t[https:\/\/www.skaala.com\/wp-content\/uploads\/2023\/08\/Olohuoneenautoikkunat-1200x1800.jpg, large], \n\t\t\t\t\t[https:\/\/www.skaala.com\/wp-content\/uploads\/2023\/08\/Olohuoneenautoikkunat-1024x1536.jpg, xlarge]\"\n\t\t\t\t\t>\n\t\t<\/div>\n\t\t\t<\/div>\n\t<\/div>\n\n\n\n<div class=\"wp-block-custom-content-area custom-wrapper alignleft has-light-blue-background-color\"><div class=\"outer-wrap\">\t\n\t<div id=\"heading-block-block_a8fe2569e5e3435be564867746a4a128\" class=\"heading-block\">\n\t\t<h2 ><span>Tutustu tarkemmin<\/span><\/h2>\t<\/div>\n\n\n\n<a href=\"https:\/\/www.skaala.com\/fi\/ovet\/palo-ovet\/\" \nid=\"button-block-block_dd04c75bf9241a69cb5f5f20a8c47312\" \nclass=\"button-block button\"\ntarget=\"\"\n>Palo-ovet<\/a>\n\n\n\n\n<a href=\"https:\/\/www.skaala.com\/fi\/ovet\/aanieristetty-ovi\/\" \nid=\"button-block-block_8274675f6cdef0fee23963bcc7755f55\" \nclass=\"button-block button\"\ntarget=\"\"\n>\u00c4\u00e4nieristetty ovi<\/a>\n\n<\/div><\/div>\n","protected":false},"excerpt":{"rendered":"","protected":false},"author":5,"featured_media":0,"parent":1079,"menu_order":0,"comment_status":"closed","ping_status":"closed","template":"","meta":{"_acf_changed":false,"inline_featured_image":false,"footnotes":""},"class_list":["post-219","page","type-page","status-publish","hentry"],"acf":[],"_links":{"self":[{"href":"https:\/\/www.skaala.com\/fi\/wp-json\/wp\/v2\/pages\/219","targetHints":{"allow":["GET"]}}],"collection":[{"href":"https:\/\/www.skaala.com\/fi\/wp-json\/wp\/v2\/pages"}],"about":[{"href":"https:\/\/www.skaala.com\/fi\/wp-json\/wp\/v2\/types\/page"}],"author":[{"embeddable":true,"href":"https:\/\/www.skaala.com\/fi\/wp-json\/wp\/v2\/users\/5"}],"replies":[{"embeddable":true,"href":"https:\/\/www.skaala.com\/fi\/wp-json\/wp\/v2\/comments?post=219"}],"version-history":[{"count":82,"href":"https:\/\/www.skaala.com\/fi\/wp-json\/wp\/v2\/pages\/219\/revisions"}],"predecessor-version":[{"id":19583,"href":"https:\/\/www.skaala.com\/fi\/wp-json\/wp\/v2\/pages\/219\/revisions\/19583"}],"up":[{"embeddable":true,"href":"https:\/\/www.skaala.com\/fi\/wp-json\/wp\/v2\/pages\/1079"}],"wp:attachment":[{"href":"https:\/\/www.skaala.com\/fi\/wp-json\/wp\/v2\/media?parent=219"}],"curies":[{"name":"wp","href":"https:\/\/api.w.org\/{rel}","templated":true}]}}