{"id":22593,"date":"2024-10-07T10:47:11","date_gmt":"2024-10-07T07:47:11","guid":{"rendered":"https:\/\/www.skaala.com\/?page_id=22593"},"modified":"2026-03-17T12:51:02","modified_gmt":"2026-03-17T10:51:02","slug":"arvo-ikkuna-on-tyylikas-ja-energiatehokas","status":"publish","type":"page","link":"https:\/\/www.skaala.com\/fi\/arvo-ikkuna-on-tyylikas-ja-energiatehokas\/","title":{"rendered":"Arvo-piilosaranaikkunat"},"content":{"rendered":"\n\t<header class=\"featured-hero custom\" role=\"banner\" data-interchange=\"\n\t\t[https:\/\/www.skaala.com\/wp-content\/uploads\/2024\/10\/Arvoikkuna-auki-1280x400.jpg, small],\n\t\t[https:\/\/www.skaala.com\/wp-content\/uploads\/2024\/10\/Arvoikkuna-auki-1280x400.jpg,medium],\n\t\t[https:\/\/www.skaala.com\/wp-content\/uploads\/2024\/10\/Arvoikkuna-auki-1440x400.jpg, large],\n\t\t[https:\/\/www.skaala.com\/wp-content\/uploads\/2024\/10\/Arvoikkuna-auki-1920x400.jpg, xlarge]\">\n\t\t\t<h1>Arvo-piilosaranaikkunat<\/h1>\n\t<\/header>\n\t\n\n\n<div class=\"wp-block-custom-content-area custom-wrapper alignleft has-light-blue-background-color\"><div class=\"outer-wrap\">\n<div id=\"text-block-block_783e378b5e5ec9dd335fe4d59a05820d\" class=\"text-block\">\n\t\t\t<p>Skaalan Arvo-ikkunat ovat energiatehokas ja tyylik\u00e4s valinta kotiisi! Suositusta Arvo-mallistosta l\u00f6ytyy t\u00e4ll\u00e4 hetkell\u00e4 kaksi eri ikkunamallia: Arvo+- ja Arvo-ikkunat. Tyylikk\u00e4\u00e4n ulkon\u00e4\u00f6n lis\u00e4ksi Arvo-ikkunoiden ylivertainen k\u00e4ytt\u00f6mukavuus helpottaa arkeasi!<\/p>\n\t<\/div>\n\n\n\n\n<a href=\"https:\/\/www.skaala.com\/fi\/ota-yhteytta\/\" \nid=\"button-block-block_027cdbc8da46fadf511ed723da8d2e78\" \nclass=\"button-block button\"\ntarget=\"_blank\"\n>Ota yhteytt\u00e4 ja kysy lis\u00e4\u00e4!<\/a>\n\n\n\n\n<div id=\"text-block-block_ef164266bba0ab0839ac7f548b6b488e\" class=\"text-block\">\n\t<\/div>\n\n\n\n\n<div class=\"wp-block-custom-inner-columns has-two-columns custom-columns\"><div class=\"outer-wrap\">\n<div class=\"wp-block-custom-custom-column custom-column\"><div class=\"inner-wrap\">\t\n\t<div id=\"heading-block-block_e187da594b78384ab1b40ccb4063394a\" class=\"heading-block\">\n\t\t<h3 ><span>Arvo<\/span><\/h3>\t<\/div>\n\n\n\n<div id=\"text-block-block_aa44cd9b20ea835ddcd1bff892da0d93\" class=\"text-block\">\n\t\t\t<ul>\n<li>Hyv\u00e4 energiatehokkuus U-arvon ollessa 0,77 (Rakennusm\u00e4\u00e4r\u00e4ysten standardi U-arvo on 1,0)*<\/li>\n<li>2+1 lasinen rakenne<\/li>\n<li>Mahdollistaa my\u00f6s isommat lasikoot<\/li>\n<\/ul>\n\t<\/div>\n\n<\/div><\/div>\n\n\n\n<div class=\"wp-block-custom-custom-column custom-column\"><div class=\"inner-wrap\">\t\n\t<div id=\"heading-block-block_f5a93d07b4f1737484758c83fdb3a5a6\" class=\"heading-block\">\n\t\t<h3 ><span>Arvo+<\/span><\/h3>\t<\/div>\n\n\n\n<div id=\"text-block-block_3d0d16ce9d6a8a5d3da101cd9b3e3854\" class=\"text-block\">\n\t\t\t<ul>\n<li>Markkinoiden energiatehokkain 3+1-rakenteen ikkuna (U-arvo vain 0,57)<\/li>\n<li>3+1 lasinen rakenne<\/li>\n<li>Arvo+-ikkunat sopivat loistavasti moniin Pohjoismaisiin koteihin optimaalisen eristyskykyns\u00e4 ansiosta<\/li>\n<\/ul>\n\t<\/div>\n\n<\/div><\/div>\n<\/div><\/div>\n\n\n\n<div id=\"text-block-block_f95594055dccbb7e9756e5344166f58d\" class=\"text-block\">\n\t\t\t<p><em>* U-arvo eli l\u00e4mm\u00f6nl\u00e4p\u00e4isykerroin ilmaisee rakennusosien, kuten seinien ja ikkunoiden, l\u00e4mm\u00f6neristyskyvyn. Mit\u00e4 parempi U-arvo, sit\u00e4 paremmin ikkuna erist\u00e4\u00e4 l\u00e4mp\u00f6\u00e4.<\/em><\/p>\n\t<\/div>\n\n<\/div><\/div>\n\n\n\n<div class=\"wp-block-custom-divider-image has-none-overlay divider-image-medium has-background-image\" style=\"background-image:url(https:\/\/www.skaala.com\/wp-content\/uploads\/2025\/12\/Nettiresoluutio_E5A3739.jpg)\"><\/div>\n\n\n\n<div class=\"wp-block-custom-content-area custom-wrapper alignleft has-light-blue-background-color\"><div class=\"outer-wrap\">\t\n\t<div id=\"heading-block-block_33342e2992a4cbd53723d27076e44fc2\" class=\"heading-block\">\n\t\t<h2 ><span>Arvo-mallisto on kehitetty asiakkaiden toiveiden pohjalta<\/span><\/h2>\t<\/div>\n\n\n\n<div id=\"text-block-block_0d8f898719a8f615872d381bf11fdfac\" class=\"text-block\">\n\t\t\t<p>Arvo-mallisto sai alkunsa Arvo+-ikkunasta. N\u00e4in toimitusjohtajamme <strong>Antti Hautapakka<\/strong> kertoo Arvo+-ikkunan kehityksest\u00e4:<\/p>\n<p>&nbsp;<\/p>\n<p><em>\u2013 Kysymme markkinasta jatkuvasti asiakaspalautetta ja toiveita tuotteiden ominaisuuksille. Tarve energiatehokkaan, tyylikk\u00e4\u00e4n ja k\u00e4ytt\u00e4j\u00e4yst\u00e4v\u00e4llisen Arvo+-ikkunan kehitykselle nousi puhtaasti asiakkailta. Tuotekehityksen taustalla on oma tuotekehitystiimimme sek\u00e4 koko konsernin tuki, Hautapakka kertoo.<\/em><\/p>\n\t<\/div>\n\n\n\n\n<div id=\"text-block-block_ee769209d953ce4c5e1721d6aa4752b9\" class=\"text-block\">\n\t\t\t<p><script type=\"text\/javascript\" async src=\"https:\/\/bot.leadoo.com\/bot\/inpage.js?code=007a9caf#seamless\"><span data-mce-type=\"bookmark\" style=\"display: inline-block; width: 0px; overflow: hidden; line-height: 0;\" class=\"mce_SELRES_start\">\ufeff<\/span><span data-mce-type=\"bookmark\" style=\"display: inline-block; width: 0px; overflow: hidden; line-height: 0;\" class=\"mce_SELRES_start\">\ufeff<\/span><\/script><\/p>\n\t<\/div>\n\n<\/div><\/div>\n\n\n\n<div class=\"wp-block-custom-divider-image has-none-overlay divider-image-medium has-background-image\" style=\"background-image:url(https:\/\/www.skaala.com\/wp-content\/uploads\/2025\/12\/Nettiresoluutio_E5A3697-HDR.jpg)\"><\/div>\n\n\n\n<div class=\"wp-block-custom-content-area custom-wrapper alignleft has-light-blue-background-color\"><div class=\"outer-wrap\">\t\n\t<div id=\"heading-block-block_20881ebdd45bfc7b20e72c2322bbcdf8\" class=\"heading-block\">\n\t\t<h2 ><span>Arvo-mallistossa yhdistyy nelj\u00e4 edistyksellist\u00e4 ominaisuutta<\/span><\/h2>\t<\/div>\n\n\n\n<div class=\"wp-block-custom-inner-columns has-two-columns custom-columns\"><div class=\"outer-wrap\">\n<div class=\"wp-block-custom-custom-column custom-column\"><div class=\"inner-wrap\">\t\n\t<div id=\"heading-block-block_bec859d792fb96a809034e858d26d18d\" class=\"heading-block\">\n\t\t<h3 ><span>1. Kest\u00e4v\u00e4t patentoidut piilosaranat<\/span><\/h3>\t<\/div>\n\n\n\n<div id=\"text-block-block_7c918c4266866819e0bfffff4a0cfcc3\" class=\"text-block\">\n\t\t\t<p>Arvo-ikkunat ovat oikea valinta, jos arvostat tyylik\u00e4st\u00e4 ulkoasua! Piilosaranoiden ansiosta ikkunan sis\u00e4puitteessa ei n\u00e4y saranoita tai peitekilpi\u00e4.<\/p>\n<p>&nbsp;<\/p>\n<p><em>Skaalan patentoitu ja ikkunan tiivist\u00e4v\u00e4 piilosaranaratkaisu on tehty suoraan ikkunarakenteeseen!<\/em><\/p>\n<p>&nbsp;<\/p>\n<p>Piilosaranat helpottavat my\u00f6s ikkunan puhdistusta, sill\u00e4 saranat ovat nimens\u00e4 mukaisesti piilossa karmien sis\u00e4ll\u00e4. Karmit ja puitteet on n\u00e4in helppo pyyhk\u00e4ist\u00e4 puhtaaksi ja ikkunat s\u00e4ilyv\u00e4t siistiss\u00e4 kunnossa. Piilosaranat my\u00f6s s\u00e4ilytt\u00e4v\u00e4t ryhtins\u00e4 vuosikymmeni\u00e4.<\/p>\n\t<\/div>\n\n<\/div><\/div>\n\n\n\n<div class=\"wp-block-custom-custom-column custom-column\"><div class=\"inner-wrap\">\t\n\t<div id=\"heading-block-block_58675e0927fc4a72aed615cc0a5edfaa\" class=\"heading-block\">\n\t\t<h3 ><span>2. Yhden painikkeen lukitus<\/span><\/h3>\t<\/div>\n\n\n\n<div id=\"text-block-block_46d31e2d7bd0f0e84e88b93edc51ac99\" class=\"text-block\">\n\t\t\t<p>Arvo-ikkunat avautuvat ja sulkeutuvat poikkeuksellisen vaivattomasti. Niiden keh\u00e4rakenteinen lukitusmekanismi toimii yhdell\u00e4 ainoalla painikkeella, mik\u00e4 tekee k\u00e4yt\u00f6st\u00e4 helppoa.<\/p>\n<p>&nbsp;<\/p>\n<p>Toisin kuin perinteisiss\u00e4 ikkunoissa, joissa jokainen lukitus on avattava erikseen, Arvo-ikkunoissa kaikki lukituspisteet vapautuvat ja lukittuvat yhdell\u00e4 liikkeell\u00e4. N\u00e4in ikkuna avautuu pehme\u00e4sti, eik\u00e4 yksik\u00e4\u00e4n lukitus j\u00e4\u00e4 vahingossa auki.<\/p>\n<p>&nbsp;<\/p>\n<p>Lis\u00e4ksi keh\u00e4rakenne varmistaa, ett\u00e4 suuretkin ikkunat sulkeutuvat tiiviisti ja s\u00e4ilytt\u00e4v\u00e4t erinomaisen energiatehokkuutensa.<\/p>\n\t<\/div>\n\n<\/div><\/div>\n<\/div><\/div>\n\n\n\n<div class=\"wp-block-custom-inner-columns has-two-columns custom-columns\"><div class=\"outer-wrap\">\n<div class=\"wp-block-custom-custom-column custom-column\"><div class=\"inner-wrap\">\t\n\t<div id=\"heading-block-block_34ea5fa2d5d2ffe487c1fa7cba721bb2\" class=\"heading-block\">\n\t\t<h3 ><span>3. Energiatehokas rakenne<\/span><\/h3>\t<\/div>\n\n\n\n<div id=\"text-block-block_2a3abe228fa1d32a85e99a6afea863d0\" class=\"text-block\">\n\t\t\t<p>Arvo-malliston energiatehokkuus on huippuluokkaa. Arvo+-ikkunan u-arvo on vain 0,57 siin\u00e4 miss\u00e4 rakentamism\u00e4\u00e4r\u00e4ysten mukainen standardi on 1,0. Lis\u00e4ksi ikkunoissa on tehokkaasti \u00e4\u00e4nt\u00e4 vaimentava lasi sek\u00e4 korkea auringonsuoja, joiden ansiosta kodin asuinmukavuus paranee ja viilennystarve pienenee.<\/p>\n<p>&nbsp;<\/p>\n<p>Arvo-ikkunoissa on korkealaatuinen puualumiinirakenne sek\u00e4 vuosikymmeni\u00e4 kest\u00e4v\u00e4t alumiiniset ulkopuitteet. Alumiini sopii t\u00e4ydellisesti Suomen vaihteleviin s\u00e4\u00e4olosuhteisiin.<\/p>\n<p>&nbsp;<\/p>\n<p>Ikkunoiden sis\u00e4puitteet on valmistettu sormijatketusta PEFC-sertifioidusta oksattomasta puusta. Siksi Arvo-ikkunat ovat paitsi kest\u00e4v\u00e4 ja energiatehokas, mutta my\u00f6s n\u00e4ytt\u00e4v\u00e4 valinta.<\/p>\n\t<\/div>\n\n<\/div><\/div>\n\n\n\n<div class=\"wp-block-custom-custom-column custom-column\"><div class=\"inner-wrap\">\t\n\t<div id=\"heading-block-block_bdeba5d586b0ad3bf3ed3a4c137eed4b\" class=\"heading-block\">\n\t\t<h3 ><span>4. Monipuoliset lis\u00e4varusteet<\/span><\/h3>\t<\/div>\n\n\n\n<div id=\"text-block-block_72c4d3147c9ecd52a4da531b63ad6c21\" class=\"text-block\">\n\t\t\t<p>Kaikki Skaalan ikkunat, my\u00f6s Arvo-ikkunat, tehd\u00e4\u00e4n mittatilausty\u00f6n\u00e4. N\u00e4in voit olla varma, ett\u00e4 saat t\u00e4ydellisen tiiviit ikkunat kotiisi.<\/p>\n<p>&nbsp;<\/p>\n<p>Ikkunoihin on valittavissa lis\u00e4varusteet tarpeidesi mukaan. Suosittelemme valitsemaan Arvo-ikkunoiden kanssa Sani-automaattikaihtimet sek\u00e4 tyylikk\u00e4\u00e4n Suvi-raitisilmaventtiilin.<\/p>\n\t<\/div>\n\n<\/div><\/div>\n<\/div><\/div>\n\n\n\n<a href=\"https:\/\/www.skaala.com\/fi\/ota-yhteytta\/pyyda-tarjous\/\" \nid=\"button-block-block_f781e51c3f42c3e27386dbce2b3306bc\" \nclass=\"button-block button\"\ntarget=\"_blank\"\n>J\u00e4t\u00e4 tarjouspyynt\u00f6 helposti t\u00e4st\u00e4<\/a>\n\n<\/div><\/div>\n\n\n\n\n<div id=\"text-image-block_fb28ff4f017f6d30ad1ffaae183b4b20\" class=\"text-image-block\">\n\t<div class=\"text-image-wrapper\">\n\t\t<div class=\"grid-order-1 image-wrapper\" >\n\t\t\t<img decoding=\"async\" width=\"2443\" height=\"1679\" src=\"https:\/\/www.skaala.com\/wp-content\/uploads\/2025\/02\/Suvi-venttiili-auki-www.jpg\" class=\"\" alt=\"\" srcset=\"https:\/\/www.skaala.com\/wp-content\/uploads\/2025\/02\/Suvi-venttiili-auki-www.jpg 2443w, https:\/\/www.skaala.com\/wp-content\/uploads\/2025\/02\/Suvi-venttiili-auki-www-300x206.jpg 300w, https:\/\/www.skaala.com\/wp-content\/uploads\/2025\/02\/Suvi-venttiili-auki-www-1024x704.jpg 1024w, https:\/\/www.skaala.com\/wp-content\/uploads\/2025\/02\/Suvi-venttiili-auki-www-768x528.jpg 768w, https:\/\/www.skaala.com\/wp-content\/uploads\/2025\/02\/Suvi-venttiili-auki-www-101x69.jpg 101w, https:\/\/www.skaala.com\/wp-content\/uploads\/2025\/02\/Suvi-venttiili-auki-www-1536x1056.jpg 1536w, https:\/\/www.skaala.com\/wp-content\/uploads\/2025\/02\/Suvi-venttiili-auki-www-2048x1408.jpg 2048w, https:\/\/www.skaala.com\/wp-content\/uploads\/2025\/02\/Suvi-venttiili-auki-www-640x440.jpg 640w, https:\/\/www.skaala.com\/wp-content\/uploads\/2025\/02\/Suvi-venttiili-auki-www-1200x825.jpg 1200w, https:\/\/www.skaala.com\/wp-content\/uploads\/2025\/02\/Suvi-venttiili-auki-www-1920x1320.jpg 1920w\" sizes=\"(max-width: 639px) 98vw, (max-width: 1199px) 64vw, 770px\" \/>\t\t<\/div>\n\t\t<div class=\"text-wrapper  grid-order-2  \">\n\t\t\t\t\t\t\t<h2>Suvi-raitisilmaventtiili<\/h2>\n\t\t\t\t\t\t\t\t\t\t<div><p>Voit yhdist\u00e4\u00e4 Arvo-malliston ikkunoihin my\u00f6s tarvittavat lis\u00e4varusteet! Esimerkiksi tyylikk\u00e4\u00e4ll\u00e4 designilla viimeistelty Suvi-raitisilmaventtiili on kehitetty asiakkaidemme toiveesta.<\/p>\n<p>&nbsp;<\/p>\n<p>\u2013 Asiakkailtamme nousi selke\u00e4 tarve designiltaan tyylikk\u00e4\u00e4lle raitisilmaventtiilille, sill\u00e4 perinteiset raitisilmaventtiilit eiv\u00e4t yleens\u00e4 ole sisustuksellisesti kaikista edustavimpia, Hautapakka kertoo.<\/p>\n<p>&nbsp;<\/p>\n<p>Suvi-raitisilmaventtiili ei pelk\u00e4st\u00e4\u00e4n n\u00e4yt\u00e4 hyv\u00e4lt\u00e4, sill\u00e4 se on my\u00f6s teknologisesti edistyksellinen tuote. Raitisilmaventtiilin rakenne varmistaa, ett\u00e4 sis\u00e4lle p\u00e4\u00e4see hallitusti oikea m\u00e4\u00e4r\u00e4 raitista ilmaa.<\/p>\n<p>&nbsp;<\/p>\n<p>Suvi-raitisilmaventtiilin ilmam\u00e4\u00e4r\u00e4t tuo sis\u00e4lle raitista ilmaa hallitusti ja huomaamattomasti.<\/p>\n<\/div>\n\t\t\t\t\t\t\t\t\t\t<a class=\"button\" href=\"https:\/\/www.skaala.com\/fi\/ikkunat\/lisavarusteet\/\" target=\"_blank\">Katso kaikki saatavilla olevat lis\u00e4varusteet<\/a>\n\t\t\t\t\t<\/div>\n\t<\/div>\n\n<\/div>\n\n\n\n\n\n<div class=\"wp-block-custom-content-area custom-wrapper alignleft has-light-blue-background-color\"><div class=\"outer-wrap\">\t\n\t<div id=\"heading-block-block_098ee06b90458e7f673235b28914a3da\" class=\"heading-block\">\n\t\t<h2 ><span>Kysy lis\u00e4\u00e4 ja pyyd\u00e4 tarjous Skaalalta!<\/span><\/h2>\t<\/div>\n\n\n\n<div id=\"text-block-block_7cd129a875f1e38504e34ae61c8f70de\" class=\"text-block\">\n\t\t\t<p>Oletpa sitten remontoimassa tai rakentamassa taloa, Skaalan Arvo-mallistolla saat sek\u00e4 tyylikk\u00e4\u00e4t ett\u00e4 toimivat ikkunat kotiisi!<\/p>\n<p>&nbsp;<\/p>\n<p>Skaala-kauppiaat auttavat mielell\u00e4\u00e4n arvioimaan uusien ikkunoiden hintaa tarpeidesi pohjalta. Yhteydenotto ei koskaan sido mihink\u00e4\u00e4n!<\/p>\n<p>&nbsp;<\/p>\n<p>Tule tutustumaan uutuuksiin <a href=\"https:\/\/www.skaala.com\/fi\/skaala-showroom\/\">Skaalan showroomeille Vantaalle, Tampereelle, Ouluun tai Mikkeliin<\/a> tai <a href=\"https:\/\/www.skaala.com\/fi\/ota-yhteytta\/pyyda-tarjous\/\">pyyd\u00e4 tarjous<\/a> l\u00e4himm\u00e4lt\u00e4 Skaala-kauppiaaltasi!<\/p>\n\t<\/div>\n\n\n\n\n<div id=\"text-block-block_36ffa047922274e1eae27565eaca9add\" class=\"text-block\">\n\t\t\t<p><script type=\"text\/javascript\" async src=\"https:\/\/bot.leadoo.com\/bot\/visual.js?code=261d7cc8#seamless\"><span data-mce-type=\"bookmark\" style=\"display: inline-block; width: 0px; overflow: hidden; line-height: 0;\" class=\"mce_SELRES_start\">\ufeff<\/span><\/script><\/p>\n\t<\/div>\n\n<\/div><\/div>\n","protected":false},"excerpt":{"rendered":"","protected":false},"author":5,"featured_media":0,"parent":0,"menu_order":0,"comment_status":"closed","ping_status":"closed","template":"","meta":{"_acf_changed":false,"inline_featured_image":false,"footnotes":""},"class_list":["post-22593","page","type-page","status-publish","hentry"],"acf":[],"_links":{"self":[{"href":"https:\/\/www.skaala.com\/fi\/wp-json\/wp\/v2\/pages\/22593","targetHints":{"allow":["GET"]}}],"collection":[{"href":"https:\/\/www.skaala.com\/fi\/wp-json\/wp\/v2\/pages"}],"about":[{"href":"https:\/\/www.skaala.com\/fi\/wp-json\/wp\/v2\/types\/page"}],"author":[{"embeddable":true,"href":"https:\/\/www.skaala.com\/fi\/wp-json\/wp\/v2\/users\/5"}],"replies":[{"embeddable":true,"href":"https:\/\/www.skaala.com\/fi\/wp-json\/wp\/v2\/comments?post=22593"}],"version-history":[{"count":68,"href":"https:\/\/www.skaala.com\/fi\/wp-json\/wp\/v2\/pages\/22593\/revisions"}],"predecessor-version":[{"id":27904,"href":"https:\/\/www.skaala.com\/fi\/wp-json\/wp\/v2\/pages\/22593\/revisions\/27904"}],"wp:attachment":[{"href":"https:\/\/www.skaala.com\/fi\/wp-json\/wp\/v2\/media?parent=22593"}],"curies":[{"name":"wp","href":"https:\/\/api.w.org\/{rel}","templated":true}]}}