{"id":2380,"date":"2020-05-11T09:28:14","date_gmt":"2020-05-11T06:28:14","guid":{"rendered":"https:\/\/www.skaala.com\/?page_id=2380"},"modified":"2025-05-16T08:24:55","modified_gmt":"2025-05-16T05:24:55","slug":"liukuovien-hoito-ja-huolto","status":"publish","type":"page","link":"https:\/\/www.skaala.com\/fi\/ovet\/liukuovet\/liukuovien-hoito-ja-huolto\/","title":{"rendered":"Liukuovien hoito ja huolto"},"content":{"rendered":"\n\t<header class=\"featured-hero custom\" role=\"banner\" data-interchange=\"\n\t\t[https:\/\/www.skaala.com\/wp-content\/uploads\/2023\/08\/Lasiliukuovi-1280x400.jpg, small],\n\t\t[https:\/\/www.skaala.com\/wp-content\/uploads\/2023\/08\/Lasiliukuovi-1280x400.jpg,medium],\n\t\t[https:\/\/www.skaala.com\/wp-content\/uploads\/2023\/08\/Lasiliukuovi-1440x400.jpg, large],\n\t\t[https:\/\/www.skaala.com\/wp-content\/uploads\/2023\/08\/Lasiliukuovi-1920x400.jpg, xlarge]\">\n\t\t\t<h1>Liukuovien hoito ja huolto<\/h1>\n\t<\/header>\n\t\n\n\n<div class=\"wp-block-custom-content-area custom-wrapper alignleft has-light-blue-background-color\"><div class=\"outer-wrap\">\t\n\t<div id=\"heading-block-block_a3a1852c0a5b299f1496963c0277e296\" class=\"heading-block\">\n\t\t<h2 ><span>liukuovien s\u00e4\u00e4nn\u00f6llinen puhdistus kannattaa<\/span><\/h2>\t<\/div>\n\n\n\n<div id=\"text-block-block_6bbbc39e361b82823f001b782b1686f0\" class=\"text-block\">\n\t\t\t<p><strong>Tarkista liukuovesi kunto ja toimivuus s\u00e4\u00e4nn\u00f6llisesti. Pienell\u00e4 huollolla pid\u00e4t ovet moitteettomassa toimintakunnossa ja p\u00e4\u00e4set nauttimaan lasiliukuovestasi pitk\u00e4\u00e4n.<\/strong><\/p>\n\t<\/div>\n\n\n\n\n<a href=\"https:\/\/www.skaala.com\/ovet\/liukuovet\/\" \nid=\"button-block-block_c9a875b682e975f64ebc8158f04f1f17\" \nclass=\"button-block button\"\ntarget=\"\"\n>Tutustu liukuovivalikoimaan<\/a>\n\n\n\n\n<div id=\"text-block-block_a798f7a0db8f56dea5e9e9de016603f0\" class=\"text-block\">\n\t\t\t<p>Skaalan lasiliukuovet on suunniteltu v\u00e4h\u00e4n hoitoa vaativiksi, mutta luonnollisesti ilmasto-olosuhteet sek\u00e4 rakenteelliset seikat, kuten rakennuksen ik\u00e4 ja sein\u00e4materiaali, vaikuttavat tuotteiden huoltotarpeeseen.<\/p>\n<p>Hoitamalla ja huoltamalla liukuovet s\u00e4\u00e4nn\u00f6llisesti edist\u00e4t tuotteiden h\u00e4iri\u00f6t\u00f6nt\u00e4 toimintaa ja pidenn\u00e4t niiden k\u00e4ytt\u00f6ik\u00e4\u00e4. Perusyll\u00e4pidoksi riitt\u00e4\u00e4 pesu ja liukukiskojen imurointi. T\u00e4rkeint\u00e4 on tarkistaa, ett\u00e4 kiskoihin ei j\u00e4\u00e4 esimerkiksi pieni\u00e4 kivi\u00e4, jotka haittaavat ovien esteet\u00f6nt\u00e4 liukumista.<\/p>\n<p>Takuu on voimassa, jos tuote on asennettu ja hoidettu Skaalan ohjeiden mukaisesti.<\/p>\n\t<\/div>\n\n<\/div><\/div>\n\n\n\n<div class=\"wp-block-custom-content-area custom-wrapper alignleft has-light-blue-background-color\"><div class=\"outer-wrap\">\t\n\t<div id=\"heading-block-block_9e4e8b867c4e75b4a824b9d96dab14c6\" class=\"heading-block\">\n\t\t<h2 ><span>Liukuovien alumiinipinnat  \u2013 pese s\u00e4\u00e4nn\u00f6llisesti<\/span><\/h2>\t<\/div>\n\n\n\n<div id=\"text-block-block_8fe068076da701a141ba1a89e1262c2e\" class=\"text-block\">\n\t\t\t<p><a href=\"https:\/\/www.skaala.com\/kaikki-ovet\/skaala-hebe\/\">Liukuovien<\/a> alumiinipinnoilla tarkoitetaan rakennuksen ulkopuolella olevia osia.<\/p>\n\t<\/div>\n\n\n\n\t\n\t<div id=\"heading-block-block_faff14e80b808220c0e4ec1ab1e49b97\" class=\"heading-block\">\n\t\t<h3 ><span>N\u00e4in huollat liukuoven alumiinipinnat:<\/span><\/h3>\t<\/div>\n\n\n\n<div id=\"text-block-block_0c577d400ae0ac9622477e62de8a0e10\" class=\"text-block\">\n\t\t\t<ul>\n<li>Alumiiniset ulkopinnat ovat l\u00e4hes huoltovapaat.<\/li>\n<li>Pese pinnat s\u00e4\u00e4nn\u00f6llisesti. Riitt\u00e4v\u00e4 pesu on v\u00e4ltt\u00e4m\u00e4t\u00f6n v\u00e4hint\u00e4\u00e4n kerran vuodessa.<\/li>\n<li>Tarkista liukukiskojen kunto ja siisteys s\u00e4\u00e4nn\u00f6llisesti, ja imuroi tarvittaessa irtoroskat pois.<\/li>\n<\/ul>\n\t<\/div>\n\n\n\n\t\n\t<div id=\"heading-block-block_e19aaa390912f46c86204f2b42df6068\" class=\"heading-block\">\n\t\t<h3 ><span>Lasin hoito \u2013 puhdista oikeilla aineilla<\/span><\/h3>\t<\/div>\n\n\n\n<div id=\"text-block-block_6659654130897582a483155d8f95fe6b\" class=\"text-block\">\n\t\t\t<p>Liukuovessa on vakiolasituksena kolmilasinen turvalasi. Sisimm\u00e4ss\u00e4 ja keskimm\u00e4isess\u00e4 lasissa on energiatehokas selektiivipinnoite. Pinnoite heijastaa sis\u00e4ll\u00e4 olevan l\u00e4mm\u00f6n takaisin, eli se est\u00e4\u00e4 l\u00e4mp\u00f6\u00e4 karkaamasta. Uloimmassa lasissa on huurtumaton FrostFree-pinnoite.<\/p>\n\t<\/div>\n\n\n\n\t\n\t<div id=\"heading-block-block_81f8c9b21e792ee1449561377f9c5b38\" class=\"heading-block\">\n\t\t<h3 ><span>N\u00e4in huollat liukuoven lasipinnat:<\/span><\/h3>\t<\/div>\n\n\n\n<div id=\"text-block-block_ea243c8b23784a16c200eb5c2f082016\" class=\"text-block\">\n\t\t\t<ul>\n<li>K\u00e4yt\u00e4 mietoja pesuaineita.<\/li>\n<li>Vaikeat tahrat, jotka eiv\u00e4t l\u00e4hde normaaleilla pesuaineilla, kannattaa poistaa varovasti lasikaapimella.<\/li>\n<li>Liiman, maalin tai vastaavan lian poistamiseen kannattaa k\u00e4ytt\u00e4\u00e4 ksyleeni\u00e4, jota myyd\u00e4\u00e4n esimerkiksi maalikaupoissa ja hyvin varustelluissa tavarataloissa. My\u00f6s asetoni, esimerkiksi kynsilakanpoistoaine, irrottaa maalia tehokkaasti.<\/li>\n<li>\u00c4l\u00e4 pese puu- ja alumiiniosien maalipintoja voimakkailla aineilla. Lasia puhdistettaessa on varottava esimerkiksi ksyleenin tai asetonin valumista maalipinnoille.<\/li>\n<li>Liuottimien k\u00e4yt\u00f6n j\u00e4lkeen on ikkuna pest\u00e4v\u00e4 uudelleen miedolla pesuaineella ja vedell\u00e4.<\/li>\n<li>Lasin pinnalle rakennusvaiheessa kiinnittynyt tasoitemateriaali\/betoni on puhdistettava viipym\u00e4tt\u00e4. Puhdistus tulee tehd\u00e4 aina runsaalla vedell\u00e4, miedolla em\u00e4ksisell\u00e4 pesuaineliuoksella tai ksyleenill\u00e4 liottamalla.<\/li>\n<li>\u00c4l\u00e4 hankaa tai yrit\u00e4 irrottaa likaa kuivana.<\/li>\n<\/ul>\n\t<\/div>\n\n\n\n\t\n\t<div id=\"heading-block-block_28389861b4f5434c89aae0b9162c765d\" class=\"heading-block\">\n\t\t<h3 ><span>Pinnoitetun lasin hoitamisessa ja puhdistamisessa huomioitavaa <\/span><\/h3>\t<\/div>\n\n\n\n<div id=\"text-block-block_7c4ff69750c598ae5a5ce07f7b19311c\" class=\"text-block\">\n\t\t\t<p>Pinnoitetulla lasilla tarkoitetaan itsepuhdistuvaa Activ-lasia, K-lasia (selektiivi) ja FrostFree-lasia.<\/p>\n<ul>\n<li>V\u00e4lt\u00e4 kovapintaisia puhdistusv\u00e4lineit\u00e4, kuten kaapimia tai ter\u00e4svillaa. Kaikenlainen lasin mekaaninen hankaaminen voi johtaa korjaamattomaan pinnan vaurioitumiseen.<\/li>\n<li>V\u00e4lt\u00e4 kaikkea kontaktia lasin ja metalliesineiden v\u00e4lill\u00e4.<\/li>\n<li>V\u00e4lt\u00e4 kaikkien sellaisten kemikaalien k\u00e4ytt\u00f6\u00e4, jotka voivat aiheuttaa pinnoitteelle pysyvi\u00e4 vaurioita.<\/li>\n<li>Voimakkaasti happamien tai em\u00e4ksisien aineiden k\u00e4ytt\u00f6 on kielletty.<\/li>\n<li>\u00c4l\u00e4 pese lasia silloin, kun se on suorassa auringons\u00e4teilyss\u00e4.<\/li>\n<\/ul>\n\t<\/div>\n\n\n\n\n<a href=\"https:\/\/www.skaala.com\/palvelut\/esitteet\/\" \nid=\"button-block-block_8ba97bb79a558b12a68cc92ebe56ceef\" \nclass=\"button-block button\"\ntarget=\"\"\n>Lataa asennus- ja huolto-ohjeemme t\u00e4\u00e4lt\u00e4<\/a>\n\n\n\n\t\n\t<div id=\"heading-block-block_3c3c07c70d172a96e233765bd269cd2e\" class=\"heading-block\">\n\t\t<h2 ><span>Apua Skaalan huoltopalvelusta<\/span><\/h2>\t<\/div>\n\n\n\n<div id=\"text-block-block_a05c7ce8f42674d9127bc374c30a81f3\" class=\"text-block\">\n\t\t\t<p>Skaalan huoltopalvelusta saat apua kaikkien tuotteidemme huollossa ja korjauksessa, ymp\u00e4ri Suomen. Teemme muun muassa m\u00e4\u00e4r\u00e4aikaishuoltoja, osien vaihtoja ja korjauksia. Verkkokaupastamme l\u00f6yd\u00e4t vaurioituneiden tuotteiden tilalle varaosia, kuten tiivisteit\u00e4 ja heloja.<\/p>\n<p><a href=\"https:\/\/www.skaala.com\/fi\/palvelut\/huoltopalvelu\/\"><strong>Lue lis\u00e4\u00e4 Skaalan huoltopalvelusta.<\/strong><\/a><\/p>\n<p>&nbsp;<\/p>\n<p><strong>Muista my\u00f6s: Kysy rohkeasti neuvoa<\/strong><br \/>\nSkaalan asiantuntijat auttavat sinua mielell\u00e4\u00e4n kaikissa pulmissasi. Voit olla meihin yhteydess\u00e4 asiakaspalvelumme chatissa,<a href=\"https:\/\/www.skaala.com\/fi\/ota-yhteytta\/yhteystiedot\/\"> puhelimitse tai s\u00e4hk\u00f6postilla.<\/a><\/p>\n\t<\/div>\n\n<\/div><\/div>\n\n\n<div class=\"featured-items-block block\">\n\t<div class=\"featured-item\">\n\t\t<div class=\"content-half has-dark-gray-background-color\">\n\t\t\t<div class=\"featured-item--content grid-item\">\n\t\t\t\t\t\t<a class=\"button button-large\" href=\"https:\/\/www.skaala.com\/fi\/ovet\/liukuovet\/\">Liukuovet ja lasiliukuovet<\/a>\n\t\t\t\t\t\t<\/div>\n\t\t<\/div>\n\t\t\t\t<div class=\"featured-item--image grid-item\"\n\t\t\t\t\tdata-interchange=\"\n\t\t\t\t\t[https:\/\/www.skaala.com\/wp-content\/uploads\/2023\/08\/Lasiliukuoviautomusta-1024x682.jpg, small], \n\t\t\t\t\t[https:\/\/www.skaala.com\/wp-content\/uploads\/2023\/08\/Lasiliukuoviautomusta-1024x682.jpg, medium], \n\t\t\t\t\t[https:\/\/www.skaala.com\/wp-content\/uploads\/2023\/08\/Lasiliukuoviautomusta-1200x800.jpg, large], \n\t\t\t\t\t[https:\/\/www.skaala.com\/wp-content\/uploads\/2023\/08\/Lasiliukuoviautomusta-1536x1024.jpg, xlarge]\"\n\t\t\t\t\t>\n\t\t<\/div>\n\t\t\t<\/div>\n\t\t<div class=\"featured-item\">\n\t\t<div class=\"content-half has-dark-gray-background-color\">\n\t\t\t<div class=\"featured-item--content grid-item\">\n\t\t\t\t\t\t<a class=\"button button-large\" href=\"https:\/\/www.skaala.com\/fi\/ovet\/liukuovet\/liukuovien-varustelu-ja-ominaisuudet\/\">Liukuovien varustelu ja ominaisuudet<\/a>\n\t\t\t\t\t\t<\/div>\n\t\t<\/div>\n\t\t\t\t<div class=\"featured-item--image grid-item\"\n\t\t\t\t\tdata-interchange=\"\n\t\t\t\t\t[https:\/\/www.skaala.com\/wp-content\/uploads\/2023\/08\/Liukuoviautomustaautoasuntomessuillaauto2023auto2-1024x683.jpg, small], \n\t\t\t\t\t[https:\/\/www.skaala.com\/wp-content\/uploads\/2023\/08\/Liukuoviautomustaautoasuntomessuillaauto2023auto2-1024x683.jpg, medium], \n\t\t\t\t\t[https:\/\/www.skaala.com\/wp-content\/uploads\/2023\/08\/Liukuoviautomustaautoasuntomessuillaauto2023auto2-1200x800.jpg, large], \n\t\t\t\t\t[https:\/\/www.skaala.com\/wp-content\/uploads\/2023\/08\/Liukuoviautomustaautoasuntomessuillaauto2023auto2-1536x1024.jpg, xlarge]\"\n\t\t\t\t\t>\n\t\t<\/div>\n\t\t\t<\/div>\n\t\t<div class=\"featured-item\">\n\t\t<div class=\"content-half has-dark-gray-background-color\">\n\t\t\t<div class=\"featured-item--content grid-item\">\n\t\t\t\t\t\t<a class=\"button button-large\" href=\"https:\/\/www.skaala.com\/fi\/ota-yhteytta\/yhteystiedot\/\">Yhteystiedot &#8211; Etsitk\u00f6 myyj\u00e4\u00e4 alueellasi tai oikeaa yhteyshenkil\u00f6\u00e4 toimistolta?\u00a0<\/a>\n\t\t\t\t\t\t<\/div>\n\t\t<\/div>\n\t\t\t\t<div class=\"featured-item--image grid-item\"\n\t\t\t\t\tdata-interchange=\"\n\t\t\t\t\t[https:\/\/www.skaala.com\/wp-content\/uploads\/2023\/08\/Olohuoneenautoikkunat-1024x1536.jpg, small], \n\t\t\t\t\t[https:\/\/www.skaala.com\/wp-content\/uploads\/2023\/08\/Olohuoneenautoikkunat-1024x1536.jpg, medium], \n\t\t\t\t\t[https:\/\/www.skaala.com\/wp-content\/uploads\/2023\/08\/Olohuoneenautoikkunat-1200x1800.jpg, large], \n\t\t\t\t\t[https:\/\/www.skaala.com\/wp-content\/uploads\/2023\/08\/Olohuoneenautoikkunat-1024x1536.jpg, xlarge]\"\n\t\t\t\t\t>\n\t\t<\/div>\n\t\t\t<\/div>\n\t<\/div>\n","protected":false},"excerpt":{"rendered":"","protected":false},"author":5,"featured_media":15691,"parent":188,"menu_order":0,"comment_status":"closed","ping_status":"closed","template":"","meta":{"_acf_changed":false,"inline_featured_image":false,"footnotes":""},"class_list":["post-2380","page","type-page","status-publish","has-post-thumbnail","hentry"],"acf":[],"_links":{"self":[{"href":"https:\/\/www.skaala.com\/fi\/wp-json\/wp\/v2\/pages\/2380","targetHints":{"allow":["GET"]}}],"collection":[{"href":"https:\/\/www.skaala.com\/fi\/wp-json\/wp\/v2\/pages"}],"about":[{"href":"https:\/\/www.skaala.com\/fi\/wp-json\/wp\/v2\/types\/page"}],"author":[{"embeddable":true,"href":"https:\/\/www.skaala.com\/fi\/wp-json\/wp\/v2\/users\/5"}],"replies":[{"embeddable":true,"href":"https:\/\/www.skaala.com\/fi\/wp-json\/wp\/v2\/comments?post=2380"}],"version-history":[{"count":23,"href":"https:\/\/www.skaala.com\/fi\/wp-json\/wp\/v2\/pages\/2380\/revisions"}],"predecessor-version":[{"id":24458,"href":"https:\/\/www.skaala.com\/fi\/wp-json\/wp\/v2\/pages\/2380\/revisions\/24458"}],"up":[{"embeddable":true,"href":"https:\/\/www.skaala.com\/fi\/wp-json\/wp\/v2\/pages\/188"}],"wp:featuredmedia":[{"embeddable":true,"href":"https:\/\/www.skaala.com\/fi\/wp-json\/wp\/v2\/media\/15691"}],"wp:attachment":[{"href":"https:\/\/www.skaala.com\/fi\/wp-json\/wp\/v2\/media?parent=2380"}],"curies":[{"name":"wp","href":"https:\/\/api.w.org\/{rel}","templated":true}]}}