{"id":2382,"date":"2020-05-11T09:28:52","date_gmt":"2020-05-11T06:28:52","guid":{"rendered":"https:\/\/www.skaala.com\/?page_id=2382"},"modified":"2024-10-04T13:25:15","modified_gmt":"2024-10-04T10:25:15","slug":"ovien-varustelu-ja-ominaisuudet","status":"publish","type":"page","link":"https:\/\/www.skaala.com\/fi\/ovet\/ovien-varustelu-ja-ominaisuudet\/","title":{"rendered":"Ovien varustelu ja ominaisuudet"},"content":{"rendered":"\n\t<header class=\"featured-hero custom\" role=\"banner\" data-interchange=\"\n\t\t[https:\/\/www.skaala.com\/wp-content\/uploads\/2021\/03\/skaala-09-720x400.jpg, small],\n\t\t[https:\/\/www.skaala.com\/wp-content\/uploads\/2021\/03\/skaala-09-720x400.jpg,medium],\n\t\t[https:\/\/www.skaala.com\/wp-content\/uploads\/2021\/03\/skaala-09-720x400.jpg, large],\n\t\t[https:\/\/www.skaala.com\/wp-content\/uploads\/2021\/03\/skaala-09-720x400.jpg, xlarge]\">\n\t\t\t<h1>Ovien varustelu ja ominaisuudet<\/h1>\n\t<\/header>\n\t\n\n\n<div class=\"wp-block-custom-content-area custom-wrapper aligncenter has-light-blue-background-color\"><div class=\"outer-wrap\">\t\n\t<div id=\"heading-block-block_b31e9bb9ca81dc57390fab66c7dc37c3\" class=\"heading-block\">\n\t\t<h2 ><span>Viimeistele uusi ovesi<\/span><\/h2>\t<\/div>\n\n\n\n<div id=\"text-block-block_7ed52860904c9cc69a1f8c489a743bbd\" class=\"text-block\">\n\t\t\t<p><strong>Etsitk\u00f6 perinteist\u00e4 vai modernia ulko-ovea? Ent\u00e4 haluatko puisen pinnan vai kenties r\u00e4v\u00e4k\u00e4n punaisen s\u00e4vyn? Skaalan ovivarusteilla viimeistelet ovesi toiminnot ja ulkon\u00e4\u00f6n. Meilt\u00e4 saat oven sis\u00e4- ja ulkopuolelta haluamasi v\u00e4risen\u00e4 ja kokoisena.<\/strong><\/p>\n\t<\/div>\n\n\n\n\n<a href=\"https:\/\/www.skaala.com\/fi\/ota-yhteytta\/pyyda-ilmainen-arvio-tai-kartoitus\/\" \nid=\"button-block-block_eb0f2cae4c8fa0bc887a59f5c208dd25\" \nclass=\"button-block button\"\ntarget=\"\"\n>Pyyd\u00e4 ilmainen arvio<\/a>\n\n\n\n\n<a href=\"https:\/\/www.skaala.com\/fi\/ota-yhteytta\/pyyda-tarjous\/\" \nid=\"button-block-block_0f2069fb0cfdf0d2d817b5421af0c57a\" \nclass=\"button-block button\"\ntarget=\"\"\n>Pyyd\u00e4 tarjous<\/a>\n\n\n\n\t\n\t<div id=\"heading-block-block_426c20423fe59f91e7d42fd57db727d7\" class=\"heading-block\">\n\t\t<h3 ><span>Ulko-ovien suosituss\u00e4vyt ja puuviilut<\/span><\/h3>\t<\/div>\n\n\n\n<div id=\"text-block-block_575adcd956f106a88d46289c44550958\" class=\"text-block\">\n\t\t\t<p class=\"Leipis\">Valitse Skaalan ulko-ovien ulko- ja sis\u00e4puolelle haluamasi v\u00e4ri. T\u00e4ss\u00e4 esitettyjen v\u00e4rien lis\u00e4ksi voit valita haluamasi s\u00e4vyn RAL- ja NCS-s\u00e4vykarttojen mukaan.<\/p>\n<p class=\"Leipis\">Huom! T\u00e4ss\u00e4 esitetyt s\u00e4vyt saattavat hieman poiketa aidoista s\u00e4vyist\u00e4.<\/p>\n\t<\/div>\n\n\n\n\n<div class=\"wp-block-custom-inner-columns has-three-columns custom-columns\"><div class=\"outer-wrap\">\n<div class=\"wp-block-custom-custom-column custom-column\"><div class=\"inner-wrap\">\n<div id=\"image-block_4cc6c1bcce57fcf7b5e6ee30e037f12e\" class=\"image-block\">\n\t\t\t\t<div class=\"image-container\" style=\"width: px; height: \n\t\tauto;\">\n\t\t\t<img decoding=\"async\" src=\"https:\/\/www.skaala.com\/wp-content\/uploads\/2020\/05\/RAL-9010.jpg\" alt=\"Skaala v\u00e4ri kerma\">\n\t\t<\/div>\n\t \n\n\t<\/div>\n\n\n\n\n<div id=\"text-block-block_6acf55a50b47c921f20e2bf5f2abc716\" class=\"text-block\">\n\t\t\t<p>Valkoinen<br \/>\nRAL 9010<\/p>\n\t<\/div>\n\n\n\n\n<div id=\"image-block_0b5a1d0ec90ed2a82265303c82188d79\" class=\"image-block\">\n\t\t\t\t<div class=\"image-container\" style=\"width: px; height: \n\t\tauto;\">\n\t\t\t<img decoding=\"async\" src=\"https:\/\/www.skaala.com\/wp-content\/uploads\/2020\/05\/RAL-3001.jpg\" alt=\"Skaala v\u00e4ri punainen\">\n\t\t<\/div>\n\t \n\n\t<\/div>\n\n\n\n\n<div id=\"text-block-block_79428f758d7634c17d4f2dc902731f71\" class=\"text-block\">\n\t\t\t<p>Punainen<br \/>\nRAL 3001<\/p>\n\t<\/div>\n\n\n\n\n<div id=\"image-block_a6f133daa226027a5922a7188c3a81f8\" class=\"image-block\">\n\t\t\t\t<div class=\"image-container\" style=\"width: px; height: \n\t\tauto;\">\n\t\t\t<img decoding=\"async\" src=\"https:\/\/www.skaala.com\/wp-content\/uploads\/2020\/05\/tiikki.jpg\" alt=\"Skaala v\u00e4ri tiikki\">\n\t\t<\/div>\n\t \n\n\t<\/div>\n\n\n\n\n<div id=\"text-block-block_4ef048a47f1fff0a2189e8201614fdcc\" class=\"text-block\">\n\t\t\t<p>Tammi<\/p>\n\t<\/div>\n\n<\/div><\/div>\n\n\n\n<div class=\"wp-block-custom-custom-column custom-column\"><div class=\"inner-wrap\">\n<div id=\"image-block_17442b04612613d5d5994d1a32dd4bcb\" class=\"image-block\">\n\t\t\t\t<div class=\"image-container\" style=\"width: px; height: \n\t\tauto;\">\n\t\t\t<img decoding=\"async\" src=\"https:\/\/www.skaala.com\/wp-content\/uploads\/2020\/05\/RAL-7040.jpg\" alt=\"Skaala tarjoaa useita v\u00e4rej\u00e4 valittavaksi\">\n\t\t<\/div>\n\t \n\n\t<\/div>\n\n\n\n\n<div id=\"text-block-block_fc7b71ac05bc46783c31417a81d41254\" class=\"text-block\">\n\t\t\t<p>Harmaa<br \/>\nRAL 7040<\/p>\n\t<\/div>\n\n\n\n\n<div id=\"image-block_63851a471623de55f51361e264ee5099\" class=\"image-block\">\n\t\t\t\t<div class=\"image-container\" style=\"width: 100px; height: \n\t\tauto;\">\n\t\t\t<img decoding=\"async\" src=\"https:\/\/www.skaala.com\/wp-content\/uploads\/2020\/05\/RR32.png\" alt=\"Skaala v\u00e4ri tumman ruskea\">\n\t\t<\/div>\n\t \n\n\t<\/div>\n\n\n\n\n<div id=\"text-block-block_78eb9e00698e857d2b9fa6b98ee603e1\" class=\"text-block\">\n\t\t\t<p>Ruskea<br \/>\nRR 32<\/p>\n\t<\/div>\n\n\n\n\n<div id=\"image-block_dea04024f7b210144836ffacffcc436c\" class=\"image-block\">\n\t\t\t\t<div class=\"image-container\" style=\"width: 100px; height: \n\t\tauto;\">\n\t\t\t<img decoding=\"async\" src=\"https:\/\/www.skaala.com\/wp-content\/uploads\/2020\/05\/RAL8028.png\" alt=\"Skaala v\u00e4ri ruskea\">\n\t\t<\/div>\n\t \n\n\t<\/div>\n\n\n\n\n<div id=\"text-block-block_bdd94b873b5b16252d961b2021cf5faa\" class=\"text-block\">\n\t\t\t<p>Ruskea<br \/>\nRAL 8028<\/p>\n\t<\/div>\n\n<\/div><\/div>\n\n\n\n<div class=\"wp-block-custom-custom-column custom-column\"><div class=\"inner-wrap\">\n<div id=\"image-block_5a9446a15258a2d929f1b682f3c6c874\" class=\"image-block\">\n\t\t\t\t<div class=\"image-container\" style=\"width: px; height: \n\t\tauto;\">\n\t\t\t<img decoding=\"async\" src=\"https:\/\/www.skaala.com\/wp-content\/uploads\/2020\/05\/RAL-7024.jpg\" alt=\"Skaala v\u00e4ri tumman harmaa\">\n\t\t<\/div>\n\t \n\n\t<\/div>\n\n\n\n\n<div id=\"text-block-block_3e799a740bf8370c5b1773079fc23fb0\" class=\"text-block\">\n\t\t\t<p>Harmaa<br \/>\nRAL 7024<\/p>\n\t<\/div>\n\n\n\n\n<div id=\"image-block_f7e3753d0e9fe2389ce8bca2ba4248a7\" class=\"image-block\">\n\t\t\t\t<div class=\"image-container\" style=\"width: px; height: \n\t\tauto;\">\n\t\t\t<img decoding=\"async\" src=\"https:\/\/www.skaala.com\/wp-content\/uploads\/2020\/05\/RAL-5019.jpg\" alt=\"Skaala v\u00e4ri sininen\">\n\t\t<\/div>\n\t \n\n\t<\/div>\n\n\n\n\n<div id=\"text-block-block_9f5e7de0defff8ff36badd263ef32ca1\" class=\"text-block\">\n\t\t\t<p>Sininen<br \/>\nRAL 5019<\/p>\n\t<\/div>\n\n<\/div><\/div>\n<\/div><\/div>\n<\/div><\/div>\n\n\n\n<div class=\"wp-block-custom-content-area custom-wrapper alignleft has-light-blue-background-color\"><div class=\"outer-wrap\">\t\n\t<div id=\"heading-block-block_8ce53669fcbc080a36a32dbaaa283e8b\" class=\"heading-block\">\n\t\t<h3 ><span>Ulko-ovien ominaisuudet <\/span><\/h3>\t<\/div>\n\n\n\n<div class=\"wp-block-custom-inner-columns has-two-columns custom-columns\"><div class=\"outer-wrap\">\n<div class=\"wp-block-custom-custom-column custom-column\"><div class=\"inner-wrap\">\t\n\t<div id=\"heading-block-block_fe5eab7f6c982ff318fe20ebfb2f0208\" class=\"heading-block\">\n\t\t<h4 ><span>Koot<\/span><\/h4>\t<\/div>\n\n\n\n<div id=\"text-block-block_252c6791ddde46ec737a9d29c1afdb30\" class=\"text-block\">\n\t\t\t<p>Ulko-oven vakiokoko karmeineen on 89 cm\/99 cm x 209 cm<\/p>\n<p>Ovien maksimileveys 109 cm ja maksimikorkeus 229 cm.<\/p>\n<p>Karmisyvyydet ovat 131 mm, 175 mm ja 210 mm.<\/p>\n\t<\/div>\n\n\n\n\t\n\t<div id=\"heading-block-block_1d8f97279a1dcb8f15032f04e65ce3f5\" class=\"heading-block\">\n\t\t<h4 ><span>Rakenne<\/span><\/h4>\t<\/div>\n\n\n\n<div id=\"text-block-block_0a56d779a70f4d8303d698837a7d009c\" class=\"text-block\">\n\t\t\t<div class=\"panel-heading\">\n<div class=\"fusion-toggle-heading\"><span style=\"font-size: inherit;\">Ovilevyss\u00e4 on symmetrinen rakenne, joka on j\u00e4ykistetty alumiinilevyin. Ovilevyn paksuus on Alfa-luokan ovissa 75 mm ja Beeta-luokassa 62 mm. J\u00e4ykistetty levyrakenne takaa ovien kest\u00e4vyyden ja toimivuuden.<\/span><\/div>\n<\/div>\n\t<\/div>\n\n\n\n\t\n\t<div id=\"heading-block-block_17edfe4873cc0d32fe4f691fa77f7c7d\" class=\"heading-block\">\n\t\t<h4 ><span>Pinta<\/span><\/h4>\t<\/div>\n\n\n\n<div id=\"text-block-block_bbfe82f395121cfd3f60a94d7b8ff5af\" class=\"text-block\">\n\t\t\t<div class=\"panel-heading\">\n<div class=\"fusion-toggle-heading\">\n<p>Skaalan ulko-ovien pinta on s\u00e4\u00e4nkest\u00e4v\u00e4\u00e4 HDF-levy\u00e4 maalattuna tai viilupintaisena.<\/p>\n<p>Vakiov\u00e4rin\u00e4 valkoinen (NCS S 0502-Y). Muut s\u00e4vyt tilauksen mukaan. Kuultok\u00e4sitellyiss\u00e4 ovissa ovilevyn pinnat on lakattu. Jalopuupintaiset ovilevyt on k\u00e4sitelty puu\u00f6ljyll\u00e4.<\/p>\n<\/div>\n<\/div>\n\t<\/div>\n\n\n\n\t\n\t<div id=\"heading-block-block_2fdf6246d97ef9c9daf9f4ca06a7a661\" class=\"heading-block\">\n\t\t<h4 ><span>Lasitus<\/span><\/h4>\t<\/div>\n\n\n\n<div id=\"text-block-block_ee0bdf686c04f9e780fc9767b1bf4ae5\" class=\"text-block\">\n\t\t\t<p>Skaalan ovissa on vakiolasina kuvioitu Crepi-lasi, joka toimii n\u00e4k\u00f6suojana mutta p\u00e4\u00e4st\u00e4\u00e4 valon l\u00e4pi. Kirkas lasi saatavana tilauksesta.<\/p>\n<p>Alfa-luokan ovissa lasiaukko tuplaselektiivipinnoite eristyslasein. Beeta-luokan lasiaukollisissa ovissa vakiona selektiivipinnoite eristyslasein. Energiatehokas selektiivipinnoite heijastaa sis\u00e4ll\u00e4 olevan l\u00e4mm\u00f6n takaisin ja est\u00e4\u00e4 l\u00e4mp\u00f6\u00e4 karkaamasta.<\/p>\n\t<\/div>\n\n<\/div><\/div>\n\n\n\n<div class=\"wp-block-custom-custom-column custom-column\"><div class=\"inner-wrap\">\t\n\t<div id=\"heading-block-block_70b7147339d687f5e97ad88272609327\" class=\"heading-block\">\n\t\t<h4 ><span>Heloitus<\/span><\/h4>\t<\/div>\n\n\n\n<div id=\"text-block-block_15664054619fe8497b5f0b82af43254d\" class=\"text-block\">\n\t\t\t<p>Vakiona LC 102 -lukkorunko ja s\u00e4\u00e4dett\u00e4v\u00e4 vastarauta. Kolme murtosuojattua korkeus- ja sivusuunnassa s\u00e4\u00e4dett\u00e4v\u00e4\u00e4 saranaa.<\/p>\n<p>Alumiinipintaisissa parvekeovissa on vakiona pitk\u00e4sulkija, kahvatoiminen, portaattomasti lukittava aukipitolaite sek\u00e4 molemminpuolinen painike, jossa sis\u00e4puolella oven lukitseva v\u00e4\u00e4nt\u00f6nuppi.<\/p>\n\t<\/div>\n\n\n\n\t\n\t<div id=\"heading-block-block_3900ca057e293abe17466a18d4107a78\" class=\"heading-block\">\n\t\t<h4 ><span>Kynnys<\/span><\/h4>\t<\/div>\n\n\n\n<div id=\"text-block-block_ed11ae792afe04df0aff47cf483b9d43\" class=\"text-block\">\n\t\t\t<div class=\"panel-heading\">\n<div class=\"fusion-toggle-heading\"><span style=\"font-size: inherit;\">Kovapuukynnys, kulutuslista alumiinia.<\/span><\/div>\n<\/div>\n\t<\/div>\n\n\n\n\t\n\t<div id=\"heading-block-block_aa1579b80c051e05b6095a0f39c24f47\" class=\"heading-block\">\n\t\t<h4 ><span>Tiivistys<\/span><\/h4>\t<\/div>\n\n\n\n<div id=\"text-block-block_64d4744fd5697b162d17a2503a715c23\" class=\"text-block\">\n\t\t\t<div class=\"panel-heading\">\n<div class=\"fusion-toggle-heading\"><span style=\"font-size: inherit;\">Tiiviste ovilehdess\u00e4 ja karmissa.<\/span><\/div>\n<\/div>\n\t<\/div>\n\n\n\n\t\n\t<div id=\"heading-block-block_bcb29970fe0be02890dd70fe31aea3b6\" class=\"heading-block\">\n\t\t<h4 ><span>Saatavilla my\u00f6s<\/span><\/h4>\t<\/div>\n\n\n\n<div id=\"text-block-block_bb6ac707a5675c344db7c6c5e35ad610\" class=\"text-block\">\n\t\t\t<div class=\"panel-heading\">\n<ul>\n<li class=\"fusion-toggle-heading\"><span style=\"font-size: inherit;\">Avattavat levikkeet ja pariovet<\/span><\/li>\n<li>Yl\u00e4- ja sivuikkunat<\/li>\n<li class=\"fusion-toggle-heading\"><span style=\"font-size: inherit;\">Painikkeet ja avainpes\u00e4t, my\u00f6s sarjoitettuna<\/span><\/li>\n<li>Yale Doorman -\u00e4lylukko<\/li>\n<li class=\"fusion-toggle-heading\">Turvalukitus<\/li>\n<li class=\"fusion-toggle-heading\">Koneistus ja putkitus s\u00e4hk\u00f6lukitukselle<\/li>\n<li class=\"fusion-toggle-heading\">Erilaiset lasivaihtoehdot kuten turvalasit, kuviolasit, huurtumattomat lasit sek\u00e4 s\u00e4vylasit<\/li>\n<li class=\"fusion-toggle-heading\">Ovisilm\u00e4, ovikello, postiluukku<\/li>\n<li class=\"fusion-toggle-heading\">Potkupellit rosteri tai alumiini<\/li>\n<\/ul>\n<\/div>\n\t<\/div>\n\n<\/div><\/div>\n<\/div><\/div>\n\n\n\t\n\t<div id=\"heading-block-block_3a6d5e5980fdbd05149b734af81b53c3\" class=\"heading-block\">\n\t\t<h3 ><span>Skaala-ovien painikkeet<\/span><\/h3>\t<\/div>\n\n\n\n<div id=\"text-block-block_5a0f8be79ac5ed0c799cba3c01b32d2c\" class=\"text-block\">\n\t\t\t<p><strong>Ulko-ovien Abloy Easy -helapaketit<\/strong><\/p>\n\t<\/div>\n\n\n\n\n<div id=\"image-block_8b07f8010bf2f132ddba769f1eb017cc\" class=\"image-block\">\n\t\t\t\t<div class=\"image-container\" style=\"width: px; height: \n\t\tauto;\">\n\t\t\t<img decoding=\"async\" src=\"https:\/\/www.skaala.com\/wp-content\/uploads\/2023\/03\/SkaalaautoHelapakettiautoE.png\" alt=\"\">\n\t\t<\/div>\n\t \n\n\t<\/div>\n\n\n\n\n<div id=\"image-block_19a9e332598a1fbfc608e06cb5e84c79\" class=\"image-block\">\n\t\t\t\t<div class=\"image-container\" style=\"width: px; height: \n\t\tauto;\">\n\t\t\t<img decoding=\"async\" src=\"https:\/\/www.skaala.com\/wp-content\/uploads\/2023\/03\/SkaalaautoHelapakettiautoF.png\" alt=\"\">\n\t\t<\/div>\n\t \n\n\t<\/div>\n\n\n\n\n<div id=\"image-block_e76aed71151c259c27ec5a032ac8ee2f\" class=\"image-block\">\n\t\t\t\t<div class=\"image-container\" style=\"width: px; height: \n\t\tauto;\">\n\t\t\t<img decoding=\"async\" src=\"https:\/\/www.skaala.com\/wp-content\/uploads\/2023\/03\/SkaalaautoHelapakettiautoG.png\" alt=\"\">\n\t\t<\/div>\n\t \n\n\t<\/div>\n\n\n\n\n<div id=\"text-block-block_916685cf409c690f27040d6b7f0c6269\" class=\"text-block\">\n\t\t\t<p><strong>Helavaihtoehdot Skaalan ulko- <\/strong><strong>ja parvekeoviin<\/strong><\/p>\n\t<\/div>\n\n\n\n\n<div id=\"image-block_cd6655f9f6b85b63af5cdb36a7eee8b5\" class=\"image-block\">\n\t\t\t\t<div class=\"image-container\" style=\"width: px; height: \n\t\tauto;\">\n\t\t\t<img decoding=\"async\" src=\"https:\/\/www.skaala.com\/wp-content\/uploads\/2023\/03\/SkaalaautoAbloyautokayttolukonautoavainpesa.png\" alt=\"\">\n\t\t<\/div>\n\t \n\n\t<\/div>\n\n\n\n\n<div id=\"image-block_ca9bd1c374c6258d561247e6d9d8069e\" class=\"image-block\">\n\t\t\t\t<div class=\"image-container\" style=\"width: px; height: \n\t\tauto;\">\n\t\t\t<img decoding=\"async\" src=\"https:\/\/www.skaala.com\/wp-content\/uploads\/2023\/03\/SkaalaautoAbloyautoturvalukonautoavainpesa.png\" alt=\"\">\n\t\t<\/div>\n\t \n\n\t<\/div>\n\n\n\n\n<div id=\"image-block_07b3a53f9f8ddd7fc0a3723c43dab953\" class=\"image-block\">\n\t\t\t\t<div class=\"image-container\" style=\"width: px; height: \n\t\tauto;\">\n\t\t\t<img decoding=\"async\" src=\"https:\/\/www.skaala.com\/wp-content\/uploads\/2023\/03\/Skaalaautopitkasulkijanautoavainpesaauto1.png\" alt=\"\">\n\t\t<\/div>\n\t \n\n\t<\/div>\n\n\n\n\n<div id=\"image-block_516e1700e00545198fbed9bb320792df\" class=\"image-block\">\n\t\t\t\t<div class=\"image-container\" style=\"width: px; height: \n\t\tauto;\">\n\t\t\t<img decoding=\"async\" src=\"https:\/\/www.skaala.com\/wp-content\/uploads\/2023\/03\/Skaalaautoparvekeovenautohela.png\" alt=\"\">\n\t\t<\/div>\n\t \n\n\t<\/div>\n\n\n\n\n<div id=\"image-block_1d0edeb166c5a6322139503457bfd50d\" class=\"image-block\">\n\t\t\t\t<div class=\"image-container\" style=\"width: px; height: \n\t\tauto;\">\n\t\t\t<img decoding=\"async\" src=\"https:\/\/www.skaala.com\/wp-content\/uploads\/2023\/03\/SkaalaautoHoppeautoTokyoautoparvekeovenautohelatauto1.png\" alt=\"\">\n\t\t<\/div>\n\t \n\n\t<\/div>\n\n\n\n\n<div id=\"image-block_2584c9353ae3ec17eb59f1f22eb15f38\" class=\"image-block\">\n\t\t\t\t<div class=\"image-container\" style=\"width: px; height: \n\t\tauto;\">\n\t\t\t<img decoding=\"async\" src=\"https:\/\/www.skaala.com\/wp-content\/uploads\/2023\/03\/SkaalaautoulkoautoovienautopainikkeetautoHoppeautoDomus.png\" alt=\"\">\n\t\t<\/div>\n\t \n\n\t<\/div>\n\n\n\n\n<div id=\"image-block_10a81b8294fa498fea47370dfd966795\" class=\"image-block\">\n\t\t\t\t<div class=\"image-container\" style=\"width: px; height: \n\t\tauto;\">\n\t\t\t<img decoding=\"async\" src=\"https:\/\/www.skaala.com\/wp-content\/uploads\/2023\/03\/SkaalaautoulkoautoovienautopainikkeetautoDomusautoForum.png\" alt=\"\">\n\t\t<\/div>\n\t \n\n\t<\/div>\n\n\n\n\n<div id=\"image-block_d0f9aca5af66db07bb5b13449d739dc2\" class=\"image-block\">\n\t\t\t\t<div class=\"image-container\" style=\"width: px; height: \n\t\tauto;\">\n\t\t\t<img decoding=\"async\" src=\"https:\/\/www.skaala.com\/wp-content\/uploads\/2023\/03\/SkaalaautoYaleautoDoormanautoL3autonuppivedinautopitkavedin.png\" alt=\"\">\n\t\t<\/div>\n\t \n\n\t<\/div>\n\n\n\n\n<a href=\"https:\/\/www.skaala.com\/fi\/ovet\/yale-doorman-alylukko-skaala-oveen\/\" \nid=\"button-block-block_7068d3df38703eabda074a6bb6fc5540\" \nclass=\"button-block button\"\ntarget=\"\"\n>Lue lis\u00e4\u00e4 Yale Doorman \u00e4lylukosta<\/a>\n\n\n\n\t\n\t<div id=\"heading-block-block_e39e59e89a2bb54826c34c442d612f72\" class=\"heading-block\">\n\t\t<h2 ><span>Skaala-ovien lis\u00e4varusteet<\/span><\/h2>\t<\/div>\n\n\n\n<div id=\"text-block-block_6ff8ef5f7e05224d7b0fd706abd75acf\" class=\"text-block\">\n\t\t\t<p class=\"Leipis\">Alla mahdollisia lis\u00e4varusteita Skaala-oviin. Varmista kyseisen lis\u00e4varusteen sopivuus tuotteeseen myyj\u00e4si kanssa!<\/p>\n\t<\/div>\n\n\n\n\n<div id=\"image-block_9c263609e1c5381f9984a8a54f7e4bd9\" class=\"image-block\">\n\t\t\t\t<div class=\"image-container\" style=\"width: px; height: \n\t\tauto;\">\n\t\t\t<img decoding=\"async\" src=\"https:\/\/www.skaala.com\/wp-content\/uploads\/2020\/08\/Lis\u00e4varusteet-oviin.jpg\" alt=\"Skaala lis\u00e4varusteet oviin\">\n\t\t<\/div>\n\t \n\n\t<\/div>\n\n\n\n\n<div id=\"image-block_10b6d7695afcf3e10a17f6ada2c55468\" class=\"image-block\">\n\t\t\t\t<div class=\"image-container\" style=\"width: px; height: \n\t\tauto;\">\n\t\t\t<img decoding=\"async\" src=\"https:\/\/www.skaala.com\/wp-content\/uploads\/2020\/08\/Lis\u00e4varusteet-oviin1.jpg\" alt=\"Skaala lis\u00e4varusteet oviin\">\n\t\t<\/div>\n\t \n\n\t<\/div>\n\n\n\n\n<div id=\"image-block_a7ed2a01314ff18a255a085dcacafc18\" class=\"image-block\">\n\t\t\t\t<div class=\"image-container\" style=\"width: px; height: \n\t\tauto;\">\n\t\t\t<img decoding=\"async\" src=\"https:\/\/www.skaala.com\/wp-content\/uploads\/2020\/08\/Postiluukut-1.jpg\" alt=\"Skaala postiluukut\">\n\t\t<\/div>\n\t \n\n\t<\/div>\n\n<\/div><\/div>\n\n\n\n<div class=\"wp-block-custom-content-area custom-wrapper alignleft has-red-background-color\"><div class=\"outer-wrap\">\n<a href=\"https:\/\/www.skaala.com\/fi\/omakotitalot-ja-mokit\/oviremontti\/\" \nid=\"button-block-block_3e63018401ce63be36a8901efaff2944\" \nclass=\"button-block button\"\ntarget=\"\"\n>Suunnitteletko oviremonttia?<\/a>\n\n\n\n\n<a href=\"https:\/\/www.skaala.com\/fi\/ovet\/ulko-ovet\/\" \nid=\"button-block-block_9cd1f178a4e349180b8af57021fff7f2\" \nclass=\"button-block button\"\ntarget=\"_blank\"\n>Tutustu Skaalan ulko-ovimalleihin<\/a>\n\n\n\n\n<a href=\"https:\/\/youtu.be\/5Mw6ySXWf3w\" id=\"button-block-block_fcbd97e343cbcee85c6d9cdb1e59b22a\" class=\"button-block button\" target=\"_blank\" rel=\"noopener\">Katso Yale Doorman esittelyvideo<\/a>\n\n<\/div><\/div>\n\n\n<div class=\"featured-items-block block\">\n\t<div class=\"featured-item\">\n\t\t<div class=\"content-half has-dark-gray-background-color\">\n\t\t\t<div class=\"featured-item--content grid-item\">\n\t\t\t\t\t\t<a class=\"button button-large\" href=\"https:\/\/www.skaala.com\/fi\/ovet\/ulko-ovet\/\">Ulko-ovet<\/a>\n\t\t\t\t\t\t<\/div>\n\t\t<\/div>\n\t\t\t\t<div class=\"featured-item--image grid-item\"\n\t\t\t\t\tdata-interchange=\"\n\t\t\t\t\t[https:\/\/www.skaala.com\/wp-content\/uploads\/2024\/12\/Ulko-ovi-tammiviilu-Savel-1-e1741873636833-1024x898.jpeg, small], \n\t\t\t\t\t[https:\/\/www.skaala.com\/wp-content\/uploads\/2024\/12\/Ulko-ovi-tammiviilu-Savel-1-e1741873636833-1024x898.jpeg, medium], \n\t\t\t\t\t[https:\/\/www.skaala.com\/wp-content\/uploads\/2024\/12\/Ulko-ovi-tammiviilu-Savel-1-e1741873636833-1200x1052.jpeg, large], \n\t\t\t\t\t[https:\/\/www.skaala.com\/wp-content\/uploads\/2024\/12\/Ulko-ovi-tammiviilu-Savel-1-1152x1536.jpeg, xlarge]\"\n\t\t\t\t\t>\n\t\t<\/div>\n\t\t\t<\/div>\n\t\t<div class=\"featured-item\">\n\t\t<div class=\"content-half has-dark-gray-background-color\">\n\t\t\t<div class=\"featured-item--content grid-item\">\n\t\t\t\t\t\t<a class=\"button button-large\" href=\"https:\/\/www.skaala.com\/fi\/ovet\/ovien-hoito-ja-huolto\/\">Ovien hoito ja huolto<\/a>\n\t\t\t\t\t\t<\/div>\n\t\t<\/div>\n\t\t\t\t<div class=\"featured-item--image grid-item\"\n\t\t\t\t\tdata-interchange=\"\n\t\t\t\t\t[https:\/\/www.skaala.com\/wp-content\/uploads\/2020\/05\/Skaalan-asennuspavelu-rajattu-1024x1180.jpg, small], \n\t\t\t\t\t[https:\/\/www.skaala.com\/wp-content\/uploads\/2020\/05\/Skaalan-asennuspavelu-rajattu-1024x1180.jpg, medium], \n\t\t\t\t\t[https:\/\/www.skaala.com\/wp-content\/uploads\/2020\/05\/Skaalan-asennuspavelu-rajattu-1200x1383.jpg, large], \n\t\t\t\t\t[https:\/\/www.skaala.com\/wp-content\/uploads\/2020\/05\/Skaalan-asennuspavelu-rajattu-1333x1536.jpg, xlarge]\"\n\t\t\t\t\t>\n\t\t<\/div>\n\t\t\t<\/div>\n\t\t<div class=\"featured-item\">\n\t\t<div class=\"content-half has-dark-gray-background-color\">\n\t\t\t<div class=\"featured-item--content grid-item\">\n\t\t\t\t\t\t<a class=\"button button-large\" href=\"https:\/\/www.skaala.com\/fi\/ota-yhteytta\/yhteystiedot\/\">Yhteystiedot &#8211; Etsitk\u00f6 myyj\u00e4\u00e4 alueellasi tai oikeaa yhteyshenkil\u00f6\u00e4 toimistolta?\u00a0<\/a>\n\t\t\t\t\t\t<\/div>\n\t\t<\/div>\n\t\t\t\t<div class=\"featured-item--image grid-item\"\n\t\t\t\t\tdata-interchange=\"\n\t\t\t\t\t[https:\/\/www.skaala.com\/wp-content\/uploads\/2023\/08\/Olohuoneenautoikkunat-1024x1536.jpg, small], \n\t\t\t\t\t[https:\/\/www.skaala.com\/wp-content\/uploads\/2023\/08\/Olohuoneenautoikkunat-1024x1536.jpg, medium], \n\t\t\t\t\t[https:\/\/www.skaala.com\/wp-content\/uploads\/2023\/08\/Olohuoneenautoikkunat-1200x1800.jpg, large], \n\t\t\t\t\t[https:\/\/www.skaala.com\/wp-content\/uploads\/2023\/08\/Olohuoneenautoikkunat-1024x1536.jpg, xlarge]\"\n\t\t\t\t\t>\n\t\t<\/div>\n\t\t\t<\/div>\n\t<\/div>\n","protected":false},"excerpt":{"rendered":"","protected":false},"author":5,"featured_media":15511,"parent":137,"menu_order":0,"comment_status":"closed","ping_status":"closed","template":"","meta":{"_acf_changed":false,"inline_featured_image":false,"footnotes":""},"class_list":["post-2382","page","type-page","status-publish","has-post-thumbnail","hentry"],"acf":[],"_links":{"self":[{"href":"https:\/\/www.skaala.com\/fi\/wp-json\/wp\/v2\/pages\/2382","targetHints":{"allow":["GET"]}}],"collection":[{"href":"https:\/\/www.skaala.com\/fi\/wp-json\/wp\/v2\/pages"}],"about":[{"href":"https:\/\/www.skaala.com\/fi\/wp-json\/wp\/v2\/types\/page"}],"author":[{"embeddable":true,"href":"https:\/\/www.skaala.com\/fi\/wp-json\/wp\/v2\/users\/5"}],"replies":[{"embeddable":true,"href":"https:\/\/www.skaala.com\/fi\/wp-json\/wp\/v2\/comments?post=2382"}],"version-history":[{"count":156,"href":"https:\/\/www.skaala.com\/fi\/wp-json\/wp\/v2\/pages\/2382\/revisions"}],"predecessor-version":[{"id":22447,"href":"https:\/\/www.skaala.com\/fi\/wp-json\/wp\/v2\/pages\/2382\/revisions\/22447"}],"up":[{"embeddable":true,"href":"https:\/\/www.skaala.com\/fi\/wp-json\/wp\/v2\/pages\/137"}],"wp:featuredmedia":[{"embeddable":true,"href":"https:\/\/www.skaala.com\/fi\/wp-json\/wp\/v2\/media\/15511"}],"wp:attachment":[{"href":"https:\/\/www.skaala.com\/fi\/wp-json\/wp\/v2\/media?parent=2382"}],"curies":[{"name":"wp","href":"https:\/\/api.w.org\/{rel}","templated":true}]}}