{"id":2384,"date":"2020-05-11T09:29:21","date_gmt":"2020-05-11T06:29:21","guid":{"rendered":"https:\/\/www.skaala.com\/?page_id=2384"},"modified":"2025-05-16T08:23:18","modified_gmt":"2025-05-16T05:23:18","slug":"ovien-hoito-ja-huolto","status":"publish","type":"page","link":"https:\/\/www.skaala.com\/fi\/ovet\/ovien-hoito-ja-huolto\/","title":{"rendered":"Ovien hoito ja huolto"},"content":{"rendered":"\n\t<header class=\"featured-hero custom\" role=\"banner\" data-interchange=\"\n\t\t[https:\/\/www.skaala.com\/wp-content\/uploads\/2021\/01\/Skaala_Skandia_Cello_premium-1280x400.jpg, small],\n\t\t[https:\/\/www.skaala.com\/wp-content\/uploads\/2021\/01\/Skaala_Skandia_Cello_premium-1280x400.jpg,medium],\n\t\t[https:\/\/www.skaala.com\/wp-content\/uploads\/2021\/01\/Skaala_Skandia_Cello_premium-1440x400.jpg, large],\n\t\t[https:\/\/www.skaala.com\/wp-content\/uploads\/2021\/01\/Skaala_Skandia_Cello_premium-1920x400.jpg, xlarge]\">\n\t\t\t<h1>Ovien hoito ja huolto<\/h1>\n\t<\/header>\n\t\n\n\n<div class=\"wp-block-custom-content-area custom-wrapper alignleft has-light-blue-background-color\"><div class=\"outer-wrap\">\t\n\t<div id=\"heading-block-block_123ec11fd23790e7c32c4c392315408b\" class=\"heading-block\">\n\t\t<h2 ><span>Tarkista ovien kunto s\u00e4\u00e4nn\u00f6llisesti<\/span><\/h2>\t<\/div>\n\n\n\n<div id=\"text-block-block_a5fc776402261307dccfc9e2e7867555\" class=\"text-block\">\n\t\t\t<p><strong>Skaalan energiatehokkaat ulko-ovet kest\u00e4v\u00e4t hyvin vaativissakin s\u00e4\u00e4olosuhteissa. Ovet tarvitsevat vain v\u00e4h\u00e4n huoltoa, mutta suosittelemme tarkistamaan ovien kunnon s\u00e4\u00e4nn\u00f6llisesti, v\u00e4hint\u00e4\u00e4n kaksi kertaa vuodessa.<\/strong><\/p>\n\t<\/div>\n\n\n\n\n<div id=\"text-block-block_a43dab60847b86d09d7dd64ae6e09612\" class=\"text-block\">\n\t\t\t<p>Skaalan tuotteet on suunniteltu v\u00e4h\u00e4n hoitoa vaativiksi, miss\u00e4 ikin\u00e4 asutkaan. Ilmasto-olosuhteet sek\u00e4 alueelliset ja rakenteelliset seikat vaikuttavat ovien huoltotarpeeseen. S\u00e4\u00e4nn\u00f6llisell\u00e4 huollolla edist\u00e4t tuotteiden h\u00e4iri\u00f6t\u00f6nt\u00e4 toimintaa.<\/p>\n<p>Suosittelemme tarkistamaan ovien kunnon v\u00e4hint\u00e4\u00e4n kaksi kertaa vuodessa. Nopean tarkistuksen teet k\u00e4ym\u00e4ll\u00e4 l\u00e4pi puitteet, pinnat ja tiivisteet. Kokeile my\u00f6s, aukeaako ovi kunnolla ja sulkeutuuko se helposti.<\/p>\n<p>S\u00e4\u00e4nn\u00f6llisell\u00e4 huollolla edist\u00e4t ovien h\u00e4iri\u00f6t\u00f6nt\u00e4 toimintaa ja p\u00e4\u00e4set nauttimaan parhaasta mahdollisesta lopputuloksesta. Muistathan, ett\u00e4 takuu on voimassa vain, jos tuote on asennettu ja hoidettu Skaalan ohjeiden mukaisesti.<\/p>\n\t<\/div>\n\n\n\n\n<a href=\"https:\/\/www.skaala.com\/fi\/palvelut\/huoltopalvelu\/\" \nid=\"button-block-block_9ea5856259aab4acad588f819b660938\" \nclass=\"button-block button\"\ntarget=\"\"\n>Skaalan huoltopalvelu<\/a>\n\n<\/div><\/div>\n\n\n\n<div class=\"wp-block-custom-content-area custom-wrapper alignleft has-light-blue-background-color\"><div class=\"outer-wrap\">\t\n\t<div id=\"heading-block-block_50cddc876cbb78764ce800e3a0834b1a\" class=\"heading-block\">\n\t\t<h2 ><span>Ovien huolto &#8211; muista puhdistus<\/span><\/h2>\t<\/div>\n\n\n\n<div id=\"text-block-block_fb57efb02d6393a2a1b200d0b38f3054\" class=\"text-block\">\n\t\t\t<p>Oikein hoidettu ulko-ovi pysyy hyv\u00e4ss\u00e4 k\u00e4ytt\u00f6kunnossa vuosia. Oven pinta s\u00e4ilyy kauniina, kun pyyhit tahrat s\u00e4\u00e4nn\u00f6llisesti ja tarkistat oven kunnon muutaman kerran vuodessa.<\/p>\n\t<\/div>\n\n\n\n\t\n\t<div id=\"heading-block-block_94a86571da72ab15b512c1c2b21ab992\" class=\"heading-block\">\n\t\t<h3 ><span>N\u00e4in huollat oven<\/span><\/h3>\t<\/div>\n\n\n\n<div id=\"text-block-block_e3a8f973e0b7f77ef7cb5f03a0db6e18\" class=\"text-block\">\n\t\t\t<ul>\n<li>Pese ovi v\u00e4hint\u00e4\u00e4n kaksi kertaa vuodessa.<\/li>\n<li>\u00d6ljy\u00e4 viilupintainen ovi heti asennuksen j\u00e4lkeen ja t\u00e4m\u00e4n j\u00e4lkeen v\u00e4hint\u00e4\u00e4n kerran vuodessa, tarpeen vaatiessa useammin.<\/li>\n<li>Korvaa irronneet ja vaurioituneet tiivisteet uudella vastaavalla tiivisteell\u00e4.<\/li>\n<li>\u00d6ljy\u00e4 heloitus (saranat ja lukot) pesun yhteydess\u00e4.<\/li>\n<li>S\u00e4\u00e4d\u00e4 ovilehti tarvittaessa, <a style=\"font-size: inherit;\" href=\"https:\/\/youtu.be\/h8HbfPlKnoQ\" target=\"_blank\" rel=\"noopener\">katso video<\/a><\/li>\n<li>Pese maalatut tuotteet pyyhkim\u00e4ll\u00e4 ne kostealla rievulla. K\u00e4yt\u00e4 em\u00e4ksist\u00e4 pesuainetta.<\/li>\n<li>V\u00e4lt\u00e4 voimakkaiden liuottimien ja liian pesuaineen k\u00e4ytt\u00f6\u00e4. Ne voivat himment\u00e4\u00e4 maalipintoja.<\/li>\n<li>Jos k\u00e4yt\u00e4t homepesuliuoksia, varmista pesuaineen toimittajalta, tarvitseeko maalattu pinta uusintamaalauksen. Tietyt homepesuaineet saattavat poistaa maalista homesuoja-aineet.<\/li>\n<li>Alumiiniset ulkopinnat ovat l\u00e4hes huoltovapaat. S\u00e4\u00e4nn\u00f6llinen ja riitt\u00e4v\u00e4 pesu on kuitenkin v\u00e4ltt\u00e4m\u00e4t\u00f6n v\u00e4hint\u00e4\u00e4n kerran vuodessa. Puhdista karmien alalistoissa olevat vedenjuoksutusrei\u00e4t v\u00e4hint\u00e4\u00e4n kerran vuodessa.<\/li>\n<li>Tarkista puu- ja levyrakenteiden ulkopuolinen pintak\u00e4sittely vuosittain. Mik\u00e4li pinnoissa on kolhuja tai s\u00e4r\u00f6j\u00e4, on ne syyt\u00e4 korjata v\u00e4litt\u00f6m\u00e4sti.<\/li>\n<\/ul>\n\t<\/div>\n\n\n\n\n<a href=\"https:\/\/skaala.omaverkkokauppa.fi\/\" id=\"button-block-block_d24efe59b17f5f74a6884fb8bb0e8b64\" class=\"button-block button\" target=\"_blank\" rel=\"noopener\">Osta lis\u00e4- ja varaosia verkkokaupastamme <\/a>\n\n\n\n\t\n\t<div id=\"heading-block-block_43bb7ca3f077856dc7b6c8a1d40be9b7\" class=\"heading-block\">\n\t\t<h2 ><span>Oven lasin hoito &#8211; v\u00e4lt\u00e4 hankaamista<\/span><\/h2>\t<\/div>\n\n\n\n<div id=\"text-block-block_1bb23e981214b4aa51b31d3d8f7147c3\" class=\"text-block\">\n\t\t\t<p>Oven lasiosien puhdistuksessa kannattaa k\u00e4ytt\u00e4\u00e4 mietoja puhdistusaineita ja v\u00e4ltt\u00e4\u00e4 hankaamista.<\/p>\n\t<\/div>\n\n\n\n\t\n\t<div id=\"heading-block-block_aa7970003de68dc76025dca240fa9f18\" class=\"heading-block\">\n\t\t<h3 ><span>N\u00e4in huollat ulko-oven lasipinnat:<\/span><\/h3>\t<\/div>\n\n\n\n<div id=\"text-block-block_6b759dfe648f2c1412c283bc3cf2f58f\" class=\"text-block\">\n\t\t\t<div class=\"fusion-text\">\n<ul>\n<li>K\u00e4yt\u00e4 mietoja pesuaineita.<\/li>\n<li>Vaikeat tahrat, jotka eiv\u00e4t l\u00e4hde normaaleilla pesuaineilla, kannattaa poistaa varovasti lasikaapimella.<\/li>\n<li>Liiman, maalin tai vastaavan lian poistamiseen kannattaa k\u00e4ytt\u00e4\u00e4 ksyleeni\u00e4, jota myyd\u00e4\u00e4n esimerkiksi maalikaupoissa ja hyvin varustelluissa tavarataloissa. My\u00f6s asetoni, esimerkiksi kynsilakanpoistoaine, irrottaa maalia tehokkaasti.<\/li>\n<li>\u00c4l\u00e4 pese puu- ja alumiiniosien maalipintoja voimakkailla aineilla. Lasia puhdistettaessa on varottava esimerkiksi ksyleenin tai asetonin valumista maalipinnoille.<\/li>\n<li>Liuottimien k\u00e4yt\u00f6n j\u00e4lkeen on ikkuna pest\u00e4v\u00e4 uudelleen miedolla pesuaineella ja vedell\u00e4.<\/li>\n<li>Lasin pinnalle rakennusvaiheessa kiinnittynyt tasoitemateriaali\/betoni on puhdistettava viipym\u00e4tt\u00e4. Puhdistus tulee tehd\u00e4 aina runsaalla vedell\u00e4, miedolla em\u00e4ksisell\u00e4 pesuaineliuoksella tai ksyleenill\u00e4 liottamalla.<\/li>\n<li>\u00c4l\u00e4 hankaa tai yrit\u00e4 irrottaa likaa kuivana.<\/li>\n<\/ul>\n<\/div>\n\t<\/div>\n\n\n\n\t\n\t<div id=\"heading-block-block_f082de5b9c327033306ae6a660d27e4b\" class=\"heading-block\">\n\t\t<h4 ><span>Pinnoitetun lasin hoitamisessa ja puhdistamisessa huomioitavaa <\/span><\/h4>\t<\/div>\n\n\n\n<div id=\"text-block-block_510dfd64f314872f0015f111ebd0bb04\" class=\"text-block\">\n\t\t\t<p>Pinnoitetulla lasilla tarkoitetaan itsepuhdistuvaa Activ-lasia, K-lasia (selektiivi) ja FrostFree-lasia.<\/p>\n<ul>\n<li>V\u00e4lt\u00e4 kovapintaisia puhdistusv\u00e4lineit\u00e4, kuten esimerkiksi kaapimia tai ter\u00e4svillaa. Kaikenlainen lasin mekaaninen hankaaminen voi johtaa korjaamattomaan pinnan vaurioitumiseen.<\/li>\n<li>V\u00e4lt\u00e4 kaikkea kontaktia lasin ja metalliesineiden v\u00e4lill\u00e4.<\/li>\n<li>V\u00e4lt\u00e4 kaikkien sellaisten kemikaalien k\u00e4ytt\u00f6\u00e4, jotka voivat aiheuttaa pinnoitteelle pysyvi\u00e4 vaurioita.<\/li>\n<li>Voimakkaasti happamien tai em\u00e4ksisien aineiden k\u00e4ytt\u00f6 on kielletty.<\/li>\n<li>\u00c4l\u00e4 pese lasia silloin, kun se on suorassa auringons\u00e4teilyss\u00e4.<\/li>\n<\/ul>\n\t<\/div>\n\n<\/div><\/div>\n\n\n\n<div class=\"wp-block-custom-content-area custom-wrapper alignleft has-light-blue-background-color\"><div class=\"outer-wrap\">\t\n\t<div id=\"heading-block-block_f492caa4a551962eebe3e4e1d1be9d88\" class=\"heading-block\">\n\t\t<h4 ><span>Lataa huolto-ohjeemme t\u00e4\u00e4lt\u00e4 <\/span><\/h4>\t<\/div>\n\n\n<div id=\"file-block-block_da82c3296776752fe958f9a54229035e\" class=\"file-block\">\n\t<div class=\"grid-container\">\n\t\t\t\t\t<div class=\"files\">\n\t\t\t\t\t\t\t\t<div class=\"file\">\n\t\t\t\t\t\t<a href=\"https:\/\/www.skaala.com\/wp-content\/uploads\/2024\/05\/Skaala-kayttoohjekirja-2024-04-www.pdf\" target=\"_blank\" aria-label=\"Avaa tiedosto: K\u00e4ytt\u00f6-, asennus- ja huolto-ohjeet\" class=\"button\">K\u00e4ytt\u00f6-, asennus- ja huolto-ohjeet<\/a>\n\t\t\t\t\t<\/div>\n\n\t\t\t\t\t\t\t<\/div>\n\t\t\t<\/div>\n<\/div>\n\n\n\n\t\n\t<div id=\"heading-block-block_e21d6dcd8c95b74046ffa7f7ee40a978\" class=\"heading-block\">\n\t\t<h2 ><span>Apua Skaalan huoltopalvelusta <\/span><\/h2>\t<\/div>\n\n\n\n<div id=\"text-block-block_f51d18fae8be0dfdf2b912fbc6c73689\" class=\"text-block\">\n\t\t\t<p class=\"Leipis\">Skaalan <a href=\"https:\/\/www.skaala.com\/fi\/palvelut\/huoltopalvelu\/\" target=\"_blank\" rel=\"noopener\">huoltopalvelun<\/a> kautta saat apua kaikkien tuotteidemme huollossa ja korjauksessa, ymp\u00e4ri Suomen. Teemme muun muassa m\u00e4\u00e4r\u00e4aikaishuoltoja, osien vaihtoja ja korjauksia. <a href=\"https:\/\/skaala.omaverkkokauppa.fi\/\" target=\"_blank\" rel=\"noopener\">Verkkokaupastamme<\/a> l\u00f6yd\u00e4t varaosia, kuten tiivisteit\u00e4 ja heloja, vaurioituneiden tuotteiden tilalle.<\/p>\n<p class=\"Leipis\"><a href=\"https:\/\/www.skaala.com\/fi\/palvelut\/huoltopalvelu\/\" target=\"_blank\" rel=\"noopener\"><b>Lue lis\u00e4\u00e4 Skaalan huoltopalvelusta<\/b><\/a><\/p>\n\t<\/div>\n\n<\/div><\/div>\n\n\n<div class=\"featured-items-block block\">\n\t<div class=\"featured-item\">\n\t\t<div class=\"content-half has-dark-gray-background-color\">\n\t\t\t<div class=\"featured-item--content grid-item\">\n\t\t\t\t\t\t<a class=\"button button-large\" href=\"https:\/\/www.skaala.com\/fi\/ota-yhteytta\/yhteystiedot\/\">Yhteystiedot &#8211; Etsitk\u00f6 myyj\u00e4\u00e4 alueellasi tai oikeaa yhteyshenkil\u00f6\u00e4 toimistolta?\u00a0<\/a>\n\t\t\t\t\t\t<\/div>\n\t\t<\/div>\n\t\t\t\t<div class=\"featured-item--image grid-item\"\n\t\t\t\t\tdata-interchange=\"\n\t\t\t\t\t[https:\/\/www.skaala.com\/wp-content\/uploads\/2023\/08\/Olohuoneenautoikkunat-1024x1536.jpg, small], \n\t\t\t\t\t[https:\/\/www.skaala.com\/wp-content\/uploads\/2023\/08\/Olohuoneenautoikkunat-1024x1536.jpg, medium], \n\t\t\t\t\t[https:\/\/www.skaala.com\/wp-content\/uploads\/2023\/08\/Olohuoneenautoikkunat-1200x1800.jpg, large], \n\t\t\t\t\t[https:\/\/www.skaala.com\/wp-content\/uploads\/2023\/08\/Olohuoneenautoikkunat-1024x1536.jpg, xlarge]\"\n\t\t\t\t\t>\n\t\t<\/div>\n\t\t\t<\/div>\n\t\t<div class=\"featured-item\">\n\t\t<div class=\"content-half has-dark-gray-background-color\">\n\t\t\t<div class=\"featured-item--content grid-item\">\n\t\t\t\t\t\t<a class=\"button button-large\" href=\"https:\/\/www.skaala.com\/fi\/ovet\/ovien-varustelu-ja-ominaisuudet\/\">Ovien varustelu ja ominaisuudet<\/a>\n\t\t\t\t\t\t<\/div>\n\t\t<\/div>\n\t\t\t\t<div class=\"featured-item--image grid-item\"\n\t\t\t\t\tdata-interchange=\"\n\t\t\t\t\t[https:\/\/www.skaala.com\/wp-content\/uploads\/2023\/05\/Skaalaautolasiovi-1024x683.jpg, small], \n\t\t\t\t\t[https:\/\/www.skaala.com\/wp-content\/uploads\/2023\/05\/Skaalaautolasiovi-1024x683.jpg, medium], \n\t\t\t\t\t[https:\/\/www.skaala.com\/wp-content\/uploads\/2023\/05\/Skaalaautolasiovi-1200x800.jpg, large], \n\t\t\t\t\t[https:\/\/www.skaala.com\/wp-content\/uploads\/2023\/05\/Skaalaautolasiovi-1536x1024.jpg, xlarge]\"\n\t\t\t\t\t>\n\t\t<\/div>\n\t\t\t<\/div>\n\t\t<div class=\"featured-item\">\n\t\t<div class=\"content-half has-dark-gray-background-color\">\n\t\t\t<div class=\"featured-item--content grid-item\">\n\t\t\t\t\t\t<a class=\"button button-large\" href=\"https:\/\/www.skaala.com\/fi\/ovet\/liukuovet\/liukuovien-hoito-ja-huolto\/\">Liukuovien hoito ja huolto<\/a>\n\t\t\t\t\t\t<\/div>\n\t\t<\/div>\n\t\t\t\t<div class=\"featured-item--image grid-item\"\n\t\t\t\t\tdata-interchange=\"\n\t\t\t\t\t[https:\/\/www.skaala.com\/wp-content\/uploads\/2023\/05\/skaalaauto08-1024x683.jpg, small], \n\t\t\t\t\t[https:\/\/www.skaala.com\/wp-content\/uploads\/2023\/05\/skaalaauto08-1024x683.jpg, medium], \n\t\t\t\t\t[https:\/\/www.skaala.com\/wp-content\/uploads\/2023\/05\/skaalaauto08-1200x800.jpg, large], \n\t\t\t\t\t[https:\/\/www.skaala.com\/wp-content\/uploads\/2023\/05\/skaalaauto08-1536x1024.jpg, xlarge]\"\n\t\t\t\t\t>\n\t\t<\/div>\n\t\t\t<\/div>\n\t<\/div>\n","protected":false},"excerpt":{"rendered":"","protected":false},"author":5,"featured_media":3022,"parent":137,"menu_order":0,"comment_status":"closed","ping_status":"closed","template":"","meta":{"_acf_changed":false,"inline_featured_image":false,"footnotes":""},"class_list":["post-2384","page","type-page","status-publish","has-post-thumbnail","hentry"],"acf":[],"_links":{"self":[{"href":"https:\/\/www.skaala.com\/fi\/wp-json\/wp\/v2\/pages\/2384","targetHints":{"allow":["GET"]}}],"collection":[{"href":"https:\/\/www.skaala.com\/fi\/wp-json\/wp\/v2\/pages"}],"about":[{"href":"https:\/\/www.skaala.com\/fi\/wp-json\/wp\/v2\/types\/page"}],"author":[{"embeddable":true,"href":"https:\/\/www.skaala.com\/fi\/wp-json\/wp\/v2\/users\/5"}],"replies":[{"embeddable":true,"href":"https:\/\/www.skaala.com\/fi\/wp-json\/wp\/v2\/comments?post=2384"}],"version-history":[{"count":29,"href":"https:\/\/www.skaala.com\/fi\/wp-json\/wp\/v2\/pages\/2384\/revisions"}],"predecessor-version":[{"id":24457,"href":"https:\/\/www.skaala.com\/fi\/wp-json\/wp\/v2\/pages\/2384\/revisions\/24457"}],"up":[{"embeddable":true,"href":"https:\/\/www.skaala.com\/fi\/wp-json\/wp\/v2\/pages\/137"}],"wp:featuredmedia":[{"embeddable":true,"href":"https:\/\/www.skaala.com\/fi\/wp-json\/wp\/v2\/media\/3022"}],"wp:attachment":[{"href":"https:\/\/www.skaala.com\/fi\/wp-json\/wp\/v2\/media?parent=2384"}],"curies":[{"name":"wp","href":"https:\/\/api.w.org\/{rel}","templated":true}]}}