{"id":23881,"date":"2025-03-07T08:02:56","date_gmt":"2025-03-07T06:02:56","guid":{"rendered":"https:\/\/www.skaala.com\/?page_id=23881"},"modified":"2025-10-15T09:28:18","modified_gmt":"2025-10-15T06:28:18","slug":"vastuullisuus-skaalalla","status":"publish","type":"page","link":"https:\/\/www.skaala.com\/fi\/vastuullisuus-skaalalla\/","title":{"rendered":"Skaalan vastuullisuusohjelma"},"content":{"rendered":"\n\t<header class=\"featured-hero custom\" role=\"banner\" data-interchange=\"\n\t\t[https:\/\/www.skaala.com\/wp-content\/uploads\/2025\/05\/Skaalan-vastuullisuusohjelma-1280x400.jpg, small],\n\t\t[https:\/\/www.skaala.com\/wp-content\/uploads\/2025\/05\/Skaalan-vastuullisuusohjelma-1280x400.jpg,medium],\n\t\t[https:\/\/www.skaala.com\/wp-content\/uploads\/2025\/05\/Skaalan-vastuullisuusohjelma-1440x400.jpg, large],\n\t\t[https:\/\/www.skaala.com\/wp-content\/uploads\/2025\/05\/Skaalan-vastuullisuusohjelma-1920x400.jpg, xlarge]\">\n\t\t\t<h1>Vastuullisuusohjelma<\/h1>\n\t<\/header>\n\t\n\n\n<div class=\"wp-block-custom-content-area custom-wrapper aligncenter has-light-blue-background-color\"><div class=\"outer-wrap\">\t\n\t<div id=\"heading-block-block_7799c6273e4f93196458461b24f1f35c\" class=\"heading-block\">\n\t\t<h2 ><span>Kirkkaasti kest\u00e4v\u00e4\u00e4n tulevaisuuteen<\/span><\/h2>\t<\/div>\n\n\n\n<div id=\"text-block-block_ff81488886044444f3e72364739892fc\" class=\"text-block\">\n\t\t\t<p>Pohjoisen luonnon lis\u00e4ksi me Skaalalla kunnioitamme ihmisarvoista ty\u00f6t\u00e4, hyvinvointia, kest\u00e4v\u00e4\u00e4 talouskasvua sek\u00e4 innovaatioita. Tutustu Skaalan Kirkkaasti kest\u00e4v\u00e4\u00e4n tulevaisuuteen -vastuullisuusohjelmaan.<\/p>\n\t<\/div>\n\n<\/div><\/div>\n\n\n\n\n<div id=\"text-image-block_c1177caec4e7827f4208eef771735445\" class=\"text-image-block\">\n\t<div class=\"text-image-wrapper\">\n\t\t<div class=\"grid-order-2 image-wrapper\" >\n\t\t\t<img decoding=\"async\" width=\"2000\" height=\"1336\" src=\"https:\/\/www.skaala.com\/wp-content\/uploads\/2025\/04\/Toihin-Skaalalle.jpg\" class=\"\" alt=\"\" srcset=\"https:\/\/www.skaala.com\/wp-content\/uploads\/2025\/04\/Toihin-Skaalalle.jpg 2000w, https:\/\/www.skaala.com\/wp-content\/uploads\/2025\/04\/Toihin-Skaalalle-300x200.jpg 300w, https:\/\/www.skaala.com\/wp-content\/uploads\/2025\/04\/Toihin-Skaalalle-1024x684.jpg 1024w, https:\/\/www.skaala.com\/wp-content\/uploads\/2025\/04\/Toihin-Skaalalle-768x513.jpg 768w, https:\/\/www.skaala.com\/wp-content\/uploads\/2025\/04\/Toihin-Skaalalle-101x67.jpg 101w, https:\/\/www.skaala.com\/wp-content\/uploads\/2025\/04\/Toihin-Skaalalle-1536x1026.jpg 1536w, https:\/\/www.skaala.com\/wp-content\/uploads\/2025\/04\/Toihin-Skaalalle-640x428.jpg 640w, https:\/\/www.skaala.com\/wp-content\/uploads\/2025\/04\/Toihin-Skaalalle-1200x802.jpg 1200w, https:\/\/www.skaala.com\/wp-content\/uploads\/2025\/04\/Toihin-Skaalalle-1920x1283.jpg 1920w\" sizes=\"(max-width: 639px) 98vw, (max-width: 1199px) 64vw, 770px\" \/>\t\t<\/div>\n\t\t<div class=\"text-wrapper  grid-order-1  \">\n\t\t\t\t\t\t\t<h2>Vastuullisuus ei ole meille uusi projekti, vaan jatkuva toimintatapa<\/h2>\n\t\t\t\t\t\t\t\t\t\t<div><p style=\"margin-top: 22px\">Vastuullisuusohjelmamme tekee n\u00e4kyv\u00e4ksi sen, miten me arjessamme edist\u00e4mme kest\u00e4vi\u00e4 liiketoimintatapoja. Vastuullisuus ei ole meille uutta, mutta Kirkkaasti kest\u00e4v\u00e4\u00e4n tulevaisuuteen -ohjelman my\u00f6t\u00e4 sit\u00e4 edist\u00e4v\u00e4t toimenpiteet ovat entist\u00e4 mitattavampia ja selke\u00e4mpi\u00e4. Ohjelmamme huomioi my\u00f6s CSRD-direktiivin kiristyv\u00e4t raportointivaatimukset.<\/p>\n<\/div>\n\t\t\t\t\t\t\t\t<\/div>\n\t<\/div>\n\n<\/div>\n\n\n\n\n\n<div class=\"wp-block-custom-content-area custom-wrapper aligncenter has-dark-gray-background-color\"><div class=\"outer-wrap\">\n<div id=\"text-block-block_3ef4d05875f0843611ccab992819b5ce\" class=\"text-block\">\n\t\t\t<blockquote style=\"border-left: 2px solid #FF1700;\">\n<p style=\"font-size: 1.5rem; text-align: left;\"><span class=\"TextRun SCXW5822127 BCX0\" lang=\"FI-FI\" xml:lang=\"FI-FI\" data-contrast=\"auto\"><span class=\"NormalTextRun CommentHighlightClickedRefresh SCXW5822127 BCX0\">Vastuullisuusohjelmamme perustuu YK:n kest\u00e4v\u00e4n kehityksen tavoitteisiin<\/span><span class=\"NormalTextRun CommentHighlightClickedRefresh SCXW5822127 BCX0\">, <\/span><span class=\"NormalTextRun CommentHighlightClickedRefresh SCXW5822127 BCX0\">ja<\/span><span class=\"NormalTextRun CommentHighlightClickedRefresh SCXW5822127 BCX0\"> pilkkoo <\/span><span class=\"NormalTextRun CommentHighlightClickedRefresh SCXW5822127 BCX0\">ne <\/span><span class=\"NormalTextRun CommentHighlightClickedRefresh SCXW5822127 BCX0\">Skaalan <\/span><span class=\"NormalTextRun CommentHighlightClickedRefresh SCXW5822127 BCX0\">arkeen sopiviksi, mitattaviksi <\/span><span class=\"NormalTextRun CommentHighlightClickedRefresh SCXW5822127 BCX0\">toimenpiteiksi.<\/span><\/span><span class=\"EOP CommentHighlightPipeClickedRefresh SCXW5822127 BCX0\" data-ccp-props=\"{&quot;335551550&quot;:2,&quot;335551620&quot;:2}\">\u00a0<\/span><\/p>\n<\/blockquote>\n\t<\/div>\n\n<\/div><\/div>\n\n\n\n<div class=\"wp-block-custom-content-area custom-wrapper alignleft has-light-blue-background-color\"><div class=\"outer-wrap\">\t\n\t<div id=\"heading-block-block_b5697af1d8402ca12740f40f9321716a\" class=\"heading-block\">\n\t\t<h2 ><span>YK:n kest\u00e4v\u00e4n kehityksen tavoitteet<\/span><\/h2>\t<\/div>\n\n\n\n<div id=\"text-block-block_26408afc561df9ed6f4e158e0f903b06\" class=\"text-block\">\n\t\t\t<p><span data-contrast=\"auto\">Vastuullisuusohjelmamme perustuu YK:n kest\u00e4v\u00e4n kehityksen tavoitteisiin, jotka t\u00e4ht\u00e4\u00e4v\u00e4t maailmanlaajuisesti parempaan ja kest\u00e4v\u00e4mp\u00e4\u00e4n tulevaisuuteen. Niist\u00e4 olemme valinneet kolme t\u00e4rke\u00e4\u00e4 tavoitetta, joihin keskittym\u00e4ll\u00e4 sitoudumme kehitt\u00e4m\u00e4\u00e4n liiketoimintatapojamme.<\/span><span data-ccp-props=\"{}\">\u00a0<\/span><\/p>\n<p><b><span data-contrast=\"auto\">YK:n kest\u00e4v\u00e4n kehityksen tavoitteet, joihin me Skaalalla olemme sitoutuneet<\/span><\/b><span data-ccp-props=\"{}\">\u00a0<\/span><\/p>\n<ul>\n<li data-leveltext=\"-\" data-font=\"Aptos\" data-listid=\"5\" data-list-defn-props=\"{&quot;335551671&quot;:0,&quot;335552541&quot;:1,&quot;335559685&quot;:720,&quot;335559991&quot;:360,&quot;469769226&quot;:&quot;Aptos&quot;,&quot;469769242&quot;:[8226],&quot;469777803&quot;:&quot;left&quot;,&quot;469777804&quot;:&quot;-&quot;,&quot;469777815&quot;:&quot;multilevel&quot;}\" aria-setsize=\"-1\" data-aria-posinset=\"0\" data-aria-level=\"1\"><span data-contrast=\"auto\">Terveytt\u00e4 ja hyvinvointia<\/span><span data-ccp-props=\"{&quot;335559739&quot;:0}\">\u00a0<\/span><\/li>\n<\/ul>\n<ul>\n<li data-leveltext=\"-\" data-font=\"Aptos\" data-listid=\"5\" data-list-defn-props=\"{&quot;335551671&quot;:0,&quot;335552541&quot;:1,&quot;335559685&quot;:720,&quot;335559991&quot;:360,&quot;469769226&quot;:&quot;Aptos&quot;,&quot;469769242&quot;:[8226],&quot;469777803&quot;:&quot;left&quot;,&quot;469777804&quot;:&quot;-&quot;,&quot;469777815&quot;:&quot;multilevel&quot;}\" aria-setsize=\"-1\" data-aria-posinset=\"1\" data-aria-level=\"1\"><span data-contrast=\"auto\">Ihmisarvoista ty\u00f6t\u00e4 ja talouskasvua<\/span><span data-ccp-props=\"{&quot;335559739&quot;:0}\">\u00a0<\/span><\/li>\n<\/ul>\n<ul>\n<li data-leveltext=\"-\" data-font=\"Aptos\" data-listid=\"5\" data-list-defn-props=\"{&quot;335551671&quot;:0,&quot;335552541&quot;:1,&quot;335559685&quot;:720,&quot;335559991&quot;:360,&quot;469769226&quot;:&quot;Aptos&quot;,&quot;469769242&quot;:[8226],&quot;469777803&quot;:&quot;left&quot;,&quot;469777804&quot;:&quot;-&quot;,&quot;469777815&quot;:&quot;multilevel&quot;}\" aria-setsize=\"-1\" data-aria-posinset=\"2\" data-aria-level=\"1\"><span data-contrast=\"auto\">Kest\u00e4v\u00e4\u00e4 teollisuutta, innovaatioita ja infrastruktuureja<\/span><span data-ccp-props=\"{}\">\u00a0<\/span><\/li>\n<\/ul>\n<p><span data-contrast=\"auto\">N\u00e4ihin kolmeen tavoitteeseen keskittym\u00e4ll\u00e4 varmistamme, ett\u00e4 yrityksemme saa aikaan konkreettisia, kest\u00e4v\u00e4n kehityksen mukaisia muutoksia.\u00a0<\/span><span data-ccp-props=\"{}\">\u00a0<\/span><\/p>\n\t<\/div>\n\n<\/div><\/div>\n\n\n\n<div class=\"wp-block-custom-divider-image has-none-overlay divider-image-medium has-background-image\" style=\"background-image:url(https:\/\/www.skaala.com\/wp-content\/uploads\/2023\/08\/Rantasaunanautolasiliukuovi.jpg)\"><\/div>\n\n\n\n<div class=\"wp-block-custom-content-area custom-wrapper alignleft has-light-blue-background-color\"><div class=\"outer-wrap\">\t\n\t<div id=\"heading-block-block_dce9752eaf1835c7c570409115689caf\" class=\"heading-block\">\n\t\t<h2 ><span>Skaalan vastuullisuusohjelman teemat <\/span><\/h2>\t<\/div>\n\n\n\n<div id=\"text-block-block_a7ed6a59e72f294258de4fe046642c6d\" class=\"text-block\">\n\t\t\t<p><span data-contrast=\"auto\">Terveytt\u00e4, hyvinvointia, ihmisarvoista ty\u00f6t\u00e4 ja talouskasvua, sek\u00e4 kest\u00e4v\u00e4\u00e4 teollisuutta, innovaatioita ja infrastruktuureja edist\u00e4v\u00e4 vastuullisuusohjelmamme jaetaan viiteen k\u00e4yt\u00e4nn\u00f6n teemaan.\u00a0<\/span><span data-ccp-props=\"{}\">\u00a0<\/span><\/p>\n<p><b><span data-contrast=\"auto\">Kirkkaasti kest\u00e4v\u00e4\u00e4n tulevaisuuteen -teemat:<\/span><\/b><span data-ccp-props=\"{}\">\u00a0<\/span><\/p>\n<ul>\n<li data-leveltext=\"-\" data-font=\"Aptos\" data-listid=\"6\" data-list-defn-props=\"{&quot;335551671&quot;:0,&quot;335552541&quot;:1,&quot;335559685&quot;:720,&quot;335559991&quot;:360,&quot;469769226&quot;:&quot;Aptos&quot;,&quot;469769242&quot;:[8226],&quot;469777803&quot;:&quot;left&quot;,&quot;469777804&quot;:&quot;-&quot;,&quot;469777815&quot;:&quot;multilevel&quot;}\" aria-setsize=\"-1\" data-aria-posinset=\"0\" data-aria-level=\"1\"><span data-contrast=\"auto\">Ymp\u00e4rist\u00f6: ilmastovastuu, pohjaveden suojelu ja j\u00e4tteiden kierr\u00e4tysasteen nostaminen<\/span><span data-ccp-props=\"{&quot;335559739&quot;:0}\">\u00a0<\/span><\/li>\n<\/ul>\n<ul>\n<li data-leveltext=\"-\" data-font=\"Aptos\" data-listid=\"6\" data-list-defn-props=\"{&quot;335551671&quot;:0,&quot;335552541&quot;:1,&quot;335559685&quot;:720,&quot;335559991&quot;:360,&quot;469769226&quot;:&quot;Aptos&quot;,&quot;469769242&quot;:[8226],&quot;469777803&quot;:&quot;left&quot;,&quot;469777804&quot;:&quot;-&quot;,&quot;469777815&quot;:&quot;multilevel&quot;}\" aria-setsize=\"-1\" data-aria-posinset=\"1\" data-aria-level=\"1\"><span data-contrast=\"auto\">Turvallisuus: ty\u00f6-, tuote- ja materiaaliturvallisuuden kehitt\u00e4minen<\/span><span data-ccp-props=\"{&quot;335559739&quot;:0}\">\u00a0<\/span><\/li>\n<\/ul>\n<ul>\n<li data-leveltext=\"-\" data-font=\"Aptos\" data-listid=\"6\" data-list-defn-props=\"{&quot;335551671&quot;:0,&quot;335552541&quot;:1,&quot;335559685&quot;:720,&quot;335559991&quot;:360,&quot;469769226&quot;:&quot;Aptos&quot;,&quot;469769242&quot;:[8226],&quot;469777803&quot;:&quot;left&quot;,&quot;469777804&quot;:&quot;-&quot;,&quot;469777815&quot;:&quot;multilevel&quot;}\" aria-setsize=\"-1\" data-aria-posinset=\"2\" data-aria-level=\"1\"><span data-contrast=\"auto\">Vastuullinen liiketoiminta: eettisesti kest\u00e4v\u00e4 toimintaketju ja toiminnan jatkuvuus<\/span><span data-ccp-props=\"{&quot;335559739&quot;:0}\">\u00a0<\/span><\/li>\n<\/ul>\n<ul>\n<li data-leveltext=\"-\" data-font=\"Aptos\" data-listid=\"6\" data-list-defn-props=\"{&quot;335551671&quot;:0,&quot;335552541&quot;:1,&quot;335559685&quot;:720,&quot;335559991&quot;:360,&quot;469769226&quot;:&quot;Aptos&quot;,&quot;469769242&quot;:[8226],&quot;469777803&quot;:&quot;left&quot;,&quot;469777804&quot;:&quot;-&quot;,&quot;469777815&quot;:&quot;multilevel&quot;}\" aria-setsize=\"-1\" data-aria-posinset=\"3\" data-aria-level=\"1\"><span data-contrast=\"auto\">Henkil\u00f6st\u00f6: hyvinvoivan, osaavan ja sitoutuneen henkil\u00f6st\u00f6n varmistaminen\u00a0<\/span><span data-ccp-props=\"{&quot;335559739&quot;:0}\">\u00a0<\/span><\/li>\n<\/ul>\n<ul>\n<li data-leveltext=\"-\" data-font=\"Aptos\" data-listid=\"6\" data-list-defn-props=\"{&quot;335551671&quot;:0,&quot;335552541&quot;:1,&quot;335559685&quot;:720,&quot;335559991&quot;:360,&quot;469769226&quot;:&quot;Aptos&quot;,&quot;469769242&quot;:[8226],&quot;469777803&quot;:&quot;left&quot;,&quot;469777804&quot;:&quot;-&quot;,&quot;469777815&quot;:&quot;multilevel&quot;}\" aria-setsize=\"-1\" data-aria-posinset=\"4\" data-aria-level=\"1\"><span data-contrast=\"auto\">Tuotekehitys: asiakkaiden odotukset ylitt\u00e4vien ja entist\u00e4 energia- ja materiaalitehokkaampien tuotteiden kehitt\u00e4minen<\/span><span data-ccp-props=\"{}\">\u00a0<\/span><\/li>\n<\/ul>\n<p><span data-contrast=\"auto\">Jokaiselle teemalle olemme m\u00e4\u00e4ritt\u00e4neet tarkat toimenpiteet ja tavoitteet, joiden toteutumista seuraamme ja mittaamme systemaattisesti. Ty\u00f6skentelemme tavoitteiden eteen yhdess\u00e4 sopimassamme aikataulussa ja p\u00e4ivit\u00e4mme vastuullisuusohjelmaan uusia toimenpiteit\u00e4 jo valmistuneiden tilalle.<\/span><span data-ccp-props=\"{}\">\u00a0<\/span><\/p>\n\t<\/div>\n\n<\/div><\/div>\n\n\n\n<div class=\"wp-block-custom-content-area custom-wrapper aligncenter has-dark-gray-background-color\"><div class=\"outer-wrap\">\n<div id=\"text-block-block_65a202eecc422a731fecdf66724e7e68\" class=\"text-block\">\n\t\t\t<blockquote style=\"border-left: 2px solid #FF1700\">\n<p style=\"font-size: 1.5rem; text-align: left;\"><span class=\"TextRun SCXW53409951 BCX0\" lang=\"FI-FI\" xml:lang=\"FI-FI\" data-contrast=\"auto\"><span class=\"NormalTextRun SCXW53409951 BCX0\">Vastuullisuus ei ole meille uutta, mutta Kirkkaasti kest\u00e4v\u00e4\u00e4n tulevaisuuteen -ohjelman<\/span><\/span><span class=\"TextRun SCXW53409951 BCX0\" lang=\"FI-FI\" xml:lang=\"FI-FI\" data-contrast=\"auto\"><span class=\"NormalTextRun SCXW53409951 BCX0\"> my\u00f6t<\/span><\/span><span class=\"TextRun SCXW53409951 BCX0\" lang=\"FI-FI\" xml:lang=\"FI-FI\" data-contrast=\"auto\"><span class=\"NormalTextRun SCXW53409951 BCX0\">\u00e4<\/span><\/span><span class=\"TextRun SCXW53409951 BCX0\" lang=\"FI-FI\" xml:lang=\"FI-FI\" data-contrast=\"auto\"><span class=\"NormalTextRun SCXW53409951 BCX0\"> sit\u00e4 edist\u00e4v\u00e4t toimenpiteet ovat entist\u00e4 mitattavampia ja selke\u00e4mpi\u00e4.<\/span><\/span><\/p>\n<\/blockquote>\n\t<\/div>\n\n<\/div><\/div>\n\n\n\n<div class=\"wp-block-custom-content-area custom-wrapper alignleft has-light-blue-background-color\"><div class=\"outer-wrap\">\t\n\t<div id=\"heading-block-block_673c8948910c74079f68677a46f60ba6\" class=\"heading-block\">\n\t\t<h2 ><span>N\u00e4m\u00e4 vastuullisuustoimenpiteet ovat jo osa tavallista arkeamme <\/span><\/h2>\t<\/div>\n\n\n\n<div id=\"text-block-block_c37afb1a2e70c14328e150bd9e1853ce\" class=\"text-block\">\n\t\t\t<ul>\n<li data-leveltext=\"-\" data-font=\"Aptos\" data-listid=\"6\" data-list-defn-props=\"{&quot;335551671&quot;:0,&quot;335552541&quot;:1,&quot;335559685&quot;:720,&quot;335559991&quot;:360,&quot;469769226&quot;:&quot;Aptos&quot;,&quot;469769242&quot;:[8226],&quot;469777803&quot;:&quot;left&quot;,&quot;469777804&quot;:&quot;-&quot;,&quot;469777815&quot;:&quot;multilevel&quot;}\" aria-setsize=\"-1\" data-aria-posinset=\"5\" data-aria-level=\"1\"><span data-contrast=\"auto\">Kaikilla tuotteillamme on Avainlippu-merkki<\/span><span data-ccp-props=\"{}\">\u00a0<\/span><\/li>\n<\/ul>\n<ul>\n<li data-leveltext=\"-\" data-font=\"Aptos\" data-listid=\"6\" data-list-defn-props=\"{&quot;335551671&quot;:0,&quot;335552541&quot;:1,&quot;335559685&quot;:720,&quot;335559991&quot;:360,&quot;469769226&quot;:&quot;Aptos&quot;,&quot;469769242&quot;:[8226],&quot;469777803&quot;:&quot;left&quot;,&quot;469777804&quot;:&quot;-&quot;,&quot;469777815&quot;:&quot;multilevel&quot;}\" aria-setsize=\"-1\" data-aria-posinset=\"6\" data-aria-level=\"1\"><span data-contrast=\"auto\">K\u00e4yt\u00e4mme vastuullisesti kasvatettua PEFC-sertifioitua puuta<\/span><span data-ccp-props=\"{}\">\u00a0<\/span><\/li>\n<\/ul>\n<ul>\n<li data-leveltext=\"-\" data-font=\"Aptos\" data-listid=\"6\" data-list-defn-props=\"{&quot;335551671&quot;:0,&quot;335552541&quot;:1,&quot;335559685&quot;:720,&quot;335559991&quot;:360,&quot;469769226&quot;:&quot;Aptos&quot;,&quot;469769242&quot;:[8226],&quot;469777803&quot;:&quot;left&quot;,&quot;469777804&quot;:&quot;-&quot;,&quot;469777815&quot;:&quot;multilevel&quot;}\" aria-setsize=\"-1\" data-aria-posinset=\"7\" data-aria-level=\"1\"><span data-contrast=\"auto\">Tuotteemme on suunniteltu kest\u00e4m\u00e4\u00e4n pitk\u00e4\u00e4n ja parantamaan rakennusten energiatehokkuutta<\/span><span data-ccp-props=\"{}\">\u00a0<\/span><\/li>\n<\/ul>\n<ul>\n<li data-leveltext=\"-\" data-font=\"Aptos\" data-listid=\"6\" data-list-defn-props=\"{&quot;335551671&quot;:0,&quot;335552541&quot;:1,&quot;335559685&quot;:720,&quot;335559991&quot;:360,&quot;469769226&quot;:&quot;Aptos&quot;,&quot;469769242&quot;:[8226],&quot;469777803&quot;:&quot;left&quot;,&quot;469777804&quot;:&quot;-&quot;,&quot;469777815&quot;:&quot;multilevel&quot;}\" aria-setsize=\"-1\" data-aria-posinset=\"8\" data-aria-level=\"1\"><span data-contrast=\"auto\">Tuotteillamme on EPD-ymp\u00e4rist\u00f6tuoteselosteet, ja toimintamme perustuu sertifioituihin laatu- ja ymp\u00e4rist\u00f6j\u00e4rjestelmiin<\/span><span data-ccp-props=\"{}\">\u00a0<\/span><\/li>\n<\/ul>\n<ul>\n<li data-leveltext=\"-\" data-font=\"Aptos\" data-listid=\"6\" data-list-defn-props=\"{&quot;335551671&quot;:0,&quot;335552541&quot;:1,&quot;335559685&quot;:720,&quot;335559991&quot;:360,&quot;469769226&quot;:&quot;Aptos&quot;,&quot;469769242&quot;:[8226],&quot;469777803&quot;:&quot;left&quot;,&quot;469777804&quot;:&quot;-&quot;,&quot;469777815&quot;:&quot;multilevel&quot;}\" aria-setsize=\"-1\" data-aria-posinset=\"9\" data-aria-level=\"1\"><span data-contrast=\"auto\">Vaalimme pitk\u00e4aikaisia asiakas- ja kumppanuussuhteita, suosimme paikallisia alihankkijoita ja edellyt\u00e4mme yhteisty\u00f6kumppaneiltamme vastuullisia toimintatapoja.<\/span><span data-ccp-props=\"{}\">\u00a0<\/span><\/li>\n<\/ul>\n\t<\/div>\n\n\n\n\n<a href=\"https:\/\/www.skaala.com\/fi\/kestavakehitys-skaala\/\" \nid=\"button-block-block_fe00faa3b67c659f723cfed72e63d1a8\" \nclass=\"button-block button\"\ntarget=\"\"\n>Lue lis\u00e4\u00e4 vastuullisuusratkaisuistamme<\/a>\n\n\n\n\n<div id=\"image-block_4cea9a9a7f502851a3e3fee203f1b671\" class=\"image-block\">\n\t\t\t\t<div class=\"image-container\" style=\"width: px; height: \n\t\tauto;\">\n\t\t\t<img decoding=\"async\" src=\"https:\/\/www.skaala.com\/wp-content\/uploads\/2025\/03\/vastuullisuuslogot-2025-scaled.jpg\" alt=\"Skaala on vastuullinen ikkunavalmistaja\">\n\t\t<\/div>\n\t \n\n\t<\/div>\n\n<\/div><\/div>\n","protected":false},"excerpt":{"rendered":"","protected":false},"author":5,"featured_media":21284,"parent":0,"menu_order":0,"comment_status":"closed","ping_status":"closed","template":"","meta":{"_acf_changed":false,"inline_featured_image":false,"footnotes":""},"class_list":["post-23881","page","type-page","status-publish","has-post-thumbnail","hentry"],"acf":[],"_links":{"self":[{"href":"https:\/\/www.skaala.com\/fi\/wp-json\/wp\/v2\/pages\/23881","targetHints":{"allow":["GET"]}}],"collection":[{"href":"https:\/\/www.skaala.com\/fi\/wp-json\/wp\/v2\/pages"}],"about":[{"href":"https:\/\/www.skaala.com\/fi\/wp-json\/wp\/v2\/types\/page"}],"author":[{"embeddable":true,"href":"https:\/\/www.skaala.com\/fi\/wp-json\/wp\/v2\/users\/5"}],"replies":[{"embeddable":true,"href":"https:\/\/www.skaala.com\/fi\/wp-json\/wp\/v2\/comments?post=23881"}],"version-history":[{"count":10,"href":"https:\/\/www.skaala.com\/fi\/wp-json\/wp\/v2\/pages\/23881\/revisions"}],"predecessor-version":[{"id":25977,"href":"https:\/\/www.skaala.com\/fi\/wp-json\/wp\/v2\/pages\/23881\/revisions\/25977"}],"wp:featuredmedia":[{"embeddable":true,"href":"https:\/\/www.skaala.com\/fi\/wp-json\/wp\/v2\/media\/21284"}],"wp:attachment":[{"href":"https:\/\/www.skaala.com\/fi\/wp-json\/wp\/v2\/media?parent=23881"}],"curies":[{"name":"wp","href":"https:\/\/api.w.org\/{rel}","templated":true}]}}